{"id":9633,"date":"2025-12-04T13:31:18","date_gmt":"2025-12-04T12:31:18","guid":{"rendered":"https:\/\/ds4mmed.uv.es\/?page_id=9633"},"modified":"2025-12-17T15:26:11","modified_gmt":"2025-12-17T14:26:11","slug":"el-ds4m-mediterraneo-presente-en-el-observatory-logistic-de-logistica-de-emergencia","status":"publish","type":"page","link":"https:\/\/ds4mmed.uv.es\/index.php\/es\/el-ds4m-mediterraneo-presente-en-el-observatory-logistic-de-logistica-de-emergencia\/","title":{"rendered":"Noticia 31 &#8211; El DS4M Mediterr\u00e1neo presente en el Observatory Logistic de Log\u00edstica de Emergencia"},"content":{"rendered":"\t\t<div data-elementor-type=\"wp-page\" data-elementor-id=\"9633\" class=\"elementor elementor-9633\">\n\t\t\t\t<div class=\"elementor-element elementor-element-6c62525 e-flex e-con-boxed e-con e-child\" data-id=\"6c62525\" data-element_type=\"container\" data-e-type=\"container\" data-settings=\"{&quot;background_background&quot;:&quot;classic&quot;}\">\n\t\t\t\t\t<div class=\"e-con-inner\">\n\t\t<div class=\"elementor-element elementor-element-6debc5d e-con-full e-flex e-con e-child\" data-id=\"6debc5d\" data-element_type=\"container\" data-e-type=\"container\">\n\t\t<div class=\"elementor-element elementor-element-3b5bf26 e-con-full e-flex elementor-invisible e-con e-child\" data-id=\"3b5bf26\" data-element_type=\"container\" data-e-type=\"container\" data-settings=\"{&quot;animation&quot;:&quot;fadeInLeft&quot;}\">\n\t\t\t\t<div class=\"elementor-element elementor-element-da9e6f3 elementor-widget elementor-widget-heading\" data-id=\"da9e6f3\" data-element_type=\"widget\" data-e-type=\"widget\" data-widget_type=\"heading.default\">\n\t\t\t\t\t<h1 class=\"elementor-heading-title elementor-size-default\"><span data-teams=\"true\">El DS4M Mediterr\u00e1neo presente en el <span style=\"font-size: inherit\">Observatory Logistic de Log\u00edstica de Emergencia<\/span><\/span><\/h1>\t\t\t\t<\/div>\n\t\t\t\t<div class=\"elementor-element elementor-element-e2a4a87 elementor-icon-list--layout-inline elementor-align-center elementor-list-item-link-full_width elementor-widget elementor-widget-icon-list\" data-id=\"e2a4a87\" data-element_type=\"widget\" data-e-type=\"widget\" data-widget_type=\"icon-list.default\">\n\t\t\t\t\t\t\t<ul class=\"elementor-icon-list-items elementor-inline-items\">\n\t\t\t\t\t\t\t<li class=\"elementor-icon-list-item elementor-inline-item\">\n\t\t\t\t\t\t\t\t\t\t<span class=\"elementor-icon-list-text\">Publicado el 26 de noviembre de 2025<\/span>\n\t\t\t\t\t\t\t\t\t<\/li>\n\t\t\t\t\t\t<\/ul>\n\t\t\t\t\t\t<\/div>\n\t\t\t\t<\/div>\n\t\t\t\t<div class=\"elementor-element elementor-element-89ea136 elementor-invisible elementor-widget elementor-widget-image\" data-id=\"89ea136\" data-element_type=\"widget\" data-e-type=\"widget\" data-settings=\"{&quot;_animation&quot;:&quot;fadeInRight&quot;}\" data-widget_type=\"image.default\">\n\t\t\t\t\t\t\t\t\t\t\t\t\t\t\t<img fetchpriority=\"high\" decoding=\"async\" width=\"621\" height=\"465\" src=\"https:\/\/ds4mmed.uv.es\/wp-content\/uploads\/2025\/12\/foto-noticia-31-1.png\" class=\"attachment-full size-full wp-image-9639\" alt=\"\" srcset=\"https:\/\/ds4mmed.uv.es\/wp-content\/uploads\/2025\/12\/foto-noticia-31-1.png 621w, https:\/\/ds4mmed.uv.es\/wp-content\/uploads\/2025\/12\/foto-noticia-31-1-300x225.png 300w\" sizes=\"(max-width: 621px) 100vw, 621px\" \/>\t\t\t\t\t\t\t\t\t\t\t\t\t\t\t<\/div>\n\t\t\t\t<\/div>\n\t\t<div class=\"elementor-element elementor-element-aac12f8 e-con-full e-flex elementor-invisible e-con e-child\" data-id=\"aac12f8\" data-element_type=\"container\" data-e-type=\"container\" data-settings=\"{&quot;animation&quot;:&quot;fadeInUp&quot;}\">\n\t\t\t\t<div class=\"elementor-element elementor-element-0c8df65 elementor-widget__width-initial elementor-widget-mobile__width-inherit elementor-widget-tablet__width-inherit elementor-widget elementor-widget-text-editor\" data-id=\"0c8df65\" data-element_type=\"widget\" data-e-type=\"widget\" data-widget_type=\"text-editor.default\">\n\t\t\t\t\t\t\t\t\t<div class=\"ewa-rteLine\">\n<div class=\"ewa-rteLine\">\n<div class=\"ewa-rteLine\">\n<p>La semana pasada Pau Llopis, como representante del DS4M Mediterr\u00e1neo, particip\u00f3 en el Observatory Logistic de Log\u00edstica de Emergencia, un encuentro organizado por Logistop que reuni\u00f3 a expertos y entidades comprometidas con la innovaci\u00f3n en el \u00e1mbito log\u00edstico.<\/p>\n<p>Durante la jornada tuvimos la oportunidad de compartir reflexiones y presentar el papel fundamental que desempe\u00f1an los Espacios de Datos para reforzar la resiliencia log\u00edstica ante situaciones de emergencia.<\/p>\n<p>Desde DS4M Mediterr\u00e1neo destacamos c\u00f3mo la interoperabilidad, el acceso seguro a la informaci\u00f3n y la colaboraci\u00f3n p\u00fablico-privada pueden resultar determinantes en la toma de decisiones cr\u00edticas durante crisis o eventos inesperados.<\/p>\n<p>Agradecemos a Logistop la excelente organizaci\u00f3n y a todos los participantes su inter\u00e9s y compromiso con el futuro de la log\u00edstica.<\/p>\n<\/div>\n<\/div>\n<\/div>\t\t\t\t\t\t\t\t<\/div>\n\t\t\t\t<\/div>\n\t\t\t\t\t<\/div>\n\t\t\t\t<\/div>\n\t\t\t\t<\/div>\n\t\t","protected":false},"excerpt":{"rendered":"<p>El DS4M Mediterr\u00e1neo presente en el Observatory Logistic de Log\u00edstica de Emergencia Publicado el 26 de noviembre de 2025 La semana pasada Pau Llopis, como representante del DS4M Mediterr\u00e1neo, particip\u00f3 en el Observatory Logistic de Log\u00edstica de Emergencia, un encuentro organizado por Logistop que reuni\u00f3 a expertos y entidades comprometidas con la innovaci\u00f3n en el [&hellip;]<\/p>\n","protected":false},"author":1,"featured_media":0,"parent":0,"menu_order":0,"comment_status":"closed","ping_status":"closed","template":"","meta":{"footnotes":""},"class_list":["post-9633","page","type-page","status-publish","hentry"],"yoast_head":"<!-- This site is optimized with the Yoast SEO plugin v27.4 - https:\/\/yoast.com\/product\/yoast-seo-wordpress\/ -->\n<title>DS4M Mediterr\u00e1neo: DS4M en Congreso ITS Espa\u00f1a<\/title>\n<meta name=\"description\" content=\"La semana pasada Pau Llopis, como representante del DS4M Mediterr\u00e1neo, particip\u00f3 en el Observatory Logistic de Log\u00edstica de Emergencia, un encuentro organizado por Logistop que reuni\u00f3 a expertos y entidades comprometidas con la innovaci\u00f3n en el \u00e1mbito log\u00edstico.\" \/>\n<meta name=\"robots\" content=\"index, follow, max-snippet:-1, max-image-preview:large, max-video-preview:-1\" \/>\n<link rel=\"canonical\" href=\"https:\/\/ds4mmed.uv.es\/index.php\/es\/el-ds4m-mediterraneo-presente-en-el-observatory-logistic-de-logistica-de-emergencia\/\" \/>\n<meta property=\"og:locale\" content=\"es_ES\" \/>\n<meta property=\"og:type\" content=\"article\" \/>\n<meta property=\"og:title\" content=\"DS4M Mediterr\u00e1neo: DS4M en Congreso ITS Espa\u00f1a\" \/>\n<meta property=\"og:description\" content=\"La semana pasada Pau Llopis, como representante del DS4M Mediterr\u00e1neo, particip\u00f3 en el Observatory Logistic de Log\u00edstica de Emergencia, un encuentro organizado por Logistop que reuni\u00f3 a expertos y entidades comprometidas con la innovaci\u00f3n en el \u00e1mbito log\u00edstico.\" \/>\n<meta property=\"og:url\" content=\"https:\/\/ds4mmed.uv.es\/index.php\/es\/el-ds4m-mediterraneo-presente-en-el-observatory-logistic-de-logistica-de-emergencia\/\" \/>\n<meta property=\"og:site_name\" content=\"DS4M Mediterr\u00e1neo\" \/>\n<meta property=\"article:modified_time\" content=\"2025-12-17T14:26:11+00:00\" \/>\n<meta property=\"og:image\" content=\"https:\/\/ds4mmed.uv.es\/wp-content\/uploads\/2025\/12\/foto-noticia-31-1.png\" \/>\n<meta name=\"twitter:card\" content=\"summary_large_image\" \/>\n<meta name=\"twitter:label1\" content=\"Tiempo de lectura\" \/>\n\t<meta name=\"twitter:data1\" content=\"1 minuto\" \/>\n<script type=\"application\/ld+json\" class=\"yoast-schema-graph\">{\"@context\":\"https:\\\/\\\/schema.org\",\"@graph\":[{\"@type\":\"WebPage\",\"@id\":\"https:\\\/\\\/ds4mmed.uv.es\\\/index.php\\\/es\\\/el-ds4m-mediterraneo-presente-en-el-observatory-logistic-de-logistica-de-emergencia\\\/\",\"url\":\"https:\\\/\\\/ds4mmed.uv.es\\\/index.php\\\/es\\\/el-ds4m-mediterraneo-presente-en-el-observatory-logistic-de-logistica-de-emergencia\\\/\",\"name\":\"DS4M Mediterr\u00e1neo: DS4M en Congreso ITS Espa\u00f1a\",\"isPartOf\":{\"@id\":\"https:\\\/\\\/ds4mmed.uv.es\\\/#website\"},\"primaryImageOfPage\":{\"@id\":\"https:\\\/\\\/ds4mmed.uv.es\\\/index.php\\\/es\\\/el-ds4m-mediterraneo-presente-en-el-observatory-logistic-de-logistica-de-emergencia\\\/#primaryimage\"},\"image\":{\"@id\":\"https:\\\/\\\/ds4mmed.uv.es\\\/index.php\\\/es\\\/el-ds4m-mediterraneo-presente-en-el-observatory-logistic-de-logistica-de-emergencia\\\/#primaryimage\"},\"thumbnailUrl\":\"https:\\\/\\\/ds4mmed.uv.es\\\/wp-content\\\/uploads\\\/2025\\\/12\\\/foto-noticia-31-1.png\",\"datePublished\":\"2025-12-04T12:31:18+00:00\",\"dateModified\":\"2025-12-17T14:26:11+00:00\",\"description\":\"La semana pasada Pau Llopis, como representante del DS4M Mediterr\u00e1neo, particip\u00f3 en el Observatory Logistic de Log\u00edstica de Emergencia, un encuentro organizado por Logistop que reuni\u00f3 a expertos y entidades comprometidas con la innovaci\u00f3n en el \u00e1mbito log\u00edstico.\",\"breadcrumb\":{\"@id\":\"https:\\\/\\\/ds4mmed.uv.es\\\/index.php\\\/es\\\/el-ds4m-mediterraneo-presente-en-el-observatory-logistic-de-logistica-de-emergencia\\\/#breadcrumb\"},\"inLanguage\":\"es\",\"potentialAction\":[{\"@type\":\"ReadAction\",\"target\":[\"https:\\\/\\\/ds4mmed.uv.es\\\/index.php\\\/es\\\/el-ds4m-mediterraneo-presente-en-el-observatory-logistic-de-logistica-de-emergencia\\\/\"]}]},{\"@type\":\"ImageObject\",\"inLanguage\":\"es\",\"@id\":\"https:\\\/\\\/ds4mmed.uv.es\\\/index.php\\\/es\\\/el-ds4m-mediterraneo-presente-en-el-observatory-logistic-de-logistica-de-emergencia\\\/#primaryimage\",\"url\":\"https:\\\/\\\/ds4mmed.uv.es\\\/wp-content\\\/uploads\\\/2025\\\/12\\\/foto-noticia-31-1.png\",\"contentUrl\":\"https:\\\/\\\/ds4mmed.uv.es\\\/wp-content\\\/uploads\\\/2025\\\/12\\\/foto-noticia-31-1.png\",\"width\":621,\"height\":465},{\"@type\":\"BreadcrumbList\",\"@id\":\"https:\\\/\\\/ds4mmed.uv.es\\\/index.php\\\/es\\\/el-ds4m-mediterraneo-presente-en-el-observatory-logistic-de-logistica-de-emergencia\\\/#breadcrumb\",\"itemListElement\":[{\"@type\":\"ListItem\",\"position\":1,\"name\":\"Portada\",\"item\":\"https:\\\/\\\/ds4mmed.uv.es\\\/index.php\\\/es\\\/\"},{\"@type\":\"ListItem\",\"position\":2,\"name\":\"Noticia 31 &#8211; El DS4M Mediterr\u00e1neo presente en el Observatory Logistic de Log\u00edstica de Emergencia\"}]},{\"@type\":\"WebSite\",\"@id\":\"https:\\\/\\\/ds4mmed.uv.es\\\/#website\",\"url\":\"https:\\\/\\\/ds4mmed.uv.es\\\/\",\"name\":\"DS4M Mediterr\u00e1neo\",\"description\":\"\",\"publisher\":{\"@id\":\"https:\\\/\\\/ds4mmed.uv.es\\\/#organization\"},\"potentialAction\":[{\"@type\":\"SearchAction\",\"target\":{\"@type\":\"EntryPoint\",\"urlTemplate\":\"https:\\\/\\\/ds4mmed.uv.es\\\/?s={search_term_string}\"},\"query-input\":{\"@type\":\"PropertyValueSpecification\",\"valueRequired\":true,\"valueName\":\"search_term_string\"}}],\"inLanguage\":\"es\"},{\"@type\":\"Organization\",\"@id\":\"https:\\\/\\\/ds4mmed.uv.es\\\/#organization\",\"name\":\"DS4M Mediterr\u00e1neo\",\"url\":\"https:\\\/\\\/ds4mmed.uv.es\\\/\",\"logo\":{\"@type\":\"ImageObject\",\"inLanguage\":\"es\",\"@id\":\"https:\\\/\\\/ds4mmed.uv.es\\\/#\\\/schema\\\/logo\\\/image\\\/\",\"url\":\"https:\\\/\\\/ds4mmed.uv.es\\\/wp-content\\\/uploads\\\/2025\\\/07\\\/Logo-cambio-resolucion-scaled.png\",\"contentUrl\":\"https:\\\/\\\/ds4mmed.uv.es\\\/wp-content\\\/uploads\\\/2025\\\/07\\\/Logo-cambio-resolucion-scaled.png\",\"width\":2560,\"height\":980,\"caption\":\"DS4M Mediterr\u00e1neo\"},\"image\":{\"@id\":\"https:\\\/\\\/ds4mmed.uv.es\\\/#\\\/schema\\\/logo\\\/image\\\/\"}}]}<\/script>\n<!-- \/ Yoast SEO plugin. -->","yoast_head_json":{"title":"DS4M Mediterr\u00e1neo: DS4M en Congreso ITS Espa\u00f1a","description":"La semana pasada Pau Llopis, como representante del DS4M Mediterr\u00e1neo, particip\u00f3 en el Observatory Logistic de Log\u00edstica de Emergencia, un encuentro organizado por Logistop que reuni\u00f3 a expertos y entidades comprometidas con la innovaci\u00f3n en el \u00e1mbito log\u00edstico.","robots":{"index":"index","follow":"follow","max-snippet":"max-snippet:-1","max-image-preview":"max-image-preview:large","max-video-preview":"max-video-preview:-1"},"canonical":"https:\/\/ds4mmed.uv.es\/index.php\/es\/el-ds4m-mediterraneo-presente-en-el-observatory-logistic-de-logistica-de-emergencia\/","og_locale":"es_ES","og_type":"article","og_title":"DS4M Mediterr\u00e1neo: DS4M en Congreso ITS Espa\u00f1a","og_description":"La semana pasada Pau Llopis, como representante del DS4M Mediterr\u00e1neo, particip\u00f3 en el Observatory Logistic de Log\u00edstica de Emergencia, un encuentro organizado por Logistop que reuni\u00f3 a expertos y entidades comprometidas con la innovaci\u00f3n en el \u00e1mbito log\u00edstico.","og_url":"https:\/\/ds4mmed.uv.es\/index.php\/es\/el-ds4m-mediterraneo-presente-en-el-observatory-logistic-de-logistica-de-emergencia\/","og_site_name":"DS4M Mediterr\u00e1neo","article_modified_time":"2025-12-17T14:26:11+00:00","og_image":[{"url":"https:\/\/ds4mmed.uv.es\/wp-content\/uploads\/2025\/12\/foto-noticia-31-1.png","type":"","width":"","height":""}],"twitter_card":"summary_large_image","twitter_misc":{"Tiempo de lectura":"1 minuto"},"schema":{"@context":"https:\/\/schema.org","@graph":[{"@type":"WebPage","@id":"https:\/\/ds4mmed.uv.es\/index.php\/es\/el-ds4m-mediterraneo-presente-en-el-observatory-logistic-de-logistica-de-emergencia\/","url":"https:\/\/ds4mmed.uv.es\/index.php\/es\/el-ds4m-mediterraneo-presente-en-el-observatory-logistic-de-logistica-de-emergencia\/","name":"DS4M Mediterr\u00e1neo: DS4M en Congreso ITS Espa\u00f1a","isPartOf":{"@id":"https:\/\/ds4mmed.uv.es\/#website"},"primaryImageOfPage":{"@id":"https:\/\/ds4mmed.uv.es\/index.php\/es\/el-ds4m-mediterraneo-presente-en-el-observatory-logistic-de-logistica-de-emergencia\/#primaryimage"},"image":{"@id":"https:\/\/ds4mmed.uv.es\/index.php\/es\/el-ds4m-mediterraneo-presente-en-el-observatory-logistic-de-logistica-de-emergencia\/#primaryimage"},"thumbnailUrl":"https:\/\/ds4mmed.uv.es\/wp-content\/uploads\/2025\/12\/foto-noticia-31-1.png","datePublished":"2025-12-04T12:31:18+00:00","dateModified":"2025-12-17T14:26:11+00:00","description":"La semana pasada Pau Llopis, como representante del DS4M Mediterr\u00e1neo, particip\u00f3 en el Observatory Logistic de Log\u00edstica de Emergencia, un encuentro organizado por Logistop que reuni\u00f3 a expertos y entidades comprometidas con la innovaci\u00f3n en el \u00e1mbito log\u00edstico.","breadcrumb":{"@id":"https:\/\/ds4mmed.uv.es\/index.php\/es\/el-ds4m-mediterraneo-presente-en-el-observatory-logistic-de-logistica-de-emergencia\/#breadcrumb"},"inLanguage":"es","potentialAction":[{"@type":"ReadAction","target":["https:\/\/ds4mmed.uv.es\/index.php\/es\/el-ds4m-mediterraneo-presente-en-el-observatory-logistic-de-logistica-de-emergencia\/"]}]},{"@type":"ImageObject","inLanguage":"es","@id":"https:\/\/ds4mmed.uv.es\/index.php\/es\/el-ds4m-mediterraneo-presente-en-el-observatory-logistic-de-logistica-de-emergencia\/#primaryimage","url":"https:\/\/ds4mmed.uv.es\/wp-content\/uploads\/2025\/12\/foto-noticia-31-1.png","contentUrl":"https:\/\/ds4mmed.uv.es\/wp-content\/uploads\/2025\/12\/foto-noticia-31-1.png","width":621,"height":465},{"@type":"BreadcrumbList","@id":"https:\/\/ds4mmed.uv.es\/index.php\/es\/el-ds4m-mediterraneo-presente-en-el-observatory-logistic-de-logistica-de-emergencia\/#breadcrumb","itemListElement":[{"@type":"ListItem","position":1,"name":"Portada","item":"https:\/\/ds4mmed.uv.es\/index.php\/es\/"},{"@type":"ListItem","position":2,"name":"Noticia 31 &#8211; El DS4M Mediterr\u00e1neo presente en el Observatory Logistic de Log\u00edstica de Emergencia"}]},{"@type":"WebSite","@id":"https:\/\/ds4mmed.uv.es\/#website","url":"https:\/\/ds4mmed.uv.es\/","name":"DS4M Mediterr\u00e1neo","description":"","publisher":{"@id":"https:\/\/ds4mmed.uv.es\/#organization"},"potentialAction":[{"@type":"SearchAction","target":{"@type":"EntryPoint","urlTemplate":"https:\/\/ds4mmed.uv.es\/?s={search_term_string}"},"query-input":{"@type":"PropertyValueSpecification","valueRequired":true,"valueName":"search_term_string"}}],"inLanguage":"es"},{"@type":"Organization","@id":"https:\/\/ds4mmed.uv.es\/#organization","name":"DS4M Mediterr\u00e1neo","url":"https:\/\/ds4mmed.uv.es\/","logo":{"@type":"ImageObject","inLanguage":"es","@id":"https:\/\/ds4mmed.uv.es\/#\/schema\/logo\/image\/","url":"https:\/\/ds4mmed.uv.es\/wp-content\/uploads\/2025\/07\/Logo-cambio-resolucion-scaled.png","contentUrl":"https:\/\/ds4mmed.uv.es\/wp-content\/uploads\/2025\/07\/Logo-cambio-resolucion-scaled.png","width":2560,"height":980,"caption":"DS4M Mediterr\u00e1neo"},"image":{"@id":"https:\/\/ds4mmed.uv.es\/#\/schema\/logo\/image\/"}}]}},"_links":{"self":[{"href":"https:\/\/ds4mmed.uv.es\/index.php\/wp-json\/wp\/v2\/pages\/9633","targetHints":{"allow":["GET"]}}],"collection":[{"href":"https:\/\/ds4mmed.uv.es\/index.php\/wp-json\/wp\/v2\/pages"}],"about":[{"href":"https:\/\/ds4mmed.uv.es\/index.php\/wp-json\/wp\/v2\/types\/page"}],"author":[{"embeddable":true,"href":"https:\/\/ds4mmed.uv.es\/index.php\/wp-json\/wp\/v2\/users\/1"}],"replies":[{"embeddable":true,"href":"https:\/\/ds4mmed.uv.es\/index.php\/wp-json\/wp\/v2\/comments?post=9633"}],"version-history":[{"count":7,"href":"https:\/\/ds4mmed.uv.es\/index.php\/wp-json\/wp\/v2\/pages\/9633\/revisions"}],"predecessor-version":[{"id":9642,"href":"https:\/\/ds4mmed.uv.es\/index.php\/wp-json\/wp\/v2\/pages\/9633\/revisions\/9642"}],"wp:attachment":[{"href":"https:\/\/ds4mmed.uv.es\/index.php\/wp-json\/wp\/v2\/media?parent=9633"}],"curies":[{"name":"wp","href":"https:\/\/api.w.org\/{rel}","templated":true}]}}