{"id":9622,"date":"2025-12-04T13:22:18","date_gmt":"2025-12-04T12:22:18","guid":{"rendered":"https:\/\/ds4mmed.uv.es\/?page_id=9622"},"modified":"2025-12-17T15:32:21","modified_gmt":"2025-12-17T14:32:21","slug":"8-acte-empresarial-pel-corredor-mediterrani","status":"publish","type":"page","link":"https:\/\/ds4mmed.uv.es\/index.php\/ca\/8-acte-empresarial-pel-corredor-mediterrani\/","title":{"rendered":"Noticia 30 &#8211; 8 acte empresarial pel Corredor Mediterrani"},"content":{"rendered":"\t\t<div data-elementor-type=\"wp-page\" data-elementor-id=\"9622\" class=\"elementor elementor-9622\">\n\t\t\t\t<div class=\"elementor-element elementor-element-6c62525 e-flex e-con-boxed e-con e-child\" data-id=\"6c62525\" data-element_type=\"container\" data-e-type=\"container\" data-settings=\"{&quot;background_background&quot;:&quot;classic&quot;}\">\n\t\t\t\t\t<div class=\"e-con-inner\">\n\t\t<div class=\"elementor-element elementor-element-6debc5d e-con-full e-flex e-con e-child\" data-id=\"6debc5d\" data-element_type=\"container\" data-e-type=\"container\">\n\t\t<div class=\"elementor-element elementor-element-3b5bf26 e-con-full e-flex elementor-invisible e-con e-child\" data-id=\"3b5bf26\" data-element_type=\"container\" data-e-type=\"container\" data-settings=\"{&quot;animation&quot;:&quot;fadeInLeft&quot;}\">\n\t\t\t\t<div class=\"elementor-element elementor-element-da9e6f3 elementor-widget elementor-widget-heading\" data-id=\"da9e6f3\" data-element_type=\"widget\" data-e-type=\"widget\" data-widget_type=\"heading.default\">\n\t\t\t\t\t<h1 class=\"elementor-heading-title elementor-size-default\">8 acte empresarial pel Corredor Mediterrani<\/h1>\t\t\t\t<\/div>\n\t\t\t\t<div class=\"elementor-element elementor-element-e2a4a87 elementor-icon-list--layout-inline elementor-align-center elementor-list-item-link-full_width elementor-widget elementor-widget-icon-list\" data-id=\"e2a4a87\" data-element_type=\"widget\" data-e-type=\"widget\" data-widget_type=\"icon-list.default\">\n\t\t\t\t\t\t\t<ul class=\"elementor-icon-list-items elementor-inline-items\">\n\t\t\t\t\t\t\t<li class=\"elementor-icon-list-item elementor-inline-item\">\n\t\t\t\t\t\t\t\t\t\t<span class=\"elementor-icon-list-text\">Publicat el 20 de novembre de 2025<\/span>\n\t\t\t\t\t\t\t\t\t<\/li>\n\t\t\t\t\t\t<\/ul>\n\t\t\t\t\t\t<\/div>\n\t\t\t\t<\/div>\n\t\t\t\t<div class=\"elementor-element elementor-element-89ea136 elementor-invisible elementor-widget elementor-widget-image\" data-id=\"89ea136\" data-element_type=\"widget\" data-e-type=\"widget\" data-settings=\"{&quot;_animation&quot;:&quot;fadeInRight&quot;}\" data-widget_type=\"image.default\">\n\t\t\t\t\t\t\t\t\t\t\t\t\t\t\t<img fetchpriority=\"high\" decoding=\"async\" width=\"469\" height=\"594\" src=\"https:\/\/ds4mmed.uv.es\/wp-content\/uploads\/2025\/12\/foto-noticia-30-1.png\" class=\"attachment-full size-full wp-image-9618\" alt=\"\" srcset=\"https:\/\/ds4mmed.uv.es\/wp-content\/uploads\/2025\/12\/foto-noticia-30-1.png 469w, https:\/\/ds4mmed.uv.es\/wp-content\/uploads\/2025\/12\/foto-noticia-30-1-237x300.png 237w\" sizes=\"(max-width: 469px) 100vw, 469px\" \/>\t\t\t\t\t\t\t\t\t\t\t\t\t\t\t<\/div>\n\t\t\t\t<\/div>\n\t\t<div class=\"elementor-element elementor-element-aac12f8 e-con-full e-flex elementor-invisible e-con e-child\" data-id=\"aac12f8\" data-element_type=\"container\" data-e-type=\"container\" data-settings=\"{&quot;animation&quot;:&quot;fadeInUp&quot;}\">\n\t\t\t\t<div class=\"elementor-element elementor-element-0c8df65 elementor-widget__width-initial elementor-widget-mobile__width-inherit elementor-widget-tablet__width-inherit elementor-widget elementor-widget-text-editor\" data-id=\"0c8df65\" data-element_type=\"widget\" data-e-type=\"widget\" data-widget_type=\"text-editor.default\">\n\t\t\t\t\t\t\t\t\t<div class=\"ewa-rteLine\"><div class=\"ewa-rteLine\"><div class=\"ewa-rteLine\">El passat 20 de novembre, el Prof. Dr. Francisco Alonso va representar el projecte DS4M Mediterr\u00e1neo en el 8\u00e9 Acte Empresarial pel Corredor Mediterrani, celebrat al Roig Arena de Val\u00e8ncia.<\/div><div class=\"ewa-rteLine\"><br data-start=\"279\" data-end=\"282\" \/>Aquest encontre va reunir destacats l\u00edders empresarials i institucionals per reivindicar la finalitzaci\u00f3 d\u2019aquesta infraestructura clau per a la competitivitat i la cohesi\u00f3 territorial del pa\u00eds gr\u00e0cies al Corredor Mediterrani.<\/div><div class=\"ewa-rteLine\"><br data-start=\"508\" data-end=\"511\" \/>L\u2019acte va comptar amb la intervenci\u00f3 de Vicente Boluda Ceballos, un di\u00e0leg sobre Europa entre Josep Vicent Boira i Mathieu Grosch, i una entrevista a \u00d3scar Puente, Ministre de Transports i Mobilitat Sostenible.<\/div><div class=\"ewa-rteLine\"><br data-start=\"721\" data-end=\"724\" \/>La jornada va concloure amb una taula redona integrada per referents com Tom\u00e1s Fuertes, Sandra Garc\u00eda-Sanju\u00e1n, Jorge Mart\u00ednez i Marc Puig, que van subratllar la import\u00e0ncia estrat\u00e8gica del Corredor Mediterrani.<\/div><div class=\"ewa-rteLine\"><br data-start=\"934\" data-end=\"937\" data-is-only-node=\"\" \/>Des de DS4M Mediterr\u00e1neo valorem aquest encontre com una oportunitat per a con\u00e9ixer les claus del desenvolupament del Corredor Mediterrani a trav\u00e9s d\u2019una mobilitat sostenible, connectada, eficient, segura, inclusiva i responsable.<\/div><div class=\"ewa-rteLine\"><br data-start=\"1166\" data-end=\"1169\" \/>Continuem compromesos a impulsar decisions m\u00e9s intel\u00b7ligents i connectades a trav\u00e9s de les dades.<\/div><\/div><\/div>\t\t\t\t\t\t\t\t<\/div>\n\t\t\t\t<\/div>\n\t\t\t\t\t<\/div>\n\t\t\t\t<\/div>\n\t\t\t\t<\/div>\n\t\t","protected":false},"excerpt":{"rendered":"<p>8 acte empresarial pel Corredor Mediterrani Publicat el 20 de novembre de 2025 El passat 20 de novembre, el Prof. Dr. Francisco Alonso va representar el projecte DS4M Mediterr\u00e1neo en el 8\u00e9 Acte Empresarial pel Corredor Mediterrani, celebrat al Roig Arena de Val\u00e8ncia.Aquest encontre va reunir destacats l\u00edders empresarials i institucionals per reivindicar la finalitzaci\u00f3 [&hellip;]<\/p>\n","protected":false},"author":1,"featured_media":0,"parent":0,"menu_order":0,"comment_status":"closed","ping_status":"closed","template":"","meta":{"footnotes":""},"class_list":["post-9622","page","type-page","status-publish","hentry"],"yoast_head":"<!-- This site is optimized with the Yoast SEO plugin v27.1.1 - https:\/\/yoast.com\/product\/yoast-seo-wordpress\/ -->\n<title>DS4M Mediterr\u00e1neo: 8 acte empresarial pel Corredor Mediterrani<\/title>\n<meta name=\"description\" content=\"El passat 20 de novembre, el Prof. Dr. Francisco Alonso va representar el projecte DS4M Mediterr\u00e1neo en el 8\u00e9 Acte Empresarial pel Corredor Mediterrani, celebrat al Roig Arena de Val\u00e8ncia.\" \/>\n<meta name=\"robots\" content=\"index, follow, max-snippet:-1, max-image-preview:large, max-video-preview:-1\" \/>\n<link rel=\"canonical\" href=\"https:\/\/ds4mmed.uv.es\/index.php\/ca\/8-acte-empresarial-pel-corredor-mediterrani\/\" \/>\n<meta property=\"og:locale\" content=\"es_ES\" \/>\n<meta property=\"og:type\" content=\"article\" \/>\n<meta property=\"og:title\" content=\"DS4M Mediterr\u00e1neo: 8 acte empresarial pel Corredor Mediterrani\" \/>\n<meta property=\"og:description\" content=\"El passat 20 de novembre, el Prof. Dr. Francisco Alonso va representar el projecte DS4M Mediterr\u00e1neo en el 8\u00e9 Acte Empresarial pel Corredor Mediterrani, celebrat al Roig Arena de Val\u00e8ncia.\" \/>\n<meta property=\"og:url\" content=\"https:\/\/ds4mmed.uv.es\/index.php\/ca\/8-acte-empresarial-pel-corredor-mediterrani\/\" \/>\n<meta property=\"og:site_name\" content=\"DS4M Mediterr\u00e1neo\" \/>\n<meta property=\"article:modified_time\" content=\"2025-12-17T14:32:21+00:00\" \/>\n<meta property=\"og:image\" content=\"https:\/\/ds4mmed.uv.es\/wp-content\/uploads\/2025\/12\/foto-noticia-30-1.png\" \/>\n<meta name=\"twitter:card\" content=\"summary_large_image\" \/>\n<meta name=\"twitter:label1\" content=\"Tiempo de lectura\" \/>\n\t<meta name=\"twitter:data1\" content=\"2 minutos\" \/>\n<script type=\"application\/ld+json\" class=\"yoast-schema-graph\">{\"@context\":\"https:\/\/schema.org\",\"@graph\":[{\"@type\":\"WebPage\",\"@id\":\"https:\/\/ds4mmed.uv.es\/index.php\/ca\/8-acte-empresarial-pel-corredor-mediterrani\/\",\"url\":\"https:\/\/ds4mmed.uv.es\/index.php\/ca\/8-acte-empresarial-pel-corredor-mediterrani\/\",\"name\":\"DS4M Mediterr\u00e1neo: 8 acte empresarial pel Corredor Mediterrani\",\"isPartOf\":{\"@id\":\"https:\/\/ds4mmed.uv.es\/#website\"},\"primaryImageOfPage\":{\"@id\":\"https:\/\/ds4mmed.uv.es\/index.php\/ca\/8-acte-empresarial-pel-corredor-mediterrani\/#primaryimage\"},\"image\":{\"@id\":\"https:\/\/ds4mmed.uv.es\/index.php\/ca\/8-acte-empresarial-pel-corredor-mediterrani\/#primaryimage\"},\"thumbnailUrl\":\"https:\/\/ds4mmed.uv.es\/wp-content\/uploads\/2025\/12\/foto-noticia-30-1.png\",\"datePublished\":\"2025-12-04T12:22:18+00:00\",\"dateModified\":\"2025-12-17T14:32:21+00:00\",\"description\":\"El passat 20 de novembre, el Prof. Dr. Francisco Alonso va representar el projecte DS4M Mediterr\u00e1neo en el 8\u00e9 Acte Empresarial pel Corredor Mediterrani, celebrat al Roig Arena de Val\u00e8ncia.\",\"breadcrumb\":{\"@id\":\"https:\/\/ds4mmed.uv.es\/index.php\/ca\/8-acte-empresarial-pel-corredor-mediterrani\/#breadcrumb\"},\"inLanguage\":\"es\",\"potentialAction\":[{\"@type\":\"ReadAction\",\"target\":[\"https:\/\/ds4mmed.uv.es\/index.php\/ca\/8-acte-empresarial-pel-corredor-mediterrani\/\"]}]},{\"@type\":\"ImageObject\",\"inLanguage\":\"es\",\"@id\":\"https:\/\/ds4mmed.uv.es\/index.php\/ca\/8-acte-empresarial-pel-corredor-mediterrani\/#primaryimage\",\"url\":\"https:\/\/ds4mmed.uv.es\/wp-content\/uploads\/2025\/12\/foto-noticia-30-1.png\",\"contentUrl\":\"https:\/\/ds4mmed.uv.es\/wp-content\/uploads\/2025\/12\/foto-noticia-30-1.png\",\"width\":469,\"height\":594},{\"@type\":\"BreadcrumbList\",\"@id\":\"https:\/\/ds4mmed.uv.es\/index.php\/ca\/8-acte-empresarial-pel-corredor-mediterrani\/#breadcrumb\",\"itemListElement\":[{\"@type\":\"ListItem\",\"position\":1,\"name\":\"Portada\",\"item\":\"https:\/\/ds4mmed.uv.es\/index.php\/es\/\"},{\"@type\":\"ListItem\",\"position\":2,\"name\":\"Noticia 30 &#8211; 8 acte empresarial pel Corredor Mediterrani\"}]},{\"@type\":\"WebSite\",\"@id\":\"https:\/\/ds4mmed.uv.es\/#website\",\"url\":\"https:\/\/ds4mmed.uv.es\/\",\"name\":\"DS4M Mediterr\u00e1neo\",\"description\":\"\",\"publisher\":{\"@id\":\"https:\/\/ds4mmed.uv.es\/#organization\"},\"potentialAction\":[{\"@type\":\"SearchAction\",\"target\":{\"@type\":\"EntryPoint\",\"urlTemplate\":\"https:\/\/ds4mmed.uv.es\/?s={search_term_string}\"},\"query-input\":{\"@type\":\"PropertyValueSpecification\",\"valueRequired\":true,\"valueName\":\"search_term_string\"}}],\"inLanguage\":\"es\"},{\"@type\":\"Organization\",\"@id\":\"https:\/\/ds4mmed.uv.es\/#organization\",\"name\":\"DS4M Mediterr\u00e1neo\",\"url\":\"https:\/\/ds4mmed.uv.es\/\",\"logo\":{\"@type\":\"ImageObject\",\"inLanguage\":\"es\",\"@id\":\"https:\/\/ds4mmed.uv.es\/#\/schema\/logo\/image\/\",\"url\":\"https:\/\/ds4mmed.uv.es\/wp-content\/uploads\/2025\/07\/Logo-cambio-resolucion-scaled.png\",\"contentUrl\":\"https:\/\/ds4mmed.uv.es\/wp-content\/uploads\/2025\/07\/Logo-cambio-resolucion-scaled.png\",\"width\":2560,\"height\":980,\"caption\":\"DS4M Mediterr\u00e1neo\"},\"image\":{\"@id\":\"https:\/\/ds4mmed.uv.es\/#\/schema\/logo\/image\/\"}}]}<\/script>\n<!-- \/ Yoast SEO plugin. -->","yoast_head_json":{"title":"DS4M Mediterr\u00e1neo: 8 acte empresarial pel Corredor Mediterrani","description":"El passat 20 de novembre, el Prof. Dr. Francisco Alonso va representar el projecte DS4M Mediterr\u00e1neo en el 8\u00e9 Acte Empresarial pel Corredor Mediterrani, celebrat al Roig Arena de Val\u00e8ncia.","robots":{"index":"index","follow":"follow","max-snippet":"max-snippet:-1","max-image-preview":"max-image-preview:large","max-video-preview":"max-video-preview:-1"},"canonical":"https:\/\/ds4mmed.uv.es\/index.php\/ca\/8-acte-empresarial-pel-corredor-mediterrani\/","og_locale":"es_ES","og_type":"article","og_title":"DS4M Mediterr\u00e1neo: 8 acte empresarial pel Corredor Mediterrani","og_description":"El passat 20 de novembre, el Prof. Dr. Francisco Alonso va representar el projecte DS4M Mediterr\u00e1neo en el 8\u00e9 Acte Empresarial pel Corredor Mediterrani, celebrat al Roig Arena de Val\u00e8ncia.","og_url":"https:\/\/ds4mmed.uv.es\/index.php\/ca\/8-acte-empresarial-pel-corredor-mediterrani\/","og_site_name":"DS4M Mediterr\u00e1neo","article_modified_time":"2025-12-17T14:32:21+00:00","og_image":[{"url":"https:\/\/ds4mmed.uv.es\/wp-content\/uploads\/2025\/12\/foto-noticia-30-1.png","type":"","width":"","height":""}],"twitter_card":"summary_large_image","twitter_misc":{"Tiempo de lectura":"2 minutos"},"schema":{"@context":"https:\/\/schema.org","@graph":[{"@type":"WebPage","@id":"https:\/\/ds4mmed.uv.es\/index.php\/ca\/8-acte-empresarial-pel-corredor-mediterrani\/","url":"https:\/\/ds4mmed.uv.es\/index.php\/ca\/8-acte-empresarial-pel-corredor-mediterrani\/","name":"DS4M Mediterr\u00e1neo: 8 acte empresarial pel Corredor Mediterrani","isPartOf":{"@id":"https:\/\/ds4mmed.uv.es\/#website"},"primaryImageOfPage":{"@id":"https:\/\/ds4mmed.uv.es\/index.php\/ca\/8-acte-empresarial-pel-corredor-mediterrani\/#primaryimage"},"image":{"@id":"https:\/\/ds4mmed.uv.es\/index.php\/ca\/8-acte-empresarial-pel-corredor-mediterrani\/#primaryimage"},"thumbnailUrl":"https:\/\/ds4mmed.uv.es\/wp-content\/uploads\/2025\/12\/foto-noticia-30-1.png","datePublished":"2025-12-04T12:22:18+00:00","dateModified":"2025-12-17T14:32:21+00:00","description":"El passat 20 de novembre, el Prof. Dr. Francisco Alonso va representar el projecte DS4M Mediterr\u00e1neo en el 8\u00e9 Acte Empresarial pel Corredor Mediterrani, celebrat al Roig Arena de Val\u00e8ncia.","breadcrumb":{"@id":"https:\/\/ds4mmed.uv.es\/index.php\/ca\/8-acte-empresarial-pel-corredor-mediterrani\/#breadcrumb"},"inLanguage":"es","potentialAction":[{"@type":"ReadAction","target":["https:\/\/ds4mmed.uv.es\/index.php\/ca\/8-acte-empresarial-pel-corredor-mediterrani\/"]}]},{"@type":"ImageObject","inLanguage":"es","@id":"https:\/\/ds4mmed.uv.es\/index.php\/ca\/8-acte-empresarial-pel-corredor-mediterrani\/#primaryimage","url":"https:\/\/ds4mmed.uv.es\/wp-content\/uploads\/2025\/12\/foto-noticia-30-1.png","contentUrl":"https:\/\/ds4mmed.uv.es\/wp-content\/uploads\/2025\/12\/foto-noticia-30-1.png","width":469,"height":594},{"@type":"BreadcrumbList","@id":"https:\/\/ds4mmed.uv.es\/index.php\/ca\/8-acte-empresarial-pel-corredor-mediterrani\/#breadcrumb","itemListElement":[{"@type":"ListItem","position":1,"name":"Portada","item":"https:\/\/ds4mmed.uv.es\/index.php\/es\/"},{"@type":"ListItem","position":2,"name":"Noticia 30 &#8211; 8 acte empresarial pel Corredor Mediterrani"}]},{"@type":"WebSite","@id":"https:\/\/ds4mmed.uv.es\/#website","url":"https:\/\/ds4mmed.uv.es\/","name":"DS4M Mediterr\u00e1neo","description":"","publisher":{"@id":"https:\/\/ds4mmed.uv.es\/#organization"},"potentialAction":[{"@type":"SearchAction","target":{"@type":"EntryPoint","urlTemplate":"https:\/\/ds4mmed.uv.es\/?s={search_term_string}"},"query-input":{"@type":"PropertyValueSpecification","valueRequired":true,"valueName":"search_term_string"}}],"inLanguage":"es"},{"@type":"Organization","@id":"https:\/\/ds4mmed.uv.es\/#organization","name":"DS4M Mediterr\u00e1neo","url":"https:\/\/ds4mmed.uv.es\/","logo":{"@type":"ImageObject","inLanguage":"es","@id":"https:\/\/ds4mmed.uv.es\/#\/schema\/logo\/image\/","url":"https:\/\/ds4mmed.uv.es\/wp-content\/uploads\/2025\/07\/Logo-cambio-resolucion-scaled.png","contentUrl":"https:\/\/ds4mmed.uv.es\/wp-content\/uploads\/2025\/07\/Logo-cambio-resolucion-scaled.png","width":2560,"height":980,"caption":"DS4M Mediterr\u00e1neo"},"image":{"@id":"https:\/\/ds4mmed.uv.es\/#\/schema\/logo\/image\/"}}]}},"_links":{"self":[{"href":"https:\/\/ds4mmed.uv.es\/index.php\/wp-json\/wp\/v2\/pages\/9622","targetHints":{"allow":["GET"]}}],"collection":[{"href":"https:\/\/ds4mmed.uv.es\/index.php\/wp-json\/wp\/v2\/pages"}],"about":[{"href":"https:\/\/ds4mmed.uv.es\/index.php\/wp-json\/wp\/v2\/types\/page"}],"author":[{"embeddable":true,"href":"https:\/\/ds4mmed.uv.es\/index.php\/wp-json\/wp\/v2\/users\/1"}],"replies":[{"embeddable":true,"href":"https:\/\/ds4mmed.uv.es\/index.php\/wp-json\/wp\/v2\/comments?post=9622"}],"version-history":[{"count":13,"href":"https:\/\/ds4mmed.uv.es\/index.php\/wp-json\/wp\/v2\/pages\/9622\/revisions"}],"predecessor-version":[{"id":9736,"href":"https:\/\/ds4mmed.uv.es\/index.php\/wp-json\/wp\/v2\/pages\/9622\/revisions\/9736"}],"wp:attachment":[{"href":"https:\/\/ds4mmed.uv.es\/index.php\/wp-json\/wp\/v2\/media?parent=9622"}],"curies":[{"name":"wp","href":"https:\/\/api.w.org\/{rel}","templated":true}]}}