{"id":9610,"date":"2025-12-04T12:25:41","date_gmt":"2025-12-04T11:25:41","guid":{"rendered":"https:\/\/ds4mmed.uv.es\/?page_id=9610"},"modified":"2025-12-17T15:31:51","modified_gmt":"2025-12-17T14:31:51","slug":"8-acto-empresarial-por-el-corredor-mediterraneo","status":"publish","type":"page","link":"https:\/\/ds4mmed.uv.es\/index.php\/es\/8-acto-empresarial-por-el-corredor-mediterraneo\/","title":{"rendered":"Noticia 30 &#8211; 8 acto empresarial por el Corredor Mediterr\u00e1neo"},"content":{"rendered":"\t\t<div data-elementor-type=\"wp-page\" data-elementor-id=\"9610\" class=\"elementor elementor-9610\">\n\t\t\t\t<div class=\"elementor-element elementor-element-6c62525 e-flex e-con-boxed e-con e-child\" data-id=\"6c62525\" data-element_type=\"container\" data-e-type=\"container\" data-settings=\"{&quot;background_background&quot;:&quot;classic&quot;}\">\n\t\t\t\t\t<div class=\"e-con-inner\">\n\t\t<div class=\"elementor-element elementor-element-6debc5d e-con-full e-flex e-con e-child\" data-id=\"6debc5d\" data-element_type=\"container\" data-e-type=\"container\">\n\t\t<div class=\"elementor-element elementor-element-3b5bf26 e-con-full e-flex elementor-invisible e-con e-child\" data-id=\"3b5bf26\" data-element_type=\"container\" data-e-type=\"container\" data-settings=\"{&quot;animation&quot;:&quot;fadeInLeft&quot;}\">\n\t\t\t\t<div class=\"elementor-element elementor-element-da9e6f3 elementor-widget elementor-widget-heading\" data-id=\"da9e6f3\" data-element_type=\"widget\" data-e-type=\"widget\" data-widget_type=\"heading.default\">\n\t\t\t\t\t<h1 class=\"elementor-heading-title elementor-size-default\">8 acto empresarial por el Corredor Mediterr\u00e1neo<\/h1>\t\t\t\t<\/div>\n\t\t\t\t<div class=\"elementor-element elementor-element-e2a4a87 elementor-icon-list--layout-inline elementor-align-center elementor-list-item-link-full_width elementor-widget elementor-widget-icon-list\" data-id=\"e2a4a87\" data-element_type=\"widget\" data-e-type=\"widget\" data-widget_type=\"icon-list.default\">\n\t\t\t\t\t\t\t<ul class=\"elementor-icon-list-items elementor-inline-items\">\n\t\t\t\t\t\t\t<li class=\"elementor-icon-list-item elementor-inline-item\">\n\t\t\t\t\t\t\t\t\t\t<span class=\"elementor-icon-list-text\">Publicado el 20 de noviembre de 2025<\/span>\n\t\t\t\t\t\t\t\t\t<\/li>\n\t\t\t\t\t\t<\/ul>\n\t\t\t\t\t\t<\/div>\n\t\t\t\t<\/div>\n\t\t\t\t<div class=\"elementor-element elementor-element-89ea136 elementor-invisible elementor-widget elementor-widget-image\" data-id=\"89ea136\" data-element_type=\"widget\" data-e-type=\"widget\" data-settings=\"{&quot;_animation&quot;:&quot;fadeInRight&quot;}\" data-widget_type=\"image.default\">\n\t\t\t\t\t\t\t\t\t\t\t\t\t\t\t<img fetchpriority=\"high\" decoding=\"async\" width=\"469\" height=\"594\" src=\"https:\/\/ds4mmed.uv.es\/wp-content\/uploads\/2025\/12\/foto-noticia-30-1.png\" class=\"attachment-full size-full wp-image-9618\" alt=\"\" srcset=\"https:\/\/ds4mmed.uv.es\/wp-content\/uploads\/2025\/12\/foto-noticia-30-1.png 469w, https:\/\/ds4mmed.uv.es\/wp-content\/uploads\/2025\/12\/foto-noticia-30-1-237x300.png 237w\" sizes=\"(max-width: 469px) 100vw, 469px\" \/>\t\t\t\t\t\t\t\t\t\t\t\t\t\t\t<\/div>\n\t\t\t\t<\/div>\n\t\t<div class=\"elementor-element elementor-element-aac12f8 e-con-full e-flex elementor-invisible e-con e-child\" data-id=\"aac12f8\" data-element_type=\"container\" data-e-type=\"container\" data-settings=\"{&quot;animation&quot;:&quot;fadeInUp&quot;}\">\n\t\t\t\t<div class=\"elementor-element elementor-element-0c8df65 elementor-widget__width-initial elementor-widget-mobile__width-inherit elementor-widget-tablet__width-inherit elementor-widget elementor-widget-text-editor\" data-id=\"0c8df65\" data-element_type=\"widget\" data-e-type=\"widget\" data-widget_type=\"text-editor.default\">\n\t\t\t\t\t\t\t\t\t<div class=\"ewa-rteLine\"><div class=\"ewa-rteLine\"><div class=\"ewa-rteLine\">El pasado 20 de noviembre, el Prof. Dr. Francisco Alonso represent\u00f3 al proyecto DS4M Mediterr\u00e1neo en el 8\u00ba Acto Empresarial por el Corredor Mediterr\u00e1neo, celebrado en el Roig Arena de Valencia.<\/div><div class=\"ewa-rteLine\"><br \/>Este encuentro reuni\u00f3 a destacados l\u00edderes empresariales e institucionales para reivindicar la finalizaci\u00f3n de esta infraestructura clave para la competitividad y la cohesi\u00f3n territorial del pa\u00eds gracias al Corredor Mediterr\u00e1neo.<\/div><div class=\"ewa-rteLine\"><br \/>El acto cont\u00f3 con la intervenci\u00f3n de Vicente Boluda Ceballos, un di\u00e1logo sobre Europa entre Josep Vicent Boira y Mathieu Grosch, y una entrevista a \u00d3scar Puente, Ministro de Transportes y Movilidad Sostenible.<\/div><div class=\"ewa-rteLine\"><br \/>La jornada concluy\u00f3 con una mesa redonda integrada por referentes como Tom\u00e1s Fuertes, Sandra Garc\u00eda-Sanju\u00e1n, Jorge Mart\u00ednez y Marc Puig, quienes subrayaron la importancia estrat\u00e9gica del Corredor Mediterr\u00e1neo.<\/div><div class=\"ewa-rteLine\"><br \/>Desde DS4M Mediterr\u00e1neo valoramos este encuentro como una oportunidad para conocer las claves del desarrollo del Corredor Mediterr\u00e1neo a trav\u00e9s de una movilidad sostenible, conectada, eficiente, segura, inclusiva y responsable<br \/>Seguimos comprometidos con impulsar decisiones m\u00e1s inteligentes y conectadas a trav\u00e9s de los datos.<\/div><\/div><\/div>\t\t\t\t\t\t\t\t<\/div>\n\t\t\t\t<\/div>\n\t\t\t\t\t<\/div>\n\t\t\t\t<\/div>\n\t\t\t\t<\/div>\n\t\t","protected":false},"excerpt":{"rendered":"<p>8 acto empresarial por el Corredor Mediterr\u00e1neo Publicado el 20 de noviembre de 2025 El pasado 20 de noviembre, el Prof. Dr. Francisco Alonso represent\u00f3 al proyecto DS4M Mediterr\u00e1neo en el 8\u00ba Acto Empresarial por el Corredor Mediterr\u00e1neo, celebrado en el Roig Arena de Valencia.Este encuentro reuni\u00f3 a destacados l\u00edderes empresariales e institucionales para reivindicar [&hellip;]<\/p>\n","protected":false},"author":1,"featured_media":0,"parent":0,"menu_order":0,"comment_status":"closed","ping_status":"closed","template":"","meta":{"footnotes":""},"class_list":["post-9610","page","type-page","status-publish","hentry"],"yoast_head":"<!-- This site is optimized with the Yoast SEO plugin v27.4 - https:\/\/yoast.com\/product\/yoast-seo-wordpress\/ -->\n<title>DS4M Mediterr\u00e1neo: 8 acto empresarial por el Corredor Mediterr\u00e1neo<\/title>\n<meta name=\"description\" content=\"El pasado 20 de noviembre, el Prof. Dr. Francisco Alonso represent\u00f3 al proyecto DS4M Mediterr\u00e1neo en el 8\u00ba Acto Empresarial por el Corredor Mediterr\u00e1neo, celebrado en el Roig Arena de Valencia.\" \/>\n<meta name=\"robots\" content=\"index, follow, max-snippet:-1, max-image-preview:large, max-video-preview:-1\" \/>\n<link rel=\"canonical\" href=\"https:\/\/ds4mmed.uv.es\/index.php\/es\/8-acto-empresarial-por-el-corredor-mediterraneo\/\" \/>\n<meta property=\"og:locale\" content=\"es_ES\" \/>\n<meta property=\"og:type\" content=\"article\" \/>\n<meta property=\"og:title\" content=\"DS4M Mediterr\u00e1neo: 8 acto empresarial por el Corredor Mediterr\u00e1neo\" \/>\n<meta property=\"og:description\" content=\"El pasado 20 de noviembre, el Prof. Dr. Francisco Alonso represent\u00f3 al proyecto DS4M Mediterr\u00e1neo en el 8\u00ba Acto Empresarial por el Corredor Mediterr\u00e1neo, celebrado en el Roig Arena de Valencia.\" \/>\n<meta property=\"og:url\" content=\"https:\/\/ds4mmed.uv.es\/index.php\/es\/8-acto-empresarial-por-el-corredor-mediterraneo\/\" \/>\n<meta property=\"og:site_name\" content=\"DS4M Mediterr\u00e1neo\" \/>\n<meta property=\"article:modified_time\" content=\"2025-12-17T14:31:51+00:00\" \/>\n<meta property=\"og:image\" content=\"https:\/\/ds4mmed.uv.es\/wp-content\/uploads\/2025\/12\/foto-noticia-30-1.png\" \/>\n<meta name=\"twitter:card\" content=\"summary_large_image\" \/>\n<meta name=\"twitter:label1\" content=\"Tiempo de lectura\" \/>\n\t<meta name=\"twitter:data1\" content=\"2 minutos\" \/>\n<script type=\"application\/ld+json\" class=\"yoast-schema-graph\">{\"@context\":\"https:\\\/\\\/schema.org\",\"@graph\":[{\"@type\":\"WebPage\",\"@id\":\"https:\\\/\\\/ds4mmed.uv.es\\\/index.php\\\/es\\\/8-acto-empresarial-por-el-corredor-mediterraneo\\\/\",\"url\":\"https:\\\/\\\/ds4mmed.uv.es\\\/index.php\\\/es\\\/8-acto-empresarial-por-el-corredor-mediterraneo\\\/\",\"name\":\"DS4M Mediterr\u00e1neo: 8 acto empresarial por el Corredor Mediterr\u00e1neo\",\"isPartOf\":{\"@id\":\"https:\\\/\\\/ds4mmed.uv.es\\\/#website\"},\"primaryImageOfPage\":{\"@id\":\"https:\\\/\\\/ds4mmed.uv.es\\\/index.php\\\/es\\\/8-acto-empresarial-por-el-corredor-mediterraneo\\\/#primaryimage\"},\"image\":{\"@id\":\"https:\\\/\\\/ds4mmed.uv.es\\\/index.php\\\/es\\\/8-acto-empresarial-por-el-corredor-mediterraneo\\\/#primaryimage\"},\"thumbnailUrl\":\"https:\\\/\\\/ds4mmed.uv.es\\\/wp-content\\\/uploads\\\/2025\\\/12\\\/foto-noticia-30-1.png\",\"datePublished\":\"2025-12-04T11:25:41+00:00\",\"dateModified\":\"2025-12-17T14:31:51+00:00\",\"description\":\"El pasado 20 de noviembre, el Prof. Dr. Francisco Alonso represent\u00f3 al proyecto DS4M Mediterr\u00e1neo en el 8\u00ba Acto Empresarial por el Corredor Mediterr\u00e1neo, celebrado en el Roig Arena de Valencia.\",\"breadcrumb\":{\"@id\":\"https:\\\/\\\/ds4mmed.uv.es\\\/index.php\\\/es\\\/8-acto-empresarial-por-el-corredor-mediterraneo\\\/#breadcrumb\"},\"inLanguage\":\"es\",\"potentialAction\":[{\"@type\":\"ReadAction\",\"target\":[\"https:\\\/\\\/ds4mmed.uv.es\\\/index.php\\\/es\\\/8-acto-empresarial-por-el-corredor-mediterraneo\\\/\"]}]},{\"@type\":\"ImageObject\",\"inLanguage\":\"es\",\"@id\":\"https:\\\/\\\/ds4mmed.uv.es\\\/index.php\\\/es\\\/8-acto-empresarial-por-el-corredor-mediterraneo\\\/#primaryimage\",\"url\":\"https:\\\/\\\/ds4mmed.uv.es\\\/wp-content\\\/uploads\\\/2025\\\/12\\\/foto-noticia-30-1.png\",\"contentUrl\":\"https:\\\/\\\/ds4mmed.uv.es\\\/wp-content\\\/uploads\\\/2025\\\/12\\\/foto-noticia-30-1.png\",\"width\":469,\"height\":594},{\"@type\":\"BreadcrumbList\",\"@id\":\"https:\\\/\\\/ds4mmed.uv.es\\\/index.php\\\/es\\\/8-acto-empresarial-por-el-corredor-mediterraneo\\\/#breadcrumb\",\"itemListElement\":[{\"@type\":\"ListItem\",\"position\":1,\"name\":\"Portada\",\"item\":\"https:\\\/\\\/ds4mmed.uv.es\\\/index.php\\\/es\\\/\"},{\"@type\":\"ListItem\",\"position\":2,\"name\":\"Noticia 30 &#8211; 8 acto empresarial por el Corredor Mediterr\u00e1neo\"}]},{\"@type\":\"WebSite\",\"@id\":\"https:\\\/\\\/ds4mmed.uv.es\\\/#website\",\"url\":\"https:\\\/\\\/ds4mmed.uv.es\\\/\",\"name\":\"DS4M Mediterr\u00e1neo\",\"description\":\"\",\"publisher\":{\"@id\":\"https:\\\/\\\/ds4mmed.uv.es\\\/#organization\"},\"potentialAction\":[{\"@type\":\"SearchAction\",\"target\":{\"@type\":\"EntryPoint\",\"urlTemplate\":\"https:\\\/\\\/ds4mmed.uv.es\\\/?s={search_term_string}\"},\"query-input\":{\"@type\":\"PropertyValueSpecification\",\"valueRequired\":true,\"valueName\":\"search_term_string\"}}],\"inLanguage\":\"es\"},{\"@type\":\"Organization\",\"@id\":\"https:\\\/\\\/ds4mmed.uv.es\\\/#organization\",\"name\":\"DS4M Mediterr\u00e1neo\",\"url\":\"https:\\\/\\\/ds4mmed.uv.es\\\/\",\"logo\":{\"@type\":\"ImageObject\",\"inLanguage\":\"es\",\"@id\":\"https:\\\/\\\/ds4mmed.uv.es\\\/#\\\/schema\\\/logo\\\/image\\\/\",\"url\":\"https:\\\/\\\/ds4mmed.uv.es\\\/wp-content\\\/uploads\\\/2025\\\/07\\\/Logo-cambio-resolucion-scaled.png\",\"contentUrl\":\"https:\\\/\\\/ds4mmed.uv.es\\\/wp-content\\\/uploads\\\/2025\\\/07\\\/Logo-cambio-resolucion-scaled.png\",\"width\":2560,\"height\":980,\"caption\":\"DS4M Mediterr\u00e1neo\"},\"image\":{\"@id\":\"https:\\\/\\\/ds4mmed.uv.es\\\/#\\\/schema\\\/logo\\\/image\\\/\"}}]}<\/script>\n<!-- \/ Yoast SEO plugin. -->","yoast_head_json":{"title":"DS4M Mediterr\u00e1neo: 8 acto empresarial por el Corredor Mediterr\u00e1neo","description":"El pasado 20 de noviembre, el Prof. Dr. Francisco Alonso represent\u00f3 al proyecto DS4M Mediterr\u00e1neo en el 8\u00ba Acto Empresarial por el Corredor Mediterr\u00e1neo, celebrado en el Roig Arena de Valencia.","robots":{"index":"index","follow":"follow","max-snippet":"max-snippet:-1","max-image-preview":"max-image-preview:large","max-video-preview":"max-video-preview:-1"},"canonical":"https:\/\/ds4mmed.uv.es\/index.php\/es\/8-acto-empresarial-por-el-corredor-mediterraneo\/","og_locale":"es_ES","og_type":"article","og_title":"DS4M Mediterr\u00e1neo: 8 acto empresarial por el Corredor Mediterr\u00e1neo","og_description":"El pasado 20 de noviembre, el Prof. Dr. Francisco Alonso represent\u00f3 al proyecto DS4M Mediterr\u00e1neo en el 8\u00ba Acto Empresarial por el Corredor Mediterr\u00e1neo, celebrado en el Roig Arena de Valencia.","og_url":"https:\/\/ds4mmed.uv.es\/index.php\/es\/8-acto-empresarial-por-el-corredor-mediterraneo\/","og_site_name":"DS4M Mediterr\u00e1neo","article_modified_time":"2025-12-17T14:31:51+00:00","og_image":[{"url":"https:\/\/ds4mmed.uv.es\/wp-content\/uploads\/2025\/12\/foto-noticia-30-1.png","type":"","width":"","height":""}],"twitter_card":"summary_large_image","twitter_misc":{"Tiempo de lectura":"2 minutos"},"schema":{"@context":"https:\/\/schema.org","@graph":[{"@type":"WebPage","@id":"https:\/\/ds4mmed.uv.es\/index.php\/es\/8-acto-empresarial-por-el-corredor-mediterraneo\/","url":"https:\/\/ds4mmed.uv.es\/index.php\/es\/8-acto-empresarial-por-el-corredor-mediterraneo\/","name":"DS4M Mediterr\u00e1neo: 8 acto empresarial por el Corredor Mediterr\u00e1neo","isPartOf":{"@id":"https:\/\/ds4mmed.uv.es\/#website"},"primaryImageOfPage":{"@id":"https:\/\/ds4mmed.uv.es\/index.php\/es\/8-acto-empresarial-por-el-corredor-mediterraneo\/#primaryimage"},"image":{"@id":"https:\/\/ds4mmed.uv.es\/index.php\/es\/8-acto-empresarial-por-el-corredor-mediterraneo\/#primaryimage"},"thumbnailUrl":"https:\/\/ds4mmed.uv.es\/wp-content\/uploads\/2025\/12\/foto-noticia-30-1.png","datePublished":"2025-12-04T11:25:41+00:00","dateModified":"2025-12-17T14:31:51+00:00","description":"El pasado 20 de noviembre, el Prof. Dr. Francisco Alonso represent\u00f3 al proyecto DS4M Mediterr\u00e1neo en el 8\u00ba Acto Empresarial por el Corredor Mediterr\u00e1neo, celebrado en el Roig Arena de Valencia.","breadcrumb":{"@id":"https:\/\/ds4mmed.uv.es\/index.php\/es\/8-acto-empresarial-por-el-corredor-mediterraneo\/#breadcrumb"},"inLanguage":"es","potentialAction":[{"@type":"ReadAction","target":["https:\/\/ds4mmed.uv.es\/index.php\/es\/8-acto-empresarial-por-el-corredor-mediterraneo\/"]}]},{"@type":"ImageObject","inLanguage":"es","@id":"https:\/\/ds4mmed.uv.es\/index.php\/es\/8-acto-empresarial-por-el-corredor-mediterraneo\/#primaryimage","url":"https:\/\/ds4mmed.uv.es\/wp-content\/uploads\/2025\/12\/foto-noticia-30-1.png","contentUrl":"https:\/\/ds4mmed.uv.es\/wp-content\/uploads\/2025\/12\/foto-noticia-30-1.png","width":469,"height":594},{"@type":"BreadcrumbList","@id":"https:\/\/ds4mmed.uv.es\/index.php\/es\/8-acto-empresarial-por-el-corredor-mediterraneo\/#breadcrumb","itemListElement":[{"@type":"ListItem","position":1,"name":"Portada","item":"https:\/\/ds4mmed.uv.es\/index.php\/es\/"},{"@type":"ListItem","position":2,"name":"Noticia 30 &#8211; 8 acto empresarial por el Corredor Mediterr\u00e1neo"}]},{"@type":"WebSite","@id":"https:\/\/ds4mmed.uv.es\/#website","url":"https:\/\/ds4mmed.uv.es\/","name":"DS4M Mediterr\u00e1neo","description":"","publisher":{"@id":"https:\/\/ds4mmed.uv.es\/#organization"},"potentialAction":[{"@type":"SearchAction","target":{"@type":"EntryPoint","urlTemplate":"https:\/\/ds4mmed.uv.es\/?s={search_term_string}"},"query-input":{"@type":"PropertyValueSpecification","valueRequired":true,"valueName":"search_term_string"}}],"inLanguage":"es"},{"@type":"Organization","@id":"https:\/\/ds4mmed.uv.es\/#organization","name":"DS4M Mediterr\u00e1neo","url":"https:\/\/ds4mmed.uv.es\/","logo":{"@type":"ImageObject","inLanguage":"es","@id":"https:\/\/ds4mmed.uv.es\/#\/schema\/logo\/image\/","url":"https:\/\/ds4mmed.uv.es\/wp-content\/uploads\/2025\/07\/Logo-cambio-resolucion-scaled.png","contentUrl":"https:\/\/ds4mmed.uv.es\/wp-content\/uploads\/2025\/07\/Logo-cambio-resolucion-scaled.png","width":2560,"height":980,"caption":"DS4M Mediterr\u00e1neo"},"image":{"@id":"https:\/\/ds4mmed.uv.es\/#\/schema\/logo\/image\/"}}]}},"_links":{"self":[{"href":"https:\/\/ds4mmed.uv.es\/index.php\/wp-json\/wp\/v2\/pages\/9610","targetHints":{"allow":["GET"]}}],"collection":[{"href":"https:\/\/ds4mmed.uv.es\/index.php\/wp-json\/wp\/v2\/pages"}],"about":[{"href":"https:\/\/ds4mmed.uv.es\/index.php\/wp-json\/wp\/v2\/types\/page"}],"author":[{"embeddable":true,"href":"https:\/\/ds4mmed.uv.es\/index.php\/wp-json\/wp\/v2\/users\/1"}],"replies":[{"embeddable":true,"href":"https:\/\/ds4mmed.uv.es\/index.php\/wp-json\/wp\/v2\/comments?post=9610"}],"version-history":[{"count":10,"href":"https:\/\/ds4mmed.uv.es\/index.php\/wp-json\/wp\/v2\/pages\/9610\/revisions"}],"predecessor-version":[{"id":9669,"href":"https:\/\/ds4mmed.uv.es\/index.php\/wp-json\/wp\/v2\/pages\/9610\/revisions\/9669"}],"wp:attachment":[{"href":"https:\/\/ds4mmed.uv.es\/index.php\/wp-json\/wp\/v2\/media?parent=9610"}],"curies":[{"name":"wp","href":"https:\/\/api.w.org\/{rel}","templated":true}]}}