{"id":7936,"date":"2025-11-20T10:35:32","date_gmt":"2025-11-20T09:35:32","guid":{"rendered":"https:\/\/ds4mmed.uv.es\/?page_id=7936"},"modified":"2025-11-26T10:47:45","modified_gmt":"2025-11-26T09:47:45","slug":"ds4mmed-representatives-participate-16th-its-spain-congress","status":"publish","type":"page","link":"https:\/\/ds4mmed.uv.es\/index.php\/en\/ds4mmed-representatives-participate-16th-its-spain-congress\/","title":{"rendered":"Noticia 14 &#8211; DS4M Mediterr\u00e1neo Representatives Participate in the 16th ITS Spain Congress"},"content":{"rendered":"\t\t<div data-elementor-type=\"wp-page\" data-elementor-id=\"7936\" class=\"elementor elementor-7936\">\n\t\t\t\t<div class=\"elementor-element elementor-element-6c62525 e-flex e-con-boxed e-con e-child\" data-id=\"6c62525\" data-element_type=\"container\" data-e-type=\"container\" data-settings=\"{&quot;background_background&quot;:&quot;classic&quot;}\">\n\t\t\t\t\t<div class=\"e-con-inner\">\n\t\t<div class=\"elementor-element elementor-element-6debc5d e-con-full e-flex e-con e-child\" data-id=\"6debc5d\" data-element_type=\"container\" data-e-type=\"container\">\n\t\t<div class=\"elementor-element elementor-element-3b5bf26 e-con-full e-flex elementor-invisible e-con e-child\" data-id=\"3b5bf26\" data-element_type=\"container\" data-e-type=\"container\" data-settings=\"{&quot;animation&quot;:&quot;fadeInLeft&quot;}\">\n\t\t\t\t<div class=\"elementor-element elementor-element-da9e6f3 elementor-widget elementor-widget-heading\" data-id=\"da9e6f3\" data-element_type=\"widget\" data-e-type=\"widget\" data-widget_type=\"heading.default\">\n\t\t\t\t\t<h1 class=\"elementor-heading-title elementor-size-default\">DS4M Mediterr\u00e1neo Representatives Participate in the 16th ITS Spain Congress<\/h1>\t\t\t\t<\/div>\n\t\t\t\t<div class=\"elementor-element elementor-element-e2a4a87 elementor-icon-list--layout-inline elementor-align-center elementor-list-item-link-full_width elementor-widget elementor-widget-icon-list\" data-id=\"e2a4a87\" data-element_type=\"widget\" data-e-type=\"widget\" data-widget_type=\"icon-list.default\">\n\t\t\t\t\t\t\t<ul class=\"elementor-icon-list-items elementor-inline-items\">\n\t\t\t\t\t\t\t<li class=\"elementor-icon-list-item elementor-inline-item\">\n\t\t\t\t\t\t\t\t\t\t<span class=\"elementor-icon-list-text\">Published on May 21, 2025<\/span>\n\t\t\t\t\t\t\t\t\t<\/li>\n\t\t\t\t\t\t<\/ul>\n\t\t\t\t\t\t<\/div>\n\t\t\t\t<\/div>\n\t\t\t\t<div class=\"elementor-element elementor-element-89ea136 elementor-invisible elementor-widget elementor-widget-image\" data-id=\"89ea136\" data-element_type=\"widget\" data-e-type=\"widget\" data-settings=\"{&quot;_animation&quot;:&quot;fadeInRight&quot;}\" data-widget_type=\"image.default\">\n\t\t\t\t\t\t\t\t\t\t\t\t\t\t\t<img fetchpriority=\"high\" decoding=\"async\" width=\"1072\" height=\"706\" src=\"https:\/\/ds4mmed.uv.es\/wp-content\/uploads\/2025\/11\/Noticia14.png\" class=\"attachment-full size-full wp-image-3715\" alt=\"\" srcset=\"https:\/\/ds4mmed.uv.es\/wp-content\/uploads\/2025\/11\/Noticia14.png 1072w, https:\/\/ds4mmed.uv.es\/wp-content\/uploads\/2025\/11\/Noticia14-300x198.png 300w, https:\/\/ds4mmed.uv.es\/wp-content\/uploads\/2025\/11\/Noticia14-1024x674.png 1024w, https:\/\/ds4mmed.uv.es\/wp-content\/uploads\/2025\/11\/Noticia14-768x506.png 768w\" sizes=\"(max-width: 1072px) 100vw, 1072px\" \/>\t\t\t\t\t\t\t\t\t\t\t\t\t\t\t<\/div>\n\t\t\t\t<\/div>\n\t\t<div class=\"elementor-element elementor-element-aac12f8 e-con-full e-flex elementor-invisible e-con e-child\" data-id=\"aac12f8\" data-element_type=\"container\" data-e-type=\"container\" data-settings=\"{&quot;animation&quot;:&quot;fadeInUp&quot;}\">\n\t\t\t\t<div class=\"elementor-element elementor-element-0c8df65 elementor-widget__width-initial elementor-widget-mobile__width-inherit elementor-widget-tablet__width-inherit elementor-widget elementor-widget-text-editor\" data-id=\"0c8df65\" data-element_type=\"widget\" data-e-type=\"widget\" data-widget_type=\"text-editor.default\">\n\t\t\t\t\t\t\t\t\t<div>\n<div>\n<div>\n<p data-start=\"157\" data-end=\"691\">The 16th ITS Spain Congress, held from May 19 to 21 in Seville, was a key event for the ecosystem of clean, resilient, and intelligent mobility in Spain. For this reason, the DS4M Mediterr\u00e1neo project (<em data-start=\"360\" data-end=\"385\">Data Space for Mobility<\/em>) was present as one of the standout initiatives in the field of Data Spaces applied to transport and sustainable mobility. During the sessions, DS4M Mediterr\u00e1neo was presented as a reference model for building a collaborative Data Space focused on all types of mobility across the Mediterranean Corridor.<\/p>\n<p data-start=\"693\" data-end=\"934\">The project attracted significant interest among attendees and was consolidated as an example of how shared data can facilitate decision-making, improve interoperability between regions, and foster more sustainable and intelligent solutions.<\/p>\n<p data-start=\"936\" data-end=\"1223\">From DS4M Mediterr\u00e1neo, we want to thank ITS Spain for the excellent organization of the Congress and congratulate Soledad P\u00e9rez-Gald\u00f3s on her first participation as president of the association, demonstrating a strong commitment to promoting connected, resilient, and digital mobility.<\/p>\n<\/div>\n<\/div>\n<\/div>\t\t\t\t\t\t\t\t<\/div>\n\t\t\t\t<\/div>\n\t\t\t\t\t<\/div>\n\t\t\t\t<\/div>\n\t\t\t\t<\/div>\n\t\t","protected":false},"excerpt":{"rendered":"<p>DS4M Mediterr\u00e1neo Representatives Participate in the 16th ITS Spain Congress Published on May 21, 2025 The 16th ITS Spain Congress, held from May 19 to 21 in Seville, was a key event for the ecosystem of clean, resilient, and intelligent mobility in Spain. For this reason, the DS4M Mediterr\u00e1neo project (Data Space for Mobility) was [&hellip;]<\/p>\n","protected":false},"author":1,"featured_media":0,"parent":0,"menu_order":0,"comment_status":"closed","ping_status":"closed","template":"","meta":{"footnotes":""},"class_list":["post-7936","page","type-page","status-publish","hentry"],"yoast_head":"<!-- This site is optimized with the Yoast SEO plugin v27.4 - https:\/\/yoast.com\/product\/yoast-seo-wordpress\/ -->\n<title>DS4M Mediterr\u00e1neo - DS4M Mediterr\u00e1neo Representatives Participate in the 16th ITS Spain Congress<\/title>\n<meta name=\"description\" content=\"he 16th ITS Spain Congress, held from May 19 to 21 in Seville, was a key event for the ecosystem of clean, resilient, and intelligent mobility in Spain.\" \/>\n<meta name=\"robots\" content=\"index, follow, max-snippet:-1, max-image-preview:large, max-video-preview:-1\" \/>\n<link rel=\"canonical\" href=\"https:\/\/ds4mmed.uv.es\/index.php\/en\/ds4mmed-representatives-participate-16th-its-spain-congress\/\" \/>\n<meta property=\"og:locale\" content=\"es_ES\" \/>\n<meta property=\"og:type\" content=\"article\" \/>\n<meta property=\"og:title\" content=\"DS4M Mediterr\u00e1neo - DS4M Mediterr\u00e1neo Representatives Participate in the 16th ITS Spain Congress\" \/>\n<meta property=\"og:description\" content=\"he 16th ITS Spain Congress, held from May 19 to 21 in Seville, was a key event for the ecosystem of clean, resilient, and intelligent mobility in Spain.\" \/>\n<meta property=\"og:url\" content=\"https:\/\/ds4mmed.uv.es\/index.php\/en\/ds4mmed-representatives-participate-16th-its-spain-congress\/\" \/>\n<meta property=\"og:site_name\" content=\"DS4M Mediterr\u00e1neo\" \/>\n<meta property=\"article:modified_time\" content=\"2025-11-26T09:47:45+00:00\" \/>\n<meta property=\"og:image\" content=\"https:\/\/ds4mmed.uv.es\/wp-content\/uploads\/2025\/11\/Noticia14.png\" \/>\n<meta name=\"twitter:card\" content=\"summary_large_image\" \/>\n<meta name=\"twitter:label1\" content=\"Tiempo de lectura\" \/>\n\t<meta name=\"twitter:data1\" content=\"1 minuto\" \/>\n<script type=\"application\/ld+json\" class=\"yoast-schema-graph\">{\"@context\":\"https:\\\/\\\/schema.org\",\"@graph\":[{\"@type\":\"WebPage\",\"@id\":\"https:\\\/\\\/ds4mmed.uv.es\\\/index.php\\\/en\\\/ds4mmed-representatives-participate-16th-its-spain-congress\\\/\",\"url\":\"https:\\\/\\\/ds4mmed.uv.es\\\/index.php\\\/en\\\/ds4mmed-representatives-participate-16th-its-spain-congress\\\/\",\"name\":\"DS4M Mediterr\u00e1neo - DS4M Mediterr\u00e1neo Representatives Participate in the 16th ITS Spain Congress\",\"isPartOf\":{\"@id\":\"https:\\\/\\\/ds4mmed.uv.es\\\/#website\"},\"primaryImageOfPage\":{\"@id\":\"https:\\\/\\\/ds4mmed.uv.es\\\/index.php\\\/en\\\/ds4mmed-representatives-participate-16th-its-spain-congress\\\/#primaryimage\"},\"image\":{\"@id\":\"https:\\\/\\\/ds4mmed.uv.es\\\/index.php\\\/en\\\/ds4mmed-representatives-participate-16th-its-spain-congress\\\/#primaryimage\"},\"thumbnailUrl\":\"https:\\\/\\\/ds4mmed.uv.es\\\/wp-content\\\/uploads\\\/2025\\\/11\\\/Noticia14.png\",\"datePublished\":\"2025-11-20T09:35:32+00:00\",\"dateModified\":\"2025-11-26T09:47:45+00:00\",\"description\":\"he 16th ITS Spain Congress, held from May 19 to 21 in Seville, was a key event for the ecosystem of clean, resilient, and intelligent mobility in Spain.\",\"breadcrumb\":{\"@id\":\"https:\\\/\\\/ds4mmed.uv.es\\\/index.php\\\/en\\\/ds4mmed-representatives-participate-16th-its-spain-congress\\\/#breadcrumb\"},\"inLanguage\":\"es\",\"potentialAction\":[{\"@type\":\"ReadAction\",\"target\":[\"https:\\\/\\\/ds4mmed.uv.es\\\/index.php\\\/en\\\/ds4mmed-representatives-participate-16th-its-spain-congress\\\/\"]}]},{\"@type\":\"ImageObject\",\"inLanguage\":\"es\",\"@id\":\"https:\\\/\\\/ds4mmed.uv.es\\\/index.php\\\/en\\\/ds4mmed-representatives-participate-16th-its-spain-congress\\\/#primaryimage\",\"url\":\"https:\\\/\\\/ds4mmed.uv.es\\\/wp-content\\\/uploads\\\/2025\\\/11\\\/Noticia14.png\",\"contentUrl\":\"https:\\\/\\\/ds4mmed.uv.es\\\/wp-content\\\/uploads\\\/2025\\\/11\\\/Noticia14.png\",\"width\":1072,\"height\":706},{\"@type\":\"BreadcrumbList\",\"@id\":\"https:\\\/\\\/ds4mmed.uv.es\\\/index.php\\\/en\\\/ds4mmed-representatives-participate-16th-its-spain-congress\\\/#breadcrumb\",\"itemListElement\":[{\"@type\":\"ListItem\",\"position\":1,\"name\":\"Portada\",\"item\":\"https:\\\/\\\/ds4mmed.uv.es\\\/index.php\\\/es\\\/\"},{\"@type\":\"ListItem\",\"position\":2,\"name\":\"Noticia 14 &#8211; DS4M Mediterr\u00e1neo Representatives Participate in the 16th ITS Spain Congress\"}]},{\"@type\":\"WebSite\",\"@id\":\"https:\\\/\\\/ds4mmed.uv.es\\\/#website\",\"url\":\"https:\\\/\\\/ds4mmed.uv.es\\\/\",\"name\":\"DS4M Mediterr\u00e1neo\",\"description\":\"\",\"publisher\":{\"@id\":\"https:\\\/\\\/ds4mmed.uv.es\\\/#organization\"},\"potentialAction\":[{\"@type\":\"SearchAction\",\"target\":{\"@type\":\"EntryPoint\",\"urlTemplate\":\"https:\\\/\\\/ds4mmed.uv.es\\\/?s={search_term_string}\"},\"query-input\":{\"@type\":\"PropertyValueSpecification\",\"valueRequired\":true,\"valueName\":\"search_term_string\"}}],\"inLanguage\":\"es\"},{\"@type\":\"Organization\",\"@id\":\"https:\\\/\\\/ds4mmed.uv.es\\\/#organization\",\"name\":\"DS4M Mediterr\u00e1neo\",\"url\":\"https:\\\/\\\/ds4mmed.uv.es\\\/\",\"logo\":{\"@type\":\"ImageObject\",\"inLanguage\":\"es\",\"@id\":\"https:\\\/\\\/ds4mmed.uv.es\\\/#\\\/schema\\\/logo\\\/image\\\/\",\"url\":\"https:\\\/\\\/ds4mmed.uv.es\\\/wp-content\\\/uploads\\\/2025\\\/07\\\/Logo-cambio-resolucion-scaled.png\",\"contentUrl\":\"https:\\\/\\\/ds4mmed.uv.es\\\/wp-content\\\/uploads\\\/2025\\\/07\\\/Logo-cambio-resolucion-scaled.png\",\"width\":2560,\"height\":980,\"caption\":\"DS4M Mediterr\u00e1neo\"},\"image\":{\"@id\":\"https:\\\/\\\/ds4mmed.uv.es\\\/#\\\/schema\\\/logo\\\/image\\\/\"}}]}<\/script>\n<!-- \/ Yoast SEO plugin. -->","yoast_head_json":{"title":"DS4M Mediterr\u00e1neo - DS4M Mediterr\u00e1neo Representatives Participate in the 16th ITS Spain Congress","description":"he 16th ITS Spain Congress, held from May 19 to 21 in Seville, was a key event for the ecosystem of clean, resilient, and intelligent mobility in Spain.","robots":{"index":"index","follow":"follow","max-snippet":"max-snippet:-1","max-image-preview":"max-image-preview:large","max-video-preview":"max-video-preview:-1"},"canonical":"https:\/\/ds4mmed.uv.es\/index.php\/en\/ds4mmed-representatives-participate-16th-its-spain-congress\/","og_locale":"es_ES","og_type":"article","og_title":"DS4M Mediterr\u00e1neo - DS4M Mediterr\u00e1neo Representatives Participate in the 16th ITS Spain Congress","og_description":"he 16th ITS Spain Congress, held from May 19 to 21 in Seville, was a key event for the ecosystem of clean, resilient, and intelligent mobility in Spain.","og_url":"https:\/\/ds4mmed.uv.es\/index.php\/en\/ds4mmed-representatives-participate-16th-its-spain-congress\/","og_site_name":"DS4M Mediterr\u00e1neo","article_modified_time":"2025-11-26T09:47:45+00:00","og_image":[{"url":"https:\/\/ds4mmed.uv.es\/wp-content\/uploads\/2025\/11\/Noticia14.png","type":"","width":"","height":""}],"twitter_card":"summary_large_image","twitter_misc":{"Tiempo de lectura":"1 minuto"},"schema":{"@context":"https:\/\/schema.org","@graph":[{"@type":"WebPage","@id":"https:\/\/ds4mmed.uv.es\/index.php\/en\/ds4mmed-representatives-participate-16th-its-spain-congress\/","url":"https:\/\/ds4mmed.uv.es\/index.php\/en\/ds4mmed-representatives-participate-16th-its-spain-congress\/","name":"DS4M Mediterr\u00e1neo - DS4M Mediterr\u00e1neo Representatives Participate in the 16th ITS Spain Congress","isPartOf":{"@id":"https:\/\/ds4mmed.uv.es\/#website"},"primaryImageOfPage":{"@id":"https:\/\/ds4mmed.uv.es\/index.php\/en\/ds4mmed-representatives-participate-16th-its-spain-congress\/#primaryimage"},"image":{"@id":"https:\/\/ds4mmed.uv.es\/index.php\/en\/ds4mmed-representatives-participate-16th-its-spain-congress\/#primaryimage"},"thumbnailUrl":"https:\/\/ds4mmed.uv.es\/wp-content\/uploads\/2025\/11\/Noticia14.png","datePublished":"2025-11-20T09:35:32+00:00","dateModified":"2025-11-26T09:47:45+00:00","description":"he 16th ITS Spain Congress, held from May 19 to 21 in Seville, was a key event for the ecosystem of clean, resilient, and intelligent mobility in Spain.","breadcrumb":{"@id":"https:\/\/ds4mmed.uv.es\/index.php\/en\/ds4mmed-representatives-participate-16th-its-spain-congress\/#breadcrumb"},"inLanguage":"es","potentialAction":[{"@type":"ReadAction","target":["https:\/\/ds4mmed.uv.es\/index.php\/en\/ds4mmed-representatives-participate-16th-its-spain-congress\/"]}]},{"@type":"ImageObject","inLanguage":"es","@id":"https:\/\/ds4mmed.uv.es\/index.php\/en\/ds4mmed-representatives-participate-16th-its-spain-congress\/#primaryimage","url":"https:\/\/ds4mmed.uv.es\/wp-content\/uploads\/2025\/11\/Noticia14.png","contentUrl":"https:\/\/ds4mmed.uv.es\/wp-content\/uploads\/2025\/11\/Noticia14.png","width":1072,"height":706},{"@type":"BreadcrumbList","@id":"https:\/\/ds4mmed.uv.es\/index.php\/en\/ds4mmed-representatives-participate-16th-its-spain-congress\/#breadcrumb","itemListElement":[{"@type":"ListItem","position":1,"name":"Portada","item":"https:\/\/ds4mmed.uv.es\/index.php\/es\/"},{"@type":"ListItem","position":2,"name":"Noticia 14 &#8211; DS4M Mediterr\u00e1neo Representatives Participate in the 16th ITS Spain Congress"}]},{"@type":"WebSite","@id":"https:\/\/ds4mmed.uv.es\/#website","url":"https:\/\/ds4mmed.uv.es\/","name":"DS4M Mediterr\u00e1neo","description":"","publisher":{"@id":"https:\/\/ds4mmed.uv.es\/#organization"},"potentialAction":[{"@type":"SearchAction","target":{"@type":"EntryPoint","urlTemplate":"https:\/\/ds4mmed.uv.es\/?s={search_term_string}"},"query-input":{"@type":"PropertyValueSpecification","valueRequired":true,"valueName":"search_term_string"}}],"inLanguage":"es"},{"@type":"Organization","@id":"https:\/\/ds4mmed.uv.es\/#organization","name":"DS4M Mediterr\u00e1neo","url":"https:\/\/ds4mmed.uv.es\/","logo":{"@type":"ImageObject","inLanguage":"es","@id":"https:\/\/ds4mmed.uv.es\/#\/schema\/logo\/image\/","url":"https:\/\/ds4mmed.uv.es\/wp-content\/uploads\/2025\/07\/Logo-cambio-resolucion-scaled.png","contentUrl":"https:\/\/ds4mmed.uv.es\/wp-content\/uploads\/2025\/07\/Logo-cambio-resolucion-scaled.png","width":2560,"height":980,"caption":"DS4M Mediterr\u00e1neo"},"image":{"@id":"https:\/\/ds4mmed.uv.es\/#\/schema\/logo\/image\/"}}]}},"_links":{"self":[{"href":"https:\/\/ds4mmed.uv.es\/index.php\/wp-json\/wp\/v2\/pages\/7936","targetHints":{"allow":["GET"]}}],"collection":[{"href":"https:\/\/ds4mmed.uv.es\/index.php\/wp-json\/wp\/v2\/pages"}],"about":[{"href":"https:\/\/ds4mmed.uv.es\/index.php\/wp-json\/wp\/v2\/types\/page"}],"author":[{"embeddable":true,"href":"https:\/\/ds4mmed.uv.es\/index.php\/wp-json\/wp\/v2\/users\/1"}],"replies":[{"embeddable":true,"href":"https:\/\/ds4mmed.uv.es\/index.php\/wp-json\/wp\/v2\/comments?post=7936"}],"version-history":[{"count":12,"href":"https:\/\/ds4mmed.uv.es\/index.php\/wp-json\/wp\/v2\/pages\/7936\/revisions"}],"predecessor-version":[{"id":9205,"href":"https:\/\/ds4mmed.uv.es\/index.php\/wp-json\/wp\/v2\/pages\/7936\/revisions\/9205"}],"wp:attachment":[{"href":"https:\/\/ds4mmed.uv.es\/index.php\/wp-json\/wp\/v2\/media?parent=7936"}],"curies":[{"name":"wp","href":"https:\/\/api.w.org\/{rel}","templated":true}]}}