{"id":7697,"date":"2025-11-20T10:20:29","date_gmt":"2025-11-20T09:20:29","guid":{"rendered":"https:\/\/ds4mmed.uv.es\/?page_id=7697"},"modified":"2025-11-26T10:57:15","modified_gmt":"2025-11-26T09:57:15","slug":"ds4mmed-eligible-data-space-kit","status":"publish","type":"page","link":"https:\/\/ds4mmed.uv.es\/index.php\/en\/ds4mmed-eligible-data-space-kit\/","title":{"rendered":"Noticia 26 &#8211; DS4M Mediterr\u00e1neo as an Eligible Data Space for the Data Space Kit"},"content":{"rendered":"\t\t<div data-elementor-type=\"wp-page\" data-elementor-id=\"7697\" class=\"elementor elementor-7697\">\n\t\t\t\t<div class=\"elementor-element elementor-element-6c62525 e-flex e-con-boxed e-con e-child\" data-id=\"6c62525\" data-element_type=\"container\" data-e-type=\"container\" data-settings=\"{&quot;background_background&quot;:&quot;classic&quot;}\">\n\t\t\t\t\t<div class=\"e-con-inner\">\n\t\t<div class=\"elementor-element elementor-element-6debc5d e-con-full e-flex e-con e-child\" data-id=\"6debc5d\" data-element_type=\"container\" data-e-type=\"container\">\n\t\t<div class=\"elementor-element elementor-element-3b5bf26 e-con-full e-flex elementor-invisible e-con e-child\" data-id=\"3b5bf26\" data-element_type=\"container\" data-e-type=\"container\" data-settings=\"{&quot;animation&quot;:&quot;fadeInLeft&quot;}\">\n\t\t\t\t<div class=\"elementor-element elementor-element-da9e6f3 elementor-widget elementor-widget-heading\" data-id=\"da9e6f3\" data-element_type=\"widget\" data-e-type=\"widget\" data-widget_type=\"heading.default\">\n\t\t\t\t\t<h1 class=\"elementor-heading-title elementor-size-default\">DS4M Mediterr\u00e1neo as an Eligible Data Space for the Data Space Kit\n<\/h1>\t\t\t\t<\/div>\n\t\t\t\t<div class=\"elementor-element elementor-element-e2a4a87 elementor-icon-list--layout-inline elementor-align-center elementor-list-item-link-full_width elementor-widget elementor-widget-icon-list\" data-id=\"e2a4a87\" data-element_type=\"widget\" data-e-type=\"widget\" data-widget_type=\"icon-list.default\">\n\t\t\t\t\t\t\t<ul class=\"elementor-icon-list-items elementor-inline-items\">\n\t\t\t\t\t\t\t<li class=\"elementor-icon-list-item elementor-inline-item\">\n\t\t\t\t\t\t\t\t\t\t<span class=\"elementor-icon-list-text\">Published on October 28, 2025<\/span>\n\t\t\t\t\t\t\t\t\t<\/li>\n\t\t\t\t\t\t<\/ul>\n\t\t\t\t\t\t<\/div>\n\t\t\t\t<\/div>\n\t\t\t\t<div class=\"elementor-element elementor-element-89ea136 elementor-invisible elementor-widget elementor-widget-image\" data-id=\"89ea136\" data-element_type=\"widget\" data-e-type=\"widget\" data-settings=\"{&quot;_animation&quot;:&quot;fadeInRight&quot;}\" data-widget_type=\"image.default\">\n\t\t\t\t\t\t\t\t\t\t\t\t\t\t\t<img decoding=\"async\" src=\"https:\/\/ds4mmed.uv.es\/wp-content\/uploads\/elementor\/thumbs\/Noticia26_Ingles-1-rf9p9xqyxsnlmi298hh9976piiixslkurtargvh46u.png\" title=\"Noticia26_Ingles\" alt=\"Noticia26_Ingles\" loading=\"lazy\" \/>\t\t\t\t\t\t\t\t\t\t\t\t\t\t\t<\/div>\n\t\t\t\t<\/div>\n\t\t<div class=\"elementor-element elementor-element-aac12f8 e-con-full e-flex elementor-invisible e-con e-child\" data-id=\"aac12f8\" data-element_type=\"container\" data-e-type=\"container\" data-settings=\"{&quot;animation&quot;:&quot;fadeInUp&quot;}\">\n\t\t\t\t<div class=\"elementor-element elementor-element-0c8df65 elementor-widget__width-initial elementor-widget-mobile__width-inherit elementor-widget-tablet__width-inherit elementor-widget elementor-widget-text-editor\" data-id=\"0c8df65\" data-element_type=\"widget\" data-e-type=\"widget\" data-widget_type=\"text-editor.default\">\n\t\t\t\t\t\t\t\t\t<div>\n<p>The Centro de Referencia de Espacios de Datos&nbsp;(CRED) has officially included DS4M Mediterr\u00e1neo within the national ecosystem as one of the eligible Data Spaces.<\/p>\n<p>This recognition represents a significant step forward in our commitment to building a secure, interoperable data environment oriented toward the public interest, where intelligent mobility is supported by data sharing based on principles of sovereignty, transparency, and social utility. It also reinforces our position as a reference initiative in the field of Mobility Data Spaces and encourages us to continue consolidating strategic alliances along the Mediterranean Corridor.<\/p>\n<p>DS4M Mediterr\u00e1neo will continue advancing toward a more efficient, collaborative, and sustainable mobility model, contributing to a digital transformation grounded in the value of data.<\/p>\n<p><a href=\"https:\/\/cred.digital.gob.es\/content\/dam\/cred\/img\/docs\/Espacios_de_Datos_Elegibles_KTED.pdf\" target=\"_blank\" rel=\"noopener\">More information<\/a><\/p>\n<\/div>\t\t\t\t\t\t\t\t<\/div>\n\t\t\t\t<\/div>\n\t\t\t\t\t<\/div>\n\t\t\t\t<\/div>\n\t\t\t\t<\/div>\n\t\t","protected":false},"excerpt":{"rendered":"<p>DS4M Mediterr\u00e1neo as an Eligible Data Space for the Data Space Kit Published on October 28, 2025 The Centro de Referencia de Espacios de Datos&nbsp;(CRED) has officially included DS4M Mediterr\u00e1neo within the national ecosystem as one of the eligible Data Spaces. This recognition represents a significant step forward in our commitment to building a secure, [&hellip;]<\/p>\n","protected":false},"author":1,"featured_media":0,"parent":0,"menu_order":0,"comment_status":"closed","ping_status":"closed","template":"","meta":{"footnotes":""},"class_list":["post-7697","page","type-page","status-publish","hentry"],"yoast_head":"<!-- This site is optimized with the Yoast SEO plugin v27.4 - https:\/\/yoast.com\/product\/yoast-seo-wordpress\/ -->\n<title>DS4M Mediterr\u00e1neo -DS4M Mediterr\u00e1neo as an Eligible Data Space for the Data Space Kit<\/title>\n<meta name=\"description\" content=\"CRED has officially included DS4M Mediterr\u00e1neo within the national ecosystem as one of the eligible Data Spaces.\" \/>\n<meta name=\"robots\" content=\"index, follow, max-snippet:-1, max-image-preview:large, max-video-preview:-1\" \/>\n<link rel=\"canonical\" href=\"https:\/\/ds4mmed.uv.es\/index.php\/en\/ds4mmed-eligible-data-space-kit\/\" \/>\n<meta property=\"og:locale\" content=\"es_ES\" \/>\n<meta property=\"og:type\" content=\"article\" \/>\n<meta property=\"og:title\" content=\"DS4M Mediterr\u00e1neo -DS4M Mediterr\u00e1neo as an Eligible Data Space for the Data Space Kit\" \/>\n<meta property=\"og:description\" content=\"CRED has officially included DS4M Mediterr\u00e1neo within the national ecosystem as one of the eligible Data Spaces.\" \/>\n<meta property=\"og:url\" content=\"https:\/\/ds4mmed.uv.es\/index.php\/en\/ds4mmed-eligible-data-space-kit\/\" \/>\n<meta property=\"og:site_name\" content=\"DS4M Mediterr\u00e1neo\" \/>\n<meta property=\"article:modified_time\" content=\"2025-11-26T09:57:15+00:00\" \/>\n<meta property=\"og:image\" content=\"https:\/\/ds4mmed.uv.es\/wp-content\/uploads\/elementor\/thumbs\/Noticia26_Ingles-1-rf9p9xqyxsnlmi298hh9976piiixslkurtar3n67sw.png\" \/>\n<meta name=\"twitter:card\" content=\"summary_large_image\" \/>\n<meta name=\"twitter:label1\" content=\"Tiempo de lectura\" \/>\n\t<meta name=\"twitter:data1\" content=\"1 minuto\" \/>\n<script type=\"application\/ld+json\" class=\"yoast-schema-graph\">{\"@context\":\"https:\\\/\\\/schema.org\",\"@graph\":[{\"@type\":\"WebPage\",\"@id\":\"https:\\\/\\\/ds4mmed.uv.es\\\/index.php\\\/en\\\/ds4mmed-eligible-data-space-kit\\\/\",\"url\":\"https:\\\/\\\/ds4mmed.uv.es\\\/index.php\\\/en\\\/ds4mmed-eligible-data-space-kit\\\/\",\"name\":\"DS4M Mediterr\u00e1neo -DS4M Mediterr\u00e1neo as an Eligible Data Space for the Data Space Kit\",\"isPartOf\":{\"@id\":\"https:\\\/\\\/ds4mmed.uv.es\\\/#website\"},\"primaryImageOfPage\":{\"@id\":\"https:\\\/\\\/ds4mmed.uv.es\\\/index.php\\\/en\\\/ds4mmed-eligible-data-space-kit\\\/#primaryimage\"},\"image\":{\"@id\":\"https:\\\/\\\/ds4mmed.uv.es\\\/index.php\\\/en\\\/ds4mmed-eligible-data-space-kit\\\/#primaryimage\"},\"thumbnailUrl\":\"https:\\\/\\\/ds4mmed.uv.es\\\/wp-content\\\/uploads\\\/elementor\\\/thumbs\\\/Noticia26_Ingles-1-rf9p9xqyxsnlmi298hh9976piiixslkurtar3n67sw.png\",\"datePublished\":\"2025-11-20T09:20:29+00:00\",\"dateModified\":\"2025-11-26T09:57:15+00:00\",\"description\":\"CRED has officially included DS4M Mediterr\u00e1neo within the national ecosystem as one of the eligible Data Spaces.\",\"breadcrumb\":{\"@id\":\"https:\\\/\\\/ds4mmed.uv.es\\\/index.php\\\/en\\\/ds4mmed-eligible-data-space-kit\\\/#breadcrumb\"},\"inLanguage\":\"es\",\"potentialAction\":[{\"@type\":\"ReadAction\",\"target\":[\"https:\\\/\\\/ds4mmed.uv.es\\\/index.php\\\/en\\\/ds4mmed-eligible-data-space-kit\\\/\"]}]},{\"@type\":\"ImageObject\",\"inLanguage\":\"es\",\"@id\":\"https:\\\/\\\/ds4mmed.uv.es\\\/index.php\\\/en\\\/ds4mmed-eligible-data-space-kit\\\/#primaryimage\",\"url\":\"https:\\\/\\\/ds4mmed.uv.es\\\/wp-content\\\/uploads\\\/elementor\\\/thumbs\\\/Noticia26_Ingles-1-rf9p9xqyxsnlmi298hh9976piiixslkurtar3n67sw.png\",\"contentUrl\":\"https:\\\/\\\/ds4mmed.uv.es\\\/wp-content\\\/uploads\\\/elementor\\\/thumbs\\\/Noticia26_Ingles-1-rf9p9xqyxsnlmi298hh9976piiixslkurtar3n67sw.png\"},{\"@type\":\"BreadcrumbList\",\"@id\":\"https:\\\/\\\/ds4mmed.uv.es\\\/index.php\\\/en\\\/ds4mmed-eligible-data-space-kit\\\/#breadcrumb\",\"itemListElement\":[{\"@type\":\"ListItem\",\"position\":1,\"name\":\"Portada\",\"item\":\"https:\\\/\\\/ds4mmed.uv.es\\\/index.php\\\/es\\\/\"},{\"@type\":\"ListItem\",\"position\":2,\"name\":\"Noticia 26 &#8211; DS4M Mediterr\u00e1neo as an Eligible Data Space for the Data Space Kit\"}]},{\"@type\":\"WebSite\",\"@id\":\"https:\\\/\\\/ds4mmed.uv.es\\\/#website\",\"url\":\"https:\\\/\\\/ds4mmed.uv.es\\\/\",\"name\":\"DS4M Mediterr\u00e1neo\",\"description\":\"\",\"publisher\":{\"@id\":\"https:\\\/\\\/ds4mmed.uv.es\\\/#organization\"},\"potentialAction\":[{\"@type\":\"SearchAction\",\"target\":{\"@type\":\"EntryPoint\",\"urlTemplate\":\"https:\\\/\\\/ds4mmed.uv.es\\\/?s={search_term_string}\"},\"query-input\":{\"@type\":\"PropertyValueSpecification\",\"valueRequired\":true,\"valueName\":\"search_term_string\"}}],\"inLanguage\":\"es\"},{\"@type\":\"Organization\",\"@id\":\"https:\\\/\\\/ds4mmed.uv.es\\\/#organization\",\"name\":\"DS4M Mediterr\u00e1neo\",\"url\":\"https:\\\/\\\/ds4mmed.uv.es\\\/\",\"logo\":{\"@type\":\"ImageObject\",\"inLanguage\":\"es\",\"@id\":\"https:\\\/\\\/ds4mmed.uv.es\\\/#\\\/schema\\\/logo\\\/image\\\/\",\"url\":\"https:\\\/\\\/ds4mmed.uv.es\\\/wp-content\\\/uploads\\\/2025\\\/07\\\/Logo-cambio-resolucion-scaled.png\",\"contentUrl\":\"https:\\\/\\\/ds4mmed.uv.es\\\/wp-content\\\/uploads\\\/2025\\\/07\\\/Logo-cambio-resolucion-scaled.png\",\"width\":2560,\"height\":980,\"caption\":\"DS4M Mediterr\u00e1neo\"},\"image\":{\"@id\":\"https:\\\/\\\/ds4mmed.uv.es\\\/#\\\/schema\\\/logo\\\/image\\\/\"}}]}<\/script>\n<!-- \/ Yoast SEO plugin. -->","yoast_head_json":{"title":"DS4M Mediterr\u00e1neo -DS4M Mediterr\u00e1neo as an Eligible Data Space for the Data Space Kit","description":"CRED has officially included DS4M Mediterr\u00e1neo within the national ecosystem as one of the eligible Data Spaces.","robots":{"index":"index","follow":"follow","max-snippet":"max-snippet:-1","max-image-preview":"max-image-preview:large","max-video-preview":"max-video-preview:-1"},"canonical":"https:\/\/ds4mmed.uv.es\/index.php\/en\/ds4mmed-eligible-data-space-kit\/","og_locale":"es_ES","og_type":"article","og_title":"DS4M Mediterr\u00e1neo -DS4M Mediterr\u00e1neo as an Eligible Data Space for the Data Space Kit","og_description":"CRED has officially included DS4M Mediterr\u00e1neo within the national ecosystem as one of the eligible Data Spaces.","og_url":"https:\/\/ds4mmed.uv.es\/index.php\/en\/ds4mmed-eligible-data-space-kit\/","og_site_name":"DS4M Mediterr\u00e1neo","article_modified_time":"2025-11-26T09:57:15+00:00","og_image":[{"url":"https:\/\/ds4mmed.uv.es\/wp-content\/uploads\/elementor\/thumbs\/Noticia26_Ingles-1-rf9p9xqyxsnlmi298hh9976piiixslkurtar3n67sw.png","type":"","width":"","height":""}],"twitter_card":"summary_large_image","twitter_misc":{"Tiempo de lectura":"1 minuto"},"schema":{"@context":"https:\/\/schema.org","@graph":[{"@type":"WebPage","@id":"https:\/\/ds4mmed.uv.es\/index.php\/en\/ds4mmed-eligible-data-space-kit\/","url":"https:\/\/ds4mmed.uv.es\/index.php\/en\/ds4mmed-eligible-data-space-kit\/","name":"DS4M Mediterr\u00e1neo -DS4M Mediterr\u00e1neo as an Eligible Data Space for the Data Space Kit","isPartOf":{"@id":"https:\/\/ds4mmed.uv.es\/#website"},"primaryImageOfPage":{"@id":"https:\/\/ds4mmed.uv.es\/index.php\/en\/ds4mmed-eligible-data-space-kit\/#primaryimage"},"image":{"@id":"https:\/\/ds4mmed.uv.es\/index.php\/en\/ds4mmed-eligible-data-space-kit\/#primaryimage"},"thumbnailUrl":"https:\/\/ds4mmed.uv.es\/wp-content\/uploads\/elementor\/thumbs\/Noticia26_Ingles-1-rf9p9xqyxsnlmi298hh9976piiixslkurtar3n67sw.png","datePublished":"2025-11-20T09:20:29+00:00","dateModified":"2025-11-26T09:57:15+00:00","description":"CRED has officially included DS4M Mediterr\u00e1neo within the national ecosystem as one of the eligible Data Spaces.","breadcrumb":{"@id":"https:\/\/ds4mmed.uv.es\/index.php\/en\/ds4mmed-eligible-data-space-kit\/#breadcrumb"},"inLanguage":"es","potentialAction":[{"@type":"ReadAction","target":["https:\/\/ds4mmed.uv.es\/index.php\/en\/ds4mmed-eligible-data-space-kit\/"]}]},{"@type":"ImageObject","inLanguage":"es","@id":"https:\/\/ds4mmed.uv.es\/index.php\/en\/ds4mmed-eligible-data-space-kit\/#primaryimage","url":"https:\/\/ds4mmed.uv.es\/wp-content\/uploads\/elementor\/thumbs\/Noticia26_Ingles-1-rf9p9xqyxsnlmi298hh9976piiixslkurtar3n67sw.png","contentUrl":"https:\/\/ds4mmed.uv.es\/wp-content\/uploads\/elementor\/thumbs\/Noticia26_Ingles-1-rf9p9xqyxsnlmi298hh9976piiixslkurtar3n67sw.png"},{"@type":"BreadcrumbList","@id":"https:\/\/ds4mmed.uv.es\/index.php\/en\/ds4mmed-eligible-data-space-kit\/#breadcrumb","itemListElement":[{"@type":"ListItem","position":1,"name":"Portada","item":"https:\/\/ds4mmed.uv.es\/index.php\/es\/"},{"@type":"ListItem","position":2,"name":"Noticia 26 &#8211; DS4M Mediterr\u00e1neo as an Eligible Data Space for the Data Space Kit"}]},{"@type":"WebSite","@id":"https:\/\/ds4mmed.uv.es\/#website","url":"https:\/\/ds4mmed.uv.es\/","name":"DS4M Mediterr\u00e1neo","description":"","publisher":{"@id":"https:\/\/ds4mmed.uv.es\/#organization"},"potentialAction":[{"@type":"SearchAction","target":{"@type":"EntryPoint","urlTemplate":"https:\/\/ds4mmed.uv.es\/?s={search_term_string}"},"query-input":{"@type":"PropertyValueSpecification","valueRequired":true,"valueName":"search_term_string"}}],"inLanguage":"es"},{"@type":"Organization","@id":"https:\/\/ds4mmed.uv.es\/#organization","name":"DS4M Mediterr\u00e1neo","url":"https:\/\/ds4mmed.uv.es\/","logo":{"@type":"ImageObject","inLanguage":"es","@id":"https:\/\/ds4mmed.uv.es\/#\/schema\/logo\/image\/","url":"https:\/\/ds4mmed.uv.es\/wp-content\/uploads\/2025\/07\/Logo-cambio-resolucion-scaled.png","contentUrl":"https:\/\/ds4mmed.uv.es\/wp-content\/uploads\/2025\/07\/Logo-cambio-resolucion-scaled.png","width":2560,"height":980,"caption":"DS4M Mediterr\u00e1neo"},"image":{"@id":"https:\/\/ds4mmed.uv.es\/#\/schema\/logo\/image\/"}}]}},"_links":{"self":[{"href":"https:\/\/ds4mmed.uv.es\/index.php\/wp-json\/wp\/v2\/pages\/7697","targetHints":{"allow":["GET"]}}],"collection":[{"href":"https:\/\/ds4mmed.uv.es\/index.php\/wp-json\/wp\/v2\/pages"}],"about":[{"href":"https:\/\/ds4mmed.uv.es\/index.php\/wp-json\/wp\/v2\/types\/page"}],"author":[{"embeddable":true,"href":"https:\/\/ds4mmed.uv.es\/index.php\/wp-json\/wp\/v2\/users\/1"}],"replies":[{"embeddable":true,"href":"https:\/\/ds4mmed.uv.es\/index.php\/wp-json\/wp\/v2\/comments?post=7697"}],"version-history":[{"count":21,"href":"https:\/\/ds4mmed.uv.es\/index.php\/wp-json\/wp\/v2\/pages\/7697\/revisions"}],"predecessor-version":[{"id":9233,"href":"https:\/\/ds4mmed.uv.es\/index.php\/wp-json\/wp\/v2\/pages\/7697\/revisions\/9233"}],"wp:attachment":[{"href":"https:\/\/ds4mmed.uv.es\/index.php\/wp-json\/wp\/v2\/media?parent=7697"}],"curies":[{"name":"wp","href":"https:\/\/api.w.org\/{rel}","templated":true}]}}