{"id":7696,"date":"2025-11-20T10:18:44","date_gmt":"2025-11-20T09:18:44","guid":{"rendered":"https:\/\/ds4mmed.uv.es\/?page_id=7696"},"modified":"2025-11-26T10:33:03","modified_gmt":"2025-11-26T09:33:03","slug":"congreso-psicologia-juridica-forense-eng","status":"publish","type":"page","link":"https:\/\/ds4mmed.uv.es\/index.php\/en\/congreso-psicologia-juridica-forense-eng\/","title":{"rendered":"Noticia 25 &#8211; XVI Congreso (Inter)Nacional de Psicolog\u00eda Jur\u00eddica y Forense"},"content":{"rendered":"\t\t<div data-elementor-type=\"wp-page\" data-elementor-id=\"7696\" class=\"elementor elementor-7696\">\n\t\t\t\t<div class=\"elementor-element elementor-element-6c62525 e-flex e-con-boxed e-con e-child\" data-id=\"6c62525\" data-element_type=\"container\" data-e-type=\"container\" data-settings=\"{&quot;background_background&quot;:&quot;classic&quot;}\">\n\t\t\t\t\t<div class=\"e-con-inner\">\n\t\t<div class=\"elementor-element elementor-element-6debc5d e-con-full e-flex e-con e-child\" data-id=\"6debc5d\" data-element_type=\"container\" data-e-type=\"container\">\n\t\t<div class=\"elementor-element elementor-element-3b5bf26 e-con-full e-flex elementor-invisible e-con e-child\" data-id=\"3b5bf26\" data-element_type=\"container\" data-e-type=\"container\" data-settings=\"{&quot;animation&quot;:&quot;fadeInLeft&quot;}\">\n\t\t\t\t<div class=\"elementor-element elementor-element-da9e6f3 elementor-widget elementor-widget-heading\" data-id=\"da9e6f3\" data-element_type=\"widget\" data-e-type=\"widget\" data-widget_type=\"heading.default\">\n\t\t\t\t\t<h1 class=\"elementor-heading-title elementor-size-default\">XVI Congreso (Inter)Nacional de Psicolog\u00eda Jur\u00eddica y Forense\n<\/h1>\t\t\t\t<\/div>\n\t\t\t\t<div class=\"elementor-element elementor-element-e2a4a87 elementor-icon-list--layout-inline elementor-align-center elementor-list-item-link-full_width elementor-widget elementor-widget-icon-list\" data-id=\"e2a4a87\" data-element_type=\"widget\" data-e-type=\"widget\" data-widget_type=\"icon-list.default\">\n\t\t\t\t\t\t\t<ul class=\"elementor-icon-list-items elementor-inline-items\">\n\t\t\t\t\t\t\t<li class=\"elementor-icon-list-item elementor-inline-item\">\n\t\t\t\t\t\t\t\t\t\t<span class=\"elementor-icon-list-text\">Published on October 23, 2025<\/span>\n\t\t\t\t\t\t\t\t\t<\/li>\n\t\t\t\t\t\t<\/ul>\n\t\t\t\t\t\t<\/div>\n\t\t\t\t<\/div>\n\t\t\t\t<div class=\"elementor-element elementor-element-89ea136 elementor-invisible elementor-widget elementor-widget-image\" data-id=\"89ea136\" data-element_type=\"widget\" data-e-type=\"widget\" data-settings=\"{&quot;_animation&quot;:&quot;fadeInRight&quot;}\" data-widget_type=\"image.default\">\n\t\t\t\t\t\t\t\t\t\t\t\t\t\t\t<img fetchpriority=\"high\" decoding=\"async\" width=\"512\" height=\"239\" src=\"https:\/\/ds4mmed.uv.es\/wp-content\/uploads\/2025\/11\/sociedad-espanola-de-psico.png\" class=\"attachment-medium_large size-medium_large wp-image-5631\" alt=\"\" srcset=\"https:\/\/ds4mmed.uv.es\/wp-content\/uploads\/2025\/11\/sociedad-espanola-de-psico.png 512w, https:\/\/ds4mmed.uv.es\/wp-content\/uploads\/2025\/11\/sociedad-espanola-de-psico-300x140.png 300w\" sizes=\"(max-width: 512px) 100vw, 512px\" \/>\t\t\t\t\t\t\t\t\t\t\t\t\t\t\t<\/div>\n\t\t\t\t<\/div>\n\t\t<div class=\"elementor-element elementor-element-aac12f8 e-con-full e-flex elementor-invisible e-con e-child\" data-id=\"aac12f8\" data-element_type=\"container\" data-e-type=\"container\" data-settings=\"{&quot;animation&quot;:&quot;fadeInUp&quot;}\">\n\t\t\t\t<div class=\"elementor-element elementor-element-0c8df65 elementor-widget__width-initial elementor-widget-mobile__width-inherit elementor-widget-tablet__width-inherit elementor-widget elementor-widget-text-editor\" data-id=\"0c8df65\" data-element_type=\"widget\" data-e-type=\"widget\" data-widget_type=\"text-editor.default\">\n\t\t\t\t\t\t\t\t\t<div>\n<p>From October 23 to 25, part of the DS4M Mediterr\u00e1neo team participated in the Congreso (Inter)Nacional de Psicolog\u00eda Jur\u00eddica y Forense, organized by the Sociedad Espa\u00f1ola de Psicolog\u00eda Jur\u00eddica y Forense. This landmark event in the legal and psychological fields brought together national and international experts to address the major challenges of the discipline.<\/p>\n<p>During the congress, Jos\u00e9 Ignacio Docavo delivered a session on \u201cTransposition of European Regulations on Data Spaces\u201d, while Dr. Francisco Alonso, Dr. Cristina Esteban, and Dr. Mireia Faus participated with the presentation \u201cData Space in Mobility and Road Safety: Legal and Governance Challenges\u201d in the symposium \u201cSome Legal Dimensions of Traffic and Safety Psychology.\u201d Both presentations highlighted the legal and ethical perspective of the DS4M Mediterr\u00e1neo project.<\/p>\n<p>Participation in this event allowed the DS4M Mediterr\u00e1neo team to showcase its progress and strengthen dialogue with experts in mobility, data, and governance. W<span data-teams=\"true\">e would like to thank the organizers for the opportunity and all those who showed interest in learning about our initiative<\/span>. We continue building bridges between science, law, and sustainable mobility.<\/p>\n<\/div>\t\t\t\t\t\t\t\t<\/div>\n\t\t\t\t<\/div>\n\t\t\t\t\t<\/div>\n\t\t\t\t<\/div>\n\t\t\t\t<\/div>\n\t\t","protected":false},"excerpt":{"rendered":"<p>XVI Congreso (Inter)Nacional de Psicolog\u00eda Jur\u00eddica y Forense Published on October 23, 2025 From October 23 to 25, part of the DS4M Mediterr\u00e1neo team participated in the Congreso (Inter)Nacional de Psicolog\u00eda Jur\u00eddica y Forense, organized by the Sociedad Espa\u00f1ola de Psicolog\u00eda Jur\u00eddica y Forense. This landmark event in the legal and psychological fields brought together [&hellip;]<\/p>\n","protected":false},"author":1,"featured_media":0,"parent":0,"menu_order":0,"comment_status":"closed","ping_status":"closed","template":"","meta":{"footnotes":""},"class_list":["post-7696","page","type-page","status-publish","hentry"],"yoast_head":"<!-- This site is optimized with the Yoast SEO plugin v27.4 - https:\/\/yoast.com\/product\/yoast-seo-wordpress\/ -->\n<title>DS4M Mediterr\u00e1neo - XVI Congreso (Inter)Nacional de Psicolog\u00eda Jur\u00eddica y Forense<\/title>\n<meta name=\"description\" content=\"From October 23 to 25, part of the DS4M Mediterr\u00e1neo team participated in the Congreso (Inter)Nacional de Psicolog\u00eda Jur\u00eddica y Forense.\" \/>\n<meta name=\"robots\" content=\"index, follow, max-snippet:-1, max-image-preview:large, max-video-preview:-1\" \/>\n<link rel=\"canonical\" href=\"https:\/\/ds4mmed.uv.es\/index.php\/en\/congreso-psicologia-juridica-forense-eng\/\" \/>\n<meta property=\"og:locale\" content=\"es_ES\" \/>\n<meta property=\"og:type\" content=\"article\" \/>\n<meta property=\"og:title\" content=\"DS4M Mediterr\u00e1neo - XVI Congreso (Inter)Nacional de Psicolog\u00eda Jur\u00eddica y Forense\" \/>\n<meta property=\"og:description\" content=\"From October 23 to 25, part of the DS4M Mediterr\u00e1neo team participated in the Congreso (Inter)Nacional de Psicolog\u00eda Jur\u00eddica y Forense.\" \/>\n<meta property=\"og:url\" content=\"https:\/\/ds4mmed.uv.es\/index.php\/en\/congreso-psicologia-juridica-forense-eng\/\" \/>\n<meta property=\"og:site_name\" content=\"DS4M Mediterr\u00e1neo\" \/>\n<meta property=\"article:modified_time\" content=\"2025-11-26T09:33:03+00:00\" \/>\n<meta property=\"og:image\" content=\"https:\/\/ds4mmed.uv.es\/wp-content\/uploads\/2025\/11\/sociedad-espanola-de-psico.png\" \/>\n<meta name=\"twitter:card\" content=\"summary_large_image\" \/>\n<meta name=\"twitter:label1\" content=\"Tiempo de lectura\" \/>\n\t<meta name=\"twitter:data1\" content=\"2 minutos\" \/>\n<script type=\"application\/ld+json\" class=\"yoast-schema-graph\">{\"@context\":\"https:\\\/\\\/schema.org\",\"@graph\":[{\"@type\":\"WebPage\",\"@id\":\"https:\\\/\\\/ds4mmed.uv.es\\\/index.php\\\/en\\\/congreso-psicologia-juridica-forense-eng\\\/\",\"url\":\"https:\\\/\\\/ds4mmed.uv.es\\\/index.php\\\/en\\\/congreso-psicologia-juridica-forense-eng\\\/\",\"name\":\"DS4M Mediterr\u00e1neo - XVI Congreso (Inter)Nacional de Psicolog\u00eda Jur\u00eddica y Forense\",\"isPartOf\":{\"@id\":\"https:\\\/\\\/ds4mmed.uv.es\\\/#website\"},\"primaryImageOfPage\":{\"@id\":\"https:\\\/\\\/ds4mmed.uv.es\\\/index.php\\\/en\\\/congreso-psicologia-juridica-forense-eng\\\/#primaryimage\"},\"image\":{\"@id\":\"https:\\\/\\\/ds4mmed.uv.es\\\/index.php\\\/en\\\/congreso-psicologia-juridica-forense-eng\\\/#primaryimage\"},\"thumbnailUrl\":\"https:\\\/\\\/ds4mmed.uv.es\\\/wp-content\\\/uploads\\\/2025\\\/11\\\/sociedad-espanola-de-psico.png\",\"datePublished\":\"2025-11-20T09:18:44+00:00\",\"dateModified\":\"2025-11-26T09:33:03+00:00\",\"description\":\"From October 23 to 25, part of the DS4M Mediterr\u00e1neo team participated in the Congreso (Inter)Nacional de Psicolog\u00eda Jur\u00eddica y Forense.\",\"breadcrumb\":{\"@id\":\"https:\\\/\\\/ds4mmed.uv.es\\\/index.php\\\/en\\\/congreso-psicologia-juridica-forense-eng\\\/#breadcrumb\"},\"inLanguage\":\"es\",\"potentialAction\":[{\"@type\":\"ReadAction\",\"target\":[\"https:\\\/\\\/ds4mmed.uv.es\\\/index.php\\\/en\\\/congreso-psicologia-juridica-forense-eng\\\/\"]}]},{\"@type\":\"ImageObject\",\"inLanguage\":\"es\",\"@id\":\"https:\\\/\\\/ds4mmed.uv.es\\\/index.php\\\/en\\\/congreso-psicologia-juridica-forense-eng\\\/#primaryimage\",\"url\":\"https:\\\/\\\/ds4mmed.uv.es\\\/wp-content\\\/uploads\\\/2025\\\/11\\\/sociedad-espanola-de-psico.png\",\"contentUrl\":\"https:\\\/\\\/ds4mmed.uv.es\\\/wp-content\\\/uploads\\\/2025\\\/11\\\/sociedad-espanola-de-psico.png\",\"width\":512,\"height\":239},{\"@type\":\"BreadcrumbList\",\"@id\":\"https:\\\/\\\/ds4mmed.uv.es\\\/index.php\\\/en\\\/congreso-psicologia-juridica-forense-eng\\\/#breadcrumb\",\"itemListElement\":[{\"@type\":\"ListItem\",\"position\":1,\"name\":\"Portada\",\"item\":\"https:\\\/\\\/ds4mmed.uv.es\\\/index.php\\\/es\\\/\"},{\"@type\":\"ListItem\",\"position\":2,\"name\":\"Noticia 25 &#8211; XVI Congreso (Inter)Nacional de Psicolog\u00eda Jur\u00eddica y Forense\"}]},{\"@type\":\"WebSite\",\"@id\":\"https:\\\/\\\/ds4mmed.uv.es\\\/#website\",\"url\":\"https:\\\/\\\/ds4mmed.uv.es\\\/\",\"name\":\"DS4M Mediterr\u00e1neo\",\"description\":\"\",\"publisher\":{\"@id\":\"https:\\\/\\\/ds4mmed.uv.es\\\/#organization\"},\"potentialAction\":[{\"@type\":\"SearchAction\",\"target\":{\"@type\":\"EntryPoint\",\"urlTemplate\":\"https:\\\/\\\/ds4mmed.uv.es\\\/?s={search_term_string}\"},\"query-input\":{\"@type\":\"PropertyValueSpecification\",\"valueRequired\":true,\"valueName\":\"search_term_string\"}}],\"inLanguage\":\"es\"},{\"@type\":\"Organization\",\"@id\":\"https:\\\/\\\/ds4mmed.uv.es\\\/#organization\",\"name\":\"DS4M Mediterr\u00e1neo\",\"url\":\"https:\\\/\\\/ds4mmed.uv.es\\\/\",\"logo\":{\"@type\":\"ImageObject\",\"inLanguage\":\"es\",\"@id\":\"https:\\\/\\\/ds4mmed.uv.es\\\/#\\\/schema\\\/logo\\\/image\\\/\",\"url\":\"https:\\\/\\\/ds4mmed.uv.es\\\/wp-content\\\/uploads\\\/2025\\\/07\\\/Logo-cambio-resolucion-scaled.png\",\"contentUrl\":\"https:\\\/\\\/ds4mmed.uv.es\\\/wp-content\\\/uploads\\\/2025\\\/07\\\/Logo-cambio-resolucion-scaled.png\",\"width\":2560,\"height\":980,\"caption\":\"DS4M Mediterr\u00e1neo\"},\"image\":{\"@id\":\"https:\\\/\\\/ds4mmed.uv.es\\\/#\\\/schema\\\/logo\\\/image\\\/\"}}]}<\/script>\n<!-- \/ Yoast SEO plugin. -->","yoast_head_json":{"title":"DS4M Mediterr\u00e1neo - XVI Congreso (Inter)Nacional de Psicolog\u00eda Jur\u00eddica y Forense","description":"From October 23 to 25, part of the DS4M Mediterr\u00e1neo team participated in the Congreso (Inter)Nacional de Psicolog\u00eda Jur\u00eddica y Forense.","robots":{"index":"index","follow":"follow","max-snippet":"max-snippet:-1","max-image-preview":"max-image-preview:large","max-video-preview":"max-video-preview:-1"},"canonical":"https:\/\/ds4mmed.uv.es\/index.php\/en\/congreso-psicologia-juridica-forense-eng\/","og_locale":"es_ES","og_type":"article","og_title":"DS4M Mediterr\u00e1neo - XVI Congreso (Inter)Nacional de Psicolog\u00eda Jur\u00eddica y Forense","og_description":"From October 23 to 25, part of the DS4M Mediterr\u00e1neo team participated in the Congreso (Inter)Nacional de Psicolog\u00eda Jur\u00eddica y Forense.","og_url":"https:\/\/ds4mmed.uv.es\/index.php\/en\/congreso-psicologia-juridica-forense-eng\/","og_site_name":"DS4M Mediterr\u00e1neo","article_modified_time":"2025-11-26T09:33:03+00:00","og_image":[{"url":"https:\/\/ds4mmed.uv.es\/wp-content\/uploads\/2025\/11\/sociedad-espanola-de-psico.png","type":"","width":"","height":""}],"twitter_card":"summary_large_image","twitter_misc":{"Tiempo de lectura":"2 minutos"},"schema":{"@context":"https:\/\/schema.org","@graph":[{"@type":"WebPage","@id":"https:\/\/ds4mmed.uv.es\/index.php\/en\/congreso-psicologia-juridica-forense-eng\/","url":"https:\/\/ds4mmed.uv.es\/index.php\/en\/congreso-psicologia-juridica-forense-eng\/","name":"DS4M Mediterr\u00e1neo - XVI Congreso (Inter)Nacional de Psicolog\u00eda Jur\u00eddica y Forense","isPartOf":{"@id":"https:\/\/ds4mmed.uv.es\/#website"},"primaryImageOfPage":{"@id":"https:\/\/ds4mmed.uv.es\/index.php\/en\/congreso-psicologia-juridica-forense-eng\/#primaryimage"},"image":{"@id":"https:\/\/ds4mmed.uv.es\/index.php\/en\/congreso-psicologia-juridica-forense-eng\/#primaryimage"},"thumbnailUrl":"https:\/\/ds4mmed.uv.es\/wp-content\/uploads\/2025\/11\/sociedad-espanola-de-psico.png","datePublished":"2025-11-20T09:18:44+00:00","dateModified":"2025-11-26T09:33:03+00:00","description":"From October 23 to 25, part of the DS4M Mediterr\u00e1neo team participated in the Congreso (Inter)Nacional de Psicolog\u00eda Jur\u00eddica y Forense.","breadcrumb":{"@id":"https:\/\/ds4mmed.uv.es\/index.php\/en\/congreso-psicologia-juridica-forense-eng\/#breadcrumb"},"inLanguage":"es","potentialAction":[{"@type":"ReadAction","target":["https:\/\/ds4mmed.uv.es\/index.php\/en\/congreso-psicologia-juridica-forense-eng\/"]}]},{"@type":"ImageObject","inLanguage":"es","@id":"https:\/\/ds4mmed.uv.es\/index.php\/en\/congreso-psicologia-juridica-forense-eng\/#primaryimage","url":"https:\/\/ds4mmed.uv.es\/wp-content\/uploads\/2025\/11\/sociedad-espanola-de-psico.png","contentUrl":"https:\/\/ds4mmed.uv.es\/wp-content\/uploads\/2025\/11\/sociedad-espanola-de-psico.png","width":512,"height":239},{"@type":"BreadcrumbList","@id":"https:\/\/ds4mmed.uv.es\/index.php\/en\/congreso-psicologia-juridica-forense-eng\/#breadcrumb","itemListElement":[{"@type":"ListItem","position":1,"name":"Portada","item":"https:\/\/ds4mmed.uv.es\/index.php\/es\/"},{"@type":"ListItem","position":2,"name":"Noticia 25 &#8211; XVI Congreso (Inter)Nacional de Psicolog\u00eda Jur\u00eddica y Forense"}]},{"@type":"WebSite","@id":"https:\/\/ds4mmed.uv.es\/#website","url":"https:\/\/ds4mmed.uv.es\/","name":"DS4M Mediterr\u00e1neo","description":"","publisher":{"@id":"https:\/\/ds4mmed.uv.es\/#organization"},"potentialAction":[{"@type":"SearchAction","target":{"@type":"EntryPoint","urlTemplate":"https:\/\/ds4mmed.uv.es\/?s={search_term_string}"},"query-input":{"@type":"PropertyValueSpecification","valueRequired":true,"valueName":"search_term_string"}}],"inLanguage":"es"},{"@type":"Organization","@id":"https:\/\/ds4mmed.uv.es\/#organization","name":"DS4M Mediterr\u00e1neo","url":"https:\/\/ds4mmed.uv.es\/","logo":{"@type":"ImageObject","inLanguage":"es","@id":"https:\/\/ds4mmed.uv.es\/#\/schema\/logo\/image\/","url":"https:\/\/ds4mmed.uv.es\/wp-content\/uploads\/2025\/07\/Logo-cambio-resolucion-scaled.png","contentUrl":"https:\/\/ds4mmed.uv.es\/wp-content\/uploads\/2025\/07\/Logo-cambio-resolucion-scaled.png","width":2560,"height":980,"caption":"DS4M Mediterr\u00e1neo"},"image":{"@id":"https:\/\/ds4mmed.uv.es\/#\/schema\/logo\/image\/"}}]}},"_links":{"self":[{"href":"https:\/\/ds4mmed.uv.es\/index.php\/wp-json\/wp\/v2\/pages\/7696","targetHints":{"allow":["GET"]}}],"collection":[{"href":"https:\/\/ds4mmed.uv.es\/index.php\/wp-json\/wp\/v2\/pages"}],"about":[{"href":"https:\/\/ds4mmed.uv.es\/index.php\/wp-json\/wp\/v2\/types\/page"}],"author":[{"embeddable":true,"href":"https:\/\/ds4mmed.uv.es\/index.php\/wp-json\/wp\/v2\/users\/1"}],"replies":[{"embeddable":true,"href":"https:\/\/ds4mmed.uv.es\/index.php\/wp-json\/wp\/v2\/comments?post=7696"}],"version-history":[{"count":25,"href":"https:\/\/ds4mmed.uv.es\/index.php\/wp-json\/wp\/v2\/pages\/7696\/revisions"}],"predecessor-version":[{"id":9165,"href":"https:\/\/ds4mmed.uv.es\/index.php\/wp-json\/wp\/v2\/pages\/7696\/revisions\/9165"}],"wp:attachment":[{"href":"https:\/\/ds4mmed.uv.es\/index.php\/wp-json\/wp\/v2\/media?parent=7696"}],"curies":[{"name":"wp","href":"https:\/\/api.w.org\/{rel}","templated":true}]}}