{"id":7553,"date":"2025-11-19T13:09:37","date_gmt":"2025-11-19T12:09:37","guid":{"rendered":"https:\/\/ds4mmed.uv.es\/?page_id=7553"},"modified":"2025-11-26T09:55:16","modified_gmt":"2025-11-26T08:55:16","slug":"ds4m-present-en-mediterraneo-valencia-digital-summit-2025","status":"publish","type":"page","link":"https:\/\/ds4mmed.uv.es\/index.php\/ca\/ds4m-present-en-mediterraneo-valencia-digital-summit-2025\/","title":{"rendered":"Noticia 29 &#8211; L\u2019equip de DS4M Mediterr\u00e1neo present al VDS"},"content":{"rendered":"\t\t<div data-elementor-type=\"wp-page\" data-elementor-id=\"7553\" class=\"elementor elementor-7553\">\n\t\t\t\t<div class=\"elementor-element elementor-element-6c62525 e-flex e-con-boxed e-con e-child\" data-id=\"6c62525\" data-element_type=\"container\" data-e-type=\"container\" data-settings=\"{&quot;background_background&quot;:&quot;classic&quot;}\">\n\t\t\t\t\t<div class=\"e-con-inner\">\n\t\t<div class=\"elementor-element elementor-element-6debc5d e-con-full e-flex e-con e-child\" data-id=\"6debc5d\" data-element_type=\"container\" data-e-type=\"container\">\n\t\t<div class=\"elementor-element elementor-element-3b5bf26 e-con-full e-flex elementor-invisible e-con e-child\" data-id=\"3b5bf26\" data-element_type=\"container\" data-e-type=\"container\" data-settings=\"{&quot;animation&quot;:&quot;fadeInLeft&quot;}\">\n\t\t\t\t<div class=\"elementor-element elementor-element-da9e6f3 elementor-widget elementor-widget-heading\" data-id=\"da9e6f3\" data-element_type=\"widget\" data-e-type=\"widget\" data-widget_type=\"heading.default\">\n\t\t\t\t\t<h1 class=\"elementor-heading-title elementor-size-default\">L\u2019equip de DS4M Mediterr\u00e1neo present al VDS <\/h1>\t\t\t\t<\/div>\n\t\t\t\t<div class=\"elementor-element elementor-element-e2a4a87 elementor-icon-list--layout-inline elementor-align-center elementor-list-item-link-full_width elementor-widget elementor-widget-icon-list\" data-id=\"e2a4a87\" data-element_type=\"widget\" data-e-type=\"widget\" data-widget_type=\"icon-list.default\">\n\t\t\t\t\t\t\t<ul class=\"elementor-icon-list-items elementor-inline-items\">\n\t\t\t\t\t\t\t<li class=\"elementor-icon-list-item elementor-inline-item\">\n\t\t\t\t\t\t\t\t\t\t<span class=\"elementor-icon-list-text\">Publicat el<\/span>\n\t\t\t\t\t\t\t\t\t<\/li>\n\t\t\t\t\t\t\t\t<li class=\"elementor-icon-list-item elementor-inline-item\">\n\t\t\t\t\t\t\t\t\t\t<span class=\"elementor-icon-list-text\">22 d'octubre de 2025<\/span>\n\t\t\t\t\t\t\t\t\t<\/li>\n\t\t\t\t\t\t<\/ul>\n\t\t\t\t\t\t<\/div>\n\t\t\t\t<\/div>\n\t\t\t\t<div class=\"elementor-element elementor-element-89ea136 elementor-invisible elementor-widget elementor-widget-image\" data-id=\"89ea136\" data-element_type=\"widget\" data-e-type=\"widget\" data-settings=\"{&quot;_animation&quot;:&quot;fadeInRight&quot;}\" data-widget_type=\"image.default\">\n\t\t\t\t\t\t\t\t\t\t\t\t\t\t\t<img fetchpriority=\"high\" decoding=\"async\" width=\"768\" height=\"552\" src=\"https:\/\/ds4mmed.uv.es\/wp-content\/uploads\/2025\/11\/foto-noticia-vds-768x552.jpeg\" class=\"attachment-medium_large size-medium_large wp-image-7546\" alt=\"\" srcset=\"https:\/\/ds4mmed.uv.es\/wp-content\/uploads\/2025\/11\/foto-noticia-vds-768x552.jpeg 768w, https:\/\/ds4mmed.uv.es\/wp-content\/uploads\/2025\/11\/foto-noticia-vds-300x216.jpeg 300w, https:\/\/ds4mmed.uv.es\/wp-content\/uploads\/2025\/11\/foto-noticia-vds.jpeg 800w\" sizes=\"(max-width: 768px) 100vw, 768px\" \/>\t\t\t\t\t\t\t\t\t\t\t\t\t\t\t<\/div>\n\t\t\t\t<\/div>\n\t\t<div class=\"elementor-element elementor-element-aac12f8 e-con-full e-flex elementor-invisible e-con e-child\" data-id=\"aac12f8\" data-element_type=\"container\" data-e-type=\"container\" data-settings=\"{&quot;animation&quot;:&quot;fadeInUp&quot;}\">\n\t\t\t\t<div class=\"elementor-element elementor-element-0c8df65 elementor-widget__width-initial elementor-widget-mobile__width-inherit elementor-widget-tablet__width-inherit elementor-widget elementor-widget-text-editor\" data-id=\"0c8df65\" data-element_type=\"widget\" data-e-type=\"widget\" data-widget_type=\"text-editor.default\">\n\t\t\t\t\t\t\t\t\t<div>\n<p data-start=\"78\" data-end=\"444\">La Ciutat de les Arts i les Ci\u00e8ncies va acollir, una vegada m\u00e9s, el Val\u00e8ncia Digital Summit 2025, un dels trobades tecnol\u00f2giques i d\u2019innovaci\u00f3 m\u00e9s rellevants de l\u2019ecosistema emprenedor. Des del projecte DS4M Mediterr\u00e1neo, vam tenir l\u2019oportunitat d\u2019estar presents i apropar la nostra visi\u00f3 sobre el futur de la mobilitat intel\u00b7ligent basada en dades.<\/p>\n<p data-start=\"446\" data-end=\"713\">Durant l\u2019esdeveniment, l\u2019equip va participar en l\u2019stand institucional de la Universitat de Val\u00e8ncia, compartint els avan\u00e7os de l\u2019espai de dades del Corredor Mediterrani amb startups, empreses tecnol\u00f2giques, institucions p\u00fabliques i professionals del sector.<\/p>\n<p data-start=\"715\" data-end=\"1030\">Aquest entorn ha estat fonamental per visibilitzar la import\u00e0ncia estrat\u00e8gica del dada com a motor de transformaci\u00f3 digital, i per refor\u00e7ar el posicionament del DS4M Mediterr\u00e1neo com una iniciativa alineada amb els principis d\u2019interoperabilitat, \u00e8tica i valor social dins de l\u2019ecosistema d\u2019Espais de Dades.<\/p>\n<p data-start=\"1032\" data-end=\"1232\" data-is-last-node=\"\" data-is-only-node=\"\">Des del projecte, agra\u00efm a la Universitat de Val\u00e8ncia i a l\u2019organitzaci\u00f3 del VDS pel seu suport i per crear espais que promouen la innovaci\u00f3 oberta i col\u00b7laborativa.<br data-start=\"1209\" data-end=\"1212\">Seguim avan\u00e7ant!<\/p>\n<\/div>\t\t\t\t\t\t\t\t<\/div>\n\t\t\t\t<\/div>\n\t\t\t\t\t<\/div>\n\t\t\t\t<\/div>\n\t\t\t\t<\/div>\n\t\t","protected":false},"excerpt":{"rendered":"<p>L\u2019equip de DS4M Mediterr\u00e1neo present al VDS Publicat el 22 d&#8217;octubre de 2025 La Ciutat de les Arts i les Ci\u00e8ncies va acollir, una vegada m\u00e9s, el Val\u00e8ncia Digital Summit 2025, un dels trobades tecnol\u00f2giques i d\u2019innovaci\u00f3 m\u00e9s rellevants de l\u2019ecosistema emprenedor. Des del projecte DS4M Mediterr\u00e1neo, vam tenir l\u2019oportunitat d\u2019estar presents i apropar la [&hellip;]<\/p>\n","protected":false},"author":1,"featured_media":0,"parent":0,"menu_order":0,"comment_status":"closed","ping_status":"closed","template":"","meta":{"footnotes":""},"class_list":["post-7553","page","type-page","status-publish","hentry"],"yoast_head":"<!-- This site is optimized with the Yoast SEO plugin v27.4 - https:\/\/yoast.com\/product\/yoast-seo-wordpress\/ -->\n<title>DS4M Mediterr\u00e1neo \u2013 Pres\u00e8ncia del projecte al Val\u00e8ncia Digital Summit 2025<\/title>\n<meta name=\"description\" content=\"El projecte DS4M Mediterr\u00e1neo participa en el Val\u00e8ncia Digital Summit 2025, presentant els avan\u00e7os de l\u2019espai de dades del Corredor Mediterrani i refor\u00e7ant el seu paper en la mobilitat intel\u00b7ligent basada en dades.\" \/>\n<meta name=\"robots\" content=\"index, follow, max-snippet:-1, max-image-preview:large, max-video-preview:-1\" \/>\n<link rel=\"canonical\" href=\"https:\/\/ds4mmed.uv.es\/index.php\/ca\/ds4m-present-en-mediterraneo-valencia-digital-summit-2025\/\" \/>\n<meta property=\"og:locale\" content=\"es_ES\" \/>\n<meta property=\"og:type\" content=\"article\" \/>\n<meta property=\"og:title\" content=\"DS4M Mediterr\u00e1neo \u2013 Pres\u00e8ncia del projecte al Val\u00e8ncia Digital Summit 2025\" \/>\n<meta property=\"og:description\" content=\"El projecte DS4M Mediterr\u00e1neo participa en el Val\u00e8ncia Digital Summit 2025, presentant els avan\u00e7os de l\u2019espai de dades del Corredor Mediterrani i refor\u00e7ant el seu paper en la mobilitat intel\u00b7ligent basada en dades.\" \/>\n<meta property=\"og:url\" content=\"https:\/\/ds4mmed.uv.es\/index.php\/ca\/ds4m-present-en-mediterraneo-valencia-digital-summit-2025\/\" \/>\n<meta property=\"og:site_name\" content=\"DS4M Mediterr\u00e1neo\" \/>\n<meta property=\"article:modified_time\" content=\"2025-11-26T08:55:16+00:00\" \/>\n<meta property=\"og:image\" content=\"https:\/\/ds4mmed.uv.es\/wp-content\/uploads\/2025\/11\/foto-noticia-vds-768x552.jpeg\" \/>\n<meta name=\"twitter:card\" content=\"summary_large_image\" \/>\n<meta name=\"twitter:label1\" content=\"Tiempo de lectura\" \/>\n\t<meta name=\"twitter:data1\" content=\"1 minuto\" \/>\n<script type=\"application\/ld+json\" class=\"yoast-schema-graph\">{\"@context\":\"https:\\\/\\\/schema.org\",\"@graph\":[{\"@type\":\"WebPage\",\"@id\":\"https:\\\/\\\/ds4mmed.uv.es\\\/index.php\\\/ca\\\/ds4m-present-en-mediterraneo-valencia-digital-summit-2025\\\/\",\"url\":\"https:\\\/\\\/ds4mmed.uv.es\\\/index.php\\\/ca\\\/ds4m-present-en-mediterraneo-valencia-digital-summit-2025\\\/\",\"name\":\"DS4M Mediterr\u00e1neo \u2013 Pres\u00e8ncia del projecte al Val\u00e8ncia Digital Summit 2025\",\"isPartOf\":{\"@id\":\"https:\\\/\\\/ds4mmed.uv.es\\\/#website\"},\"primaryImageOfPage\":{\"@id\":\"https:\\\/\\\/ds4mmed.uv.es\\\/index.php\\\/ca\\\/ds4m-present-en-mediterraneo-valencia-digital-summit-2025\\\/#primaryimage\"},\"image\":{\"@id\":\"https:\\\/\\\/ds4mmed.uv.es\\\/index.php\\\/ca\\\/ds4m-present-en-mediterraneo-valencia-digital-summit-2025\\\/#primaryimage\"},\"thumbnailUrl\":\"https:\\\/\\\/ds4mmed.uv.es\\\/wp-content\\\/uploads\\\/2025\\\/11\\\/foto-noticia-vds-768x552.jpeg\",\"datePublished\":\"2025-11-19T12:09:37+00:00\",\"dateModified\":\"2025-11-26T08:55:16+00:00\",\"description\":\"El projecte DS4M Mediterr\u00e1neo participa en el Val\u00e8ncia Digital Summit 2025, presentant els avan\u00e7os de l\u2019espai de dades del Corredor Mediterrani i refor\u00e7ant el seu paper en la mobilitat intel\u00b7ligent basada en dades.\",\"breadcrumb\":{\"@id\":\"https:\\\/\\\/ds4mmed.uv.es\\\/index.php\\\/ca\\\/ds4m-present-en-mediterraneo-valencia-digital-summit-2025\\\/#breadcrumb\"},\"inLanguage\":\"es\",\"potentialAction\":[{\"@type\":\"ReadAction\",\"target\":[\"https:\\\/\\\/ds4mmed.uv.es\\\/index.php\\\/ca\\\/ds4m-present-en-mediterraneo-valencia-digital-summit-2025\\\/\"]}]},{\"@type\":\"ImageObject\",\"inLanguage\":\"es\",\"@id\":\"https:\\\/\\\/ds4mmed.uv.es\\\/index.php\\\/ca\\\/ds4m-present-en-mediterraneo-valencia-digital-summit-2025\\\/#primaryimage\",\"url\":\"https:\\\/\\\/ds4mmed.uv.es\\\/wp-content\\\/uploads\\\/2025\\\/11\\\/foto-noticia-vds.jpeg\",\"contentUrl\":\"https:\\\/\\\/ds4mmed.uv.es\\\/wp-content\\\/uploads\\\/2025\\\/11\\\/foto-noticia-vds.jpeg\",\"width\":800,\"height\":575},{\"@type\":\"BreadcrumbList\",\"@id\":\"https:\\\/\\\/ds4mmed.uv.es\\\/index.php\\\/ca\\\/ds4m-present-en-mediterraneo-valencia-digital-summit-2025\\\/#breadcrumb\",\"itemListElement\":[{\"@type\":\"ListItem\",\"position\":1,\"name\":\"Portada\",\"item\":\"https:\\\/\\\/ds4mmed.uv.es\\\/index.php\\\/es\\\/\"},{\"@type\":\"ListItem\",\"position\":2,\"name\":\"Noticia 29 &#8211; L\u2019equip de DS4M Mediterr\u00e1neo present al VDS\"}]},{\"@type\":\"WebSite\",\"@id\":\"https:\\\/\\\/ds4mmed.uv.es\\\/#website\",\"url\":\"https:\\\/\\\/ds4mmed.uv.es\\\/\",\"name\":\"DS4M Mediterr\u00e1neo\",\"description\":\"\",\"publisher\":{\"@id\":\"https:\\\/\\\/ds4mmed.uv.es\\\/#organization\"},\"potentialAction\":[{\"@type\":\"SearchAction\",\"target\":{\"@type\":\"EntryPoint\",\"urlTemplate\":\"https:\\\/\\\/ds4mmed.uv.es\\\/?s={search_term_string}\"},\"query-input\":{\"@type\":\"PropertyValueSpecification\",\"valueRequired\":true,\"valueName\":\"search_term_string\"}}],\"inLanguage\":\"es\"},{\"@type\":\"Organization\",\"@id\":\"https:\\\/\\\/ds4mmed.uv.es\\\/#organization\",\"name\":\"DS4M Mediterr\u00e1neo\",\"url\":\"https:\\\/\\\/ds4mmed.uv.es\\\/\",\"logo\":{\"@type\":\"ImageObject\",\"inLanguage\":\"es\",\"@id\":\"https:\\\/\\\/ds4mmed.uv.es\\\/#\\\/schema\\\/logo\\\/image\\\/\",\"url\":\"https:\\\/\\\/ds4mmed.uv.es\\\/wp-content\\\/uploads\\\/2025\\\/07\\\/Logo-cambio-resolucion-scaled.png\",\"contentUrl\":\"https:\\\/\\\/ds4mmed.uv.es\\\/wp-content\\\/uploads\\\/2025\\\/07\\\/Logo-cambio-resolucion-scaled.png\",\"width\":2560,\"height\":980,\"caption\":\"DS4M Mediterr\u00e1neo\"},\"image\":{\"@id\":\"https:\\\/\\\/ds4mmed.uv.es\\\/#\\\/schema\\\/logo\\\/image\\\/\"}}]}<\/script>\n<!-- \/ Yoast SEO plugin. -->","yoast_head_json":{"title":"DS4M Mediterr\u00e1neo \u2013 Pres\u00e8ncia del projecte al Val\u00e8ncia Digital Summit 2025","description":"El projecte DS4M Mediterr\u00e1neo participa en el Val\u00e8ncia Digital Summit 2025, presentant els avan\u00e7os de l\u2019espai de dades del Corredor Mediterrani i refor\u00e7ant el seu paper en la mobilitat intel\u00b7ligent basada en dades.","robots":{"index":"index","follow":"follow","max-snippet":"max-snippet:-1","max-image-preview":"max-image-preview:large","max-video-preview":"max-video-preview:-1"},"canonical":"https:\/\/ds4mmed.uv.es\/index.php\/ca\/ds4m-present-en-mediterraneo-valencia-digital-summit-2025\/","og_locale":"es_ES","og_type":"article","og_title":"DS4M Mediterr\u00e1neo \u2013 Pres\u00e8ncia del projecte al Val\u00e8ncia Digital Summit 2025","og_description":"El projecte DS4M Mediterr\u00e1neo participa en el Val\u00e8ncia Digital Summit 2025, presentant els avan\u00e7os de l\u2019espai de dades del Corredor Mediterrani i refor\u00e7ant el seu paper en la mobilitat intel\u00b7ligent basada en dades.","og_url":"https:\/\/ds4mmed.uv.es\/index.php\/ca\/ds4m-present-en-mediterraneo-valencia-digital-summit-2025\/","og_site_name":"DS4M Mediterr\u00e1neo","article_modified_time":"2025-11-26T08:55:16+00:00","og_image":[{"url":"https:\/\/ds4mmed.uv.es\/wp-content\/uploads\/2025\/11\/foto-noticia-vds-768x552.jpeg","type":"","width":"","height":""}],"twitter_card":"summary_large_image","twitter_misc":{"Tiempo de lectura":"1 minuto"},"schema":{"@context":"https:\/\/schema.org","@graph":[{"@type":"WebPage","@id":"https:\/\/ds4mmed.uv.es\/index.php\/ca\/ds4m-present-en-mediterraneo-valencia-digital-summit-2025\/","url":"https:\/\/ds4mmed.uv.es\/index.php\/ca\/ds4m-present-en-mediterraneo-valencia-digital-summit-2025\/","name":"DS4M Mediterr\u00e1neo \u2013 Pres\u00e8ncia del projecte al Val\u00e8ncia Digital Summit 2025","isPartOf":{"@id":"https:\/\/ds4mmed.uv.es\/#website"},"primaryImageOfPage":{"@id":"https:\/\/ds4mmed.uv.es\/index.php\/ca\/ds4m-present-en-mediterraneo-valencia-digital-summit-2025\/#primaryimage"},"image":{"@id":"https:\/\/ds4mmed.uv.es\/index.php\/ca\/ds4m-present-en-mediterraneo-valencia-digital-summit-2025\/#primaryimage"},"thumbnailUrl":"https:\/\/ds4mmed.uv.es\/wp-content\/uploads\/2025\/11\/foto-noticia-vds-768x552.jpeg","datePublished":"2025-11-19T12:09:37+00:00","dateModified":"2025-11-26T08:55:16+00:00","description":"El projecte DS4M Mediterr\u00e1neo participa en el Val\u00e8ncia Digital Summit 2025, presentant els avan\u00e7os de l\u2019espai de dades del Corredor Mediterrani i refor\u00e7ant el seu paper en la mobilitat intel\u00b7ligent basada en dades.","breadcrumb":{"@id":"https:\/\/ds4mmed.uv.es\/index.php\/ca\/ds4m-present-en-mediterraneo-valencia-digital-summit-2025\/#breadcrumb"},"inLanguage":"es","potentialAction":[{"@type":"ReadAction","target":["https:\/\/ds4mmed.uv.es\/index.php\/ca\/ds4m-present-en-mediterraneo-valencia-digital-summit-2025\/"]}]},{"@type":"ImageObject","inLanguage":"es","@id":"https:\/\/ds4mmed.uv.es\/index.php\/ca\/ds4m-present-en-mediterraneo-valencia-digital-summit-2025\/#primaryimage","url":"https:\/\/ds4mmed.uv.es\/wp-content\/uploads\/2025\/11\/foto-noticia-vds.jpeg","contentUrl":"https:\/\/ds4mmed.uv.es\/wp-content\/uploads\/2025\/11\/foto-noticia-vds.jpeg","width":800,"height":575},{"@type":"BreadcrumbList","@id":"https:\/\/ds4mmed.uv.es\/index.php\/ca\/ds4m-present-en-mediterraneo-valencia-digital-summit-2025\/#breadcrumb","itemListElement":[{"@type":"ListItem","position":1,"name":"Portada","item":"https:\/\/ds4mmed.uv.es\/index.php\/es\/"},{"@type":"ListItem","position":2,"name":"Noticia 29 &#8211; L\u2019equip de DS4M Mediterr\u00e1neo present al VDS"}]},{"@type":"WebSite","@id":"https:\/\/ds4mmed.uv.es\/#website","url":"https:\/\/ds4mmed.uv.es\/","name":"DS4M Mediterr\u00e1neo","description":"","publisher":{"@id":"https:\/\/ds4mmed.uv.es\/#organization"},"potentialAction":[{"@type":"SearchAction","target":{"@type":"EntryPoint","urlTemplate":"https:\/\/ds4mmed.uv.es\/?s={search_term_string}"},"query-input":{"@type":"PropertyValueSpecification","valueRequired":true,"valueName":"search_term_string"}}],"inLanguage":"es"},{"@type":"Organization","@id":"https:\/\/ds4mmed.uv.es\/#organization","name":"DS4M Mediterr\u00e1neo","url":"https:\/\/ds4mmed.uv.es\/","logo":{"@type":"ImageObject","inLanguage":"es","@id":"https:\/\/ds4mmed.uv.es\/#\/schema\/logo\/image\/","url":"https:\/\/ds4mmed.uv.es\/wp-content\/uploads\/2025\/07\/Logo-cambio-resolucion-scaled.png","contentUrl":"https:\/\/ds4mmed.uv.es\/wp-content\/uploads\/2025\/07\/Logo-cambio-resolucion-scaled.png","width":2560,"height":980,"caption":"DS4M Mediterr\u00e1neo"},"image":{"@id":"https:\/\/ds4mmed.uv.es\/#\/schema\/logo\/image\/"}}]}},"_links":{"self":[{"href":"https:\/\/ds4mmed.uv.es\/index.php\/wp-json\/wp\/v2\/pages\/7553","targetHints":{"allow":["GET"]}}],"collection":[{"href":"https:\/\/ds4mmed.uv.es\/index.php\/wp-json\/wp\/v2\/pages"}],"about":[{"href":"https:\/\/ds4mmed.uv.es\/index.php\/wp-json\/wp\/v2\/types\/page"}],"author":[{"embeddable":true,"href":"https:\/\/ds4mmed.uv.es\/index.php\/wp-json\/wp\/v2\/users\/1"}],"replies":[{"embeddable":true,"href":"https:\/\/ds4mmed.uv.es\/index.php\/wp-json\/wp\/v2\/comments?post=7553"}],"version-history":[{"count":12,"href":"https:\/\/ds4mmed.uv.es\/index.php\/wp-json\/wp\/v2\/pages\/7553\/revisions"}],"predecessor-version":[{"id":9056,"href":"https:\/\/ds4mmed.uv.es\/index.php\/wp-json\/wp\/v2\/pages\/7553\/revisions\/9056"}],"wp:attachment":[{"href":"https:\/\/ds4mmed.uv.es\/index.php\/wp-json\/wp\/v2\/media?parent=7553"}],"curies":[{"name":"wp","href":"https:\/\/api.w.org\/{rel}","templated":true}]}}