{"id":7508,"date":"2025-11-19T12:34:42","date_gmt":"2025-11-19T11:34:42","guid":{"rendered":"https:\/\/ds4mmed.uv.es\/?page_id=7508"},"modified":"2025-11-25T12:03:26","modified_gmt":"2025-11-25T11:03:26","slug":"microcredencials","status":"publish","type":"page","link":"https:\/\/ds4mmed.uv.es\/index.php\/ca\/microcredencials\/","title":{"rendered":"Microcredenciales &#8211; Valenciano"},"content":{"rendered":"\t\t<div data-elementor-type=\"wp-page\" data-elementor-id=\"7508\" class=\"elementor elementor-7508\">\n\t\t\t\t<div class=\"elementor-element elementor-element-214e189 e-flex e-con-boxed e-con e-parent\" data-id=\"214e189\" data-element_type=\"container\" data-e-type=\"container\" data-settings=\"{&quot;background_background&quot;:&quot;classic&quot;}\">\n\t\t\t\t\t<div class=\"e-con-inner\">\n\t\t\t\t<div class=\"elementor-element elementor-element-71b4419 elementor-invisible elementor-widget elementor-widget-heading\" data-id=\"71b4419\" data-element_type=\"widget\" data-e-type=\"widget\" data-settings=\"{&quot;_animation&quot;:&quot;fadeIn&quot;}\" data-widget_type=\"heading.default\">\n\t\t\t\t\t<h2 class=\"elementor-heading-title elementor-size-default\">Microcredencials<br>\n(En desenvolupament)\n<\/h2>\t\t\t\t<\/div>\n\t\t<div class=\"elementor-element elementor-element-b3db8ca e-con-full e-grid e-con e-child\" data-id=\"b3db8ca\" data-element_type=\"container\" data-e-type=\"container\">\n\t\t<div class=\"elementor-element elementor-element-fed889b e-con-full e-flex e-con e-child\" data-id=\"fed889b\" data-element_type=\"container\" data-e-type=\"container\">\n\t\t\t\t<div class=\"elementor-element elementor-element-97d4f3b elementor-position-top elementor-invisible elementor-widget elementor-widget-image-box\" data-id=\"97d4f3b\" data-element_type=\"widget\" data-e-type=\"widget\" data-settings=\"{&quot;_animation&quot;:&quot;fadeInLeft&quot;}\" data-widget_type=\"image-box.default\">\n\t\t\t\t\t<div class=\"elementor-image-box-wrapper\"><figure class=\"elementor-image-box-img\"><img fetchpriority=\"high\" decoding=\"async\" width=\"344\" height=\"344\" src=\"https:\/\/ds4mmed.uv.es\/wp-content\/uploads\/2025\/10\/logo-blanco.png\" class=\"attachment-full size-full wp-image-2145\" alt=\"\" srcset=\"https:\/\/ds4mmed.uv.es\/wp-content\/uploads\/2025\/10\/logo-blanco.png 344w, https:\/\/ds4mmed.uv.es\/wp-content\/uploads\/2025\/10\/logo-blanco-300x300.png 300w, https:\/\/ds4mmed.uv.es\/wp-content\/uploads\/2025\/10\/logo-blanco-150x150.png 150w\" sizes=\"(max-width: 344px) 100vw, 344px\" \/><\/figure><div class=\"elementor-image-box-content\"><div class=\"elementor-image-box-title\">MOBILITAT EN ELS SISTEMES INTEL\u00b7LIGENTS DE TRANSPORT<\/div><\/div><\/div>\t\t\t\t<\/div>\n\t\t\t\t<\/div>\n\t\t<div class=\"elementor-element elementor-element-c5ce862 e-con-full e-flex e-con e-child\" data-id=\"c5ce862\" data-element_type=\"container\" data-e-type=\"container\">\n\t\t\t\t<div class=\"elementor-element elementor-element-4c12a19 elementor-position-top elementor-invisible elementor-widget elementor-widget-image-box\" data-id=\"4c12a19\" data-element_type=\"widget\" data-e-type=\"widget\" data-settings=\"{&quot;_animation&quot;:&quot;fadeInRight&quot;}\" data-widget_type=\"image-box.default\">\n\t\t\t\t\t<div class=\"elementor-image-box-wrapper\"><figure class=\"elementor-image-box-img\"><img fetchpriority=\"high\" decoding=\"async\" width=\"344\" height=\"344\" src=\"https:\/\/ds4mmed.uv.es\/wp-content\/uploads\/2025\/10\/logo-blanco.png\" class=\"attachment-full size-full wp-image-2145\" alt=\"\" srcset=\"https:\/\/ds4mmed.uv.es\/wp-content\/uploads\/2025\/10\/logo-blanco.png 344w, https:\/\/ds4mmed.uv.es\/wp-content\/uploads\/2025\/10\/logo-blanco-300x300.png 300w, https:\/\/ds4mmed.uv.es\/wp-content\/uploads\/2025\/10\/logo-blanco-150x150.png 150w\" sizes=\"(max-width: 344px) 100vw, 344px\" \/><\/figure><div class=\"elementor-image-box-content\"><div class=\"elementor-image-box-title\">DATA &amp; MOBILITY<\/div><\/div><\/div>\t\t\t\t<\/div>\n\t\t\t\t<\/div>\n\t\t<div class=\"elementor-element elementor-element-1805a2d e-con-full e-flex e-con e-child\" data-id=\"1805a2d\" data-element_type=\"container\" data-e-type=\"container\">\n\t\t\t\t<div class=\"elementor-element elementor-element-a0d8f41 elementor-position-top elementor-invisible elementor-widget elementor-widget-image-box\" data-id=\"a0d8f41\" data-element_type=\"widget\" data-e-type=\"widget\" data-settings=\"{&quot;_animation&quot;:&quot;fadeInLeft&quot;}\" data-widget_type=\"image-box.default\">\n\t\t\t\t\t<div class=\"elementor-image-box-wrapper\"><figure class=\"elementor-image-box-img\"><img fetchpriority=\"high\" decoding=\"async\" width=\"344\" height=\"344\" src=\"https:\/\/ds4mmed.uv.es\/wp-content\/uploads\/2025\/10\/logo-blanco.png\" class=\"attachment-full size-full wp-image-2145\" alt=\"\" srcset=\"https:\/\/ds4mmed.uv.es\/wp-content\/uploads\/2025\/10\/logo-blanco.png 344w, https:\/\/ds4mmed.uv.es\/wp-content\/uploads\/2025\/10\/logo-blanco-300x300.png 300w, https:\/\/ds4mmed.uv.es\/wp-content\/uploads\/2025\/10\/logo-blanco-150x150.png 150w\" sizes=\"(max-width: 344px) 100vw, 344px\" \/><\/figure><div class=\"elementor-image-box-content\"><div class=\"elementor-image-box-title\">SISTEMES INTEL\u00b7LIGENTS DE TRANSPORT<\/div><\/div><\/div>\t\t\t\t<\/div>\n\t\t\t\t<\/div>\n\t\t<div class=\"elementor-element elementor-element-c45dd8a e-con-full e-flex e-con e-child\" data-id=\"c45dd8a\" data-element_type=\"container\" data-e-type=\"container\">\n\t\t\t\t<div class=\"elementor-element elementor-element-be021c9 elementor-position-top elementor-invisible elementor-widget elementor-widget-image-box\" data-id=\"be021c9\" data-element_type=\"widget\" data-e-type=\"widget\" data-settings=\"{&quot;_animation&quot;:&quot;fadeInRight&quot;}\" data-widget_type=\"image-box.default\">\n\t\t\t\t\t<div class=\"elementor-image-box-wrapper\"><figure class=\"elementor-image-box-img\"><img fetchpriority=\"high\" decoding=\"async\" width=\"344\" height=\"344\" src=\"https:\/\/ds4mmed.uv.es\/wp-content\/uploads\/2025\/10\/logo-blanco.png\" class=\"attachment-full size-full wp-image-2145\" alt=\"\" srcset=\"https:\/\/ds4mmed.uv.es\/wp-content\/uploads\/2025\/10\/logo-blanco.png 344w, https:\/\/ds4mmed.uv.es\/wp-content\/uploads\/2025\/10\/logo-blanco-300x300.png 300w, https:\/\/ds4mmed.uv.es\/wp-content\/uploads\/2025\/10\/logo-blanco-150x150.png 150w\" sizes=\"(max-width: 344px) 100vw, 344px\" \/><\/figure><div class=\"elementor-image-box-content\"><div class=\"elementor-image-box-title\"> MAAS (MOBILITY AS A SERVICE)<\/div><\/div><\/div>\t\t\t\t<\/div>\n\t\t\t\t<\/div>\n\t\t\t\t<\/div>\n\t\t\t\t\t<\/div>\n\t\t\t\t<\/div>\n\t\t<div class=\"elementor-element elementor-element-6da64a3 e-flex e-con-boxed e-con e-parent\" data-id=\"6da64a3\" data-element_type=\"container\" data-e-type=\"container\">\n\t\t\t\t\t<div class=\"e-con-inner\">\n\t\t<div class=\"elementor-element elementor-element-975abd2 e-con-full e-flex e-con e-child\" data-id=\"975abd2\" data-element_type=\"container\" data-e-type=\"container\" data-settings=\"{&quot;background_background&quot;:&quot;classic&quot;}\">\n\t\t<div class=\"elementor-element elementor-element-cd76e75 e-con-full e-flex e-con e-child\" data-id=\"cd76e75\" data-element_type=\"container\" data-e-type=\"container\">\n\t\t\t\t<div class=\"elementor-element elementor-element-eb5acd6 elementor-invisible elementor-widget elementor-widget-heading\" data-id=\"eb5acd6\" data-element_type=\"widget\" data-e-type=\"widget\" data-settings=\"{&quot;_animation&quot;:&quot;fadeInLeft&quot;}\" data-widget_type=\"heading.default\">\n\t\t\t\t\t<h5 class=\"elementor-heading-title elementor-size-default\">Vols formar part del projecte? Uneix-te a nosaltres i creixem\u202fjunts.\n<\/h5>\t\t\t\t<\/div>\n\t\t\t\t<div class=\"elementor-element elementor-element-028c864 elementor-align-center elementor-invisible elementor-widget elementor-widget-button\" data-id=\"028c864\" data-element_type=\"widget\" data-e-type=\"widget\" data-settings=\"{&quot;_animation&quot;:&quot;fadeInLeft&quot;}\" data-widget_type=\"button.default\">\n\t\t\t\t\t\t\t\t\t\t<a class=\"elementor-button elementor-button-link elementor-size-sm\" href=\"https:\/\/ds4mmed.uv.es\/index.php\/contacta-ns\">\n\t\t\t\t\t\t<span class=\"elementor-button-content-wrapper\">\n\t\t\t\t\t\t\t\t\t<span class=\"elementor-button-text\">Contacta\u2019ns<\/span>\n\t\t\t\t\t<\/span>\n\t\t\t\t\t<\/a>\n\t\t\t\t\t\t\t\t<\/div>\n\t\t\t\t<\/div>\n\t\t\t\t<\/div>\n\t\t\t\t\t<\/div>\n\t\t\t\t<\/div>\n\t\t\t\t<\/div>\n\t\t","protected":false},"excerpt":{"rendered":"<p>Microcredencials (En desenvolupament) MOBILITAT EN ELS SISTEMES INTEL\u00b7LIGENTS DE TRANSPORT DATA &amp; MOBILITY SISTEMES INTEL\u00b7LIGENTS DE TRANSPORT MAAS (MOBILITY AS A SERVICE) Vols formar part del projecte? Uneix-te a nosaltres i creixem\u202fjunts. Contacta\u2019ns<\/p>\n","protected":false},"author":1,"featured_media":0,"parent":0,"menu_order":0,"comment_status":"closed","ping_status":"closed","template":"","meta":{"footnotes":""},"class_list":["post-7508","page","type-page","status-publish","hentry"],"yoast_head":"<!-- This site is optimized with the Yoast SEO plugin v27.1.1 - https:\/\/yoast.com\/product\/yoast-seo-wordpress\/ -->\n<title>DS4M Mediterr\u00e1neo - Microcredencials<\/title>\n<meta name=\"description\" content=\"Descobreix les microcredencials de DS4M Mediterr\u00e1neo: formacions breus, certificacions digitals i compet\u00e8ncies clau per impulsar el teu desenvolupament professional en l\u2019ecosistema mediterrani.\" \/>\n<meta name=\"robots\" content=\"index, follow, max-snippet:-1, max-image-preview:large, max-video-preview:-1\" \/>\n<link rel=\"canonical\" href=\"https:\/\/ds4mmed.uv.es\/index.php\/ca\/microcredencials\/\" \/>\n<meta property=\"og:locale\" content=\"es_ES\" \/>\n<meta property=\"og:type\" content=\"article\" \/>\n<meta property=\"og:title\" content=\"DS4M Mediterr\u00e1neo - Microcredencials\" \/>\n<meta property=\"og:description\" content=\"Descobreix les microcredencials de DS4M Mediterr\u00e1neo: formacions breus, certificacions digitals i compet\u00e8ncies clau per impulsar el teu desenvolupament professional en l\u2019ecosistema mediterrani.\" \/>\n<meta property=\"og:url\" content=\"https:\/\/ds4mmed.uv.es\/index.php\/ca\/microcredencials\/\" \/>\n<meta property=\"og:site_name\" content=\"DS4M Mediterr\u00e1neo\" \/>\n<meta property=\"article:modified_time\" content=\"2025-11-25T11:03:26+00:00\" \/>\n<meta property=\"og:image\" content=\"https:\/\/ds4mmed.uv.es\/wp-content\/uploads\/2025\/10\/logo-blanco.png\" \/>\n\t<meta property=\"og:image:width\" content=\"344\" \/>\n\t<meta property=\"og:image:height\" content=\"344\" \/>\n\t<meta property=\"og:image:type\" content=\"image\/png\" \/>\n<meta name=\"twitter:card\" content=\"summary_large_image\" \/>\n<meta name=\"twitter:label1\" content=\"Tiempo de lectura\" \/>\n\t<meta name=\"twitter:data1\" content=\"1 minuto\" \/>\n<script type=\"application\/ld+json\" class=\"yoast-schema-graph\">{\"@context\":\"https:\/\/schema.org\",\"@graph\":[{\"@type\":\"WebPage\",\"@id\":\"https:\/\/ds4mmed.uv.es\/index.php\/ca\/microcredencials\/\",\"url\":\"https:\/\/ds4mmed.uv.es\/index.php\/ca\/microcredencials\/\",\"name\":\"DS4M Mediterr\u00e1neo - Microcredencials\",\"isPartOf\":{\"@id\":\"https:\/\/ds4mmed.uv.es\/#website\"},\"primaryImageOfPage\":{\"@id\":\"https:\/\/ds4mmed.uv.es\/index.php\/ca\/microcredencials\/#primaryimage\"},\"image\":{\"@id\":\"https:\/\/ds4mmed.uv.es\/index.php\/ca\/microcredencials\/#primaryimage\"},\"thumbnailUrl\":\"https:\/\/ds4mmed.uv.es\/wp-content\/uploads\/2025\/10\/logo-blanco.png\",\"datePublished\":\"2025-11-19T11:34:42+00:00\",\"dateModified\":\"2025-11-25T11:03:26+00:00\",\"description\":\"Descobreix les microcredencials de DS4M Mediterr\u00e1neo: formacions breus, certificacions digitals i compet\u00e8ncies clau per impulsar el teu desenvolupament professional en l\u2019ecosistema mediterrani.\",\"breadcrumb\":{\"@id\":\"https:\/\/ds4mmed.uv.es\/index.php\/ca\/microcredencials\/#breadcrumb\"},\"inLanguage\":\"es\",\"potentialAction\":[{\"@type\":\"ReadAction\",\"target\":[\"https:\/\/ds4mmed.uv.es\/index.php\/ca\/microcredencials\/\"]}]},{\"@type\":\"ImageObject\",\"inLanguage\":\"es\",\"@id\":\"https:\/\/ds4mmed.uv.es\/index.php\/ca\/microcredencials\/#primaryimage\",\"url\":\"https:\/\/ds4mmed.uv.es\/wp-content\/uploads\/2025\/10\/logo-blanco.png\",\"contentUrl\":\"https:\/\/ds4mmed.uv.es\/wp-content\/uploads\/2025\/10\/logo-blanco.png\",\"width\":344,\"height\":344},{\"@type\":\"BreadcrumbList\",\"@id\":\"https:\/\/ds4mmed.uv.es\/index.php\/ca\/microcredencials\/#breadcrumb\",\"itemListElement\":[{\"@type\":\"ListItem\",\"position\":1,\"name\":\"Portada\",\"item\":\"https:\/\/ds4mmed.uv.es\/index.php\/es\/\"},{\"@type\":\"ListItem\",\"position\":2,\"name\":\"Microcredenciales &#8211; Valenciano\"}]},{\"@type\":\"WebSite\",\"@id\":\"https:\/\/ds4mmed.uv.es\/#website\",\"url\":\"https:\/\/ds4mmed.uv.es\/\",\"name\":\"DS4M Mediterr\u00e1neo\",\"description\":\"\",\"publisher\":{\"@id\":\"https:\/\/ds4mmed.uv.es\/#organization\"},\"potentialAction\":[{\"@type\":\"SearchAction\",\"target\":{\"@type\":\"EntryPoint\",\"urlTemplate\":\"https:\/\/ds4mmed.uv.es\/?s={search_term_string}\"},\"query-input\":{\"@type\":\"PropertyValueSpecification\",\"valueRequired\":true,\"valueName\":\"search_term_string\"}}],\"inLanguage\":\"es\"},{\"@type\":\"Organization\",\"@id\":\"https:\/\/ds4mmed.uv.es\/#organization\",\"name\":\"DS4M Mediterr\u00e1neo\",\"url\":\"https:\/\/ds4mmed.uv.es\/\",\"logo\":{\"@type\":\"ImageObject\",\"inLanguage\":\"es\",\"@id\":\"https:\/\/ds4mmed.uv.es\/#\/schema\/logo\/image\/\",\"url\":\"https:\/\/ds4mmed.uv.es\/wp-content\/uploads\/2025\/07\/Logo-cambio-resolucion-scaled.png\",\"contentUrl\":\"https:\/\/ds4mmed.uv.es\/wp-content\/uploads\/2025\/07\/Logo-cambio-resolucion-scaled.png\",\"width\":2560,\"height\":980,\"caption\":\"DS4M Mediterr\u00e1neo\"},\"image\":{\"@id\":\"https:\/\/ds4mmed.uv.es\/#\/schema\/logo\/image\/\"}}]}<\/script>\n<!-- \/ Yoast SEO plugin. -->","yoast_head_json":{"title":"DS4M Mediterr\u00e1neo - Microcredencials","description":"Descobreix les microcredencials de DS4M Mediterr\u00e1neo: formacions breus, certificacions digitals i compet\u00e8ncies clau per impulsar el teu desenvolupament professional en l\u2019ecosistema mediterrani.","robots":{"index":"index","follow":"follow","max-snippet":"max-snippet:-1","max-image-preview":"max-image-preview:large","max-video-preview":"max-video-preview:-1"},"canonical":"https:\/\/ds4mmed.uv.es\/index.php\/ca\/microcredencials\/","og_locale":"es_ES","og_type":"article","og_title":"DS4M Mediterr\u00e1neo - Microcredencials","og_description":"Descobreix les microcredencials de DS4M Mediterr\u00e1neo: formacions breus, certificacions digitals i compet\u00e8ncies clau per impulsar el teu desenvolupament professional en l\u2019ecosistema mediterrani.","og_url":"https:\/\/ds4mmed.uv.es\/index.php\/ca\/microcredencials\/","og_site_name":"DS4M Mediterr\u00e1neo","article_modified_time":"2025-11-25T11:03:26+00:00","og_image":[{"width":344,"height":344,"url":"https:\/\/ds4mmed.uv.es\/wp-content\/uploads\/2025\/10\/logo-blanco.png","type":"image\/png"}],"twitter_card":"summary_large_image","twitter_misc":{"Tiempo de lectura":"1 minuto"},"schema":{"@context":"https:\/\/schema.org","@graph":[{"@type":"WebPage","@id":"https:\/\/ds4mmed.uv.es\/index.php\/ca\/microcredencials\/","url":"https:\/\/ds4mmed.uv.es\/index.php\/ca\/microcredencials\/","name":"DS4M Mediterr\u00e1neo - Microcredencials","isPartOf":{"@id":"https:\/\/ds4mmed.uv.es\/#website"},"primaryImageOfPage":{"@id":"https:\/\/ds4mmed.uv.es\/index.php\/ca\/microcredencials\/#primaryimage"},"image":{"@id":"https:\/\/ds4mmed.uv.es\/index.php\/ca\/microcredencials\/#primaryimage"},"thumbnailUrl":"https:\/\/ds4mmed.uv.es\/wp-content\/uploads\/2025\/10\/logo-blanco.png","datePublished":"2025-11-19T11:34:42+00:00","dateModified":"2025-11-25T11:03:26+00:00","description":"Descobreix les microcredencials de DS4M Mediterr\u00e1neo: formacions breus, certificacions digitals i compet\u00e8ncies clau per impulsar el teu desenvolupament professional en l\u2019ecosistema mediterrani.","breadcrumb":{"@id":"https:\/\/ds4mmed.uv.es\/index.php\/ca\/microcredencials\/#breadcrumb"},"inLanguage":"es","potentialAction":[{"@type":"ReadAction","target":["https:\/\/ds4mmed.uv.es\/index.php\/ca\/microcredencials\/"]}]},{"@type":"ImageObject","inLanguage":"es","@id":"https:\/\/ds4mmed.uv.es\/index.php\/ca\/microcredencials\/#primaryimage","url":"https:\/\/ds4mmed.uv.es\/wp-content\/uploads\/2025\/10\/logo-blanco.png","contentUrl":"https:\/\/ds4mmed.uv.es\/wp-content\/uploads\/2025\/10\/logo-blanco.png","width":344,"height":344},{"@type":"BreadcrumbList","@id":"https:\/\/ds4mmed.uv.es\/index.php\/ca\/microcredencials\/#breadcrumb","itemListElement":[{"@type":"ListItem","position":1,"name":"Portada","item":"https:\/\/ds4mmed.uv.es\/index.php\/es\/"},{"@type":"ListItem","position":2,"name":"Microcredenciales &#8211; Valenciano"}]},{"@type":"WebSite","@id":"https:\/\/ds4mmed.uv.es\/#website","url":"https:\/\/ds4mmed.uv.es\/","name":"DS4M Mediterr\u00e1neo","description":"","publisher":{"@id":"https:\/\/ds4mmed.uv.es\/#organization"},"potentialAction":[{"@type":"SearchAction","target":{"@type":"EntryPoint","urlTemplate":"https:\/\/ds4mmed.uv.es\/?s={search_term_string}"},"query-input":{"@type":"PropertyValueSpecification","valueRequired":true,"valueName":"search_term_string"}}],"inLanguage":"es"},{"@type":"Organization","@id":"https:\/\/ds4mmed.uv.es\/#organization","name":"DS4M Mediterr\u00e1neo","url":"https:\/\/ds4mmed.uv.es\/","logo":{"@type":"ImageObject","inLanguage":"es","@id":"https:\/\/ds4mmed.uv.es\/#\/schema\/logo\/image\/","url":"https:\/\/ds4mmed.uv.es\/wp-content\/uploads\/2025\/07\/Logo-cambio-resolucion-scaled.png","contentUrl":"https:\/\/ds4mmed.uv.es\/wp-content\/uploads\/2025\/07\/Logo-cambio-resolucion-scaled.png","width":2560,"height":980,"caption":"DS4M Mediterr\u00e1neo"},"image":{"@id":"https:\/\/ds4mmed.uv.es\/#\/schema\/logo\/image\/"}}]}},"_links":{"self":[{"href":"https:\/\/ds4mmed.uv.es\/index.php\/wp-json\/wp\/v2\/pages\/7508","targetHints":{"allow":["GET"]}}],"collection":[{"href":"https:\/\/ds4mmed.uv.es\/index.php\/wp-json\/wp\/v2\/pages"}],"about":[{"href":"https:\/\/ds4mmed.uv.es\/index.php\/wp-json\/wp\/v2\/types\/page"}],"author":[{"embeddable":true,"href":"https:\/\/ds4mmed.uv.es\/index.php\/wp-json\/wp\/v2\/users\/1"}],"replies":[{"embeddable":true,"href":"https:\/\/ds4mmed.uv.es\/index.php\/wp-json\/wp\/v2\/comments?post=7508"}],"version-history":[{"count":14,"href":"https:\/\/ds4mmed.uv.es\/index.php\/wp-json\/wp\/v2\/pages\/7508\/revisions"}],"predecessor-version":[{"id":8860,"href":"https:\/\/ds4mmed.uv.es\/index.php\/wp-json\/wp\/v2\/pages\/7508\/revisions\/8860"}],"wp:attachment":[{"href":"https:\/\/ds4mmed.uv.es\/index.php\/wp-json\/wp\/v2\/media?parent=7508"}],"curies":[{"name":"wp","href":"https:\/\/api.w.org\/{rel}","templated":true}]}}