{"id":7494,"date":"2025-11-19T12:30:48","date_gmt":"2025-11-19T11:30:48","guid":{"rendered":"https:\/\/ds4mmed.uv.es\/?page_id=7494"},"modified":"2025-11-26T12:24:30","modified_gmt":"2025-11-26T11:24:30","slug":"postgrau","status":"publish","type":"page","link":"https:\/\/ds4mmed.uv.es\/index.php\/ca\/postgrau\/","title":{"rendered":"Postgrau"},"content":{"rendered":"\t\t<div data-elementor-type=\"wp-page\" data-elementor-id=\"7494\" class=\"elementor elementor-7494\">\n\t\t\t\t<div class=\"elementor-element elementor-element-f28680b e-flex e-con-boxed e-con e-parent\" data-id=\"f28680b\" data-element_type=\"container\" data-e-type=\"container\" data-settings=\"{&quot;background_background&quot;:&quot;classic&quot;}\">\n\t\t\t\t\t<div class=\"e-con-inner\">\n\t\t<div class=\"elementor-element elementor-element-157fbb5 e-con-full e-flex e-con e-child\" data-id=\"157fbb5\" data-element_type=\"container\" data-e-type=\"container\">\n\t\t<div class=\"elementor-element elementor-element-824bb8c e-grid e-con-full e-con e-child\" data-id=\"824bb8c\" data-element_type=\"container\" data-e-type=\"container\">\n\t\t\t\t<div class=\"elementor-element elementor-element-369c0af elementor-invisible elementor-widget elementor-widget-text-editor\" data-id=\"369c0af\" data-element_type=\"widget\" data-e-type=\"widget\" data-settings=\"{&quot;_animation&quot;:&quot;fadeInLeft&quot;}\" data-widget_type=\"text-editor.default\">\n\t\t\t\t\t\t\t\t\t<p style=\"text-align: justify;\">Diploma d\u2019Especialitzaci\u00f3 en Gesti\u00f3 de la Mobilitat Intel\u00b7ligent i Espais de Dades<\/p>\t\t\t\t\t\t\t\t<\/div>\n\t\t\t\t<div class=\"elementor-element elementor-element-403cd17 elementor-invisible elementor-widget elementor-widget-text-editor\" data-id=\"403cd17\" data-element_type=\"widget\" data-e-type=\"widget\" data-settings=\"{&quot;_animation&quot;:&quot;fadeInUp&quot;}\" data-widget_type=\"text-editor.default\">\n\t\t\t\t\t\t\t\t\t<p style=\"text-align: justify;\">Des de DS4M Mediterr\u00e1neo es promou el Diploma d\u2019Especialitzaci\u00f3 en Gesti\u00f3 de la Mobilitat Intel\u00b7ligent i Espais de Dades. Aquest diploma est\u00e0 dissenyat per a formar professionals dels sectors p\u00fablic i privat vinculats a l\u2019\u00e0mbit de la mobilitat, especialment aquells que desitgen avan\u00e7ar en l\u2019\u00e0rea de la transformaci\u00f3 digital.<\/p>\t\t\t\t\t\t\t\t<\/div>\n\t\t\t\t<div class=\"elementor-element elementor-element-6068782 elementor-invisible elementor-widget elementor-widget-text-editor\" data-id=\"6068782\" data-element_type=\"widget\" data-e-type=\"widget\" data-settings=\"{&quot;_animation&quot;:&quot;fadeInLeft&quot;}\" data-widget_type=\"text-editor.default\">\n\t\t\t\t\t\t\t\t\t<p style=\"text-align: justify;\">Al llarg del curs s\u2019abordaran de manera exhaustiva els principals desafiaments i components de la mobilitat actual, incloent-hi el tr\u00e0nsit, el transport i el paper de les diferents entitats dins de l\u2019ecosistema dels Sistemes Intel\u00b7ligents de Transport (ITS). Els continguts cobriran tot, des de la planificaci\u00f3 fins al manteniment d\u2019aquests sistemes, aix\u00ed com el proc\u00e9s complet de gesti\u00f3 de dades: recopilaci\u00f3, depuraci\u00f3, emmagatzematge i an\u00e0lisi. Tamb\u00e9 s\u2019exploraran models innovadors com Mobility as a Service (MaaS) i les seues implicacions en el mercat.<\/p>\t\t\t\t\t\t\t\t<\/div>\n\t\t\t\t<div class=\"elementor-element elementor-element-0911a05 elementor-invisible elementor-widget elementor-widget-text-editor\" data-id=\"0911a05\" data-element_type=\"widget\" data-e-type=\"widget\" data-settings=\"{&quot;_animation&quot;:&quot;fadeInUp&quot;}\" data-widget_type=\"text-editor.default\">\n\t\t\t\t\t\t\t\t\t<p>Objectius principals del programa:<\/p><ul><li><p>Proporcionar una base s\u00f2lida en mobilitat.<\/p><\/li><li><p>Formar els participants en el desenvolupament de Sistemes Intel\u00b7ligents de Transport (ITS).<\/p><\/li><li><p>Dominar la gesti\u00f3 de dades aplicada al transport.<\/p><\/li><li><p>Comprendre els models de negoci que estan transformant aquest sector.<\/p><\/li><\/ul><p>Es tracta d\u2019un programa de formaci\u00f3 pr\u00e0ctic i actualitzat, centrat en els nous desafiaments de la mobilitat intel\u00b7ligent.<\/p>\t\t\t\t\t\t\t\t<\/div>\n\t\t\t\t<div class=\"elementor-element elementor-element-d563297 elementor-invisible elementor-widget elementor-widget-text-editor\" data-id=\"d563297\" data-element_type=\"widget\" data-e-type=\"widget\" data-settings=\"{&quot;_animation&quot;:&quot;fadeInLeft&quot;}\" data-widget_type=\"text-editor.default\">\n\t\t\t\t\t\t\t\t\t<p style=\"text-align: justify;\">L\u2019any acad\u00e8mic comen\u00e7a al novembre de 2025 i finalitza al juny de 2026, amb un total de 36 cr\u00e8dits. El programa \u00e9s asincron, ja que les classes s\u2019imparteixen en l\u00ednia. El per\u00edode d\u2019inscripci\u00f3 finalitza el 31 de desembre.<\/p>\t\t\t\t\t\t\t\t<\/div>\n\t\t\t\t<div class=\"elementor-element elementor-element-4eae172 elementor-invisible elementor-widget elementor-widget-text-editor\" data-id=\"4eae172\" data-element_type=\"widget\" data-e-type=\"widget\" data-settings=\"{&quot;_animation&quot;:&quot;fadeInUp&quot;}\" data-widget_type=\"text-editor.default\">\n\t\t\t\t\t\t\t\t\t<p style=\"text-align: justify;\" data-start=\"1638\" data-end=\"1771\">Visita el lloc web oficial del Diploma d\u2019Especialitzaci\u00f3 en Gesti\u00f3 de la Mobilitat Intel\u00b7ligent i Espais de Dades per a obtenir m\u00e9s informaci\u00f3:<\/p>\t\t\t\t\t\t\t\t<\/div>\n\t\t\t\t<div class=\"elementor-element elementor-element-f3466ed elementor-align-center elementor-invisible elementor-widget elementor-widget-button\" data-id=\"f3466ed\" data-element_type=\"widget\" data-e-type=\"widget\" data-settings=\"{&quot;_animation&quot;:&quot;fadeInUp&quot;}\" data-widget_type=\"button.default\">\n\t\t\t\t\t\t\t\t\t\t<a class=\"elementor-button elementor-button-link elementor-size-sm\" href=\"https:\/\/www.uv.es\/uvweb\/universidad\/es\/estudios-postgrado\/titulos-propios-postgrado\/oferta-titulos-propios\/titulo-propio-uv-1286006703791.html?p5=25623080\" target=\"_blank\">\n\t\t\t\t\t\t<span class=\"elementor-button-content-wrapper\">\n\t\t\t\t\t\t\t\t\t<span class=\"elementor-button-text\">M\u00c9S INFORMACI\u00d3<\/span>\n\t\t\t\t\t<\/span>\n\t\t\t\t\t<\/a>\n\t\t\t\t\t\t\t\t<\/div>\n\t\t\t\t<\/div>\n\t\t\t\t<\/div>\n\t\t<div class=\"elementor-element elementor-element-fe26c88 e-con-full e-flex elementor-invisible e-con e-child\" data-id=\"fe26c88\" data-element_type=\"container\" data-e-type=\"container\" data-settings=\"{&quot;animation&quot;:&quot;fadeIn&quot;}\">\n\t\t\t\t<div class=\"elementor-element elementor-element-a2cb3d5 elementor-invisible elementor-widget elementor-widget-image\" data-id=\"a2cb3d5\" data-element_type=\"widget\" data-e-type=\"widget\" data-settings=\"{&quot;_animation&quot;:&quot;bounceInUp&quot;}\" data-widget_type=\"image.default\">\n\t\t\t\t\t\t\t\t\t\t\t\t\t\t\t\t<a href=\"https:\/\/www.uv.es\/uvweb\/universidad\/es\/estudios-postgrado\/titulos-propios-postgrado\/oferta-titulos-propios\/titulo-propio-uv-1286006703791.html?p5=25623080\" target=\"_blank\">\n\t\t\t\t\t\t\t<img fetchpriority=\"high\" decoding=\"async\" width=\"379\" height=\"1024\" src=\"https:\/\/ds4mmed.uv.es\/wp-content\/uploads\/2025\/09\/Frase-feliz-dia-del-padre-foto-textura-papel-azul-y-beige-500-x-1350-px-1-379x1024.png\" class=\"attachment-large size-large wp-image-970\" alt=\"\" srcset=\"https:\/\/ds4mmed.uv.es\/wp-content\/uploads\/2025\/09\/Frase-feliz-dia-del-padre-foto-textura-papel-azul-y-beige-500-x-1350-px-1-379x1024.png 379w, https:\/\/ds4mmed.uv.es\/wp-content\/uploads\/2025\/09\/Frase-feliz-dia-del-padre-foto-textura-papel-azul-y-beige-500-x-1350-px-1-111x300.png 111w, https:\/\/ds4mmed.uv.es\/wp-content\/uploads\/2025\/09\/Frase-feliz-dia-del-padre-foto-textura-papel-azul-y-beige-500-x-1350-px-1.png 500w\" sizes=\"(max-width: 379px) 100vw, 379px\" \/>\t\t\t\t\t\t\t\t<\/a>\n\t\t\t\t\t\t\t\t\t\t\t\t\t\t\t<\/div>\n\t\t\t\t<\/div>\n\t\t\t\t\t<\/div>\n\t\t\t\t<\/div>\n\t\t<div class=\"elementor-element elementor-element-20a2ffe e-flex e-con-boxed e-con e-parent\" data-id=\"20a2ffe\" data-element_type=\"container\" data-e-type=\"container\">\n\t\t\t\t\t<div class=\"e-con-inner\">\n\t\t<div class=\"elementor-element elementor-element-6eb5deb e-con-full e-flex e-con e-child\" data-id=\"6eb5deb\" data-element_type=\"container\" data-e-type=\"container\" data-settings=\"{&quot;background_background&quot;:&quot;classic&quot;}\">\n\t\t<div class=\"elementor-element elementor-element-ed1dc7a e-con-full e-flex e-con e-child\" data-id=\"ed1dc7a\" data-element_type=\"container\" data-e-type=\"container\">\n\t\t\t\t<div class=\"elementor-element elementor-element-e63e1cc elementor-invisible elementor-widget elementor-widget-heading\" data-id=\"e63e1cc\" data-element_type=\"widget\" data-e-type=\"widget\" data-settings=\"{&quot;_animation&quot;:&quot;fadeInLeft&quot;}\" data-widget_type=\"heading.default\">\n\t\t\t\t\t<h5 class=\"elementor-heading-title elementor-size-default\"><span data-teams=\"true\"><strong>Et motives a impulsar aquest projecte amb nosaltres?<\/strong> Forma part de l\u2019impuls que necessitem per arribar m\u00e9s lluny.<\/span>\n<\/h5>\t\t\t\t<\/div>\n\t\t\t\t<div class=\"elementor-element elementor-element-406bb29 elementor-align-center elementor-invisible elementor-widget elementor-widget-button\" data-id=\"406bb29\" data-element_type=\"widget\" data-e-type=\"widget\" data-settings=\"{&quot;_animation&quot;:&quot;fadeInLeft&quot;}\" data-widget_type=\"button.default\">\n\t\t\t\t\t\t\t\t\t\t<a class=\"elementor-button elementor-button-link elementor-size-sm\" href=\"https:\/\/ds4mmed.uv.es\/index.php\/contacta-ns\">\n\t\t\t\t\t\t<span class=\"elementor-button-content-wrapper\">\n\t\t\t\t\t\t\t\t\t<span class=\"elementor-button-text\">Contacta\u2019ns<\/span>\n\t\t\t\t\t<\/span>\n\t\t\t\t\t<\/a>\n\t\t\t\t\t\t\t\t<\/div>\n\t\t\t\t<\/div>\n\t\t\t\t<\/div>\n\t\t\t\t\t<\/div>\n\t\t\t\t<\/div>\n\t\t\t\t<\/div>\n\t\t","protected":false},"excerpt":{"rendered":"<p>Diploma d\u2019Especialitzaci\u00f3 en Gesti\u00f3 de la Mobilitat Intel\u00b7ligent i Espais de Dades Des de DS4M Mediterr\u00e1neo es promou el Diploma d\u2019Especialitzaci\u00f3 en Gesti\u00f3 de la Mobilitat Intel\u00b7ligent i Espais de Dades. Aquest diploma est\u00e0 dissenyat per a formar professionals dels sectors p\u00fablic i privat vinculats a l\u2019\u00e0mbit de la mobilitat, especialment aquells que desitgen avan\u00e7ar [&hellip;]<\/p>\n","protected":false},"author":1,"featured_media":8719,"parent":0,"menu_order":0,"comment_status":"closed","ping_status":"closed","template":"","meta":{"footnotes":""},"class_list":["post-7494","page","type-page","status-publish","has-post-thumbnail","hentry"],"yoast_head":"<!-- This site is optimized with the Yoast SEO plugin v27.1.1 - https:\/\/yoast.com\/product\/yoast-seo-wordpress\/ -->\n<title>DS4M Mediterr\u00e1neo - Postgrau<\/title>\n<meta name=\"description\" content=\"El postgrau DS4M MED de la Universitat de Val\u00e8ncia ofereix formaci\u00f3 en mobilitat intel\u00b7ligent y an\u00e0lisi de dades.\" \/>\n<meta name=\"robots\" content=\"index, follow, max-snippet:-1, max-image-preview:large, max-video-preview:-1\" \/>\n<link rel=\"canonical\" href=\"https:\/\/ds4mmed.uv.es\/index.php\/ca\/postgrau\/\" \/>\n<meta property=\"og:locale\" content=\"es_ES\" \/>\n<meta property=\"og:type\" content=\"article\" \/>\n<meta property=\"og:title\" content=\"DS4M Mediterr\u00e1neo - Postgrau\" \/>\n<meta property=\"og:description\" content=\"El postgrau DS4M MED de la Universitat de Val\u00e8ncia ofereix formaci\u00f3 en mobilitat intel\u00b7ligent y an\u00e0lisi de dades.\" \/>\n<meta property=\"og:url\" content=\"https:\/\/ds4mmed.uv.es\/index.php\/ca\/postgrau\/\" \/>\n<meta property=\"og:site_name\" content=\"DS4M Mediterr\u00e1neo\" \/>\n<meta property=\"article:modified_time\" content=\"2025-11-26T11:24:30+00:00\" \/>\n<meta property=\"og:image\" content=\"https:\/\/ds4mmed.uv.es\/wp-content\/uploads\/2025\/11\/Icono-web-2.png\" \/>\n\t<meta property=\"og:image:width\" content=\"344\" \/>\n\t<meta property=\"og:image:height\" content=\"344\" \/>\n\t<meta property=\"og:image:type\" content=\"image\/png\" \/>\n<meta name=\"twitter:card\" content=\"summary_large_image\" \/>\n<meta name=\"twitter:label1\" content=\"Tiempo de lectura\" \/>\n\t<meta name=\"twitter:data1\" content=\"2 minutos\" \/>\n<script type=\"application\/ld+json\" class=\"yoast-schema-graph\">{\"@context\":\"https:\/\/schema.org\",\"@graph\":[{\"@type\":\"WebPage\",\"@id\":\"https:\/\/ds4mmed.uv.es\/index.php\/ca\/postgrau\/\",\"url\":\"https:\/\/ds4mmed.uv.es\/index.php\/ca\/postgrau\/\",\"name\":\"DS4M Mediterr\u00e1neo - Postgrau\",\"isPartOf\":{\"@id\":\"https:\/\/ds4mmed.uv.es\/#website\"},\"primaryImageOfPage\":{\"@id\":\"https:\/\/ds4mmed.uv.es\/index.php\/ca\/postgrau\/#primaryimage\"},\"image\":{\"@id\":\"https:\/\/ds4mmed.uv.es\/index.php\/ca\/postgrau\/#primaryimage\"},\"thumbnailUrl\":\"https:\/\/ds4mmed.uv.es\/wp-content\/uploads\/2025\/11\/Icono-web-2.png\",\"datePublished\":\"2025-11-19T11:30:48+00:00\",\"dateModified\":\"2025-11-26T11:24:30+00:00\",\"description\":\"El postgrau DS4M MED de la Universitat de Val\u00e8ncia ofereix formaci\u00f3 en mobilitat intel\u00b7ligent y an\u00e0lisi de dades.\",\"breadcrumb\":{\"@id\":\"https:\/\/ds4mmed.uv.es\/index.php\/ca\/postgrau\/#breadcrumb\"},\"inLanguage\":\"es\",\"potentialAction\":[{\"@type\":\"ReadAction\",\"target\":[\"https:\/\/ds4mmed.uv.es\/index.php\/ca\/postgrau\/\"]}]},{\"@type\":\"ImageObject\",\"inLanguage\":\"es\",\"@id\":\"https:\/\/ds4mmed.uv.es\/index.php\/ca\/postgrau\/#primaryimage\",\"url\":\"https:\/\/ds4mmed.uv.es\/wp-content\/uploads\/2025\/11\/Icono-web-2.png\",\"contentUrl\":\"https:\/\/ds4mmed.uv.es\/wp-content\/uploads\/2025\/11\/Icono-web-2.png\",\"width\":344,\"height\":344},{\"@type\":\"BreadcrumbList\",\"@id\":\"https:\/\/ds4mmed.uv.es\/index.php\/ca\/postgrau\/#breadcrumb\",\"itemListElement\":[{\"@type\":\"ListItem\",\"position\":1,\"name\":\"Portada\",\"item\":\"https:\/\/ds4mmed.uv.es\/index.php\/es\/\"},{\"@type\":\"ListItem\",\"position\":2,\"name\":\"Postgrau\"}]},{\"@type\":\"WebSite\",\"@id\":\"https:\/\/ds4mmed.uv.es\/#website\",\"url\":\"https:\/\/ds4mmed.uv.es\/\",\"name\":\"DS4M Mediterr\u00e1neo\",\"description\":\"\",\"publisher\":{\"@id\":\"https:\/\/ds4mmed.uv.es\/#organization\"},\"potentialAction\":[{\"@type\":\"SearchAction\",\"target\":{\"@type\":\"EntryPoint\",\"urlTemplate\":\"https:\/\/ds4mmed.uv.es\/?s={search_term_string}\"},\"query-input\":{\"@type\":\"PropertyValueSpecification\",\"valueRequired\":true,\"valueName\":\"search_term_string\"}}],\"inLanguage\":\"es\"},{\"@type\":\"Organization\",\"@id\":\"https:\/\/ds4mmed.uv.es\/#organization\",\"name\":\"DS4M Mediterr\u00e1neo\",\"url\":\"https:\/\/ds4mmed.uv.es\/\",\"logo\":{\"@type\":\"ImageObject\",\"inLanguage\":\"es\",\"@id\":\"https:\/\/ds4mmed.uv.es\/#\/schema\/logo\/image\/\",\"url\":\"https:\/\/ds4mmed.uv.es\/wp-content\/uploads\/2025\/07\/Logo-cambio-resolucion-scaled.png\",\"contentUrl\":\"https:\/\/ds4mmed.uv.es\/wp-content\/uploads\/2025\/07\/Logo-cambio-resolucion-scaled.png\",\"width\":2560,\"height\":980,\"caption\":\"DS4M Mediterr\u00e1neo\"},\"image\":{\"@id\":\"https:\/\/ds4mmed.uv.es\/#\/schema\/logo\/image\/\"}}]}<\/script>\n<!-- \/ Yoast SEO plugin. -->","yoast_head_json":{"title":"DS4M Mediterr\u00e1neo - Postgrau","description":"El postgrau DS4M MED de la Universitat de Val\u00e8ncia ofereix formaci\u00f3 en mobilitat intel\u00b7ligent y an\u00e0lisi de dades.","robots":{"index":"index","follow":"follow","max-snippet":"max-snippet:-1","max-image-preview":"max-image-preview:large","max-video-preview":"max-video-preview:-1"},"canonical":"https:\/\/ds4mmed.uv.es\/index.php\/ca\/postgrau\/","og_locale":"es_ES","og_type":"article","og_title":"DS4M Mediterr\u00e1neo - Postgrau","og_description":"El postgrau DS4M MED de la Universitat de Val\u00e8ncia ofereix formaci\u00f3 en mobilitat intel\u00b7ligent y an\u00e0lisi de dades.","og_url":"https:\/\/ds4mmed.uv.es\/index.php\/ca\/postgrau\/","og_site_name":"DS4M Mediterr\u00e1neo","article_modified_time":"2025-11-26T11:24:30+00:00","og_image":[{"width":344,"height":344,"url":"https:\/\/ds4mmed.uv.es\/wp-content\/uploads\/2025\/11\/Icono-web-2.png","type":"image\/png"}],"twitter_card":"summary_large_image","twitter_misc":{"Tiempo de lectura":"2 minutos"},"schema":{"@context":"https:\/\/schema.org","@graph":[{"@type":"WebPage","@id":"https:\/\/ds4mmed.uv.es\/index.php\/ca\/postgrau\/","url":"https:\/\/ds4mmed.uv.es\/index.php\/ca\/postgrau\/","name":"DS4M Mediterr\u00e1neo - Postgrau","isPartOf":{"@id":"https:\/\/ds4mmed.uv.es\/#website"},"primaryImageOfPage":{"@id":"https:\/\/ds4mmed.uv.es\/index.php\/ca\/postgrau\/#primaryimage"},"image":{"@id":"https:\/\/ds4mmed.uv.es\/index.php\/ca\/postgrau\/#primaryimage"},"thumbnailUrl":"https:\/\/ds4mmed.uv.es\/wp-content\/uploads\/2025\/11\/Icono-web-2.png","datePublished":"2025-11-19T11:30:48+00:00","dateModified":"2025-11-26T11:24:30+00:00","description":"El postgrau DS4M MED de la Universitat de Val\u00e8ncia ofereix formaci\u00f3 en mobilitat intel\u00b7ligent y an\u00e0lisi de dades.","breadcrumb":{"@id":"https:\/\/ds4mmed.uv.es\/index.php\/ca\/postgrau\/#breadcrumb"},"inLanguage":"es","potentialAction":[{"@type":"ReadAction","target":["https:\/\/ds4mmed.uv.es\/index.php\/ca\/postgrau\/"]}]},{"@type":"ImageObject","inLanguage":"es","@id":"https:\/\/ds4mmed.uv.es\/index.php\/ca\/postgrau\/#primaryimage","url":"https:\/\/ds4mmed.uv.es\/wp-content\/uploads\/2025\/11\/Icono-web-2.png","contentUrl":"https:\/\/ds4mmed.uv.es\/wp-content\/uploads\/2025\/11\/Icono-web-2.png","width":344,"height":344},{"@type":"BreadcrumbList","@id":"https:\/\/ds4mmed.uv.es\/index.php\/ca\/postgrau\/#breadcrumb","itemListElement":[{"@type":"ListItem","position":1,"name":"Portada","item":"https:\/\/ds4mmed.uv.es\/index.php\/es\/"},{"@type":"ListItem","position":2,"name":"Postgrau"}]},{"@type":"WebSite","@id":"https:\/\/ds4mmed.uv.es\/#website","url":"https:\/\/ds4mmed.uv.es\/","name":"DS4M Mediterr\u00e1neo","description":"","publisher":{"@id":"https:\/\/ds4mmed.uv.es\/#organization"},"potentialAction":[{"@type":"SearchAction","target":{"@type":"EntryPoint","urlTemplate":"https:\/\/ds4mmed.uv.es\/?s={search_term_string}"},"query-input":{"@type":"PropertyValueSpecification","valueRequired":true,"valueName":"search_term_string"}}],"inLanguage":"es"},{"@type":"Organization","@id":"https:\/\/ds4mmed.uv.es\/#organization","name":"DS4M Mediterr\u00e1neo","url":"https:\/\/ds4mmed.uv.es\/","logo":{"@type":"ImageObject","inLanguage":"es","@id":"https:\/\/ds4mmed.uv.es\/#\/schema\/logo\/image\/","url":"https:\/\/ds4mmed.uv.es\/wp-content\/uploads\/2025\/07\/Logo-cambio-resolucion-scaled.png","contentUrl":"https:\/\/ds4mmed.uv.es\/wp-content\/uploads\/2025\/07\/Logo-cambio-resolucion-scaled.png","width":2560,"height":980,"caption":"DS4M Mediterr\u00e1neo"},"image":{"@id":"https:\/\/ds4mmed.uv.es\/#\/schema\/logo\/image\/"}}]}},"_links":{"self":[{"href":"https:\/\/ds4mmed.uv.es\/index.php\/wp-json\/wp\/v2\/pages\/7494","targetHints":{"allow":["GET"]}}],"collection":[{"href":"https:\/\/ds4mmed.uv.es\/index.php\/wp-json\/wp\/v2\/pages"}],"about":[{"href":"https:\/\/ds4mmed.uv.es\/index.php\/wp-json\/wp\/v2\/types\/page"}],"author":[{"embeddable":true,"href":"https:\/\/ds4mmed.uv.es\/index.php\/wp-json\/wp\/v2\/users\/1"}],"replies":[{"embeddable":true,"href":"https:\/\/ds4mmed.uv.es\/index.php\/wp-json\/wp\/v2\/comments?post=7494"}],"version-history":[{"count":23,"href":"https:\/\/ds4mmed.uv.es\/index.php\/wp-json\/wp\/v2\/pages\/7494\/revisions"}],"predecessor-version":[{"id":9285,"href":"https:\/\/ds4mmed.uv.es\/index.php\/wp-json\/wp\/v2\/pages\/7494\/revisions\/9285"}],"wp:featuredmedia":[{"embeddable":true,"href":"https:\/\/ds4mmed.uv.es\/index.php\/wp-json\/wp\/v2\/media\/8719"}],"wp:attachment":[{"href":"https:\/\/ds4mmed.uv.es\/index.php\/wp-json\/wp\/v2\/media?parent=7494"}],"curies":[{"name":"wp","href":"https:\/\/api.w.org\/{rel}","templated":true}]}}