{"id":7480,"date":"2025-11-19T12:27:10","date_gmt":"2025-11-19T11:27:10","guid":{"rendered":"https:\/\/ds4mmed.uv.es\/?page_id=7480"},"modified":"2025-11-25T10:05:10","modified_gmt":"2025-11-25T09:05:10","slug":"beneficis","status":"publish","type":"page","link":"https:\/\/ds4mmed.uv.es\/index.php\/ca\/beneficis\/","title":{"rendered":"Beneficis"},"content":{"rendered":"\t\t<div data-elementor-type=\"wp-page\" data-elementor-id=\"7480\" class=\"elementor elementor-7480\">\n\t\t\t\t<div class=\"elementor-element elementor-element-54d817b e-flex e-con-boxed e-con e-parent\" data-id=\"54d817b\" data-element_type=\"container\" data-e-type=\"container\">\n\t\t\t\t\t<div class=\"e-con-inner\">\n\t\t<div class=\"elementor-element elementor-element-dcff3be e-con-full e-flex e-con e-child\" data-id=\"dcff3be\" data-element_type=\"container\" data-e-type=\"container\">\n\t\t\t\t<div class=\"elementor-element elementor-element-1ee1c2b elementor-widget elementor-widget-html\" data-id=\"1ee1c2b\" data-element_type=\"widget\" data-e-type=\"widget\" data-widget_type=\"html.default\">\n\t\t\t\t\t<div class=\"beneficios-slider-container\">\r\n    <h1 class=\"beneficios-titulo-fijo\">Beneficis de participar en el projecte<\/h1>\r\n\r\n    <div class=\"beneficio-slide\" style=\"background-image: url('https:\/\/ds4mmed.uv.es\/wp-content\/uploads\/2025\/11\/fotito1.jpg');\">\r\n        <div class=\"beneficio-content\">\r\n            <div class=\"beneficio-circulo\">\r\n                <h2>Formar part d\u2019un projecte estrat\u00e8gic<\/h2>\r\n            <\/div>\r\n            <p class=\"beneficio-descripcion\">En estar emmarcat en el Pla d\u2019Impuls dels Espais de Dades, es posicionar\u00e0 com un actor clau en la transformaci\u00f3 digital del transport i la mobilitat. Aix\u00f2 obrir\u00e0 oportunitats de lideratge a nivell nacional i projecci\u00f3 europea.\r\n            <\/p>\r\n        <\/div>\r\n    <\/div>\r\n\r\n    <div class=\"beneficio-slide\" style=\"background-image: url('https:\/\/ds4mmed.uv.es\/wp-content\/uploads\/2025\/11\/fotito2.jpg');\">\r\n        <div class=\"beneficio-content\">\r\n            <div class=\"beneficio-circulo\">\r\n                <h2>Prestigi\u00f3s reconeixement institucional<\/h2>\r\n            <\/div>\r\n            <p class=\"beneficio-descripcion\">\r\n               Les entitats participants rebran un certificat oficial d\u2019adhesi\u00f3 a l\u2019Espai de Dades de Mobilitat, em\u00e9s per la Direcci\u00f3 General del Dada del Ministeri per a la Transformaci\u00f3 Digital i de la Funci\u00f3 P\u00fablica. Aquesta certificaci\u00f3 permetr\u00e0 mostrar la seua participaci\u00f3 en aquest ecosistema.\r\n            <\/p>\r\n        <\/div>\r\n    <\/div>\r\n\r\n    <div class=\"beneficio-slide\" style=\"background-image: url('https:\/\/ds4mmed.uv.es\/wp-content\/uploads\/2025\/11\/fotito3.jpg');\">\r\n        <div class=\"beneficio-content\">\r\n            <div class=\"beneficio-circulo\">\r\n                <h2>Relaci\u00f3 amb diferents actors<\/h2>\r\n            <\/div>\r\n            <p class=\"beneficio-descripcion\">\r\n                Possibilitat de contractar amb les institucions que adquireixen i\/o ofereixen productes i\/o serveis. Tot aix\u00f2 gr\u00e0cies a la interoperabilitat, que permetr\u00e0 integrar i millorar els conjunts de dades a trav\u00e9s d\u2019est\u00e0ndards comuns.\r\n            <\/p>\r\n        <\/div>\r\n    <\/div>\r\n\r\n    <div class=\"beneficio-slide\" style=\"background-image: url('https:\/\/ds4mmed.uv.es\/wp-content\/uploads\/2025\/11\/pexels-pixabay-162539-scaled.jpg');\">\r\n        <div class=\"beneficio-content\">\r\n            <div class=\"beneficio-circulo\">\r\n                <h2>Valor econ\u00f2mic i social<\/h2>\r\n            <\/div>\r\n            <p class=\"beneficio-descripcion\">\r\n                Desenvolupament de noves oportunitats, models de negoci, productes i serveis, aix\u00ed com optimitzaci\u00f3 dels existents per a maximitzar els beneficis. A m\u00e9s, es facilitar\u00e0 la millora de pol\u00edtiques i plans mitjan\u00e7ant solucions innovadores basades en dades objectives amb impacte social.\r\n            <\/p>\r\n        <\/div>\r\n    <\/div>\r\n\r\n    <div class=\"beneficio-slide\" style=\"background-image: url('https:\/\/ds4mmed.uv.es\/wp-content\/uploads\/2025\/11\/fotito5.jpg');\">\r\n        <div class=\"beneficio-content\">\r\n            <div class=\"beneficio-circulo\">\r\n                <h2>Acc\u00e9s a finan\u00e7ament i subvencions<\/h2>\r\n            <\/div>\r\n            <p class=\"beneficio-descripcion\">\r\n                Possibilitat d\u2019obtenir ajudes econ\u00f2miques, com \u00e9s el cas del Kit Espai de Dades del propi Ministeri per a la Transformaci\u00f3 Digital i de la Funci\u00f3 P\u00fablica.\r\n            <\/p>\r\n        <\/div>\r\n    <\/div>\r\n\r\n    <div class=\"beneficio-slide\" style=\"background-image: url('https:\/\/ds4mmed.uv.es\/wp-content\/uploads\/2025\/11\/fotito4.jpg');\">\r\n        <div class=\"beneficio-content\">\r\n            <div class=\"beneficio-circulo\">\r\n                <h2>Formaci\u00f3 especialitzada acad\u00e8mica i reconeguda<\/h2>\r\n            <\/div>\r\n            <p class=\"beneficio-descripcion\">\r\n               Acc\u00e9s per als professionals de les entitats participants al Diploma d\u2019Especialitzaci\u00f3 Gesti\u00f3 de la Mobilitat Intel\u00b7ligent i Espai de Dades, amb un descompte del 50% del preu p\u00fablic, aix\u00ed com a una s\u00e8rie de \u201cmicrocredencials\u201d.\r\n            <\/p>\r\n        <\/div>\r\n    <\/div>\r\n\r\n    <button class=\"slider-nav\" id=\"slider-prev\">&#10094;<\/button>\r\n    <button class=\"slider-nav\" id=\"slider-next\">&#10095;<\/button>\r\n<\/div>\r\n\r\n<style>\r\n.beneficios-slider-container {\r\n    position: relative;\r\n    width: 100%;\r\n    height: 600px;\r\n    overflow: hidden;\r\n    border-radius: 12px;\r\n    box-shadow: 0 10px 30px rgba(0,0,0,0.1);\r\n    font-family: 'Raleway', sans-serif;\r\n}\r\n\r\n.beneficios-titulo-fijo {\r\n    position: absolute;\r\n    top: 0;\r\n    left: 0;\r\n    width: 100%;\r\n    text-align: center;\r\n    padding: 20px 0;\r\n    font-size: 2.5rem;\r\n    font-weight: bold;\r\n    color: #FFFFFF;\r\n    background: rgba(0, 0, 0, 0.4);\r\n    z-index: 10;\r\n    margin: 0;\r\n    text-shadow: 2px 2px 6px rgba(0, 0, 0, 0.7);\r\n}\r\n\r\n.beneficio-slide {\r\n    position: absolute;\r\n    top: 0;\r\n    left: 0;\r\n    width: 100%;\r\n    height: 100%;\r\n    background-size: cover;\r\n    background-position: center;\r\n    opacity: 0;\r\n    transition: opacity 1.5s ease-in-out;\r\n}\r\n\r\n.beneficio-slide::before {\r\n    content: \"\";\r\n    position: absolute;\r\n    inset: 0;\r\n    background: linear-gradient(\r\n        rgba(5, 23, 46, 0.6),\r\n        rgba(5, 23, 46, 0.7)\r\n    );\r\n    z-index: 1;\r\n}\r\n\r\n.beneficio-slide.active {\r\n    opacity: 1;\r\n}\r\n\r\n.beneficio-content {\r\n    position: relative;\r\n    z-index: 2;\r\n    width: 100%;\r\n    height: 100%;\r\n    padding: 20px 60px;\r\n    padding-top: 120px;\r\n    box-sizing: border-box;\r\n}\r\n\r\n.beneficio-circulo {\r\n    position: absolute;\r\n    top: 100px;\r\n    left: 60px;\r\n    width: 300px;\r\n    height: 300px;\r\n    background-color: #0d1b2a;\r\n    border-radius: 50%;\r\n    display: flex;\r\n    align-items: center;\r\n    justify-content: center;\r\n    padding: 30px;\r\n    box-sizing: border-box;\r\n    text-align: center;\r\n    margin-bottom: 0;\r\n    box-shadow: 0 4px 15px rgba(0,0,0,0.3);\r\n}\r\n\r\n.beneficio-circulo h2 {\r\n    font-size: 1.8rem;\r\n    color: #FFFFFF;\r\n    font-weight: 700;\r\n    line-height: 1.3;\r\n    margin: 0;\r\n}\r\n\r\n.beneficio-descripcion {\r\n    position: absolute;\r\n    bottom: 60px;\r\n    right: 60px;\r\n    width: 55%;\r\n    max-width: 800px;\r\n    font-size: 1.8rem;\r\n    font-weight: 500;\r\n    color: #FFFFFF;\r\n    line-height: 1.5;\r\n    text-shadow: 2px 2px 8px rgba(0, 0, 0, 0.8);\r\n    text-align: justify;\r\n}\r\n\r\n.slider-nav {\r\n    position: absolute;\r\n    top: 50%;\r\n    transform: translateY(-50%);\r\n    background: rgba(255,255,255,0.2);\r\n    border: none;\r\n    color: #fff;\r\n    font-size: 24px;\r\n    width: 50px;\r\n    height: 50px;\r\n    cursor: pointer;\r\n    z-index: 20;\r\n    transition: all 0.3s ease;\r\n    border-radius: 50%;\r\n}\r\n.slider-nav:hover {\r\n    background: rgba(255,255,255,0.4);\r\n}\r\n\r\n#slider-prev { left: 20px; }\r\n#slider-next { right: 20px; }\r\n\r\n@media (max-width: 900px) {\r\n    .beneficio-circulo {\r\n        width: 250px;\r\n        height: 250px;\r\n        font-size: 1.5rem;\r\n        top: 80px;\r\n        left: 40px;\r\n    }\r\n    .beneficio-circulo h2 {\r\n        font-size: 1.5rem;\r\n    }\r\n    .beneficio-descripcion {\r\n        font-size: 1.5rem;\r\n        width: 65%;\r\n        bottom: 40px;\r\n        right: 40px;\r\n    }\r\n    .beneficios-titulo-fijo {\r\n        font-size: 2rem;\r\n    }\r\n}\r\n\r\n@media (max-width: 600px) {\r\n    .beneficios-slider-container {\r\n        height: 500px;\r\n    }\r\n\r\n    .beneficio-content {\r\n        padding: 10px 20px;\r\n        padding-top: 100px;\r\n    }\r\n\r\n    .beneficio-circulo {\r\n        width: 160px;\r\n        height: 160px;\r\n        top: 100px;\r\n        left: 20px;\r\n        padding: 12px;\r\n    }\r\n\r\n    .beneficio-circulo h2 {\r\n        font-size: 0.7rem;\r\n        line-height: 1.3;\r\n    }\r\n\r\n    .beneficio-descripcion {\r\n        font-size: 1.2rem;\r\n        width: 90%;\r\n        bottom: 20px;\r\n        right: 20px;\r\n        text-align: center;\r\n    }\r\n\r\n    .beneficios-titulo-fijo {\r\n        font-size: 1.5rem;\r\n        padding: 15px 0;\r\n    }\r\n\r\n    .slider-nav {\r\n        width: 40px;\r\n        height: 40px;\r\n        font-size: 18px;\r\n    }\r\n\r\n    #slider-prev { left: 10px; }\r\n    #slider-next { right: 10px; }\r\n}\r\n<\/style>\r\n\r\n<script>\r\ndocument.addEventListener('DOMContentLoaded', function() {\r\n    let slides = document.querySelectorAll('.beneficio-slide');\r\n    let prevButton = document.getElementById('slider-prev');\r\n    let nextButton = document.getElementById('slider-next');\r\n    \r\n    if (slides.length > 0) {\r\n        let currentSlide = 0;\r\n        let slideInterval;\r\n        const intervalTime = 15000;\r\n\r\n        function showSlide(index) {\r\n            slides[currentSlide].classList.remove('active');\r\n            currentSlide = index;\r\n            slides[currentSlide].classList.add('active');\r\n        }\r\n\r\n        function goToNext() {\r\n            let nextIndex = (currentSlide + 1) % slides.length;\r\n            showSlide(nextIndex);\r\n        }\r\n\r\n        function goToPrev() {\r\n            let prevIndex = (currentSlide - 1 + slides.length) % slides.length;\r\n            showSlide(prevIndex);\r\n        }\r\n\r\n        function startSlideShow() {\r\n            clearInterval(slideInterval);\r\n            slideInterval = setInterval(goToNext, intervalTime);\r\n        }\r\n\r\n        nextButton.addEventListener('click', function() {\r\n            goToNext();\r\n            startSlideShow();\r\n        });\r\n\r\n        prevButton.addEventListener('click', function() {\r\n            goToPrev();\r\n            startSlideShow();\r\n        });\r\n\r\n        slides[currentSlide].classList.add('active');\r\n        startSlideShow();\r\n    }\r\n});\r\n<\/script>\r\n\t\t\t\t<\/div>\n\t\t\t\t<\/div>\n\t\t\t\t\t<\/div>\n\t\t\t\t<\/div>\n\t\t\t\t<\/div>\n\t\t","protected":false},"excerpt":{"rendered":"<p>Beneficis de participar en el projecte Formar part d\u2019un projecte estrat\u00e8gic En estar emmarcat en el Pla d\u2019Impuls dels Espais de Dades, es posicionar\u00e0 com un actor clau en la transformaci\u00f3 digital del transport i la mobilitat. Aix\u00f2 obrir\u00e0 oportunitats de lideratge a nivell nacional i projecci\u00f3 europea. Prestigi\u00f3s reconeixement institucional Les entitats participants rebran [&hellip;]<\/p>\n","protected":false},"author":1,"featured_media":8719,"parent":0,"menu_order":0,"comment_status":"closed","ping_status":"closed","template":"","meta":{"footnotes":""},"class_list":["post-7480","page","type-page","status-publish","has-post-thumbnail","hentry"],"yoast_head":"<!-- This site is optimized with the Yoast SEO plugin v27.1.1 - https:\/\/yoast.com\/product\/yoast-seo-wordpress\/ -->\n<title>DS4M Mediterr\u00e1neo - Beneficis<\/title>\n<meta name=\"description\" content=\"Descobreix els beneficis de DS4M Mediterr\u00e1neo: impuls a la transformaci\u00f3 digital, solucions innovadores i suport estrat\u00e8gic per enfortir l\u2019ecosistema mediterrani.\" \/>\n<meta name=\"robots\" content=\"index, follow, max-snippet:-1, max-image-preview:large, max-video-preview:-1\" \/>\n<link rel=\"canonical\" href=\"https:\/\/ds4mmed.uv.es\/index.php\/ca\/beneficis\/\" \/>\n<meta property=\"og:locale\" content=\"es_ES\" \/>\n<meta property=\"og:type\" content=\"article\" \/>\n<meta property=\"og:title\" content=\"DS4M Mediterr\u00e1neo - Beneficis\" \/>\n<meta property=\"og:description\" content=\"Descobreix els beneficis de DS4M Mediterr\u00e1neo: impuls a la transformaci\u00f3 digital, solucions innovadores i suport estrat\u00e8gic per enfortir l\u2019ecosistema mediterrani.\" \/>\n<meta property=\"og:url\" content=\"https:\/\/ds4mmed.uv.es\/index.php\/ca\/beneficis\/\" \/>\n<meta property=\"og:site_name\" content=\"DS4M Mediterr\u00e1neo\" \/>\n<meta property=\"article:modified_time\" content=\"2025-11-25T09:05:10+00:00\" \/>\n<meta property=\"og:image\" content=\"https:\/\/ds4mmed.uv.es\/wp-content\/uploads\/2025\/11\/Icono-web-2.png\" \/>\n\t<meta property=\"og:image:width\" content=\"344\" \/>\n\t<meta property=\"og:image:height\" content=\"344\" \/>\n\t<meta property=\"og:image:type\" content=\"image\/png\" \/>\n<meta name=\"twitter:card\" content=\"summary_large_image\" \/>\n<meta name=\"twitter:label1\" content=\"Tiempo de lectura\" \/>\n\t<meta name=\"twitter:data1\" content=\"2 minutos\" \/>\n<script type=\"application\/ld+json\" class=\"yoast-schema-graph\">{\"@context\":\"https:\/\/schema.org\",\"@graph\":[{\"@type\":\"WebPage\",\"@id\":\"https:\/\/ds4mmed.uv.es\/index.php\/ca\/beneficis\/\",\"url\":\"https:\/\/ds4mmed.uv.es\/index.php\/ca\/beneficis\/\",\"name\":\"DS4M Mediterr\u00e1neo - Beneficis\",\"isPartOf\":{\"@id\":\"https:\/\/ds4mmed.uv.es\/#website\"},\"primaryImageOfPage\":{\"@id\":\"https:\/\/ds4mmed.uv.es\/index.php\/ca\/beneficis\/#primaryimage\"},\"image\":{\"@id\":\"https:\/\/ds4mmed.uv.es\/index.php\/ca\/beneficis\/#primaryimage\"},\"thumbnailUrl\":\"https:\/\/ds4mmed.uv.es\/wp-content\/uploads\/2025\/11\/Icono-web-2.png\",\"datePublished\":\"2025-11-19T11:27:10+00:00\",\"dateModified\":\"2025-11-25T09:05:10+00:00\",\"description\":\"Descobreix els beneficis de DS4M Mediterr\u00e1neo: impuls a la transformaci\u00f3 digital, solucions innovadores i suport estrat\u00e8gic per enfortir l\u2019ecosistema mediterrani.\",\"breadcrumb\":{\"@id\":\"https:\/\/ds4mmed.uv.es\/index.php\/ca\/beneficis\/#breadcrumb\"},\"inLanguage\":\"es\",\"potentialAction\":[{\"@type\":\"ReadAction\",\"target\":[\"https:\/\/ds4mmed.uv.es\/index.php\/ca\/beneficis\/\"]}]},{\"@type\":\"ImageObject\",\"inLanguage\":\"es\",\"@id\":\"https:\/\/ds4mmed.uv.es\/index.php\/ca\/beneficis\/#primaryimage\",\"url\":\"https:\/\/ds4mmed.uv.es\/wp-content\/uploads\/2025\/11\/Icono-web-2.png\",\"contentUrl\":\"https:\/\/ds4mmed.uv.es\/wp-content\/uploads\/2025\/11\/Icono-web-2.png\",\"width\":344,\"height\":344},{\"@type\":\"BreadcrumbList\",\"@id\":\"https:\/\/ds4mmed.uv.es\/index.php\/ca\/beneficis\/#breadcrumb\",\"itemListElement\":[{\"@type\":\"ListItem\",\"position\":1,\"name\":\"Portada\",\"item\":\"https:\/\/ds4mmed.uv.es\/index.php\/es\/\"},{\"@type\":\"ListItem\",\"position\":2,\"name\":\"Beneficis\"}]},{\"@type\":\"WebSite\",\"@id\":\"https:\/\/ds4mmed.uv.es\/#website\",\"url\":\"https:\/\/ds4mmed.uv.es\/\",\"name\":\"DS4M Mediterr\u00e1neo\",\"description\":\"\",\"publisher\":{\"@id\":\"https:\/\/ds4mmed.uv.es\/#organization\"},\"potentialAction\":[{\"@type\":\"SearchAction\",\"target\":{\"@type\":\"EntryPoint\",\"urlTemplate\":\"https:\/\/ds4mmed.uv.es\/?s={search_term_string}\"},\"query-input\":{\"@type\":\"PropertyValueSpecification\",\"valueRequired\":true,\"valueName\":\"search_term_string\"}}],\"inLanguage\":\"es\"},{\"@type\":\"Organization\",\"@id\":\"https:\/\/ds4mmed.uv.es\/#organization\",\"name\":\"DS4M Mediterr\u00e1neo\",\"url\":\"https:\/\/ds4mmed.uv.es\/\",\"logo\":{\"@type\":\"ImageObject\",\"inLanguage\":\"es\",\"@id\":\"https:\/\/ds4mmed.uv.es\/#\/schema\/logo\/image\/\",\"url\":\"https:\/\/ds4mmed.uv.es\/wp-content\/uploads\/2025\/07\/Logo-cambio-resolucion-scaled.png\",\"contentUrl\":\"https:\/\/ds4mmed.uv.es\/wp-content\/uploads\/2025\/07\/Logo-cambio-resolucion-scaled.png\",\"width\":2560,\"height\":980,\"caption\":\"DS4M Mediterr\u00e1neo\"},\"image\":{\"@id\":\"https:\/\/ds4mmed.uv.es\/#\/schema\/logo\/image\/\"}}]}<\/script>\n<!-- \/ Yoast SEO plugin. -->","yoast_head_json":{"title":"DS4M Mediterr\u00e1neo - Beneficis","description":"Descobreix els beneficis de DS4M Mediterr\u00e1neo: impuls a la transformaci\u00f3 digital, solucions innovadores i suport estrat\u00e8gic per enfortir l\u2019ecosistema mediterrani.","robots":{"index":"index","follow":"follow","max-snippet":"max-snippet:-1","max-image-preview":"max-image-preview:large","max-video-preview":"max-video-preview:-1"},"canonical":"https:\/\/ds4mmed.uv.es\/index.php\/ca\/beneficis\/","og_locale":"es_ES","og_type":"article","og_title":"DS4M Mediterr\u00e1neo - Beneficis","og_description":"Descobreix els beneficis de DS4M Mediterr\u00e1neo: impuls a la transformaci\u00f3 digital, solucions innovadores i suport estrat\u00e8gic per enfortir l\u2019ecosistema mediterrani.","og_url":"https:\/\/ds4mmed.uv.es\/index.php\/ca\/beneficis\/","og_site_name":"DS4M Mediterr\u00e1neo","article_modified_time":"2025-11-25T09:05:10+00:00","og_image":[{"width":344,"height":344,"url":"https:\/\/ds4mmed.uv.es\/wp-content\/uploads\/2025\/11\/Icono-web-2.png","type":"image\/png"}],"twitter_card":"summary_large_image","twitter_misc":{"Tiempo de lectura":"2 minutos"},"schema":{"@context":"https:\/\/schema.org","@graph":[{"@type":"WebPage","@id":"https:\/\/ds4mmed.uv.es\/index.php\/ca\/beneficis\/","url":"https:\/\/ds4mmed.uv.es\/index.php\/ca\/beneficis\/","name":"DS4M Mediterr\u00e1neo - Beneficis","isPartOf":{"@id":"https:\/\/ds4mmed.uv.es\/#website"},"primaryImageOfPage":{"@id":"https:\/\/ds4mmed.uv.es\/index.php\/ca\/beneficis\/#primaryimage"},"image":{"@id":"https:\/\/ds4mmed.uv.es\/index.php\/ca\/beneficis\/#primaryimage"},"thumbnailUrl":"https:\/\/ds4mmed.uv.es\/wp-content\/uploads\/2025\/11\/Icono-web-2.png","datePublished":"2025-11-19T11:27:10+00:00","dateModified":"2025-11-25T09:05:10+00:00","description":"Descobreix els beneficis de DS4M Mediterr\u00e1neo: impuls a la transformaci\u00f3 digital, solucions innovadores i suport estrat\u00e8gic per enfortir l\u2019ecosistema mediterrani.","breadcrumb":{"@id":"https:\/\/ds4mmed.uv.es\/index.php\/ca\/beneficis\/#breadcrumb"},"inLanguage":"es","potentialAction":[{"@type":"ReadAction","target":["https:\/\/ds4mmed.uv.es\/index.php\/ca\/beneficis\/"]}]},{"@type":"ImageObject","inLanguage":"es","@id":"https:\/\/ds4mmed.uv.es\/index.php\/ca\/beneficis\/#primaryimage","url":"https:\/\/ds4mmed.uv.es\/wp-content\/uploads\/2025\/11\/Icono-web-2.png","contentUrl":"https:\/\/ds4mmed.uv.es\/wp-content\/uploads\/2025\/11\/Icono-web-2.png","width":344,"height":344},{"@type":"BreadcrumbList","@id":"https:\/\/ds4mmed.uv.es\/index.php\/ca\/beneficis\/#breadcrumb","itemListElement":[{"@type":"ListItem","position":1,"name":"Portada","item":"https:\/\/ds4mmed.uv.es\/index.php\/es\/"},{"@type":"ListItem","position":2,"name":"Beneficis"}]},{"@type":"WebSite","@id":"https:\/\/ds4mmed.uv.es\/#website","url":"https:\/\/ds4mmed.uv.es\/","name":"DS4M Mediterr\u00e1neo","description":"","publisher":{"@id":"https:\/\/ds4mmed.uv.es\/#organization"},"potentialAction":[{"@type":"SearchAction","target":{"@type":"EntryPoint","urlTemplate":"https:\/\/ds4mmed.uv.es\/?s={search_term_string}"},"query-input":{"@type":"PropertyValueSpecification","valueRequired":true,"valueName":"search_term_string"}}],"inLanguage":"es"},{"@type":"Organization","@id":"https:\/\/ds4mmed.uv.es\/#organization","name":"DS4M Mediterr\u00e1neo","url":"https:\/\/ds4mmed.uv.es\/","logo":{"@type":"ImageObject","inLanguage":"es","@id":"https:\/\/ds4mmed.uv.es\/#\/schema\/logo\/image\/","url":"https:\/\/ds4mmed.uv.es\/wp-content\/uploads\/2025\/07\/Logo-cambio-resolucion-scaled.png","contentUrl":"https:\/\/ds4mmed.uv.es\/wp-content\/uploads\/2025\/07\/Logo-cambio-resolucion-scaled.png","width":2560,"height":980,"caption":"DS4M Mediterr\u00e1neo"},"image":{"@id":"https:\/\/ds4mmed.uv.es\/#\/schema\/logo\/image\/"}}]}},"_links":{"self":[{"href":"https:\/\/ds4mmed.uv.es\/index.php\/wp-json\/wp\/v2\/pages\/7480","targetHints":{"allow":["GET"]}}],"collection":[{"href":"https:\/\/ds4mmed.uv.es\/index.php\/wp-json\/wp\/v2\/pages"}],"about":[{"href":"https:\/\/ds4mmed.uv.es\/index.php\/wp-json\/wp\/v2\/types\/page"}],"author":[{"embeddable":true,"href":"https:\/\/ds4mmed.uv.es\/index.php\/wp-json\/wp\/v2\/users\/1"}],"replies":[{"embeddable":true,"href":"https:\/\/ds4mmed.uv.es\/index.php\/wp-json\/wp\/v2\/comments?post=7480"}],"version-history":[{"count":14,"href":"https:\/\/ds4mmed.uv.es\/index.php\/wp-json\/wp\/v2\/pages\/7480\/revisions"}],"predecessor-version":[{"id":8773,"href":"https:\/\/ds4mmed.uv.es\/index.php\/wp-json\/wp\/v2\/pages\/7480\/revisions\/8773"}],"wp:featuredmedia":[{"embeddable":true,"href":"https:\/\/ds4mmed.uv.es\/index.php\/wp-json\/wp\/v2\/media\/8719"}],"wp:attachment":[{"href":"https:\/\/ds4mmed.uv.es\/index.php\/wp-json\/wp\/v2\/media?parent=7480"}],"curies":[{"name":"wp","href":"https:\/\/api.w.org\/{rel}","templated":true}]}}