{"id":7431,"date":"2025-11-19T12:00:19","date_gmt":"2025-11-19T11:00:19","guid":{"rendered":"https:\/\/ds4mmed.uv.es\/?page_id=7431"},"modified":"2025-11-25T10:28:21","modified_gmt":"2025-11-25T09:28:21","slug":"contacta-ns","status":"publish","type":"page","link":"https:\/\/ds4mmed.uv.es\/index.php\/ca\/contacta-ns\/","title":{"rendered":"Contacta&#8217;ns"},"content":{"rendered":"\t\t<div data-elementor-type=\"wp-page\" data-elementor-id=\"7431\" class=\"elementor elementor-7431\">\n\t\t\t\t<div class=\"elementor-element elementor-element-be09d14 e-flex e-con-boxed e-con e-parent\" data-id=\"be09d14\" data-element_type=\"container\" data-e-type=\"container\" data-settings=\"{&quot;background_background&quot;:&quot;classic&quot;}\">\n\t\t\t\t\t<div class=\"e-con-inner\">\n\t\t<div class=\"elementor-element elementor-element-e0860f2 e-con-full e-flex e-con e-child\" data-id=\"e0860f2\" data-element_type=\"container\" data-e-type=\"container\" data-settings=\"{&quot;background_background&quot;:&quot;classic&quot;}\">\n\t\t\t\t<div class=\"elementor-element elementor-element-bc583fc elementor-widget elementor-widget-menu-anchor\" data-id=\"bc583fc\" data-element_type=\"widget\" data-e-type=\"widget\" data-widget_type=\"menu-anchor.default\">\n\t\t\t\t\t\t\t<div class=\"elementor-menu-anchor\" id=\"contactus\"><\/div>\n\t\t\t\t\t\t<\/div>\n\t\t\t\t<div class=\"elementor-element elementor-element-7c3efc4 elementor-widget__width-inherit elementor-invisible elementor-widget elementor-widget-heading\" data-id=\"7c3efc4\" data-element_type=\"widget\" data-e-type=\"widget\" data-settings=\"{&quot;_animation&quot;:&quot;rotateInDownLeft&quot;}\" data-widget_type=\"heading.default\">\n\t\t\t\t\t<h2 class=\"elementor-heading-title elementor-size-default\">Contacta'ns<\/h2>\t\t\t\t<\/div>\n\t\t<div class=\"elementor-element elementor-element-cc97fa1 e-con-full e-flex e-con e-child\" data-id=\"cc97fa1\" data-element_type=\"container\" data-e-type=\"container\">\n\t\t<div class=\"elementor-element elementor-element-ca4f604 e-grid e-con-full e-con e-child\" data-id=\"ca4f604\" data-element_type=\"container\" data-e-type=\"container\">\n\t\t\t\t<div class=\"elementor-element elementor-element-56f415c elementor-view-default elementor-invisible elementor-widget elementor-widget-icon\" data-id=\"56f415c\" data-element_type=\"widget\" data-e-type=\"widget\" data-settings=\"{&quot;_animation&quot;:&quot;fadeInLeft&quot;}\" data-widget_type=\"icon.default\">\n\t\t\t\t\t\t\t<div class=\"elementor-icon-wrapper\">\n\t\t\t<a class=\"elementor-icon elementor-animation-grow\" href=\"tel:+34961%20625%20462\" target=\"_blank\">\n\t\t\t<svg aria-hidden=\"true\" class=\"e-font-icon-svg e-fas-phone\" viewBox=\"0 0 512 512\" xmlns=\"http:\/\/www.w3.org\/2000\/svg\"><path d=\"M493.4 24.6l-104-24c-11.3-2.6-22.9 3.3-27.5 13.9l-48 112c-4.2 9.8-1.4 21.3 6.9 28l60.6 49.6c-36 76.7-98.9 140.5-177.2 177.2l-49.6-60.6c-6.8-8.3-18.2-11.1-28-6.9l-112 48C3.9 366.5-2 378.1.6 389.4l24 104C27.1 504.2 36.7 512 48 512c256.1 0 464-207.5 464-464 0-11.2-7.7-20.9-18.6-23.4z\"><\/path><\/svg>\t\t\t<\/a>\n\t\t<\/div>\n\t\t\t\t\t\t<\/div>\n\t\t\t\t<div class=\"elementor-element elementor-element-02fa0e0 elementor-widget elementor-widget-heading\" data-id=\"02fa0e0\" data-element_type=\"widget\" data-e-type=\"widget\" data-widget_type=\"heading.default\">\n\t\t\t\t\t<h2 class=\"elementor-heading-title elementor-size-default\"><a href=\"tel:+34961%20625%20462\" target=\"_blank\">+34 961 625 462<\/a><\/h2>\t\t\t\t<\/div>\n\t\t\t\t<\/div>\n\t\t\t\t<\/div>\n\t\t<div class=\"elementor-element elementor-element-b9d9ce4 e-con-full e-flex e-con e-child\" data-id=\"b9d9ce4\" data-element_type=\"container\" data-e-type=\"container\">\n\t\t<div class=\"elementor-element elementor-element-6577740 e-grid e-con-full e-con e-child\" data-id=\"6577740\" data-element_type=\"container\" data-e-type=\"container\">\n\t\t\t\t<div class=\"elementor-element elementor-element-dd80be6 elementor-view-default elementor-invisible elementor-widget elementor-widget-icon\" data-id=\"dd80be6\" data-element_type=\"widget\" data-e-type=\"widget\" data-settings=\"{&quot;_animation&quot;:&quot;fadeInLeft&quot;}\" data-widget_type=\"icon.default\">\n\t\t\t\t\t\t\t<div class=\"elementor-icon-wrapper\">\n\t\t\t<a class=\"elementor-icon elementor-animation-grow\" href=\"https:\/\/mail.google.com\/mail\/u\/0\/?fs=1&#038;to=ds4mmed@uv.es&#038;su=Consulta&#038;body=Hola+quiero+saber+m%C3%A1s...&#038;tf=cm\" target=\"_blank\">\n\t\t\t<svg aria-hidden=\"true\" class=\"e-font-icon-svg e-far-envelope\" viewBox=\"0 0 512 512\" xmlns=\"http:\/\/www.w3.org\/2000\/svg\"><path d=\"M464 64H48C21.49 64 0 85.49 0 112v288c0 26.51 21.49 48 48 48h416c26.51 0 48-21.49 48-48V112c0-26.51-21.49-48-48-48zm0 48v40.805c-22.422 18.259-58.168 46.651-134.587 106.49-16.841 13.247-50.201 45.072-73.413 44.701-23.208.375-56.579-31.459-73.413-44.701C106.18 199.465 70.425 171.067 48 152.805V112h416zM48 400V214.398c22.914 18.251 55.409 43.862 104.938 82.646 21.857 17.205 60.134 55.186 103.062 54.955 42.717.231 80.509-37.199 103.053-54.947 49.528-38.783 82.032-64.401 104.947-82.653V400H48z\"><\/path><\/svg>\t\t\t<\/a>\n\t\t<\/div>\n\t\t\t\t\t\t<\/div>\n\t\t\t\t<div class=\"elementor-element elementor-element-e9b585d elementor-widget elementor-widget-heading\" data-id=\"e9b585d\" data-element_type=\"widget\" data-e-type=\"widget\" data-widget_type=\"heading.default\">\n\t\t\t\t\t<h2 class=\"elementor-heading-title elementor-size-default\"><a href=\"https:\/\/mail.google.com\/mail\/u\/0\/?fs=1&#038;to=ds4mmed@uv.es&#038;su=Consulta&#038;body=Hola+quiero+saber+m%C3%A1s...&#038;tf=cm\" target=\"_blank\">ds4mmed@uv.es<\/a><\/h2>\t\t\t\t<\/div>\n\t\t\t\t<\/div>\n\t\t\t\t<\/div>\n\t\t<div class=\"elementor-element elementor-element-d338a56 e-con-full e-flex e-con e-child\" data-id=\"d338a56\" data-element_type=\"container\" data-e-type=\"container\">\n\t\t<div class=\"elementor-element elementor-element-c7b1079 e-grid e-con-full e-con e-child\" data-id=\"c7b1079\" data-element_type=\"container\" data-e-type=\"container\">\n\t\t\t\t<div class=\"elementor-element elementor-element-824aa51 elementor-view-default elementor-invisible elementor-widget elementor-widget-icon\" data-id=\"824aa51\" data-element_type=\"widget\" data-e-type=\"widget\" data-settings=\"{&quot;_animation&quot;:&quot;fadeInUp&quot;}\" data-widget_type=\"icon.default\">\n\t\t\t\t\t\t\t<div class=\"elementor-icon-wrapper\">\n\t\t\t<a class=\"elementor-icon elementor-animation-grow\" href=\"https:\/\/www.linkedin.com\/company\/ds4m-mediterr%C3%A1neo\/\" target=\"_blank\">\n\t\t\t<svg aria-hidden=\"true\" class=\"e-font-icon-svg e-fab-linkedin\" viewBox=\"0 0 448 512\" xmlns=\"http:\/\/www.w3.org\/2000\/svg\"><path d=\"M416 32H31.9C14.3 32 0 46.5 0 64.3v383.4C0 465.5 14.3 480 31.9 480H416c17.6 0 32-14.5 32-32.3V64.3c0-17.8-14.4-32.3-32-32.3zM135.4 416H69V202.2h66.5V416zm-33.2-243c-21.3 0-38.5-17.3-38.5-38.5S80.9 96 102.2 96c21.2 0 38.5 17.3 38.5 38.5 0 21.3-17.2 38.5-38.5 38.5zm282.1 243h-66.4V312c0-24.8-.5-56.7-34.5-56.7-34.6 0-39.9 27-39.9 54.9V416h-66.4V202.2h63.7v29.2h.9c8.9-16.8 30.6-34.5 62.9-34.5 67.2 0 79.7 44.3 79.7 101.9V416z\"><\/path><\/svg>\t\t\t<\/a>\n\t\t<\/div>\n\t\t\t\t\t\t<\/div>\n\t\t\t\t<div class=\"elementor-element elementor-element-c3cef62 elementor-widget elementor-widget-heading\" data-id=\"c3cef62\" data-element_type=\"widget\" data-e-type=\"widget\" data-widget_type=\"heading.default\">\n\t\t\t\t\t<h2 class=\"elementor-heading-title elementor-size-default\"><a href=\"https:\/\/www.linkedin.com\/company\/ds4m-mediterr%C3%A1neo\/\" target=\"_blank\">DS4M Mediterr\u00e1neo<\/a><\/h2>\t\t\t\t<\/div>\n\t\t\t\t<\/div>\n\t\t\t\t<\/div>\n\t\t\t\t<\/div>\n\t\t\t\t\t<\/div>\n\t\t\t\t<\/div>\n\t\t<div class=\"elementor-element elementor-element-13cbff1 e-con-full e-flex e-con e-parent\" data-id=\"13cbff1\" data-element_type=\"container\" data-e-type=\"container\" data-settings=\"{&quot;background_background&quot;:&quot;classic&quot;}\">\n\t\t<div class=\"elementor-element elementor-element-0e8488d e-con-full e-flex e-con e-child\" data-id=\"0e8488d\" data-element_type=\"container\" data-e-type=\"container\">\n\t\t<div class=\"elementor-element elementor-element-0bf2582 e-con-full e-flex e-con e-child\" data-id=\"0bf2582\" data-element_type=\"container\" data-e-type=\"container\">\n\t\t<div class=\"elementor-element elementor-element-3f1aa47 e-con-full e-flex e-con e-child\" data-id=\"3f1aa47\" data-element_type=\"container\" data-e-type=\"container\">\n\t\t\t\t<div class=\"elementor-element elementor-element-52547d8 elementor-widget elementor-widget-google_maps\" data-id=\"52547d8\" data-element_type=\"widget\" data-e-type=\"widget\" data-widget_type=\"google_maps.default\">\n\t\t\t\t\t\t\t<div class=\"elementor-custom-embed\">\n\t\t\t<iframe loading=\"lazy\"\n\t\t\t\t\tsrc=\"https:\/\/maps.google.com\/maps?q=intras%20uv&#038;t=m&#038;z=13&#038;output=embed&#038;iwloc=near\"\n\t\t\t\t\ttitle=\"intras uv\"\n\t\t\t\t\taria-label=\"intras uv\"\n\t\t\t><\/iframe>\n\t\t<\/div>\n\t\t\t\t\t\t<\/div>\n\t\t\t\t<div class=\"elementor-element elementor-element-b0c3ced elementor-invisible elementor-widget elementor-widget-heading\" data-id=\"b0c3ced\" data-element_type=\"widget\" data-e-type=\"widget\" data-settings=\"{&quot;_animation&quot;:&quot;fadeInLeft&quot;}\" data-widget_type=\"heading.default\">\n\t\t\t\t\t<h4 class=\"elementor-heading-title elementor-size-default\">Instituto Universitario de Investigaci\u00f3n en Tr\u00e1fico y Seguridad Vial<br> (Universitat de Val\u00e8ncia)\n<\/h4>\t\t\t\t<\/div>\n\t\t\t\t<div class=\"elementor-element elementor-element-3ea9b1b elementor-invisible elementor-widget elementor-widget-heading\" data-id=\"3ea9b1b\" data-element_type=\"widget\" data-e-type=\"widget\" data-settings=\"{&quot;_animation&quot;:&quot;fadeInUp&quot;}\" data-widget_type=\"heading.default\">\n\t\t\t\t\t<div class=\"elementor-heading-title elementor-size-default\">C\/ del Serpis, 29, Algir\u00f3s, 46022 Val\u00e8ncia, Valencia<\/div>\t\t\t\t<\/div>\n\t\t\t\t<\/div>\n\t\t\t\t<\/div>\n\t\t\t\t<\/div>\n\t\t\t\t<\/div>\n\t\t\t\t<\/div>\n\t\t","protected":false},"excerpt":{"rendered":"<p>Contacta&#8217;ns +34 961 625 462 ds4mmed@uv.es DS4M Mediterr\u00e1neo Instituto Universitario de Investigaci\u00f3n en Tr\u00e1fico y Seguridad Vial (Universitat de Val\u00e8ncia) C\/ del Serpis, 29, Algir\u00f3s, 46022 Val\u00e8ncia, Valencia<\/p>\n","protected":false},"author":1,"featured_media":8719,"parent":0,"menu_order":0,"comment_status":"closed","ping_status":"closed","template":"","meta":{"footnotes":""},"class_list":["post-7431","page","type-page","status-publish","has-post-thumbnail","hentry"],"yoast_head":"<!-- This site is optimized with the Yoast SEO plugin v27.1.1 - https:\/\/yoast.com\/product\/yoast-seo-wordpress\/ -->\n<title>DS4M Mediterr\u00e1neo - Contacta&#039;ns<\/title>\n<meta name=\"description\" content=\"Contacta amb DS4M Mediterr\u00e1neo per explorar oportunitats de col\u00b7laboraci\u00f3, recerca o tecnologia en mobilitat intel\u00b7ligent.\" \/>\n<meta name=\"robots\" content=\"index, follow, max-snippet:-1, max-image-preview:large, max-video-preview:-1\" \/>\n<link rel=\"canonical\" href=\"https:\/\/ds4mmed.uv.es\/index.php\/ca\/contacta-ns\/\" \/>\n<meta property=\"og:locale\" content=\"es_ES\" \/>\n<meta property=\"og:type\" content=\"article\" \/>\n<meta property=\"og:title\" content=\"DS4M Mediterr\u00e1neo - Contacta&#039;ns\" \/>\n<meta property=\"og:description\" content=\"Contacta amb DS4M Mediterr\u00e1neo per explorar oportunitats de col\u00b7laboraci\u00f3, recerca o tecnologia en mobilitat intel\u00b7ligent.\" \/>\n<meta property=\"og:url\" content=\"https:\/\/ds4mmed.uv.es\/index.php\/ca\/contacta-ns\/\" \/>\n<meta property=\"og:site_name\" content=\"DS4M Mediterr\u00e1neo\" \/>\n<meta property=\"article:modified_time\" content=\"2025-11-25T09:28:21+00:00\" \/>\n<meta property=\"og:image\" content=\"https:\/\/ds4mmed.uv.es\/wp-content\/uploads\/2025\/11\/Icono-web-2.png\" \/>\n\t<meta property=\"og:image:width\" content=\"344\" \/>\n\t<meta property=\"og:image:height\" content=\"344\" \/>\n\t<meta property=\"og:image:type\" content=\"image\/png\" \/>\n<meta name=\"twitter:card\" content=\"summary_large_image\" \/>\n<meta name=\"twitter:label1\" content=\"Tiempo de lectura\" \/>\n\t<meta name=\"twitter:data1\" content=\"1 minuto\" \/>\n<script type=\"application\/ld+json\" class=\"yoast-schema-graph\">{\"@context\":\"https:\/\/schema.org\",\"@graph\":[{\"@type\":\"WebPage\",\"@id\":\"https:\/\/ds4mmed.uv.es\/index.php\/ca\/contacta-ns\/\",\"url\":\"https:\/\/ds4mmed.uv.es\/index.php\/ca\/contacta-ns\/\",\"name\":\"DS4M Mediterr\u00e1neo - Contacta'ns\",\"isPartOf\":{\"@id\":\"https:\/\/ds4mmed.uv.es\/#website\"},\"primaryImageOfPage\":{\"@id\":\"https:\/\/ds4mmed.uv.es\/index.php\/ca\/contacta-ns\/#primaryimage\"},\"image\":{\"@id\":\"https:\/\/ds4mmed.uv.es\/index.php\/ca\/contacta-ns\/#primaryimage\"},\"thumbnailUrl\":\"https:\/\/ds4mmed.uv.es\/wp-content\/uploads\/2025\/11\/Icono-web-2.png\",\"datePublished\":\"2025-11-19T11:00:19+00:00\",\"dateModified\":\"2025-11-25T09:28:21+00:00\",\"description\":\"Contacta amb DS4M Mediterr\u00e1neo per explorar oportunitats de col\u00b7laboraci\u00f3, recerca o tecnologia en mobilitat intel\u00b7ligent.\",\"breadcrumb\":{\"@id\":\"https:\/\/ds4mmed.uv.es\/index.php\/ca\/contacta-ns\/#breadcrumb\"},\"inLanguage\":\"es\",\"potentialAction\":[{\"@type\":\"ReadAction\",\"target\":[\"https:\/\/ds4mmed.uv.es\/index.php\/ca\/contacta-ns\/\"]}]},{\"@type\":\"ImageObject\",\"inLanguage\":\"es\",\"@id\":\"https:\/\/ds4mmed.uv.es\/index.php\/ca\/contacta-ns\/#primaryimage\",\"url\":\"https:\/\/ds4mmed.uv.es\/wp-content\/uploads\/2025\/11\/Icono-web-2.png\",\"contentUrl\":\"https:\/\/ds4mmed.uv.es\/wp-content\/uploads\/2025\/11\/Icono-web-2.png\",\"width\":344,\"height\":344},{\"@type\":\"BreadcrumbList\",\"@id\":\"https:\/\/ds4mmed.uv.es\/index.php\/ca\/contacta-ns\/#breadcrumb\",\"itemListElement\":[{\"@type\":\"ListItem\",\"position\":1,\"name\":\"Portada\",\"item\":\"https:\/\/ds4mmed.uv.es\/index.php\/es\/\"},{\"@type\":\"ListItem\",\"position\":2,\"name\":\"Contacta&#8217;ns\"}]},{\"@type\":\"WebSite\",\"@id\":\"https:\/\/ds4mmed.uv.es\/#website\",\"url\":\"https:\/\/ds4mmed.uv.es\/\",\"name\":\"DS4M Mediterr\u00e1neo\",\"description\":\"\",\"publisher\":{\"@id\":\"https:\/\/ds4mmed.uv.es\/#organization\"},\"potentialAction\":[{\"@type\":\"SearchAction\",\"target\":{\"@type\":\"EntryPoint\",\"urlTemplate\":\"https:\/\/ds4mmed.uv.es\/?s={search_term_string}\"},\"query-input\":{\"@type\":\"PropertyValueSpecification\",\"valueRequired\":true,\"valueName\":\"search_term_string\"}}],\"inLanguage\":\"es\"},{\"@type\":\"Organization\",\"@id\":\"https:\/\/ds4mmed.uv.es\/#organization\",\"name\":\"DS4M Mediterr\u00e1neo\",\"url\":\"https:\/\/ds4mmed.uv.es\/\",\"logo\":{\"@type\":\"ImageObject\",\"inLanguage\":\"es\",\"@id\":\"https:\/\/ds4mmed.uv.es\/#\/schema\/logo\/image\/\",\"url\":\"https:\/\/ds4mmed.uv.es\/wp-content\/uploads\/2025\/07\/Logo-cambio-resolucion-scaled.png\",\"contentUrl\":\"https:\/\/ds4mmed.uv.es\/wp-content\/uploads\/2025\/07\/Logo-cambio-resolucion-scaled.png\",\"width\":2560,\"height\":980,\"caption\":\"DS4M Mediterr\u00e1neo\"},\"image\":{\"@id\":\"https:\/\/ds4mmed.uv.es\/#\/schema\/logo\/image\/\"}}]}<\/script>\n<!-- \/ Yoast SEO plugin. -->","yoast_head_json":{"title":"DS4M Mediterr\u00e1neo - Contacta'ns","description":"Contacta amb DS4M Mediterr\u00e1neo per explorar oportunitats de col\u00b7laboraci\u00f3, recerca o tecnologia en mobilitat intel\u00b7ligent.","robots":{"index":"index","follow":"follow","max-snippet":"max-snippet:-1","max-image-preview":"max-image-preview:large","max-video-preview":"max-video-preview:-1"},"canonical":"https:\/\/ds4mmed.uv.es\/index.php\/ca\/contacta-ns\/","og_locale":"es_ES","og_type":"article","og_title":"DS4M Mediterr\u00e1neo - Contacta'ns","og_description":"Contacta amb DS4M Mediterr\u00e1neo per explorar oportunitats de col\u00b7laboraci\u00f3, recerca o tecnologia en mobilitat intel\u00b7ligent.","og_url":"https:\/\/ds4mmed.uv.es\/index.php\/ca\/contacta-ns\/","og_site_name":"DS4M Mediterr\u00e1neo","article_modified_time":"2025-11-25T09:28:21+00:00","og_image":[{"width":344,"height":344,"url":"https:\/\/ds4mmed.uv.es\/wp-content\/uploads\/2025\/11\/Icono-web-2.png","type":"image\/png"}],"twitter_card":"summary_large_image","twitter_misc":{"Tiempo de lectura":"1 minuto"},"schema":{"@context":"https:\/\/schema.org","@graph":[{"@type":"WebPage","@id":"https:\/\/ds4mmed.uv.es\/index.php\/ca\/contacta-ns\/","url":"https:\/\/ds4mmed.uv.es\/index.php\/ca\/contacta-ns\/","name":"DS4M Mediterr\u00e1neo - Contacta'ns","isPartOf":{"@id":"https:\/\/ds4mmed.uv.es\/#website"},"primaryImageOfPage":{"@id":"https:\/\/ds4mmed.uv.es\/index.php\/ca\/contacta-ns\/#primaryimage"},"image":{"@id":"https:\/\/ds4mmed.uv.es\/index.php\/ca\/contacta-ns\/#primaryimage"},"thumbnailUrl":"https:\/\/ds4mmed.uv.es\/wp-content\/uploads\/2025\/11\/Icono-web-2.png","datePublished":"2025-11-19T11:00:19+00:00","dateModified":"2025-11-25T09:28:21+00:00","description":"Contacta amb DS4M Mediterr\u00e1neo per explorar oportunitats de col\u00b7laboraci\u00f3, recerca o tecnologia en mobilitat intel\u00b7ligent.","breadcrumb":{"@id":"https:\/\/ds4mmed.uv.es\/index.php\/ca\/contacta-ns\/#breadcrumb"},"inLanguage":"es","potentialAction":[{"@type":"ReadAction","target":["https:\/\/ds4mmed.uv.es\/index.php\/ca\/contacta-ns\/"]}]},{"@type":"ImageObject","inLanguage":"es","@id":"https:\/\/ds4mmed.uv.es\/index.php\/ca\/contacta-ns\/#primaryimage","url":"https:\/\/ds4mmed.uv.es\/wp-content\/uploads\/2025\/11\/Icono-web-2.png","contentUrl":"https:\/\/ds4mmed.uv.es\/wp-content\/uploads\/2025\/11\/Icono-web-2.png","width":344,"height":344},{"@type":"BreadcrumbList","@id":"https:\/\/ds4mmed.uv.es\/index.php\/ca\/contacta-ns\/#breadcrumb","itemListElement":[{"@type":"ListItem","position":1,"name":"Portada","item":"https:\/\/ds4mmed.uv.es\/index.php\/es\/"},{"@type":"ListItem","position":2,"name":"Contacta&#8217;ns"}]},{"@type":"WebSite","@id":"https:\/\/ds4mmed.uv.es\/#website","url":"https:\/\/ds4mmed.uv.es\/","name":"DS4M Mediterr\u00e1neo","description":"","publisher":{"@id":"https:\/\/ds4mmed.uv.es\/#organization"},"potentialAction":[{"@type":"SearchAction","target":{"@type":"EntryPoint","urlTemplate":"https:\/\/ds4mmed.uv.es\/?s={search_term_string}"},"query-input":{"@type":"PropertyValueSpecification","valueRequired":true,"valueName":"search_term_string"}}],"inLanguage":"es"},{"@type":"Organization","@id":"https:\/\/ds4mmed.uv.es\/#organization","name":"DS4M Mediterr\u00e1neo","url":"https:\/\/ds4mmed.uv.es\/","logo":{"@type":"ImageObject","inLanguage":"es","@id":"https:\/\/ds4mmed.uv.es\/#\/schema\/logo\/image\/","url":"https:\/\/ds4mmed.uv.es\/wp-content\/uploads\/2025\/07\/Logo-cambio-resolucion-scaled.png","contentUrl":"https:\/\/ds4mmed.uv.es\/wp-content\/uploads\/2025\/07\/Logo-cambio-resolucion-scaled.png","width":2560,"height":980,"caption":"DS4M Mediterr\u00e1neo"},"image":{"@id":"https:\/\/ds4mmed.uv.es\/#\/schema\/logo\/image\/"}}]}},"_links":{"self":[{"href":"https:\/\/ds4mmed.uv.es\/index.php\/wp-json\/wp\/v2\/pages\/7431","targetHints":{"allow":["GET"]}}],"collection":[{"href":"https:\/\/ds4mmed.uv.es\/index.php\/wp-json\/wp\/v2\/pages"}],"about":[{"href":"https:\/\/ds4mmed.uv.es\/index.php\/wp-json\/wp\/v2\/types\/page"}],"author":[{"embeddable":true,"href":"https:\/\/ds4mmed.uv.es\/index.php\/wp-json\/wp\/v2\/users\/1"}],"replies":[{"embeddable":true,"href":"https:\/\/ds4mmed.uv.es\/index.php\/wp-json\/wp\/v2\/comments?post=7431"}],"version-history":[{"count":9,"href":"https:\/\/ds4mmed.uv.es\/index.php\/wp-json\/wp\/v2\/pages\/7431\/revisions"}],"predecessor-version":[{"id":8793,"href":"https:\/\/ds4mmed.uv.es\/index.php\/wp-json\/wp\/v2\/pages\/7431\/revisions\/8793"}],"wp:featuredmedia":[{"embeddable":true,"href":"https:\/\/ds4mmed.uv.es\/index.php\/wp-json\/wp\/v2\/media\/8719"}],"wp:attachment":[{"href":"https:\/\/ds4mmed.uv.es\/index.php\/wp-json\/wp\/v2\/media?parent=7431"}],"curies":[{"name":"wp","href":"https:\/\/api.w.org\/{rel}","templated":true}]}}