{"id":7389,"date":"2025-11-19T11:30:56","date_gmt":"2025-11-19T10:30:56","guid":{"rendered":"https:\/\/ds4mmed.uv.es\/?page_id=7389"},"modified":"2025-11-26T10:26:03","modified_gmt":"2025-11-26T09:26:03","slug":"participacio-xvi-congres-its-espanya-ds4m-mediterraneo","status":"publish","type":"page","link":"https:\/\/ds4mmed.uv.es\/index.php\/ca\/participacio-xvi-congres-its-espanya-ds4m-mediterraneo\/","title":{"rendered":"Noticia 14 &#8211; Representants del DS4M Mediterr\u00e1neo participen en el XVI Congr\u00e9s d\u2019ITS Espa\u00f1a"},"content":{"rendered":"\t\t<div data-elementor-type=\"wp-page\" data-elementor-id=\"7389\" class=\"elementor elementor-7389\">\n\t\t\t\t<div class=\"elementor-element elementor-element-6c62525 e-flex e-con-boxed e-con e-child\" data-id=\"6c62525\" data-element_type=\"container\" data-e-type=\"container\" data-settings=\"{&quot;background_background&quot;:&quot;classic&quot;}\">\n\t\t\t\t\t<div class=\"e-con-inner\">\n\t\t<div class=\"elementor-element elementor-element-6debc5d e-con-full e-flex e-con e-child\" data-id=\"6debc5d\" data-element_type=\"container\" data-e-type=\"container\">\n\t\t<div class=\"elementor-element elementor-element-3b5bf26 e-con-full e-flex elementor-invisible e-con e-child\" data-id=\"3b5bf26\" data-element_type=\"container\" data-e-type=\"container\" data-settings=\"{&quot;animation&quot;:&quot;fadeInLeft&quot;}\">\n\t\t\t\t<div class=\"elementor-element elementor-element-da9e6f3 elementor-widget elementor-widget-heading\" data-id=\"da9e6f3\" data-element_type=\"widget\" data-e-type=\"widget\" data-widget_type=\"heading.default\">\n\t\t\t\t\t<h1 class=\"elementor-heading-title elementor-size-default\">Representants del DS4M Mediterr\u00e1neo participen en el XVI Congr\u00e9s d\u2019ITS Espa\u00f1a<\/h1>\t\t\t\t<\/div>\n\t\t\t\t<div class=\"elementor-element elementor-element-e2a4a87 elementor-icon-list--layout-inline elementor-align-center elementor-list-item-link-full_width elementor-widget elementor-widget-icon-list\" data-id=\"e2a4a87\" data-element_type=\"widget\" data-e-type=\"widget\" data-widget_type=\"icon-list.default\">\n\t\t\t\t\t\t\t<ul class=\"elementor-icon-list-items elementor-inline-items\">\n\t\t\t\t\t\t\t<li class=\"elementor-icon-list-item elementor-inline-item\">\n\t\t\t\t\t\t\t\t\t\t<span class=\"elementor-icon-list-text\">Publicat el 21 de maig de 2025<\/span>\n\t\t\t\t\t\t\t\t\t<\/li>\n\t\t\t\t\t\t<\/ul>\n\t\t\t\t\t\t<\/div>\n\t\t\t\t<\/div>\n\t\t\t\t<div class=\"elementor-element elementor-element-89ea136 elementor-invisible elementor-widget elementor-widget-image\" data-id=\"89ea136\" data-element_type=\"widget\" data-e-type=\"widget\" data-settings=\"{&quot;_animation&quot;:&quot;fadeInRight&quot;}\" data-widget_type=\"image.default\">\n\t\t\t\t\t\t\t\t\t\t\t\t\t\t\t<img fetchpriority=\"high\" decoding=\"async\" width=\"1072\" height=\"706\" src=\"https:\/\/ds4mmed.uv.es\/wp-content\/uploads\/2025\/11\/Noticia14.png\" class=\"attachment-full size-full wp-image-3715\" alt=\"\" srcset=\"https:\/\/ds4mmed.uv.es\/wp-content\/uploads\/2025\/11\/Noticia14.png 1072w, https:\/\/ds4mmed.uv.es\/wp-content\/uploads\/2025\/11\/Noticia14-300x198.png 300w, https:\/\/ds4mmed.uv.es\/wp-content\/uploads\/2025\/11\/Noticia14-1024x674.png 1024w, https:\/\/ds4mmed.uv.es\/wp-content\/uploads\/2025\/11\/Noticia14-768x506.png 768w\" sizes=\"(max-width: 1072px) 100vw, 1072px\" \/>\t\t\t\t\t\t\t\t\t\t\t\t\t\t\t<\/div>\n\t\t\t\t<\/div>\n\t\t<div class=\"elementor-element elementor-element-aac12f8 e-con-full e-flex elementor-invisible e-con e-child\" data-id=\"aac12f8\" data-element_type=\"container\" data-e-type=\"container\" data-settings=\"{&quot;animation&quot;:&quot;fadeInUp&quot;}\">\n\t\t\t\t<div class=\"elementor-element elementor-element-0c8df65 elementor-widget__width-initial elementor-widget-mobile__width-inherit elementor-widget-tablet__width-inherit elementor-widget elementor-widget-text-editor\" data-id=\"0c8df65\" data-element_type=\"widget\" data-e-type=\"widget\" data-widget_type=\"text-editor.default\">\n\t\t\t\t\t\t\t\t\t<div>\n<div>\n<div>\n<p data-start=\"110\" data-end=\"499\">El XVI Congr\u00e9s d\u2019ITS Espa\u00f1a, celebrat del 19 al 21 de maig a Sevilla, ha estat una cita clau per a l\u2019ecosistema de la mobilitat neta, resilient i intel\u00b7ligent al nostre pa\u00eds. Per aquest motiu, el projecte DS4M Mediterr\u00e1neo \u2013 Data Space for Mobility ha estat present com una de les iniciatives destacades en l\u2019\u00e0mbit dels Espais de Dades aplicats al transport i la mobilitat sostenible.<\/p>\n<p data-start=\"501\" data-end=\"713\">Durant les sessions, DS4M Mediterr\u00e1neo va ser presentat com un model de refer\u00e8ncia en la construcci\u00f3 d\u2019un Espai de Dades col\u00b7laboratiu centrat en tot tipus de mobilitat al llarg del Corredor Mediterrani.<\/p>\n<p data-start=\"715\" data-end=\"983\">El projecte va despertar un notable inter\u00e8s entre els assistents i es va consolidar com a exemple de com les dades compartides poden facilitar la presa de decisions, millorar la interoperabilitat entre territoris i fomentar solucions m\u00e9s sostenibles i intel\u00b7ligents.<\/p>\n<p data-start=\"985\" data-end=\"1272\" data-is-last-node=\"\" data-is-only-node=\"\">Des de DS4M Mediterr\u00e1neo, volem agrair a ITS Espa\u00f1a l\u2019excel\u00b7lent organitzaci\u00f3 del Congr\u00e9s i felicitar Soledad P\u00e9rez-Gald\u00f3s per la seva primera participaci\u00f3 com a presidenta de l\u2019associaci\u00f3, demostrant un ferm comprom\u00eds amb l\u2019impuls de la mobilitat connectada, resilient i digital.<\/p>\n<\/div>\n<\/div>\n<\/div>\t\t\t\t\t\t\t\t<\/div>\n\t\t\t\t<\/div>\n\t\t\t\t\t<\/div>\n\t\t\t\t<\/div>\n\t\t\t\t<\/div>\n\t\t","protected":false},"excerpt":{"rendered":"<p>Representants del DS4M Mediterr\u00e1neo participen en el XVI Congr\u00e9s d\u2019ITS Espa\u00f1a Publicat el 21 de maig de 2025 El XVI Congr\u00e9s d\u2019ITS Espa\u00f1a, celebrat del 19 al 21 de maig a Sevilla, ha estat una cita clau per a l\u2019ecosistema de la mobilitat neta, resilient i intel\u00b7ligent al nostre pa\u00eds. Per aquest motiu, el projecte [&hellip;]<\/p>\n","protected":false},"author":1,"featured_media":0,"parent":0,"menu_order":0,"comment_status":"closed","ping_status":"closed","template":"","meta":{"footnotes":""},"class_list":["post-7389","page","type-page","status-publish","hentry"],"yoast_head":"<!-- This site is optimized with the Yoast SEO plugin v27.4 - https:\/\/yoast.com\/product\/yoast-seo-wordpress\/ -->\n<title>DS4M Mediterr\u00e1neo - Participaci\u00f3 en el XVI Congr\u00e9s d\u2019ITS Espa\u00f1a<\/title>\n<meta name=\"description\" content=\"DS4M Mediterr\u00e1neo participa en el XVI Congr\u00e9s d\u2019ITS Espa\u00f1a a Sevilla, presentant el seu model d\u2019Espai de Dades per a una mobilitat m\u00e9s sostenible, interoperable i intel\u00b7ligent al Corredor Mediterrani.\" \/>\n<meta name=\"robots\" content=\"index, follow, max-snippet:-1, max-image-preview:large, max-video-preview:-1\" \/>\n<link rel=\"canonical\" href=\"https:\/\/ds4mmed.uv.es\/index.php\/ca\/participacio-xvi-congres-its-espanya-ds4m-mediterraneo\/\" \/>\n<meta property=\"og:locale\" content=\"es_ES\" \/>\n<meta property=\"og:type\" content=\"article\" \/>\n<meta property=\"og:title\" content=\"DS4M Mediterr\u00e1neo - Participaci\u00f3 en el XVI Congr\u00e9s d\u2019ITS Espa\u00f1a\" \/>\n<meta property=\"og:description\" content=\"DS4M Mediterr\u00e1neo participa en el XVI Congr\u00e9s d\u2019ITS Espa\u00f1a a Sevilla, presentant el seu model d\u2019Espai de Dades per a una mobilitat m\u00e9s sostenible, interoperable i intel\u00b7ligent al Corredor Mediterrani.\" \/>\n<meta property=\"og:url\" content=\"https:\/\/ds4mmed.uv.es\/index.php\/ca\/participacio-xvi-congres-its-espanya-ds4m-mediterraneo\/\" \/>\n<meta property=\"og:site_name\" content=\"DS4M Mediterr\u00e1neo\" \/>\n<meta property=\"article:modified_time\" content=\"2025-11-26T09:26:03+00:00\" \/>\n<meta property=\"og:image\" content=\"https:\/\/ds4mmed.uv.es\/wp-content\/uploads\/2025\/11\/Noticia14.png\" \/>\n<meta name=\"twitter:card\" content=\"summary_large_image\" \/>\n<meta name=\"twitter:label1\" content=\"Tiempo de lectura\" \/>\n\t<meta name=\"twitter:data1\" content=\"2 minutos\" \/>\n<script type=\"application\/ld+json\" class=\"yoast-schema-graph\">{\"@context\":\"https:\\\/\\\/schema.org\",\"@graph\":[{\"@type\":\"WebPage\",\"@id\":\"https:\\\/\\\/ds4mmed.uv.es\\\/index.php\\\/ca\\\/participacio-xvi-congres-its-espanya-ds4m-mediterraneo\\\/\",\"url\":\"https:\\\/\\\/ds4mmed.uv.es\\\/index.php\\\/ca\\\/participacio-xvi-congres-its-espanya-ds4m-mediterraneo\\\/\",\"name\":\"DS4M Mediterr\u00e1neo - Participaci\u00f3 en el XVI Congr\u00e9s d\u2019ITS Espa\u00f1a\",\"isPartOf\":{\"@id\":\"https:\\\/\\\/ds4mmed.uv.es\\\/#website\"},\"primaryImageOfPage\":{\"@id\":\"https:\\\/\\\/ds4mmed.uv.es\\\/index.php\\\/ca\\\/participacio-xvi-congres-its-espanya-ds4m-mediterraneo\\\/#primaryimage\"},\"image\":{\"@id\":\"https:\\\/\\\/ds4mmed.uv.es\\\/index.php\\\/ca\\\/participacio-xvi-congres-its-espanya-ds4m-mediterraneo\\\/#primaryimage\"},\"thumbnailUrl\":\"https:\\\/\\\/ds4mmed.uv.es\\\/wp-content\\\/uploads\\\/2025\\\/11\\\/Noticia14.png\",\"datePublished\":\"2025-11-19T10:30:56+00:00\",\"dateModified\":\"2025-11-26T09:26:03+00:00\",\"description\":\"DS4M Mediterr\u00e1neo participa en el XVI Congr\u00e9s d\u2019ITS Espa\u00f1a a Sevilla, presentant el seu model d\u2019Espai de Dades per a una mobilitat m\u00e9s sostenible, interoperable i intel\u00b7ligent al Corredor Mediterrani.\",\"breadcrumb\":{\"@id\":\"https:\\\/\\\/ds4mmed.uv.es\\\/index.php\\\/ca\\\/participacio-xvi-congres-its-espanya-ds4m-mediterraneo\\\/#breadcrumb\"},\"inLanguage\":\"es\",\"potentialAction\":[{\"@type\":\"ReadAction\",\"target\":[\"https:\\\/\\\/ds4mmed.uv.es\\\/index.php\\\/ca\\\/participacio-xvi-congres-its-espanya-ds4m-mediterraneo\\\/\"]}]},{\"@type\":\"ImageObject\",\"inLanguage\":\"es\",\"@id\":\"https:\\\/\\\/ds4mmed.uv.es\\\/index.php\\\/ca\\\/participacio-xvi-congres-its-espanya-ds4m-mediterraneo\\\/#primaryimage\",\"url\":\"https:\\\/\\\/ds4mmed.uv.es\\\/wp-content\\\/uploads\\\/2025\\\/11\\\/Noticia14.png\",\"contentUrl\":\"https:\\\/\\\/ds4mmed.uv.es\\\/wp-content\\\/uploads\\\/2025\\\/11\\\/Noticia14.png\",\"width\":1072,\"height\":706},{\"@type\":\"BreadcrumbList\",\"@id\":\"https:\\\/\\\/ds4mmed.uv.es\\\/index.php\\\/ca\\\/participacio-xvi-congres-its-espanya-ds4m-mediterraneo\\\/#breadcrumb\",\"itemListElement\":[{\"@type\":\"ListItem\",\"position\":1,\"name\":\"Portada\",\"item\":\"https:\\\/\\\/ds4mmed.uv.es\\\/index.php\\\/es\\\/\"},{\"@type\":\"ListItem\",\"position\":2,\"name\":\"Noticia 14 &#8211; Representants del DS4M Mediterr\u00e1neo participen en el XVI Congr\u00e9s d\u2019ITS Espa\u00f1a\"}]},{\"@type\":\"WebSite\",\"@id\":\"https:\\\/\\\/ds4mmed.uv.es\\\/#website\",\"url\":\"https:\\\/\\\/ds4mmed.uv.es\\\/\",\"name\":\"DS4M Mediterr\u00e1neo\",\"description\":\"\",\"publisher\":{\"@id\":\"https:\\\/\\\/ds4mmed.uv.es\\\/#organization\"},\"potentialAction\":[{\"@type\":\"SearchAction\",\"target\":{\"@type\":\"EntryPoint\",\"urlTemplate\":\"https:\\\/\\\/ds4mmed.uv.es\\\/?s={search_term_string}\"},\"query-input\":{\"@type\":\"PropertyValueSpecification\",\"valueRequired\":true,\"valueName\":\"search_term_string\"}}],\"inLanguage\":\"es\"},{\"@type\":\"Organization\",\"@id\":\"https:\\\/\\\/ds4mmed.uv.es\\\/#organization\",\"name\":\"DS4M Mediterr\u00e1neo\",\"url\":\"https:\\\/\\\/ds4mmed.uv.es\\\/\",\"logo\":{\"@type\":\"ImageObject\",\"inLanguage\":\"es\",\"@id\":\"https:\\\/\\\/ds4mmed.uv.es\\\/#\\\/schema\\\/logo\\\/image\\\/\",\"url\":\"https:\\\/\\\/ds4mmed.uv.es\\\/wp-content\\\/uploads\\\/2025\\\/07\\\/Logo-cambio-resolucion-scaled.png\",\"contentUrl\":\"https:\\\/\\\/ds4mmed.uv.es\\\/wp-content\\\/uploads\\\/2025\\\/07\\\/Logo-cambio-resolucion-scaled.png\",\"width\":2560,\"height\":980,\"caption\":\"DS4M Mediterr\u00e1neo\"},\"image\":{\"@id\":\"https:\\\/\\\/ds4mmed.uv.es\\\/#\\\/schema\\\/logo\\\/image\\\/\"}}]}<\/script>\n<!-- \/ Yoast SEO plugin. -->","yoast_head_json":{"title":"DS4M Mediterr\u00e1neo - Participaci\u00f3 en el XVI Congr\u00e9s d\u2019ITS Espa\u00f1a","description":"DS4M Mediterr\u00e1neo participa en el XVI Congr\u00e9s d\u2019ITS Espa\u00f1a a Sevilla, presentant el seu model d\u2019Espai de Dades per a una mobilitat m\u00e9s sostenible, interoperable i intel\u00b7ligent al Corredor Mediterrani.","robots":{"index":"index","follow":"follow","max-snippet":"max-snippet:-1","max-image-preview":"max-image-preview:large","max-video-preview":"max-video-preview:-1"},"canonical":"https:\/\/ds4mmed.uv.es\/index.php\/ca\/participacio-xvi-congres-its-espanya-ds4m-mediterraneo\/","og_locale":"es_ES","og_type":"article","og_title":"DS4M Mediterr\u00e1neo - Participaci\u00f3 en el XVI Congr\u00e9s d\u2019ITS Espa\u00f1a","og_description":"DS4M Mediterr\u00e1neo participa en el XVI Congr\u00e9s d\u2019ITS Espa\u00f1a a Sevilla, presentant el seu model d\u2019Espai de Dades per a una mobilitat m\u00e9s sostenible, interoperable i intel\u00b7ligent al Corredor Mediterrani.","og_url":"https:\/\/ds4mmed.uv.es\/index.php\/ca\/participacio-xvi-congres-its-espanya-ds4m-mediterraneo\/","og_site_name":"DS4M Mediterr\u00e1neo","article_modified_time":"2025-11-26T09:26:03+00:00","og_image":[{"url":"https:\/\/ds4mmed.uv.es\/wp-content\/uploads\/2025\/11\/Noticia14.png","type":"","width":"","height":""}],"twitter_card":"summary_large_image","twitter_misc":{"Tiempo de lectura":"2 minutos"},"schema":{"@context":"https:\/\/schema.org","@graph":[{"@type":"WebPage","@id":"https:\/\/ds4mmed.uv.es\/index.php\/ca\/participacio-xvi-congres-its-espanya-ds4m-mediterraneo\/","url":"https:\/\/ds4mmed.uv.es\/index.php\/ca\/participacio-xvi-congres-its-espanya-ds4m-mediterraneo\/","name":"DS4M Mediterr\u00e1neo - Participaci\u00f3 en el XVI Congr\u00e9s d\u2019ITS Espa\u00f1a","isPartOf":{"@id":"https:\/\/ds4mmed.uv.es\/#website"},"primaryImageOfPage":{"@id":"https:\/\/ds4mmed.uv.es\/index.php\/ca\/participacio-xvi-congres-its-espanya-ds4m-mediterraneo\/#primaryimage"},"image":{"@id":"https:\/\/ds4mmed.uv.es\/index.php\/ca\/participacio-xvi-congres-its-espanya-ds4m-mediterraneo\/#primaryimage"},"thumbnailUrl":"https:\/\/ds4mmed.uv.es\/wp-content\/uploads\/2025\/11\/Noticia14.png","datePublished":"2025-11-19T10:30:56+00:00","dateModified":"2025-11-26T09:26:03+00:00","description":"DS4M Mediterr\u00e1neo participa en el XVI Congr\u00e9s d\u2019ITS Espa\u00f1a a Sevilla, presentant el seu model d\u2019Espai de Dades per a una mobilitat m\u00e9s sostenible, interoperable i intel\u00b7ligent al Corredor Mediterrani.","breadcrumb":{"@id":"https:\/\/ds4mmed.uv.es\/index.php\/ca\/participacio-xvi-congres-its-espanya-ds4m-mediterraneo\/#breadcrumb"},"inLanguage":"es","potentialAction":[{"@type":"ReadAction","target":["https:\/\/ds4mmed.uv.es\/index.php\/ca\/participacio-xvi-congres-its-espanya-ds4m-mediterraneo\/"]}]},{"@type":"ImageObject","inLanguage":"es","@id":"https:\/\/ds4mmed.uv.es\/index.php\/ca\/participacio-xvi-congres-its-espanya-ds4m-mediterraneo\/#primaryimage","url":"https:\/\/ds4mmed.uv.es\/wp-content\/uploads\/2025\/11\/Noticia14.png","contentUrl":"https:\/\/ds4mmed.uv.es\/wp-content\/uploads\/2025\/11\/Noticia14.png","width":1072,"height":706},{"@type":"BreadcrumbList","@id":"https:\/\/ds4mmed.uv.es\/index.php\/ca\/participacio-xvi-congres-its-espanya-ds4m-mediterraneo\/#breadcrumb","itemListElement":[{"@type":"ListItem","position":1,"name":"Portada","item":"https:\/\/ds4mmed.uv.es\/index.php\/es\/"},{"@type":"ListItem","position":2,"name":"Noticia 14 &#8211; Representants del DS4M Mediterr\u00e1neo participen en el XVI Congr\u00e9s d\u2019ITS Espa\u00f1a"}]},{"@type":"WebSite","@id":"https:\/\/ds4mmed.uv.es\/#website","url":"https:\/\/ds4mmed.uv.es\/","name":"DS4M Mediterr\u00e1neo","description":"","publisher":{"@id":"https:\/\/ds4mmed.uv.es\/#organization"},"potentialAction":[{"@type":"SearchAction","target":{"@type":"EntryPoint","urlTemplate":"https:\/\/ds4mmed.uv.es\/?s={search_term_string}"},"query-input":{"@type":"PropertyValueSpecification","valueRequired":true,"valueName":"search_term_string"}}],"inLanguage":"es"},{"@type":"Organization","@id":"https:\/\/ds4mmed.uv.es\/#organization","name":"DS4M Mediterr\u00e1neo","url":"https:\/\/ds4mmed.uv.es\/","logo":{"@type":"ImageObject","inLanguage":"es","@id":"https:\/\/ds4mmed.uv.es\/#\/schema\/logo\/image\/","url":"https:\/\/ds4mmed.uv.es\/wp-content\/uploads\/2025\/07\/Logo-cambio-resolucion-scaled.png","contentUrl":"https:\/\/ds4mmed.uv.es\/wp-content\/uploads\/2025\/07\/Logo-cambio-resolucion-scaled.png","width":2560,"height":980,"caption":"DS4M Mediterr\u00e1neo"},"image":{"@id":"https:\/\/ds4mmed.uv.es\/#\/schema\/logo\/image\/"}}]}},"_links":{"self":[{"href":"https:\/\/ds4mmed.uv.es\/index.php\/wp-json\/wp\/v2\/pages\/7389","targetHints":{"allow":["GET"]}}],"collection":[{"href":"https:\/\/ds4mmed.uv.es\/index.php\/wp-json\/wp\/v2\/pages"}],"about":[{"href":"https:\/\/ds4mmed.uv.es\/index.php\/wp-json\/wp\/v2\/types\/page"}],"author":[{"embeddable":true,"href":"https:\/\/ds4mmed.uv.es\/index.php\/wp-json\/wp\/v2\/users\/1"}],"replies":[{"embeddable":true,"href":"https:\/\/ds4mmed.uv.es\/index.php\/wp-json\/wp\/v2\/comments?post=7389"}],"version-history":[{"count":18,"href":"https:\/\/ds4mmed.uv.es\/index.php\/wp-json\/wp\/v2\/pages\/7389\/revisions"}],"predecessor-version":[{"id":9149,"href":"https:\/\/ds4mmed.uv.es\/index.php\/wp-json\/wp\/v2\/pages\/7389\/revisions\/9149"}],"wp:attachment":[{"href":"https:\/\/ds4mmed.uv.es\/index.php\/wp-json\/wp\/v2\/media?parent=7389"}],"curies":[{"name":"wp","href":"https:\/\/api.w.org\/{rel}","templated":true}]}}