{"id":7345,"date":"2025-11-19T11:19:49","date_gmt":"2025-11-19T10:19:49","guid":{"rendered":"https:\/\/ds4mmed.uv.es\/?page_id=7345"},"modified":"2025-11-26T10:00:12","modified_gmt":"2025-11-26T09:00:12","slug":"assistencia-ds4m-mediterraneo-smartcity-expo-world-congress-2025","status":"publish","type":"page","link":"https:\/\/ds4mmed.uv.es\/index.php\/ca\/assistencia-ds4m-mediterraneo-smartcity-expo-world-congress-2025\/","title":{"rendered":"Noticia 27 &#8211; Representants del DS4M Mediterr\u00e1neo assisteixen al SmartCity Expo World Congress"},"content":{"rendered":"\t\t<div data-elementor-type=\"wp-page\" data-elementor-id=\"7345\" class=\"elementor elementor-7345\">\n\t\t\t\t<div class=\"elementor-element elementor-element-6c62525 e-flex e-con-boxed e-con e-child\" data-id=\"6c62525\" data-element_type=\"container\" data-e-type=\"container\" data-settings=\"{&quot;background_background&quot;:&quot;classic&quot;}\">\n\t\t\t\t\t<div class=\"e-con-inner\">\n\t\t<div class=\"elementor-element elementor-element-6debc5d e-con-full e-flex e-con e-child\" data-id=\"6debc5d\" data-element_type=\"container\" data-e-type=\"container\">\n\t\t<div class=\"elementor-element elementor-element-3b5bf26 e-con-full e-flex elementor-invisible e-con e-child\" data-id=\"3b5bf26\" data-element_type=\"container\" data-e-type=\"container\" data-settings=\"{&quot;animation&quot;:&quot;fadeInLeft&quot;}\">\n\t\t\t\t<div class=\"elementor-element elementor-element-da9e6f3 elementor-widget elementor-widget-heading\" data-id=\"da9e6f3\" data-element_type=\"widget\" data-e-type=\"widget\" data-widget_type=\"heading.default\">\n\t\t\t\t\t<h1 class=\"elementor-heading-title elementor-size-default\">Representants del DS4M Mediterr\u00e1neo assisteixen al SmartCity Expo World Congress\n<\/h1>\t\t\t\t<\/div>\n\t\t\t\t<div class=\"elementor-element elementor-element-e2a4a87 elementor-icon-list--layout-inline elementor-align-center elementor-list-item-link-full_width elementor-widget elementor-widget-icon-list\" data-id=\"e2a4a87\" data-element_type=\"widget\" data-e-type=\"widget\" data-widget_type=\"icon-list.default\">\n\t\t\t\t\t\t\t<ul class=\"elementor-icon-list-items elementor-inline-items\">\n\t\t\t\t\t\t\t<li class=\"elementor-icon-list-item elementor-inline-item\">\n\t\t\t\t\t\t\t\t\t\t<span class=\"elementor-icon-list-text\">Publicat el 4 de novembre de 2025<\/span>\n\t\t\t\t\t\t\t\t\t<\/li>\n\t\t\t\t\t\t<\/ul>\n\t\t\t\t\t\t<\/div>\n\t\t\t\t<\/div>\n\t\t\t\t<div class=\"elementor-element elementor-element-89ea136 elementor-invisible elementor-widget elementor-widget-image\" data-id=\"89ea136\" data-element_type=\"widget\" data-e-type=\"widget\" data-settings=\"{&quot;_animation&quot;:&quot;fadeInRight&quot;}\" data-widget_type=\"image.default\">\n\t\t\t\t\t\t\t\t\t\t\t\t\t\t\t<img fetchpriority=\"high\" decoding=\"async\" width=\"585\" height=\"318\" src=\"https:\/\/ds4mmed.uv.es\/wp-content\/uploads\/2025\/11\/Smart-cities.png\" class=\"attachment-medium_large size-medium_large wp-image-5641\" alt=\"\" srcset=\"https:\/\/ds4mmed.uv.es\/wp-content\/uploads\/2025\/11\/Smart-cities.png 585w, https:\/\/ds4mmed.uv.es\/wp-content\/uploads\/2025\/11\/Smart-cities-300x163.png 300w\" sizes=\"(max-width: 585px) 100vw, 585px\" \/>\t\t\t\t\t\t\t\t\t\t\t\t\t\t\t<\/div>\n\t\t\t\t<\/div>\n\t\t<div class=\"elementor-element elementor-element-aac12f8 e-con-full e-flex elementor-invisible e-con e-child\" data-id=\"aac12f8\" data-element_type=\"container\" data-e-type=\"container\" data-settings=\"{&quot;animation&quot;:&quot;fadeInUp&quot;}\">\n\t\t\t\t<div class=\"elementor-element elementor-element-0c8df65 elementor-widget__width-initial elementor-widget-mobile__width-inherit elementor-widget-tablet__width-inherit elementor-widget elementor-widget-text-editor\" data-id=\"0c8df65\" data-element_type=\"widget\" data-e-type=\"widget\" data-widget_type=\"text-editor.default\">\n\t\t\t\t\t\t\t\t\t<div>\n<p>El Dr. Francisco Alonso i Jos\u00e9 Ignacio Docavo van assistir, en representaci\u00f3 del projecte DS4M Mediterr\u00e1neo, al SmartCity Expo World Congress, celebrat a Barcelona. Aquest esdeveniment internacional, considerat un dels m\u00e9s rellevants en l\u2019\u00e0mbit de la innovaci\u00f3 urbana i la sostenibilitat, va reunir l\u00edders institucionals, experts tecnol\u00f2gics i agents clau de l\u2019ecosistema Smart City.<\/p>\n<p>La participaci\u00f3 en aquest congr\u00e9s ha perm\u00e8s presentar el projecte DS4M Mediterr\u00e1neo, centrat en la creaci\u00f3 d\u2019un Espai de Dades per a la mobilitat intel\u00b7ligent al Corredor Mediterrani. Aix\u00ed mateix, s\u2019ha potenciat l\u2019intercanvi d\u2019idees i la creaci\u00f3 de sinergies amb entitats compromeses amb la transformaci\u00f3 digital i la gesti\u00f3 sostenible de les ciutats.<\/p>\n<p>La pres\u00e8ncia en aquest tipus de trobades consolida el posicionament del projecte com una iniciativa nacional de refer\u00e8ncia. \u00c9s per aix\u00f2 que des del DS4M Mediterr\u00e1neo reafirmem la nostra aposta per la col\u00b7laboraci\u00f3, la interoperabilitat i l\u2019\u00fas \u00e8tic de les dades com a base per construir una mobilitat m\u00e9s eficient, connectada i centrada en el benestar de la ciutadania.<\/p>\n<p>Durant el congr\u00e9s, Jos\u00e9 Ignacio Docavo va presentar la pon\u00e8ncia \u201cTransposici\u00f3 de la Normativa Europea sobre els Espais de Dades\u201d, mentre que el Dr. Francisco Alonso, la Dra. Cristina Esteban i la Dra. Mireia Faus van participar amb la intervenci\u00f3 \u201cEspai de Dades en mobilitat i seguretat vi\u00e0ria: reptes jur\u00eddics i de governan\u00e7a\u201d en el Simposi \u201cAlgunes dimensions jur\u00eddiques de la psicologia del tr\u00e0nsit i de la seguretat\u201d. Ambdues pon\u00e8ncies van posar en valor l\u2019enfocament jur\u00eddic i \u00e8tic del projecte DS4M Mediterr\u00e1neo.<\/p>\n<p>La participaci\u00f3 en aquest esdeveniment va permetre visibilitzar els aven\u00e7os del DS4M Mediterr\u00e1neo i refor\u00e7ar el di\u00e0leg amb experts en mobilitat, dades i governan\u00e7a. Agra\u00efm a l\u2019organitzaci\u00f3 per l\u2019espai i a totes les persones que van mostrar inter\u00e8s en con\u00e8ixer la nostra iniciativa. Seguim construint ponts entre la ci\u00e8ncia, el dret i la mobilitat sostenible.<\/p>\n<\/div>\t\t\t\t\t\t\t\t<\/div>\n\t\t\t\t<\/div>\n\t\t\t\t\t<\/div>\n\t\t\t\t<\/div>\n\t\t\t\t<\/div>\n\t\t","protected":false},"excerpt":{"rendered":"<p>Representants del DS4M Mediterr\u00e1neo assisteixen al SmartCity Expo World Congress Publicat el 4 de novembre de 2025 El Dr. Francisco Alonso i Jos\u00e9 Ignacio Docavo van assistir, en representaci\u00f3 del projecte DS4M Mediterr\u00e1neo, al SmartCity Expo World Congress, celebrat a Barcelona. Aquest esdeveniment internacional, considerat un dels m\u00e9s rellevants en l\u2019\u00e0mbit de la innovaci\u00f3 urbana [&hellip;]<\/p>\n","protected":false},"author":1,"featured_media":0,"parent":0,"menu_order":0,"comment_status":"closed","ping_status":"closed","template":"","meta":{"footnotes":""},"class_list":["post-7345","page","type-page","status-publish","hentry"],"yoast_head":"<!-- This site is optimized with the Yoast SEO plugin v27.4 - https:\/\/yoast.com\/product\/yoast-seo-wordpress\/ -->\n<title>DS4M Mediterr\u00e1neo \u2013 Pres\u00e8ncia al SmartCity Expo World Congress 2025<\/title>\n<meta name=\"description\" content=\"El projecte DS4M Mediterr\u00e1neo participa al SmartCity Expo World Congress 2025, presentant els avan\u00e7os en l\u2019Espai de Dades per a la mobilitat intel\u00b7ligent i refor\u00e7ant sinergies amb l\u2019ecosistema internacional de ciutats sostenibles.\" \/>\n<meta name=\"robots\" content=\"index, follow, max-snippet:-1, max-image-preview:large, max-video-preview:-1\" \/>\n<link rel=\"canonical\" href=\"https:\/\/ds4mmed.uv.es\/index.php\/ca\/assistencia-ds4m-mediterraneo-smartcity-expo-world-congress-2025\/\" \/>\n<meta property=\"og:locale\" content=\"es_ES\" \/>\n<meta property=\"og:type\" content=\"article\" \/>\n<meta property=\"og:title\" content=\"DS4M Mediterr\u00e1neo \u2013 Pres\u00e8ncia al SmartCity Expo World Congress 2025\" \/>\n<meta property=\"og:description\" content=\"El projecte DS4M Mediterr\u00e1neo participa al SmartCity Expo World Congress 2025, presentant els avan\u00e7os en l\u2019Espai de Dades per a la mobilitat intel\u00b7ligent i refor\u00e7ant sinergies amb l\u2019ecosistema internacional de ciutats sostenibles.\" \/>\n<meta property=\"og:url\" content=\"https:\/\/ds4mmed.uv.es\/index.php\/ca\/assistencia-ds4m-mediterraneo-smartcity-expo-world-congress-2025\/\" \/>\n<meta property=\"og:site_name\" content=\"DS4M Mediterr\u00e1neo\" \/>\n<meta property=\"article:modified_time\" content=\"2025-11-26T09:00:12+00:00\" \/>\n<meta property=\"og:image\" content=\"https:\/\/ds4mmed.uv.es\/wp-content\/uploads\/2025\/11\/Smart-cities.png\" \/>\n<meta name=\"twitter:card\" content=\"summary_large_image\" \/>\n<meta name=\"twitter:label1\" content=\"Tiempo de lectura\" \/>\n\t<meta name=\"twitter:data1\" content=\"2 minutos\" \/>\n<script type=\"application\/ld+json\" class=\"yoast-schema-graph\">{\"@context\":\"https:\\\/\\\/schema.org\",\"@graph\":[{\"@type\":\"WebPage\",\"@id\":\"https:\\\/\\\/ds4mmed.uv.es\\\/index.php\\\/ca\\\/assistencia-ds4m-mediterraneo-smartcity-expo-world-congress-2025\\\/\",\"url\":\"https:\\\/\\\/ds4mmed.uv.es\\\/index.php\\\/ca\\\/assistencia-ds4m-mediterraneo-smartcity-expo-world-congress-2025\\\/\",\"name\":\"DS4M Mediterr\u00e1neo \u2013 Pres\u00e8ncia al SmartCity Expo World Congress 2025\",\"isPartOf\":{\"@id\":\"https:\\\/\\\/ds4mmed.uv.es\\\/#website\"},\"primaryImageOfPage\":{\"@id\":\"https:\\\/\\\/ds4mmed.uv.es\\\/index.php\\\/ca\\\/assistencia-ds4m-mediterraneo-smartcity-expo-world-congress-2025\\\/#primaryimage\"},\"image\":{\"@id\":\"https:\\\/\\\/ds4mmed.uv.es\\\/index.php\\\/ca\\\/assistencia-ds4m-mediterraneo-smartcity-expo-world-congress-2025\\\/#primaryimage\"},\"thumbnailUrl\":\"https:\\\/\\\/ds4mmed.uv.es\\\/wp-content\\\/uploads\\\/2025\\\/11\\\/Smart-cities.png\",\"datePublished\":\"2025-11-19T10:19:49+00:00\",\"dateModified\":\"2025-11-26T09:00:12+00:00\",\"description\":\"El projecte DS4M Mediterr\u00e1neo participa al SmartCity Expo World Congress 2025, presentant els avan\u00e7os en l\u2019Espai de Dades per a la mobilitat intel\u00b7ligent i refor\u00e7ant sinergies amb l\u2019ecosistema internacional de ciutats sostenibles.\",\"breadcrumb\":{\"@id\":\"https:\\\/\\\/ds4mmed.uv.es\\\/index.php\\\/ca\\\/assistencia-ds4m-mediterraneo-smartcity-expo-world-congress-2025\\\/#breadcrumb\"},\"inLanguage\":\"es\",\"potentialAction\":[{\"@type\":\"ReadAction\",\"target\":[\"https:\\\/\\\/ds4mmed.uv.es\\\/index.php\\\/ca\\\/assistencia-ds4m-mediterraneo-smartcity-expo-world-congress-2025\\\/\"]}]},{\"@type\":\"ImageObject\",\"inLanguage\":\"es\",\"@id\":\"https:\\\/\\\/ds4mmed.uv.es\\\/index.php\\\/ca\\\/assistencia-ds4m-mediterraneo-smartcity-expo-world-congress-2025\\\/#primaryimage\",\"url\":\"https:\\\/\\\/ds4mmed.uv.es\\\/wp-content\\\/uploads\\\/2025\\\/11\\\/Smart-cities.png\",\"contentUrl\":\"https:\\\/\\\/ds4mmed.uv.es\\\/wp-content\\\/uploads\\\/2025\\\/11\\\/Smart-cities.png\",\"width\":585,\"height\":318},{\"@type\":\"BreadcrumbList\",\"@id\":\"https:\\\/\\\/ds4mmed.uv.es\\\/index.php\\\/ca\\\/assistencia-ds4m-mediterraneo-smartcity-expo-world-congress-2025\\\/#breadcrumb\",\"itemListElement\":[{\"@type\":\"ListItem\",\"position\":1,\"name\":\"Portada\",\"item\":\"https:\\\/\\\/ds4mmed.uv.es\\\/index.php\\\/es\\\/\"},{\"@type\":\"ListItem\",\"position\":2,\"name\":\"Noticia 27 &#8211; Representants del DS4M Mediterr\u00e1neo assisteixen al SmartCity Expo World Congress\"}]},{\"@type\":\"WebSite\",\"@id\":\"https:\\\/\\\/ds4mmed.uv.es\\\/#website\",\"url\":\"https:\\\/\\\/ds4mmed.uv.es\\\/\",\"name\":\"DS4M Mediterr\u00e1neo\",\"description\":\"\",\"publisher\":{\"@id\":\"https:\\\/\\\/ds4mmed.uv.es\\\/#organization\"},\"potentialAction\":[{\"@type\":\"SearchAction\",\"target\":{\"@type\":\"EntryPoint\",\"urlTemplate\":\"https:\\\/\\\/ds4mmed.uv.es\\\/?s={search_term_string}\"},\"query-input\":{\"@type\":\"PropertyValueSpecification\",\"valueRequired\":true,\"valueName\":\"search_term_string\"}}],\"inLanguage\":\"es\"},{\"@type\":\"Organization\",\"@id\":\"https:\\\/\\\/ds4mmed.uv.es\\\/#organization\",\"name\":\"DS4M Mediterr\u00e1neo\",\"url\":\"https:\\\/\\\/ds4mmed.uv.es\\\/\",\"logo\":{\"@type\":\"ImageObject\",\"inLanguage\":\"es\",\"@id\":\"https:\\\/\\\/ds4mmed.uv.es\\\/#\\\/schema\\\/logo\\\/image\\\/\",\"url\":\"https:\\\/\\\/ds4mmed.uv.es\\\/wp-content\\\/uploads\\\/2025\\\/07\\\/Logo-cambio-resolucion-scaled.png\",\"contentUrl\":\"https:\\\/\\\/ds4mmed.uv.es\\\/wp-content\\\/uploads\\\/2025\\\/07\\\/Logo-cambio-resolucion-scaled.png\",\"width\":2560,\"height\":980,\"caption\":\"DS4M Mediterr\u00e1neo\"},\"image\":{\"@id\":\"https:\\\/\\\/ds4mmed.uv.es\\\/#\\\/schema\\\/logo\\\/image\\\/\"}}]}<\/script>\n<!-- \/ Yoast SEO plugin. -->","yoast_head_json":{"title":"DS4M Mediterr\u00e1neo \u2013 Pres\u00e8ncia al SmartCity Expo World Congress 2025","description":"El projecte DS4M Mediterr\u00e1neo participa al SmartCity Expo World Congress 2025, presentant els avan\u00e7os en l\u2019Espai de Dades per a la mobilitat intel\u00b7ligent i refor\u00e7ant sinergies amb l\u2019ecosistema internacional de ciutats sostenibles.","robots":{"index":"index","follow":"follow","max-snippet":"max-snippet:-1","max-image-preview":"max-image-preview:large","max-video-preview":"max-video-preview:-1"},"canonical":"https:\/\/ds4mmed.uv.es\/index.php\/ca\/assistencia-ds4m-mediterraneo-smartcity-expo-world-congress-2025\/","og_locale":"es_ES","og_type":"article","og_title":"DS4M Mediterr\u00e1neo \u2013 Pres\u00e8ncia al SmartCity Expo World Congress 2025","og_description":"El projecte DS4M Mediterr\u00e1neo participa al SmartCity Expo World Congress 2025, presentant els avan\u00e7os en l\u2019Espai de Dades per a la mobilitat intel\u00b7ligent i refor\u00e7ant sinergies amb l\u2019ecosistema internacional de ciutats sostenibles.","og_url":"https:\/\/ds4mmed.uv.es\/index.php\/ca\/assistencia-ds4m-mediterraneo-smartcity-expo-world-congress-2025\/","og_site_name":"DS4M Mediterr\u00e1neo","article_modified_time":"2025-11-26T09:00:12+00:00","og_image":[{"url":"https:\/\/ds4mmed.uv.es\/wp-content\/uploads\/2025\/11\/Smart-cities.png","type":"","width":"","height":""}],"twitter_card":"summary_large_image","twitter_misc":{"Tiempo de lectura":"2 minutos"},"schema":{"@context":"https:\/\/schema.org","@graph":[{"@type":"WebPage","@id":"https:\/\/ds4mmed.uv.es\/index.php\/ca\/assistencia-ds4m-mediterraneo-smartcity-expo-world-congress-2025\/","url":"https:\/\/ds4mmed.uv.es\/index.php\/ca\/assistencia-ds4m-mediterraneo-smartcity-expo-world-congress-2025\/","name":"DS4M Mediterr\u00e1neo \u2013 Pres\u00e8ncia al SmartCity Expo World Congress 2025","isPartOf":{"@id":"https:\/\/ds4mmed.uv.es\/#website"},"primaryImageOfPage":{"@id":"https:\/\/ds4mmed.uv.es\/index.php\/ca\/assistencia-ds4m-mediterraneo-smartcity-expo-world-congress-2025\/#primaryimage"},"image":{"@id":"https:\/\/ds4mmed.uv.es\/index.php\/ca\/assistencia-ds4m-mediterraneo-smartcity-expo-world-congress-2025\/#primaryimage"},"thumbnailUrl":"https:\/\/ds4mmed.uv.es\/wp-content\/uploads\/2025\/11\/Smart-cities.png","datePublished":"2025-11-19T10:19:49+00:00","dateModified":"2025-11-26T09:00:12+00:00","description":"El projecte DS4M Mediterr\u00e1neo participa al SmartCity Expo World Congress 2025, presentant els avan\u00e7os en l\u2019Espai de Dades per a la mobilitat intel\u00b7ligent i refor\u00e7ant sinergies amb l\u2019ecosistema internacional de ciutats sostenibles.","breadcrumb":{"@id":"https:\/\/ds4mmed.uv.es\/index.php\/ca\/assistencia-ds4m-mediterraneo-smartcity-expo-world-congress-2025\/#breadcrumb"},"inLanguage":"es","potentialAction":[{"@type":"ReadAction","target":["https:\/\/ds4mmed.uv.es\/index.php\/ca\/assistencia-ds4m-mediterraneo-smartcity-expo-world-congress-2025\/"]}]},{"@type":"ImageObject","inLanguage":"es","@id":"https:\/\/ds4mmed.uv.es\/index.php\/ca\/assistencia-ds4m-mediterraneo-smartcity-expo-world-congress-2025\/#primaryimage","url":"https:\/\/ds4mmed.uv.es\/wp-content\/uploads\/2025\/11\/Smart-cities.png","contentUrl":"https:\/\/ds4mmed.uv.es\/wp-content\/uploads\/2025\/11\/Smart-cities.png","width":585,"height":318},{"@type":"BreadcrumbList","@id":"https:\/\/ds4mmed.uv.es\/index.php\/ca\/assistencia-ds4m-mediterraneo-smartcity-expo-world-congress-2025\/#breadcrumb","itemListElement":[{"@type":"ListItem","position":1,"name":"Portada","item":"https:\/\/ds4mmed.uv.es\/index.php\/es\/"},{"@type":"ListItem","position":2,"name":"Noticia 27 &#8211; Representants del DS4M Mediterr\u00e1neo assisteixen al SmartCity Expo World Congress"}]},{"@type":"WebSite","@id":"https:\/\/ds4mmed.uv.es\/#website","url":"https:\/\/ds4mmed.uv.es\/","name":"DS4M Mediterr\u00e1neo","description":"","publisher":{"@id":"https:\/\/ds4mmed.uv.es\/#organization"},"potentialAction":[{"@type":"SearchAction","target":{"@type":"EntryPoint","urlTemplate":"https:\/\/ds4mmed.uv.es\/?s={search_term_string}"},"query-input":{"@type":"PropertyValueSpecification","valueRequired":true,"valueName":"search_term_string"}}],"inLanguage":"es"},{"@type":"Organization","@id":"https:\/\/ds4mmed.uv.es\/#organization","name":"DS4M Mediterr\u00e1neo","url":"https:\/\/ds4mmed.uv.es\/","logo":{"@type":"ImageObject","inLanguage":"es","@id":"https:\/\/ds4mmed.uv.es\/#\/schema\/logo\/image\/","url":"https:\/\/ds4mmed.uv.es\/wp-content\/uploads\/2025\/07\/Logo-cambio-resolucion-scaled.png","contentUrl":"https:\/\/ds4mmed.uv.es\/wp-content\/uploads\/2025\/07\/Logo-cambio-resolucion-scaled.png","width":2560,"height":980,"caption":"DS4M Mediterr\u00e1neo"},"image":{"@id":"https:\/\/ds4mmed.uv.es\/#\/schema\/logo\/image\/"}}]}},"_links":{"self":[{"href":"https:\/\/ds4mmed.uv.es\/index.php\/wp-json\/wp\/v2\/pages\/7345","targetHints":{"allow":["GET"]}}],"collection":[{"href":"https:\/\/ds4mmed.uv.es\/index.php\/wp-json\/wp\/v2\/pages"}],"about":[{"href":"https:\/\/ds4mmed.uv.es\/index.php\/wp-json\/wp\/v2\/types\/page"}],"author":[{"embeddable":true,"href":"https:\/\/ds4mmed.uv.es\/index.php\/wp-json\/wp\/v2\/users\/1"}],"replies":[{"embeddable":true,"href":"https:\/\/ds4mmed.uv.es\/index.php\/wp-json\/wp\/v2\/comments?post=7345"}],"version-history":[{"count":15,"href":"https:\/\/ds4mmed.uv.es\/index.php\/wp-json\/wp\/v2\/pages\/7345\/revisions"}],"predecessor-version":[{"id":9071,"href":"https:\/\/ds4mmed.uv.es\/index.php\/wp-json\/wp\/v2\/pages\/7345\/revisions\/9071"}],"wp:attachment":[{"href":"https:\/\/ds4mmed.uv.es\/index.php\/wp-json\/wp\/v2\/media?parent=7345"}],"curies":[{"name":"wp","href":"https:\/\/api.w.org\/{rel}","templated":true}]}}