{"id":7322,"date":"2025-11-19T11:15:57","date_gmt":"2025-11-19T10:15:57","guid":{"rendered":"https:\/\/ds4mmed.uv.es\/?page_id=7322"},"modified":"2025-11-26T10:02:14","modified_gmt":"2025-11-26T09:02:14","slug":"ds4m-mediterraneo-espai-dades-elegible-kit","status":"publish","type":"page","link":"https:\/\/ds4mmed.uv.es\/index.php\/ca\/ds4m-mediterraneo-espai-dades-elegible-kit\/","title":{"rendered":"Noticia 26 &#8211; DS4M Mediterr\u00e1neo com a Espai de Dades elegible per al Kit d\u2019Espai de Dades"},"content":{"rendered":"\t\t<div data-elementor-type=\"wp-page\" data-elementor-id=\"7322\" class=\"elementor elementor-7322\">\n\t\t\t\t<div class=\"elementor-element elementor-element-6c62525 e-flex e-con-boxed e-con e-child\" data-id=\"6c62525\" data-element_type=\"container\" data-e-type=\"container\" data-settings=\"{&quot;background_background&quot;:&quot;classic&quot;}\">\n\t\t\t\t\t<div class=\"e-con-inner\">\n\t\t<div class=\"elementor-element elementor-element-6debc5d e-con-full e-flex e-con e-child\" data-id=\"6debc5d\" data-element_type=\"container\" data-e-type=\"container\">\n\t\t<div class=\"elementor-element elementor-element-3b5bf26 e-con-full e-flex elementor-invisible e-con e-child\" data-id=\"3b5bf26\" data-element_type=\"container\" data-e-type=\"container\" data-settings=\"{&quot;animation&quot;:&quot;fadeInLeft&quot;}\">\n\t\t\t\t<div class=\"elementor-element elementor-element-da9e6f3 elementor-widget elementor-widget-heading\" data-id=\"da9e6f3\" data-element_type=\"widget\" data-e-type=\"widget\" data-widget_type=\"heading.default\">\n\t\t\t\t\t<h1 class=\"elementor-heading-title elementor-size-default\">DS4M Mediterr\u00e1neo  com a Espai de Dades elegible per al Kit d\u2019Espai de Dades\n<\/h1>\t\t\t\t<\/div>\n\t\t\t\t<div class=\"elementor-element elementor-element-e2a4a87 elementor-icon-list--layout-inline elementor-align-center elementor-list-item-link-full_width elementor-widget elementor-widget-icon-list\" data-id=\"e2a4a87\" data-element_type=\"widget\" data-e-type=\"widget\" data-widget_type=\"icon-list.default\">\n\t\t\t\t\t\t\t<ul class=\"elementor-icon-list-items elementor-inline-items\">\n\t\t\t\t\t\t\t<li class=\"elementor-icon-list-item elementor-inline-item\">\n\t\t\t\t\t\t\t\t\t\t<span class=\"elementor-icon-list-text\">Publicat el 28 d\u2019octubre de 2025<\/span>\n\t\t\t\t\t\t\t\t\t<\/li>\n\t\t\t\t\t\t<\/ul>\n\t\t\t\t\t\t<\/div>\n\t\t\t\t<\/div>\n\t\t\t\t<div class=\"elementor-element elementor-element-89ea136 elementor-invisible elementor-widget elementor-widget-image\" data-id=\"89ea136\" data-element_type=\"widget\" data-e-type=\"widget\" data-settings=\"{&quot;_animation&quot;:&quot;fadeInRight&quot;}\" data-widget_type=\"image.default\">\n\t\t\t\t\t\t\t\t\t\t\t\t\t\t\t<img fetchpriority=\"high\" decoding=\"async\" width=\"768\" height=\"960\" src=\"https:\/\/ds4mmed.uv.es\/wp-content\/uploads\/2025\/11\/DS4M-Centro-demostrador-confiable-768x960.png\" class=\"attachment-medium_large size-medium_large wp-image-5635\" alt=\"\" srcset=\"https:\/\/ds4mmed.uv.es\/wp-content\/uploads\/2025\/11\/DS4M-Centro-demostrador-confiable-768x960.png 768w, https:\/\/ds4mmed.uv.es\/wp-content\/uploads\/2025\/11\/DS4M-Centro-demostrador-confiable-240x300.png 240w, https:\/\/ds4mmed.uv.es\/wp-content\/uploads\/2025\/11\/DS4M-Centro-demostrador-confiable-819x1024.png 819w, https:\/\/ds4mmed.uv.es\/wp-content\/uploads\/2025\/11\/DS4M-Centro-demostrador-confiable.png 1200w\" sizes=\"(max-width: 768px) 100vw, 768px\" \/>\t\t\t\t\t\t\t\t\t\t\t\t\t\t\t<\/div>\n\t\t\t\t<\/div>\n\t\t<div class=\"elementor-element elementor-element-aac12f8 e-con-full e-flex elementor-invisible e-con e-child\" data-id=\"aac12f8\" data-element_type=\"container\" data-e-type=\"container\" data-settings=\"{&quot;animation&quot;:&quot;fadeInUp&quot;}\">\n\t\t\t\t<div class=\"elementor-element elementor-element-0c8df65 elementor-widget__width-initial elementor-widget-mobile__width-inherit elementor-widget-tablet__width-inherit elementor-widget elementor-widget-text-editor\" data-id=\"0c8df65\" data-element_type=\"widget\" data-e-type=\"widget\" data-widget_type=\"text-editor.default\">\n\t\t\t\t\t\t\t\t\t<div><p>El Centro de Referencia de Espacios de Datos (CRED) ha incl\u00f2s oficialment el DS4M Mediterr\u00e1neo dins de l\u2019ecosistema nacional com un dels Espais de Dades elegibles.<\/p><p>Aquest reconeixement \u00e9s un avan\u00e7 significatiu en el nostre comprom\u00eds per construir un entorn de dades segur, interoperable i orientat a l\u2019inter\u00e8s p\u00fablic, on la mobilitat intel\u00b7ligent es basi en l\u2019intercanvi de dades sota principis de sobirania, transpar\u00e8ncia i utilitat social. Aix\u00ed mateix, refor\u00e7a la nostra posici\u00f3 com a iniciativa de refer\u00e8ncia en l\u2019\u00e0mbit dels Espais de Dades de la mobilitat, i ens impulsa a continuar consolidant aliances estrat\u00e8giques al Corredor Mediterrani.<\/p><p>Des del DS4M Mediterr\u00e1neo seguirem avan\u00e7ant cap a un model de mobilitat m\u00e9s eficient, col\u00b7laboratiu i sostenible, contribuint a una transformaci\u00f3 digital basada en el valor de la dada.<\/p><p><a href=\"https:\/\/cred.digital.gob.es\/content\/dam\/cred\/img\/docs\/Espacios_de_Datos_Elegibles_KTED.pdf\" target=\"_blank\" rel=\"noopener\">M\u00e9s informaci\u00f3<\/a>.<\/p><\/div>\t\t\t\t\t\t\t\t<\/div>\n\t\t\t\t<\/div>\n\t\t\t\t\t<\/div>\n\t\t\t\t<\/div>\n\t\t\t\t<\/div>\n\t\t","protected":false},"excerpt":{"rendered":"<p>DS4M Mediterr\u00e1neo com a Espai de Dades elegible per al Kit d\u2019Espai de Dades Publicat el 28 d\u2019octubre de 2025 El Centro de Referencia de Espacios de Datos (CRED) ha incl\u00f2s oficialment el DS4M Mediterr\u00e1neo dins de l\u2019ecosistema nacional com un dels Espais de Dades elegibles. Aquest reconeixement \u00e9s un avan\u00e7 significatiu en el nostre [&hellip;]<\/p>\n","protected":false},"author":1,"featured_media":0,"parent":0,"menu_order":0,"comment_status":"closed","ping_status":"closed","template":"","meta":{"footnotes":""},"class_list":["post-7322","page","type-page","status-publish","hentry"],"yoast_head":"<!-- This site is optimized with the Yoast SEO plugin v27.1.1 - https:\/\/yoast.com\/product\/yoast-seo-wordpress\/ -->\n<title>DS4M Mediterr\u00e1neo \u2013 Espai de Dades elegible per al Kit d\u2019Espai de Dades<\/title>\n<meta name=\"description\" content=\"El CRED inclou el DS4M Mediterr\u00e1neo com un dels Espais de Dades elegibles a nivell nacional, refor\u00e7ant el seu paper com a iniciativa clau per impulsar una mobilitat intel\u00b7ligent, interoperable i basada en el valor de la dada al Corredor Mediterrani.\" \/>\n<meta name=\"robots\" content=\"index, follow, max-snippet:-1, max-image-preview:large, max-video-preview:-1\" \/>\n<link rel=\"canonical\" href=\"https:\/\/ds4mmed.uv.es\/index.php\/ca\/ds4m-mediterraneo-espai-dades-elegible-kit\/\" \/>\n<meta property=\"og:locale\" content=\"es_ES\" \/>\n<meta property=\"og:type\" content=\"article\" \/>\n<meta property=\"og:title\" content=\"DS4M Mediterr\u00e1neo \u2013 Espai de Dades elegible per al Kit d\u2019Espai de Dades\" \/>\n<meta property=\"og:description\" content=\"El CRED inclou el DS4M Mediterr\u00e1neo com un dels Espais de Dades elegibles a nivell nacional, refor\u00e7ant el seu paper com a iniciativa clau per impulsar una mobilitat intel\u00b7ligent, interoperable i basada en el valor de la dada al Corredor Mediterrani.\" \/>\n<meta property=\"og:url\" content=\"https:\/\/ds4mmed.uv.es\/index.php\/ca\/ds4m-mediterraneo-espai-dades-elegible-kit\/\" \/>\n<meta property=\"og:site_name\" content=\"DS4M Mediterr\u00e1neo\" \/>\n<meta property=\"article:modified_time\" content=\"2025-11-26T09:02:14+00:00\" \/>\n<meta property=\"og:image\" content=\"https:\/\/ds4mmed.uv.es\/wp-content\/uploads\/2025\/11\/DS4M-Centro-demostrador-confiable-768x960.png\" \/>\n<meta name=\"twitter:card\" content=\"summary_large_image\" \/>\n<meta name=\"twitter:label1\" content=\"Tiempo de lectura\" \/>\n\t<meta name=\"twitter:data1\" content=\"1 minuto\" \/>\n<script type=\"application\/ld+json\" class=\"yoast-schema-graph\">{\"@context\":\"https:\/\/schema.org\",\"@graph\":[{\"@type\":\"WebPage\",\"@id\":\"https:\/\/ds4mmed.uv.es\/index.php\/ca\/ds4m-mediterraneo-espai-dades-elegible-kit\/\",\"url\":\"https:\/\/ds4mmed.uv.es\/index.php\/ca\/ds4m-mediterraneo-espai-dades-elegible-kit\/\",\"name\":\"DS4M Mediterr\u00e1neo \u2013 Espai de Dades elegible per al Kit d\u2019Espai de Dades\",\"isPartOf\":{\"@id\":\"https:\/\/ds4mmed.uv.es\/#website\"},\"primaryImageOfPage\":{\"@id\":\"https:\/\/ds4mmed.uv.es\/index.php\/ca\/ds4m-mediterraneo-espai-dades-elegible-kit\/#primaryimage\"},\"image\":{\"@id\":\"https:\/\/ds4mmed.uv.es\/index.php\/ca\/ds4m-mediterraneo-espai-dades-elegible-kit\/#primaryimage\"},\"thumbnailUrl\":\"https:\/\/ds4mmed.uv.es\/wp-content\/uploads\/2025\/11\/DS4M-Centro-demostrador-confiable-768x960.png\",\"datePublished\":\"2025-11-19T10:15:57+00:00\",\"dateModified\":\"2025-11-26T09:02:14+00:00\",\"description\":\"El CRED inclou el DS4M Mediterr\u00e1neo com un dels Espais de Dades elegibles a nivell nacional, refor\u00e7ant el seu paper com a iniciativa clau per impulsar una mobilitat intel\u00b7ligent, interoperable i basada en el valor de la dada al Corredor Mediterrani.\",\"breadcrumb\":{\"@id\":\"https:\/\/ds4mmed.uv.es\/index.php\/ca\/ds4m-mediterraneo-espai-dades-elegible-kit\/#breadcrumb\"},\"inLanguage\":\"es\",\"potentialAction\":[{\"@type\":\"ReadAction\",\"target\":[\"https:\/\/ds4mmed.uv.es\/index.php\/ca\/ds4m-mediterraneo-espai-dades-elegible-kit\/\"]}]},{\"@type\":\"ImageObject\",\"inLanguage\":\"es\",\"@id\":\"https:\/\/ds4mmed.uv.es\/index.php\/ca\/ds4m-mediterraneo-espai-dades-elegible-kit\/#primaryimage\",\"url\":\"https:\/\/ds4mmed.uv.es\/wp-content\/uploads\/2025\/11\/DS4M-Centro-demostrador-confiable.png\",\"contentUrl\":\"https:\/\/ds4mmed.uv.es\/wp-content\/uploads\/2025\/11\/DS4M-Centro-demostrador-confiable.png\",\"width\":1200,\"height\":1500},{\"@type\":\"BreadcrumbList\",\"@id\":\"https:\/\/ds4mmed.uv.es\/index.php\/ca\/ds4m-mediterraneo-espai-dades-elegible-kit\/#breadcrumb\",\"itemListElement\":[{\"@type\":\"ListItem\",\"position\":1,\"name\":\"Portada\",\"item\":\"https:\/\/ds4mmed.uv.es\/index.php\/es\/\"},{\"@type\":\"ListItem\",\"position\":2,\"name\":\"Noticia 26 &#8211; DS4M Mediterr\u00e1neo com a Espai de Dades elegible per al Kit d\u2019Espai de Dades\"}]},{\"@type\":\"WebSite\",\"@id\":\"https:\/\/ds4mmed.uv.es\/#website\",\"url\":\"https:\/\/ds4mmed.uv.es\/\",\"name\":\"DS4M Mediterr\u00e1neo\",\"description\":\"\",\"publisher\":{\"@id\":\"https:\/\/ds4mmed.uv.es\/#organization\"},\"potentialAction\":[{\"@type\":\"SearchAction\",\"target\":{\"@type\":\"EntryPoint\",\"urlTemplate\":\"https:\/\/ds4mmed.uv.es\/?s={search_term_string}\"},\"query-input\":{\"@type\":\"PropertyValueSpecification\",\"valueRequired\":true,\"valueName\":\"search_term_string\"}}],\"inLanguage\":\"es\"},{\"@type\":\"Organization\",\"@id\":\"https:\/\/ds4mmed.uv.es\/#organization\",\"name\":\"DS4M Mediterr\u00e1neo\",\"url\":\"https:\/\/ds4mmed.uv.es\/\",\"logo\":{\"@type\":\"ImageObject\",\"inLanguage\":\"es\",\"@id\":\"https:\/\/ds4mmed.uv.es\/#\/schema\/logo\/image\/\",\"url\":\"https:\/\/ds4mmed.uv.es\/wp-content\/uploads\/2025\/07\/Logo-cambio-resolucion-scaled.png\",\"contentUrl\":\"https:\/\/ds4mmed.uv.es\/wp-content\/uploads\/2025\/07\/Logo-cambio-resolucion-scaled.png\",\"width\":2560,\"height\":980,\"caption\":\"DS4M Mediterr\u00e1neo\"},\"image\":{\"@id\":\"https:\/\/ds4mmed.uv.es\/#\/schema\/logo\/image\/\"}}]}<\/script>\n<!-- \/ Yoast SEO plugin. -->","yoast_head_json":{"title":"DS4M Mediterr\u00e1neo \u2013 Espai de Dades elegible per al Kit d\u2019Espai de Dades","description":"El CRED inclou el DS4M Mediterr\u00e1neo com un dels Espais de Dades elegibles a nivell nacional, refor\u00e7ant el seu paper com a iniciativa clau per impulsar una mobilitat intel\u00b7ligent, interoperable i basada en el valor de la dada al Corredor Mediterrani.","robots":{"index":"index","follow":"follow","max-snippet":"max-snippet:-1","max-image-preview":"max-image-preview:large","max-video-preview":"max-video-preview:-1"},"canonical":"https:\/\/ds4mmed.uv.es\/index.php\/ca\/ds4m-mediterraneo-espai-dades-elegible-kit\/","og_locale":"es_ES","og_type":"article","og_title":"DS4M Mediterr\u00e1neo \u2013 Espai de Dades elegible per al Kit d\u2019Espai de Dades","og_description":"El CRED inclou el DS4M Mediterr\u00e1neo com un dels Espais de Dades elegibles a nivell nacional, refor\u00e7ant el seu paper com a iniciativa clau per impulsar una mobilitat intel\u00b7ligent, interoperable i basada en el valor de la dada al Corredor Mediterrani.","og_url":"https:\/\/ds4mmed.uv.es\/index.php\/ca\/ds4m-mediterraneo-espai-dades-elegible-kit\/","og_site_name":"DS4M Mediterr\u00e1neo","article_modified_time":"2025-11-26T09:02:14+00:00","og_image":[{"url":"https:\/\/ds4mmed.uv.es\/wp-content\/uploads\/2025\/11\/DS4M-Centro-demostrador-confiable-768x960.png","type":"","width":"","height":""}],"twitter_card":"summary_large_image","twitter_misc":{"Tiempo de lectura":"1 minuto"},"schema":{"@context":"https:\/\/schema.org","@graph":[{"@type":"WebPage","@id":"https:\/\/ds4mmed.uv.es\/index.php\/ca\/ds4m-mediterraneo-espai-dades-elegible-kit\/","url":"https:\/\/ds4mmed.uv.es\/index.php\/ca\/ds4m-mediterraneo-espai-dades-elegible-kit\/","name":"DS4M Mediterr\u00e1neo \u2013 Espai de Dades elegible per al Kit d\u2019Espai de Dades","isPartOf":{"@id":"https:\/\/ds4mmed.uv.es\/#website"},"primaryImageOfPage":{"@id":"https:\/\/ds4mmed.uv.es\/index.php\/ca\/ds4m-mediterraneo-espai-dades-elegible-kit\/#primaryimage"},"image":{"@id":"https:\/\/ds4mmed.uv.es\/index.php\/ca\/ds4m-mediterraneo-espai-dades-elegible-kit\/#primaryimage"},"thumbnailUrl":"https:\/\/ds4mmed.uv.es\/wp-content\/uploads\/2025\/11\/DS4M-Centro-demostrador-confiable-768x960.png","datePublished":"2025-11-19T10:15:57+00:00","dateModified":"2025-11-26T09:02:14+00:00","description":"El CRED inclou el DS4M Mediterr\u00e1neo com un dels Espais de Dades elegibles a nivell nacional, refor\u00e7ant el seu paper com a iniciativa clau per impulsar una mobilitat intel\u00b7ligent, interoperable i basada en el valor de la dada al Corredor Mediterrani.","breadcrumb":{"@id":"https:\/\/ds4mmed.uv.es\/index.php\/ca\/ds4m-mediterraneo-espai-dades-elegible-kit\/#breadcrumb"},"inLanguage":"es","potentialAction":[{"@type":"ReadAction","target":["https:\/\/ds4mmed.uv.es\/index.php\/ca\/ds4m-mediterraneo-espai-dades-elegible-kit\/"]}]},{"@type":"ImageObject","inLanguage":"es","@id":"https:\/\/ds4mmed.uv.es\/index.php\/ca\/ds4m-mediterraneo-espai-dades-elegible-kit\/#primaryimage","url":"https:\/\/ds4mmed.uv.es\/wp-content\/uploads\/2025\/11\/DS4M-Centro-demostrador-confiable.png","contentUrl":"https:\/\/ds4mmed.uv.es\/wp-content\/uploads\/2025\/11\/DS4M-Centro-demostrador-confiable.png","width":1200,"height":1500},{"@type":"BreadcrumbList","@id":"https:\/\/ds4mmed.uv.es\/index.php\/ca\/ds4m-mediterraneo-espai-dades-elegible-kit\/#breadcrumb","itemListElement":[{"@type":"ListItem","position":1,"name":"Portada","item":"https:\/\/ds4mmed.uv.es\/index.php\/es\/"},{"@type":"ListItem","position":2,"name":"Noticia 26 &#8211; DS4M Mediterr\u00e1neo com a Espai de Dades elegible per al Kit d\u2019Espai de Dades"}]},{"@type":"WebSite","@id":"https:\/\/ds4mmed.uv.es\/#website","url":"https:\/\/ds4mmed.uv.es\/","name":"DS4M Mediterr\u00e1neo","description":"","publisher":{"@id":"https:\/\/ds4mmed.uv.es\/#organization"},"potentialAction":[{"@type":"SearchAction","target":{"@type":"EntryPoint","urlTemplate":"https:\/\/ds4mmed.uv.es\/?s={search_term_string}"},"query-input":{"@type":"PropertyValueSpecification","valueRequired":true,"valueName":"search_term_string"}}],"inLanguage":"es"},{"@type":"Organization","@id":"https:\/\/ds4mmed.uv.es\/#organization","name":"DS4M Mediterr\u00e1neo","url":"https:\/\/ds4mmed.uv.es\/","logo":{"@type":"ImageObject","inLanguage":"es","@id":"https:\/\/ds4mmed.uv.es\/#\/schema\/logo\/image\/","url":"https:\/\/ds4mmed.uv.es\/wp-content\/uploads\/2025\/07\/Logo-cambio-resolucion-scaled.png","contentUrl":"https:\/\/ds4mmed.uv.es\/wp-content\/uploads\/2025\/07\/Logo-cambio-resolucion-scaled.png","width":2560,"height":980,"caption":"DS4M Mediterr\u00e1neo"},"image":{"@id":"https:\/\/ds4mmed.uv.es\/#\/schema\/logo\/image\/"}}]}},"_links":{"self":[{"href":"https:\/\/ds4mmed.uv.es\/index.php\/wp-json\/wp\/v2\/pages\/7322","targetHints":{"allow":["GET"]}}],"collection":[{"href":"https:\/\/ds4mmed.uv.es\/index.php\/wp-json\/wp\/v2\/pages"}],"about":[{"href":"https:\/\/ds4mmed.uv.es\/index.php\/wp-json\/wp\/v2\/types\/page"}],"author":[{"embeddable":true,"href":"https:\/\/ds4mmed.uv.es\/index.php\/wp-json\/wp\/v2\/users\/1"}],"replies":[{"embeddable":true,"href":"https:\/\/ds4mmed.uv.es\/index.php\/wp-json\/wp\/v2\/comments?post=7322"}],"version-history":[{"count":14,"href":"https:\/\/ds4mmed.uv.es\/index.php\/wp-json\/wp\/v2\/pages\/7322\/revisions"}],"predecessor-version":[{"id":9077,"href":"https:\/\/ds4mmed.uv.es\/index.php\/wp-json\/wp\/v2\/pages\/7322\/revisions\/9077"}],"wp:attachment":[{"href":"https:\/\/ds4mmed.uv.es\/index.php\/wp-json\/wp\/v2\/media?parent=7322"}],"curies":[{"name":"wp","href":"https:\/\/api.w.org\/{rel}","templated":true}]}}