{"id":7279,"date":"2025-11-19T11:10:17","date_gmt":"2025-11-19T10:10:17","guid":{"rendered":"https:\/\/ds4mmed.uv.es\/?page_id=7279"},"modified":"2025-11-26T09:42:23","modified_gmt":"2025-11-26T08:42:23","slug":"ds4m-mediterraneo-trobada-catedres-mobilitat","status":"publish","type":"page","link":"https:\/\/ds4mmed.uv.es\/index.php\/ca\/ds4m-mediterraneo-trobada-catedres-mobilitat\/","title":{"rendered":"Noticia 9 &#8211; El projecte DS4M Mediterr\u00e1neo present en la I Trobada de C\u00e0tedres Universit\u00e0ries de Mobilitat"},"content":{"rendered":"\t\t<div data-elementor-type=\"wp-page\" data-elementor-id=\"7279\" class=\"elementor elementor-7279\">\n\t\t\t\t<div class=\"elementor-element elementor-element-6c62525 e-flex e-con-boxed e-con e-child\" data-id=\"6c62525\" data-element_type=\"container\" data-e-type=\"container\" data-settings=\"{&quot;background_background&quot;:&quot;classic&quot;}\">\n\t\t\t\t\t<div class=\"e-con-inner\">\n\t\t<div class=\"elementor-element elementor-element-6debc5d e-con-full e-flex e-con e-child\" data-id=\"6debc5d\" data-element_type=\"container\" data-e-type=\"container\">\n\t\t<div class=\"elementor-element elementor-element-3b5bf26 e-con-full e-flex elementor-invisible e-con e-child\" data-id=\"3b5bf26\" data-element_type=\"container\" data-e-type=\"container\" data-settings=\"{&quot;animation&quot;:&quot;fadeInLeft&quot;}\">\n\t\t\t\t<div class=\"elementor-element elementor-element-da9e6f3 elementor-widget elementor-widget-heading\" data-id=\"da9e6f3\" data-element_type=\"widget\" data-e-type=\"widget\" data-widget_type=\"heading.default\">\n\t\t\t\t\t<h1 class=\"elementor-heading-title elementor-size-default\">El projecte DS4M Mediterr\u00e1neo present en la I Trobada de C\u00e0tedres Universit\u00e0ries de Mobilitat<\/h1>\t\t\t\t<\/div>\n\t\t\t\t<div class=\"elementor-element elementor-element-e2a4a87 elementor-icon-list--layout-inline elementor-align-center elementor-list-item-link-full_width elementor-widget elementor-widget-icon-list\" data-id=\"e2a4a87\" data-element_type=\"widget\" data-e-type=\"widget\" data-widget_type=\"icon-list.default\">\n\t\t\t\t\t\t\t<ul class=\"elementor-icon-list-items elementor-inline-items\">\n\t\t\t\t\t\t\t<li class=\"elementor-icon-list-item elementor-inline-item\">\n\t\t\t\t\t\t\t\t\t\t<span class=\"elementor-icon-list-text\">Publicat l' 11 de febrer de 2025<\/span>\n\t\t\t\t\t\t\t\t\t<\/li>\n\t\t\t\t\t\t<\/ul>\n\t\t\t\t\t\t<\/div>\n\t\t\t\t<\/div>\n\t\t\t\t<div class=\"elementor-element elementor-element-89ea136 elementor-invisible elementor-widget elementor-widget-image\" data-id=\"89ea136\" data-element_type=\"widget\" data-e-type=\"widget\" data-settings=\"{&quot;_animation&quot;:&quot;fadeInRight&quot;}\" data-widget_type=\"image.default\">\n\t\t\t\t\t\t\t\t\t\t\t\t\t\t\t<img fetchpriority=\"high\" decoding=\"async\" width=\"860\" height=\"603\" src=\"https:\/\/ds4mmed.uv.es\/wp-content\/uploads\/2025\/11\/Noticia.png\" class=\"attachment-full size-full wp-image-5121\" alt=\"\" srcset=\"https:\/\/ds4mmed.uv.es\/wp-content\/uploads\/2025\/11\/Noticia.png 860w, https:\/\/ds4mmed.uv.es\/wp-content\/uploads\/2025\/11\/Noticia-300x210.png 300w, https:\/\/ds4mmed.uv.es\/wp-content\/uploads\/2025\/11\/Noticia-768x538.png 768w\" sizes=\"(max-width: 860px) 100vw, 860px\" \/>\t\t\t\t\t\t\t\t\t\t\t\t\t\t\t<\/div>\n\t\t\t\t<\/div>\n\t\t<div class=\"elementor-element elementor-element-aac12f8 e-con-full e-flex elementor-invisible e-con e-child\" data-id=\"aac12f8\" data-element_type=\"container\" data-e-type=\"container\" data-settings=\"{&quot;animation&quot;:&quot;fadeInUp&quot;}\">\n\t\t\t\t<div class=\"elementor-element elementor-element-0c8df65 elementor-widget__width-initial elementor-widget-mobile__width-inherit elementor-widget-tablet__width-inherit elementor-widget elementor-widget-text-editor\" data-id=\"0c8df65\" data-element_type=\"widget\" data-e-type=\"widget\" data-widget_type=\"text-editor.default\">\n\t\t\t\t\t\t\t\t\t<div class=\"ewa-rteLine\"><p data-start=\"139\" data-end=\"313\">El Dr. Francisco Alonso, director de l\u2019INTRAS, ha participat en la I Trobada de C\u00e0tedres Universit\u00e0ries de Mobilitat Sostenible, celebrada a Alacant l\u201911 de febrer de 2025.<\/p><p data-start=\"315\" data-end=\"703\">La mobilitat est\u00e0 en plena transformaci\u00f3 i afronta reptes importants com la sostenibilitat, la descarbonitzaci\u00f3, els nous h\u00e0bits de les noves generacions o la mobilitat compartida i multimodal cada vegada m\u00e9s present. Potser per aix\u00f2, durant els \u00faltims anys, cada vegada s\u00f3n m\u00e9s les universitats que han incorporat i creat diferents c\u00e0tedres de reflexi\u00f3 i recerca sobre aquesta mat\u00e8ria.<\/p><p data-start=\"705\" data-end=\"1250\" data-is-last-node=\"\" data-is-only-node=\"\">En aquesta I Trobada de C\u00e0tedres Universit\u00e0ries de Mobilitat Sostenible es van presentar els projectes i treballs m\u00e9s destacats en mat\u00e8ria de mobilitat de les diferents c\u00e0tedres.<br data-start=\"883\" data-end=\"886\" \/>El Dr. Alonso va comentar breument la seva experi\u00e8ncia a la C\u00e0tedra SEOFER de Seguretat Vi\u00e0ria i Mobilitat Intel\u00b7ligent, a m\u00e9s d\u2019exposar els detalls del nou projecte DS4M Mediterr\u00e1neo: Data Space for Mobility, finan\u00e7at pel Ministeri per a la Transformaci\u00f3 Digital i de la Funci\u00f3 P\u00fablica a trav\u00e9s de la convocat\u00f2ria <em data-start=\"1204\" data-end=\"1249\">Demostradors i Casos d\u2019\u00das d\u2019Espais de Dades<\/em>.<\/p><\/div>\t\t\t\t\t\t\t\t<\/div>\n\t\t\t\t<\/div>\n\t\t\t\t\t<\/div>\n\t\t\t\t<\/div>\n\t\t\t\t<\/div>\n\t\t","protected":false},"excerpt":{"rendered":"<p>El projecte DS4M Mediterr\u00e1neo present en la I Trobada de C\u00e0tedres Universit\u00e0ries de Mobilitat Publicat l&#8217; 11 de febrer de 2025 El Dr. Francisco Alonso, director de l\u2019INTRAS, ha participat en la I Trobada de C\u00e0tedres Universit\u00e0ries de Mobilitat Sostenible, celebrada a Alacant l\u201911 de febrer de 2025. La mobilitat est\u00e0 en plena transformaci\u00f3 i [&hellip;]<\/p>\n","protected":false},"author":1,"featured_media":0,"parent":0,"menu_order":0,"comment_status":"closed","ping_status":"closed","template":"","meta":{"footnotes":""},"class_list":["post-7279","page","type-page","status-publish","hentry"],"yoast_head":"<!-- This site is optimized with the Yoast SEO plugin v27.1.1 - https:\/\/yoast.com\/product\/yoast-seo-wordpress\/ -->\n<title>DS4M Mediterr\u00e1neo \u2013 Present en la I Trobada de C\u00e0tedres Universit\u00e0ries de Mobilitat<\/title>\n<meta name=\"description\" content=\"El projecte DS4M Mediterr\u00e1neo participa en la I Trobada de C\u00e0tedres Universit\u00e0ries de Mobilitat Sostenible a Alacant, on el Dr. Francisco Alonso presenta els avan\u00e7os del nou espai de dades per a la mobilitat al Corredor Mediterrani.\" \/>\n<meta name=\"robots\" content=\"index, follow, max-snippet:-1, max-image-preview:large, max-video-preview:-1\" \/>\n<link rel=\"canonical\" href=\"https:\/\/ds4mmed.uv.es\/index.php\/ca\/ds4m-mediterraneo-trobada-catedres-mobilitat\/\" \/>\n<meta property=\"og:locale\" content=\"es_ES\" \/>\n<meta property=\"og:type\" content=\"article\" \/>\n<meta property=\"og:title\" content=\"DS4M Mediterr\u00e1neo \u2013 Present en la I Trobada de C\u00e0tedres Universit\u00e0ries de Mobilitat\" \/>\n<meta property=\"og:description\" content=\"El projecte DS4M Mediterr\u00e1neo participa en la I Trobada de C\u00e0tedres Universit\u00e0ries de Mobilitat Sostenible a Alacant, on el Dr. Francisco Alonso presenta els avan\u00e7os del nou espai de dades per a la mobilitat al Corredor Mediterrani.\" \/>\n<meta property=\"og:url\" content=\"https:\/\/ds4mmed.uv.es\/index.php\/ca\/ds4m-mediterraneo-trobada-catedres-mobilitat\/\" \/>\n<meta property=\"og:site_name\" content=\"DS4M Mediterr\u00e1neo\" \/>\n<meta property=\"article:modified_time\" content=\"2025-11-26T08:42:23+00:00\" \/>\n<meta property=\"og:image\" content=\"https:\/\/ds4mmed.uv.es\/wp-content\/uploads\/2025\/11\/Noticia.png\" \/>\n<meta name=\"twitter:card\" content=\"summary_large_image\" \/>\n<meta name=\"twitter:label1\" content=\"Tiempo de lectura\" \/>\n\t<meta name=\"twitter:data1\" content=\"2 minutos\" \/>\n<script type=\"application\/ld+json\" class=\"yoast-schema-graph\">{\"@context\":\"https:\/\/schema.org\",\"@graph\":[{\"@type\":\"WebPage\",\"@id\":\"https:\/\/ds4mmed.uv.es\/index.php\/ca\/ds4m-mediterraneo-trobada-catedres-mobilitat\/\",\"url\":\"https:\/\/ds4mmed.uv.es\/index.php\/ca\/ds4m-mediterraneo-trobada-catedres-mobilitat\/\",\"name\":\"DS4M Mediterr\u00e1neo \u2013 Present en la I Trobada de C\u00e0tedres Universit\u00e0ries de Mobilitat\",\"isPartOf\":{\"@id\":\"https:\/\/ds4mmed.uv.es\/#website\"},\"primaryImageOfPage\":{\"@id\":\"https:\/\/ds4mmed.uv.es\/index.php\/ca\/ds4m-mediterraneo-trobada-catedres-mobilitat\/#primaryimage\"},\"image\":{\"@id\":\"https:\/\/ds4mmed.uv.es\/index.php\/ca\/ds4m-mediterraneo-trobada-catedres-mobilitat\/#primaryimage\"},\"thumbnailUrl\":\"https:\/\/ds4mmed.uv.es\/wp-content\/uploads\/2025\/11\/Noticia.png\",\"datePublished\":\"2025-11-19T10:10:17+00:00\",\"dateModified\":\"2025-11-26T08:42:23+00:00\",\"description\":\"El projecte DS4M Mediterr\u00e1neo participa en la I Trobada de C\u00e0tedres Universit\u00e0ries de Mobilitat Sostenible a Alacant, on el Dr. Francisco Alonso presenta els avan\u00e7os del nou espai de dades per a la mobilitat al Corredor Mediterrani.\",\"breadcrumb\":{\"@id\":\"https:\/\/ds4mmed.uv.es\/index.php\/ca\/ds4m-mediterraneo-trobada-catedres-mobilitat\/#breadcrumb\"},\"inLanguage\":\"es\",\"potentialAction\":[{\"@type\":\"ReadAction\",\"target\":[\"https:\/\/ds4mmed.uv.es\/index.php\/ca\/ds4m-mediterraneo-trobada-catedres-mobilitat\/\"]}]},{\"@type\":\"ImageObject\",\"inLanguage\":\"es\",\"@id\":\"https:\/\/ds4mmed.uv.es\/index.php\/ca\/ds4m-mediterraneo-trobada-catedres-mobilitat\/#primaryimage\",\"url\":\"https:\/\/ds4mmed.uv.es\/wp-content\/uploads\/2025\/11\/Noticia.png\",\"contentUrl\":\"https:\/\/ds4mmed.uv.es\/wp-content\/uploads\/2025\/11\/Noticia.png\",\"width\":860,\"height\":603},{\"@type\":\"BreadcrumbList\",\"@id\":\"https:\/\/ds4mmed.uv.es\/index.php\/ca\/ds4m-mediterraneo-trobada-catedres-mobilitat\/#breadcrumb\",\"itemListElement\":[{\"@type\":\"ListItem\",\"position\":1,\"name\":\"Portada\",\"item\":\"https:\/\/ds4mmed.uv.es\/index.php\/es\/\"},{\"@type\":\"ListItem\",\"position\":2,\"name\":\"Noticia 9 &#8211; El projecte DS4M Mediterr\u00e1neo present en la I Trobada de C\u00e0tedres Universit\u00e0ries de Mobilitat\"}]},{\"@type\":\"WebSite\",\"@id\":\"https:\/\/ds4mmed.uv.es\/#website\",\"url\":\"https:\/\/ds4mmed.uv.es\/\",\"name\":\"DS4M Mediterr\u00e1neo\",\"description\":\"\",\"publisher\":{\"@id\":\"https:\/\/ds4mmed.uv.es\/#organization\"},\"potentialAction\":[{\"@type\":\"SearchAction\",\"target\":{\"@type\":\"EntryPoint\",\"urlTemplate\":\"https:\/\/ds4mmed.uv.es\/?s={search_term_string}\"},\"query-input\":{\"@type\":\"PropertyValueSpecification\",\"valueRequired\":true,\"valueName\":\"search_term_string\"}}],\"inLanguage\":\"es\"},{\"@type\":\"Organization\",\"@id\":\"https:\/\/ds4mmed.uv.es\/#organization\",\"name\":\"DS4M Mediterr\u00e1neo\",\"url\":\"https:\/\/ds4mmed.uv.es\/\",\"logo\":{\"@type\":\"ImageObject\",\"inLanguage\":\"es\",\"@id\":\"https:\/\/ds4mmed.uv.es\/#\/schema\/logo\/image\/\",\"url\":\"https:\/\/ds4mmed.uv.es\/wp-content\/uploads\/2025\/07\/Logo-cambio-resolucion-scaled.png\",\"contentUrl\":\"https:\/\/ds4mmed.uv.es\/wp-content\/uploads\/2025\/07\/Logo-cambio-resolucion-scaled.png\",\"width\":2560,\"height\":980,\"caption\":\"DS4M Mediterr\u00e1neo\"},\"image\":{\"@id\":\"https:\/\/ds4mmed.uv.es\/#\/schema\/logo\/image\/\"}}]}<\/script>\n<!-- \/ Yoast SEO plugin. -->","yoast_head_json":{"title":"DS4M Mediterr\u00e1neo \u2013 Present en la I Trobada de C\u00e0tedres Universit\u00e0ries de Mobilitat","description":"El projecte DS4M Mediterr\u00e1neo participa en la I Trobada de C\u00e0tedres Universit\u00e0ries de Mobilitat Sostenible a Alacant, on el Dr. Francisco Alonso presenta els avan\u00e7os del nou espai de dades per a la mobilitat al Corredor Mediterrani.","robots":{"index":"index","follow":"follow","max-snippet":"max-snippet:-1","max-image-preview":"max-image-preview:large","max-video-preview":"max-video-preview:-1"},"canonical":"https:\/\/ds4mmed.uv.es\/index.php\/ca\/ds4m-mediterraneo-trobada-catedres-mobilitat\/","og_locale":"es_ES","og_type":"article","og_title":"DS4M Mediterr\u00e1neo \u2013 Present en la I Trobada de C\u00e0tedres Universit\u00e0ries de Mobilitat","og_description":"El projecte DS4M Mediterr\u00e1neo participa en la I Trobada de C\u00e0tedres Universit\u00e0ries de Mobilitat Sostenible a Alacant, on el Dr. Francisco Alonso presenta els avan\u00e7os del nou espai de dades per a la mobilitat al Corredor Mediterrani.","og_url":"https:\/\/ds4mmed.uv.es\/index.php\/ca\/ds4m-mediterraneo-trobada-catedres-mobilitat\/","og_site_name":"DS4M Mediterr\u00e1neo","article_modified_time":"2025-11-26T08:42:23+00:00","og_image":[{"url":"https:\/\/ds4mmed.uv.es\/wp-content\/uploads\/2025\/11\/Noticia.png","type":"","width":"","height":""}],"twitter_card":"summary_large_image","twitter_misc":{"Tiempo de lectura":"2 minutos"},"schema":{"@context":"https:\/\/schema.org","@graph":[{"@type":"WebPage","@id":"https:\/\/ds4mmed.uv.es\/index.php\/ca\/ds4m-mediterraneo-trobada-catedres-mobilitat\/","url":"https:\/\/ds4mmed.uv.es\/index.php\/ca\/ds4m-mediterraneo-trobada-catedres-mobilitat\/","name":"DS4M Mediterr\u00e1neo \u2013 Present en la I Trobada de C\u00e0tedres Universit\u00e0ries de Mobilitat","isPartOf":{"@id":"https:\/\/ds4mmed.uv.es\/#website"},"primaryImageOfPage":{"@id":"https:\/\/ds4mmed.uv.es\/index.php\/ca\/ds4m-mediterraneo-trobada-catedres-mobilitat\/#primaryimage"},"image":{"@id":"https:\/\/ds4mmed.uv.es\/index.php\/ca\/ds4m-mediterraneo-trobada-catedres-mobilitat\/#primaryimage"},"thumbnailUrl":"https:\/\/ds4mmed.uv.es\/wp-content\/uploads\/2025\/11\/Noticia.png","datePublished":"2025-11-19T10:10:17+00:00","dateModified":"2025-11-26T08:42:23+00:00","description":"El projecte DS4M Mediterr\u00e1neo participa en la I Trobada de C\u00e0tedres Universit\u00e0ries de Mobilitat Sostenible a Alacant, on el Dr. Francisco Alonso presenta els avan\u00e7os del nou espai de dades per a la mobilitat al Corredor Mediterrani.","breadcrumb":{"@id":"https:\/\/ds4mmed.uv.es\/index.php\/ca\/ds4m-mediterraneo-trobada-catedres-mobilitat\/#breadcrumb"},"inLanguage":"es","potentialAction":[{"@type":"ReadAction","target":["https:\/\/ds4mmed.uv.es\/index.php\/ca\/ds4m-mediterraneo-trobada-catedres-mobilitat\/"]}]},{"@type":"ImageObject","inLanguage":"es","@id":"https:\/\/ds4mmed.uv.es\/index.php\/ca\/ds4m-mediterraneo-trobada-catedres-mobilitat\/#primaryimage","url":"https:\/\/ds4mmed.uv.es\/wp-content\/uploads\/2025\/11\/Noticia.png","contentUrl":"https:\/\/ds4mmed.uv.es\/wp-content\/uploads\/2025\/11\/Noticia.png","width":860,"height":603},{"@type":"BreadcrumbList","@id":"https:\/\/ds4mmed.uv.es\/index.php\/ca\/ds4m-mediterraneo-trobada-catedres-mobilitat\/#breadcrumb","itemListElement":[{"@type":"ListItem","position":1,"name":"Portada","item":"https:\/\/ds4mmed.uv.es\/index.php\/es\/"},{"@type":"ListItem","position":2,"name":"Noticia 9 &#8211; El projecte DS4M Mediterr\u00e1neo present en la I Trobada de C\u00e0tedres Universit\u00e0ries de Mobilitat"}]},{"@type":"WebSite","@id":"https:\/\/ds4mmed.uv.es\/#website","url":"https:\/\/ds4mmed.uv.es\/","name":"DS4M Mediterr\u00e1neo","description":"","publisher":{"@id":"https:\/\/ds4mmed.uv.es\/#organization"},"potentialAction":[{"@type":"SearchAction","target":{"@type":"EntryPoint","urlTemplate":"https:\/\/ds4mmed.uv.es\/?s={search_term_string}"},"query-input":{"@type":"PropertyValueSpecification","valueRequired":true,"valueName":"search_term_string"}}],"inLanguage":"es"},{"@type":"Organization","@id":"https:\/\/ds4mmed.uv.es\/#organization","name":"DS4M Mediterr\u00e1neo","url":"https:\/\/ds4mmed.uv.es\/","logo":{"@type":"ImageObject","inLanguage":"es","@id":"https:\/\/ds4mmed.uv.es\/#\/schema\/logo\/image\/","url":"https:\/\/ds4mmed.uv.es\/wp-content\/uploads\/2025\/07\/Logo-cambio-resolucion-scaled.png","contentUrl":"https:\/\/ds4mmed.uv.es\/wp-content\/uploads\/2025\/07\/Logo-cambio-resolucion-scaled.png","width":2560,"height":980,"caption":"DS4M Mediterr\u00e1neo"},"image":{"@id":"https:\/\/ds4mmed.uv.es\/#\/schema\/logo\/image\/"}}]}},"_links":{"self":[{"href":"https:\/\/ds4mmed.uv.es\/index.php\/wp-json\/wp\/v2\/pages\/7279","targetHints":{"allow":["GET"]}}],"collection":[{"href":"https:\/\/ds4mmed.uv.es\/index.php\/wp-json\/wp\/v2\/pages"}],"about":[{"href":"https:\/\/ds4mmed.uv.es\/index.php\/wp-json\/wp\/v2\/types\/page"}],"author":[{"embeddable":true,"href":"https:\/\/ds4mmed.uv.es\/index.php\/wp-json\/wp\/v2\/users\/1"}],"replies":[{"embeddable":true,"href":"https:\/\/ds4mmed.uv.es\/index.php\/wp-json\/wp\/v2\/comments?post=7279"}],"version-history":[{"count":12,"href":"https:\/\/ds4mmed.uv.es\/index.php\/wp-json\/wp\/v2\/pages\/7279\/revisions"}],"predecessor-version":[{"id":9028,"href":"https:\/\/ds4mmed.uv.es\/index.php\/wp-json\/wp\/v2\/pages\/7279\/revisions\/9028"}],"wp:attachment":[{"href":"https:\/\/ds4mmed.uv.es\/index.php\/wp-json\/wp\/v2\/media?parent=7279"}],"curies":[{"name":"wp","href":"https:\/\/api.w.org\/{rel}","templated":true}]}}