{"id":7266,"date":"2025-11-19T11:08:26","date_gmt":"2025-11-19T10:08:26","guid":{"rendered":"https:\/\/ds4mmed.uv.es\/?page_id=7266"},"modified":"2025-11-26T10:07:55","modified_gmt":"2025-11-26T09:07:55","slug":"ds4m-present-en-mediterraneo-comite-its-smart-cities","status":"publish","type":"page","link":"https:\/\/ds4mmed.uv.es\/index.php\/ca\/ds4m-present-en-mediterraneo-comite-its-smart-cities\/","title":{"rendered":"Noticia 23 &#8211; El DS4M Mediterr\u00e1neo present al Comit\u00e8 d\u2019ITS &amp; Smart Cities"},"content":{"rendered":"\t\t<div data-elementor-type=\"wp-page\" data-elementor-id=\"7266\" class=\"elementor elementor-7266\">\n\t\t\t\t<div class=\"elementor-element elementor-element-6c62525 e-flex e-con-boxed e-con e-child\" data-id=\"6c62525\" data-element_type=\"container\" data-e-type=\"container\" data-settings=\"{&quot;background_background&quot;:&quot;classic&quot;}\">\n\t\t\t\t\t<div class=\"e-con-inner\">\n\t\t<div class=\"elementor-element elementor-element-6debc5d e-con-full e-flex e-con e-child\" data-id=\"6debc5d\" data-element_type=\"container\" data-e-type=\"container\">\n\t\t<div class=\"elementor-element elementor-element-3b5bf26 e-con-full e-flex elementor-invisible e-con e-child\" data-id=\"3b5bf26\" data-element_type=\"container\" data-e-type=\"container\" data-settings=\"{&quot;animation&quot;:&quot;fadeInLeft&quot;}\">\n\t\t\t\t<div class=\"elementor-element elementor-element-da9e6f3 elementor-widget elementor-widget-heading\" data-id=\"da9e6f3\" data-element_type=\"widget\" data-e-type=\"widget\" data-widget_type=\"heading.default\">\n\t\t\t\t\t<h1 class=\"elementor-heading-title elementor-size-default\">El DS4M Mediterr\u00e1neo present al Comit\u00e8 d\u2019ITS &amp; Smart Cities\n<\/h1>\t\t\t\t<\/div>\n\t\t\t\t<div class=\"elementor-element elementor-element-e2a4a87 elementor-icon-list--layout-inline elementor-align-center elementor-list-item-link-full_width elementor-widget elementor-widget-icon-list\" data-id=\"e2a4a87\" data-element_type=\"widget\" data-e-type=\"widget\" data-widget_type=\"icon-list.default\">\n\t\t\t\t\t\t\t<ul class=\"elementor-icon-list-items elementor-inline-items\">\n\t\t\t\t\t\t\t<li class=\"elementor-icon-list-item elementor-inline-item\">\n\t\t\t\t\t\t\t\t\t\t<span class=\"elementor-icon-list-text\"><p>Publicat el 22 de setembre de 2025<span style=\"background-color: transparent\"><\/span><\/p><\/span>\n\t\t\t\t\t\t\t\t\t<\/li>\n\t\t\t\t\t\t<\/ul>\n\t\t\t\t\t\t<\/div>\n\t\t\t\t<\/div>\n\t\t\t\t<div class=\"elementor-element elementor-element-89ea136 elementor-invisible elementor-widget elementor-widget-image\" data-id=\"89ea136\" data-element_type=\"widget\" data-e-type=\"widget\" data-settings=\"{&quot;_animation&quot;:&quot;fadeInRight&quot;}\" data-widget_type=\"image.default\">\n\t\t\t\t\t\t\t\t\t\t\t\t\t\t\t<img fetchpriority=\"high\" decoding=\"async\" width=\"800\" height=\"575\" src=\"https:\/\/ds4mmed.uv.es\/wp-content\/uploads\/2025\/11\/Diseno-sin-titulo.png\" class=\"attachment-full size-full wp-image-5253\" alt=\"\" srcset=\"https:\/\/ds4mmed.uv.es\/wp-content\/uploads\/2025\/11\/Diseno-sin-titulo.png 800w, https:\/\/ds4mmed.uv.es\/wp-content\/uploads\/2025\/11\/Diseno-sin-titulo-300x216.png 300w, https:\/\/ds4mmed.uv.es\/wp-content\/uploads\/2025\/11\/Diseno-sin-titulo-768x552.png 768w\" sizes=\"(max-width: 800px) 100vw, 800px\" \/>\t\t\t\t\t\t\t\t\t\t\t\t\t\t\t<\/div>\n\t\t\t\t<\/div>\n\t\t<div class=\"elementor-element elementor-element-aac12f8 e-con-full e-flex elementor-invisible e-con e-child\" data-id=\"aac12f8\" data-element_type=\"container\" data-e-type=\"container\" data-settings=\"{&quot;animation&quot;:&quot;fadeInUp&quot;}\">\n\t\t\t\t<div class=\"elementor-element elementor-element-0c8df65 elementor-widget__width-initial elementor-widget-mobile__width-inherit elementor-widget-tablet__width-inherit elementor-widget elementor-widget-text-editor\" data-id=\"0c8df65\" data-element_type=\"widget\" data-e-type=\"widget\" data-widget_type=\"text-editor.default\">\n\t\t\t\t\t\t\t\t\t<div class=\"ewa-rteLine\">\n<p>El director de l\u2019INTRAS, Francisco Alonso, en representaci\u00f3 de l\u2019equip DS4M Mediterr\u00e1neo, ha participat en la reuni\u00f3 del Comit\u00e8 d\u2019ITS &amp; Smart Cities d\u2019ITS Espanya.<\/p>\n<p>Durant la jornada es van abordar diversos punts clau, entre ells les activitats previstes per als anys 2025 i 2026, aix\u00ed com altres temes d\u2019especial inter\u00e8s per al comit\u00e8.<\/p>\n<p>En el punt 7 de l\u2019ordre del dia, dedicat a Dades, Espais de Dades i NAP en Mobilitat Urbana, es va prestar especial atenci\u00f3 al Cat\u00e0leg d\u2019Espais de Dades en Obert, una iniciativa que facilitar\u00e0 l\u2019acc\u00e9s r\u00e0pid i eficient a una \u00e0mplia quantitat d\u2019informaci\u00f3 essencial per al desenvolupament de projectes relacionats amb la mobilitat intel\u00b7ligent.<\/p>\n<\/div>\t\t\t\t\t\t\t\t<\/div>\n\t\t\t\t<\/div>\n\t\t\t\t\t<\/div>\n\t\t\t\t<\/div>\n\t\t\t\t<\/div>\n\t\t","protected":false},"excerpt":{"rendered":"<p>El DS4M Mediterr\u00e1neo present al Comit\u00e8 d\u2019ITS &amp; Smart Cities Publicat el 22 de setembre de 2025 El director de l\u2019INTRAS, Francisco Alonso, en representaci\u00f3 de l\u2019equip DS4M Mediterr\u00e1neo, ha participat en la reuni\u00f3 del Comit\u00e8 d\u2019ITS &amp; Smart Cities d\u2019ITS Espanya. Durant la jornada es van abordar diversos punts clau, entre ells les activitats [&hellip;]<\/p>\n","protected":false},"author":1,"featured_media":0,"parent":0,"menu_order":0,"comment_status":"closed","ping_status":"closed","template":"","meta":{"footnotes":""},"class_list":["post-7266","page","type-page","status-publish","hentry"],"yoast_head":"<!-- This site is optimized with the Yoast SEO plugin v27.1.1 - https:\/\/yoast.com\/product\/yoast-seo-wordpress\/ -->\n<title>DS4M Mediterr\u00e1neo \u2013 Present al Comit\u00e8 d\u2019ITS &amp; Smart Cities<\/title>\n<meta name=\"description\" content=\"El projecte DS4M Mediterr\u00e1neo participa en la reuni\u00f3 del Comit\u00e8 d\u2019ITS &amp; Smart Cities d\u2019ITS Espanya, on es van abordar accions estrat\u00e8giques per als anys 2025 i 2026, aix\u00ed com iniciatives clau sobre dades i espais de dades en mobilitat urbana.\" \/>\n<meta name=\"robots\" content=\"index, follow, max-snippet:-1, max-image-preview:large, max-video-preview:-1\" \/>\n<link rel=\"canonical\" href=\"https:\/\/ds4mmed.uv.es\/index.php\/ca\/ds4m-present-en-mediterraneo-comite-its-smart-cities\/\" \/>\n<meta property=\"og:locale\" content=\"es_ES\" \/>\n<meta property=\"og:type\" content=\"article\" \/>\n<meta property=\"og:title\" content=\"DS4M Mediterr\u00e1neo \u2013 Present al Comit\u00e8 d\u2019ITS &amp; Smart Cities\" \/>\n<meta property=\"og:description\" content=\"El projecte DS4M Mediterr\u00e1neo participa en la reuni\u00f3 del Comit\u00e8 d\u2019ITS &amp; Smart Cities d\u2019ITS Espanya, on es van abordar accions estrat\u00e8giques per als anys 2025 i 2026, aix\u00ed com iniciatives clau sobre dades i espais de dades en mobilitat urbana.\" \/>\n<meta property=\"og:url\" content=\"https:\/\/ds4mmed.uv.es\/index.php\/ca\/ds4m-present-en-mediterraneo-comite-its-smart-cities\/\" \/>\n<meta property=\"og:site_name\" content=\"DS4M Mediterr\u00e1neo\" \/>\n<meta property=\"article:modified_time\" content=\"2025-11-26T09:07:55+00:00\" \/>\n<meta property=\"og:image\" content=\"https:\/\/ds4mmed.uv.es\/wp-content\/uploads\/2025\/11\/Diseno-sin-titulo.png\" \/>\n<meta name=\"twitter:card\" content=\"summary_large_image\" \/>\n<meta name=\"twitter:label1\" content=\"Tiempo de lectura\" \/>\n\t<meta name=\"twitter:data1\" content=\"1 minuto\" \/>\n<script type=\"application\/ld+json\" class=\"yoast-schema-graph\">{\"@context\":\"https:\/\/schema.org\",\"@graph\":[{\"@type\":\"WebPage\",\"@id\":\"https:\/\/ds4mmed.uv.es\/index.php\/ca\/ds4m-present-en-mediterraneo-comite-its-smart-cities\/\",\"url\":\"https:\/\/ds4mmed.uv.es\/index.php\/ca\/ds4m-present-en-mediterraneo-comite-its-smart-cities\/\",\"name\":\"DS4M Mediterr\u00e1neo \u2013 Present al Comit\u00e8 d\u2019ITS & Smart Cities\",\"isPartOf\":{\"@id\":\"https:\/\/ds4mmed.uv.es\/#website\"},\"primaryImageOfPage\":{\"@id\":\"https:\/\/ds4mmed.uv.es\/index.php\/ca\/ds4m-present-en-mediterraneo-comite-its-smart-cities\/#primaryimage\"},\"image\":{\"@id\":\"https:\/\/ds4mmed.uv.es\/index.php\/ca\/ds4m-present-en-mediterraneo-comite-its-smart-cities\/#primaryimage\"},\"thumbnailUrl\":\"https:\/\/ds4mmed.uv.es\/wp-content\/uploads\/2025\/11\/Diseno-sin-titulo.png\",\"datePublished\":\"2025-11-19T10:08:26+00:00\",\"dateModified\":\"2025-11-26T09:07:55+00:00\",\"description\":\"El projecte DS4M Mediterr\u00e1neo participa en la reuni\u00f3 del Comit\u00e8 d\u2019ITS & Smart Cities d\u2019ITS Espanya, on es van abordar accions estrat\u00e8giques per als anys 2025 i 2026, aix\u00ed com iniciatives clau sobre dades i espais de dades en mobilitat urbana.\",\"breadcrumb\":{\"@id\":\"https:\/\/ds4mmed.uv.es\/index.php\/ca\/ds4m-present-en-mediterraneo-comite-its-smart-cities\/#breadcrumb\"},\"inLanguage\":\"es\",\"potentialAction\":[{\"@type\":\"ReadAction\",\"target\":[\"https:\/\/ds4mmed.uv.es\/index.php\/ca\/ds4m-present-en-mediterraneo-comite-its-smart-cities\/\"]}]},{\"@type\":\"ImageObject\",\"inLanguage\":\"es\",\"@id\":\"https:\/\/ds4mmed.uv.es\/index.php\/ca\/ds4m-present-en-mediterraneo-comite-its-smart-cities\/#primaryimage\",\"url\":\"https:\/\/ds4mmed.uv.es\/wp-content\/uploads\/2025\/11\/Diseno-sin-titulo.png\",\"contentUrl\":\"https:\/\/ds4mmed.uv.es\/wp-content\/uploads\/2025\/11\/Diseno-sin-titulo.png\",\"width\":800,\"height\":575},{\"@type\":\"BreadcrumbList\",\"@id\":\"https:\/\/ds4mmed.uv.es\/index.php\/ca\/ds4m-present-en-mediterraneo-comite-its-smart-cities\/#breadcrumb\",\"itemListElement\":[{\"@type\":\"ListItem\",\"position\":1,\"name\":\"Portada\",\"item\":\"https:\/\/ds4mmed.uv.es\/index.php\/es\/\"},{\"@type\":\"ListItem\",\"position\":2,\"name\":\"Noticia 23 &#8211; El DS4M Mediterr\u00e1neo present al Comit\u00e8 d\u2019ITS &amp; Smart Cities\"}]},{\"@type\":\"WebSite\",\"@id\":\"https:\/\/ds4mmed.uv.es\/#website\",\"url\":\"https:\/\/ds4mmed.uv.es\/\",\"name\":\"DS4M Mediterr\u00e1neo\",\"description\":\"\",\"publisher\":{\"@id\":\"https:\/\/ds4mmed.uv.es\/#organization\"},\"potentialAction\":[{\"@type\":\"SearchAction\",\"target\":{\"@type\":\"EntryPoint\",\"urlTemplate\":\"https:\/\/ds4mmed.uv.es\/?s={search_term_string}\"},\"query-input\":{\"@type\":\"PropertyValueSpecification\",\"valueRequired\":true,\"valueName\":\"search_term_string\"}}],\"inLanguage\":\"es\"},{\"@type\":\"Organization\",\"@id\":\"https:\/\/ds4mmed.uv.es\/#organization\",\"name\":\"DS4M Mediterr\u00e1neo\",\"url\":\"https:\/\/ds4mmed.uv.es\/\",\"logo\":{\"@type\":\"ImageObject\",\"inLanguage\":\"es\",\"@id\":\"https:\/\/ds4mmed.uv.es\/#\/schema\/logo\/image\/\",\"url\":\"https:\/\/ds4mmed.uv.es\/wp-content\/uploads\/2025\/07\/Logo-cambio-resolucion-scaled.png\",\"contentUrl\":\"https:\/\/ds4mmed.uv.es\/wp-content\/uploads\/2025\/07\/Logo-cambio-resolucion-scaled.png\",\"width\":2560,\"height\":980,\"caption\":\"DS4M Mediterr\u00e1neo\"},\"image\":{\"@id\":\"https:\/\/ds4mmed.uv.es\/#\/schema\/logo\/image\/\"}}]}<\/script>\n<!-- \/ Yoast SEO plugin. -->","yoast_head_json":{"title":"DS4M Mediterr\u00e1neo \u2013 Present al Comit\u00e8 d\u2019ITS & Smart Cities","description":"El projecte DS4M Mediterr\u00e1neo participa en la reuni\u00f3 del Comit\u00e8 d\u2019ITS & Smart Cities d\u2019ITS Espanya, on es van abordar accions estrat\u00e8giques per als anys 2025 i 2026, aix\u00ed com iniciatives clau sobre dades i espais de dades en mobilitat urbana.","robots":{"index":"index","follow":"follow","max-snippet":"max-snippet:-1","max-image-preview":"max-image-preview:large","max-video-preview":"max-video-preview:-1"},"canonical":"https:\/\/ds4mmed.uv.es\/index.php\/ca\/ds4m-present-en-mediterraneo-comite-its-smart-cities\/","og_locale":"es_ES","og_type":"article","og_title":"DS4M Mediterr\u00e1neo \u2013 Present al Comit\u00e8 d\u2019ITS & Smart Cities","og_description":"El projecte DS4M Mediterr\u00e1neo participa en la reuni\u00f3 del Comit\u00e8 d\u2019ITS & Smart Cities d\u2019ITS Espanya, on es van abordar accions estrat\u00e8giques per als anys 2025 i 2026, aix\u00ed com iniciatives clau sobre dades i espais de dades en mobilitat urbana.","og_url":"https:\/\/ds4mmed.uv.es\/index.php\/ca\/ds4m-present-en-mediterraneo-comite-its-smart-cities\/","og_site_name":"DS4M Mediterr\u00e1neo","article_modified_time":"2025-11-26T09:07:55+00:00","og_image":[{"url":"https:\/\/ds4mmed.uv.es\/wp-content\/uploads\/2025\/11\/Diseno-sin-titulo.png","type":"","width":"","height":""}],"twitter_card":"summary_large_image","twitter_misc":{"Tiempo de lectura":"1 minuto"},"schema":{"@context":"https:\/\/schema.org","@graph":[{"@type":"WebPage","@id":"https:\/\/ds4mmed.uv.es\/index.php\/ca\/ds4m-present-en-mediterraneo-comite-its-smart-cities\/","url":"https:\/\/ds4mmed.uv.es\/index.php\/ca\/ds4m-present-en-mediterraneo-comite-its-smart-cities\/","name":"DS4M Mediterr\u00e1neo \u2013 Present al Comit\u00e8 d\u2019ITS & Smart Cities","isPartOf":{"@id":"https:\/\/ds4mmed.uv.es\/#website"},"primaryImageOfPage":{"@id":"https:\/\/ds4mmed.uv.es\/index.php\/ca\/ds4m-present-en-mediterraneo-comite-its-smart-cities\/#primaryimage"},"image":{"@id":"https:\/\/ds4mmed.uv.es\/index.php\/ca\/ds4m-present-en-mediterraneo-comite-its-smart-cities\/#primaryimage"},"thumbnailUrl":"https:\/\/ds4mmed.uv.es\/wp-content\/uploads\/2025\/11\/Diseno-sin-titulo.png","datePublished":"2025-11-19T10:08:26+00:00","dateModified":"2025-11-26T09:07:55+00:00","description":"El projecte DS4M Mediterr\u00e1neo participa en la reuni\u00f3 del Comit\u00e8 d\u2019ITS & Smart Cities d\u2019ITS Espanya, on es van abordar accions estrat\u00e8giques per als anys 2025 i 2026, aix\u00ed com iniciatives clau sobre dades i espais de dades en mobilitat urbana.","breadcrumb":{"@id":"https:\/\/ds4mmed.uv.es\/index.php\/ca\/ds4m-present-en-mediterraneo-comite-its-smart-cities\/#breadcrumb"},"inLanguage":"es","potentialAction":[{"@type":"ReadAction","target":["https:\/\/ds4mmed.uv.es\/index.php\/ca\/ds4m-present-en-mediterraneo-comite-its-smart-cities\/"]}]},{"@type":"ImageObject","inLanguage":"es","@id":"https:\/\/ds4mmed.uv.es\/index.php\/ca\/ds4m-present-en-mediterraneo-comite-its-smart-cities\/#primaryimage","url":"https:\/\/ds4mmed.uv.es\/wp-content\/uploads\/2025\/11\/Diseno-sin-titulo.png","contentUrl":"https:\/\/ds4mmed.uv.es\/wp-content\/uploads\/2025\/11\/Diseno-sin-titulo.png","width":800,"height":575},{"@type":"BreadcrumbList","@id":"https:\/\/ds4mmed.uv.es\/index.php\/ca\/ds4m-present-en-mediterraneo-comite-its-smart-cities\/#breadcrumb","itemListElement":[{"@type":"ListItem","position":1,"name":"Portada","item":"https:\/\/ds4mmed.uv.es\/index.php\/es\/"},{"@type":"ListItem","position":2,"name":"Noticia 23 &#8211; El DS4M Mediterr\u00e1neo present al Comit\u00e8 d\u2019ITS &amp; Smart Cities"}]},{"@type":"WebSite","@id":"https:\/\/ds4mmed.uv.es\/#website","url":"https:\/\/ds4mmed.uv.es\/","name":"DS4M Mediterr\u00e1neo","description":"","publisher":{"@id":"https:\/\/ds4mmed.uv.es\/#organization"},"potentialAction":[{"@type":"SearchAction","target":{"@type":"EntryPoint","urlTemplate":"https:\/\/ds4mmed.uv.es\/?s={search_term_string}"},"query-input":{"@type":"PropertyValueSpecification","valueRequired":true,"valueName":"search_term_string"}}],"inLanguage":"es"},{"@type":"Organization","@id":"https:\/\/ds4mmed.uv.es\/#organization","name":"DS4M Mediterr\u00e1neo","url":"https:\/\/ds4mmed.uv.es\/","logo":{"@type":"ImageObject","inLanguage":"es","@id":"https:\/\/ds4mmed.uv.es\/#\/schema\/logo\/image\/","url":"https:\/\/ds4mmed.uv.es\/wp-content\/uploads\/2025\/07\/Logo-cambio-resolucion-scaled.png","contentUrl":"https:\/\/ds4mmed.uv.es\/wp-content\/uploads\/2025\/07\/Logo-cambio-resolucion-scaled.png","width":2560,"height":980,"caption":"DS4M Mediterr\u00e1neo"},"image":{"@id":"https:\/\/ds4mmed.uv.es\/#\/schema\/logo\/image\/"}}]}},"_links":{"self":[{"href":"https:\/\/ds4mmed.uv.es\/index.php\/wp-json\/wp\/v2\/pages\/7266","targetHints":{"allow":["GET"]}}],"collection":[{"href":"https:\/\/ds4mmed.uv.es\/index.php\/wp-json\/wp\/v2\/pages"}],"about":[{"href":"https:\/\/ds4mmed.uv.es\/index.php\/wp-json\/wp\/v2\/types\/page"}],"author":[{"embeddable":true,"href":"https:\/\/ds4mmed.uv.es\/index.php\/wp-json\/wp\/v2\/users\/1"}],"replies":[{"embeddable":true,"href":"https:\/\/ds4mmed.uv.es\/index.php\/wp-json\/wp\/v2\/comments?post=7266"}],"version-history":[{"count":14,"href":"https:\/\/ds4mmed.uv.es\/index.php\/wp-json\/wp\/v2\/pages\/7266\/revisions"}],"predecessor-version":[{"id":9093,"href":"https:\/\/ds4mmed.uv.es\/index.php\/wp-json\/wp\/v2\/pages\/7266\/revisions\/9093"}],"wp:attachment":[{"href":"https:\/\/ds4mmed.uv.es\/index.php\/wp-json\/wp\/v2\/media?parent=7266"}],"curies":[{"name":"wp","href":"https:\/\/api.w.org\/{rel}","templated":true}]}}