{"id":7225,"date":"2025-11-19T11:01:53","date_gmt":"2025-11-19T10:01:53","guid":{"rendered":"https:\/\/ds4mmed.uv.es\/?page_id=7225"},"modified":"2025-11-26T10:12:35","modified_gmt":"2025-11-26T09:12:35","slug":"participacio-mobility-summit-hackathon-valencia-2025","status":"publish","type":"page","link":"https:\/\/ds4mmed.uv.es\/index.php\/ca\/participacio-mobility-summit-hackathon-valencia-2025\/","title":{"rendered":"Noticia 21 &#8211; El Prof. Dr. Francisco Alonso, en representaci\u00f3 de l\u2019equip de DS4M Mediterr\u00e1neo, participa en la III edici\u00f3 del Mobility Summit &amp; Hackathon Val\u00e8ncia 2025"},"content":{"rendered":"\t\t<div data-elementor-type=\"wp-page\" data-elementor-id=\"7225\" class=\"elementor elementor-7225\">\n\t\t\t\t<div class=\"elementor-element elementor-element-6c62525 e-flex e-con-boxed e-con e-child\" data-id=\"6c62525\" data-element_type=\"container\" data-e-type=\"container\" data-settings=\"{&quot;background_background&quot;:&quot;classic&quot;}\">\n\t\t\t\t\t<div class=\"e-con-inner\">\n\t\t<div class=\"elementor-element elementor-element-6debc5d e-con-full e-flex e-con e-child\" data-id=\"6debc5d\" data-element_type=\"container\" data-e-type=\"container\">\n\t\t<div class=\"elementor-element elementor-element-3b5bf26 e-con-full e-flex elementor-invisible e-con e-child\" data-id=\"3b5bf26\" data-element_type=\"container\" data-e-type=\"container\" data-settings=\"{&quot;animation&quot;:&quot;fadeInLeft&quot;}\">\n\t\t\t\t<div class=\"elementor-element elementor-element-da9e6f3 elementor-widget elementor-widget-heading\" data-id=\"da9e6f3\" data-element_type=\"widget\" data-e-type=\"widget\" data-widget_type=\"heading.default\">\n\t\t\t\t\t<h1 class=\"elementor-heading-title elementor-size-default\"><p>El Prof. Dr. Francisco Alonso, en representaci\u00f3 de l\u2019equip de DS4M Mediterr\u00e1neo, participa en la III edici\u00f3 del Mobility Summit &amp; Hackathon Val\u00e8ncia 2025<span style=\"letter-spacing: -1.12px\"><\/span><\/p><\/h1>\t\t\t\t<\/div>\n\t\t\t\t<div class=\"elementor-element elementor-element-e2a4a87 elementor-icon-list--layout-inline elementor-align-center elementor-list-item-link-full_width elementor-widget elementor-widget-icon-list\" data-id=\"e2a4a87\" data-element_type=\"widget\" data-e-type=\"widget\" data-widget_type=\"icon-list.default\">\n\t\t\t\t\t\t\t<ul class=\"elementor-icon-list-items elementor-inline-items\">\n\t\t\t\t\t\t\t<li class=\"elementor-icon-list-item elementor-inline-item\">\n\t\t\t\t\t\t\t\t\t\t<span class=\"elementor-icon-list-text\">Publicat el 14 de setembre de 2025<\/span>\n\t\t\t\t\t\t\t\t\t<\/li>\n\t\t\t\t\t\t<\/ul>\n\t\t\t\t\t\t<\/div>\n\t\t\t\t<\/div>\n\t\t\t\t<div class=\"elementor-element elementor-element-89ea136 elementor-invisible elementor-widget elementor-widget-image\" data-id=\"89ea136\" data-element_type=\"widget\" data-e-type=\"widget\" data-settings=\"{&quot;_animation&quot;:&quot;fadeInRight&quot;}\" data-widget_type=\"image.default\">\n\t\t\t\t\t\t\t\t\t\t\t\t\t\t\t<img fetchpriority=\"high\" decoding=\"async\" width=\"1080\" height=\"673\" src=\"https:\/\/ds4mmed.uv.es\/wp-content\/uploads\/2025\/11\/Noticia21-2.png\" class=\"attachment-full size-full wp-image-3914\" alt=\"\" srcset=\"https:\/\/ds4mmed.uv.es\/wp-content\/uploads\/2025\/11\/Noticia21-2.png 1080w, https:\/\/ds4mmed.uv.es\/wp-content\/uploads\/2025\/11\/Noticia21-2-300x187.png 300w, https:\/\/ds4mmed.uv.es\/wp-content\/uploads\/2025\/11\/Noticia21-2-1024x638.png 1024w, https:\/\/ds4mmed.uv.es\/wp-content\/uploads\/2025\/11\/Noticia21-2-768x479.png 768w\" sizes=\"(max-width: 1080px) 100vw, 1080px\" \/>\t\t\t\t\t\t\t\t\t\t\t\t\t\t\t<\/div>\n\t\t\t\t<\/div>\n\t\t<div class=\"elementor-element elementor-element-aac12f8 e-con-full e-flex elementor-invisible e-con e-child\" data-id=\"aac12f8\" data-element_type=\"container\" data-e-type=\"container\" data-settings=\"{&quot;animation&quot;:&quot;fadeInUp&quot;}\">\n\t\t\t\t<div class=\"elementor-element elementor-element-0c8df65 elementor-widget__width-initial elementor-widget-mobile__width-inherit elementor-widget-tablet__width-inherit elementor-widget elementor-widget-text-editor\" data-id=\"0c8df65\" data-element_type=\"widget\" data-e-type=\"widget\" data-widget_type=\"text-editor.default\">\n\t\t\t\t\t\t\t\t\t<div>\n<p>Els passats 12, 13 i 14 de setembre va tenir lloc la III edici\u00f3 del Mobility Summit &amp; Hackathon Val\u00e8ncia 2025, un esdeveniment que va reunir professionals, institucions i empreses compromeses amb l\u2019impuls de la mobilitat intel\u00b7ligent i sostenible. Durant la trobada, la intervenci\u00f3 com a jurat del Prof. Dr. Francisco Alonso, Director de l\u2019INTRAS i coordinador del projecte, va servir per presentar les claus de l\u2019Espai de Dades que s\u2019est\u00e0 desenvolupant per transformar la mobilitat urbana i interurbana mitjan\u00e7ant l\u2019\u00fas estrat\u00e8gic de dades interoperables.<\/p>\n<p>L\u2019esdeveniment, organitzat en col\u00b7laboraci\u00f3 amb ONKLUB, va servir com a punt de trobada per establir noves sinergies i avan\u00e7ar en la construcci\u00f3 d\u2019una xarxa s\u00f2lida de col\u00b7laboraci\u00f3 p\u00fablic-privada en l\u2019\u00e0mbit de la mobilitat digital.<\/p>\n<p>Des de DS4M Mediterr\u00e1neo agra\u00efm la tasca dels organitzadors, ponents, mentors i membres del jurat, aix\u00ed com el suport dels patrocinadors. Ens sentim orgullosos de formar part d\u2019aquests espais d\u2019innovaci\u00f3 i col\u00b7laboraci\u00f3, i esperem continuar compartint aven\u00e7os en les properes trobades.<\/p>\n<\/div>\t\t\t\t\t\t\t\t<\/div>\n\t\t\t\t<\/div>\n\t\t\t\t\t<\/div>\n\t\t\t\t<\/div>\n\t\t\t\t<\/div>\n\t\t","protected":false},"excerpt":{"rendered":"<p>El Prof. Dr. Francisco Alonso, en representaci\u00f3 de l\u2019equip de DS4M Mediterr\u00e1neo, participa en la III edici\u00f3 del Mobility Summit &amp; Hackathon Val\u00e8ncia 2025 El Prof. Dr. Francisco Alonso, en representaci\u00f3 de l\u2019equip de DS4M Mediterr\u00e1neo, participa en la III edici\u00f3 del Mobility Summit &amp; Hackathon Val\u00e8ncia 2025 El Prof. Dr. Francisco Alonso, en representaci\u00f3 [&hellip;]<\/p>\n","protected":false},"author":1,"featured_media":0,"parent":0,"menu_order":0,"comment_status":"closed","ping_status":"closed","template":"","meta":{"footnotes":""},"class_list":["post-7225","page","type-page","status-publish","hentry"],"yoast_head":"<!-- This site is optimized with the Yoast SEO plugin v27.1.1 - https:\/\/yoast.com\/product\/yoast-seo-wordpress\/ -->\n<title>DS4M Mediterr\u00e1neo \u2013 Participaci\u00f3 en la III edici\u00f3 del Mobility Summit &amp; Hackathon Val\u00e8ncia 2025<\/title>\n<meta name=\"description\" content=\"El Prof. Dr. Francisco Alonso, en representaci\u00f3 del projecte DS4M Mediterr\u00e1neo, participa com a jurat en el Mobility Summit &amp; Hackathon Val\u00e8ncia 2025, un esdeveniment clau per impulsar la mobilitat intel\u00b7ligent i sostenible.\" \/>\n<meta name=\"robots\" content=\"index, follow, max-snippet:-1, max-image-preview:large, max-video-preview:-1\" \/>\n<link rel=\"canonical\" href=\"https:\/\/ds4mmed.uv.es\/index.php\/ca\/participacio-mobility-summit-hackathon-valencia-2025\/\" \/>\n<meta property=\"og:locale\" content=\"es_ES\" \/>\n<meta property=\"og:type\" content=\"article\" \/>\n<meta property=\"og:title\" content=\"DS4M Mediterr\u00e1neo \u2013 Participaci\u00f3 en la III edici\u00f3 del Mobility Summit &amp; Hackathon Val\u00e8ncia 2025\" \/>\n<meta property=\"og:description\" content=\"El Prof. Dr. Francisco Alonso, en representaci\u00f3 del projecte DS4M Mediterr\u00e1neo, participa com a jurat en el Mobility Summit &amp; Hackathon Val\u00e8ncia 2025, un esdeveniment clau per impulsar la mobilitat intel\u00b7ligent i sostenible.\" \/>\n<meta property=\"og:url\" content=\"https:\/\/ds4mmed.uv.es\/index.php\/ca\/participacio-mobility-summit-hackathon-valencia-2025\/\" \/>\n<meta property=\"og:site_name\" content=\"DS4M Mediterr\u00e1neo\" \/>\n<meta property=\"article:modified_time\" content=\"2025-11-26T09:12:35+00:00\" \/>\n<meta property=\"og:image\" content=\"https:\/\/ds4mmed.uv.es\/wp-content\/uploads\/2025\/11\/Noticia21-2.png\" \/>\n<meta name=\"twitter:card\" content=\"summary_large_image\" \/>\n<meta name=\"twitter:label1\" content=\"Tiempo de lectura\" \/>\n\t<meta name=\"twitter:data1\" content=\"2 minutos\" \/>\n<script type=\"application\/ld+json\" class=\"yoast-schema-graph\">{\"@context\":\"https:\/\/schema.org\",\"@graph\":[{\"@type\":\"WebPage\",\"@id\":\"https:\/\/ds4mmed.uv.es\/index.php\/ca\/participacio-mobility-summit-hackathon-valencia-2025\/\",\"url\":\"https:\/\/ds4mmed.uv.es\/index.php\/ca\/participacio-mobility-summit-hackathon-valencia-2025\/\",\"name\":\"DS4M Mediterr\u00e1neo \u2013 Participaci\u00f3 en la III edici\u00f3 del Mobility Summit & Hackathon Val\u00e8ncia 2025\",\"isPartOf\":{\"@id\":\"https:\/\/ds4mmed.uv.es\/#website\"},\"primaryImageOfPage\":{\"@id\":\"https:\/\/ds4mmed.uv.es\/index.php\/ca\/participacio-mobility-summit-hackathon-valencia-2025\/#primaryimage\"},\"image\":{\"@id\":\"https:\/\/ds4mmed.uv.es\/index.php\/ca\/participacio-mobility-summit-hackathon-valencia-2025\/#primaryimage\"},\"thumbnailUrl\":\"https:\/\/ds4mmed.uv.es\/wp-content\/uploads\/2025\/11\/Noticia21-2.png\",\"datePublished\":\"2025-11-19T10:01:53+00:00\",\"dateModified\":\"2025-11-26T09:12:35+00:00\",\"description\":\"El Prof. Dr. Francisco Alonso, en representaci\u00f3 del projecte DS4M Mediterr\u00e1neo, participa com a jurat en el Mobility Summit & Hackathon Val\u00e8ncia 2025, un esdeveniment clau per impulsar la mobilitat intel\u00b7ligent i sostenible.\",\"breadcrumb\":{\"@id\":\"https:\/\/ds4mmed.uv.es\/index.php\/ca\/participacio-mobility-summit-hackathon-valencia-2025\/#breadcrumb\"},\"inLanguage\":\"es\",\"potentialAction\":[{\"@type\":\"ReadAction\",\"target\":[\"https:\/\/ds4mmed.uv.es\/index.php\/ca\/participacio-mobility-summit-hackathon-valencia-2025\/\"]}]},{\"@type\":\"ImageObject\",\"inLanguage\":\"es\",\"@id\":\"https:\/\/ds4mmed.uv.es\/index.php\/ca\/participacio-mobility-summit-hackathon-valencia-2025\/#primaryimage\",\"url\":\"https:\/\/ds4mmed.uv.es\/wp-content\/uploads\/2025\/11\/Noticia21-2.png\",\"contentUrl\":\"https:\/\/ds4mmed.uv.es\/wp-content\/uploads\/2025\/11\/Noticia21-2.png\",\"width\":1080,\"height\":673},{\"@type\":\"BreadcrumbList\",\"@id\":\"https:\/\/ds4mmed.uv.es\/index.php\/ca\/participacio-mobility-summit-hackathon-valencia-2025\/#breadcrumb\",\"itemListElement\":[{\"@type\":\"ListItem\",\"position\":1,\"name\":\"Portada\",\"item\":\"https:\/\/ds4mmed.uv.es\/index.php\/es\/\"},{\"@type\":\"ListItem\",\"position\":2,\"name\":\"Noticia 21 &#8211; El Prof. Dr. Francisco Alonso, en representaci\u00f3 de l\u2019equip de DS4M Mediterr\u00e1neo, participa en la III edici\u00f3 del Mobility Summit &amp; Hackathon Val\u00e8ncia 2025\"}]},{\"@type\":\"WebSite\",\"@id\":\"https:\/\/ds4mmed.uv.es\/#website\",\"url\":\"https:\/\/ds4mmed.uv.es\/\",\"name\":\"DS4M Mediterr\u00e1neo\",\"description\":\"\",\"publisher\":{\"@id\":\"https:\/\/ds4mmed.uv.es\/#organization\"},\"potentialAction\":[{\"@type\":\"SearchAction\",\"target\":{\"@type\":\"EntryPoint\",\"urlTemplate\":\"https:\/\/ds4mmed.uv.es\/?s={search_term_string}\"},\"query-input\":{\"@type\":\"PropertyValueSpecification\",\"valueRequired\":true,\"valueName\":\"search_term_string\"}}],\"inLanguage\":\"es\"},{\"@type\":\"Organization\",\"@id\":\"https:\/\/ds4mmed.uv.es\/#organization\",\"name\":\"DS4M Mediterr\u00e1neo\",\"url\":\"https:\/\/ds4mmed.uv.es\/\",\"logo\":{\"@type\":\"ImageObject\",\"inLanguage\":\"es\",\"@id\":\"https:\/\/ds4mmed.uv.es\/#\/schema\/logo\/image\/\",\"url\":\"https:\/\/ds4mmed.uv.es\/wp-content\/uploads\/2025\/07\/Logo-cambio-resolucion-scaled.png\",\"contentUrl\":\"https:\/\/ds4mmed.uv.es\/wp-content\/uploads\/2025\/07\/Logo-cambio-resolucion-scaled.png\",\"width\":2560,\"height\":980,\"caption\":\"DS4M Mediterr\u00e1neo\"},\"image\":{\"@id\":\"https:\/\/ds4mmed.uv.es\/#\/schema\/logo\/image\/\"}}]}<\/script>\n<!-- \/ Yoast SEO plugin. -->","yoast_head_json":{"title":"DS4M Mediterr\u00e1neo \u2013 Participaci\u00f3 en la III edici\u00f3 del Mobility Summit & Hackathon Val\u00e8ncia 2025","description":"El Prof. Dr. Francisco Alonso, en representaci\u00f3 del projecte DS4M Mediterr\u00e1neo, participa com a jurat en el Mobility Summit & Hackathon Val\u00e8ncia 2025, un esdeveniment clau per impulsar la mobilitat intel\u00b7ligent i sostenible.","robots":{"index":"index","follow":"follow","max-snippet":"max-snippet:-1","max-image-preview":"max-image-preview:large","max-video-preview":"max-video-preview:-1"},"canonical":"https:\/\/ds4mmed.uv.es\/index.php\/ca\/participacio-mobility-summit-hackathon-valencia-2025\/","og_locale":"es_ES","og_type":"article","og_title":"DS4M Mediterr\u00e1neo \u2013 Participaci\u00f3 en la III edici\u00f3 del Mobility Summit & Hackathon Val\u00e8ncia 2025","og_description":"El Prof. Dr. Francisco Alonso, en representaci\u00f3 del projecte DS4M Mediterr\u00e1neo, participa com a jurat en el Mobility Summit & Hackathon Val\u00e8ncia 2025, un esdeveniment clau per impulsar la mobilitat intel\u00b7ligent i sostenible.","og_url":"https:\/\/ds4mmed.uv.es\/index.php\/ca\/participacio-mobility-summit-hackathon-valencia-2025\/","og_site_name":"DS4M Mediterr\u00e1neo","article_modified_time":"2025-11-26T09:12:35+00:00","og_image":[{"url":"https:\/\/ds4mmed.uv.es\/wp-content\/uploads\/2025\/11\/Noticia21-2.png","type":"","width":"","height":""}],"twitter_card":"summary_large_image","twitter_misc":{"Tiempo de lectura":"2 minutos"},"schema":{"@context":"https:\/\/schema.org","@graph":[{"@type":"WebPage","@id":"https:\/\/ds4mmed.uv.es\/index.php\/ca\/participacio-mobility-summit-hackathon-valencia-2025\/","url":"https:\/\/ds4mmed.uv.es\/index.php\/ca\/participacio-mobility-summit-hackathon-valencia-2025\/","name":"DS4M Mediterr\u00e1neo \u2013 Participaci\u00f3 en la III edici\u00f3 del Mobility Summit & Hackathon Val\u00e8ncia 2025","isPartOf":{"@id":"https:\/\/ds4mmed.uv.es\/#website"},"primaryImageOfPage":{"@id":"https:\/\/ds4mmed.uv.es\/index.php\/ca\/participacio-mobility-summit-hackathon-valencia-2025\/#primaryimage"},"image":{"@id":"https:\/\/ds4mmed.uv.es\/index.php\/ca\/participacio-mobility-summit-hackathon-valencia-2025\/#primaryimage"},"thumbnailUrl":"https:\/\/ds4mmed.uv.es\/wp-content\/uploads\/2025\/11\/Noticia21-2.png","datePublished":"2025-11-19T10:01:53+00:00","dateModified":"2025-11-26T09:12:35+00:00","description":"El Prof. Dr. Francisco Alonso, en representaci\u00f3 del projecte DS4M Mediterr\u00e1neo, participa com a jurat en el Mobility Summit & Hackathon Val\u00e8ncia 2025, un esdeveniment clau per impulsar la mobilitat intel\u00b7ligent i sostenible.","breadcrumb":{"@id":"https:\/\/ds4mmed.uv.es\/index.php\/ca\/participacio-mobility-summit-hackathon-valencia-2025\/#breadcrumb"},"inLanguage":"es","potentialAction":[{"@type":"ReadAction","target":["https:\/\/ds4mmed.uv.es\/index.php\/ca\/participacio-mobility-summit-hackathon-valencia-2025\/"]}]},{"@type":"ImageObject","inLanguage":"es","@id":"https:\/\/ds4mmed.uv.es\/index.php\/ca\/participacio-mobility-summit-hackathon-valencia-2025\/#primaryimage","url":"https:\/\/ds4mmed.uv.es\/wp-content\/uploads\/2025\/11\/Noticia21-2.png","contentUrl":"https:\/\/ds4mmed.uv.es\/wp-content\/uploads\/2025\/11\/Noticia21-2.png","width":1080,"height":673},{"@type":"BreadcrumbList","@id":"https:\/\/ds4mmed.uv.es\/index.php\/ca\/participacio-mobility-summit-hackathon-valencia-2025\/#breadcrumb","itemListElement":[{"@type":"ListItem","position":1,"name":"Portada","item":"https:\/\/ds4mmed.uv.es\/index.php\/es\/"},{"@type":"ListItem","position":2,"name":"Noticia 21 &#8211; El Prof. Dr. Francisco Alonso, en representaci\u00f3 de l\u2019equip de DS4M Mediterr\u00e1neo, participa en la III edici\u00f3 del Mobility Summit &amp; Hackathon Val\u00e8ncia 2025"}]},{"@type":"WebSite","@id":"https:\/\/ds4mmed.uv.es\/#website","url":"https:\/\/ds4mmed.uv.es\/","name":"DS4M Mediterr\u00e1neo","description":"","publisher":{"@id":"https:\/\/ds4mmed.uv.es\/#organization"},"potentialAction":[{"@type":"SearchAction","target":{"@type":"EntryPoint","urlTemplate":"https:\/\/ds4mmed.uv.es\/?s={search_term_string}"},"query-input":{"@type":"PropertyValueSpecification","valueRequired":true,"valueName":"search_term_string"}}],"inLanguage":"es"},{"@type":"Organization","@id":"https:\/\/ds4mmed.uv.es\/#organization","name":"DS4M Mediterr\u00e1neo","url":"https:\/\/ds4mmed.uv.es\/","logo":{"@type":"ImageObject","inLanguage":"es","@id":"https:\/\/ds4mmed.uv.es\/#\/schema\/logo\/image\/","url":"https:\/\/ds4mmed.uv.es\/wp-content\/uploads\/2025\/07\/Logo-cambio-resolucion-scaled.png","contentUrl":"https:\/\/ds4mmed.uv.es\/wp-content\/uploads\/2025\/07\/Logo-cambio-resolucion-scaled.png","width":2560,"height":980,"caption":"DS4M Mediterr\u00e1neo"},"image":{"@id":"https:\/\/ds4mmed.uv.es\/#\/schema\/logo\/image\/"}}]}},"_links":{"self":[{"href":"https:\/\/ds4mmed.uv.es\/index.php\/wp-json\/wp\/v2\/pages\/7225","targetHints":{"allow":["GET"]}}],"collection":[{"href":"https:\/\/ds4mmed.uv.es\/index.php\/wp-json\/wp\/v2\/pages"}],"about":[{"href":"https:\/\/ds4mmed.uv.es\/index.php\/wp-json\/wp\/v2\/types\/page"}],"author":[{"embeddable":true,"href":"https:\/\/ds4mmed.uv.es\/index.php\/wp-json\/wp\/v2\/users\/1"}],"replies":[{"embeddable":true,"href":"https:\/\/ds4mmed.uv.es\/index.php\/wp-json\/wp\/v2\/comments?post=7225"}],"version-history":[{"count":17,"href":"https:\/\/ds4mmed.uv.es\/index.php\/wp-json\/wp\/v2\/pages\/7225\/revisions"}],"predecessor-version":[{"id":9109,"href":"https:\/\/ds4mmed.uv.es\/index.php\/wp-json\/wp\/v2\/pages\/7225\/revisions\/9109"}],"wp:attachment":[{"href":"https:\/\/ds4mmed.uv.es\/index.php\/wp-json\/wp\/v2\/media?parent=7225"}],"curies":[{"name":"wp","href":"https:\/\/api.w.org\/{rel}","templated":true}]}}