{"id":7219,"date":"2025-11-19T11:00:46","date_gmt":"2025-11-19T10:00:46","guid":{"rendered":"https:\/\/ds4mmed.uv.es\/?page_id=7219"},"modified":"2025-11-26T09:46:11","modified_gmt":"2025-11-26T08:46:11","slug":"presentacio-ds4m-comissio-cultura-empresarial","status":"publish","type":"page","link":"https:\/\/ds4mmed.uv.es\/index.php\/ca\/presentacio-ds4m-comissio-cultura-empresarial\/","title":{"rendered":"Noticia 6 &#8211; El DS4M Mediterr\u00e1neo es presenta davant la Comissi\u00f3 Cient\u00edfic-T\u00e8cnica de la C\u00e0tedra de Cultura Empresarial"},"content":{"rendered":"\t\t<div data-elementor-type=\"wp-page\" data-elementor-id=\"7219\" class=\"elementor elementor-7219\">\n\t\t\t\t<div class=\"elementor-element elementor-element-6c62525 e-flex e-con-boxed e-con e-child\" data-id=\"6c62525\" data-element_type=\"container\" data-e-type=\"container\" data-settings=\"{&quot;background_background&quot;:&quot;classic&quot;}\">\n\t\t\t\t\t<div class=\"e-con-inner\">\n\t\t<div class=\"elementor-element elementor-element-6debc5d e-con-full e-flex e-con e-child\" data-id=\"6debc5d\" data-element_type=\"container\" data-e-type=\"container\">\n\t\t<div class=\"elementor-element elementor-element-3b5bf26 e-con-full e-flex elementor-invisible e-con e-child\" data-id=\"3b5bf26\" data-element_type=\"container\" data-e-type=\"container\" data-settings=\"{&quot;animation&quot;:&quot;fadeInLeft&quot;}\">\n\t\t\t\t<div class=\"elementor-element elementor-element-da9e6f3 elementor-widget elementor-widget-heading\" data-id=\"da9e6f3\" data-element_type=\"widget\" data-e-type=\"widget\" data-widget_type=\"heading.default\">\n\t\t\t\t\t<h1 class=\"elementor-heading-title elementor-size-default\">El DS4M Mediterr\u00e1neo es presenta davant la Comissi\u00f3 Cient\u00edfic-T\u00e8cnica de la C\u00e0tedra de Cultura Empresarial<\/h1>\t\t\t\t<\/div>\n\t\t\t\t<div class=\"elementor-element elementor-element-e2a4a87 elementor-icon-list--layout-inline elementor-align-center elementor-list-item-link-full_width elementor-widget elementor-widget-icon-list\" data-id=\"e2a4a87\" data-element_type=\"widget\" data-e-type=\"widget\" data-widget_type=\"icon-list.default\">\n\t\t\t\t\t\t\t<ul class=\"elementor-icon-list-items elementor-inline-items\">\n\t\t\t\t\t\t\t<li class=\"elementor-icon-list-item elementor-inline-item\">\n\t\t\t\t\t\t\t\t\t\t<span class=\"elementor-icon-list-text\">Publicat el 28 de gener de 2025<\/span>\n\t\t\t\t\t\t\t\t\t<\/li>\n\t\t\t\t\t\t<\/ul>\n\t\t\t\t\t\t<\/div>\n\t\t\t\t<\/div>\n\t\t\t\t<div class=\"elementor-element elementor-element-89ea136 elementor-invisible elementor-widget elementor-widget-image\" data-id=\"89ea136\" data-element_type=\"widget\" data-e-type=\"widget\" data-settings=\"{&quot;_animation&quot;:&quot;fadeInRight&quot;}\" data-widget_type=\"image.default\">\n\t\t\t\t\t\t\t\t\t\t\t\t\t\t\t<img fetchpriority=\"high\" decoding=\"async\" width=\"540\" height=\"378\" src=\"https:\/\/ds4mmed.uv.es\/wp-content\/uploads\/2025\/11\/Noticia21.png\" class=\"attachment-full size-full wp-image-3709\" alt=\"\" srcset=\"https:\/\/ds4mmed.uv.es\/wp-content\/uploads\/2025\/11\/Noticia21.png 540w, https:\/\/ds4mmed.uv.es\/wp-content\/uploads\/2025\/11\/Noticia21-300x210.png 300w\" sizes=\"(max-width: 540px) 100vw, 540px\" \/>\t\t\t\t\t\t\t\t\t\t\t\t\t\t\t<\/div>\n\t\t\t\t<\/div>\n\t\t<div class=\"elementor-element elementor-element-aac12f8 e-con-full e-flex elementor-invisible e-con e-child\" data-id=\"aac12f8\" data-element_type=\"container\" data-e-type=\"container\" data-settings=\"{&quot;animation&quot;:&quot;fadeInUp&quot;}\">\n\t\t\t\t<div class=\"elementor-element elementor-element-0c8df65 elementor-widget__width-initial elementor-widget-mobile__width-inherit elementor-widget-tablet__width-inherit elementor-widget elementor-widget-text-editor\" data-id=\"0c8df65\" data-element_type=\"widget\" data-e-type=\"widget\" data-widget_type=\"text-editor.default\">\n\t\t\t\t\t\t\t\t\t<div class=\"ewa-rteLine\">\n<p data-start=\"152\" data-end=\"385\">El Dr. Francisco Alonso, director de l\u2019INTRAS, ha assistit a la reuni\u00f3 de la Comissi\u00f3 Cient\u00edfic-T\u00e8cnica de la C\u00e0tedra de Cultura Empresarial de la Universitat de Val\u00e8ncia, celebrada el 28 de gener de 2025, com a membre de la mateixa.<\/p>\n<p data-start=\"387\" data-end=\"701\">La C\u00e0tedra de Cultura Empresarial (CCE), dins del marc de la Fundaci\u00f3 Universitat Empresa ADEIT de la Universitat de Val\u00e8ncia, t\u00e9 com a objectiu \u00faltim la \u201ctransmissi\u00f3 del coneixement del f\u00f2rum universitari cap al teixit empresarial valenci\u00e0 i la inoculaci\u00f3 de la cultura empresarial en el col\u00b7lectiu universitari\u201d.<\/p>\n<p data-start=\"703\" data-end=\"895\" data-is-last-node=\"\" data-is-only-node=\"\">En aquest marc d\u2019innovaci\u00f3, es va explicar als assistents el nou projecte DS4M Mediterr\u00e1neo, que constituir\u00e0 un nou paradigma en la gesti\u00f3 de les dades de mobilitat de les zones implicades.<\/p>\n<\/div>\t\t\t\t\t\t\t\t<\/div>\n\t\t\t\t<\/div>\n\t\t\t\t\t<\/div>\n\t\t\t\t<\/div>\n\t\t\t\t<\/div>\n\t\t","protected":false},"excerpt":{"rendered":"<p>El DS4M Mediterr\u00e1neo es presenta davant la Comissi\u00f3 Cient\u00edfic-T\u00e8cnica de la C\u00e0tedra de Cultura Empresarial Publicat el 28 de gener de 2025 El Dr. Francisco Alonso, director de l\u2019INTRAS, ha assistit a la reuni\u00f3 de la Comissi\u00f3 Cient\u00edfic-T\u00e8cnica de la C\u00e0tedra de Cultura Empresarial de la Universitat de Val\u00e8ncia, celebrada el 28 de gener de [&hellip;]<\/p>\n","protected":false},"author":1,"featured_media":0,"parent":0,"menu_order":0,"comment_status":"closed","ping_status":"closed","template":"","meta":{"footnotes":""},"class_list":["post-7219","page","type-page","status-publish","hentry"],"yoast_head":"<!-- This site is optimized with the Yoast SEO plugin v27.1.1 - https:\/\/yoast.com\/product\/yoast-seo-wordpress\/ -->\n<title>DS4M Mediterr\u00e1neo \u2013 Presentaci\u00f3 davant la Comissi\u00f3 Cient\u00edfic-T\u00e8cnica de la C\u00e0tedra de Cultura Empresarial<\/title>\n<meta name=\"description\" content=\"El DS4M Mediterr\u00e1neo es presenta davant la Comissi\u00f3 Cient\u00edfic-T\u00e8cnica de la C\u00e0tedra de Cultura Empresarial de la Universitat de Val\u00e8ncia, destacant el seu paper com a nou paradigma en la gesti\u00f3 de dades de mobilitat al Corredor Mediterrani.\" \/>\n<meta name=\"robots\" content=\"index, follow, max-snippet:-1, max-image-preview:large, max-video-preview:-1\" \/>\n<link rel=\"canonical\" href=\"https:\/\/ds4mmed.uv.es\/index.php\/ca\/presentacio-ds4m-comissio-cultura-empresarial\/\" \/>\n<meta property=\"og:locale\" content=\"es_ES\" \/>\n<meta property=\"og:type\" content=\"article\" \/>\n<meta property=\"og:title\" content=\"DS4M Mediterr\u00e1neo \u2013 Presentaci\u00f3 davant la Comissi\u00f3 Cient\u00edfic-T\u00e8cnica de la C\u00e0tedra de Cultura Empresarial\" \/>\n<meta property=\"og:description\" content=\"El DS4M Mediterr\u00e1neo es presenta davant la Comissi\u00f3 Cient\u00edfic-T\u00e8cnica de la C\u00e0tedra de Cultura Empresarial de la Universitat de Val\u00e8ncia, destacant el seu paper com a nou paradigma en la gesti\u00f3 de dades de mobilitat al Corredor Mediterrani.\" \/>\n<meta property=\"og:url\" content=\"https:\/\/ds4mmed.uv.es\/index.php\/ca\/presentacio-ds4m-comissio-cultura-empresarial\/\" \/>\n<meta property=\"og:site_name\" content=\"DS4M Mediterr\u00e1neo\" \/>\n<meta property=\"article:modified_time\" content=\"2025-11-26T08:46:11+00:00\" \/>\n<meta property=\"og:image\" content=\"https:\/\/ds4mmed.uv.es\/wp-content\/uploads\/2025\/11\/Noticia21.png\" \/>\n<meta name=\"twitter:card\" content=\"summary_large_image\" \/>\n<meta name=\"twitter:label1\" content=\"Tiempo de lectura\" \/>\n\t<meta name=\"twitter:data1\" content=\"1 minuto\" \/>\n<script type=\"application\/ld+json\" class=\"yoast-schema-graph\">{\"@context\":\"https:\/\/schema.org\",\"@graph\":[{\"@type\":\"WebPage\",\"@id\":\"https:\/\/ds4mmed.uv.es\/index.php\/ca\/presentacio-ds4m-comissio-cultura-empresarial\/\",\"url\":\"https:\/\/ds4mmed.uv.es\/index.php\/ca\/presentacio-ds4m-comissio-cultura-empresarial\/\",\"name\":\"DS4M Mediterr\u00e1neo \u2013 Presentaci\u00f3 davant la Comissi\u00f3 Cient\u00edfic-T\u00e8cnica de la C\u00e0tedra de Cultura Empresarial\",\"isPartOf\":{\"@id\":\"https:\/\/ds4mmed.uv.es\/#website\"},\"primaryImageOfPage\":{\"@id\":\"https:\/\/ds4mmed.uv.es\/index.php\/ca\/presentacio-ds4m-comissio-cultura-empresarial\/#primaryimage\"},\"image\":{\"@id\":\"https:\/\/ds4mmed.uv.es\/index.php\/ca\/presentacio-ds4m-comissio-cultura-empresarial\/#primaryimage\"},\"thumbnailUrl\":\"https:\/\/ds4mmed.uv.es\/wp-content\/uploads\/2025\/11\/Noticia21.png\",\"datePublished\":\"2025-11-19T10:00:46+00:00\",\"dateModified\":\"2025-11-26T08:46:11+00:00\",\"description\":\"El DS4M Mediterr\u00e1neo es presenta davant la Comissi\u00f3 Cient\u00edfic-T\u00e8cnica de la C\u00e0tedra de Cultura Empresarial de la Universitat de Val\u00e8ncia, destacant el seu paper com a nou paradigma en la gesti\u00f3 de dades de mobilitat al Corredor Mediterrani.\",\"breadcrumb\":{\"@id\":\"https:\/\/ds4mmed.uv.es\/index.php\/ca\/presentacio-ds4m-comissio-cultura-empresarial\/#breadcrumb\"},\"inLanguage\":\"es\",\"potentialAction\":[{\"@type\":\"ReadAction\",\"target\":[\"https:\/\/ds4mmed.uv.es\/index.php\/ca\/presentacio-ds4m-comissio-cultura-empresarial\/\"]}]},{\"@type\":\"ImageObject\",\"inLanguage\":\"es\",\"@id\":\"https:\/\/ds4mmed.uv.es\/index.php\/ca\/presentacio-ds4m-comissio-cultura-empresarial\/#primaryimage\",\"url\":\"https:\/\/ds4mmed.uv.es\/wp-content\/uploads\/2025\/11\/Noticia21.png\",\"contentUrl\":\"https:\/\/ds4mmed.uv.es\/wp-content\/uploads\/2025\/11\/Noticia21.png\",\"width\":540,\"height\":378},{\"@type\":\"BreadcrumbList\",\"@id\":\"https:\/\/ds4mmed.uv.es\/index.php\/ca\/presentacio-ds4m-comissio-cultura-empresarial\/#breadcrumb\",\"itemListElement\":[{\"@type\":\"ListItem\",\"position\":1,\"name\":\"Portada\",\"item\":\"https:\/\/ds4mmed.uv.es\/index.php\/es\/\"},{\"@type\":\"ListItem\",\"position\":2,\"name\":\"Noticia 6 &#8211; El DS4M Mediterr\u00e1neo es presenta davant la Comissi\u00f3 Cient\u00edfic-T\u00e8cnica de la C\u00e0tedra de Cultura Empresarial\"}]},{\"@type\":\"WebSite\",\"@id\":\"https:\/\/ds4mmed.uv.es\/#website\",\"url\":\"https:\/\/ds4mmed.uv.es\/\",\"name\":\"DS4M Mediterr\u00e1neo\",\"description\":\"\",\"publisher\":{\"@id\":\"https:\/\/ds4mmed.uv.es\/#organization\"},\"potentialAction\":[{\"@type\":\"SearchAction\",\"target\":{\"@type\":\"EntryPoint\",\"urlTemplate\":\"https:\/\/ds4mmed.uv.es\/?s={search_term_string}\"},\"query-input\":{\"@type\":\"PropertyValueSpecification\",\"valueRequired\":true,\"valueName\":\"search_term_string\"}}],\"inLanguage\":\"es\"},{\"@type\":\"Organization\",\"@id\":\"https:\/\/ds4mmed.uv.es\/#organization\",\"name\":\"DS4M Mediterr\u00e1neo\",\"url\":\"https:\/\/ds4mmed.uv.es\/\",\"logo\":{\"@type\":\"ImageObject\",\"inLanguage\":\"es\",\"@id\":\"https:\/\/ds4mmed.uv.es\/#\/schema\/logo\/image\/\",\"url\":\"https:\/\/ds4mmed.uv.es\/wp-content\/uploads\/2025\/07\/Logo-cambio-resolucion-scaled.png\",\"contentUrl\":\"https:\/\/ds4mmed.uv.es\/wp-content\/uploads\/2025\/07\/Logo-cambio-resolucion-scaled.png\",\"width\":2560,\"height\":980,\"caption\":\"DS4M Mediterr\u00e1neo\"},\"image\":{\"@id\":\"https:\/\/ds4mmed.uv.es\/#\/schema\/logo\/image\/\"}}]}<\/script>\n<!-- \/ Yoast SEO plugin. -->","yoast_head_json":{"title":"DS4M Mediterr\u00e1neo \u2013 Presentaci\u00f3 davant la Comissi\u00f3 Cient\u00edfic-T\u00e8cnica de la C\u00e0tedra de Cultura Empresarial","description":"El DS4M Mediterr\u00e1neo es presenta davant la Comissi\u00f3 Cient\u00edfic-T\u00e8cnica de la C\u00e0tedra de Cultura Empresarial de la Universitat de Val\u00e8ncia, destacant el seu paper com a nou paradigma en la gesti\u00f3 de dades de mobilitat al Corredor Mediterrani.","robots":{"index":"index","follow":"follow","max-snippet":"max-snippet:-1","max-image-preview":"max-image-preview:large","max-video-preview":"max-video-preview:-1"},"canonical":"https:\/\/ds4mmed.uv.es\/index.php\/ca\/presentacio-ds4m-comissio-cultura-empresarial\/","og_locale":"es_ES","og_type":"article","og_title":"DS4M Mediterr\u00e1neo \u2013 Presentaci\u00f3 davant la Comissi\u00f3 Cient\u00edfic-T\u00e8cnica de la C\u00e0tedra de Cultura Empresarial","og_description":"El DS4M Mediterr\u00e1neo es presenta davant la Comissi\u00f3 Cient\u00edfic-T\u00e8cnica de la C\u00e0tedra de Cultura Empresarial de la Universitat de Val\u00e8ncia, destacant el seu paper com a nou paradigma en la gesti\u00f3 de dades de mobilitat al Corredor Mediterrani.","og_url":"https:\/\/ds4mmed.uv.es\/index.php\/ca\/presentacio-ds4m-comissio-cultura-empresarial\/","og_site_name":"DS4M Mediterr\u00e1neo","article_modified_time":"2025-11-26T08:46:11+00:00","og_image":[{"url":"https:\/\/ds4mmed.uv.es\/wp-content\/uploads\/2025\/11\/Noticia21.png","type":"","width":"","height":""}],"twitter_card":"summary_large_image","twitter_misc":{"Tiempo de lectura":"1 minuto"},"schema":{"@context":"https:\/\/schema.org","@graph":[{"@type":"WebPage","@id":"https:\/\/ds4mmed.uv.es\/index.php\/ca\/presentacio-ds4m-comissio-cultura-empresarial\/","url":"https:\/\/ds4mmed.uv.es\/index.php\/ca\/presentacio-ds4m-comissio-cultura-empresarial\/","name":"DS4M Mediterr\u00e1neo \u2013 Presentaci\u00f3 davant la Comissi\u00f3 Cient\u00edfic-T\u00e8cnica de la C\u00e0tedra de Cultura Empresarial","isPartOf":{"@id":"https:\/\/ds4mmed.uv.es\/#website"},"primaryImageOfPage":{"@id":"https:\/\/ds4mmed.uv.es\/index.php\/ca\/presentacio-ds4m-comissio-cultura-empresarial\/#primaryimage"},"image":{"@id":"https:\/\/ds4mmed.uv.es\/index.php\/ca\/presentacio-ds4m-comissio-cultura-empresarial\/#primaryimage"},"thumbnailUrl":"https:\/\/ds4mmed.uv.es\/wp-content\/uploads\/2025\/11\/Noticia21.png","datePublished":"2025-11-19T10:00:46+00:00","dateModified":"2025-11-26T08:46:11+00:00","description":"El DS4M Mediterr\u00e1neo es presenta davant la Comissi\u00f3 Cient\u00edfic-T\u00e8cnica de la C\u00e0tedra de Cultura Empresarial de la Universitat de Val\u00e8ncia, destacant el seu paper com a nou paradigma en la gesti\u00f3 de dades de mobilitat al Corredor Mediterrani.","breadcrumb":{"@id":"https:\/\/ds4mmed.uv.es\/index.php\/ca\/presentacio-ds4m-comissio-cultura-empresarial\/#breadcrumb"},"inLanguage":"es","potentialAction":[{"@type":"ReadAction","target":["https:\/\/ds4mmed.uv.es\/index.php\/ca\/presentacio-ds4m-comissio-cultura-empresarial\/"]}]},{"@type":"ImageObject","inLanguage":"es","@id":"https:\/\/ds4mmed.uv.es\/index.php\/ca\/presentacio-ds4m-comissio-cultura-empresarial\/#primaryimage","url":"https:\/\/ds4mmed.uv.es\/wp-content\/uploads\/2025\/11\/Noticia21.png","contentUrl":"https:\/\/ds4mmed.uv.es\/wp-content\/uploads\/2025\/11\/Noticia21.png","width":540,"height":378},{"@type":"BreadcrumbList","@id":"https:\/\/ds4mmed.uv.es\/index.php\/ca\/presentacio-ds4m-comissio-cultura-empresarial\/#breadcrumb","itemListElement":[{"@type":"ListItem","position":1,"name":"Portada","item":"https:\/\/ds4mmed.uv.es\/index.php\/es\/"},{"@type":"ListItem","position":2,"name":"Noticia 6 &#8211; El DS4M Mediterr\u00e1neo es presenta davant la Comissi\u00f3 Cient\u00edfic-T\u00e8cnica de la C\u00e0tedra de Cultura Empresarial"}]},{"@type":"WebSite","@id":"https:\/\/ds4mmed.uv.es\/#website","url":"https:\/\/ds4mmed.uv.es\/","name":"DS4M Mediterr\u00e1neo","description":"","publisher":{"@id":"https:\/\/ds4mmed.uv.es\/#organization"},"potentialAction":[{"@type":"SearchAction","target":{"@type":"EntryPoint","urlTemplate":"https:\/\/ds4mmed.uv.es\/?s={search_term_string}"},"query-input":{"@type":"PropertyValueSpecification","valueRequired":true,"valueName":"search_term_string"}}],"inLanguage":"es"},{"@type":"Organization","@id":"https:\/\/ds4mmed.uv.es\/#organization","name":"DS4M Mediterr\u00e1neo","url":"https:\/\/ds4mmed.uv.es\/","logo":{"@type":"ImageObject","inLanguage":"es","@id":"https:\/\/ds4mmed.uv.es\/#\/schema\/logo\/image\/","url":"https:\/\/ds4mmed.uv.es\/wp-content\/uploads\/2025\/07\/Logo-cambio-resolucion-scaled.png","contentUrl":"https:\/\/ds4mmed.uv.es\/wp-content\/uploads\/2025\/07\/Logo-cambio-resolucion-scaled.png","width":2560,"height":980,"caption":"DS4M Mediterr\u00e1neo"},"image":{"@id":"https:\/\/ds4mmed.uv.es\/#\/schema\/logo\/image\/"}}]}},"_links":{"self":[{"href":"https:\/\/ds4mmed.uv.es\/index.php\/wp-json\/wp\/v2\/pages\/7219","targetHints":{"allow":["GET"]}}],"collection":[{"href":"https:\/\/ds4mmed.uv.es\/index.php\/wp-json\/wp\/v2\/pages"}],"about":[{"href":"https:\/\/ds4mmed.uv.es\/index.php\/wp-json\/wp\/v2\/types\/page"}],"author":[{"embeddable":true,"href":"https:\/\/ds4mmed.uv.es\/index.php\/wp-json\/wp\/v2\/users\/1"}],"replies":[{"embeddable":true,"href":"https:\/\/ds4mmed.uv.es\/index.php\/wp-json\/wp\/v2\/comments?post=7219"}],"version-history":[{"count":18,"href":"https:\/\/ds4mmed.uv.es\/index.php\/wp-json\/wp\/v2\/pages\/7219\/revisions"}],"predecessor-version":[{"id":9038,"href":"https:\/\/ds4mmed.uv.es\/index.php\/wp-json\/wp\/v2\/pages\/7219\/revisions\/9038"}],"wp:attachment":[{"href":"https:\/\/ds4mmed.uv.es\/index.php\/wp-json\/wp\/v2\/media?parent=7219"}],"curies":[{"name":"wp","href":"https:\/\/api.w.org\/{rel}","templated":true}]}}