{"id":7196,"date":"2025-11-19T10:58:35","date_gmt":"2025-11-19T09:58:35","guid":{"rendered":"https:\/\/ds4mmed.uv.es\/?page_id=7196"},"modified":"2025-11-26T10:13:31","modified_gmt":"2025-11-26T09:13:31","slug":"ampliacio-preinscripcio-diploma-mobilitat-intel-ligent","status":"publish","type":"page","link":"https:\/\/ds4mmed.uv.es\/index.php\/ca\/ampliacio-preinscripcio-diploma-mobilitat-intel-ligent\/","title":{"rendered":"Noticia 20 &#8211; Ampliaci\u00f3 del per\u00edode de preinscripci\u00f3 al Diploma d\u2019Especialitzaci\u00f3 en Gesti\u00f3 de la Mobilitat Intel\u00b7ligent i Espais de Dades"},"content":{"rendered":"\t\t<div data-elementor-type=\"wp-page\" data-elementor-id=\"7196\" class=\"elementor elementor-7196\">\n\t\t\t\t<div class=\"elementor-element elementor-element-6c62525 e-flex e-con-boxed e-con e-child\" data-id=\"6c62525\" data-element_type=\"container\" data-e-type=\"container\" data-settings=\"{&quot;background_background&quot;:&quot;classic&quot;}\">\n\t\t\t\t\t<div class=\"e-con-inner\">\n\t\t<div class=\"elementor-element elementor-element-6debc5d e-con-full e-flex e-con e-child\" data-id=\"6debc5d\" data-element_type=\"container\" data-e-type=\"container\">\n\t\t<div class=\"elementor-element elementor-element-3b5bf26 e-con-full e-flex elementor-invisible e-con e-child\" data-id=\"3b5bf26\" data-element_type=\"container\" data-e-type=\"container\" data-settings=\"{&quot;animation&quot;:&quot;fadeInLeft&quot;}\">\n\t\t\t\t<div class=\"elementor-element elementor-element-da9e6f3 elementor-widget elementor-widget-heading\" data-id=\"da9e6f3\" data-element_type=\"widget\" data-e-type=\"widget\" data-widget_type=\"heading.default\">\n\t\t\t\t\t<h1 class=\"elementor-heading-title elementor-size-default\"><p>Ampliaci\u00f3 del per\u00edode de preinscripci\u00f3 al Diploma d\u2019Especialitzaci\u00f3 en Gesti\u00f3 de la Mobilitat Intel\u00b7ligent i Espais de Dades<span style=\"letter-spacing: -1.12px\"><\/span><\/p><\/h1>\t\t\t\t<\/div>\n\t\t\t\t<div class=\"elementor-element elementor-element-e2a4a87 elementor-icon-list--layout-inline elementor-align-center elementor-list-item-link-full_width elementor-widget elementor-widget-icon-list\" data-id=\"e2a4a87\" data-element_type=\"widget\" data-e-type=\"widget\" data-widget_type=\"icon-list.default\">\n\t\t\t\t\t\t\t<ul class=\"elementor-icon-list-items elementor-inline-items\">\n\t\t\t\t\t\t\t<li class=\"elementor-icon-list-item elementor-inline-item\">\n\t\t\t\t\t\t\t\t\t\t<span class=\"elementor-icon-list-text\">Publicat el<\/span>\n\t\t\t\t\t\t\t\t\t<\/li>\n\t\t\t\t\t\t\t\t<li class=\"elementor-icon-list-item elementor-inline-item\">\n\t\t\t\t\t\t\t\t\t\t<span class=\"elementor-icon-list-text\">10 de setembre de 2025<\/span>\n\t\t\t\t\t\t\t\t\t<\/li>\n\t\t\t\t\t\t<\/ul>\n\t\t\t\t\t\t<\/div>\n\t\t\t\t<\/div>\n\t\t\t\t<div class=\"elementor-element elementor-element-89ea136 elementor-invisible elementor-widget elementor-widget-image\" data-id=\"89ea136\" data-element_type=\"widget\" data-e-type=\"widget\" data-settings=\"{&quot;_animation&quot;:&quot;fadeInRight&quot;}\" data-widget_type=\"image.default\">\n\t\t\t\t\t\t\t\t\t\t\t\t\t\t\t<img fetchpriority=\"high\" decoding=\"async\" width=\"800\" height=\"575\" src=\"https:\/\/ds4mmed.uv.es\/wp-content\/uploads\/2025\/11\/Noticia-20.png\" class=\"attachment-full size-full wp-image-4679\" alt=\"\" srcset=\"https:\/\/ds4mmed.uv.es\/wp-content\/uploads\/2025\/11\/Noticia-20.png 800w, https:\/\/ds4mmed.uv.es\/wp-content\/uploads\/2025\/11\/Noticia-20-300x216.png 300w, https:\/\/ds4mmed.uv.es\/wp-content\/uploads\/2025\/11\/Noticia-20-768x552.png 768w\" sizes=\"(max-width: 800px) 100vw, 800px\" \/>\t\t\t\t\t\t\t\t\t\t\t\t\t\t\t<\/div>\n\t\t\t\t<\/div>\n\t\t<div class=\"elementor-element elementor-element-aac12f8 e-con-full e-flex elementor-invisible e-con e-child\" data-id=\"aac12f8\" data-element_type=\"container\" data-e-type=\"container\" data-settings=\"{&quot;animation&quot;:&quot;fadeInUp&quot;}\">\n\t\t\t\t<div class=\"elementor-element elementor-element-0c8df65 elementor-widget__width-initial elementor-widget-mobile__width-inherit elementor-widget-tablet__width-inherit elementor-widget elementor-widget-text-editor\" data-id=\"0c8df65\" data-element_type=\"widget\" data-e-type=\"widget\" data-widget_type=\"text-editor.default\">\n\t\t\t\t\t\t\t\t\t<div class=\"ewa-rteLine\">\n<p>La preinscripci\u00f3 al Diploma d\u2019Especialitzaci\u00f3 en Gesti\u00f3 de la Mobilitat Intel\u00b7ligent i Espais de Dades s\u2019ha ampliat fins al 30 de setembre.<br>L\u2019objectiu principal d\u2019aquesta especialitzaci\u00f3 \u00e9s formar perfils capa\u00e7os de liderar la transformaci\u00f3 digital de la mobilitat des d\u2019un enfocament pr\u00e0ctic, estrat\u00e8gic i amb visi\u00f3 de futur.<\/p>\n<p>Aquest programa est\u00e0 dirigit a:<\/p>\n<ul>\n<li>\n<p>T\u00e8cnics d\u2019administracions p\u00fabliques<\/p>\n<\/li>\n<li>\n<p>Operadors i empreses del sector transport<\/p>\n<\/li>\n<li>\n<p>Professionals interessats en mobilitat, dades i innovaci\u00f3<\/p>\n<\/li>\n<\/ul>\n<p>Durant el curs s\u2019abordaran temes clau com:<\/p>\n<ol>\n<li>\n<p>Planificaci\u00f3 i operaci\u00f3 de Intelligent Transport System (ITS)<\/p>\n<\/li>\n<li>\n<p>Gesti\u00f3 completa de la dada: des de la recopilaci\u00f3 fins a l\u2019an\u00e0lisi<\/p>\n<\/li>\n<li>\n<p>Disseny i implementaci\u00f3 de solucions MaaS (Mobility as a Service)<\/p>\n<\/li>\n<li>\n<p>Models de negoci, estructura de mercat i tend\u00e8ncies en mobilitat<\/p>\n<\/li>\n<\/ol>\n<\/div>\t\t\t\t\t\t\t\t<\/div>\n\t\t\t\t<\/div>\n\t\t\t\t\t<\/div>\n\t\t\t\t<\/div>\n\t\t\t\t<\/div>\n\t\t","protected":false},"excerpt":{"rendered":"<p>Ampliaci\u00f3 del per\u00edode de preinscripci\u00f3 al Diploma d\u2019Especialitzaci\u00f3 en Gesti\u00f3 de la Mobilitat Intel\u00b7ligent i Espais de Dades Publicat el 10 de setembre de 2025 La preinscripci\u00f3 al Diploma d\u2019Especialitzaci\u00f3 en Gesti\u00f3 de la Mobilitat Intel\u00b7ligent i Espais de Dades s\u2019ha ampliat fins al 30 de setembre.L\u2019objectiu principal d\u2019aquesta especialitzaci\u00f3 \u00e9s formar perfils capa\u00e7os de [&hellip;]<\/p>\n","protected":false},"author":1,"featured_media":0,"parent":0,"menu_order":0,"comment_status":"closed","ping_status":"closed","template":"","meta":{"footnotes":""},"class_list":["post-7196","page","type-page","status-publish","hentry"],"yoast_head":"<!-- This site is optimized with the Yoast SEO plugin v27.4 - https:\/\/yoast.com\/product\/yoast-seo-wordpress\/ -->\n<title>DS4M Mediterr\u00e1neo \u2013 Ampliaci\u00f3 del per\u00edode de preinscripci\u00f3 al Diploma d\u2019Especialitzaci\u00f3 en Mobilitat Intel\u00b7ligent<\/title>\n<meta name=\"description\" content=\"S\u2019amplia fins al 30 de setembre el per\u00edode de preinscripci\u00f3 del Diploma d\u2019Especialitzaci\u00f3 en Gesti\u00f3 de la Mobilitat Intel\u00b7ligent i Espais de Dades, una formaci\u00f3 clau per a professionals de la mobilitat, les dades i la innovaci\u00f3.\" \/>\n<meta name=\"robots\" content=\"index, follow, max-snippet:-1, max-image-preview:large, max-video-preview:-1\" \/>\n<link rel=\"canonical\" href=\"https:\/\/ds4mmed.uv.es\/index.php\/ca\/ampliacio-preinscripcio-diploma-mobilitat-intel-ligent\/\" \/>\n<meta property=\"og:locale\" content=\"es_ES\" \/>\n<meta property=\"og:type\" content=\"article\" \/>\n<meta property=\"og:title\" content=\"DS4M Mediterr\u00e1neo \u2013 Ampliaci\u00f3 del per\u00edode de preinscripci\u00f3 al Diploma d\u2019Especialitzaci\u00f3 en Mobilitat Intel\u00b7ligent\" \/>\n<meta property=\"og:description\" content=\"S\u2019amplia fins al 30 de setembre el per\u00edode de preinscripci\u00f3 del Diploma d\u2019Especialitzaci\u00f3 en Gesti\u00f3 de la Mobilitat Intel\u00b7ligent i Espais de Dades, una formaci\u00f3 clau per a professionals de la mobilitat, les dades i la innovaci\u00f3.\" \/>\n<meta property=\"og:url\" content=\"https:\/\/ds4mmed.uv.es\/index.php\/ca\/ampliacio-preinscripcio-diploma-mobilitat-intel-ligent\/\" \/>\n<meta property=\"og:site_name\" content=\"DS4M Mediterr\u00e1neo\" \/>\n<meta property=\"article:modified_time\" content=\"2025-11-26T09:13:31+00:00\" \/>\n<meta property=\"og:image\" content=\"https:\/\/ds4mmed.uv.es\/wp-content\/uploads\/2025\/11\/Noticia-20.png\" \/>\n<meta name=\"twitter:card\" content=\"summary_large_image\" \/>\n<meta name=\"twitter:label1\" content=\"Tiempo de lectura\" \/>\n\t<meta name=\"twitter:data1\" content=\"1 minuto\" \/>\n<script type=\"application\/ld+json\" class=\"yoast-schema-graph\">{\"@context\":\"https:\\\/\\\/schema.org\",\"@graph\":[{\"@type\":\"WebPage\",\"@id\":\"https:\\\/\\\/ds4mmed.uv.es\\\/index.php\\\/ca\\\/ampliacio-preinscripcio-diploma-mobilitat-intel-ligent\\\/\",\"url\":\"https:\\\/\\\/ds4mmed.uv.es\\\/index.php\\\/ca\\\/ampliacio-preinscripcio-diploma-mobilitat-intel-ligent\\\/\",\"name\":\"DS4M Mediterr\u00e1neo \u2013 Ampliaci\u00f3 del per\u00edode de preinscripci\u00f3 al Diploma d\u2019Especialitzaci\u00f3 en Mobilitat Intel\u00b7ligent\",\"isPartOf\":{\"@id\":\"https:\\\/\\\/ds4mmed.uv.es\\\/#website\"},\"primaryImageOfPage\":{\"@id\":\"https:\\\/\\\/ds4mmed.uv.es\\\/index.php\\\/ca\\\/ampliacio-preinscripcio-diploma-mobilitat-intel-ligent\\\/#primaryimage\"},\"image\":{\"@id\":\"https:\\\/\\\/ds4mmed.uv.es\\\/index.php\\\/ca\\\/ampliacio-preinscripcio-diploma-mobilitat-intel-ligent\\\/#primaryimage\"},\"thumbnailUrl\":\"https:\\\/\\\/ds4mmed.uv.es\\\/wp-content\\\/uploads\\\/2025\\\/11\\\/Noticia-20.png\",\"datePublished\":\"2025-11-19T09:58:35+00:00\",\"dateModified\":\"2025-11-26T09:13:31+00:00\",\"description\":\"S\u2019amplia fins al 30 de setembre el per\u00edode de preinscripci\u00f3 del Diploma d\u2019Especialitzaci\u00f3 en Gesti\u00f3 de la Mobilitat Intel\u00b7ligent i Espais de Dades, una formaci\u00f3 clau per a professionals de la mobilitat, les dades i la innovaci\u00f3.\",\"breadcrumb\":{\"@id\":\"https:\\\/\\\/ds4mmed.uv.es\\\/index.php\\\/ca\\\/ampliacio-preinscripcio-diploma-mobilitat-intel-ligent\\\/#breadcrumb\"},\"inLanguage\":\"es\",\"potentialAction\":[{\"@type\":\"ReadAction\",\"target\":[\"https:\\\/\\\/ds4mmed.uv.es\\\/index.php\\\/ca\\\/ampliacio-preinscripcio-diploma-mobilitat-intel-ligent\\\/\"]}]},{\"@type\":\"ImageObject\",\"inLanguage\":\"es\",\"@id\":\"https:\\\/\\\/ds4mmed.uv.es\\\/index.php\\\/ca\\\/ampliacio-preinscripcio-diploma-mobilitat-intel-ligent\\\/#primaryimage\",\"url\":\"https:\\\/\\\/ds4mmed.uv.es\\\/wp-content\\\/uploads\\\/2025\\\/11\\\/Noticia-20.png\",\"contentUrl\":\"https:\\\/\\\/ds4mmed.uv.es\\\/wp-content\\\/uploads\\\/2025\\\/11\\\/Noticia-20.png\",\"width\":800,\"height\":575},{\"@type\":\"BreadcrumbList\",\"@id\":\"https:\\\/\\\/ds4mmed.uv.es\\\/index.php\\\/ca\\\/ampliacio-preinscripcio-diploma-mobilitat-intel-ligent\\\/#breadcrumb\",\"itemListElement\":[{\"@type\":\"ListItem\",\"position\":1,\"name\":\"Portada\",\"item\":\"https:\\\/\\\/ds4mmed.uv.es\\\/index.php\\\/es\\\/\"},{\"@type\":\"ListItem\",\"position\":2,\"name\":\"Noticia 20 &#8211; Ampliaci\u00f3 del per\u00edode de preinscripci\u00f3 al Diploma d\u2019Especialitzaci\u00f3 en Gesti\u00f3 de la Mobilitat Intel\u00b7ligent i Espais de Dades\"}]},{\"@type\":\"WebSite\",\"@id\":\"https:\\\/\\\/ds4mmed.uv.es\\\/#website\",\"url\":\"https:\\\/\\\/ds4mmed.uv.es\\\/\",\"name\":\"DS4M Mediterr\u00e1neo\",\"description\":\"\",\"publisher\":{\"@id\":\"https:\\\/\\\/ds4mmed.uv.es\\\/#organization\"},\"potentialAction\":[{\"@type\":\"SearchAction\",\"target\":{\"@type\":\"EntryPoint\",\"urlTemplate\":\"https:\\\/\\\/ds4mmed.uv.es\\\/?s={search_term_string}\"},\"query-input\":{\"@type\":\"PropertyValueSpecification\",\"valueRequired\":true,\"valueName\":\"search_term_string\"}}],\"inLanguage\":\"es\"},{\"@type\":\"Organization\",\"@id\":\"https:\\\/\\\/ds4mmed.uv.es\\\/#organization\",\"name\":\"DS4M Mediterr\u00e1neo\",\"url\":\"https:\\\/\\\/ds4mmed.uv.es\\\/\",\"logo\":{\"@type\":\"ImageObject\",\"inLanguage\":\"es\",\"@id\":\"https:\\\/\\\/ds4mmed.uv.es\\\/#\\\/schema\\\/logo\\\/image\\\/\",\"url\":\"https:\\\/\\\/ds4mmed.uv.es\\\/wp-content\\\/uploads\\\/2025\\\/07\\\/Logo-cambio-resolucion-scaled.png\",\"contentUrl\":\"https:\\\/\\\/ds4mmed.uv.es\\\/wp-content\\\/uploads\\\/2025\\\/07\\\/Logo-cambio-resolucion-scaled.png\",\"width\":2560,\"height\":980,\"caption\":\"DS4M Mediterr\u00e1neo\"},\"image\":{\"@id\":\"https:\\\/\\\/ds4mmed.uv.es\\\/#\\\/schema\\\/logo\\\/image\\\/\"}}]}<\/script>\n<!-- \/ Yoast SEO plugin. -->","yoast_head_json":{"title":"DS4M Mediterr\u00e1neo \u2013 Ampliaci\u00f3 del per\u00edode de preinscripci\u00f3 al Diploma d\u2019Especialitzaci\u00f3 en Mobilitat Intel\u00b7ligent","description":"S\u2019amplia fins al 30 de setembre el per\u00edode de preinscripci\u00f3 del Diploma d\u2019Especialitzaci\u00f3 en Gesti\u00f3 de la Mobilitat Intel\u00b7ligent i Espais de Dades, una formaci\u00f3 clau per a professionals de la mobilitat, les dades i la innovaci\u00f3.","robots":{"index":"index","follow":"follow","max-snippet":"max-snippet:-1","max-image-preview":"max-image-preview:large","max-video-preview":"max-video-preview:-1"},"canonical":"https:\/\/ds4mmed.uv.es\/index.php\/ca\/ampliacio-preinscripcio-diploma-mobilitat-intel-ligent\/","og_locale":"es_ES","og_type":"article","og_title":"DS4M Mediterr\u00e1neo \u2013 Ampliaci\u00f3 del per\u00edode de preinscripci\u00f3 al Diploma d\u2019Especialitzaci\u00f3 en Mobilitat Intel\u00b7ligent","og_description":"S\u2019amplia fins al 30 de setembre el per\u00edode de preinscripci\u00f3 del Diploma d\u2019Especialitzaci\u00f3 en Gesti\u00f3 de la Mobilitat Intel\u00b7ligent i Espais de Dades, una formaci\u00f3 clau per a professionals de la mobilitat, les dades i la innovaci\u00f3.","og_url":"https:\/\/ds4mmed.uv.es\/index.php\/ca\/ampliacio-preinscripcio-diploma-mobilitat-intel-ligent\/","og_site_name":"DS4M Mediterr\u00e1neo","article_modified_time":"2025-11-26T09:13:31+00:00","og_image":[{"url":"https:\/\/ds4mmed.uv.es\/wp-content\/uploads\/2025\/11\/Noticia-20.png","type":"","width":"","height":""}],"twitter_card":"summary_large_image","twitter_misc":{"Tiempo de lectura":"1 minuto"},"schema":{"@context":"https:\/\/schema.org","@graph":[{"@type":"WebPage","@id":"https:\/\/ds4mmed.uv.es\/index.php\/ca\/ampliacio-preinscripcio-diploma-mobilitat-intel-ligent\/","url":"https:\/\/ds4mmed.uv.es\/index.php\/ca\/ampliacio-preinscripcio-diploma-mobilitat-intel-ligent\/","name":"DS4M Mediterr\u00e1neo \u2013 Ampliaci\u00f3 del per\u00edode de preinscripci\u00f3 al Diploma d\u2019Especialitzaci\u00f3 en Mobilitat Intel\u00b7ligent","isPartOf":{"@id":"https:\/\/ds4mmed.uv.es\/#website"},"primaryImageOfPage":{"@id":"https:\/\/ds4mmed.uv.es\/index.php\/ca\/ampliacio-preinscripcio-diploma-mobilitat-intel-ligent\/#primaryimage"},"image":{"@id":"https:\/\/ds4mmed.uv.es\/index.php\/ca\/ampliacio-preinscripcio-diploma-mobilitat-intel-ligent\/#primaryimage"},"thumbnailUrl":"https:\/\/ds4mmed.uv.es\/wp-content\/uploads\/2025\/11\/Noticia-20.png","datePublished":"2025-11-19T09:58:35+00:00","dateModified":"2025-11-26T09:13:31+00:00","description":"S\u2019amplia fins al 30 de setembre el per\u00edode de preinscripci\u00f3 del Diploma d\u2019Especialitzaci\u00f3 en Gesti\u00f3 de la Mobilitat Intel\u00b7ligent i Espais de Dades, una formaci\u00f3 clau per a professionals de la mobilitat, les dades i la innovaci\u00f3.","breadcrumb":{"@id":"https:\/\/ds4mmed.uv.es\/index.php\/ca\/ampliacio-preinscripcio-diploma-mobilitat-intel-ligent\/#breadcrumb"},"inLanguage":"es","potentialAction":[{"@type":"ReadAction","target":["https:\/\/ds4mmed.uv.es\/index.php\/ca\/ampliacio-preinscripcio-diploma-mobilitat-intel-ligent\/"]}]},{"@type":"ImageObject","inLanguage":"es","@id":"https:\/\/ds4mmed.uv.es\/index.php\/ca\/ampliacio-preinscripcio-diploma-mobilitat-intel-ligent\/#primaryimage","url":"https:\/\/ds4mmed.uv.es\/wp-content\/uploads\/2025\/11\/Noticia-20.png","contentUrl":"https:\/\/ds4mmed.uv.es\/wp-content\/uploads\/2025\/11\/Noticia-20.png","width":800,"height":575},{"@type":"BreadcrumbList","@id":"https:\/\/ds4mmed.uv.es\/index.php\/ca\/ampliacio-preinscripcio-diploma-mobilitat-intel-ligent\/#breadcrumb","itemListElement":[{"@type":"ListItem","position":1,"name":"Portada","item":"https:\/\/ds4mmed.uv.es\/index.php\/es\/"},{"@type":"ListItem","position":2,"name":"Noticia 20 &#8211; Ampliaci\u00f3 del per\u00edode de preinscripci\u00f3 al Diploma d\u2019Especialitzaci\u00f3 en Gesti\u00f3 de la Mobilitat Intel\u00b7ligent i Espais de Dades"}]},{"@type":"WebSite","@id":"https:\/\/ds4mmed.uv.es\/#website","url":"https:\/\/ds4mmed.uv.es\/","name":"DS4M Mediterr\u00e1neo","description":"","publisher":{"@id":"https:\/\/ds4mmed.uv.es\/#organization"},"potentialAction":[{"@type":"SearchAction","target":{"@type":"EntryPoint","urlTemplate":"https:\/\/ds4mmed.uv.es\/?s={search_term_string}"},"query-input":{"@type":"PropertyValueSpecification","valueRequired":true,"valueName":"search_term_string"}}],"inLanguage":"es"},{"@type":"Organization","@id":"https:\/\/ds4mmed.uv.es\/#organization","name":"DS4M Mediterr\u00e1neo","url":"https:\/\/ds4mmed.uv.es\/","logo":{"@type":"ImageObject","inLanguage":"es","@id":"https:\/\/ds4mmed.uv.es\/#\/schema\/logo\/image\/","url":"https:\/\/ds4mmed.uv.es\/wp-content\/uploads\/2025\/07\/Logo-cambio-resolucion-scaled.png","contentUrl":"https:\/\/ds4mmed.uv.es\/wp-content\/uploads\/2025\/07\/Logo-cambio-resolucion-scaled.png","width":2560,"height":980,"caption":"DS4M Mediterr\u00e1neo"},"image":{"@id":"https:\/\/ds4mmed.uv.es\/#\/schema\/logo\/image\/"}}]}},"_links":{"self":[{"href":"https:\/\/ds4mmed.uv.es\/index.php\/wp-json\/wp\/v2\/pages\/7196","targetHints":{"allow":["GET"]}}],"collection":[{"href":"https:\/\/ds4mmed.uv.es\/index.php\/wp-json\/wp\/v2\/pages"}],"about":[{"href":"https:\/\/ds4mmed.uv.es\/index.php\/wp-json\/wp\/v2\/types\/page"}],"author":[{"embeddable":true,"href":"https:\/\/ds4mmed.uv.es\/index.php\/wp-json\/wp\/v2\/users\/1"}],"replies":[{"embeddable":true,"href":"https:\/\/ds4mmed.uv.es\/index.php\/wp-json\/wp\/v2\/comments?post=7196"}],"version-history":[{"count":11,"href":"https:\/\/ds4mmed.uv.es\/index.php\/wp-json\/wp\/v2\/pages\/7196\/revisions"}],"predecessor-version":[{"id":9113,"href":"https:\/\/ds4mmed.uv.es\/index.php\/wp-json\/wp\/v2\/pages\/7196\/revisions\/9113"}],"wp:attachment":[{"href":"https:\/\/ds4mmed.uv.es\/index.php\/wp-json\/wp\/v2\/media?parent=7196"}],"curies":[{"name":"wp","href":"https:\/\/api.w.org\/{rel}","templated":true}]}}