{"id":7184,"date":"2025-11-19T10:56:33","date_gmt":"2025-11-19T09:56:33","guid":{"rendered":"https:\/\/ds4mmed.uv.es\/?page_id=7184"},"modified":"2025-11-26T10:39:39","modified_gmt":"2025-11-26T09:39:39","slug":"intras-lidera-projecte-digitalitzar-corredor-mediterrani","status":"publish","type":"page","link":"https:\/\/ds4mmed.uv.es\/index.php\/ca\/intras-lidera-projecte-digitalitzar-corredor-mediterrani\/","title":{"rendered":"Noticia 5 &#8211; Cadena Ser: \u201cL\u2019INTRAS lidera un ambici\u00f3s projecte per digitalitzar el Corredor Mediterrani\u201d"},"content":{"rendered":"\t\t<div data-elementor-type=\"wp-page\" data-elementor-id=\"7184\" class=\"elementor elementor-7184\">\n\t\t\t\t<div class=\"elementor-element elementor-element-6c62525 e-flex e-con-boxed e-con e-child\" data-id=\"6c62525\" data-element_type=\"container\" data-e-type=\"container\" data-settings=\"{&quot;background_background&quot;:&quot;classic&quot;}\">\n\t\t\t\t\t<div class=\"e-con-inner\">\n\t\t<div class=\"elementor-element elementor-element-6debc5d e-con-full e-flex e-con e-child\" data-id=\"6debc5d\" data-element_type=\"container\" data-e-type=\"container\">\n\t\t<div class=\"elementor-element elementor-element-3b5bf26 e-con-full e-flex elementor-invisible e-con e-child\" data-id=\"3b5bf26\" data-element_type=\"container\" data-e-type=\"container\" data-settings=\"{&quot;animation&quot;:&quot;fadeInLeft&quot;}\">\n\t\t\t\t<div class=\"elementor-element elementor-element-da9e6f3 elementor-widget elementor-widget-heading\" data-id=\"da9e6f3\" data-element_type=\"widget\" data-e-type=\"widget\" data-widget_type=\"heading.default\">\n\t\t\t\t\t<h1 class=\"elementor-heading-title elementor-size-default\">Cadena Ser: \u201cL\u2019INTRAS lidera un ambici\u00f3s projecte per digitalitzar el Corredor Mediterrani\u201d<\/h1>\t\t\t\t<\/div>\n\t\t\t\t<div class=\"elementor-element elementor-element-e2a4a87 elementor-icon-list--layout-inline elementor-align-center elementor-list-item-link-full_width elementor-widget elementor-widget-icon-list\" data-id=\"e2a4a87\" data-element_type=\"widget\" data-e-type=\"widget\" data-widget_type=\"icon-list.default\">\n\t\t\t\t\t\t\t<ul class=\"elementor-icon-list-items elementor-inline-items\">\n\t\t\t\t\t\t\t<li class=\"elementor-icon-list-item elementor-inline-item\">\n\t\t\t\t\t\t\t\t\t\t<span class=\"elementor-icon-list-text\">Publicat el 24 de gener de 2025<\/span>\n\t\t\t\t\t\t\t\t\t<\/li>\n\t\t\t\t\t\t<\/ul>\n\t\t\t\t\t\t<\/div>\n\t\t\t\t<\/div>\n\t\t\t\t<div class=\"elementor-element elementor-element-89ea136 elementor-invisible elementor-widget elementor-widget-image\" data-id=\"89ea136\" data-element_type=\"widget\" data-e-type=\"widget\" data-settings=\"{&quot;_animation&quot;:&quot;fadeInRight&quot;}\" data-widget_type=\"image.default\">\n\t\t\t\t\t\t\t\t\t\t\t\t\t\t\t<img fetchpriority=\"high\" decoding=\"async\" width=\"852\" height=\"598\" src=\"https:\/\/ds4mmed.uv.es\/wp-content\/uploads\/2025\/11\/Noticia22.png\" class=\"attachment-full size-full wp-image-3710\" alt=\"\" srcset=\"https:\/\/ds4mmed.uv.es\/wp-content\/uploads\/2025\/11\/Noticia22.png 852w, https:\/\/ds4mmed.uv.es\/wp-content\/uploads\/2025\/11\/Noticia22-300x211.png 300w, https:\/\/ds4mmed.uv.es\/wp-content\/uploads\/2025\/11\/Noticia22-768x539.png 768w\" sizes=\"(max-width: 852px) 100vw, 852px\" \/>\t\t\t\t\t\t\t\t\t\t\t\t\t\t\t<\/div>\n\t\t\t\t<\/div>\n\t\t<div class=\"elementor-element elementor-element-aac12f8 e-con-full e-flex elementor-invisible e-con e-child\" data-id=\"aac12f8\" data-element_type=\"container\" data-e-type=\"container\" data-settings=\"{&quot;animation&quot;:&quot;fadeInUp&quot;}\">\n\t\t\t\t<div class=\"elementor-element elementor-element-0c8df65 elementor-widget__width-initial elementor-widget-mobile__width-inherit elementor-widget-tablet__width-inherit elementor-widget elementor-widget-text-editor\" data-id=\"0c8df65\" data-element_type=\"widget\" data-e-type=\"widget\" data-widget_type=\"text-editor.default\">\n\t\t\t\t\t\t\t\t\t<p data-start=\"135\" data-end=\"328\">Coneix tots els detalls: <a href=\"https:\/\/cadenaser.com\/comunitat-valenciana\/2025\/01\/24\/el-intras-lidera-un-ambicioso-proyecto-para-digitalizar-la-movilidad-en-el-corredor-mediterraneo-radio-valencia\/\">https:\/\/cadenaser.com\/comunitat-valenciana\/2025\/01\/24\/el-intras-lidera-un-ambicioso-proyecto-para-digitalizar-la-movilidad-en-el-corredor-mediterraneo-radio-valencia\/<\/a><\/p>\t\t\t\t\t\t\t\t<\/div>\n\t\t\t\t<\/div>\n\t\t\t\t\t<\/div>\n\t\t\t\t<\/div>\n\t\t\t\t<\/div>\n\t\t","protected":false},"excerpt":{"rendered":"<p>Cadena Ser: \u201cL\u2019INTRAS lidera un ambici\u00f3s projecte per digitalitzar el Corredor Mediterrani\u201d Publicat el 24 de gener de 2025 Coneix tots els detalls: https:\/\/cadenaser.com\/comunitat-valenciana\/2025\/01\/24\/el-intras-lidera-un-ambicioso-proyecto-para-digitalizar-la-movilidad-en-el-corredor-mediterraneo-radio-valencia\/<\/p>\n","protected":false},"author":1,"featured_media":0,"parent":0,"menu_order":0,"comment_status":"closed","ping_status":"closed","template":"","meta":{"footnotes":""},"class_list":["post-7184","page","type-page","status-publish","hentry"],"yoast_head":"<!-- This site is optimized with the Yoast SEO plugin v27.1.1 - https:\/\/yoast.com\/product\/yoast-seo-wordpress\/ -->\n<title>DS4M Mediterr\u00e1neo \u2013 L\u2019INTRAS lidera un ambici\u00f3s projecte per digitalitzar el Corredor Mediterrani<\/title>\n<meta name=\"description\" content=\"La Cadena Ser destaca que l\u2019INTRAS lidera un projecte clau per digitalitzar la mobilitat al Corredor Mediterrani mitjan\u00e7ant DS4M Mediterr\u00e1neo, una iniciativa que impulsa la innovaci\u00f3 i la gesti\u00f3 intel\u00b7ligent de dades en el transport.\" \/>\n<meta name=\"robots\" content=\"index, follow, max-snippet:-1, max-image-preview:large, max-video-preview:-1\" \/>\n<link rel=\"canonical\" href=\"https:\/\/ds4mmed.uv.es\/index.php\/ca\/intras-lidera-projecte-digitalitzar-corredor-mediterrani\/\" \/>\n<meta property=\"og:locale\" content=\"es_ES\" \/>\n<meta property=\"og:type\" content=\"article\" \/>\n<meta property=\"og:title\" content=\"DS4M Mediterr\u00e1neo \u2013 L\u2019INTRAS lidera un ambici\u00f3s projecte per digitalitzar el Corredor Mediterrani\" \/>\n<meta property=\"og:description\" content=\"La Cadena Ser destaca que l\u2019INTRAS lidera un projecte clau per digitalitzar la mobilitat al Corredor Mediterrani mitjan\u00e7ant DS4M Mediterr\u00e1neo, una iniciativa que impulsa la innovaci\u00f3 i la gesti\u00f3 intel\u00b7ligent de dades en el transport.\" \/>\n<meta property=\"og:url\" content=\"https:\/\/ds4mmed.uv.es\/index.php\/ca\/intras-lidera-projecte-digitalitzar-corredor-mediterrani\/\" \/>\n<meta property=\"og:site_name\" content=\"DS4M Mediterr\u00e1neo\" \/>\n<meta property=\"article:modified_time\" content=\"2025-11-26T09:39:39+00:00\" \/>\n<meta property=\"og:image\" content=\"https:\/\/ds4mmed.uv.es\/wp-content\/uploads\/2025\/11\/Noticia22.png\" \/>\n<meta name=\"twitter:card\" content=\"summary_large_image\" \/>\n<meta name=\"twitter:label1\" content=\"Tiempo de lectura\" \/>\n\t<meta name=\"twitter:data1\" content=\"1 minuto\" \/>\n<script type=\"application\/ld+json\" class=\"yoast-schema-graph\">{\"@context\":\"https:\/\/schema.org\",\"@graph\":[{\"@type\":\"WebPage\",\"@id\":\"https:\/\/ds4mmed.uv.es\/index.php\/ca\/intras-lidera-projecte-digitalitzar-corredor-mediterrani\/\",\"url\":\"https:\/\/ds4mmed.uv.es\/index.php\/ca\/intras-lidera-projecte-digitalitzar-corredor-mediterrani\/\",\"name\":\"DS4M Mediterr\u00e1neo \u2013 L\u2019INTRAS lidera un ambici\u00f3s projecte per digitalitzar el Corredor Mediterrani\",\"isPartOf\":{\"@id\":\"https:\/\/ds4mmed.uv.es\/#website\"},\"primaryImageOfPage\":{\"@id\":\"https:\/\/ds4mmed.uv.es\/index.php\/ca\/intras-lidera-projecte-digitalitzar-corredor-mediterrani\/#primaryimage\"},\"image\":{\"@id\":\"https:\/\/ds4mmed.uv.es\/index.php\/ca\/intras-lidera-projecte-digitalitzar-corredor-mediterrani\/#primaryimage\"},\"thumbnailUrl\":\"https:\/\/ds4mmed.uv.es\/wp-content\/uploads\/2025\/11\/Noticia22.png\",\"datePublished\":\"2025-11-19T09:56:33+00:00\",\"dateModified\":\"2025-11-26T09:39:39+00:00\",\"description\":\"La Cadena Ser destaca que l\u2019INTRAS lidera un projecte clau per digitalitzar la mobilitat al Corredor Mediterrani mitjan\u00e7ant DS4M Mediterr\u00e1neo, una iniciativa que impulsa la innovaci\u00f3 i la gesti\u00f3 intel\u00b7ligent de dades en el transport.\",\"breadcrumb\":{\"@id\":\"https:\/\/ds4mmed.uv.es\/index.php\/ca\/intras-lidera-projecte-digitalitzar-corredor-mediterrani\/#breadcrumb\"},\"inLanguage\":\"es\",\"potentialAction\":[{\"@type\":\"ReadAction\",\"target\":[\"https:\/\/ds4mmed.uv.es\/index.php\/ca\/intras-lidera-projecte-digitalitzar-corredor-mediterrani\/\"]}]},{\"@type\":\"ImageObject\",\"inLanguage\":\"es\",\"@id\":\"https:\/\/ds4mmed.uv.es\/index.php\/ca\/intras-lidera-projecte-digitalitzar-corredor-mediterrani\/#primaryimage\",\"url\":\"https:\/\/ds4mmed.uv.es\/wp-content\/uploads\/2025\/11\/Noticia22.png\",\"contentUrl\":\"https:\/\/ds4mmed.uv.es\/wp-content\/uploads\/2025\/11\/Noticia22.png\",\"width\":852,\"height\":598},{\"@type\":\"BreadcrumbList\",\"@id\":\"https:\/\/ds4mmed.uv.es\/index.php\/ca\/intras-lidera-projecte-digitalitzar-corredor-mediterrani\/#breadcrumb\",\"itemListElement\":[{\"@type\":\"ListItem\",\"position\":1,\"name\":\"Portada\",\"item\":\"https:\/\/ds4mmed.uv.es\/index.php\/es\/\"},{\"@type\":\"ListItem\",\"position\":2,\"name\":\"Noticia 5 &#8211; Cadena Ser: \u201cL\u2019INTRAS lidera un ambici\u00f3s projecte per digitalitzar el Corredor Mediterrani\u201d\"}]},{\"@type\":\"WebSite\",\"@id\":\"https:\/\/ds4mmed.uv.es\/#website\",\"url\":\"https:\/\/ds4mmed.uv.es\/\",\"name\":\"DS4M Mediterr\u00e1neo\",\"description\":\"\",\"publisher\":{\"@id\":\"https:\/\/ds4mmed.uv.es\/#organization\"},\"potentialAction\":[{\"@type\":\"SearchAction\",\"target\":{\"@type\":\"EntryPoint\",\"urlTemplate\":\"https:\/\/ds4mmed.uv.es\/?s={search_term_string}\"},\"query-input\":{\"@type\":\"PropertyValueSpecification\",\"valueRequired\":true,\"valueName\":\"search_term_string\"}}],\"inLanguage\":\"es\"},{\"@type\":\"Organization\",\"@id\":\"https:\/\/ds4mmed.uv.es\/#organization\",\"name\":\"DS4M Mediterr\u00e1neo\",\"url\":\"https:\/\/ds4mmed.uv.es\/\",\"logo\":{\"@type\":\"ImageObject\",\"inLanguage\":\"es\",\"@id\":\"https:\/\/ds4mmed.uv.es\/#\/schema\/logo\/image\/\",\"url\":\"https:\/\/ds4mmed.uv.es\/wp-content\/uploads\/2025\/07\/Logo-cambio-resolucion-scaled.png\",\"contentUrl\":\"https:\/\/ds4mmed.uv.es\/wp-content\/uploads\/2025\/07\/Logo-cambio-resolucion-scaled.png\",\"width\":2560,\"height\":980,\"caption\":\"DS4M Mediterr\u00e1neo\"},\"image\":{\"@id\":\"https:\/\/ds4mmed.uv.es\/#\/schema\/logo\/image\/\"}}]}<\/script>\n<!-- \/ Yoast SEO plugin. -->","yoast_head_json":{"title":"DS4M Mediterr\u00e1neo \u2013 L\u2019INTRAS lidera un ambici\u00f3s projecte per digitalitzar el Corredor Mediterrani","description":"La Cadena Ser destaca que l\u2019INTRAS lidera un projecte clau per digitalitzar la mobilitat al Corredor Mediterrani mitjan\u00e7ant DS4M Mediterr\u00e1neo, una iniciativa que impulsa la innovaci\u00f3 i la gesti\u00f3 intel\u00b7ligent de dades en el transport.","robots":{"index":"index","follow":"follow","max-snippet":"max-snippet:-1","max-image-preview":"max-image-preview:large","max-video-preview":"max-video-preview:-1"},"canonical":"https:\/\/ds4mmed.uv.es\/index.php\/ca\/intras-lidera-projecte-digitalitzar-corredor-mediterrani\/","og_locale":"es_ES","og_type":"article","og_title":"DS4M Mediterr\u00e1neo \u2013 L\u2019INTRAS lidera un ambici\u00f3s projecte per digitalitzar el Corredor Mediterrani","og_description":"La Cadena Ser destaca que l\u2019INTRAS lidera un projecte clau per digitalitzar la mobilitat al Corredor Mediterrani mitjan\u00e7ant DS4M Mediterr\u00e1neo, una iniciativa que impulsa la innovaci\u00f3 i la gesti\u00f3 intel\u00b7ligent de dades en el transport.","og_url":"https:\/\/ds4mmed.uv.es\/index.php\/ca\/intras-lidera-projecte-digitalitzar-corredor-mediterrani\/","og_site_name":"DS4M Mediterr\u00e1neo","article_modified_time":"2025-11-26T09:39:39+00:00","og_image":[{"url":"https:\/\/ds4mmed.uv.es\/wp-content\/uploads\/2025\/11\/Noticia22.png","type":"","width":"","height":""}],"twitter_card":"summary_large_image","twitter_misc":{"Tiempo de lectura":"1 minuto"},"schema":{"@context":"https:\/\/schema.org","@graph":[{"@type":"WebPage","@id":"https:\/\/ds4mmed.uv.es\/index.php\/ca\/intras-lidera-projecte-digitalitzar-corredor-mediterrani\/","url":"https:\/\/ds4mmed.uv.es\/index.php\/ca\/intras-lidera-projecte-digitalitzar-corredor-mediterrani\/","name":"DS4M Mediterr\u00e1neo \u2013 L\u2019INTRAS lidera un ambici\u00f3s projecte per digitalitzar el Corredor Mediterrani","isPartOf":{"@id":"https:\/\/ds4mmed.uv.es\/#website"},"primaryImageOfPage":{"@id":"https:\/\/ds4mmed.uv.es\/index.php\/ca\/intras-lidera-projecte-digitalitzar-corredor-mediterrani\/#primaryimage"},"image":{"@id":"https:\/\/ds4mmed.uv.es\/index.php\/ca\/intras-lidera-projecte-digitalitzar-corredor-mediterrani\/#primaryimage"},"thumbnailUrl":"https:\/\/ds4mmed.uv.es\/wp-content\/uploads\/2025\/11\/Noticia22.png","datePublished":"2025-11-19T09:56:33+00:00","dateModified":"2025-11-26T09:39:39+00:00","description":"La Cadena Ser destaca que l\u2019INTRAS lidera un projecte clau per digitalitzar la mobilitat al Corredor Mediterrani mitjan\u00e7ant DS4M Mediterr\u00e1neo, una iniciativa que impulsa la innovaci\u00f3 i la gesti\u00f3 intel\u00b7ligent de dades en el transport.","breadcrumb":{"@id":"https:\/\/ds4mmed.uv.es\/index.php\/ca\/intras-lidera-projecte-digitalitzar-corredor-mediterrani\/#breadcrumb"},"inLanguage":"es","potentialAction":[{"@type":"ReadAction","target":["https:\/\/ds4mmed.uv.es\/index.php\/ca\/intras-lidera-projecte-digitalitzar-corredor-mediterrani\/"]}]},{"@type":"ImageObject","inLanguage":"es","@id":"https:\/\/ds4mmed.uv.es\/index.php\/ca\/intras-lidera-projecte-digitalitzar-corredor-mediterrani\/#primaryimage","url":"https:\/\/ds4mmed.uv.es\/wp-content\/uploads\/2025\/11\/Noticia22.png","contentUrl":"https:\/\/ds4mmed.uv.es\/wp-content\/uploads\/2025\/11\/Noticia22.png","width":852,"height":598},{"@type":"BreadcrumbList","@id":"https:\/\/ds4mmed.uv.es\/index.php\/ca\/intras-lidera-projecte-digitalitzar-corredor-mediterrani\/#breadcrumb","itemListElement":[{"@type":"ListItem","position":1,"name":"Portada","item":"https:\/\/ds4mmed.uv.es\/index.php\/es\/"},{"@type":"ListItem","position":2,"name":"Noticia 5 &#8211; Cadena Ser: \u201cL\u2019INTRAS lidera un ambici\u00f3s projecte per digitalitzar el Corredor Mediterrani\u201d"}]},{"@type":"WebSite","@id":"https:\/\/ds4mmed.uv.es\/#website","url":"https:\/\/ds4mmed.uv.es\/","name":"DS4M Mediterr\u00e1neo","description":"","publisher":{"@id":"https:\/\/ds4mmed.uv.es\/#organization"},"potentialAction":[{"@type":"SearchAction","target":{"@type":"EntryPoint","urlTemplate":"https:\/\/ds4mmed.uv.es\/?s={search_term_string}"},"query-input":{"@type":"PropertyValueSpecification","valueRequired":true,"valueName":"search_term_string"}}],"inLanguage":"es"},{"@type":"Organization","@id":"https:\/\/ds4mmed.uv.es\/#organization","name":"DS4M Mediterr\u00e1neo","url":"https:\/\/ds4mmed.uv.es\/","logo":{"@type":"ImageObject","inLanguage":"es","@id":"https:\/\/ds4mmed.uv.es\/#\/schema\/logo\/image\/","url":"https:\/\/ds4mmed.uv.es\/wp-content\/uploads\/2025\/07\/Logo-cambio-resolucion-scaled.png","contentUrl":"https:\/\/ds4mmed.uv.es\/wp-content\/uploads\/2025\/07\/Logo-cambio-resolucion-scaled.png","width":2560,"height":980,"caption":"DS4M Mediterr\u00e1neo"},"image":{"@id":"https:\/\/ds4mmed.uv.es\/#\/schema\/logo\/image\/"}}]}},"_links":{"self":[{"href":"https:\/\/ds4mmed.uv.es\/index.php\/wp-json\/wp\/v2\/pages\/7184","targetHints":{"allow":["GET"]}}],"collection":[{"href":"https:\/\/ds4mmed.uv.es\/index.php\/wp-json\/wp\/v2\/pages"}],"about":[{"href":"https:\/\/ds4mmed.uv.es\/index.php\/wp-json\/wp\/v2\/types\/page"}],"author":[{"embeddable":true,"href":"https:\/\/ds4mmed.uv.es\/index.php\/wp-json\/wp\/v2\/users\/1"}],"replies":[{"embeddable":true,"href":"https:\/\/ds4mmed.uv.es\/index.php\/wp-json\/wp\/v2\/comments?post=7184"}],"version-history":[{"count":12,"href":"https:\/\/ds4mmed.uv.es\/index.php\/wp-json\/wp\/v2\/pages\/7184\/revisions"}],"predecessor-version":[{"id":9042,"href":"https:\/\/ds4mmed.uv.es\/index.php\/wp-json\/wp\/v2\/pages\/7184\/revisions\/9042"}],"wp:attachment":[{"href":"https:\/\/ds4mmed.uv.es\/index.php\/wp-json\/wp\/v2\/media?parent=7184"}],"curies":[{"name":"wp","href":"https:\/\/api.w.org\/{rel}","templated":true}]}}