{"id":7170,"date":"2025-11-19T10:54:09","date_gmt":"2025-11-19T09:54:09","guid":{"rendered":"https:\/\/ds4mmed.uv.es\/?page_id=7170"},"modified":"2025-11-26T10:16:11","modified_gmt":"2025-11-26T09:16:11","slug":"contractacio-personal-24-places-ds4m","status":"publish","type":"page","link":"https:\/\/ds4mmed.uv.es\/index.php\/ca\/contractacio-personal-24-places-ds4m\/","title":{"rendered":"Noticia 19 &#8211; Contractaci\u00f3 de personal: Publicaci\u00f3 de 24 places"},"content":{"rendered":"\t\t<div data-elementor-type=\"wp-page\" data-elementor-id=\"7170\" class=\"elementor elementor-7170\">\n\t\t\t\t<div class=\"elementor-element elementor-element-6c62525 e-flex e-con-boxed e-con e-child\" data-id=\"6c62525\" data-element_type=\"container\" data-e-type=\"container\" data-settings=\"{&quot;background_background&quot;:&quot;classic&quot;}\">\n\t\t\t\t\t<div class=\"e-con-inner\">\n\t\t<div class=\"elementor-element elementor-element-6debc5d e-con-full e-flex e-con e-child\" data-id=\"6debc5d\" data-element_type=\"container\" data-e-type=\"container\">\n\t\t<div class=\"elementor-element elementor-element-3b5bf26 e-con-full e-flex elementor-invisible e-con e-child\" data-id=\"3b5bf26\" data-element_type=\"container\" data-e-type=\"container\" data-settings=\"{&quot;animation&quot;:&quot;fadeInLeft&quot;}\">\n\t\t\t\t<div class=\"elementor-element elementor-element-da9e6f3 elementor-widget elementor-widget-heading\" data-id=\"da9e6f3\" data-element_type=\"widget\" data-e-type=\"widget\" data-widget_type=\"heading.default\">\n\t\t\t\t\t<h1 class=\"elementor-heading-title elementor-size-default\"><p>Contractaci\u00f3 de personal: Publicaci\u00f3 de 24 places<span style=\"letter-spacing: -1.12px\"><\/span><\/p><\/h1>\t\t\t\t<\/div>\n\t\t\t\t<div class=\"elementor-element elementor-element-e2a4a87 elementor-icon-list--layout-inline elementor-align-center elementor-list-item-link-full_width elementor-widget elementor-widget-icon-list\" data-id=\"e2a4a87\" data-element_type=\"widget\" data-e-type=\"widget\" data-widget_type=\"icon-list.default\">\n\t\t\t\t\t\t\t<ul class=\"elementor-icon-list-items elementor-inline-items\">\n\t\t\t\t\t\t\t<li class=\"elementor-icon-list-item elementor-inline-item\">\n\t\t\t\t\t\t\t\t\t\t<span class=\"elementor-icon-list-text\"><\/span>\n\t\t\t\t\t\t\t\t\t<\/li>\n\t\t\t\t\t\t\t\t<li class=\"elementor-icon-list-item elementor-inline-item\">\n\t\t\t\t\t\t\t\t\t\t<span class=\"elementor-icon-list-text\"><p>Publicat l\u20191 de setembre de 2025<span style=\"background-color: transparent\"><\/span><\/p><\/span>\n\t\t\t\t\t\t\t\t\t<\/li>\n\t\t\t\t\t\t<\/ul>\n\t\t\t\t\t\t<\/div>\n\t\t\t\t<\/div>\n\t\t\t\t<div class=\"elementor-element elementor-element-89ea136 elementor-invisible elementor-widget elementor-widget-image\" data-id=\"89ea136\" data-element_type=\"widget\" data-e-type=\"widget\" data-settings=\"{&quot;_animation&quot;:&quot;fadeInRight&quot;}\" data-widget_type=\"image.default\">\n\t\t\t\t\t\t\t\t\t\t\t\t\t\t\t<img fetchpriority=\"high\" decoding=\"async\" width=\"800\" height=\"575\" src=\"https:\/\/ds4mmed.uv.es\/wp-content\/uploads\/2025\/11\/Noticia-19.png\" class=\"attachment-full size-full wp-image-4678\" alt=\"\" srcset=\"https:\/\/ds4mmed.uv.es\/wp-content\/uploads\/2025\/11\/Noticia-19.png 800w, https:\/\/ds4mmed.uv.es\/wp-content\/uploads\/2025\/11\/Noticia-19-300x216.png 300w, https:\/\/ds4mmed.uv.es\/wp-content\/uploads\/2025\/11\/Noticia-19-768x552.png 768w\" sizes=\"(max-width: 800px) 100vw, 800px\" \/>\t\t\t\t\t\t\t\t\t\t\t\t\t\t\t<\/div>\n\t\t\t\t<\/div>\n\t\t<div class=\"elementor-element elementor-element-aac12f8 e-con-full e-flex elementor-invisible e-con e-child\" data-id=\"aac12f8\" data-element_type=\"container\" data-e-type=\"container\" data-settings=\"{&quot;animation&quot;:&quot;fadeInUp&quot;}\">\n\t\t\t\t<div class=\"elementor-element elementor-element-0c8df65 elementor-widget__width-initial elementor-widget-mobile__width-inherit elementor-widget-tablet__width-inherit elementor-widget elementor-widget-text-editor\" data-id=\"0c8df65\" data-element_type=\"widget\" data-e-type=\"widget\" data-widget_type=\"text-editor.default\">\n\t\t\t\t\t\t\t\t\t<div>\n<p>Des del projecte DS4M Mediterr\u00e1neo es publiquen 24 places de personal, enfocades als seg\u00fcents perfils professionals:<\/p>\n<ul>\n<li>\n<p><strong>CPI-25-415: Ci\u00e8ncia de Dades<\/strong><br>Titulaci\u00f3: Grau en Ci\u00e8ncia de Dades, o en Matem\u00e0tiques, o en F\u00edsica, o en Enginyeria Inform\u00e0tica.<br>M\u00e9s informaci\u00f3 i sol\u00b7licituds en el seg\u00fcent <a href=\"https:\/\/www.uv.es\/uvweb\/servicio-recursos-humanos-pas\/es\/gestion-personal-investigacion\/convocatorias\/convocatorias\/cpi-25-415-1285931577510\/ConvPASInves.html?id=1286446190764\" target=\"_blank\" rel=\"noopener\">enlla\u00e7<\/a>.<\/p>\n<\/li>\n<li>\n<p><strong>CPI-25-420: Enginyeria<\/strong><br>Titulaci\u00f3: Enginyeria de Camins, Canals i Ports, o Grau en Enginyeria Civil, o Enginyeria T\u00e8cnica d&#8217;Obres P\u00fabliques, o Grau en Enginyeria Civil en Transports i Serveis Urbans.<br>M\u00e9s informaci\u00f3 i sol\u00b7licituds en el seg\u00fcent <a href=\"https:\/\/www.uv.es\/uvweb\/servei-recursos-humans-pas\/ca\/gestio-personal-investigacio\/convocatories\/convocatories\/cpi-25-420-1285931577510\/ConvPASInves.html?id=1286446226677\" target=\"_blank\" rel=\"noopener\">enlla\u00e7<\/a>.<\/p>\n<\/li>\n<\/ul>\n<\/div>\t\t\t\t\t\t\t\t<\/div>\n\t\t\t\t<\/div>\n\t\t\t\t\t<\/div>\n\t\t\t\t<\/div>\n\t\t\t\t<\/div>\n\t\t","protected":false},"excerpt":{"rendered":"<p>Contractaci\u00f3 de personal: Publicaci\u00f3 de 24 places Publicat l\u20191 de setembre de 2025 Des del projecte DS4M Mediterr\u00e1neo es publiquen 24 places de personal, enfocades als seg\u00fcents perfils professionals: CPI-25-415: Ci\u00e8ncia de DadesTitulaci\u00f3: Grau en Ci\u00e8ncia de Dades, o en Matem\u00e0tiques, o en F\u00edsica, o en Enginyeria Inform\u00e0tica.M\u00e9s informaci\u00f3 i sol\u00b7licituds en el seg\u00fcent enlla\u00e7. [&hellip;]<\/p>\n","protected":false},"author":1,"featured_media":0,"parent":0,"menu_order":0,"comment_status":"closed","ping_status":"closed","template":"","meta":{"footnotes":""},"class_list":["post-7170","page","type-page","status-publish","hentry"],"yoast_head":"<!-- This site is optimized with the Yoast SEO plugin v27.1.1 - https:\/\/yoast.com\/product\/yoast-seo-wordpress\/ -->\n<title>DS4M Mediterr\u00e1neo \u2013 Contractaci\u00f3 de personal: publicaci\u00f3 de 24 places<\/title>\n<meta name=\"description\" content=\"El projecte DS4M Mediterr\u00e1neo obri 24 places de contractaci\u00f3 per a perfils de ci\u00e8ncia de dades i enginyeria. Consulta els requisits, perfils sol\u00b7licitats i informaci\u00f3 per a presentar sol\u00b7licituds.\" \/>\n<meta name=\"robots\" content=\"index, follow, max-snippet:-1, max-image-preview:large, max-video-preview:-1\" \/>\n<link rel=\"canonical\" href=\"https:\/\/ds4mmed.uv.es\/index.php\/ca\/contractacio-personal-24-places-ds4m\/\" \/>\n<meta property=\"og:locale\" content=\"es_ES\" \/>\n<meta property=\"og:type\" content=\"article\" \/>\n<meta property=\"og:title\" content=\"DS4M Mediterr\u00e1neo \u2013 Contractaci\u00f3 de personal: publicaci\u00f3 de 24 places\" \/>\n<meta property=\"og:description\" content=\"El projecte DS4M Mediterr\u00e1neo obri 24 places de contractaci\u00f3 per a perfils de ci\u00e8ncia de dades i enginyeria. Consulta els requisits, perfils sol\u00b7licitats i informaci\u00f3 per a presentar sol\u00b7licituds.\" \/>\n<meta property=\"og:url\" content=\"https:\/\/ds4mmed.uv.es\/index.php\/ca\/contractacio-personal-24-places-ds4m\/\" \/>\n<meta property=\"og:site_name\" content=\"DS4M Mediterr\u00e1neo\" \/>\n<meta property=\"article:modified_time\" content=\"2025-11-26T09:16:11+00:00\" \/>\n<meta property=\"og:image\" content=\"https:\/\/ds4mmed.uv.es\/wp-content\/uploads\/2025\/11\/Noticia-19.png\" \/>\n<meta name=\"twitter:card\" content=\"summary_large_image\" \/>\n<meta name=\"twitter:label1\" content=\"Tiempo de lectura\" \/>\n\t<meta name=\"twitter:data1\" content=\"1 minuto\" \/>\n<script type=\"application\/ld+json\" class=\"yoast-schema-graph\">{\"@context\":\"https:\/\/schema.org\",\"@graph\":[{\"@type\":\"WebPage\",\"@id\":\"https:\/\/ds4mmed.uv.es\/index.php\/ca\/contractacio-personal-24-places-ds4m\/\",\"url\":\"https:\/\/ds4mmed.uv.es\/index.php\/ca\/contractacio-personal-24-places-ds4m\/\",\"name\":\"DS4M Mediterr\u00e1neo \u2013 Contractaci\u00f3 de personal: publicaci\u00f3 de 24 places\",\"isPartOf\":{\"@id\":\"https:\/\/ds4mmed.uv.es\/#website\"},\"primaryImageOfPage\":{\"@id\":\"https:\/\/ds4mmed.uv.es\/index.php\/ca\/contractacio-personal-24-places-ds4m\/#primaryimage\"},\"image\":{\"@id\":\"https:\/\/ds4mmed.uv.es\/index.php\/ca\/contractacio-personal-24-places-ds4m\/#primaryimage\"},\"thumbnailUrl\":\"https:\/\/ds4mmed.uv.es\/wp-content\/uploads\/2025\/11\/Noticia-19.png\",\"datePublished\":\"2025-11-19T09:54:09+00:00\",\"dateModified\":\"2025-11-26T09:16:11+00:00\",\"description\":\"El projecte DS4M Mediterr\u00e1neo obri 24 places de contractaci\u00f3 per a perfils de ci\u00e8ncia de dades i enginyeria. Consulta els requisits, perfils sol\u00b7licitats i informaci\u00f3 per a presentar sol\u00b7licituds.\",\"breadcrumb\":{\"@id\":\"https:\/\/ds4mmed.uv.es\/index.php\/ca\/contractacio-personal-24-places-ds4m\/#breadcrumb\"},\"inLanguage\":\"es\",\"potentialAction\":[{\"@type\":\"ReadAction\",\"target\":[\"https:\/\/ds4mmed.uv.es\/index.php\/ca\/contractacio-personal-24-places-ds4m\/\"]}]},{\"@type\":\"ImageObject\",\"inLanguage\":\"es\",\"@id\":\"https:\/\/ds4mmed.uv.es\/index.php\/ca\/contractacio-personal-24-places-ds4m\/#primaryimage\",\"url\":\"https:\/\/ds4mmed.uv.es\/wp-content\/uploads\/2025\/11\/Noticia-19.png\",\"contentUrl\":\"https:\/\/ds4mmed.uv.es\/wp-content\/uploads\/2025\/11\/Noticia-19.png\",\"width\":800,\"height\":575},{\"@type\":\"BreadcrumbList\",\"@id\":\"https:\/\/ds4mmed.uv.es\/index.php\/ca\/contractacio-personal-24-places-ds4m\/#breadcrumb\",\"itemListElement\":[{\"@type\":\"ListItem\",\"position\":1,\"name\":\"Portada\",\"item\":\"https:\/\/ds4mmed.uv.es\/index.php\/es\/\"},{\"@type\":\"ListItem\",\"position\":2,\"name\":\"Noticia 19 &#8211; Contractaci\u00f3 de personal: Publicaci\u00f3 de 24 places\"}]},{\"@type\":\"WebSite\",\"@id\":\"https:\/\/ds4mmed.uv.es\/#website\",\"url\":\"https:\/\/ds4mmed.uv.es\/\",\"name\":\"DS4M Mediterr\u00e1neo\",\"description\":\"\",\"publisher\":{\"@id\":\"https:\/\/ds4mmed.uv.es\/#organization\"},\"potentialAction\":[{\"@type\":\"SearchAction\",\"target\":{\"@type\":\"EntryPoint\",\"urlTemplate\":\"https:\/\/ds4mmed.uv.es\/?s={search_term_string}\"},\"query-input\":{\"@type\":\"PropertyValueSpecification\",\"valueRequired\":true,\"valueName\":\"search_term_string\"}}],\"inLanguage\":\"es\"},{\"@type\":\"Organization\",\"@id\":\"https:\/\/ds4mmed.uv.es\/#organization\",\"name\":\"DS4M Mediterr\u00e1neo\",\"url\":\"https:\/\/ds4mmed.uv.es\/\",\"logo\":{\"@type\":\"ImageObject\",\"inLanguage\":\"es\",\"@id\":\"https:\/\/ds4mmed.uv.es\/#\/schema\/logo\/image\/\",\"url\":\"https:\/\/ds4mmed.uv.es\/wp-content\/uploads\/2025\/07\/Logo-cambio-resolucion-scaled.png\",\"contentUrl\":\"https:\/\/ds4mmed.uv.es\/wp-content\/uploads\/2025\/07\/Logo-cambio-resolucion-scaled.png\",\"width\":2560,\"height\":980,\"caption\":\"DS4M Mediterr\u00e1neo\"},\"image\":{\"@id\":\"https:\/\/ds4mmed.uv.es\/#\/schema\/logo\/image\/\"}}]}<\/script>\n<!-- \/ Yoast SEO plugin. -->","yoast_head_json":{"title":"DS4M Mediterr\u00e1neo \u2013 Contractaci\u00f3 de personal: publicaci\u00f3 de 24 places","description":"El projecte DS4M Mediterr\u00e1neo obri 24 places de contractaci\u00f3 per a perfils de ci\u00e8ncia de dades i enginyeria. Consulta els requisits, perfils sol\u00b7licitats i informaci\u00f3 per a presentar sol\u00b7licituds.","robots":{"index":"index","follow":"follow","max-snippet":"max-snippet:-1","max-image-preview":"max-image-preview:large","max-video-preview":"max-video-preview:-1"},"canonical":"https:\/\/ds4mmed.uv.es\/index.php\/ca\/contractacio-personal-24-places-ds4m\/","og_locale":"es_ES","og_type":"article","og_title":"DS4M Mediterr\u00e1neo \u2013 Contractaci\u00f3 de personal: publicaci\u00f3 de 24 places","og_description":"El projecte DS4M Mediterr\u00e1neo obri 24 places de contractaci\u00f3 per a perfils de ci\u00e8ncia de dades i enginyeria. Consulta els requisits, perfils sol\u00b7licitats i informaci\u00f3 per a presentar sol\u00b7licituds.","og_url":"https:\/\/ds4mmed.uv.es\/index.php\/ca\/contractacio-personal-24-places-ds4m\/","og_site_name":"DS4M Mediterr\u00e1neo","article_modified_time":"2025-11-26T09:16:11+00:00","og_image":[{"url":"https:\/\/ds4mmed.uv.es\/wp-content\/uploads\/2025\/11\/Noticia-19.png","type":"","width":"","height":""}],"twitter_card":"summary_large_image","twitter_misc":{"Tiempo de lectura":"1 minuto"},"schema":{"@context":"https:\/\/schema.org","@graph":[{"@type":"WebPage","@id":"https:\/\/ds4mmed.uv.es\/index.php\/ca\/contractacio-personal-24-places-ds4m\/","url":"https:\/\/ds4mmed.uv.es\/index.php\/ca\/contractacio-personal-24-places-ds4m\/","name":"DS4M Mediterr\u00e1neo \u2013 Contractaci\u00f3 de personal: publicaci\u00f3 de 24 places","isPartOf":{"@id":"https:\/\/ds4mmed.uv.es\/#website"},"primaryImageOfPage":{"@id":"https:\/\/ds4mmed.uv.es\/index.php\/ca\/contractacio-personal-24-places-ds4m\/#primaryimage"},"image":{"@id":"https:\/\/ds4mmed.uv.es\/index.php\/ca\/contractacio-personal-24-places-ds4m\/#primaryimage"},"thumbnailUrl":"https:\/\/ds4mmed.uv.es\/wp-content\/uploads\/2025\/11\/Noticia-19.png","datePublished":"2025-11-19T09:54:09+00:00","dateModified":"2025-11-26T09:16:11+00:00","description":"El projecte DS4M Mediterr\u00e1neo obri 24 places de contractaci\u00f3 per a perfils de ci\u00e8ncia de dades i enginyeria. Consulta els requisits, perfils sol\u00b7licitats i informaci\u00f3 per a presentar sol\u00b7licituds.","breadcrumb":{"@id":"https:\/\/ds4mmed.uv.es\/index.php\/ca\/contractacio-personal-24-places-ds4m\/#breadcrumb"},"inLanguage":"es","potentialAction":[{"@type":"ReadAction","target":["https:\/\/ds4mmed.uv.es\/index.php\/ca\/contractacio-personal-24-places-ds4m\/"]}]},{"@type":"ImageObject","inLanguage":"es","@id":"https:\/\/ds4mmed.uv.es\/index.php\/ca\/contractacio-personal-24-places-ds4m\/#primaryimage","url":"https:\/\/ds4mmed.uv.es\/wp-content\/uploads\/2025\/11\/Noticia-19.png","contentUrl":"https:\/\/ds4mmed.uv.es\/wp-content\/uploads\/2025\/11\/Noticia-19.png","width":800,"height":575},{"@type":"BreadcrumbList","@id":"https:\/\/ds4mmed.uv.es\/index.php\/ca\/contractacio-personal-24-places-ds4m\/#breadcrumb","itemListElement":[{"@type":"ListItem","position":1,"name":"Portada","item":"https:\/\/ds4mmed.uv.es\/index.php\/es\/"},{"@type":"ListItem","position":2,"name":"Noticia 19 &#8211; Contractaci\u00f3 de personal: Publicaci\u00f3 de 24 places"}]},{"@type":"WebSite","@id":"https:\/\/ds4mmed.uv.es\/#website","url":"https:\/\/ds4mmed.uv.es\/","name":"DS4M Mediterr\u00e1neo","description":"","publisher":{"@id":"https:\/\/ds4mmed.uv.es\/#organization"},"potentialAction":[{"@type":"SearchAction","target":{"@type":"EntryPoint","urlTemplate":"https:\/\/ds4mmed.uv.es\/?s={search_term_string}"},"query-input":{"@type":"PropertyValueSpecification","valueRequired":true,"valueName":"search_term_string"}}],"inLanguage":"es"},{"@type":"Organization","@id":"https:\/\/ds4mmed.uv.es\/#organization","name":"DS4M Mediterr\u00e1neo","url":"https:\/\/ds4mmed.uv.es\/","logo":{"@type":"ImageObject","inLanguage":"es","@id":"https:\/\/ds4mmed.uv.es\/#\/schema\/logo\/image\/","url":"https:\/\/ds4mmed.uv.es\/wp-content\/uploads\/2025\/07\/Logo-cambio-resolucion-scaled.png","contentUrl":"https:\/\/ds4mmed.uv.es\/wp-content\/uploads\/2025\/07\/Logo-cambio-resolucion-scaled.png","width":2560,"height":980,"caption":"DS4M Mediterr\u00e1neo"},"image":{"@id":"https:\/\/ds4mmed.uv.es\/#\/schema\/logo\/image\/"}}]}},"_links":{"self":[{"href":"https:\/\/ds4mmed.uv.es\/index.php\/wp-json\/wp\/v2\/pages\/7170","targetHints":{"allow":["GET"]}}],"collection":[{"href":"https:\/\/ds4mmed.uv.es\/index.php\/wp-json\/wp\/v2\/pages"}],"about":[{"href":"https:\/\/ds4mmed.uv.es\/index.php\/wp-json\/wp\/v2\/types\/page"}],"author":[{"embeddable":true,"href":"https:\/\/ds4mmed.uv.es\/index.php\/wp-json\/wp\/v2\/users\/1"}],"replies":[{"embeddable":true,"href":"https:\/\/ds4mmed.uv.es\/index.php\/wp-json\/wp\/v2\/comments?post=7170"}],"version-history":[{"count":17,"href":"https:\/\/ds4mmed.uv.es\/index.php\/wp-json\/wp\/v2\/pages\/7170\/revisions"}],"predecessor-version":[{"id":9124,"href":"https:\/\/ds4mmed.uv.es\/index.php\/wp-json\/wp\/v2\/pages\/7170\/revisions\/9124"}],"wp:attachment":[{"href":"https:\/\/ds4mmed.uv.es\/index.php\/wp-json\/wp\/v2\/media?parent=7170"}],"curies":[{"name":"wp","href":"https:\/\/api.w.org\/{rel}","templated":true}]}}