{"id":7154,"date":"2025-11-19T10:48:40","date_gmt":"2025-11-19T09:48:40","guid":{"rendered":"https:\/\/ds4mmed.uv.es\/?page_id=7154"},"modified":"2025-11-26T09:50:20","modified_gmt":"2025-11-26T08:50:20","slug":"ds4m-mediterraneo-presencia-international-conference-its","status":"publish","type":"page","link":"https:\/\/ds4mmed.uv.es\/index.php\/ca\/ds4m-mediterraneo-presencia-international-conference-its\/","title":{"rendered":"Noticia 3 &#8211; El projecte DS4M Mediterr\u00e1neo, present en la International Conference \u00abIntelligent Transport Systems: Ecology, Safety, Quality, Comfort\u00bb"},"content":{"rendered":"\t\t<div data-elementor-type=\"wp-page\" data-elementor-id=\"7154\" class=\"elementor elementor-7154\">\n\t\t\t\t<div class=\"elementor-element elementor-element-6c62525 e-flex e-con-boxed e-con e-child\" data-id=\"6c62525\" data-element_type=\"container\" data-e-type=\"container\" data-settings=\"{&quot;background_background&quot;:&quot;classic&quot;}\">\n\t\t\t\t\t<div class=\"e-con-inner\">\n\t\t<div class=\"elementor-element elementor-element-6debc5d e-con-full e-flex e-con e-child\" data-id=\"6debc5d\" data-element_type=\"container\" data-e-type=\"container\">\n\t\t<div class=\"elementor-element elementor-element-3b5bf26 e-con-full e-flex elementor-invisible e-con e-child\" data-id=\"3b5bf26\" data-element_type=\"container\" data-e-type=\"container\" data-settings=\"{&quot;animation&quot;:&quot;fadeInLeft&quot;}\">\n\t\t\t\t<div class=\"elementor-element elementor-element-da9e6f3 elementor-widget elementor-widget-heading\" data-id=\"da9e6f3\" data-element_type=\"widget\" data-e-type=\"widget\" data-widget_type=\"heading.default\">\n\t\t\t\t\t<h1 class=\"elementor-heading-title elementor-size-default\">El projecte DS4M Mediterr\u00e1neo, present en la International Conference \"Intelligent Transport Systems: Ecology, Safety, Quality, Comfort\"<\/h1>\t\t\t\t<\/div>\n\t\t\t\t<div class=\"elementor-element elementor-element-e2a4a87 elementor-icon-list--layout-inline elementor-align-center elementor-list-item-link-full_width elementor-widget elementor-widget-icon-list\" data-id=\"e2a4a87\" data-element_type=\"widget\" data-e-type=\"widget\" data-widget_type=\"icon-list.default\">\n\t\t\t\t\t\t\t<ul class=\"elementor-icon-list-items elementor-inline-items\">\n\t\t\t\t\t\t\t<li class=\"elementor-icon-list-item elementor-inline-item\">\n\t\t\t\t\t\t\t\t\t\t<span class=\"elementor-icon-list-text\">Publicat el 26 de novembre de 2024<\/span>\n\t\t\t\t\t\t\t\t\t<\/li>\n\t\t\t\t\t\t\t\t<li class=\"elementor-icon-list-item elementor-inline-item\">\n\t\t\t\t\t\t\t\t\t\t<span class=\"elementor-icon-list-text\"><\/span>\n\t\t\t\t\t\t\t\t\t<\/li>\n\t\t\t\t\t\t<\/ul>\n\t\t\t\t\t\t<\/div>\n\t\t\t\t<\/div>\n\t\t\t\t<div class=\"elementor-element elementor-element-89ea136 elementor-invisible elementor-widget elementor-widget-image\" data-id=\"89ea136\" data-element_type=\"widget\" data-e-type=\"widget\" data-settings=\"{&quot;_animation&quot;:&quot;fadeInRight&quot;}\" data-widget_type=\"image.default\">\n\t\t\t\t\t\t\t\t\t\t\t\t\t\t\t<img fetchpriority=\"high\" decoding=\"async\" width=\"569\" height=\"399\" src=\"https:\/\/ds4mmed.uv.es\/wp-content\/uploads\/2025\/11\/Noticia24.png\" class=\"attachment-full size-full wp-image-3712\" alt=\"\" srcset=\"https:\/\/ds4mmed.uv.es\/wp-content\/uploads\/2025\/11\/Noticia24.png 569w, https:\/\/ds4mmed.uv.es\/wp-content\/uploads\/2025\/11\/Noticia24-300x210.png 300w\" sizes=\"(max-width: 569px) 100vw, 569px\" \/>\t\t\t\t\t\t\t\t\t\t\t\t\t\t\t<\/div>\n\t\t\t\t<\/div>\n\t\t<div class=\"elementor-element elementor-element-aac12f8 e-con-full e-flex elementor-invisible e-con e-child\" data-id=\"aac12f8\" data-element_type=\"container\" data-e-type=\"container\" data-settings=\"{&quot;animation&quot;:&quot;fadeInUp&quot;}\">\n\t\t\t\t<div class=\"elementor-element elementor-element-0c8df65 elementor-widget__width-initial elementor-widget-mobile__width-inherit elementor-widget-tablet__width-inherit elementor-widget elementor-widget-text-editor\" data-id=\"0c8df65\" data-element_type=\"widget\" data-e-type=\"widget\" data-widget_type=\"text-editor.default\">\n\t\t\t\t\t\t\t\t\t<div class=\"ewa-rteLine\"><p data-start=\"181\" data-end=\"532\">Els dies 26 i 27 de novembre de 2024 se celebra la International Conference <em data-start=\"257\" data-end=\"325\">\u00abIntelligent Transport Systems: Ecology, Safety, Quality, Comfort\u00bb<\/em>, organitzada per la Universitat Nacional del Transport en col\u00b7laboraci\u00f3 amb el Ministeri d\u2019Educaci\u00f3 i Ci\u00e8ncia d\u2019Ucra\u00efna, i en la qual Francisco Alonso, director de l\u2019INTRAS, forma part del Comit\u00e9 Cient\u00edfic.<\/p><p data-start=\"534\" data-end=\"807\">Els sistemes de transport intel\u00b7ligents representen una tend\u00e8ncia clau en la gesti\u00f3 moderna de la mobilitat, orientada a millorar la seguretat vi\u00e0ria, optimitzar el transport de persones i mercaderies, reduir la congesti\u00f3 del tr\u00e0nsit i minimitzar l\u2019impacte ambiental.<\/p><p data-start=\"809\" data-end=\"1199\" data-is-last-node=\"\" data-is-only-node=\"\">La trobada va reunir representants de l\u2019\u00e0mbit cient\u00edfic d\u2019Ucra\u00efna i Europa, aix\u00ed com institucions p\u00fabliques i privades, amb l\u2019objectiu d\u2019afavorir l\u2019intercanvi de coneixements i experi\u00e8ncies. Entre els assistents, es va fer refer\u00e8ncia al nou projecte DS4M Mediterr\u00e1neo, destinat a impulsar la cooperaci\u00f3 i la innovaci\u00f3 en mat\u00e8ria de sistemes intel\u00b7ligents de transport en l\u2019\u00e0mbit mediterrani.<\/p><\/div>\t\t\t\t\t\t\t\t<\/div>\n\t\t\t\t<\/div>\n\t\t\t\t\t<\/div>\n\t\t\t\t<\/div>\n\t\t\t\t<\/div>\n\t\t","protected":false},"excerpt":{"rendered":"<p>El projecte DS4M Mediterr\u00e1neo, present en la International Conference \u00abIntelligent Transport Systems: Ecology, Safety, Quality, Comfort\u00bb Publicat el 26 de novembre de 2024 Els dies 26 i 27 de novembre de 2024 se celebra la International Conference \u00abIntelligent Transport Systems: Ecology, Safety, Quality, Comfort\u00bb, organitzada per la Universitat Nacional del Transport en col\u00b7laboraci\u00f3 amb el [&hellip;]<\/p>\n","protected":false},"author":1,"featured_media":0,"parent":0,"menu_order":0,"comment_status":"closed","ping_status":"closed","template":"","meta":{"footnotes":""},"class_list":["post-7154","page","type-page","status-publish","hentry"],"yoast_head":"<!-- This site is optimized with the Yoast SEO plugin v27.4 - https:\/\/yoast.com\/product\/yoast-seo-wordpress\/ -->\n<title>DS4M Mediterr\u00e1neo \u2013 Presencia en la International Conference sobre Intelligent Transport Systems<\/title>\n<meta name=\"description\" content=\"El proyecto DS4M Mediterr\u00e1neo estuvo presente en la International Conference \u201cIntelligent Transport Systems: Ecology, Safety, Quality, Comfort\u201d, un encuentro internacional que reuni\u00f3 expertos de Europa y Ucrania para abordar los avances en movilidad inteligente y sistemas de transporte.\" \/>\n<meta name=\"robots\" content=\"index, follow, max-snippet:-1, max-image-preview:large, max-video-preview:-1\" \/>\n<link rel=\"canonical\" href=\"https:\/\/ds4mmed.uv.es\/index.php\/ca\/ds4m-mediterraneo-presencia-international-conference-its\/\" \/>\n<meta property=\"og:locale\" content=\"es_ES\" \/>\n<meta property=\"og:type\" content=\"article\" \/>\n<meta property=\"og:title\" content=\"DS4M Mediterr\u00e1neo \u2013 Presencia en la International Conference sobre Intelligent Transport Systems\" \/>\n<meta property=\"og:description\" content=\"El proyecto DS4M Mediterr\u00e1neo estuvo presente en la International Conference \u201cIntelligent Transport Systems: Ecology, Safety, Quality, Comfort\u201d, un encuentro internacional que reuni\u00f3 expertos de Europa y Ucrania para abordar los avances en movilidad inteligente y sistemas de transporte.\" \/>\n<meta property=\"og:url\" content=\"https:\/\/ds4mmed.uv.es\/index.php\/ca\/ds4m-mediterraneo-presencia-international-conference-its\/\" \/>\n<meta property=\"og:site_name\" content=\"DS4M Mediterr\u00e1neo\" \/>\n<meta property=\"article:modified_time\" content=\"2025-11-26T08:50:20+00:00\" \/>\n<meta property=\"og:image\" content=\"https:\/\/ds4mmed.uv.es\/wp-content\/uploads\/2025\/11\/Noticia24.png\" \/>\n<meta name=\"twitter:card\" content=\"summary_large_image\" \/>\n<meta name=\"twitter:label1\" content=\"Tiempo de lectura\" \/>\n\t<meta name=\"twitter:data1\" content=\"1 minuto\" \/>\n<script type=\"application\/ld+json\" class=\"yoast-schema-graph\">{\"@context\":\"https:\\\/\\\/schema.org\",\"@graph\":[{\"@type\":\"WebPage\",\"@id\":\"https:\\\/\\\/ds4mmed.uv.es\\\/index.php\\\/ca\\\/ds4m-mediterraneo-presencia-international-conference-its\\\/\",\"url\":\"https:\\\/\\\/ds4mmed.uv.es\\\/index.php\\\/ca\\\/ds4m-mediterraneo-presencia-international-conference-its\\\/\",\"name\":\"DS4M Mediterr\u00e1neo \u2013 Presencia en la International Conference sobre Intelligent Transport Systems\",\"isPartOf\":{\"@id\":\"https:\\\/\\\/ds4mmed.uv.es\\\/#website\"},\"primaryImageOfPage\":{\"@id\":\"https:\\\/\\\/ds4mmed.uv.es\\\/index.php\\\/ca\\\/ds4m-mediterraneo-presencia-international-conference-its\\\/#primaryimage\"},\"image\":{\"@id\":\"https:\\\/\\\/ds4mmed.uv.es\\\/index.php\\\/ca\\\/ds4m-mediterraneo-presencia-international-conference-its\\\/#primaryimage\"},\"thumbnailUrl\":\"https:\\\/\\\/ds4mmed.uv.es\\\/wp-content\\\/uploads\\\/2025\\\/11\\\/Noticia24.png\",\"datePublished\":\"2025-11-19T09:48:40+00:00\",\"dateModified\":\"2025-11-26T08:50:20+00:00\",\"description\":\"El proyecto DS4M Mediterr\u00e1neo estuvo presente en la International Conference \u201cIntelligent Transport Systems: Ecology, Safety, Quality, Comfort\u201d, un encuentro internacional que reuni\u00f3 expertos de Europa y Ucrania para abordar los avances en movilidad inteligente y sistemas de transporte.\",\"breadcrumb\":{\"@id\":\"https:\\\/\\\/ds4mmed.uv.es\\\/index.php\\\/ca\\\/ds4m-mediterraneo-presencia-international-conference-its\\\/#breadcrumb\"},\"inLanguage\":\"es\",\"potentialAction\":[{\"@type\":\"ReadAction\",\"target\":[\"https:\\\/\\\/ds4mmed.uv.es\\\/index.php\\\/ca\\\/ds4m-mediterraneo-presencia-international-conference-its\\\/\"]}]},{\"@type\":\"ImageObject\",\"inLanguage\":\"es\",\"@id\":\"https:\\\/\\\/ds4mmed.uv.es\\\/index.php\\\/ca\\\/ds4m-mediterraneo-presencia-international-conference-its\\\/#primaryimage\",\"url\":\"https:\\\/\\\/ds4mmed.uv.es\\\/wp-content\\\/uploads\\\/2025\\\/11\\\/Noticia24.png\",\"contentUrl\":\"https:\\\/\\\/ds4mmed.uv.es\\\/wp-content\\\/uploads\\\/2025\\\/11\\\/Noticia24.png\",\"width\":569,\"height\":399},{\"@type\":\"BreadcrumbList\",\"@id\":\"https:\\\/\\\/ds4mmed.uv.es\\\/index.php\\\/ca\\\/ds4m-mediterraneo-presencia-international-conference-its\\\/#breadcrumb\",\"itemListElement\":[{\"@type\":\"ListItem\",\"position\":1,\"name\":\"Portada\",\"item\":\"https:\\\/\\\/ds4mmed.uv.es\\\/index.php\\\/es\\\/\"},{\"@type\":\"ListItem\",\"position\":2,\"name\":\"Noticia 3 &#8211; El projecte DS4M Mediterr\u00e1neo, present en la International Conference \u00abIntelligent Transport Systems: Ecology, Safety, Quality, Comfort\u00bb\"}]},{\"@type\":\"WebSite\",\"@id\":\"https:\\\/\\\/ds4mmed.uv.es\\\/#website\",\"url\":\"https:\\\/\\\/ds4mmed.uv.es\\\/\",\"name\":\"DS4M Mediterr\u00e1neo\",\"description\":\"\",\"publisher\":{\"@id\":\"https:\\\/\\\/ds4mmed.uv.es\\\/#organization\"},\"potentialAction\":[{\"@type\":\"SearchAction\",\"target\":{\"@type\":\"EntryPoint\",\"urlTemplate\":\"https:\\\/\\\/ds4mmed.uv.es\\\/?s={search_term_string}\"},\"query-input\":{\"@type\":\"PropertyValueSpecification\",\"valueRequired\":true,\"valueName\":\"search_term_string\"}}],\"inLanguage\":\"es\"},{\"@type\":\"Organization\",\"@id\":\"https:\\\/\\\/ds4mmed.uv.es\\\/#organization\",\"name\":\"DS4M Mediterr\u00e1neo\",\"url\":\"https:\\\/\\\/ds4mmed.uv.es\\\/\",\"logo\":{\"@type\":\"ImageObject\",\"inLanguage\":\"es\",\"@id\":\"https:\\\/\\\/ds4mmed.uv.es\\\/#\\\/schema\\\/logo\\\/image\\\/\",\"url\":\"https:\\\/\\\/ds4mmed.uv.es\\\/wp-content\\\/uploads\\\/2025\\\/07\\\/Logo-cambio-resolucion-scaled.png\",\"contentUrl\":\"https:\\\/\\\/ds4mmed.uv.es\\\/wp-content\\\/uploads\\\/2025\\\/07\\\/Logo-cambio-resolucion-scaled.png\",\"width\":2560,\"height\":980,\"caption\":\"DS4M Mediterr\u00e1neo\"},\"image\":{\"@id\":\"https:\\\/\\\/ds4mmed.uv.es\\\/#\\\/schema\\\/logo\\\/image\\\/\"}}]}<\/script>\n<!-- \/ Yoast SEO plugin. -->","yoast_head_json":{"title":"DS4M Mediterr\u00e1neo \u2013 Presencia en la International Conference sobre Intelligent Transport Systems","description":"El proyecto DS4M Mediterr\u00e1neo estuvo presente en la International Conference \u201cIntelligent Transport Systems: Ecology, Safety, Quality, Comfort\u201d, un encuentro internacional que reuni\u00f3 expertos de Europa y Ucrania para abordar los avances en movilidad inteligente y sistemas de transporte.","robots":{"index":"index","follow":"follow","max-snippet":"max-snippet:-1","max-image-preview":"max-image-preview:large","max-video-preview":"max-video-preview:-1"},"canonical":"https:\/\/ds4mmed.uv.es\/index.php\/ca\/ds4m-mediterraneo-presencia-international-conference-its\/","og_locale":"es_ES","og_type":"article","og_title":"DS4M Mediterr\u00e1neo \u2013 Presencia en la International Conference sobre Intelligent Transport Systems","og_description":"El proyecto DS4M Mediterr\u00e1neo estuvo presente en la International Conference \u201cIntelligent Transport Systems: Ecology, Safety, Quality, Comfort\u201d, un encuentro internacional que reuni\u00f3 expertos de Europa y Ucrania para abordar los avances en movilidad inteligente y sistemas de transporte.","og_url":"https:\/\/ds4mmed.uv.es\/index.php\/ca\/ds4m-mediterraneo-presencia-international-conference-its\/","og_site_name":"DS4M Mediterr\u00e1neo","article_modified_time":"2025-11-26T08:50:20+00:00","og_image":[{"url":"https:\/\/ds4mmed.uv.es\/wp-content\/uploads\/2025\/11\/Noticia24.png","type":"","width":"","height":""}],"twitter_card":"summary_large_image","twitter_misc":{"Tiempo de lectura":"1 minuto"},"schema":{"@context":"https:\/\/schema.org","@graph":[{"@type":"WebPage","@id":"https:\/\/ds4mmed.uv.es\/index.php\/ca\/ds4m-mediterraneo-presencia-international-conference-its\/","url":"https:\/\/ds4mmed.uv.es\/index.php\/ca\/ds4m-mediterraneo-presencia-international-conference-its\/","name":"DS4M Mediterr\u00e1neo \u2013 Presencia en la International Conference sobre Intelligent Transport Systems","isPartOf":{"@id":"https:\/\/ds4mmed.uv.es\/#website"},"primaryImageOfPage":{"@id":"https:\/\/ds4mmed.uv.es\/index.php\/ca\/ds4m-mediterraneo-presencia-international-conference-its\/#primaryimage"},"image":{"@id":"https:\/\/ds4mmed.uv.es\/index.php\/ca\/ds4m-mediterraneo-presencia-international-conference-its\/#primaryimage"},"thumbnailUrl":"https:\/\/ds4mmed.uv.es\/wp-content\/uploads\/2025\/11\/Noticia24.png","datePublished":"2025-11-19T09:48:40+00:00","dateModified":"2025-11-26T08:50:20+00:00","description":"El proyecto DS4M Mediterr\u00e1neo estuvo presente en la International Conference \u201cIntelligent Transport Systems: Ecology, Safety, Quality, Comfort\u201d, un encuentro internacional que reuni\u00f3 expertos de Europa y Ucrania para abordar los avances en movilidad inteligente y sistemas de transporte.","breadcrumb":{"@id":"https:\/\/ds4mmed.uv.es\/index.php\/ca\/ds4m-mediterraneo-presencia-international-conference-its\/#breadcrumb"},"inLanguage":"es","potentialAction":[{"@type":"ReadAction","target":["https:\/\/ds4mmed.uv.es\/index.php\/ca\/ds4m-mediterraneo-presencia-international-conference-its\/"]}]},{"@type":"ImageObject","inLanguage":"es","@id":"https:\/\/ds4mmed.uv.es\/index.php\/ca\/ds4m-mediterraneo-presencia-international-conference-its\/#primaryimage","url":"https:\/\/ds4mmed.uv.es\/wp-content\/uploads\/2025\/11\/Noticia24.png","contentUrl":"https:\/\/ds4mmed.uv.es\/wp-content\/uploads\/2025\/11\/Noticia24.png","width":569,"height":399},{"@type":"BreadcrumbList","@id":"https:\/\/ds4mmed.uv.es\/index.php\/ca\/ds4m-mediterraneo-presencia-international-conference-its\/#breadcrumb","itemListElement":[{"@type":"ListItem","position":1,"name":"Portada","item":"https:\/\/ds4mmed.uv.es\/index.php\/es\/"},{"@type":"ListItem","position":2,"name":"Noticia 3 &#8211; El projecte DS4M Mediterr\u00e1neo, present en la International Conference \u00abIntelligent Transport Systems: Ecology, Safety, Quality, Comfort\u00bb"}]},{"@type":"WebSite","@id":"https:\/\/ds4mmed.uv.es\/#website","url":"https:\/\/ds4mmed.uv.es\/","name":"DS4M Mediterr\u00e1neo","description":"","publisher":{"@id":"https:\/\/ds4mmed.uv.es\/#organization"},"potentialAction":[{"@type":"SearchAction","target":{"@type":"EntryPoint","urlTemplate":"https:\/\/ds4mmed.uv.es\/?s={search_term_string}"},"query-input":{"@type":"PropertyValueSpecification","valueRequired":true,"valueName":"search_term_string"}}],"inLanguage":"es"},{"@type":"Organization","@id":"https:\/\/ds4mmed.uv.es\/#organization","name":"DS4M Mediterr\u00e1neo","url":"https:\/\/ds4mmed.uv.es\/","logo":{"@type":"ImageObject","inLanguage":"es","@id":"https:\/\/ds4mmed.uv.es\/#\/schema\/logo\/image\/","url":"https:\/\/ds4mmed.uv.es\/wp-content\/uploads\/2025\/07\/Logo-cambio-resolucion-scaled.png","contentUrl":"https:\/\/ds4mmed.uv.es\/wp-content\/uploads\/2025\/07\/Logo-cambio-resolucion-scaled.png","width":2560,"height":980,"caption":"DS4M Mediterr\u00e1neo"},"image":{"@id":"https:\/\/ds4mmed.uv.es\/#\/schema\/logo\/image\/"}}]}},"_links":{"self":[{"href":"https:\/\/ds4mmed.uv.es\/index.php\/wp-json\/wp\/v2\/pages\/7154","targetHints":{"allow":["GET"]}}],"collection":[{"href":"https:\/\/ds4mmed.uv.es\/index.php\/wp-json\/wp\/v2\/pages"}],"about":[{"href":"https:\/\/ds4mmed.uv.es\/index.php\/wp-json\/wp\/v2\/types\/page"}],"author":[{"embeddable":true,"href":"https:\/\/ds4mmed.uv.es\/index.php\/wp-json\/wp\/v2\/users\/1"}],"replies":[{"embeddable":true,"href":"https:\/\/ds4mmed.uv.es\/index.php\/wp-json\/wp\/v2\/comments?post=7154"}],"version-history":[{"count":18,"href":"https:\/\/ds4mmed.uv.es\/index.php\/wp-json\/wp\/v2\/pages\/7154\/revisions"}],"predecessor-version":[{"id":9050,"href":"https:\/\/ds4mmed.uv.es\/index.php\/wp-json\/wp\/v2\/pages\/7154\/revisions\/9050"}],"wp:attachment":[{"href":"https:\/\/ds4mmed.uv.es\/index.php\/wp-json\/wp\/v2\/media?parent=7154"}],"curies":[{"name":"wp","href":"https:\/\/api.w.org\/{rel}","templated":true}]}}