{"id":7122,"date":"2025-11-19T10:43:25","date_gmt":"2025-11-19T09:43:25","guid":{"rendered":"https:\/\/ds4mmed.uv.es\/?page_id=7122"},"modified":"2025-11-26T10:37:41","modified_gmt":"2025-11-26T09:37:41","slug":"nou-diploma-gestio-mobilitat-intelligent-espais-dades","status":"publish","type":"page","link":"https:\/\/ds4mmed.uv.es\/index.php\/ca\/nou-diploma-gestio-mobilitat-intelligent-espais-dades\/","title":{"rendered":"Noticia 17 &#8211; Nou Diploma d\u2019Especialitzaci\u00f3 en Gesti\u00f3 de la Mobilitat Intel\u00b7ligent i Espais de Dades"},"content":{"rendered":"\t\t<div data-elementor-type=\"wp-page\" data-elementor-id=\"7122\" class=\"elementor elementor-7122\">\n\t\t\t\t<div class=\"elementor-element elementor-element-6c62525 e-flex e-con-boxed e-con e-child\" data-id=\"6c62525\" data-element_type=\"container\" data-e-type=\"container\" data-settings=\"{&quot;background_background&quot;:&quot;classic&quot;}\">\n\t\t\t\t\t<div class=\"e-con-inner\">\n\t\t<div class=\"elementor-element elementor-element-6debc5d e-con-full e-flex e-con e-child\" data-id=\"6debc5d\" data-element_type=\"container\" data-e-type=\"container\">\n\t\t<div class=\"elementor-element elementor-element-3b5bf26 e-con-full e-flex elementor-invisible e-con e-child\" data-id=\"3b5bf26\" data-element_type=\"container\" data-e-type=\"container\" data-settings=\"{&quot;animation&quot;:&quot;fadeInLeft&quot;}\">\n\t\t\t\t<div class=\"elementor-element elementor-element-da9e6f3 elementor-widget elementor-widget-heading\" data-id=\"da9e6f3\" data-element_type=\"widget\" data-e-type=\"widget\" data-widget_type=\"heading.default\">\n\t\t\t\t\t<h1 class=\"elementor-heading-title elementor-size-default\">Nou Diploma d\u2019Especialitzaci\u00f3 en Gesti\u00f3 de la Mobilitat Intel\u00b7ligent i Espais de Dades<\/h1>\t\t\t\t<\/div>\n\t\t\t\t<div class=\"elementor-element elementor-element-e2a4a87 elementor-icon-list--layout-inline elementor-align-center elementor-list-item-link-full_width elementor-widget elementor-widget-icon-list\" data-id=\"e2a4a87\" data-element_type=\"widget\" data-e-type=\"widget\" data-widget_type=\"icon-list.default\">\n\t\t\t\t\t\t\t<ul class=\"elementor-icon-list-items elementor-inline-items\">\n\t\t\t\t\t\t\t<li class=\"elementor-icon-list-item elementor-inline-item\">\n\t\t\t\t\t\t\t\t\t\t<span class=\"elementor-icon-list-text\"><\/span>\n\t\t\t\t\t\t\t\t\t<\/li>\n\t\t\t\t\t\t\t\t<li class=\"elementor-icon-list-item elementor-inline-item\">\n\t\t\t\t\t\t\t\t\t\t<span class=\"elementor-icon-list-text\"><\/span>\n\t\t\t\t\t\t\t\t\t<\/li>\n\t\t\t\t\t\t<\/ul>\n\t\t\t\t\t\t<\/div>\n\t\t\t\t<div class=\"elementor-element elementor-element-07f1af8 elementor-icon-list--layout-inline elementor-align-center elementor-list-item-link-full_width elementor-widget elementor-widget-icon-list\" data-id=\"07f1af8\" data-element_type=\"widget\" data-e-type=\"widget\" data-widget_type=\"icon-list.default\">\n\t\t\t\t\t\t\t<ul class=\"elementor-icon-list-items elementor-inline-items\">\n\t\t\t\t\t\t\t<li class=\"elementor-icon-list-item elementor-inline-item\">\n\t\t\t\t\t\t\t\t\t\t<span class=\"elementor-icon-list-text\">Publicat el<\/span>\n\t\t\t\t\t\t\t\t\t<\/li>\n\t\t\t\t\t\t\t\t<li class=\"elementor-icon-list-item elementor-inline-item\">\n\t\t\t\t\t\t\t\t\t\t<span class=\"elementor-icon-list-text\">24 d\u2019agost de 2025<\/span>\n\t\t\t\t\t\t\t\t\t<\/li>\n\t\t\t\t\t\t<\/ul>\n\t\t\t\t\t\t<\/div>\n\t\t\t\t<\/div>\n\t\t\t\t<div class=\"elementor-element elementor-element-89ea136 elementor-invisible elementor-widget elementor-widget-image\" data-id=\"89ea136\" data-element_type=\"widget\" data-e-type=\"widget\" data-settings=\"{&quot;_animation&quot;:&quot;fadeInRight&quot;}\" data-widget_type=\"image.default\">\n\t\t\t\t\t\t\t\t\t\t\t\t\t\t\t<img fetchpriority=\"high\" decoding=\"async\" width=\"800\" height=\"575\" src=\"https:\/\/ds4mmed.uv.es\/wp-content\/uploads\/2025\/11\/Noticia17-1.png\" class=\"attachment-full size-full wp-image-5117\" alt=\"\" srcset=\"https:\/\/ds4mmed.uv.es\/wp-content\/uploads\/2025\/11\/Noticia17-1.png 800w, https:\/\/ds4mmed.uv.es\/wp-content\/uploads\/2025\/11\/Noticia17-1-300x216.png 300w, https:\/\/ds4mmed.uv.es\/wp-content\/uploads\/2025\/11\/Noticia17-1-768x552.png 768w\" sizes=\"(max-width: 800px) 100vw, 800px\" \/>\t\t\t\t\t\t\t\t\t\t\t\t\t\t\t<\/div>\n\t\t\t\t<\/div>\n\t\t<div class=\"elementor-element elementor-element-aac12f8 e-con-full e-flex elementor-invisible e-con e-child\" data-id=\"aac12f8\" data-element_type=\"container\" data-e-type=\"container\" data-settings=\"{&quot;animation&quot;:&quot;fadeInUp&quot;}\">\n\t\t\t\t<div class=\"elementor-element elementor-element-0c8df65 elementor-widget__width-initial elementor-widget-mobile__width-inherit elementor-widget-tablet__width-inherit elementor-widget elementor-widget-text-editor\" data-id=\"0c8df65\" data-element_type=\"widget\" data-e-type=\"widget\" data-widget_type=\"text-editor.default\">\n\t\t\t\t\t\t\t\t\t<div class=\"ewa-rteLine\">\n<p data-start=\"121\" data-end=\"639\">La Universitat de Val\u00e8ncia llan\u00e7a el nou Diploma d\u2019Especialitzaci\u00f3 en Gesti\u00f3 de la Mobilitat Intel\u00b7ligent i Espais de Dades, un programa 100 % en l\u00ednia dissenyat per formar professionals capaces de liderar la transformaci\u00f3 digital de la mobilitat urbana i interurbana.<br data-start=\"389\" data-end=\"392\">En un context marcat pel creixement de les smart cities i la digitalitzaci\u00f3 del transport, aquesta formaci\u00f3 ofereix una visi\u00f3 estrat\u00e8gica i aplicada sobre l\u2019\u00fas de dades per dissenyar solucions de mobilitat m\u00e9s eficients, sostenibles i connectades.<\/p>\n<p data-start=\"641\" data-end=\"910\">El programa est\u00e0 dirigit per:<br data-start=\"670\" data-end=\"673\">Francisco Manuel Alonso, Director de l\u2019Instituto Universitario de Investigaci\u00f3n en Tr\u00e1nsito i Seguridad Vial (INTRAS).<br data-start=\"788\" data-end=\"791\">Jaume Barcel\u00f3, Professor Em\u00e8rit de la Universitat Polit\u00e8cnica de Catalunya i membre del Consell Cient\u00edfic de PTV Group.<\/p>\n<p data-start=\"912\" data-end=\"943\">Caracter\u00edstiques del diploma:<\/p>\n<ul data-start=\"944\" data-end=\"1223\">\n<li data-start=\"944\" data-end=\"963\">\n<p data-start=\"946\" data-end=\"963\">36 cr\u00e8dits ECTS<\/p>\n<\/li>\n<li data-start=\"964\" data-end=\"1022\">\n<p data-start=\"966\" data-end=\"1022\">Dates: del 2 de novembre de 2025 al 30 de juny de 2026<\/p>\n<\/li>\n<li data-start=\"1023\" data-end=\"1107\">\n<p data-start=\"1025\" data-end=\"1107\">Metodologia flexible i en l\u00ednia, a trav\u00e9s de l\u2019Aula Virtual de la Fundaci\u00f3 ADEIT<\/p>\n<\/li>\n<li data-start=\"1108\" data-end=\"1166\">\n<p data-start=\"1110\" data-end=\"1166\">Treball aut\u00f2nom per aplicar els coneixements adquirits<\/p>\n<\/li>\n<li data-start=\"1167\" data-end=\"1223\">\n<p data-start=\"1169\" data-end=\"1223\">Acc\u00e9s a ferramentes digitals i continguts actualitzats<\/p>\n<\/li>\n<\/ul>\n<p data-start=\"1225\" data-end=\"1467\" data-is-last-node=\"\" data-is-only-node=\"\">A qui va dirigit<br data-start=\"1241\" data-end=\"1244\">Aquesta formaci\u00f3 est\u00e0 orientada a titulats i professionals del sector p\u00fablic o privat amb inter\u00e8s en la mobilitat sostenible, els sistemes intel\u00b7ligents de transport i l\u2019an\u00e0lisi de dades espacials aplicades a l\u2019entorn urb\u00e0.<\/p>\n<\/div>\t\t\t\t\t\t\t\t<\/div>\n\t\t\t\t<\/div>\n\t\t\t\t\t<\/div>\n\t\t\t\t<\/div>\n\t\t\t\t<\/div>\n\t\t","protected":false},"excerpt":{"rendered":"<p>Nou Diploma d\u2019Especialitzaci\u00f3 en Gesti\u00f3 de la Mobilitat Intel\u00b7ligent i Espais de Dades Publicat el 24 d\u2019agost de 2025 La Universitat de Val\u00e8ncia llan\u00e7a el nou Diploma d\u2019Especialitzaci\u00f3 en Gesti\u00f3 de la Mobilitat Intel\u00b7ligent i Espais de Dades, un programa 100 % en l\u00ednia dissenyat per formar professionals capaces de liderar la transformaci\u00f3 digital de [&hellip;]<\/p>\n","protected":false},"author":1,"featured_media":0,"parent":0,"menu_order":0,"comment_status":"closed","ping_status":"closed","template":"","meta":{"footnotes":""},"class_list":["post-7122","page","type-page","status-publish","hentry"],"yoast_head":"<!-- This site is optimized with the Yoast SEO plugin v27.4 - https:\/\/yoast.com\/product\/yoast-seo-wordpress\/ -->\n<title>DS4M Mediterr\u00e1neo \u2013 Nou Diploma en Gesti\u00f3 de la Mobilitat Intel\u00b7ligent i Espais de Dades<\/title>\n<meta name=\"description\" content=\"La Universitat de Val\u00e8ncia presenta el nou Diploma en Mobilitat Intel\u00b7ligent i Espais de Dades. Programa 100 % online per liderar la transformaci\u00f3 digital del transport.\" \/>\n<meta name=\"robots\" content=\"index, follow, max-snippet:-1, max-image-preview:large, max-video-preview:-1\" \/>\n<link rel=\"canonical\" href=\"https:\/\/ds4mmed.uv.es\/index.php\/ca\/nou-diploma-gestio-mobilitat-intelligent-espais-dades\/\" \/>\n<meta property=\"og:locale\" content=\"es_ES\" \/>\n<meta property=\"og:type\" content=\"article\" \/>\n<meta property=\"og:title\" content=\"DS4M Mediterr\u00e1neo \u2013 Nou Diploma en Gesti\u00f3 de la Mobilitat Intel\u00b7ligent i Espais de Dades\" \/>\n<meta property=\"og:description\" content=\"La Universitat de Val\u00e8ncia presenta el nou Diploma en Mobilitat Intel\u00b7ligent i Espais de Dades. Programa 100 % online per liderar la transformaci\u00f3 digital del transport.\" \/>\n<meta property=\"og:url\" content=\"https:\/\/ds4mmed.uv.es\/index.php\/ca\/nou-diploma-gestio-mobilitat-intelligent-espais-dades\/\" \/>\n<meta property=\"og:site_name\" content=\"DS4M Mediterr\u00e1neo\" \/>\n<meta property=\"article:modified_time\" content=\"2025-11-26T09:37:41+00:00\" \/>\n<meta property=\"og:image\" content=\"https:\/\/ds4mmed.uv.es\/wp-content\/uploads\/2025\/11\/Noticia17-1.png\" \/>\n<meta name=\"twitter:card\" content=\"summary_large_image\" \/>\n<meta name=\"twitter:label1\" content=\"Tiempo de lectura\" \/>\n\t<meta name=\"twitter:data1\" content=\"2 minutos\" \/>\n<script type=\"application\/ld+json\" class=\"yoast-schema-graph\">{\"@context\":\"https:\\\/\\\/schema.org\",\"@graph\":[{\"@type\":\"WebPage\",\"@id\":\"https:\\\/\\\/ds4mmed.uv.es\\\/index.php\\\/ca\\\/nou-diploma-gestio-mobilitat-intelligent-espais-dades\\\/\",\"url\":\"https:\\\/\\\/ds4mmed.uv.es\\\/index.php\\\/ca\\\/nou-diploma-gestio-mobilitat-intelligent-espais-dades\\\/\",\"name\":\"DS4M Mediterr\u00e1neo \u2013 Nou Diploma en Gesti\u00f3 de la Mobilitat Intel\u00b7ligent i Espais de Dades\",\"isPartOf\":{\"@id\":\"https:\\\/\\\/ds4mmed.uv.es\\\/#website\"},\"primaryImageOfPage\":{\"@id\":\"https:\\\/\\\/ds4mmed.uv.es\\\/index.php\\\/ca\\\/nou-diploma-gestio-mobilitat-intelligent-espais-dades\\\/#primaryimage\"},\"image\":{\"@id\":\"https:\\\/\\\/ds4mmed.uv.es\\\/index.php\\\/ca\\\/nou-diploma-gestio-mobilitat-intelligent-espais-dades\\\/#primaryimage\"},\"thumbnailUrl\":\"https:\\\/\\\/ds4mmed.uv.es\\\/wp-content\\\/uploads\\\/2025\\\/11\\\/Noticia17-1.png\",\"datePublished\":\"2025-11-19T09:43:25+00:00\",\"dateModified\":\"2025-11-26T09:37:41+00:00\",\"description\":\"La Universitat de Val\u00e8ncia presenta el nou Diploma en Mobilitat Intel\u00b7ligent i Espais de Dades. Programa 100 % online per liderar la transformaci\u00f3 digital del transport.\",\"breadcrumb\":{\"@id\":\"https:\\\/\\\/ds4mmed.uv.es\\\/index.php\\\/ca\\\/nou-diploma-gestio-mobilitat-intelligent-espais-dades\\\/#breadcrumb\"},\"inLanguage\":\"es\",\"potentialAction\":[{\"@type\":\"ReadAction\",\"target\":[\"https:\\\/\\\/ds4mmed.uv.es\\\/index.php\\\/ca\\\/nou-diploma-gestio-mobilitat-intelligent-espais-dades\\\/\"]}]},{\"@type\":\"ImageObject\",\"inLanguage\":\"es\",\"@id\":\"https:\\\/\\\/ds4mmed.uv.es\\\/index.php\\\/ca\\\/nou-diploma-gestio-mobilitat-intelligent-espais-dades\\\/#primaryimage\",\"url\":\"https:\\\/\\\/ds4mmed.uv.es\\\/wp-content\\\/uploads\\\/2025\\\/11\\\/Noticia17-1.png\",\"contentUrl\":\"https:\\\/\\\/ds4mmed.uv.es\\\/wp-content\\\/uploads\\\/2025\\\/11\\\/Noticia17-1.png\",\"width\":800,\"height\":575},{\"@type\":\"BreadcrumbList\",\"@id\":\"https:\\\/\\\/ds4mmed.uv.es\\\/index.php\\\/ca\\\/nou-diploma-gestio-mobilitat-intelligent-espais-dades\\\/#breadcrumb\",\"itemListElement\":[{\"@type\":\"ListItem\",\"position\":1,\"name\":\"Portada\",\"item\":\"https:\\\/\\\/ds4mmed.uv.es\\\/index.php\\\/es\\\/\"},{\"@type\":\"ListItem\",\"position\":2,\"name\":\"Noticia 17 &#8211; Nou Diploma d\u2019Especialitzaci\u00f3 en Gesti\u00f3 de la Mobilitat Intel\u00b7ligent i Espais de Dades\"}]},{\"@type\":\"WebSite\",\"@id\":\"https:\\\/\\\/ds4mmed.uv.es\\\/#website\",\"url\":\"https:\\\/\\\/ds4mmed.uv.es\\\/\",\"name\":\"DS4M Mediterr\u00e1neo\",\"description\":\"\",\"publisher\":{\"@id\":\"https:\\\/\\\/ds4mmed.uv.es\\\/#organization\"},\"potentialAction\":[{\"@type\":\"SearchAction\",\"target\":{\"@type\":\"EntryPoint\",\"urlTemplate\":\"https:\\\/\\\/ds4mmed.uv.es\\\/?s={search_term_string}\"},\"query-input\":{\"@type\":\"PropertyValueSpecification\",\"valueRequired\":true,\"valueName\":\"search_term_string\"}}],\"inLanguage\":\"es\"},{\"@type\":\"Organization\",\"@id\":\"https:\\\/\\\/ds4mmed.uv.es\\\/#organization\",\"name\":\"DS4M Mediterr\u00e1neo\",\"url\":\"https:\\\/\\\/ds4mmed.uv.es\\\/\",\"logo\":{\"@type\":\"ImageObject\",\"inLanguage\":\"es\",\"@id\":\"https:\\\/\\\/ds4mmed.uv.es\\\/#\\\/schema\\\/logo\\\/image\\\/\",\"url\":\"https:\\\/\\\/ds4mmed.uv.es\\\/wp-content\\\/uploads\\\/2025\\\/07\\\/Logo-cambio-resolucion-scaled.png\",\"contentUrl\":\"https:\\\/\\\/ds4mmed.uv.es\\\/wp-content\\\/uploads\\\/2025\\\/07\\\/Logo-cambio-resolucion-scaled.png\",\"width\":2560,\"height\":980,\"caption\":\"DS4M Mediterr\u00e1neo\"},\"image\":{\"@id\":\"https:\\\/\\\/ds4mmed.uv.es\\\/#\\\/schema\\\/logo\\\/image\\\/\"}}]}<\/script>\n<!-- \/ Yoast SEO plugin. -->","yoast_head_json":{"title":"DS4M Mediterr\u00e1neo \u2013 Nou Diploma en Gesti\u00f3 de la Mobilitat Intel\u00b7ligent i Espais de Dades","description":"La Universitat de Val\u00e8ncia presenta el nou Diploma en Mobilitat Intel\u00b7ligent i Espais de Dades. Programa 100 % online per liderar la transformaci\u00f3 digital del transport.","robots":{"index":"index","follow":"follow","max-snippet":"max-snippet:-1","max-image-preview":"max-image-preview:large","max-video-preview":"max-video-preview:-1"},"canonical":"https:\/\/ds4mmed.uv.es\/index.php\/ca\/nou-diploma-gestio-mobilitat-intelligent-espais-dades\/","og_locale":"es_ES","og_type":"article","og_title":"DS4M Mediterr\u00e1neo \u2013 Nou Diploma en Gesti\u00f3 de la Mobilitat Intel\u00b7ligent i Espais de Dades","og_description":"La Universitat de Val\u00e8ncia presenta el nou Diploma en Mobilitat Intel\u00b7ligent i Espais de Dades. Programa 100 % online per liderar la transformaci\u00f3 digital del transport.","og_url":"https:\/\/ds4mmed.uv.es\/index.php\/ca\/nou-diploma-gestio-mobilitat-intelligent-espais-dades\/","og_site_name":"DS4M Mediterr\u00e1neo","article_modified_time":"2025-11-26T09:37:41+00:00","og_image":[{"url":"https:\/\/ds4mmed.uv.es\/wp-content\/uploads\/2025\/11\/Noticia17-1.png","type":"","width":"","height":""}],"twitter_card":"summary_large_image","twitter_misc":{"Tiempo de lectura":"2 minutos"},"schema":{"@context":"https:\/\/schema.org","@graph":[{"@type":"WebPage","@id":"https:\/\/ds4mmed.uv.es\/index.php\/ca\/nou-diploma-gestio-mobilitat-intelligent-espais-dades\/","url":"https:\/\/ds4mmed.uv.es\/index.php\/ca\/nou-diploma-gestio-mobilitat-intelligent-espais-dades\/","name":"DS4M Mediterr\u00e1neo \u2013 Nou Diploma en Gesti\u00f3 de la Mobilitat Intel\u00b7ligent i Espais de Dades","isPartOf":{"@id":"https:\/\/ds4mmed.uv.es\/#website"},"primaryImageOfPage":{"@id":"https:\/\/ds4mmed.uv.es\/index.php\/ca\/nou-diploma-gestio-mobilitat-intelligent-espais-dades\/#primaryimage"},"image":{"@id":"https:\/\/ds4mmed.uv.es\/index.php\/ca\/nou-diploma-gestio-mobilitat-intelligent-espais-dades\/#primaryimage"},"thumbnailUrl":"https:\/\/ds4mmed.uv.es\/wp-content\/uploads\/2025\/11\/Noticia17-1.png","datePublished":"2025-11-19T09:43:25+00:00","dateModified":"2025-11-26T09:37:41+00:00","description":"La Universitat de Val\u00e8ncia presenta el nou Diploma en Mobilitat Intel\u00b7ligent i Espais de Dades. Programa 100 % online per liderar la transformaci\u00f3 digital del transport.","breadcrumb":{"@id":"https:\/\/ds4mmed.uv.es\/index.php\/ca\/nou-diploma-gestio-mobilitat-intelligent-espais-dades\/#breadcrumb"},"inLanguage":"es","potentialAction":[{"@type":"ReadAction","target":["https:\/\/ds4mmed.uv.es\/index.php\/ca\/nou-diploma-gestio-mobilitat-intelligent-espais-dades\/"]}]},{"@type":"ImageObject","inLanguage":"es","@id":"https:\/\/ds4mmed.uv.es\/index.php\/ca\/nou-diploma-gestio-mobilitat-intelligent-espais-dades\/#primaryimage","url":"https:\/\/ds4mmed.uv.es\/wp-content\/uploads\/2025\/11\/Noticia17-1.png","contentUrl":"https:\/\/ds4mmed.uv.es\/wp-content\/uploads\/2025\/11\/Noticia17-1.png","width":800,"height":575},{"@type":"BreadcrumbList","@id":"https:\/\/ds4mmed.uv.es\/index.php\/ca\/nou-diploma-gestio-mobilitat-intelligent-espais-dades\/#breadcrumb","itemListElement":[{"@type":"ListItem","position":1,"name":"Portada","item":"https:\/\/ds4mmed.uv.es\/index.php\/es\/"},{"@type":"ListItem","position":2,"name":"Noticia 17 &#8211; Nou Diploma d\u2019Especialitzaci\u00f3 en Gesti\u00f3 de la Mobilitat Intel\u00b7ligent i Espais de Dades"}]},{"@type":"WebSite","@id":"https:\/\/ds4mmed.uv.es\/#website","url":"https:\/\/ds4mmed.uv.es\/","name":"DS4M Mediterr\u00e1neo","description":"","publisher":{"@id":"https:\/\/ds4mmed.uv.es\/#organization"},"potentialAction":[{"@type":"SearchAction","target":{"@type":"EntryPoint","urlTemplate":"https:\/\/ds4mmed.uv.es\/?s={search_term_string}"},"query-input":{"@type":"PropertyValueSpecification","valueRequired":true,"valueName":"search_term_string"}}],"inLanguage":"es"},{"@type":"Organization","@id":"https:\/\/ds4mmed.uv.es\/#organization","name":"DS4M Mediterr\u00e1neo","url":"https:\/\/ds4mmed.uv.es\/","logo":{"@type":"ImageObject","inLanguage":"es","@id":"https:\/\/ds4mmed.uv.es\/#\/schema\/logo\/image\/","url":"https:\/\/ds4mmed.uv.es\/wp-content\/uploads\/2025\/07\/Logo-cambio-resolucion-scaled.png","contentUrl":"https:\/\/ds4mmed.uv.es\/wp-content\/uploads\/2025\/07\/Logo-cambio-resolucion-scaled.png","width":2560,"height":980,"caption":"DS4M Mediterr\u00e1neo"},"image":{"@id":"https:\/\/ds4mmed.uv.es\/#\/schema\/logo\/image\/"}}]}},"_links":{"self":[{"href":"https:\/\/ds4mmed.uv.es\/index.php\/wp-json\/wp\/v2\/pages\/7122","targetHints":{"allow":["GET"]}}],"collection":[{"href":"https:\/\/ds4mmed.uv.es\/index.php\/wp-json\/wp\/v2\/pages"}],"about":[{"href":"https:\/\/ds4mmed.uv.es\/index.php\/wp-json\/wp\/v2\/types\/page"}],"author":[{"embeddable":true,"href":"https:\/\/ds4mmed.uv.es\/index.php\/wp-json\/wp\/v2\/users\/1"}],"replies":[{"embeddable":true,"href":"https:\/\/ds4mmed.uv.es\/index.php\/wp-json\/wp\/v2\/comments?post=7122"}],"version-history":[{"count":11,"href":"https:\/\/ds4mmed.uv.es\/index.php\/wp-json\/wp\/v2\/pages\/7122\/revisions"}],"predecessor-version":[{"id":9140,"href":"https:\/\/ds4mmed.uv.es\/index.php\/wp-json\/wp\/v2\/pages\/7122\/revisions\/9140"}],"wp:attachment":[{"href":"https:\/\/ds4mmed.uv.es\/index.php\/wp-json\/wp\/v2\/media?parent=7122"}],"curies":[{"name":"wp","href":"https:\/\/api.w.org\/{rel}","templated":true}]}}