{"id":5645,"date":"2025-11-10T09:45:40","date_gmt":"2025-11-10T08:45:40","guid":{"rendered":"https:\/\/ds4mmed.uv.es\/?page_id=5645"},"modified":"2025-11-26T09:35:52","modified_gmt":"2025-11-26T08:35:52","slug":"ampliacion-del-kit-digital","status":"publish","type":"page","link":"https:\/\/ds4mmed.uv.es\/index.php\/es\/ampliacion-del-kit-digital\/","title":{"rendered":"Noticia 28 &#8211; Ampliaci\u00f3n del Kit Digital"},"content":{"rendered":"\t\t<div data-elementor-type=\"wp-page\" data-elementor-id=\"5645\" class=\"elementor elementor-5645\">\n\t\t\t\t<div class=\"elementor-element elementor-element-6c62525 e-flex e-con-boxed e-con e-child\" data-id=\"6c62525\" data-element_type=\"container\" data-e-type=\"container\" data-settings=\"{&quot;background_background&quot;:&quot;classic&quot;}\">\n\t\t\t\t\t<div class=\"e-con-inner\">\n\t\t<div class=\"elementor-element elementor-element-6debc5d e-con-full e-flex e-con e-child\" data-id=\"6debc5d\" data-element_type=\"container\" data-e-type=\"container\">\n\t\t<div class=\"elementor-element elementor-element-3b5bf26 e-con-full e-flex elementor-invisible e-con e-child\" data-id=\"3b5bf26\" data-element_type=\"container\" data-e-type=\"container\" data-settings=\"{&quot;animation&quot;:&quot;fadeInLeft&quot;}\">\n\t\t\t\t<div class=\"elementor-element elementor-element-da9e6f3 elementor-widget elementor-widget-heading\" data-id=\"da9e6f3\" data-element_type=\"widget\" data-e-type=\"widget\" data-widget_type=\"heading.default\">\n\t\t\t\t\t<h1 class=\"elementor-heading-title elementor-size-default\">Ampliaci\u00f3n del Kit Digital<\/h1>\t\t\t\t<\/div>\n\t\t\t\t<div class=\"elementor-element elementor-element-e2a4a87 elementor-icon-list--layout-inline elementor-align-center elementor-list-item-link-full_width elementor-widget elementor-widget-icon-list\" data-id=\"e2a4a87\" data-element_type=\"widget\" data-e-type=\"widget\" data-widget_type=\"icon-list.default\">\n\t\t\t\t\t\t\t<ul class=\"elementor-icon-list-items elementor-inline-items\">\n\t\t\t\t\t\t\t<li class=\"elementor-icon-list-item elementor-inline-item\">\n\t\t\t\t\t\t\t\t\t\t<span class=\"elementor-icon-list-text\">Publicado el 6 de noviembre de 2025<\/span>\n\t\t\t\t\t\t\t\t\t<\/li>\n\t\t\t\t\t\t<\/ul>\n\t\t\t\t\t\t<\/div>\n\t\t\t\t<\/div>\n\t\t\t\t<div class=\"elementor-element elementor-element-89ea136 elementor-invisible elementor-widget elementor-widget-image\" data-id=\"89ea136\" data-element_type=\"widget\" data-e-type=\"widget\" data-settings=\"{&quot;_animation&quot;:&quot;fadeInRight&quot;}\" data-widget_type=\"image.default\">\n\t\t\t\t\t\t\t\t\t\t\t\t\t\t\t<img fetchpriority=\"high\" decoding=\"async\" width=\"768\" height=\"768\" src=\"https:\/\/ds4mmed.uv.es\/wp-content\/uploads\/2025\/11\/Portal-MTDFP-_-2025-07-16-768x768.jpeg\" class=\"attachment-medium_large size-medium_large wp-image-5647\" alt=\"\" srcset=\"https:\/\/ds4mmed.uv.es\/wp-content\/uploads\/2025\/11\/Portal-MTDFP-_-2025-07-16-768x768.jpeg 768w, https:\/\/ds4mmed.uv.es\/wp-content\/uploads\/2025\/11\/Portal-MTDFP-_-2025-07-16-300x300.jpeg 300w, https:\/\/ds4mmed.uv.es\/wp-content\/uploads\/2025\/11\/Portal-MTDFP-_-2025-07-16-1024x1024.jpeg 1024w, https:\/\/ds4mmed.uv.es\/wp-content\/uploads\/2025\/11\/Portal-MTDFP-_-2025-07-16-150x150.jpeg 150w, https:\/\/ds4mmed.uv.es\/wp-content\/uploads\/2025\/11\/Portal-MTDFP-_-2025-07-16.jpeg 1080w\" sizes=\"(max-width: 768px) 100vw, 768px\" \/>\t\t\t\t\t\t\t\t\t\t\t\t\t\t\t<\/div>\n\t\t\t\t<\/div>\n\t\t<div class=\"elementor-element elementor-element-aac12f8 e-con-full e-flex elementor-invisible e-con e-child\" data-id=\"aac12f8\" data-element_type=\"container\" data-e-type=\"container\" data-settings=\"{&quot;animation&quot;:&quot;fadeInUp&quot;}\">\n\t\t\t\t<div class=\"elementor-element elementor-element-0c8df65 elementor-widget__width-initial elementor-widget-mobile__width-inherit elementor-widget-tablet__width-inherit elementor-widget elementor-widget-text-editor\" data-id=\"0c8df65\" data-element_type=\"widget\" data-e-type=\"widget\" data-widget_type=\"text-editor.default\">\n\t\t\t\t\t\t\t\t\t<div class=\"ewa-rteLine\"><p style=\"text-align: justify;\">Desde el Ministerio para la Transformaci\u00f3n Digital y de la Funci\u00f3n P\u00fablica se ha anunciado el pr\u00f3ximo lanzamiento del <strong>Kit de Espacios de Datos<\/strong>, una iniciativa orientada a impulsar la participaci\u00f3n de entidades en la construcci\u00f3n de Espacios de Datos sectoriales en Espa\u00f1a.<\/p><p style=\"text-align: justify;\">Este programa prev\u00e9 ofrecer ayudas econ\u00f3micas para fomentar la incorporaci\u00f3n de diferentes actores a los distintos ecosistemas ya en desarrollo.<\/p><p style=\"text-align: justify;\">Solicita el Kit <a href=\"https:\/\/sede.red.gob.es\/es\/procedimientos\/convocatoria-de-ayudas-para-la-transformacion-digital-de-los-sectores-productivos\" target=\"_blank\" rel=\"noopener\">aqu\u00ed<\/a>.<\/p><\/div>\t\t\t\t\t\t\t\t<\/div>\n\t\t\t\t<\/div>\n\t\t\t\t\t<\/div>\n\t\t\t\t<\/div>\n\t\t\t\t<\/div>\n\t\t","protected":false},"excerpt":{"rendered":"<p>Ampliaci\u00f3n del Kit Digital Publicado el 6 de noviembre de 2025 Desde el Ministerio para la Transformaci\u00f3n Digital y de la Funci\u00f3n P\u00fablica se ha anunciado el pr\u00f3ximo lanzamiento del Kit de Espacios de Datos, una iniciativa orientada a impulsar la participaci\u00f3n de entidades en la construcci\u00f3n de Espacios de Datos sectoriales en Espa\u00f1a. Este [&hellip;]<\/p>\n","protected":false},"author":1,"featured_media":0,"parent":0,"menu_order":0,"comment_status":"closed","ping_status":"closed","template":"","meta":{"footnotes":""},"class_list":["post-5645","page","type-page","status-publish","hentry"],"yoast_head":"<!-- This site is optimized with the Yoast SEO plugin v27.1.1 - https:\/\/yoast.com\/product\/yoast-seo-wordpress\/ -->\n<title>DS4M Mediterr\u00e1neo - Ampliaci\u00f3n del Kit Digital<\/title>\n<meta name=\"description\" content=\"Desde el Ministerio para la Transformaci\u00f3n Digital y de la Funci\u00f3n P\u00fablica se ha anunciado el pr\u00f3ximo lanzamiento del Kit de Espacios de Datos.\" \/>\n<meta name=\"robots\" content=\"index, follow, max-snippet:-1, max-image-preview:large, max-video-preview:-1\" \/>\n<link rel=\"canonical\" href=\"https:\/\/ds4mmed.uv.es\/index.php\/es\/ampliacion-del-kit-digital\/\" \/>\n<meta property=\"og:locale\" content=\"es_ES\" \/>\n<meta property=\"og:type\" content=\"article\" \/>\n<meta property=\"og:title\" content=\"DS4M Mediterr\u00e1neo - Ampliaci\u00f3n del Kit Digital\" \/>\n<meta property=\"og:description\" content=\"Desde el Ministerio para la Transformaci\u00f3n Digital y de la Funci\u00f3n P\u00fablica se ha anunciado el pr\u00f3ximo lanzamiento del Kit de Espacios de Datos.\" \/>\n<meta property=\"og:url\" content=\"https:\/\/ds4mmed.uv.es\/index.php\/es\/ampliacion-del-kit-digital\/\" \/>\n<meta property=\"og:site_name\" content=\"DS4M Mediterr\u00e1neo\" \/>\n<meta property=\"article:modified_time\" content=\"2025-11-26T08:35:52+00:00\" \/>\n<meta property=\"og:image\" content=\"https:\/\/ds4mmed.uv.es\/wp-content\/uploads\/2025\/11\/Portal-MTDFP-_-2025-07-16-768x768.jpeg\" \/>\n<meta name=\"twitter:card\" content=\"summary_large_image\" \/>\n<meta name=\"twitter:label1\" content=\"Tiempo de lectura\" \/>\n\t<meta name=\"twitter:data1\" content=\"1 minuto\" \/>\n<script type=\"application\/ld+json\" class=\"yoast-schema-graph\">{\"@context\":\"https:\/\/schema.org\",\"@graph\":[{\"@type\":\"WebPage\",\"@id\":\"https:\/\/ds4mmed.uv.es\/index.php\/es\/ampliacion-del-kit-digital\/\",\"url\":\"https:\/\/ds4mmed.uv.es\/index.php\/es\/ampliacion-del-kit-digital\/\",\"name\":\"DS4M Mediterr\u00e1neo - Ampliaci\u00f3n del Kit Digital\",\"isPartOf\":{\"@id\":\"https:\/\/ds4mmed.uv.es\/#website\"},\"primaryImageOfPage\":{\"@id\":\"https:\/\/ds4mmed.uv.es\/index.php\/es\/ampliacion-del-kit-digital\/#primaryimage\"},\"image\":{\"@id\":\"https:\/\/ds4mmed.uv.es\/index.php\/es\/ampliacion-del-kit-digital\/#primaryimage\"},\"thumbnailUrl\":\"https:\/\/ds4mmed.uv.es\/wp-content\/uploads\/2025\/11\/Portal-MTDFP-_-2025-07-16-768x768.jpeg\",\"datePublished\":\"2025-11-10T08:45:40+00:00\",\"dateModified\":\"2025-11-26T08:35:52+00:00\",\"description\":\"Desde el Ministerio para la Transformaci\u00f3n Digital y de la Funci\u00f3n P\u00fablica se ha anunciado el pr\u00f3ximo lanzamiento del Kit de Espacios de Datos.\",\"breadcrumb\":{\"@id\":\"https:\/\/ds4mmed.uv.es\/index.php\/es\/ampliacion-del-kit-digital\/#breadcrumb\"},\"inLanguage\":\"es\",\"potentialAction\":[{\"@type\":\"ReadAction\",\"target\":[\"https:\/\/ds4mmed.uv.es\/index.php\/es\/ampliacion-del-kit-digital\/\"]}]},{\"@type\":\"ImageObject\",\"inLanguage\":\"es\",\"@id\":\"https:\/\/ds4mmed.uv.es\/index.php\/es\/ampliacion-del-kit-digital\/#primaryimage\",\"url\":\"https:\/\/ds4mmed.uv.es\/wp-content\/uploads\/2025\/11\/Portal-MTDFP-_-2025-07-16.jpeg\",\"contentUrl\":\"https:\/\/ds4mmed.uv.es\/wp-content\/uploads\/2025\/11\/Portal-MTDFP-_-2025-07-16.jpeg\",\"width\":1080,\"height\":1080},{\"@type\":\"BreadcrumbList\",\"@id\":\"https:\/\/ds4mmed.uv.es\/index.php\/es\/ampliacion-del-kit-digital\/#breadcrumb\",\"itemListElement\":[{\"@type\":\"ListItem\",\"position\":1,\"name\":\"Portada\",\"item\":\"https:\/\/ds4mmed.uv.es\/index.php\/es\/\"},{\"@type\":\"ListItem\",\"position\":2,\"name\":\"Noticia 28 &#8211; Ampliaci\u00f3n del Kit Digital\"}]},{\"@type\":\"WebSite\",\"@id\":\"https:\/\/ds4mmed.uv.es\/#website\",\"url\":\"https:\/\/ds4mmed.uv.es\/\",\"name\":\"DS4M Mediterr\u00e1neo\",\"description\":\"\",\"publisher\":{\"@id\":\"https:\/\/ds4mmed.uv.es\/#organization\"},\"potentialAction\":[{\"@type\":\"SearchAction\",\"target\":{\"@type\":\"EntryPoint\",\"urlTemplate\":\"https:\/\/ds4mmed.uv.es\/?s={search_term_string}\"},\"query-input\":{\"@type\":\"PropertyValueSpecification\",\"valueRequired\":true,\"valueName\":\"search_term_string\"}}],\"inLanguage\":\"es\"},{\"@type\":\"Organization\",\"@id\":\"https:\/\/ds4mmed.uv.es\/#organization\",\"name\":\"DS4M Mediterr\u00e1neo\",\"url\":\"https:\/\/ds4mmed.uv.es\/\",\"logo\":{\"@type\":\"ImageObject\",\"inLanguage\":\"es\",\"@id\":\"https:\/\/ds4mmed.uv.es\/#\/schema\/logo\/image\/\",\"url\":\"https:\/\/ds4mmed.uv.es\/wp-content\/uploads\/2025\/07\/Logo-cambio-resolucion-scaled.png\",\"contentUrl\":\"https:\/\/ds4mmed.uv.es\/wp-content\/uploads\/2025\/07\/Logo-cambio-resolucion-scaled.png\",\"width\":2560,\"height\":980,\"caption\":\"DS4M Mediterr\u00e1neo\"},\"image\":{\"@id\":\"https:\/\/ds4mmed.uv.es\/#\/schema\/logo\/image\/\"}}]}<\/script>\n<!-- \/ Yoast SEO plugin. -->","yoast_head_json":{"title":"DS4M Mediterr\u00e1neo - Ampliaci\u00f3n del Kit Digital","description":"Desde el Ministerio para la Transformaci\u00f3n Digital y de la Funci\u00f3n P\u00fablica se ha anunciado el pr\u00f3ximo lanzamiento del Kit de Espacios de Datos.","robots":{"index":"index","follow":"follow","max-snippet":"max-snippet:-1","max-image-preview":"max-image-preview:large","max-video-preview":"max-video-preview:-1"},"canonical":"https:\/\/ds4mmed.uv.es\/index.php\/es\/ampliacion-del-kit-digital\/","og_locale":"es_ES","og_type":"article","og_title":"DS4M Mediterr\u00e1neo - Ampliaci\u00f3n del Kit Digital","og_description":"Desde el Ministerio para la Transformaci\u00f3n Digital y de la Funci\u00f3n P\u00fablica se ha anunciado el pr\u00f3ximo lanzamiento del Kit de Espacios de Datos.","og_url":"https:\/\/ds4mmed.uv.es\/index.php\/es\/ampliacion-del-kit-digital\/","og_site_name":"DS4M Mediterr\u00e1neo","article_modified_time":"2025-11-26T08:35:52+00:00","og_image":[{"url":"https:\/\/ds4mmed.uv.es\/wp-content\/uploads\/2025\/11\/Portal-MTDFP-_-2025-07-16-768x768.jpeg","type":"","width":"","height":""}],"twitter_card":"summary_large_image","twitter_misc":{"Tiempo de lectura":"1 minuto"},"schema":{"@context":"https:\/\/schema.org","@graph":[{"@type":"WebPage","@id":"https:\/\/ds4mmed.uv.es\/index.php\/es\/ampliacion-del-kit-digital\/","url":"https:\/\/ds4mmed.uv.es\/index.php\/es\/ampliacion-del-kit-digital\/","name":"DS4M Mediterr\u00e1neo - Ampliaci\u00f3n del Kit Digital","isPartOf":{"@id":"https:\/\/ds4mmed.uv.es\/#website"},"primaryImageOfPage":{"@id":"https:\/\/ds4mmed.uv.es\/index.php\/es\/ampliacion-del-kit-digital\/#primaryimage"},"image":{"@id":"https:\/\/ds4mmed.uv.es\/index.php\/es\/ampliacion-del-kit-digital\/#primaryimage"},"thumbnailUrl":"https:\/\/ds4mmed.uv.es\/wp-content\/uploads\/2025\/11\/Portal-MTDFP-_-2025-07-16-768x768.jpeg","datePublished":"2025-11-10T08:45:40+00:00","dateModified":"2025-11-26T08:35:52+00:00","description":"Desde el Ministerio para la Transformaci\u00f3n Digital y de la Funci\u00f3n P\u00fablica se ha anunciado el pr\u00f3ximo lanzamiento del Kit de Espacios de Datos.","breadcrumb":{"@id":"https:\/\/ds4mmed.uv.es\/index.php\/es\/ampliacion-del-kit-digital\/#breadcrumb"},"inLanguage":"es","potentialAction":[{"@type":"ReadAction","target":["https:\/\/ds4mmed.uv.es\/index.php\/es\/ampliacion-del-kit-digital\/"]}]},{"@type":"ImageObject","inLanguage":"es","@id":"https:\/\/ds4mmed.uv.es\/index.php\/es\/ampliacion-del-kit-digital\/#primaryimage","url":"https:\/\/ds4mmed.uv.es\/wp-content\/uploads\/2025\/11\/Portal-MTDFP-_-2025-07-16.jpeg","contentUrl":"https:\/\/ds4mmed.uv.es\/wp-content\/uploads\/2025\/11\/Portal-MTDFP-_-2025-07-16.jpeg","width":1080,"height":1080},{"@type":"BreadcrumbList","@id":"https:\/\/ds4mmed.uv.es\/index.php\/es\/ampliacion-del-kit-digital\/#breadcrumb","itemListElement":[{"@type":"ListItem","position":1,"name":"Portada","item":"https:\/\/ds4mmed.uv.es\/index.php\/es\/"},{"@type":"ListItem","position":2,"name":"Noticia 28 &#8211; Ampliaci\u00f3n del Kit Digital"}]},{"@type":"WebSite","@id":"https:\/\/ds4mmed.uv.es\/#website","url":"https:\/\/ds4mmed.uv.es\/","name":"DS4M Mediterr\u00e1neo","description":"","publisher":{"@id":"https:\/\/ds4mmed.uv.es\/#organization"},"potentialAction":[{"@type":"SearchAction","target":{"@type":"EntryPoint","urlTemplate":"https:\/\/ds4mmed.uv.es\/?s={search_term_string}"},"query-input":{"@type":"PropertyValueSpecification","valueRequired":true,"valueName":"search_term_string"}}],"inLanguage":"es"},{"@type":"Organization","@id":"https:\/\/ds4mmed.uv.es\/#organization","name":"DS4M Mediterr\u00e1neo","url":"https:\/\/ds4mmed.uv.es\/","logo":{"@type":"ImageObject","inLanguage":"es","@id":"https:\/\/ds4mmed.uv.es\/#\/schema\/logo\/image\/","url":"https:\/\/ds4mmed.uv.es\/wp-content\/uploads\/2025\/07\/Logo-cambio-resolucion-scaled.png","contentUrl":"https:\/\/ds4mmed.uv.es\/wp-content\/uploads\/2025\/07\/Logo-cambio-resolucion-scaled.png","width":2560,"height":980,"caption":"DS4M Mediterr\u00e1neo"},"image":{"@id":"https:\/\/ds4mmed.uv.es\/#\/schema\/logo\/image\/"}}]}},"_links":{"self":[{"href":"https:\/\/ds4mmed.uv.es\/index.php\/wp-json\/wp\/v2\/pages\/5645","targetHints":{"allow":["GET"]}}],"collection":[{"href":"https:\/\/ds4mmed.uv.es\/index.php\/wp-json\/wp\/v2\/pages"}],"about":[{"href":"https:\/\/ds4mmed.uv.es\/index.php\/wp-json\/wp\/v2\/types\/page"}],"author":[{"embeddable":true,"href":"https:\/\/ds4mmed.uv.es\/index.php\/wp-json\/wp\/v2\/users\/1"}],"replies":[{"embeddable":true,"href":"https:\/\/ds4mmed.uv.es\/index.php\/wp-json\/wp\/v2\/comments?post=5645"}],"version-history":[{"count":15,"href":"https:\/\/ds4mmed.uv.es\/index.php\/wp-json\/wp\/v2\/pages\/5645\/revisions"}],"predecessor-version":[{"id":9026,"href":"https:\/\/ds4mmed.uv.es\/index.php\/wp-json\/wp\/v2\/pages\/5645\/revisions\/9026"}],"wp:attachment":[{"href":"https:\/\/ds4mmed.uv.es\/index.php\/wp-json\/wp\/v2\/media?parent=5645"}],"curies":[{"name":"wp","href":"https:\/\/api.w.org\/{rel}","templated":true}]}}