{"id":5639,"date":"2025-11-10T09:39:46","date_gmt":"2025-11-10T08:39:46","guid":{"rendered":"https:\/\/ds4mmed.uv.es\/?page_id=5639"},"modified":"2025-11-26T09:35:27","modified_gmt":"2025-11-26T08:35:27","slug":"asistencia-smart-city-expo-world-congress","status":"publish","type":"page","link":"https:\/\/ds4mmed.uv.es\/index.php\/es\/asistencia-smart-city-expo-world-congress\/","title":{"rendered":"Noticia 27 &#8211; Asistencia Smart City Expo World Congress"},"content":{"rendered":"\t\t<div data-elementor-type=\"wp-page\" data-elementor-id=\"5639\" class=\"elementor elementor-5639\">\n\t\t\t\t<div class=\"elementor-element elementor-element-6c62525 e-flex e-con-boxed e-con e-child\" data-id=\"6c62525\" data-element_type=\"container\" data-e-type=\"container\" data-settings=\"{&quot;background_background&quot;:&quot;classic&quot;}\">\n\t\t\t\t\t<div class=\"e-con-inner\">\n\t\t<div class=\"elementor-element elementor-element-6debc5d e-con-full e-flex e-con e-child\" data-id=\"6debc5d\" data-element_type=\"container\" data-e-type=\"container\">\n\t\t<div class=\"elementor-element elementor-element-3b5bf26 e-con-full e-flex elementor-invisible e-con e-child\" data-id=\"3b5bf26\" data-element_type=\"container\" data-e-type=\"container\" data-settings=\"{&quot;animation&quot;:&quot;fadeInLeft&quot;}\">\n\t\t\t\t<div class=\"elementor-element elementor-element-da9e6f3 elementor-widget elementor-widget-heading\" data-id=\"da9e6f3\" data-element_type=\"widget\" data-e-type=\"widget\" data-widget_type=\"heading.default\">\n\t\t\t\t\t<h1 class=\"elementor-heading-title elementor-size-default\">Representantes del DS4M Mediterr\u00e1neo asisten al SmartCity Expo World Congress<\/h1>\t\t\t\t<\/div>\n\t\t\t\t<div class=\"elementor-element elementor-element-e2a4a87 elementor-icon-list--layout-inline elementor-align-center elementor-list-item-link-full_width elementor-widget elementor-widget-icon-list\" data-id=\"e2a4a87\" data-element_type=\"widget\" data-e-type=\"widget\" data-widget_type=\"icon-list.default\">\n\t\t\t\t\t\t\t<ul class=\"elementor-icon-list-items elementor-inline-items\">\n\t\t\t\t\t\t\t<li class=\"elementor-icon-list-item elementor-inline-item\">\n\t\t\t\t\t\t\t\t\t\t<span class=\"elementor-icon-list-text\">Publicado el 4 de noviembre de 2025<\/span>\n\t\t\t\t\t\t\t\t\t<\/li>\n\t\t\t\t\t\t<\/ul>\n\t\t\t\t\t\t<\/div>\n\t\t\t\t<\/div>\n\t\t\t\t<div class=\"elementor-element elementor-element-89ea136 elementor-invisible elementor-widget elementor-widget-image\" data-id=\"89ea136\" data-element_type=\"widget\" data-e-type=\"widget\" data-settings=\"{&quot;_animation&quot;:&quot;fadeInRight&quot;}\" data-widget_type=\"image.default\">\n\t\t\t\t\t\t\t\t\t\t\t\t\t\t\t<img fetchpriority=\"high\" decoding=\"async\" width=\"585\" height=\"318\" src=\"https:\/\/ds4mmed.uv.es\/wp-content\/uploads\/2025\/11\/Smart-cities.png\" class=\"attachment-medium_large size-medium_large wp-image-5641\" alt=\"\" srcset=\"https:\/\/ds4mmed.uv.es\/wp-content\/uploads\/2025\/11\/Smart-cities.png 585w, https:\/\/ds4mmed.uv.es\/wp-content\/uploads\/2025\/11\/Smart-cities-300x163.png 300w\" sizes=\"(max-width: 585px) 100vw, 585px\" \/>\t\t\t\t\t\t\t\t\t\t\t\t\t\t\t<\/div>\n\t\t\t\t<\/div>\n\t\t<div class=\"elementor-element elementor-element-aac12f8 e-con-full e-flex elementor-invisible e-con e-child\" data-id=\"aac12f8\" data-element_type=\"container\" data-e-type=\"container\" data-settings=\"{&quot;animation&quot;:&quot;fadeInUp&quot;}\">\n\t\t\t\t<div class=\"elementor-element elementor-element-0c8df65 elementor-widget__width-initial elementor-widget-mobile__width-inherit elementor-widget-tablet__width-inherit elementor-widget elementor-widget-text-editor\" data-id=\"0c8df65\" data-element_type=\"widget\" data-e-type=\"widget\" data-widget_type=\"text-editor.default\">\n\t\t\t\t\t\t\t\t\t<div class=\"ewa-rteLine\">\n<p>El Dr. Francisco Alonso y Jos\u00e9 Ignacio Docavo asistieron, en representaci\u00f3n del proyecto DS4M Mediterr\u00e1neo, al SmartCity Expo World Congress, celebrado en Barcelona. Este evento internacional, considerado uno de los m\u00e1s relevantes en el \u00e1mbito de la innovaci\u00f3n urbana y la sostenibilidad, reuni\u00f3 a l\u00edderes institucionales, expertos tecnol\u00f3gicos y agentes clave del ecosistema Smart City.<\/p>\n<p>La participaci\u00f3n en este congreso ha permitido presentar el proyecto DS4M Mediterr\u00e1neo, centrado en la creaci\u00f3n de un Espacio de Datos para la movilidad inteligente en el Corredor Mediterr\u00e1neo. Asimismo, se ha potenciado el intercambio de ideas y la creaci\u00f3n de sinergias con entidades comprometidas con la transformaci\u00f3n digital y la gesti\u00f3n sostenible de las ciudades.<\/p>\n<p>La presencia en este tipo de encuentros consolida el posicionamiento del proyecto como una iniciativa nacional de referencia. Es por ello que desde DS4M Mediterr\u00e1neo reafirmamos nuestra apuesta por la colaboraci\u00f3n, la interoperabilidad y el uso \u00e9tico de los datos como base para construir una movilidad m\u00e1s eficiente, conectada y centrada en el bienestar de la ciudadan\u00eda.<\/p>\n<p>Durante el congreso, Jos\u00e9 Ignacio Docavo present\u00f3 la ponencia \u201cTransposici\u00f3n de la Normativa Europea sobre los Espacios de Datos\u201d, mientras que el Dr. Francisco Alonso, la Dra. Cristina Esteban y la Dra. Mireia Faus participaron con la intervenci\u00f3n \u201cEspacio de Datos en movilidad y seguridad vial: desaf\u00edos jur\u00eddicos y de gobernanza\u201d en el Simposio \u201cAlgunas dimensiones jur\u00eddicas de la psicolog\u00eda del tr\u00e1fico y de la seguridad\u201d. Ambas ponencias pusieron en valor el enfoque jur\u00eddico y \u00e9tico del proyecto DS4M Mediterr\u00e1neo.<\/p>\n<p>La participaci\u00f3n en este evento permiti\u00f3 visibilizar los avances del DS4M Mediterr\u00e1neo y reforzar el di\u00e1logo con expertos en movilidad, datos y gobernanza. Agradecemos a la organizaci\u00f3n por el espacio y a todas las personas que mostraron inter\u00e9s en conocer nuestra iniciativa. Seguimos construyendo puentes entre la ciencia, el derecho y la movilidad sostenible<\/p>\n<\/div>\t\t\t\t\t\t\t\t<\/div>\n\t\t\t\t<\/div>\n\t\t\t\t\t<\/div>\n\t\t\t\t<\/div>\n\t\t\t\t<\/div>\n\t\t","protected":false},"excerpt":{"rendered":"<p>Representantes del DS4M Mediterr\u00e1neo asisten al SmartCity Expo World Congress Publicado el 4 de noviembre de 2025 El Dr. Francisco Alonso y Jos\u00e9 Ignacio Docavo asistieron, en representaci\u00f3n del proyecto DS4M Mediterr\u00e1neo, al SmartCity Expo World Congress, celebrado en Barcelona. Este evento internacional, considerado uno de los m\u00e1s relevantes en el \u00e1mbito de la innovaci\u00f3n [&hellip;]<\/p>\n","protected":false},"author":1,"featured_media":0,"parent":0,"menu_order":0,"comment_status":"closed","ping_status":"closed","template":"","meta":{"footnotes":""},"class_list":["post-5639","page","type-page","status-publish","hentry"],"yoast_head":"<!-- This site is optimized with the Yoast SEO plugin v27.4 - https:\/\/yoast.com\/product\/yoast-seo-wordpress\/ -->\n<title>DS4M Mediterr\u00e1neo - Asistencia Smart City Expo World Congress<\/title>\n<meta name=\"description\" content=\"El Dr. Francisco Alonso y Jos\u00e9 Ignacio Docavo asistieron, en representaci\u00f3n del proyecto DS4M Mediterr\u00e1neo, al SmartCity Expo World Congress, celebrado en Barcelona.\" \/>\n<meta name=\"robots\" content=\"index, follow, max-snippet:-1, max-image-preview:large, max-video-preview:-1\" \/>\n<link rel=\"canonical\" href=\"https:\/\/ds4mmed.uv.es\/index.php\/es\/asistencia-smart-city-expo-world-congress\/\" \/>\n<meta property=\"og:locale\" content=\"es_ES\" \/>\n<meta property=\"og:type\" content=\"article\" \/>\n<meta property=\"og:title\" content=\"DS4M Mediterr\u00e1neo - Asistencia Smart City Expo World Congress\" \/>\n<meta property=\"og:description\" content=\"El Dr. Francisco Alonso y Jos\u00e9 Ignacio Docavo asistieron, en representaci\u00f3n del proyecto DS4M Mediterr\u00e1neo, al SmartCity Expo World Congress, celebrado en Barcelona.\" \/>\n<meta property=\"og:url\" content=\"https:\/\/ds4mmed.uv.es\/index.php\/es\/asistencia-smart-city-expo-world-congress\/\" \/>\n<meta property=\"og:site_name\" content=\"DS4M Mediterr\u00e1neo\" \/>\n<meta property=\"article:modified_time\" content=\"2025-11-26T08:35:27+00:00\" \/>\n<meta property=\"og:image\" content=\"https:\/\/ds4mmed.uv.es\/wp-content\/uploads\/2025\/11\/Smart-cities.png\" \/>\n<meta name=\"twitter:card\" content=\"summary_large_image\" \/>\n<meta name=\"twitter:label1\" content=\"Tiempo de lectura\" \/>\n\t<meta name=\"twitter:data1\" content=\"1 minuto\" \/>\n<script type=\"application\/ld+json\" class=\"yoast-schema-graph\">{\"@context\":\"https:\\\/\\\/schema.org\",\"@graph\":[{\"@type\":\"WebPage\",\"@id\":\"https:\\\/\\\/ds4mmed.uv.es\\\/index.php\\\/es\\\/asistencia-smart-city-expo-world-congress\\\/\",\"url\":\"https:\\\/\\\/ds4mmed.uv.es\\\/index.php\\\/es\\\/asistencia-smart-city-expo-world-congress\\\/\",\"name\":\"DS4M Mediterr\u00e1neo - Asistencia Smart City Expo World Congress\",\"isPartOf\":{\"@id\":\"https:\\\/\\\/ds4mmed.uv.es\\\/#website\"},\"primaryImageOfPage\":{\"@id\":\"https:\\\/\\\/ds4mmed.uv.es\\\/index.php\\\/es\\\/asistencia-smart-city-expo-world-congress\\\/#primaryimage\"},\"image\":{\"@id\":\"https:\\\/\\\/ds4mmed.uv.es\\\/index.php\\\/es\\\/asistencia-smart-city-expo-world-congress\\\/#primaryimage\"},\"thumbnailUrl\":\"https:\\\/\\\/ds4mmed.uv.es\\\/wp-content\\\/uploads\\\/2025\\\/11\\\/Smart-cities.png\",\"datePublished\":\"2025-11-10T08:39:46+00:00\",\"dateModified\":\"2025-11-26T08:35:27+00:00\",\"description\":\"El Dr. Francisco Alonso y Jos\u00e9 Ignacio Docavo asistieron, en representaci\u00f3n del proyecto DS4M Mediterr\u00e1neo, al SmartCity Expo World Congress, celebrado en Barcelona.\",\"breadcrumb\":{\"@id\":\"https:\\\/\\\/ds4mmed.uv.es\\\/index.php\\\/es\\\/asistencia-smart-city-expo-world-congress\\\/#breadcrumb\"},\"inLanguage\":\"es\",\"potentialAction\":[{\"@type\":\"ReadAction\",\"target\":[\"https:\\\/\\\/ds4mmed.uv.es\\\/index.php\\\/es\\\/asistencia-smart-city-expo-world-congress\\\/\"]}]},{\"@type\":\"ImageObject\",\"inLanguage\":\"es\",\"@id\":\"https:\\\/\\\/ds4mmed.uv.es\\\/index.php\\\/es\\\/asistencia-smart-city-expo-world-congress\\\/#primaryimage\",\"url\":\"https:\\\/\\\/ds4mmed.uv.es\\\/wp-content\\\/uploads\\\/2025\\\/11\\\/Smart-cities.png\",\"contentUrl\":\"https:\\\/\\\/ds4mmed.uv.es\\\/wp-content\\\/uploads\\\/2025\\\/11\\\/Smart-cities.png\",\"width\":585,\"height\":318},{\"@type\":\"BreadcrumbList\",\"@id\":\"https:\\\/\\\/ds4mmed.uv.es\\\/index.php\\\/es\\\/asistencia-smart-city-expo-world-congress\\\/#breadcrumb\",\"itemListElement\":[{\"@type\":\"ListItem\",\"position\":1,\"name\":\"Portada\",\"item\":\"https:\\\/\\\/ds4mmed.uv.es\\\/index.php\\\/es\\\/\"},{\"@type\":\"ListItem\",\"position\":2,\"name\":\"Noticia 27 &#8211; Asistencia Smart City Expo World Congress\"}]},{\"@type\":\"WebSite\",\"@id\":\"https:\\\/\\\/ds4mmed.uv.es\\\/#website\",\"url\":\"https:\\\/\\\/ds4mmed.uv.es\\\/\",\"name\":\"DS4M Mediterr\u00e1neo\",\"description\":\"\",\"publisher\":{\"@id\":\"https:\\\/\\\/ds4mmed.uv.es\\\/#organization\"},\"potentialAction\":[{\"@type\":\"SearchAction\",\"target\":{\"@type\":\"EntryPoint\",\"urlTemplate\":\"https:\\\/\\\/ds4mmed.uv.es\\\/?s={search_term_string}\"},\"query-input\":{\"@type\":\"PropertyValueSpecification\",\"valueRequired\":true,\"valueName\":\"search_term_string\"}}],\"inLanguage\":\"es\"},{\"@type\":\"Organization\",\"@id\":\"https:\\\/\\\/ds4mmed.uv.es\\\/#organization\",\"name\":\"DS4M Mediterr\u00e1neo\",\"url\":\"https:\\\/\\\/ds4mmed.uv.es\\\/\",\"logo\":{\"@type\":\"ImageObject\",\"inLanguage\":\"es\",\"@id\":\"https:\\\/\\\/ds4mmed.uv.es\\\/#\\\/schema\\\/logo\\\/image\\\/\",\"url\":\"https:\\\/\\\/ds4mmed.uv.es\\\/wp-content\\\/uploads\\\/2025\\\/07\\\/Logo-cambio-resolucion-scaled.png\",\"contentUrl\":\"https:\\\/\\\/ds4mmed.uv.es\\\/wp-content\\\/uploads\\\/2025\\\/07\\\/Logo-cambio-resolucion-scaled.png\",\"width\":2560,\"height\":980,\"caption\":\"DS4M Mediterr\u00e1neo\"},\"image\":{\"@id\":\"https:\\\/\\\/ds4mmed.uv.es\\\/#\\\/schema\\\/logo\\\/image\\\/\"}}]}<\/script>\n<!-- \/ Yoast SEO plugin. -->","yoast_head_json":{"title":"DS4M Mediterr\u00e1neo - Asistencia Smart City Expo World Congress","description":"El Dr. Francisco Alonso y Jos\u00e9 Ignacio Docavo asistieron, en representaci\u00f3n del proyecto DS4M Mediterr\u00e1neo, al SmartCity Expo World Congress, celebrado en Barcelona.","robots":{"index":"index","follow":"follow","max-snippet":"max-snippet:-1","max-image-preview":"max-image-preview:large","max-video-preview":"max-video-preview:-1"},"canonical":"https:\/\/ds4mmed.uv.es\/index.php\/es\/asistencia-smart-city-expo-world-congress\/","og_locale":"es_ES","og_type":"article","og_title":"DS4M Mediterr\u00e1neo - Asistencia Smart City Expo World Congress","og_description":"El Dr. Francisco Alonso y Jos\u00e9 Ignacio Docavo asistieron, en representaci\u00f3n del proyecto DS4M Mediterr\u00e1neo, al SmartCity Expo World Congress, celebrado en Barcelona.","og_url":"https:\/\/ds4mmed.uv.es\/index.php\/es\/asistencia-smart-city-expo-world-congress\/","og_site_name":"DS4M Mediterr\u00e1neo","article_modified_time":"2025-11-26T08:35:27+00:00","og_image":[{"url":"https:\/\/ds4mmed.uv.es\/wp-content\/uploads\/2025\/11\/Smart-cities.png","type":"","width":"","height":""}],"twitter_card":"summary_large_image","twitter_misc":{"Tiempo de lectura":"1 minuto"},"schema":{"@context":"https:\/\/schema.org","@graph":[{"@type":"WebPage","@id":"https:\/\/ds4mmed.uv.es\/index.php\/es\/asistencia-smart-city-expo-world-congress\/","url":"https:\/\/ds4mmed.uv.es\/index.php\/es\/asistencia-smart-city-expo-world-congress\/","name":"DS4M Mediterr\u00e1neo - Asistencia Smart City Expo World Congress","isPartOf":{"@id":"https:\/\/ds4mmed.uv.es\/#website"},"primaryImageOfPage":{"@id":"https:\/\/ds4mmed.uv.es\/index.php\/es\/asistencia-smart-city-expo-world-congress\/#primaryimage"},"image":{"@id":"https:\/\/ds4mmed.uv.es\/index.php\/es\/asistencia-smart-city-expo-world-congress\/#primaryimage"},"thumbnailUrl":"https:\/\/ds4mmed.uv.es\/wp-content\/uploads\/2025\/11\/Smart-cities.png","datePublished":"2025-11-10T08:39:46+00:00","dateModified":"2025-11-26T08:35:27+00:00","description":"El Dr. Francisco Alonso y Jos\u00e9 Ignacio Docavo asistieron, en representaci\u00f3n del proyecto DS4M Mediterr\u00e1neo, al SmartCity Expo World Congress, celebrado en Barcelona.","breadcrumb":{"@id":"https:\/\/ds4mmed.uv.es\/index.php\/es\/asistencia-smart-city-expo-world-congress\/#breadcrumb"},"inLanguage":"es","potentialAction":[{"@type":"ReadAction","target":["https:\/\/ds4mmed.uv.es\/index.php\/es\/asistencia-smart-city-expo-world-congress\/"]}]},{"@type":"ImageObject","inLanguage":"es","@id":"https:\/\/ds4mmed.uv.es\/index.php\/es\/asistencia-smart-city-expo-world-congress\/#primaryimage","url":"https:\/\/ds4mmed.uv.es\/wp-content\/uploads\/2025\/11\/Smart-cities.png","contentUrl":"https:\/\/ds4mmed.uv.es\/wp-content\/uploads\/2025\/11\/Smart-cities.png","width":585,"height":318},{"@type":"BreadcrumbList","@id":"https:\/\/ds4mmed.uv.es\/index.php\/es\/asistencia-smart-city-expo-world-congress\/#breadcrumb","itemListElement":[{"@type":"ListItem","position":1,"name":"Portada","item":"https:\/\/ds4mmed.uv.es\/index.php\/es\/"},{"@type":"ListItem","position":2,"name":"Noticia 27 &#8211; Asistencia Smart City Expo World Congress"}]},{"@type":"WebSite","@id":"https:\/\/ds4mmed.uv.es\/#website","url":"https:\/\/ds4mmed.uv.es\/","name":"DS4M Mediterr\u00e1neo","description":"","publisher":{"@id":"https:\/\/ds4mmed.uv.es\/#organization"},"potentialAction":[{"@type":"SearchAction","target":{"@type":"EntryPoint","urlTemplate":"https:\/\/ds4mmed.uv.es\/?s={search_term_string}"},"query-input":{"@type":"PropertyValueSpecification","valueRequired":true,"valueName":"search_term_string"}}],"inLanguage":"es"},{"@type":"Organization","@id":"https:\/\/ds4mmed.uv.es\/#organization","name":"DS4M Mediterr\u00e1neo","url":"https:\/\/ds4mmed.uv.es\/","logo":{"@type":"ImageObject","inLanguage":"es","@id":"https:\/\/ds4mmed.uv.es\/#\/schema\/logo\/image\/","url":"https:\/\/ds4mmed.uv.es\/wp-content\/uploads\/2025\/07\/Logo-cambio-resolucion-scaled.png","contentUrl":"https:\/\/ds4mmed.uv.es\/wp-content\/uploads\/2025\/07\/Logo-cambio-resolucion-scaled.png","width":2560,"height":980,"caption":"DS4M Mediterr\u00e1neo"},"image":{"@id":"https:\/\/ds4mmed.uv.es\/#\/schema\/logo\/image\/"}}]}},"_links":{"self":[{"href":"https:\/\/ds4mmed.uv.es\/index.php\/wp-json\/wp\/v2\/pages\/5639","targetHints":{"allow":["GET"]}}],"collection":[{"href":"https:\/\/ds4mmed.uv.es\/index.php\/wp-json\/wp\/v2\/pages"}],"about":[{"href":"https:\/\/ds4mmed.uv.es\/index.php\/wp-json\/wp\/v2\/types\/page"}],"author":[{"embeddable":true,"href":"https:\/\/ds4mmed.uv.es\/index.php\/wp-json\/wp\/v2\/users\/1"}],"replies":[{"embeddable":true,"href":"https:\/\/ds4mmed.uv.es\/index.php\/wp-json\/wp\/v2\/comments?post=5639"}],"version-history":[{"count":23,"href":"https:\/\/ds4mmed.uv.es\/index.php\/wp-json\/wp\/v2\/pages\/5639\/revisions"}],"predecessor-version":[{"id":8877,"href":"https:\/\/ds4mmed.uv.es\/index.php\/wp-json\/wp\/v2\/pages\/5639\/revisions\/8877"}],"wp:attachment":[{"href":"https:\/\/ds4mmed.uv.es\/index.php\/wp-json\/wp\/v2\/media?parent=5639"}],"curies":[{"name":"wp","href":"https:\/\/api.w.org\/{rel}","templated":true}]}}