{"id":5593,"date":"2025-11-07T13:08:11","date_gmt":"2025-11-07T12:08:11","guid":{"rendered":"https:\/\/ds4mmed.uv.es\/?page_id=5593"},"modified":"2025-11-26T09:35:01","modified_gmt":"2025-11-26T08:35:01","slug":"ds4m-espacio-de-datos-elegible","status":"publish","type":"page","link":"https:\/\/ds4mmed.uv.es\/index.php\/es\/ds4m-espacio-de-datos-elegible\/","title":{"rendered":"Noticia 26 &#8211; DS4M Espacio de Datos elegible"},"content":{"rendered":"\t\t<div data-elementor-type=\"wp-page\" data-elementor-id=\"5593\" class=\"elementor elementor-5593\">\n\t\t\t\t<div class=\"elementor-element elementor-element-6c62525 e-flex e-con-boxed e-con e-child\" data-id=\"6c62525\" data-element_type=\"container\" data-e-type=\"container\" data-settings=\"{&quot;background_background&quot;:&quot;classic&quot;}\">\n\t\t\t\t\t<div class=\"e-con-inner\">\n\t\t<div class=\"elementor-element elementor-element-6debc5d e-con-full e-flex e-con e-child\" data-id=\"6debc5d\" data-element_type=\"container\" data-e-type=\"container\">\n\t\t<div class=\"elementor-element elementor-element-3b5bf26 e-con-full e-flex elementor-invisible e-con e-child\" data-id=\"3b5bf26\" data-element_type=\"container\" data-e-type=\"container\" data-settings=\"{&quot;animation&quot;:&quot;fadeInLeft&quot;}\">\n\t\t\t\t<div class=\"elementor-element elementor-element-da9e6f3 elementor-widget elementor-widget-heading\" data-id=\"da9e6f3\" data-element_type=\"widget\" data-e-type=\"widget\" data-widget_type=\"heading.default\">\n\t\t\t\t\t<h1 class=\"elementor-heading-title elementor-size-default\">DS4M  Mediterr\u00e1neo como Espacio de Datos elegible para el Kit de Espacio de Datos<\/h1>\t\t\t\t<\/div>\n\t\t\t\t<div class=\"elementor-element elementor-element-e2a4a87 elementor-icon-list--layout-inline elementor-align-center elementor-list-item-link-full_width elementor-widget elementor-widget-icon-list\" data-id=\"e2a4a87\" data-element_type=\"widget\" data-e-type=\"widget\" data-widget_type=\"icon-list.default\">\n\t\t\t\t\t\t\t<ul class=\"elementor-icon-list-items elementor-inline-items\">\n\t\t\t\t\t\t\t<li class=\"elementor-icon-list-item elementor-inline-item\">\n\t\t\t\t\t\t\t\t\t\t<span class=\"elementor-icon-list-text\">Publicado el 28 de octubre de 2025<\/span>\n\t\t\t\t\t\t\t\t\t<\/li>\n\t\t\t\t\t\t<\/ul>\n\t\t\t\t\t\t<\/div>\n\t\t\t\t<\/div>\n\t\t\t\t<div class=\"elementor-element elementor-element-89ea136 elementor-invisible elementor-widget elementor-widget-image\" data-id=\"89ea136\" data-element_type=\"widget\" data-e-type=\"widget\" data-settings=\"{&quot;_animation&quot;:&quot;fadeInRight&quot;}\" data-widget_type=\"image.default\">\n\t\t\t\t\t\t\t\t\t\t\t\t\t\t\t<img fetchpriority=\"high\" decoding=\"async\" width=\"768\" height=\"960\" src=\"https:\/\/ds4mmed.uv.es\/wp-content\/uploads\/2025\/11\/DS4M-Centro-demostrador-confiable-768x960.png\" class=\"attachment-medium_large size-medium_large wp-image-5635\" alt=\"\" srcset=\"https:\/\/ds4mmed.uv.es\/wp-content\/uploads\/2025\/11\/DS4M-Centro-demostrador-confiable-768x960.png 768w, https:\/\/ds4mmed.uv.es\/wp-content\/uploads\/2025\/11\/DS4M-Centro-demostrador-confiable-240x300.png 240w, https:\/\/ds4mmed.uv.es\/wp-content\/uploads\/2025\/11\/DS4M-Centro-demostrador-confiable-819x1024.png 819w, https:\/\/ds4mmed.uv.es\/wp-content\/uploads\/2025\/11\/DS4M-Centro-demostrador-confiable.png 1200w\" sizes=\"(max-width: 768px) 100vw, 768px\" \/>\t\t\t\t\t\t\t\t\t\t\t\t\t\t\t<\/div>\n\t\t\t\t<\/div>\n\t\t<div class=\"elementor-element elementor-element-aac12f8 e-con-full e-flex elementor-invisible e-con e-child\" data-id=\"aac12f8\" data-element_type=\"container\" data-e-type=\"container\" data-settings=\"{&quot;animation&quot;:&quot;fadeInUp&quot;}\">\n\t\t\t\t<div class=\"elementor-element elementor-element-0c8df65 elementor-widget__width-initial elementor-widget-mobile__width-inherit elementor-widget-tablet__width-inherit elementor-widget elementor-widget-text-editor\" data-id=\"0c8df65\" data-element_type=\"widget\" data-e-type=\"widget\" data-widget_type=\"text-editor.default\">\n\t\t\t\t\t\t\t\t\t<div class=\"ewa-rteLine\">\n<p>El Centro de Referencia de Espacios de Datos (CRED), ha incluido oficialmente a DS4M Mediterr\u00e1neo dentro del ecosistema nacional como uno de los Espacios de Datos elegibles.<\/p>\n<p>Este reconocimiento es un avance significativo en nuestro compromiso por construir un entorno de datos seguro, interoperable y orientado al inter\u00e9s p\u00fablico, donde la movilidad inteligente se apoye en el intercambio de datos bajo principios de soberan\u00eda, transparencia y utilidad social. Asimismo, refuerza nuestra posici\u00f3n como iniciativa de referencia en el \u00e1mbito de los Espacios de Datos de la movilidad, y nos impulsa a seguir consolidando alianzas estrat\u00e9gicas en el Corredor Mediterr\u00e1neo.<\/p>\n<p>Desde DS4M Mediterr\u00e1neo seguiremos avanzando hacia un modelo de movilidad m\u00e1s eficiente, colaborativo y sostenible, contribuyendo a una transformaci\u00f3n digital basada en el valor del dato.<\/p>\n<p><a href=\"https:\/\/cred.digital.gob.es\/content\/dam\/cred\/img\/docs\/Espacios_de_Datos_Elegibles_KTED.pdf\" target=\"_blank\" rel=\"noopener\">M\u00e1s informaci\u00f3n<\/a>&nbsp;<\/p>\n<\/div>\t\t\t\t\t\t\t\t<\/div>\n\t\t\t\t<\/div>\n\t\t\t\t\t<\/div>\n\t\t\t\t<\/div>\n\t\t\t\t<\/div>\n\t\t","protected":false},"excerpt":{"rendered":"<p>DS4M Mediterr\u00e1neo como Espacio de Datos elegible para el Kit de Espacio de Datos Publicado el 28 de octubre de 2025 El Centro de Referencia de Espacios de Datos (CRED), ha incluido oficialmente a DS4M Mediterr\u00e1neo dentro del ecosistema nacional como uno de los Espacios de Datos elegibles. Este reconocimiento es un avance significativo en [&hellip;]<\/p>\n","protected":false},"author":1,"featured_media":0,"parent":0,"menu_order":0,"comment_status":"closed","ping_status":"closed","template":"","meta":{"footnotes":""},"class_list":["post-5593","page","type-page","status-publish","hentry"],"yoast_head":"<!-- This site is optimized with the Yoast SEO plugin v27.1.1 - https:\/\/yoast.com\/product\/yoast-seo-wordpress\/ -->\n<title>DS4M Mediterr\u00e1neo - DS4M Espacio de datos elegible<\/title>\n<meta name=\"description\" content=\"El CRED ha incluido oficialmente a DS4M Mediterr\u00e1neo dentro del ecosistema nacional como uno de los Espacios de Datos elegibles.\" \/>\n<meta name=\"robots\" content=\"index, follow, max-snippet:-1, max-image-preview:large, max-video-preview:-1\" \/>\n<link rel=\"canonical\" href=\"https:\/\/ds4mmed.uv.es\/index.php\/es\/ds4m-espacio-de-datos-elegible\/\" \/>\n<meta property=\"og:locale\" content=\"es_ES\" \/>\n<meta property=\"og:type\" content=\"article\" \/>\n<meta property=\"og:title\" content=\"DS4M Mediterr\u00e1neo - DS4M Espacio de datos elegible\" \/>\n<meta property=\"og:description\" content=\"El CRED ha incluido oficialmente a DS4M Mediterr\u00e1neo dentro del ecosistema nacional como uno de los Espacios de Datos elegibles.\" \/>\n<meta property=\"og:url\" content=\"https:\/\/ds4mmed.uv.es\/index.php\/es\/ds4m-espacio-de-datos-elegible\/\" \/>\n<meta property=\"og:site_name\" content=\"DS4M Mediterr\u00e1neo\" \/>\n<meta property=\"article:modified_time\" content=\"2025-11-26T08:35:01+00:00\" \/>\n<meta property=\"og:image\" content=\"https:\/\/ds4mmed.uv.es\/wp-content\/uploads\/2025\/11\/DS4M-Centro-demostrador-confiable-768x960.png\" \/>\n<meta name=\"twitter:card\" content=\"summary_large_image\" \/>\n<meta name=\"twitter:label1\" content=\"Tiempo de lectura\" \/>\n\t<meta name=\"twitter:data1\" content=\"1 minuto\" \/>\n<script type=\"application\/ld+json\" class=\"yoast-schema-graph\">{\"@context\":\"https:\/\/schema.org\",\"@graph\":[{\"@type\":\"WebPage\",\"@id\":\"https:\/\/ds4mmed.uv.es\/index.php\/es\/ds4m-espacio-de-datos-elegible\/\",\"url\":\"https:\/\/ds4mmed.uv.es\/index.php\/es\/ds4m-espacio-de-datos-elegible\/\",\"name\":\"DS4M Mediterr\u00e1neo - DS4M Espacio de datos elegible\",\"isPartOf\":{\"@id\":\"https:\/\/ds4mmed.uv.es\/#website\"},\"primaryImageOfPage\":{\"@id\":\"https:\/\/ds4mmed.uv.es\/index.php\/es\/ds4m-espacio-de-datos-elegible\/#primaryimage\"},\"image\":{\"@id\":\"https:\/\/ds4mmed.uv.es\/index.php\/es\/ds4m-espacio-de-datos-elegible\/#primaryimage\"},\"thumbnailUrl\":\"https:\/\/ds4mmed.uv.es\/wp-content\/uploads\/2025\/11\/DS4M-Centro-demostrador-confiable-768x960.png\",\"datePublished\":\"2025-11-07T12:08:11+00:00\",\"dateModified\":\"2025-11-26T08:35:01+00:00\",\"description\":\"El CRED ha incluido oficialmente a DS4M Mediterr\u00e1neo dentro del ecosistema nacional como uno de los Espacios de Datos elegibles.\",\"breadcrumb\":{\"@id\":\"https:\/\/ds4mmed.uv.es\/index.php\/es\/ds4m-espacio-de-datos-elegible\/#breadcrumb\"},\"inLanguage\":\"es\",\"potentialAction\":[{\"@type\":\"ReadAction\",\"target\":[\"https:\/\/ds4mmed.uv.es\/index.php\/es\/ds4m-espacio-de-datos-elegible\/\"]}]},{\"@type\":\"ImageObject\",\"inLanguage\":\"es\",\"@id\":\"https:\/\/ds4mmed.uv.es\/index.php\/es\/ds4m-espacio-de-datos-elegible\/#primaryimage\",\"url\":\"https:\/\/ds4mmed.uv.es\/wp-content\/uploads\/2025\/11\/DS4M-Centro-demostrador-confiable.png\",\"contentUrl\":\"https:\/\/ds4mmed.uv.es\/wp-content\/uploads\/2025\/11\/DS4M-Centro-demostrador-confiable.png\",\"width\":1200,\"height\":1500},{\"@type\":\"BreadcrumbList\",\"@id\":\"https:\/\/ds4mmed.uv.es\/index.php\/es\/ds4m-espacio-de-datos-elegible\/#breadcrumb\",\"itemListElement\":[{\"@type\":\"ListItem\",\"position\":1,\"name\":\"Portada\",\"item\":\"https:\/\/ds4mmed.uv.es\/index.php\/es\/\"},{\"@type\":\"ListItem\",\"position\":2,\"name\":\"Noticia 26 &#8211; DS4M Espacio de Datos elegible\"}]},{\"@type\":\"WebSite\",\"@id\":\"https:\/\/ds4mmed.uv.es\/#website\",\"url\":\"https:\/\/ds4mmed.uv.es\/\",\"name\":\"DS4M Mediterr\u00e1neo\",\"description\":\"\",\"publisher\":{\"@id\":\"https:\/\/ds4mmed.uv.es\/#organization\"},\"potentialAction\":[{\"@type\":\"SearchAction\",\"target\":{\"@type\":\"EntryPoint\",\"urlTemplate\":\"https:\/\/ds4mmed.uv.es\/?s={search_term_string}\"},\"query-input\":{\"@type\":\"PropertyValueSpecification\",\"valueRequired\":true,\"valueName\":\"search_term_string\"}}],\"inLanguage\":\"es\"},{\"@type\":\"Organization\",\"@id\":\"https:\/\/ds4mmed.uv.es\/#organization\",\"name\":\"DS4M Mediterr\u00e1neo\",\"url\":\"https:\/\/ds4mmed.uv.es\/\",\"logo\":{\"@type\":\"ImageObject\",\"inLanguage\":\"es\",\"@id\":\"https:\/\/ds4mmed.uv.es\/#\/schema\/logo\/image\/\",\"url\":\"https:\/\/ds4mmed.uv.es\/wp-content\/uploads\/2025\/07\/Logo-cambio-resolucion-scaled.png\",\"contentUrl\":\"https:\/\/ds4mmed.uv.es\/wp-content\/uploads\/2025\/07\/Logo-cambio-resolucion-scaled.png\",\"width\":2560,\"height\":980,\"caption\":\"DS4M Mediterr\u00e1neo\"},\"image\":{\"@id\":\"https:\/\/ds4mmed.uv.es\/#\/schema\/logo\/image\/\"}}]}<\/script>\n<!-- \/ Yoast SEO plugin. -->","yoast_head_json":{"title":"DS4M Mediterr\u00e1neo - DS4M Espacio de datos elegible","description":"El CRED ha incluido oficialmente a DS4M Mediterr\u00e1neo dentro del ecosistema nacional como uno de los Espacios de Datos elegibles.","robots":{"index":"index","follow":"follow","max-snippet":"max-snippet:-1","max-image-preview":"max-image-preview:large","max-video-preview":"max-video-preview:-1"},"canonical":"https:\/\/ds4mmed.uv.es\/index.php\/es\/ds4m-espacio-de-datos-elegible\/","og_locale":"es_ES","og_type":"article","og_title":"DS4M Mediterr\u00e1neo - DS4M Espacio de datos elegible","og_description":"El CRED ha incluido oficialmente a DS4M Mediterr\u00e1neo dentro del ecosistema nacional como uno de los Espacios de Datos elegibles.","og_url":"https:\/\/ds4mmed.uv.es\/index.php\/es\/ds4m-espacio-de-datos-elegible\/","og_site_name":"DS4M Mediterr\u00e1neo","article_modified_time":"2025-11-26T08:35:01+00:00","og_image":[{"url":"https:\/\/ds4mmed.uv.es\/wp-content\/uploads\/2025\/11\/DS4M-Centro-demostrador-confiable-768x960.png","type":"","width":"","height":""}],"twitter_card":"summary_large_image","twitter_misc":{"Tiempo de lectura":"1 minuto"},"schema":{"@context":"https:\/\/schema.org","@graph":[{"@type":"WebPage","@id":"https:\/\/ds4mmed.uv.es\/index.php\/es\/ds4m-espacio-de-datos-elegible\/","url":"https:\/\/ds4mmed.uv.es\/index.php\/es\/ds4m-espacio-de-datos-elegible\/","name":"DS4M Mediterr\u00e1neo - DS4M Espacio de datos elegible","isPartOf":{"@id":"https:\/\/ds4mmed.uv.es\/#website"},"primaryImageOfPage":{"@id":"https:\/\/ds4mmed.uv.es\/index.php\/es\/ds4m-espacio-de-datos-elegible\/#primaryimage"},"image":{"@id":"https:\/\/ds4mmed.uv.es\/index.php\/es\/ds4m-espacio-de-datos-elegible\/#primaryimage"},"thumbnailUrl":"https:\/\/ds4mmed.uv.es\/wp-content\/uploads\/2025\/11\/DS4M-Centro-demostrador-confiable-768x960.png","datePublished":"2025-11-07T12:08:11+00:00","dateModified":"2025-11-26T08:35:01+00:00","description":"El CRED ha incluido oficialmente a DS4M Mediterr\u00e1neo dentro del ecosistema nacional como uno de los Espacios de Datos elegibles.","breadcrumb":{"@id":"https:\/\/ds4mmed.uv.es\/index.php\/es\/ds4m-espacio-de-datos-elegible\/#breadcrumb"},"inLanguage":"es","potentialAction":[{"@type":"ReadAction","target":["https:\/\/ds4mmed.uv.es\/index.php\/es\/ds4m-espacio-de-datos-elegible\/"]}]},{"@type":"ImageObject","inLanguage":"es","@id":"https:\/\/ds4mmed.uv.es\/index.php\/es\/ds4m-espacio-de-datos-elegible\/#primaryimage","url":"https:\/\/ds4mmed.uv.es\/wp-content\/uploads\/2025\/11\/DS4M-Centro-demostrador-confiable.png","contentUrl":"https:\/\/ds4mmed.uv.es\/wp-content\/uploads\/2025\/11\/DS4M-Centro-demostrador-confiable.png","width":1200,"height":1500},{"@type":"BreadcrumbList","@id":"https:\/\/ds4mmed.uv.es\/index.php\/es\/ds4m-espacio-de-datos-elegible\/#breadcrumb","itemListElement":[{"@type":"ListItem","position":1,"name":"Portada","item":"https:\/\/ds4mmed.uv.es\/index.php\/es\/"},{"@type":"ListItem","position":2,"name":"Noticia 26 &#8211; DS4M Espacio de Datos elegible"}]},{"@type":"WebSite","@id":"https:\/\/ds4mmed.uv.es\/#website","url":"https:\/\/ds4mmed.uv.es\/","name":"DS4M Mediterr\u00e1neo","description":"","publisher":{"@id":"https:\/\/ds4mmed.uv.es\/#organization"},"potentialAction":[{"@type":"SearchAction","target":{"@type":"EntryPoint","urlTemplate":"https:\/\/ds4mmed.uv.es\/?s={search_term_string}"},"query-input":{"@type":"PropertyValueSpecification","valueRequired":true,"valueName":"search_term_string"}}],"inLanguage":"es"},{"@type":"Organization","@id":"https:\/\/ds4mmed.uv.es\/#organization","name":"DS4M Mediterr\u00e1neo","url":"https:\/\/ds4mmed.uv.es\/","logo":{"@type":"ImageObject","inLanguage":"es","@id":"https:\/\/ds4mmed.uv.es\/#\/schema\/logo\/image\/","url":"https:\/\/ds4mmed.uv.es\/wp-content\/uploads\/2025\/07\/Logo-cambio-resolucion-scaled.png","contentUrl":"https:\/\/ds4mmed.uv.es\/wp-content\/uploads\/2025\/07\/Logo-cambio-resolucion-scaled.png","width":2560,"height":980,"caption":"DS4M Mediterr\u00e1neo"},"image":{"@id":"https:\/\/ds4mmed.uv.es\/#\/schema\/logo\/image\/"}}]}},"_links":{"self":[{"href":"https:\/\/ds4mmed.uv.es\/index.php\/wp-json\/wp\/v2\/pages\/5593","targetHints":{"allow":["GET"]}}],"collection":[{"href":"https:\/\/ds4mmed.uv.es\/index.php\/wp-json\/wp\/v2\/pages"}],"about":[{"href":"https:\/\/ds4mmed.uv.es\/index.php\/wp-json\/wp\/v2\/types\/page"}],"author":[{"embeddable":true,"href":"https:\/\/ds4mmed.uv.es\/index.php\/wp-json\/wp\/v2\/users\/1"}],"replies":[{"embeddable":true,"href":"https:\/\/ds4mmed.uv.es\/index.php\/wp-json\/wp\/v2\/comments?post=5593"}],"version-history":[{"count":36,"href":"https:\/\/ds4mmed.uv.es\/index.php\/wp-json\/wp\/v2\/pages\/5593\/revisions"}],"predecessor-version":[{"id":8892,"href":"https:\/\/ds4mmed.uv.es\/index.php\/wp-json\/wp\/v2\/pages\/5593\/revisions\/8892"}],"wp:attachment":[{"href":"https:\/\/ds4mmed.uv.es\/index.php\/wp-json\/wp\/v2\/media?parent=5593"}],"curies":[{"name":"wp","href":"https:\/\/api.w.org\/{rel}","templated":true}]}}