{"id":3505,"date":"2025-10-31T11:39:57","date_gmt":"2025-10-31T10:39:57","guid":{"rendered":"https:\/\/ds4mmed.uv.es\/?page_id=3505"},"modified":"2025-11-26T09:36:51","modified_gmt":"2025-11-26T08:36:51","slug":"presentacion-catedra-cultura-empresarial","status":"publish","type":"page","link":"https:\/\/ds4mmed.uv.es\/index.php\/es\/presentacion-catedra-cultura-empresarial\/","title":{"rendered":"Noticia 6 &#8211; El DS4M Mediterr\u00e1neo se presenta ante Comisi\u00f3n Cient\u00edfico-T\u00e9cnica de la C\u00e1tedra de Cultura Empresarial"},"content":{"rendered":"\t\t<div data-elementor-type=\"wp-page\" data-elementor-id=\"3505\" class=\"elementor elementor-3505\">\n\t\t\t\t<div class=\"elementor-element elementor-element-6c62525 e-flex e-con-boxed e-con e-child\" data-id=\"6c62525\" data-element_type=\"container\" data-e-type=\"container\" data-settings=\"{&quot;background_background&quot;:&quot;classic&quot;}\">\n\t\t\t\t\t<div class=\"e-con-inner\">\n\t\t<div class=\"elementor-element elementor-element-6debc5d e-con-full e-flex e-con e-child\" data-id=\"6debc5d\" data-element_type=\"container\" data-e-type=\"container\">\n\t\t<div class=\"elementor-element elementor-element-3b5bf26 e-con-full e-flex elementor-invisible e-con e-child\" data-id=\"3b5bf26\" data-element_type=\"container\" data-e-type=\"container\" data-settings=\"{&quot;animation&quot;:&quot;fadeInLeft&quot;}\">\n\t\t\t\t<div class=\"elementor-element elementor-element-da9e6f3 elementor-widget elementor-widget-heading\" data-id=\"da9e6f3\" data-element_type=\"widget\" data-e-type=\"widget\" data-widget_type=\"heading.default\">\n\t\t\t\t\t<h1 class=\"elementor-heading-title elementor-size-default\">El DS4M Mediterr\u00e1neo se presenta ante Comisi\u00f3n Cient\u00edfico-T\u00e9cnica de la C\u00e1tedra de Cultura Empresarial<\/h1>\t\t\t\t<\/div>\n\t\t\t\t<div class=\"elementor-element elementor-element-e2a4a87 elementor-icon-list--layout-inline elementor-align-center elementor-list-item-link-full_width elementor-widget elementor-widget-icon-list\" data-id=\"e2a4a87\" data-element_type=\"widget\" data-e-type=\"widget\" data-widget_type=\"icon-list.default\">\n\t\t\t\t\t\t\t<ul class=\"elementor-icon-list-items elementor-inline-items\">\n\t\t\t\t\t\t\t<li class=\"elementor-icon-list-item elementor-inline-item\">\n\t\t\t\t\t\t\t\t\t\t<span class=\"elementor-icon-list-text\">Publicado el 28 de enero de 2025<\/span>\n\t\t\t\t\t\t\t\t\t<\/li>\n\t\t\t\t\t\t<\/ul>\n\t\t\t\t\t\t<\/div>\n\t\t\t\t<\/div>\n\t\t\t\t<div class=\"elementor-element elementor-element-89ea136 elementor-invisible elementor-widget elementor-widget-image\" data-id=\"89ea136\" data-element_type=\"widget\" data-e-type=\"widget\" data-settings=\"{&quot;_animation&quot;:&quot;fadeInRight&quot;}\" data-widget_type=\"image.default\">\n\t\t\t\t\t\t\t\t\t\t\t\t\t\t\t<img fetchpriority=\"high\" decoding=\"async\" width=\"540\" height=\"378\" src=\"https:\/\/ds4mmed.uv.es\/wp-content\/uploads\/2025\/11\/Noticia21.png\" class=\"attachment-full size-full wp-image-3709\" alt=\"\" srcset=\"https:\/\/ds4mmed.uv.es\/wp-content\/uploads\/2025\/11\/Noticia21.png 540w, https:\/\/ds4mmed.uv.es\/wp-content\/uploads\/2025\/11\/Noticia21-300x210.png 300w\" sizes=\"(max-width: 540px) 100vw, 540px\" \/>\t\t\t\t\t\t\t\t\t\t\t\t\t\t\t<\/div>\n\t\t\t\t<\/div>\n\t\t<div class=\"elementor-element elementor-element-aac12f8 e-con-full e-flex elementor-invisible e-con e-child\" data-id=\"aac12f8\" data-element_type=\"container\" data-e-type=\"container\" data-settings=\"{&quot;animation&quot;:&quot;fadeInUp&quot;}\">\n\t\t\t\t<div class=\"elementor-element elementor-element-0c8df65 elementor-widget__width-initial elementor-widget-mobile__width-inherit elementor-widget-tablet__width-inherit elementor-widget elementor-widget-text-editor\" data-id=\"0c8df65\" data-element_type=\"widget\" data-e-type=\"widget\" data-widget_type=\"text-editor.default\">\n\t\t\t\t\t\t\t\t\t<div class=\"ewa-rteLine\">El Dr. Francisco Alonso, Director del INTRAS, ha asistido a la reuni\u00f3n de la Comisi\u00f3n Cient\u00edfico-T\u00e9cnica de la C\u00e1tedra de Cultura Empresarial de la Universidad de Valencia celebrada el 28 de enero de 2025, como miembro de la misma.<\/div><br>\n<div class=\"ewa-rteLine\">La C\u00e1tedra de Cultura Empresarial (CCE), en el marco de la Fundaci\u00f3n Universidad Empresa ADEIT de la Universidad de Valencia, tiene por objetivo \u00faltimo la \u201ctransmisi\u00f3n del conocimiento del foro universitario hacia el tejido empresarial valenciano y la inoculaci\u00f3n de la cultura empresarial en el colectivo universitario\u201d<\/div><br>\n<div class=\"ewa-rteLine\">En este marco de innovaci\u00f3n, se explic\u00f3 a los asistentes el nuevo proyecto DS4M Mediterr\u00e1neo, que constituir\u00e1 un nuevo paradigma en la gesti\u00f3n de los datos de movilidad de las zonas implicadas.<\/div>\t\t\t\t\t\t\t\t<\/div>\n\t\t\t\t<\/div>\n\t\t\t\t\t<\/div>\n\t\t\t\t<\/div>\n\t\t\t\t<\/div>\n\t\t","protected":false},"excerpt":{"rendered":"<p>El DS4M Mediterr\u00e1neo se presenta ante Comisi\u00f3n Cient\u00edfico-T\u00e9cnica de la C\u00e1tedra de Cultura Empresarial Publicado el 28 de enero de 2025 El Dr. Francisco Alonso, Director del INTRAS, ha asistido a la reuni\u00f3n de la Comisi\u00f3n Cient\u00edfico-T\u00e9cnica de la C\u00e1tedra de Cultura Empresarial de la Universidad de Valencia celebrada el 28 de enero de 2025, [&hellip;]<\/p>\n","protected":false},"author":1,"featured_media":0,"parent":0,"menu_order":0,"comment_status":"closed","ping_status":"closed","template":"","meta":{"footnotes":""},"class_list":["post-3505","page","type-page","status-publish","hentry"],"yoast_head":"<!-- This site is optimized with the Yoast SEO plugin v27.4 - https:\/\/yoast.com\/product\/yoast-seo-wordpress\/ -->\n<title>DS4M Mediterr\u00e1neo \u2013 Presentaci\u00f3n ante la Comisi\u00f3n Cient\u00edfico-T\u00e9cnica de la C\u00e1tedra de Cultura Empresarial<\/title>\n<meta name=\"description\" content=\"El Dr. Francisco Alonso present\u00f3 el proyecto DS4M Mediterr\u00e1neo en la Comisi\u00f3n Cient\u00edfico-T\u00e9cnica de la C\u00e1tedra de Cultura Empresarial de la Universidad de Valencia, destacando su papel como nuevo paradigma en la gesti\u00f3n de datos de movilidad.\" \/>\n<meta name=\"robots\" content=\"index, follow, max-snippet:-1, max-image-preview:large, max-video-preview:-1\" \/>\n<link rel=\"canonical\" href=\"https:\/\/ds4mmed.uv.es\/index.php\/es\/presentacion-catedra-cultura-empresarial\/\" \/>\n<meta property=\"og:locale\" content=\"es_ES\" \/>\n<meta property=\"og:type\" content=\"article\" \/>\n<meta property=\"og:title\" content=\"DS4M Mediterr\u00e1neo \u2013 Presentaci\u00f3n ante la Comisi\u00f3n Cient\u00edfico-T\u00e9cnica de la C\u00e1tedra de Cultura Empresarial\" \/>\n<meta property=\"og:description\" content=\"El Dr. Francisco Alonso present\u00f3 el proyecto DS4M Mediterr\u00e1neo en la Comisi\u00f3n Cient\u00edfico-T\u00e9cnica de la C\u00e1tedra de Cultura Empresarial de la Universidad de Valencia, destacando su papel como nuevo paradigma en la gesti\u00f3n de datos de movilidad.\" \/>\n<meta property=\"og:url\" content=\"https:\/\/ds4mmed.uv.es\/index.php\/es\/presentacion-catedra-cultura-empresarial\/\" \/>\n<meta property=\"og:site_name\" content=\"DS4M Mediterr\u00e1neo\" \/>\n<meta property=\"article:modified_time\" content=\"2025-11-26T08:36:51+00:00\" \/>\n<meta property=\"og:image\" content=\"https:\/\/ds4mmed.uv.es\/wp-content\/uploads\/2025\/11\/Noticia21.png\" \/>\n<meta name=\"twitter:card\" content=\"summary_large_image\" \/>\n<meta name=\"twitter:label1\" content=\"Tiempo de lectura\" \/>\n\t<meta name=\"twitter:data1\" content=\"2 minutos\" \/>\n<script type=\"application\/ld+json\" class=\"yoast-schema-graph\">{\"@context\":\"https:\\\/\\\/schema.org\",\"@graph\":[{\"@type\":\"WebPage\",\"@id\":\"https:\\\/\\\/ds4mmed.uv.es\\\/index.php\\\/es\\\/presentacion-catedra-cultura-empresarial\\\/\",\"url\":\"https:\\\/\\\/ds4mmed.uv.es\\\/index.php\\\/es\\\/presentacion-catedra-cultura-empresarial\\\/\",\"name\":\"DS4M Mediterr\u00e1neo \u2013 Presentaci\u00f3n ante la Comisi\u00f3n Cient\u00edfico-T\u00e9cnica de la C\u00e1tedra de Cultura Empresarial\",\"isPartOf\":{\"@id\":\"https:\\\/\\\/ds4mmed.uv.es\\\/#website\"},\"primaryImageOfPage\":{\"@id\":\"https:\\\/\\\/ds4mmed.uv.es\\\/index.php\\\/es\\\/presentacion-catedra-cultura-empresarial\\\/#primaryimage\"},\"image\":{\"@id\":\"https:\\\/\\\/ds4mmed.uv.es\\\/index.php\\\/es\\\/presentacion-catedra-cultura-empresarial\\\/#primaryimage\"},\"thumbnailUrl\":\"https:\\\/\\\/ds4mmed.uv.es\\\/wp-content\\\/uploads\\\/2025\\\/11\\\/Noticia21.png\",\"datePublished\":\"2025-10-31T10:39:57+00:00\",\"dateModified\":\"2025-11-26T08:36:51+00:00\",\"description\":\"El Dr. Francisco Alonso present\u00f3 el proyecto DS4M Mediterr\u00e1neo en la Comisi\u00f3n Cient\u00edfico-T\u00e9cnica de la C\u00e1tedra de Cultura Empresarial de la Universidad de Valencia, destacando su papel como nuevo paradigma en la gesti\u00f3n de datos de movilidad.\",\"breadcrumb\":{\"@id\":\"https:\\\/\\\/ds4mmed.uv.es\\\/index.php\\\/es\\\/presentacion-catedra-cultura-empresarial\\\/#breadcrumb\"},\"inLanguage\":\"es\",\"potentialAction\":[{\"@type\":\"ReadAction\",\"target\":[\"https:\\\/\\\/ds4mmed.uv.es\\\/index.php\\\/es\\\/presentacion-catedra-cultura-empresarial\\\/\"]}]},{\"@type\":\"ImageObject\",\"inLanguage\":\"es\",\"@id\":\"https:\\\/\\\/ds4mmed.uv.es\\\/index.php\\\/es\\\/presentacion-catedra-cultura-empresarial\\\/#primaryimage\",\"url\":\"https:\\\/\\\/ds4mmed.uv.es\\\/wp-content\\\/uploads\\\/2025\\\/11\\\/Noticia21.png\",\"contentUrl\":\"https:\\\/\\\/ds4mmed.uv.es\\\/wp-content\\\/uploads\\\/2025\\\/11\\\/Noticia21.png\",\"width\":540,\"height\":378},{\"@type\":\"BreadcrumbList\",\"@id\":\"https:\\\/\\\/ds4mmed.uv.es\\\/index.php\\\/es\\\/presentacion-catedra-cultura-empresarial\\\/#breadcrumb\",\"itemListElement\":[{\"@type\":\"ListItem\",\"position\":1,\"name\":\"Portada\",\"item\":\"https:\\\/\\\/ds4mmed.uv.es\\\/index.php\\\/es\\\/\"},{\"@type\":\"ListItem\",\"position\":2,\"name\":\"Noticia 6 &#8211; El DS4M Mediterr\u00e1neo se presenta ante Comisi\u00f3n Cient\u00edfico-T\u00e9cnica de la C\u00e1tedra de Cultura Empresarial\"}]},{\"@type\":\"WebSite\",\"@id\":\"https:\\\/\\\/ds4mmed.uv.es\\\/#website\",\"url\":\"https:\\\/\\\/ds4mmed.uv.es\\\/\",\"name\":\"DS4M Mediterr\u00e1neo\",\"description\":\"\",\"publisher\":{\"@id\":\"https:\\\/\\\/ds4mmed.uv.es\\\/#organization\"},\"potentialAction\":[{\"@type\":\"SearchAction\",\"target\":{\"@type\":\"EntryPoint\",\"urlTemplate\":\"https:\\\/\\\/ds4mmed.uv.es\\\/?s={search_term_string}\"},\"query-input\":{\"@type\":\"PropertyValueSpecification\",\"valueRequired\":true,\"valueName\":\"search_term_string\"}}],\"inLanguage\":\"es\"},{\"@type\":\"Organization\",\"@id\":\"https:\\\/\\\/ds4mmed.uv.es\\\/#organization\",\"name\":\"DS4M Mediterr\u00e1neo\",\"url\":\"https:\\\/\\\/ds4mmed.uv.es\\\/\",\"logo\":{\"@type\":\"ImageObject\",\"inLanguage\":\"es\",\"@id\":\"https:\\\/\\\/ds4mmed.uv.es\\\/#\\\/schema\\\/logo\\\/image\\\/\",\"url\":\"https:\\\/\\\/ds4mmed.uv.es\\\/wp-content\\\/uploads\\\/2025\\\/07\\\/Logo-cambio-resolucion-scaled.png\",\"contentUrl\":\"https:\\\/\\\/ds4mmed.uv.es\\\/wp-content\\\/uploads\\\/2025\\\/07\\\/Logo-cambio-resolucion-scaled.png\",\"width\":2560,\"height\":980,\"caption\":\"DS4M Mediterr\u00e1neo\"},\"image\":{\"@id\":\"https:\\\/\\\/ds4mmed.uv.es\\\/#\\\/schema\\\/logo\\\/image\\\/\"}}]}<\/script>\n<!-- \/ Yoast SEO plugin. -->","yoast_head_json":{"title":"DS4M Mediterr\u00e1neo \u2013 Presentaci\u00f3n ante la Comisi\u00f3n Cient\u00edfico-T\u00e9cnica de la C\u00e1tedra de Cultura Empresarial","description":"El Dr. Francisco Alonso present\u00f3 el proyecto DS4M Mediterr\u00e1neo en la Comisi\u00f3n Cient\u00edfico-T\u00e9cnica de la C\u00e1tedra de Cultura Empresarial de la Universidad de Valencia, destacando su papel como nuevo paradigma en la gesti\u00f3n de datos de movilidad.","robots":{"index":"index","follow":"follow","max-snippet":"max-snippet:-1","max-image-preview":"max-image-preview:large","max-video-preview":"max-video-preview:-1"},"canonical":"https:\/\/ds4mmed.uv.es\/index.php\/es\/presentacion-catedra-cultura-empresarial\/","og_locale":"es_ES","og_type":"article","og_title":"DS4M Mediterr\u00e1neo \u2013 Presentaci\u00f3n ante la Comisi\u00f3n Cient\u00edfico-T\u00e9cnica de la C\u00e1tedra de Cultura Empresarial","og_description":"El Dr. Francisco Alonso present\u00f3 el proyecto DS4M Mediterr\u00e1neo en la Comisi\u00f3n Cient\u00edfico-T\u00e9cnica de la C\u00e1tedra de Cultura Empresarial de la Universidad de Valencia, destacando su papel como nuevo paradigma en la gesti\u00f3n de datos de movilidad.","og_url":"https:\/\/ds4mmed.uv.es\/index.php\/es\/presentacion-catedra-cultura-empresarial\/","og_site_name":"DS4M Mediterr\u00e1neo","article_modified_time":"2025-11-26T08:36:51+00:00","og_image":[{"url":"https:\/\/ds4mmed.uv.es\/wp-content\/uploads\/2025\/11\/Noticia21.png","type":"","width":"","height":""}],"twitter_card":"summary_large_image","twitter_misc":{"Tiempo de lectura":"2 minutos"},"schema":{"@context":"https:\/\/schema.org","@graph":[{"@type":"WebPage","@id":"https:\/\/ds4mmed.uv.es\/index.php\/es\/presentacion-catedra-cultura-empresarial\/","url":"https:\/\/ds4mmed.uv.es\/index.php\/es\/presentacion-catedra-cultura-empresarial\/","name":"DS4M Mediterr\u00e1neo \u2013 Presentaci\u00f3n ante la Comisi\u00f3n Cient\u00edfico-T\u00e9cnica de la C\u00e1tedra de Cultura Empresarial","isPartOf":{"@id":"https:\/\/ds4mmed.uv.es\/#website"},"primaryImageOfPage":{"@id":"https:\/\/ds4mmed.uv.es\/index.php\/es\/presentacion-catedra-cultura-empresarial\/#primaryimage"},"image":{"@id":"https:\/\/ds4mmed.uv.es\/index.php\/es\/presentacion-catedra-cultura-empresarial\/#primaryimage"},"thumbnailUrl":"https:\/\/ds4mmed.uv.es\/wp-content\/uploads\/2025\/11\/Noticia21.png","datePublished":"2025-10-31T10:39:57+00:00","dateModified":"2025-11-26T08:36:51+00:00","description":"El Dr. Francisco Alonso present\u00f3 el proyecto DS4M Mediterr\u00e1neo en la Comisi\u00f3n Cient\u00edfico-T\u00e9cnica de la C\u00e1tedra de Cultura Empresarial de la Universidad de Valencia, destacando su papel como nuevo paradigma en la gesti\u00f3n de datos de movilidad.","breadcrumb":{"@id":"https:\/\/ds4mmed.uv.es\/index.php\/es\/presentacion-catedra-cultura-empresarial\/#breadcrumb"},"inLanguage":"es","potentialAction":[{"@type":"ReadAction","target":["https:\/\/ds4mmed.uv.es\/index.php\/es\/presentacion-catedra-cultura-empresarial\/"]}]},{"@type":"ImageObject","inLanguage":"es","@id":"https:\/\/ds4mmed.uv.es\/index.php\/es\/presentacion-catedra-cultura-empresarial\/#primaryimage","url":"https:\/\/ds4mmed.uv.es\/wp-content\/uploads\/2025\/11\/Noticia21.png","contentUrl":"https:\/\/ds4mmed.uv.es\/wp-content\/uploads\/2025\/11\/Noticia21.png","width":540,"height":378},{"@type":"BreadcrumbList","@id":"https:\/\/ds4mmed.uv.es\/index.php\/es\/presentacion-catedra-cultura-empresarial\/#breadcrumb","itemListElement":[{"@type":"ListItem","position":1,"name":"Portada","item":"https:\/\/ds4mmed.uv.es\/index.php\/es\/"},{"@type":"ListItem","position":2,"name":"Noticia 6 &#8211; El DS4M Mediterr\u00e1neo se presenta ante Comisi\u00f3n Cient\u00edfico-T\u00e9cnica de la C\u00e1tedra de Cultura Empresarial"}]},{"@type":"WebSite","@id":"https:\/\/ds4mmed.uv.es\/#website","url":"https:\/\/ds4mmed.uv.es\/","name":"DS4M Mediterr\u00e1neo","description":"","publisher":{"@id":"https:\/\/ds4mmed.uv.es\/#organization"},"potentialAction":[{"@type":"SearchAction","target":{"@type":"EntryPoint","urlTemplate":"https:\/\/ds4mmed.uv.es\/?s={search_term_string}"},"query-input":{"@type":"PropertyValueSpecification","valueRequired":true,"valueName":"search_term_string"}}],"inLanguage":"es"},{"@type":"Organization","@id":"https:\/\/ds4mmed.uv.es\/#organization","name":"DS4M Mediterr\u00e1neo","url":"https:\/\/ds4mmed.uv.es\/","logo":{"@type":"ImageObject","inLanguage":"es","@id":"https:\/\/ds4mmed.uv.es\/#\/schema\/logo\/image\/","url":"https:\/\/ds4mmed.uv.es\/wp-content\/uploads\/2025\/07\/Logo-cambio-resolucion-scaled.png","contentUrl":"https:\/\/ds4mmed.uv.es\/wp-content\/uploads\/2025\/07\/Logo-cambio-resolucion-scaled.png","width":2560,"height":980,"caption":"DS4M Mediterr\u00e1neo"},"image":{"@id":"https:\/\/ds4mmed.uv.es\/#\/schema\/logo\/image\/"}}]}},"_links":{"self":[{"href":"https:\/\/ds4mmed.uv.es\/index.php\/wp-json\/wp\/v2\/pages\/3505","targetHints":{"allow":["GET"]}}],"collection":[{"href":"https:\/\/ds4mmed.uv.es\/index.php\/wp-json\/wp\/v2\/pages"}],"about":[{"href":"https:\/\/ds4mmed.uv.es\/index.php\/wp-json\/wp\/v2\/types\/page"}],"author":[{"embeddable":true,"href":"https:\/\/ds4mmed.uv.es\/index.php\/wp-json\/wp\/v2\/users\/1"}],"replies":[{"embeddable":true,"href":"https:\/\/ds4mmed.uv.es\/index.php\/wp-json\/wp\/v2\/comments?post=3505"}],"version-history":[{"count":32,"href":"https:\/\/ds4mmed.uv.es\/index.php\/wp-json\/wp\/v2\/pages\/3505\/revisions"}],"predecessor-version":[{"id":8993,"href":"https:\/\/ds4mmed.uv.es\/index.php\/wp-json\/wp\/v2\/pages\/3505\/revisions\/8993"}],"wp:attachment":[{"href":"https:\/\/ds4mmed.uv.es\/index.php\/wp-json\/wp\/v2\/media?parent=3505"}],"curies":[{"name":"wp","href":"https:\/\/api.w.org\/{rel}","templated":true}]}}