{"id":3503,"date":"2025-10-31T12:13:17","date_gmt":"2025-10-31T11:13:17","guid":{"rendered":"https:\/\/ds4mmed.uv.es\/?page_id=3503"},"modified":"2025-11-26T09:10:16","modified_gmt":"2025-11-26T08:10:16","slug":"digitalizacion-corredor-mediterraneo-cadena-ser","status":"publish","type":"page","link":"https:\/\/ds4mmed.uv.es\/index.php\/es\/digitalizacion-corredor-mediterraneo-cadena-ser\/","title":{"rendered":"Noticia 5 &#8211; Cadena Ser: \u00abEl Intras lidera un ambicioso proyecto para digitalizar el Corredor Mediterr\u00e1neo\u00bb"},"content":{"rendered":"\t\t<div data-elementor-type=\"wp-page\" data-elementor-id=\"3503\" class=\"elementor elementor-3503\">\n\t\t\t\t<div class=\"elementor-element elementor-element-6c62525 e-flex e-con-boxed e-con e-child\" data-id=\"6c62525\" data-element_type=\"container\" data-e-type=\"container\" data-settings=\"{&quot;background_background&quot;:&quot;classic&quot;}\">\n\t\t\t\t\t<div class=\"e-con-inner\">\n\t\t<div class=\"elementor-element elementor-element-6debc5d e-con-full e-flex e-con e-child\" data-id=\"6debc5d\" data-element_type=\"container\" data-e-type=\"container\">\n\t\t<div class=\"elementor-element elementor-element-3b5bf26 e-con-full e-flex elementor-invisible e-con e-child\" data-id=\"3b5bf26\" data-element_type=\"container\" data-e-type=\"container\" data-settings=\"{&quot;animation&quot;:&quot;fadeInLeft&quot;}\">\n\t\t\t\t<div class=\"elementor-element elementor-element-da9e6f3 elementor-widget elementor-widget-heading\" data-id=\"da9e6f3\" data-element_type=\"widget\" data-e-type=\"widget\" data-widget_type=\"heading.default\">\n\t\t\t\t\t<h1 class=\"elementor-heading-title elementor-size-default\">Cadena Ser: \"El Intras lidera un ambicioso proyecto para digitalizar el Corredor Mediterr\u00e1neo\"<\/h1>\t\t\t\t<\/div>\n\t\t\t\t<div class=\"elementor-element elementor-element-e2a4a87 elementor-icon-list--layout-inline elementor-align-center elementor-list-item-link-full_width elementor-widget elementor-widget-icon-list\" data-id=\"e2a4a87\" data-element_type=\"widget\" data-e-type=\"widget\" data-widget_type=\"icon-list.default\">\n\t\t\t\t\t\t\t<ul class=\"elementor-icon-list-items elementor-inline-items\">\n\t\t\t\t\t\t\t<li class=\"elementor-icon-list-item elementor-inline-item\">\n\t\t\t\t\t\t\t\t\t\t<span class=\"elementor-icon-list-text\">Publicado el 24 de enero de 2025<\/span>\n\t\t\t\t\t\t\t\t\t<\/li>\n\t\t\t\t\t\t<\/ul>\n\t\t\t\t\t\t<\/div>\n\t\t\t\t<\/div>\n\t\t\t\t<div class=\"elementor-element elementor-element-89ea136 elementor-invisible elementor-widget elementor-widget-image\" data-id=\"89ea136\" data-element_type=\"widget\" data-e-type=\"widget\" data-settings=\"{&quot;_animation&quot;:&quot;fadeInRight&quot;}\" data-widget_type=\"image.default\">\n\t\t\t\t\t\t\t\t\t\t\t\t\t\t\t<img fetchpriority=\"high\" decoding=\"async\" width=\"852\" height=\"598\" src=\"https:\/\/ds4mmed.uv.es\/wp-content\/uploads\/2025\/11\/Noticia22.png\" class=\"attachment-full size-full wp-image-3710\" alt=\"\" srcset=\"https:\/\/ds4mmed.uv.es\/wp-content\/uploads\/2025\/11\/Noticia22.png 852w, https:\/\/ds4mmed.uv.es\/wp-content\/uploads\/2025\/11\/Noticia22-300x211.png 300w, https:\/\/ds4mmed.uv.es\/wp-content\/uploads\/2025\/11\/Noticia22-768x539.png 768w\" sizes=\"(max-width: 852px) 100vw, 852px\" \/>\t\t\t\t\t\t\t\t\t\t\t\t\t\t\t<\/div>\n\t\t\t\t<\/div>\n\t\t<div class=\"elementor-element elementor-element-aac12f8 e-con-full e-flex elementor-invisible e-con e-child\" data-id=\"aac12f8\" data-element_type=\"container\" data-e-type=\"container\" data-settings=\"{&quot;animation&quot;:&quot;fadeInUp&quot;}\">\n\t\t\t\t<div class=\"elementor-element elementor-element-0c8df65 elementor-widget__width-initial elementor-widget-mobile__width-inherit elementor-widget-tablet__width-inherit elementor-widget elementor-widget-text-editor\" data-id=\"0c8df65\" data-element_type=\"widget\" data-e-type=\"widget\" data-widget_type=\"text-editor.default\">\n\t\t\t\t\t\t\t\t\t<p data-start=\"135\" data-end=\"328\">Conoce todos los detalles: <a href=\"https:\/\/cadenaser.com\/comunitat-valenciana\/2025\/01\/24\/el-intras-lidera-un-ambicioso-proyecto-para-digitalizar-la-movilidad-en-el-corredor-mediterraneo-radio-valencia\/\">https:\/\/cadenaser.com\/comunitat-valenciana\/2025\/01\/24\/el-intras-lidera-un-ambicioso-proyecto-para-digitalizar-la-movilidad-en-el-corredor-mediterraneo-radio-valencia\/<\/a><\/p>\t\t\t\t\t\t\t\t<\/div>\n\t\t\t\t<\/div>\n\t\t\t\t\t<\/div>\n\t\t\t\t<\/div>\n\t\t\t\t<\/div>\n\t\t","protected":false},"excerpt":{"rendered":"<p>Cadena Ser: \u00abEl Intras lidera un ambicioso proyecto para digitalizar el Corredor Mediterr\u00e1neo\u00bb Publicado el 24 de enero de 2025 Conoce todos los detalles: https:\/\/cadenaser.com\/comunitat-valenciana\/2025\/01\/24\/el-intras-lidera-un-ambicioso-proyecto-para-digitalizar-la-movilidad-en-el-corredor-mediterraneo-radio-valencia\/<\/p>\n","protected":false},"author":1,"featured_media":0,"parent":0,"menu_order":0,"comment_status":"closed","ping_status":"closed","template":"","meta":{"footnotes":""},"class_list":["post-3503","page","type-page","status-publish","hentry"],"yoast_head":"<!-- This site is optimized with the Yoast SEO plugin v27.1.1 - https:\/\/yoast.com\/product\/yoast-seo-wordpress\/ -->\n<title>DS4M Mediterr\u00e1neo \u2013 Proyecto para digitalizar el Corredor Mediterr\u00e1neo (Cadena SER)<\/title>\n<meta name=\"description\" content=\"Cadena SER destaca que el INTRAS lidera un proyecto ambicioso para digitalizar la movilidad en el Corredor Mediterr\u00e1neo mediante DS4M Mediterr\u00e1neo, una iniciativa clave para avanzar hacia un sistema de transporte m\u00e1s conectado y eficiente.\" \/>\n<meta name=\"robots\" content=\"index, follow, max-snippet:-1, max-image-preview:large, max-video-preview:-1\" \/>\n<link rel=\"canonical\" href=\"https:\/\/ds4mmed.uv.es\/index.php\/es\/digitalizacion-corredor-mediterraneo-cadena-ser\/\" \/>\n<meta property=\"og:locale\" content=\"es_ES\" \/>\n<meta property=\"og:type\" content=\"article\" \/>\n<meta property=\"og:title\" content=\"DS4M Mediterr\u00e1neo \u2013 Proyecto para digitalizar el Corredor Mediterr\u00e1neo (Cadena SER)\" \/>\n<meta property=\"og:description\" content=\"Cadena SER destaca que el INTRAS lidera un proyecto ambicioso para digitalizar la movilidad en el Corredor Mediterr\u00e1neo mediante DS4M Mediterr\u00e1neo, una iniciativa clave para avanzar hacia un sistema de transporte m\u00e1s conectado y eficiente.\" \/>\n<meta property=\"og:url\" content=\"https:\/\/ds4mmed.uv.es\/index.php\/es\/digitalizacion-corredor-mediterraneo-cadena-ser\/\" \/>\n<meta property=\"og:site_name\" content=\"DS4M Mediterr\u00e1neo\" \/>\n<meta property=\"article:modified_time\" content=\"2025-11-26T08:10:16+00:00\" \/>\n<meta property=\"og:image\" content=\"https:\/\/ds4mmed.uv.es\/wp-content\/uploads\/2025\/11\/Noticia22.png\" \/>\n<meta name=\"twitter:card\" content=\"summary_large_image\" \/>\n<meta name=\"twitter:label1\" content=\"Tiempo de lectura\" \/>\n\t<meta name=\"twitter:data1\" content=\"1 minuto\" \/>\n<script type=\"application\/ld+json\" class=\"yoast-schema-graph\">{\"@context\":\"https:\/\/schema.org\",\"@graph\":[{\"@type\":\"WebPage\",\"@id\":\"https:\/\/ds4mmed.uv.es\/index.php\/es\/digitalizacion-corredor-mediterraneo-cadena-ser\/\",\"url\":\"https:\/\/ds4mmed.uv.es\/index.php\/es\/digitalizacion-corredor-mediterraneo-cadena-ser\/\",\"name\":\"DS4M Mediterr\u00e1neo \u2013 Proyecto para digitalizar el Corredor Mediterr\u00e1neo (Cadena SER)\",\"isPartOf\":{\"@id\":\"https:\/\/ds4mmed.uv.es\/#website\"},\"primaryImageOfPage\":{\"@id\":\"https:\/\/ds4mmed.uv.es\/index.php\/es\/digitalizacion-corredor-mediterraneo-cadena-ser\/#primaryimage\"},\"image\":{\"@id\":\"https:\/\/ds4mmed.uv.es\/index.php\/es\/digitalizacion-corredor-mediterraneo-cadena-ser\/#primaryimage\"},\"thumbnailUrl\":\"https:\/\/ds4mmed.uv.es\/wp-content\/uploads\/2025\/11\/Noticia22.png\",\"datePublished\":\"2025-10-31T11:13:17+00:00\",\"dateModified\":\"2025-11-26T08:10:16+00:00\",\"description\":\"Cadena SER destaca que el INTRAS lidera un proyecto ambicioso para digitalizar la movilidad en el Corredor Mediterr\u00e1neo mediante DS4M Mediterr\u00e1neo, una iniciativa clave para avanzar hacia un sistema de transporte m\u00e1s conectado y eficiente.\",\"breadcrumb\":{\"@id\":\"https:\/\/ds4mmed.uv.es\/index.php\/es\/digitalizacion-corredor-mediterraneo-cadena-ser\/#breadcrumb\"},\"inLanguage\":\"es\",\"potentialAction\":[{\"@type\":\"ReadAction\",\"target\":[\"https:\/\/ds4mmed.uv.es\/index.php\/es\/digitalizacion-corredor-mediterraneo-cadena-ser\/\"]}]},{\"@type\":\"ImageObject\",\"inLanguage\":\"es\",\"@id\":\"https:\/\/ds4mmed.uv.es\/index.php\/es\/digitalizacion-corredor-mediterraneo-cadena-ser\/#primaryimage\",\"url\":\"https:\/\/ds4mmed.uv.es\/wp-content\/uploads\/2025\/11\/Noticia22.png\",\"contentUrl\":\"https:\/\/ds4mmed.uv.es\/wp-content\/uploads\/2025\/11\/Noticia22.png\",\"width\":852,\"height\":598},{\"@type\":\"BreadcrumbList\",\"@id\":\"https:\/\/ds4mmed.uv.es\/index.php\/es\/digitalizacion-corredor-mediterraneo-cadena-ser\/#breadcrumb\",\"itemListElement\":[{\"@type\":\"ListItem\",\"position\":1,\"name\":\"Portada\",\"item\":\"https:\/\/ds4mmed.uv.es\/index.php\/es\/\"},{\"@type\":\"ListItem\",\"position\":2,\"name\":\"Noticia 5 &#8211; Cadena Ser: \u00abEl Intras lidera un ambicioso proyecto para digitalizar el Corredor Mediterr\u00e1neo\u00bb\"}]},{\"@type\":\"WebSite\",\"@id\":\"https:\/\/ds4mmed.uv.es\/#website\",\"url\":\"https:\/\/ds4mmed.uv.es\/\",\"name\":\"DS4M Mediterr\u00e1neo\",\"description\":\"\",\"publisher\":{\"@id\":\"https:\/\/ds4mmed.uv.es\/#organization\"},\"potentialAction\":[{\"@type\":\"SearchAction\",\"target\":{\"@type\":\"EntryPoint\",\"urlTemplate\":\"https:\/\/ds4mmed.uv.es\/?s={search_term_string}\"},\"query-input\":{\"@type\":\"PropertyValueSpecification\",\"valueRequired\":true,\"valueName\":\"search_term_string\"}}],\"inLanguage\":\"es\"},{\"@type\":\"Organization\",\"@id\":\"https:\/\/ds4mmed.uv.es\/#organization\",\"name\":\"DS4M Mediterr\u00e1neo\",\"url\":\"https:\/\/ds4mmed.uv.es\/\",\"logo\":{\"@type\":\"ImageObject\",\"inLanguage\":\"es\",\"@id\":\"https:\/\/ds4mmed.uv.es\/#\/schema\/logo\/image\/\",\"url\":\"https:\/\/ds4mmed.uv.es\/wp-content\/uploads\/2025\/07\/Logo-cambio-resolucion-scaled.png\",\"contentUrl\":\"https:\/\/ds4mmed.uv.es\/wp-content\/uploads\/2025\/07\/Logo-cambio-resolucion-scaled.png\",\"width\":2560,\"height\":980,\"caption\":\"DS4M Mediterr\u00e1neo\"},\"image\":{\"@id\":\"https:\/\/ds4mmed.uv.es\/#\/schema\/logo\/image\/\"}}]}<\/script>\n<!-- \/ Yoast SEO plugin. -->","yoast_head_json":{"title":"DS4M Mediterr\u00e1neo \u2013 Proyecto para digitalizar el Corredor Mediterr\u00e1neo (Cadena SER)","description":"Cadena SER destaca que el INTRAS lidera un proyecto ambicioso para digitalizar la movilidad en el Corredor Mediterr\u00e1neo mediante DS4M Mediterr\u00e1neo, una iniciativa clave para avanzar hacia un sistema de transporte m\u00e1s conectado y eficiente.","robots":{"index":"index","follow":"follow","max-snippet":"max-snippet:-1","max-image-preview":"max-image-preview:large","max-video-preview":"max-video-preview:-1"},"canonical":"https:\/\/ds4mmed.uv.es\/index.php\/es\/digitalizacion-corredor-mediterraneo-cadena-ser\/","og_locale":"es_ES","og_type":"article","og_title":"DS4M Mediterr\u00e1neo \u2013 Proyecto para digitalizar el Corredor Mediterr\u00e1neo (Cadena SER)","og_description":"Cadena SER destaca que el INTRAS lidera un proyecto ambicioso para digitalizar la movilidad en el Corredor Mediterr\u00e1neo mediante DS4M Mediterr\u00e1neo, una iniciativa clave para avanzar hacia un sistema de transporte m\u00e1s conectado y eficiente.","og_url":"https:\/\/ds4mmed.uv.es\/index.php\/es\/digitalizacion-corredor-mediterraneo-cadena-ser\/","og_site_name":"DS4M Mediterr\u00e1neo","article_modified_time":"2025-11-26T08:10:16+00:00","og_image":[{"url":"https:\/\/ds4mmed.uv.es\/wp-content\/uploads\/2025\/11\/Noticia22.png","type":"","width":"","height":""}],"twitter_card":"summary_large_image","twitter_misc":{"Tiempo de lectura":"1 minuto"},"schema":{"@context":"https:\/\/schema.org","@graph":[{"@type":"WebPage","@id":"https:\/\/ds4mmed.uv.es\/index.php\/es\/digitalizacion-corredor-mediterraneo-cadena-ser\/","url":"https:\/\/ds4mmed.uv.es\/index.php\/es\/digitalizacion-corredor-mediterraneo-cadena-ser\/","name":"DS4M Mediterr\u00e1neo \u2013 Proyecto para digitalizar el Corredor Mediterr\u00e1neo (Cadena SER)","isPartOf":{"@id":"https:\/\/ds4mmed.uv.es\/#website"},"primaryImageOfPage":{"@id":"https:\/\/ds4mmed.uv.es\/index.php\/es\/digitalizacion-corredor-mediterraneo-cadena-ser\/#primaryimage"},"image":{"@id":"https:\/\/ds4mmed.uv.es\/index.php\/es\/digitalizacion-corredor-mediterraneo-cadena-ser\/#primaryimage"},"thumbnailUrl":"https:\/\/ds4mmed.uv.es\/wp-content\/uploads\/2025\/11\/Noticia22.png","datePublished":"2025-10-31T11:13:17+00:00","dateModified":"2025-11-26T08:10:16+00:00","description":"Cadena SER destaca que el INTRAS lidera un proyecto ambicioso para digitalizar la movilidad en el Corredor Mediterr\u00e1neo mediante DS4M Mediterr\u00e1neo, una iniciativa clave para avanzar hacia un sistema de transporte m\u00e1s conectado y eficiente.","breadcrumb":{"@id":"https:\/\/ds4mmed.uv.es\/index.php\/es\/digitalizacion-corredor-mediterraneo-cadena-ser\/#breadcrumb"},"inLanguage":"es","potentialAction":[{"@type":"ReadAction","target":["https:\/\/ds4mmed.uv.es\/index.php\/es\/digitalizacion-corredor-mediterraneo-cadena-ser\/"]}]},{"@type":"ImageObject","inLanguage":"es","@id":"https:\/\/ds4mmed.uv.es\/index.php\/es\/digitalizacion-corredor-mediterraneo-cadena-ser\/#primaryimage","url":"https:\/\/ds4mmed.uv.es\/wp-content\/uploads\/2025\/11\/Noticia22.png","contentUrl":"https:\/\/ds4mmed.uv.es\/wp-content\/uploads\/2025\/11\/Noticia22.png","width":852,"height":598},{"@type":"BreadcrumbList","@id":"https:\/\/ds4mmed.uv.es\/index.php\/es\/digitalizacion-corredor-mediterraneo-cadena-ser\/#breadcrumb","itemListElement":[{"@type":"ListItem","position":1,"name":"Portada","item":"https:\/\/ds4mmed.uv.es\/index.php\/es\/"},{"@type":"ListItem","position":2,"name":"Noticia 5 &#8211; Cadena Ser: \u00abEl Intras lidera un ambicioso proyecto para digitalizar el Corredor Mediterr\u00e1neo\u00bb"}]},{"@type":"WebSite","@id":"https:\/\/ds4mmed.uv.es\/#website","url":"https:\/\/ds4mmed.uv.es\/","name":"DS4M Mediterr\u00e1neo","description":"","publisher":{"@id":"https:\/\/ds4mmed.uv.es\/#organization"},"potentialAction":[{"@type":"SearchAction","target":{"@type":"EntryPoint","urlTemplate":"https:\/\/ds4mmed.uv.es\/?s={search_term_string}"},"query-input":{"@type":"PropertyValueSpecification","valueRequired":true,"valueName":"search_term_string"}}],"inLanguage":"es"},{"@type":"Organization","@id":"https:\/\/ds4mmed.uv.es\/#organization","name":"DS4M Mediterr\u00e1neo","url":"https:\/\/ds4mmed.uv.es\/","logo":{"@type":"ImageObject","inLanguage":"es","@id":"https:\/\/ds4mmed.uv.es\/#\/schema\/logo\/image\/","url":"https:\/\/ds4mmed.uv.es\/wp-content\/uploads\/2025\/07\/Logo-cambio-resolucion-scaled.png","contentUrl":"https:\/\/ds4mmed.uv.es\/wp-content\/uploads\/2025\/07\/Logo-cambio-resolucion-scaled.png","width":2560,"height":980,"caption":"DS4M Mediterr\u00e1neo"},"image":{"@id":"https:\/\/ds4mmed.uv.es\/#\/schema\/logo\/image\/"}}]}},"_links":{"self":[{"href":"https:\/\/ds4mmed.uv.es\/index.php\/wp-json\/wp\/v2\/pages\/3503","targetHints":{"allow":["GET"]}}],"collection":[{"href":"https:\/\/ds4mmed.uv.es\/index.php\/wp-json\/wp\/v2\/pages"}],"about":[{"href":"https:\/\/ds4mmed.uv.es\/index.php\/wp-json\/wp\/v2\/types\/page"}],"author":[{"embeddable":true,"href":"https:\/\/ds4mmed.uv.es\/index.php\/wp-json\/wp\/v2\/users\/1"}],"replies":[{"embeddable":true,"href":"https:\/\/ds4mmed.uv.es\/index.php\/wp-json\/wp\/v2\/comments?post=3503"}],"version-history":[{"count":32,"href":"https:\/\/ds4mmed.uv.es\/index.php\/wp-json\/wp\/v2\/pages\/3503\/revisions"}],"predecessor-version":[{"id":8998,"href":"https:\/\/ds4mmed.uv.es\/index.php\/wp-json\/wp\/v2\/pages\/3503\/revisions\/8998"}],"wp:attachment":[{"href":"https:\/\/ds4mmed.uv.es\/index.php\/wp-json\/wp\/v2\/media?parent=3503"}],"curies":[{"name":"wp","href":"https:\/\/api.w.org\/{rel}","templated":true}]}}