{"id":3502,"date":"2025-10-31T12:37:17","date_gmt":"2025-10-31T11:37:17","guid":{"rendered":"https:\/\/ds4mmed.uv.es\/?page_id=3502"},"modified":"2025-11-26T09:37:33","modified_gmt":"2025-11-26T08:37:33","slug":"encuentro-catedras-universitarias-movilidad","status":"publish","type":"page","link":"https:\/\/ds4mmed.uv.es\/index.php\/es\/encuentro-catedras-universitarias-movilidad\/","title":{"rendered":"Noticia 9 &#8211; El proyecto DS4M Mediterr\u00e1neo presente en el I Encuentro de C\u00e1tedras Universitarias de Movilidad"},"content":{"rendered":"\t\t<div data-elementor-type=\"wp-page\" data-elementor-id=\"3502\" class=\"elementor elementor-3502\">\n\t\t\t\t<div class=\"elementor-element elementor-element-6c62525 e-flex e-con-boxed e-con e-child\" data-id=\"6c62525\" data-element_type=\"container\" data-e-type=\"container\" data-settings=\"{&quot;background_background&quot;:&quot;classic&quot;}\">\n\t\t\t\t\t<div class=\"e-con-inner\">\n\t\t<div class=\"elementor-element elementor-element-6debc5d e-con-full e-flex e-con e-child\" data-id=\"6debc5d\" data-element_type=\"container\" data-e-type=\"container\">\n\t\t<div class=\"elementor-element elementor-element-3b5bf26 e-con-full e-flex elementor-invisible e-con e-child\" data-id=\"3b5bf26\" data-element_type=\"container\" data-e-type=\"container\" data-settings=\"{&quot;animation&quot;:&quot;fadeInLeft&quot;}\">\n\t\t\t\t<div class=\"elementor-element elementor-element-da9e6f3 elementor-widget elementor-widget-heading\" data-id=\"da9e6f3\" data-element_type=\"widget\" data-e-type=\"widget\" data-widget_type=\"heading.default\">\n\t\t\t\t\t<h1 class=\"elementor-heading-title elementor-size-default\">El proyecto DS4M Mediterr\u00e1neo presente en el I Encuentro de C\u00e1tedras Universitarias de Movilidad<\/h1>\t\t\t\t<\/div>\n\t\t\t\t<div class=\"elementor-element elementor-element-e2a4a87 elementor-icon-list--layout-inline elementor-align-center elementor-list-item-link-full_width elementor-widget elementor-widget-icon-list\" data-id=\"e2a4a87\" data-element_type=\"widget\" data-e-type=\"widget\" data-widget_type=\"icon-list.default\">\n\t\t\t\t\t\t\t<ul class=\"elementor-icon-list-items elementor-inline-items\">\n\t\t\t\t\t\t\t<li class=\"elementor-icon-list-item elementor-inline-item\">\n\t\t\t\t\t\t\t\t\t\t<span class=\"elementor-icon-list-text\">Publicado el 11 de Febrero de 2025<\/span>\n\t\t\t\t\t\t\t\t\t<\/li>\n\t\t\t\t\t\t<\/ul>\n\t\t\t\t\t\t<\/div>\n\t\t\t\t<\/div>\n\t\t\t\t<div class=\"elementor-element elementor-element-89ea136 elementor-invisible elementor-widget elementor-widget-image\" data-id=\"89ea136\" data-element_type=\"widget\" data-e-type=\"widget\" data-settings=\"{&quot;_animation&quot;:&quot;fadeInRight&quot;}\" data-widget_type=\"image.default\">\n\t\t\t\t\t\t\t\t\t\t\t\t\t\t\t<img fetchpriority=\"high\" decoding=\"async\" width=\"860\" height=\"603\" src=\"https:\/\/ds4mmed.uv.es\/wp-content\/uploads\/2025\/11\/Noticia.png\" class=\"attachment-full size-full wp-image-5121\" alt=\"\" srcset=\"https:\/\/ds4mmed.uv.es\/wp-content\/uploads\/2025\/11\/Noticia.png 860w, https:\/\/ds4mmed.uv.es\/wp-content\/uploads\/2025\/11\/Noticia-300x210.png 300w, https:\/\/ds4mmed.uv.es\/wp-content\/uploads\/2025\/11\/Noticia-768x538.png 768w\" sizes=\"(max-width: 860px) 100vw, 860px\" \/>\t\t\t\t\t\t\t\t\t\t\t\t\t\t\t<\/div>\n\t\t\t\t<\/div>\n\t\t<div class=\"elementor-element elementor-element-aac12f8 e-con-full e-flex elementor-invisible e-con e-child\" data-id=\"aac12f8\" data-element_type=\"container\" data-e-type=\"container\" data-settings=\"{&quot;animation&quot;:&quot;fadeInUp&quot;}\">\n\t\t\t\t<div class=\"elementor-element elementor-element-0c8df65 elementor-widget__width-initial elementor-widget-mobile__width-inherit elementor-widget-tablet__width-inherit elementor-widget elementor-widget-text-editor\" data-id=\"0c8df65\" data-element_type=\"widget\" data-e-type=\"widget\" data-widget_type=\"text-editor.default\">\n\t\t\t\t\t\t\t\t\t<div class=\"ewa-rteLine\">El Dr. Francisco Alonso, Director del INTRAS, ha participado en el I Encuentro de C\u00e1tedras Universitarias de Movilidad Sostenible, que se ha celebrado en Alicante el 11 de febrero de 2025.<\/div><br>\n<div class=\"ewa-rteLine\">La movilidad est\u00e1 en plena transformaci\u00f3n y afronta retos importantes como la sostenibilidad, la descarbonizaci\u00f3n, los nuevos h\u00e1bitos de las nuevas generaciones o la movilidad compartida y multimodal cada d\u00eda m\u00e1s presente. Quiz\u00e1 por eso durante estos \u00faltimos a\u00f1os cada vez son m\u00e1s las universidades que han incorporado y creado diferentes c\u00e1tedras de reflexi\u00f3n e investigaci\u00f3n sobre esta materia.<\/div><br>\n<div class=\"ewa-rteLine\">En este I Encuentro de C\u00e1tedras Universitarias de Movilidad Sostenible se han presentado los proyectos y trabajos m\u00e1s destacados en materia de movilidad de las diferentes c\u00e1tedras.<\/div>\n<div class=\"ewa-rteLine\">El Dr. Alonso coment\u00f3 brevemente su experiencia en la C\u00e1tedra SEOFER de Seguridad Vial y Movilidad Inteligente, adem\u00e1s de exponer los detalles del nuevo proyecto \u00abDS4M Mediterr\u00e1neo: Data Space for Mobility\u00bb, financiado por el Ministerio para la Transformaci\u00f3n Digital y de la Funci\u00f3n P\u00fablica a trav\u00e9s de la convocatoria \u00abDemostradores y Casos de Uso de Espacios de Datos\u00bb<\/div>\t\t\t\t\t\t\t\t<\/div>\n\t\t\t\t<\/div>\n\t\t\t\t\t<\/div>\n\t\t\t\t<\/div>\n\t\t\t\t<\/div>\n\t\t","protected":false},"excerpt":{"rendered":"<p>El proyecto DS4M Mediterr\u00e1neo presente en el I Encuentro de C\u00e1tedras Universitarias de Movilidad Publicado el 11 de Febrero de 2025 El Dr. Francisco Alonso, Director del INTRAS, ha participado en el I Encuentro de C\u00e1tedras Universitarias de Movilidad Sostenible, que se ha celebrado en Alicante el 11 de febrero de 2025. La movilidad est\u00e1 [&hellip;]<\/p>\n","protected":false},"author":1,"featured_media":0,"parent":0,"menu_order":0,"comment_status":"closed","ping_status":"closed","template":"","meta":{"footnotes":""},"class_list":["post-3502","page","type-page","status-publish","hentry"],"yoast_head":"<!-- This site is optimized with the Yoast SEO plugin v27.4 - https:\/\/yoast.com\/product\/yoast-seo-wordpress\/ -->\n<title>DS4M Mediterr\u00e1neo \u2013 Encuentro de C\u00e1tedras Universitarias de Movilidad<\/title>\n<meta name=\"description\" content=\"El proyecto DS4M Mediterr\u00e1neo estuvo presente en el I Encuentro de C\u00e1tedras Universitarias de Movilidad Sostenible en Alicante, donde el Dr. Francisco Alonso present\u00f3 los avances y objetivos del Data Space for Mobility dentro del ecosistema acad\u00e9mico y tecnol\u00f3gico.\" \/>\n<meta name=\"robots\" content=\"index, follow, max-snippet:-1, max-image-preview:large, max-video-preview:-1\" \/>\n<link rel=\"canonical\" href=\"https:\/\/ds4mmed.uv.es\/index.php\/es\/encuentro-catedras-universitarias-movilidad\/\" \/>\n<meta property=\"og:locale\" content=\"es_ES\" \/>\n<meta property=\"og:type\" content=\"article\" \/>\n<meta property=\"og:title\" content=\"DS4M Mediterr\u00e1neo \u2013 Encuentro de C\u00e1tedras Universitarias de Movilidad\" \/>\n<meta property=\"og:description\" content=\"El proyecto DS4M Mediterr\u00e1neo estuvo presente en el I Encuentro de C\u00e1tedras Universitarias de Movilidad Sostenible en Alicante, donde el Dr. Francisco Alonso present\u00f3 los avances y objetivos del Data Space for Mobility dentro del ecosistema acad\u00e9mico y tecnol\u00f3gico.\" \/>\n<meta property=\"og:url\" content=\"https:\/\/ds4mmed.uv.es\/index.php\/es\/encuentro-catedras-universitarias-movilidad\/\" \/>\n<meta property=\"og:site_name\" content=\"DS4M Mediterr\u00e1neo\" \/>\n<meta property=\"article:modified_time\" content=\"2025-11-26T08:37:33+00:00\" \/>\n<meta property=\"og:image\" content=\"https:\/\/ds4mmed.uv.es\/wp-content\/uploads\/2025\/11\/Noticia.png\" \/>\n<meta name=\"twitter:card\" content=\"summary_large_image\" \/>\n<meta name=\"twitter:label1\" content=\"Tiempo de lectura\" \/>\n\t<meta name=\"twitter:data1\" content=\"2 minutos\" \/>\n<script type=\"application\/ld+json\" class=\"yoast-schema-graph\">{\"@context\":\"https:\\\/\\\/schema.org\",\"@graph\":[{\"@type\":\"WebPage\",\"@id\":\"https:\\\/\\\/ds4mmed.uv.es\\\/index.php\\\/es\\\/encuentro-catedras-universitarias-movilidad\\\/\",\"url\":\"https:\\\/\\\/ds4mmed.uv.es\\\/index.php\\\/es\\\/encuentro-catedras-universitarias-movilidad\\\/\",\"name\":\"DS4M Mediterr\u00e1neo \u2013 Encuentro de C\u00e1tedras Universitarias de Movilidad\",\"isPartOf\":{\"@id\":\"https:\\\/\\\/ds4mmed.uv.es\\\/#website\"},\"primaryImageOfPage\":{\"@id\":\"https:\\\/\\\/ds4mmed.uv.es\\\/index.php\\\/es\\\/encuentro-catedras-universitarias-movilidad\\\/#primaryimage\"},\"image\":{\"@id\":\"https:\\\/\\\/ds4mmed.uv.es\\\/index.php\\\/es\\\/encuentro-catedras-universitarias-movilidad\\\/#primaryimage\"},\"thumbnailUrl\":\"https:\\\/\\\/ds4mmed.uv.es\\\/wp-content\\\/uploads\\\/2025\\\/11\\\/Noticia.png\",\"datePublished\":\"2025-10-31T11:37:17+00:00\",\"dateModified\":\"2025-11-26T08:37:33+00:00\",\"description\":\"El proyecto DS4M Mediterr\u00e1neo estuvo presente en el I Encuentro de C\u00e1tedras Universitarias de Movilidad Sostenible en Alicante, donde el Dr. Francisco Alonso present\u00f3 los avances y objetivos del Data Space for Mobility dentro del ecosistema acad\u00e9mico y tecnol\u00f3gico.\",\"breadcrumb\":{\"@id\":\"https:\\\/\\\/ds4mmed.uv.es\\\/index.php\\\/es\\\/encuentro-catedras-universitarias-movilidad\\\/#breadcrumb\"},\"inLanguage\":\"es\",\"potentialAction\":[{\"@type\":\"ReadAction\",\"target\":[\"https:\\\/\\\/ds4mmed.uv.es\\\/index.php\\\/es\\\/encuentro-catedras-universitarias-movilidad\\\/\"]}]},{\"@type\":\"ImageObject\",\"inLanguage\":\"es\",\"@id\":\"https:\\\/\\\/ds4mmed.uv.es\\\/index.php\\\/es\\\/encuentro-catedras-universitarias-movilidad\\\/#primaryimage\",\"url\":\"https:\\\/\\\/ds4mmed.uv.es\\\/wp-content\\\/uploads\\\/2025\\\/11\\\/Noticia.png\",\"contentUrl\":\"https:\\\/\\\/ds4mmed.uv.es\\\/wp-content\\\/uploads\\\/2025\\\/11\\\/Noticia.png\",\"width\":860,\"height\":603},{\"@type\":\"BreadcrumbList\",\"@id\":\"https:\\\/\\\/ds4mmed.uv.es\\\/index.php\\\/es\\\/encuentro-catedras-universitarias-movilidad\\\/#breadcrumb\",\"itemListElement\":[{\"@type\":\"ListItem\",\"position\":1,\"name\":\"Portada\",\"item\":\"https:\\\/\\\/ds4mmed.uv.es\\\/index.php\\\/es\\\/\"},{\"@type\":\"ListItem\",\"position\":2,\"name\":\"Noticia 9 &#8211; El proyecto DS4M Mediterr\u00e1neo presente en el I Encuentro de C\u00e1tedras Universitarias de Movilidad\"}]},{\"@type\":\"WebSite\",\"@id\":\"https:\\\/\\\/ds4mmed.uv.es\\\/#website\",\"url\":\"https:\\\/\\\/ds4mmed.uv.es\\\/\",\"name\":\"DS4M Mediterr\u00e1neo\",\"description\":\"\",\"publisher\":{\"@id\":\"https:\\\/\\\/ds4mmed.uv.es\\\/#organization\"},\"potentialAction\":[{\"@type\":\"SearchAction\",\"target\":{\"@type\":\"EntryPoint\",\"urlTemplate\":\"https:\\\/\\\/ds4mmed.uv.es\\\/?s={search_term_string}\"},\"query-input\":{\"@type\":\"PropertyValueSpecification\",\"valueRequired\":true,\"valueName\":\"search_term_string\"}}],\"inLanguage\":\"es\"},{\"@type\":\"Organization\",\"@id\":\"https:\\\/\\\/ds4mmed.uv.es\\\/#organization\",\"name\":\"DS4M Mediterr\u00e1neo\",\"url\":\"https:\\\/\\\/ds4mmed.uv.es\\\/\",\"logo\":{\"@type\":\"ImageObject\",\"inLanguage\":\"es\",\"@id\":\"https:\\\/\\\/ds4mmed.uv.es\\\/#\\\/schema\\\/logo\\\/image\\\/\",\"url\":\"https:\\\/\\\/ds4mmed.uv.es\\\/wp-content\\\/uploads\\\/2025\\\/07\\\/Logo-cambio-resolucion-scaled.png\",\"contentUrl\":\"https:\\\/\\\/ds4mmed.uv.es\\\/wp-content\\\/uploads\\\/2025\\\/07\\\/Logo-cambio-resolucion-scaled.png\",\"width\":2560,\"height\":980,\"caption\":\"DS4M Mediterr\u00e1neo\"},\"image\":{\"@id\":\"https:\\\/\\\/ds4mmed.uv.es\\\/#\\\/schema\\\/logo\\\/image\\\/\"}}]}<\/script>\n<!-- \/ Yoast SEO plugin. -->","yoast_head_json":{"title":"DS4M Mediterr\u00e1neo \u2013 Encuentro de C\u00e1tedras Universitarias de Movilidad","description":"El proyecto DS4M Mediterr\u00e1neo estuvo presente en el I Encuentro de C\u00e1tedras Universitarias de Movilidad Sostenible en Alicante, donde el Dr. Francisco Alonso present\u00f3 los avances y objetivos del Data Space for Mobility dentro del ecosistema acad\u00e9mico y tecnol\u00f3gico.","robots":{"index":"index","follow":"follow","max-snippet":"max-snippet:-1","max-image-preview":"max-image-preview:large","max-video-preview":"max-video-preview:-1"},"canonical":"https:\/\/ds4mmed.uv.es\/index.php\/es\/encuentro-catedras-universitarias-movilidad\/","og_locale":"es_ES","og_type":"article","og_title":"DS4M Mediterr\u00e1neo \u2013 Encuentro de C\u00e1tedras Universitarias de Movilidad","og_description":"El proyecto DS4M Mediterr\u00e1neo estuvo presente en el I Encuentro de C\u00e1tedras Universitarias de Movilidad Sostenible en Alicante, donde el Dr. Francisco Alonso present\u00f3 los avances y objetivos del Data Space for Mobility dentro del ecosistema acad\u00e9mico y tecnol\u00f3gico.","og_url":"https:\/\/ds4mmed.uv.es\/index.php\/es\/encuentro-catedras-universitarias-movilidad\/","og_site_name":"DS4M Mediterr\u00e1neo","article_modified_time":"2025-11-26T08:37:33+00:00","og_image":[{"url":"https:\/\/ds4mmed.uv.es\/wp-content\/uploads\/2025\/11\/Noticia.png","type":"","width":"","height":""}],"twitter_card":"summary_large_image","twitter_misc":{"Tiempo de lectura":"2 minutos"},"schema":{"@context":"https:\/\/schema.org","@graph":[{"@type":"WebPage","@id":"https:\/\/ds4mmed.uv.es\/index.php\/es\/encuentro-catedras-universitarias-movilidad\/","url":"https:\/\/ds4mmed.uv.es\/index.php\/es\/encuentro-catedras-universitarias-movilidad\/","name":"DS4M Mediterr\u00e1neo \u2013 Encuentro de C\u00e1tedras Universitarias de Movilidad","isPartOf":{"@id":"https:\/\/ds4mmed.uv.es\/#website"},"primaryImageOfPage":{"@id":"https:\/\/ds4mmed.uv.es\/index.php\/es\/encuentro-catedras-universitarias-movilidad\/#primaryimage"},"image":{"@id":"https:\/\/ds4mmed.uv.es\/index.php\/es\/encuentro-catedras-universitarias-movilidad\/#primaryimage"},"thumbnailUrl":"https:\/\/ds4mmed.uv.es\/wp-content\/uploads\/2025\/11\/Noticia.png","datePublished":"2025-10-31T11:37:17+00:00","dateModified":"2025-11-26T08:37:33+00:00","description":"El proyecto DS4M Mediterr\u00e1neo estuvo presente en el I Encuentro de C\u00e1tedras Universitarias de Movilidad Sostenible en Alicante, donde el Dr. Francisco Alonso present\u00f3 los avances y objetivos del Data Space for Mobility dentro del ecosistema acad\u00e9mico y tecnol\u00f3gico.","breadcrumb":{"@id":"https:\/\/ds4mmed.uv.es\/index.php\/es\/encuentro-catedras-universitarias-movilidad\/#breadcrumb"},"inLanguage":"es","potentialAction":[{"@type":"ReadAction","target":["https:\/\/ds4mmed.uv.es\/index.php\/es\/encuentro-catedras-universitarias-movilidad\/"]}]},{"@type":"ImageObject","inLanguage":"es","@id":"https:\/\/ds4mmed.uv.es\/index.php\/es\/encuentro-catedras-universitarias-movilidad\/#primaryimage","url":"https:\/\/ds4mmed.uv.es\/wp-content\/uploads\/2025\/11\/Noticia.png","contentUrl":"https:\/\/ds4mmed.uv.es\/wp-content\/uploads\/2025\/11\/Noticia.png","width":860,"height":603},{"@type":"BreadcrumbList","@id":"https:\/\/ds4mmed.uv.es\/index.php\/es\/encuentro-catedras-universitarias-movilidad\/#breadcrumb","itemListElement":[{"@type":"ListItem","position":1,"name":"Portada","item":"https:\/\/ds4mmed.uv.es\/index.php\/es\/"},{"@type":"ListItem","position":2,"name":"Noticia 9 &#8211; El proyecto DS4M Mediterr\u00e1neo presente en el I Encuentro de C\u00e1tedras Universitarias de Movilidad"}]},{"@type":"WebSite","@id":"https:\/\/ds4mmed.uv.es\/#website","url":"https:\/\/ds4mmed.uv.es\/","name":"DS4M Mediterr\u00e1neo","description":"","publisher":{"@id":"https:\/\/ds4mmed.uv.es\/#organization"},"potentialAction":[{"@type":"SearchAction","target":{"@type":"EntryPoint","urlTemplate":"https:\/\/ds4mmed.uv.es\/?s={search_term_string}"},"query-input":{"@type":"PropertyValueSpecification","valueRequired":true,"valueName":"search_term_string"}}],"inLanguage":"es"},{"@type":"Organization","@id":"https:\/\/ds4mmed.uv.es\/#organization","name":"DS4M Mediterr\u00e1neo","url":"https:\/\/ds4mmed.uv.es\/","logo":{"@type":"ImageObject","inLanguage":"es","@id":"https:\/\/ds4mmed.uv.es\/#\/schema\/logo\/image\/","url":"https:\/\/ds4mmed.uv.es\/wp-content\/uploads\/2025\/07\/Logo-cambio-resolucion-scaled.png","contentUrl":"https:\/\/ds4mmed.uv.es\/wp-content\/uploads\/2025\/07\/Logo-cambio-resolucion-scaled.png","width":2560,"height":980,"caption":"DS4M Mediterr\u00e1neo"},"image":{"@id":"https:\/\/ds4mmed.uv.es\/#\/schema\/logo\/image\/"}}]}},"_links":{"self":[{"href":"https:\/\/ds4mmed.uv.es\/index.php\/wp-json\/wp\/v2\/pages\/3502","targetHints":{"allow":["GET"]}}],"collection":[{"href":"https:\/\/ds4mmed.uv.es\/index.php\/wp-json\/wp\/v2\/pages"}],"about":[{"href":"https:\/\/ds4mmed.uv.es\/index.php\/wp-json\/wp\/v2\/types\/page"}],"author":[{"embeddable":true,"href":"https:\/\/ds4mmed.uv.es\/index.php\/wp-json\/wp\/v2\/users\/1"}],"replies":[{"embeddable":true,"href":"https:\/\/ds4mmed.uv.es\/index.php\/wp-json\/wp\/v2\/comments?post=3502"}],"version-history":[{"count":34,"href":"https:\/\/ds4mmed.uv.es\/index.php\/wp-json\/wp\/v2\/pages\/3502\/revisions"}],"predecessor-version":[{"id":8981,"href":"https:\/\/ds4mmed.uv.es\/index.php\/wp-json\/wp\/v2\/pages\/3502\/revisions\/8981"}],"wp:attachment":[{"href":"https:\/\/ds4mmed.uv.es\/index.php\/wp-json\/wp\/v2\/media?parent=3502"}],"curies":[{"name":"wp","href":"https:\/\/api.w.org\/{rel}","templated":true}]}}