{"id":3493,"date":"2025-10-31T12:24:04","date_gmt":"2025-10-31T11:24:04","guid":{"rendered":"https:\/\/ds4mmed.uv.es\/?page_id=3493"},"modified":"2025-11-26T09:37:21","modified_gmt":"2025-11-26T08:37:21","slug":"vii-pleno-comision-educacion-vial","status":"publish","type":"page","link":"https:\/\/ds4mmed.uv.es\/index.php\/es\/vii-pleno-comision-educacion-vial\/","title":{"rendered":"Noticia 8 &#8211; El DS4M Mediterr\u00e1neo centra parte de la sesi\u00f3n del VII Pleno de la Comisi\u00f3n Provincial de Educaci\u00f3n Vial"},"content":{"rendered":"\t\t<div data-elementor-type=\"wp-page\" data-elementor-id=\"3493\" class=\"elementor elementor-3493\">\n\t\t\t\t<div class=\"elementor-element elementor-element-6c62525 e-flex e-con-boxed e-con e-child\" data-id=\"6c62525\" data-element_type=\"container\" data-e-type=\"container\" data-settings=\"{&quot;background_background&quot;:&quot;classic&quot;}\">\n\t\t\t\t\t<div class=\"e-con-inner\">\n\t\t<div class=\"elementor-element elementor-element-6debc5d e-con-full e-flex e-con e-child\" data-id=\"6debc5d\" data-element_type=\"container\" data-e-type=\"container\">\n\t\t<div class=\"elementor-element elementor-element-3b5bf26 e-con-full e-flex elementor-invisible e-con e-child\" data-id=\"3b5bf26\" data-element_type=\"container\" data-e-type=\"container\" data-settings=\"{&quot;animation&quot;:&quot;fadeInLeft&quot;}\">\n\t\t\t\t<div class=\"elementor-element elementor-element-da9e6f3 elementor-widget elementor-widget-heading\" data-id=\"da9e6f3\" data-element_type=\"widget\" data-e-type=\"widget\" data-widget_type=\"heading.default\">\n\t\t\t\t\t<h1 class=\"elementor-heading-title elementor-size-default\">El DS4M Mediterr\u00e1neo centra parte de la sesi\u00f3n del VII Pleno de la Comisi\u00f3n Provincial de Educaci\u00f3n Vial<\/h1>\t\t\t\t<\/div>\n\t\t\t\t<div class=\"elementor-element elementor-element-e2a4a87 elementor-icon-list--layout-inline elementor-align-center elementor-list-item-link-full_width elementor-widget elementor-widget-icon-list\" data-id=\"e2a4a87\" data-element_type=\"widget\" data-e-type=\"widget\" data-widget_type=\"icon-list.default\">\n\t\t\t\t\t\t\t<ul class=\"elementor-icon-list-items elementor-inline-items\">\n\t\t\t\t\t\t\t<li class=\"elementor-icon-list-item elementor-inline-item\">\n\t\t\t\t\t\t\t\t\t\t<span class=\"elementor-icon-list-text\"><\/span>\n\t\t\t\t\t\t\t\t\t<\/li>\n\t\t\t\t\t\t\t\t<li class=\"elementor-icon-list-item elementor-inline-item\">\n\t\t\t\t\t\t\t\t\t\t<span class=\"elementor-icon-list-text\"><\/span>\n\t\t\t\t\t\t\t\t\t<\/li>\n\t\t\t\t\t\t<\/ul>\n\t\t\t\t\t\t<\/div>\n\t\t\t\t<div class=\"elementor-element elementor-element-7d2369b elementor-icon-list--layout-inline elementor-align-center elementor-list-item-link-full_width elementor-widget elementor-widget-icon-list\" data-id=\"7d2369b\" data-element_type=\"widget\" data-e-type=\"widget\" data-widget_type=\"icon-list.default\">\n\t\t\t\t\t\t\t<ul class=\"elementor-icon-list-items elementor-inline-items\">\n\t\t\t\t\t\t\t<li class=\"elementor-icon-list-item elementor-inline-item\">\n\t\t\t\t\t\t\t\t\t\t<span class=\"elementor-icon-list-text\">Publicado el 3 de febrero de 2025<\/span>\n\t\t\t\t\t\t\t\t\t<\/li>\n\t\t\t\t\t\t<\/ul>\n\t\t\t\t\t\t<\/div>\n\t\t\t\t<\/div>\n\t\t\t\t<div class=\"elementor-element elementor-element-89ea136 elementor-invisible elementor-widget elementor-widget-image\" data-id=\"89ea136\" data-element_type=\"widget\" data-e-type=\"widget\" data-settings=\"{&quot;_animation&quot;:&quot;fadeInRight&quot;}\" data-widget_type=\"image.default\">\n\t\t\t\t\t\t\t\t\t\t\t\t\t\t\t<img fetchpriority=\"high\" decoding=\"async\" width=\"537\" height=\"354\" src=\"https:\/\/ds4mmed.uv.es\/wp-content\/uploads\/2025\/11\/Noticia19.png\" class=\"attachment-full size-full wp-image-3707\" alt=\"\" srcset=\"https:\/\/ds4mmed.uv.es\/wp-content\/uploads\/2025\/11\/Noticia19.png 537w, https:\/\/ds4mmed.uv.es\/wp-content\/uploads\/2025\/11\/Noticia19-300x198.png 300w\" sizes=\"(max-width: 537px) 100vw, 537px\" \/>\t\t\t\t\t\t\t\t\t\t\t\t\t\t\t<\/div>\n\t\t\t\t<\/div>\n\t\t<div class=\"elementor-element elementor-element-aac12f8 e-con-full e-flex elementor-invisible e-con e-child\" data-id=\"aac12f8\" data-element_type=\"container\" data-e-type=\"container\" data-settings=\"{&quot;animation&quot;:&quot;fadeInUp&quot;}\">\n\t\t\t\t<div class=\"elementor-element elementor-element-0c8df65 elementor-widget__width-initial elementor-widget-mobile__width-inherit elementor-widget-tablet__width-inherit elementor-widget elementor-widget-text-editor\" data-id=\"0c8df65\" data-element_type=\"widget\" data-e-type=\"widget\" data-widget_type=\"text-editor.default\">\n\t\t\t\t\t\t\t\t\t<div class=\"ewa-rteLine\">El Prof. Dr. Francisco Alonso, Director del INTRAS, particip\u00f3 en el VII Pleno de la Comisi\u00f3n Provincial de Educaci\u00f3n Vial celebrado el 3 de febrero de 2025 en la Jefatura Provincial de Tr\u00e1fico de Valencia.<\/div>\n<p><\/p>\n<div class=\"ewa-rteLine\">Entre los puntos a tratar, se ha abordado el tema \u201cUsuarios vulnerables: accidentalidad y actuaciones\u201d y la coordinaci\u00f3n, seguimiento y control de las actuaciones en materia de educaci\u00f3n vial a nivel provincial. Adem\u00e1s, tambi\u00e9n se trat\u00f3 el pr\u00f3ximo proyecto DS4M Mediterr\u00e1neo, el cual supondr\u00e1 una revoluci\u00f3n en cuanto a la gesti\u00f3n de los datos de movilidad en todo el Corredor Mediterr\u00e1neo.<\/div>\t\t\t\t\t\t\t\t<\/div>\n\t\t\t\t<\/div>\n\t\t\t\t\t<\/div>\n\t\t\t\t<\/div>\n\t\t\t\t<\/div>\n\t\t","protected":false},"excerpt":{"rendered":"<p>El DS4M Mediterr\u00e1neo centra parte de la sesi\u00f3n del VII Pleno de la Comisi\u00f3n Provincial de Educaci\u00f3n Vial Publicado el 3 de febrero de 2025 El Prof. Dr. Francisco Alonso, Director del INTRAS, particip\u00f3 en el VII Pleno de la Comisi\u00f3n Provincial de Educaci\u00f3n Vial celebrado el 3 de febrero de 2025 en la Jefatura [&hellip;]<\/p>\n","protected":false},"author":1,"featured_media":0,"parent":0,"menu_order":0,"comment_status":"closed","ping_status":"closed","template":"","meta":{"footnotes":""},"class_list":["post-3493","page","type-page","status-publish","hentry"],"yoast_head":"<!-- This site is optimized with the Yoast SEO plugin v27.1.1 - https:\/\/yoast.com\/product\/yoast-seo-wordpress\/ -->\n<title>DS4M Mediterr\u00e1neo \u2013 VII Pleno de la Comisi\u00f3n Provincial de Educaci\u00f3n Vial<\/title>\n<meta name=\"description\" content=\"DS4M Mediterr\u00e1neo fue uno de los temas centrales del VII Pleno de la Comisi\u00f3n Provincial de Educaci\u00f3n Vial en Valencia, donde el Dr. Francisco Alonso destac\u00f3 el impacto del proyecto en la gesti\u00f3n de datos de movilidad en el Corredor Mediterr\u00e1neo.\" \/>\n<meta name=\"robots\" content=\"index, follow, max-snippet:-1, max-image-preview:large, max-video-preview:-1\" \/>\n<link rel=\"canonical\" href=\"https:\/\/ds4mmed.uv.es\/index.php\/es\/vii-pleno-comision-educacion-vial\/\" \/>\n<meta property=\"og:locale\" content=\"es_ES\" \/>\n<meta property=\"og:type\" content=\"article\" \/>\n<meta property=\"og:title\" content=\"DS4M Mediterr\u00e1neo \u2013 VII Pleno de la Comisi\u00f3n Provincial de Educaci\u00f3n Vial\" \/>\n<meta property=\"og:description\" content=\"DS4M Mediterr\u00e1neo fue uno de los temas centrales del VII Pleno de la Comisi\u00f3n Provincial de Educaci\u00f3n Vial en Valencia, donde el Dr. Francisco Alonso destac\u00f3 el impacto del proyecto en la gesti\u00f3n de datos de movilidad en el Corredor Mediterr\u00e1neo.\" \/>\n<meta property=\"og:url\" content=\"https:\/\/ds4mmed.uv.es\/index.php\/es\/vii-pleno-comision-educacion-vial\/\" \/>\n<meta property=\"og:site_name\" content=\"DS4M Mediterr\u00e1neo\" \/>\n<meta property=\"article:modified_time\" content=\"2025-11-26T08:37:21+00:00\" \/>\n<meta property=\"og:image\" content=\"https:\/\/ds4mmed.uv.es\/wp-content\/uploads\/2025\/11\/Noticia19.png\" \/>\n<meta name=\"twitter:card\" content=\"summary_large_image\" \/>\n<meta name=\"twitter:label1\" content=\"Tiempo de lectura\" \/>\n\t<meta name=\"twitter:data1\" content=\"1 minuto\" \/>\n<script type=\"application\/ld+json\" class=\"yoast-schema-graph\">{\"@context\":\"https:\/\/schema.org\",\"@graph\":[{\"@type\":\"WebPage\",\"@id\":\"https:\/\/ds4mmed.uv.es\/index.php\/es\/vii-pleno-comision-educacion-vial\/\",\"url\":\"https:\/\/ds4mmed.uv.es\/index.php\/es\/vii-pleno-comision-educacion-vial\/\",\"name\":\"DS4M Mediterr\u00e1neo \u2013 VII Pleno de la Comisi\u00f3n Provincial de Educaci\u00f3n Vial\",\"isPartOf\":{\"@id\":\"https:\/\/ds4mmed.uv.es\/#website\"},\"primaryImageOfPage\":{\"@id\":\"https:\/\/ds4mmed.uv.es\/index.php\/es\/vii-pleno-comision-educacion-vial\/#primaryimage\"},\"image\":{\"@id\":\"https:\/\/ds4mmed.uv.es\/index.php\/es\/vii-pleno-comision-educacion-vial\/#primaryimage\"},\"thumbnailUrl\":\"https:\/\/ds4mmed.uv.es\/wp-content\/uploads\/2025\/11\/Noticia19.png\",\"datePublished\":\"2025-10-31T11:24:04+00:00\",\"dateModified\":\"2025-11-26T08:37:21+00:00\",\"description\":\"DS4M Mediterr\u00e1neo fue uno de los temas centrales del VII Pleno de la Comisi\u00f3n Provincial de Educaci\u00f3n Vial en Valencia, donde el Dr. Francisco Alonso destac\u00f3 el impacto del proyecto en la gesti\u00f3n de datos de movilidad en el Corredor Mediterr\u00e1neo.\",\"breadcrumb\":{\"@id\":\"https:\/\/ds4mmed.uv.es\/index.php\/es\/vii-pleno-comision-educacion-vial\/#breadcrumb\"},\"inLanguage\":\"es\",\"potentialAction\":[{\"@type\":\"ReadAction\",\"target\":[\"https:\/\/ds4mmed.uv.es\/index.php\/es\/vii-pleno-comision-educacion-vial\/\"]}]},{\"@type\":\"ImageObject\",\"inLanguage\":\"es\",\"@id\":\"https:\/\/ds4mmed.uv.es\/index.php\/es\/vii-pleno-comision-educacion-vial\/#primaryimage\",\"url\":\"https:\/\/ds4mmed.uv.es\/wp-content\/uploads\/2025\/11\/Noticia19.png\",\"contentUrl\":\"https:\/\/ds4mmed.uv.es\/wp-content\/uploads\/2025\/11\/Noticia19.png\",\"width\":537,\"height\":354},{\"@type\":\"BreadcrumbList\",\"@id\":\"https:\/\/ds4mmed.uv.es\/index.php\/es\/vii-pleno-comision-educacion-vial\/#breadcrumb\",\"itemListElement\":[{\"@type\":\"ListItem\",\"position\":1,\"name\":\"Portada\",\"item\":\"https:\/\/ds4mmed.uv.es\/index.php\/es\/\"},{\"@type\":\"ListItem\",\"position\":2,\"name\":\"Noticia 8 &#8211; El DS4M Mediterr\u00e1neo centra parte de la sesi\u00f3n del VII Pleno de la Comisi\u00f3n Provincial de Educaci\u00f3n Vial\"}]},{\"@type\":\"WebSite\",\"@id\":\"https:\/\/ds4mmed.uv.es\/#website\",\"url\":\"https:\/\/ds4mmed.uv.es\/\",\"name\":\"DS4M Mediterr\u00e1neo\",\"description\":\"\",\"publisher\":{\"@id\":\"https:\/\/ds4mmed.uv.es\/#organization\"},\"potentialAction\":[{\"@type\":\"SearchAction\",\"target\":{\"@type\":\"EntryPoint\",\"urlTemplate\":\"https:\/\/ds4mmed.uv.es\/?s={search_term_string}\"},\"query-input\":{\"@type\":\"PropertyValueSpecification\",\"valueRequired\":true,\"valueName\":\"search_term_string\"}}],\"inLanguage\":\"es\"},{\"@type\":\"Organization\",\"@id\":\"https:\/\/ds4mmed.uv.es\/#organization\",\"name\":\"DS4M Mediterr\u00e1neo\",\"url\":\"https:\/\/ds4mmed.uv.es\/\",\"logo\":{\"@type\":\"ImageObject\",\"inLanguage\":\"es\",\"@id\":\"https:\/\/ds4mmed.uv.es\/#\/schema\/logo\/image\/\",\"url\":\"https:\/\/ds4mmed.uv.es\/wp-content\/uploads\/2025\/07\/Logo-cambio-resolucion-scaled.png\",\"contentUrl\":\"https:\/\/ds4mmed.uv.es\/wp-content\/uploads\/2025\/07\/Logo-cambio-resolucion-scaled.png\",\"width\":2560,\"height\":980,\"caption\":\"DS4M Mediterr\u00e1neo\"},\"image\":{\"@id\":\"https:\/\/ds4mmed.uv.es\/#\/schema\/logo\/image\/\"}}]}<\/script>\n<!-- \/ Yoast SEO plugin. -->","yoast_head_json":{"title":"DS4M Mediterr\u00e1neo \u2013 VII Pleno de la Comisi\u00f3n Provincial de Educaci\u00f3n Vial","description":"DS4M Mediterr\u00e1neo fue uno de los temas centrales del VII Pleno de la Comisi\u00f3n Provincial de Educaci\u00f3n Vial en Valencia, donde el Dr. Francisco Alonso destac\u00f3 el impacto del proyecto en la gesti\u00f3n de datos de movilidad en el Corredor Mediterr\u00e1neo.","robots":{"index":"index","follow":"follow","max-snippet":"max-snippet:-1","max-image-preview":"max-image-preview:large","max-video-preview":"max-video-preview:-1"},"canonical":"https:\/\/ds4mmed.uv.es\/index.php\/es\/vii-pleno-comision-educacion-vial\/","og_locale":"es_ES","og_type":"article","og_title":"DS4M Mediterr\u00e1neo \u2013 VII Pleno de la Comisi\u00f3n Provincial de Educaci\u00f3n Vial","og_description":"DS4M Mediterr\u00e1neo fue uno de los temas centrales del VII Pleno de la Comisi\u00f3n Provincial de Educaci\u00f3n Vial en Valencia, donde el Dr. Francisco Alonso destac\u00f3 el impacto del proyecto en la gesti\u00f3n de datos de movilidad en el Corredor Mediterr\u00e1neo.","og_url":"https:\/\/ds4mmed.uv.es\/index.php\/es\/vii-pleno-comision-educacion-vial\/","og_site_name":"DS4M Mediterr\u00e1neo","article_modified_time":"2025-11-26T08:37:21+00:00","og_image":[{"url":"https:\/\/ds4mmed.uv.es\/wp-content\/uploads\/2025\/11\/Noticia19.png","type":"","width":"","height":""}],"twitter_card":"summary_large_image","twitter_misc":{"Tiempo de lectura":"1 minuto"},"schema":{"@context":"https:\/\/schema.org","@graph":[{"@type":"WebPage","@id":"https:\/\/ds4mmed.uv.es\/index.php\/es\/vii-pleno-comision-educacion-vial\/","url":"https:\/\/ds4mmed.uv.es\/index.php\/es\/vii-pleno-comision-educacion-vial\/","name":"DS4M Mediterr\u00e1neo \u2013 VII Pleno de la Comisi\u00f3n Provincial de Educaci\u00f3n Vial","isPartOf":{"@id":"https:\/\/ds4mmed.uv.es\/#website"},"primaryImageOfPage":{"@id":"https:\/\/ds4mmed.uv.es\/index.php\/es\/vii-pleno-comision-educacion-vial\/#primaryimage"},"image":{"@id":"https:\/\/ds4mmed.uv.es\/index.php\/es\/vii-pleno-comision-educacion-vial\/#primaryimage"},"thumbnailUrl":"https:\/\/ds4mmed.uv.es\/wp-content\/uploads\/2025\/11\/Noticia19.png","datePublished":"2025-10-31T11:24:04+00:00","dateModified":"2025-11-26T08:37:21+00:00","description":"DS4M Mediterr\u00e1neo fue uno de los temas centrales del VII Pleno de la Comisi\u00f3n Provincial de Educaci\u00f3n Vial en Valencia, donde el Dr. Francisco Alonso destac\u00f3 el impacto del proyecto en la gesti\u00f3n de datos de movilidad en el Corredor Mediterr\u00e1neo.","breadcrumb":{"@id":"https:\/\/ds4mmed.uv.es\/index.php\/es\/vii-pleno-comision-educacion-vial\/#breadcrumb"},"inLanguage":"es","potentialAction":[{"@type":"ReadAction","target":["https:\/\/ds4mmed.uv.es\/index.php\/es\/vii-pleno-comision-educacion-vial\/"]}]},{"@type":"ImageObject","inLanguage":"es","@id":"https:\/\/ds4mmed.uv.es\/index.php\/es\/vii-pleno-comision-educacion-vial\/#primaryimage","url":"https:\/\/ds4mmed.uv.es\/wp-content\/uploads\/2025\/11\/Noticia19.png","contentUrl":"https:\/\/ds4mmed.uv.es\/wp-content\/uploads\/2025\/11\/Noticia19.png","width":537,"height":354},{"@type":"BreadcrumbList","@id":"https:\/\/ds4mmed.uv.es\/index.php\/es\/vii-pleno-comision-educacion-vial\/#breadcrumb","itemListElement":[{"@type":"ListItem","position":1,"name":"Portada","item":"https:\/\/ds4mmed.uv.es\/index.php\/es\/"},{"@type":"ListItem","position":2,"name":"Noticia 8 &#8211; El DS4M Mediterr\u00e1neo centra parte de la sesi\u00f3n del VII Pleno de la Comisi\u00f3n Provincial de Educaci\u00f3n Vial"}]},{"@type":"WebSite","@id":"https:\/\/ds4mmed.uv.es\/#website","url":"https:\/\/ds4mmed.uv.es\/","name":"DS4M Mediterr\u00e1neo","description":"","publisher":{"@id":"https:\/\/ds4mmed.uv.es\/#organization"},"potentialAction":[{"@type":"SearchAction","target":{"@type":"EntryPoint","urlTemplate":"https:\/\/ds4mmed.uv.es\/?s={search_term_string}"},"query-input":{"@type":"PropertyValueSpecification","valueRequired":true,"valueName":"search_term_string"}}],"inLanguage":"es"},{"@type":"Organization","@id":"https:\/\/ds4mmed.uv.es\/#organization","name":"DS4M Mediterr\u00e1neo","url":"https:\/\/ds4mmed.uv.es\/","logo":{"@type":"ImageObject","inLanguage":"es","@id":"https:\/\/ds4mmed.uv.es\/#\/schema\/logo\/image\/","url":"https:\/\/ds4mmed.uv.es\/wp-content\/uploads\/2025\/07\/Logo-cambio-resolucion-scaled.png","contentUrl":"https:\/\/ds4mmed.uv.es\/wp-content\/uploads\/2025\/07\/Logo-cambio-resolucion-scaled.png","width":2560,"height":980,"caption":"DS4M Mediterr\u00e1neo"},"image":{"@id":"https:\/\/ds4mmed.uv.es\/#\/schema\/logo\/image\/"}}]}},"_links":{"self":[{"href":"https:\/\/ds4mmed.uv.es\/index.php\/wp-json\/wp\/v2\/pages\/3493","targetHints":{"allow":["GET"]}}],"collection":[{"href":"https:\/\/ds4mmed.uv.es\/index.php\/wp-json\/wp\/v2\/pages"}],"about":[{"href":"https:\/\/ds4mmed.uv.es\/index.php\/wp-json\/wp\/v2\/types\/page"}],"author":[{"embeddable":true,"href":"https:\/\/ds4mmed.uv.es\/index.php\/wp-json\/wp\/v2\/users\/1"}],"replies":[{"embeddable":true,"href":"https:\/\/ds4mmed.uv.es\/index.php\/wp-json\/wp\/v2\/comments?post=3493"}],"version-history":[{"count":36,"href":"https:\/\/ds4mmed.uv.es\/index.php\/wp-json\/wp\/v2\/pages\/3493\/revisions"}],"predecessor-version":[{"id":8986,"href":"https:\/\/ds4mmed.uv.es\/index.php\/wp-json\/wp\/v2\/pages\/3493\/revisions\/8986"}],"wp:attachment":[{"href":"https:\/\/ds4mmed.uv.es\/index.php\/wp-json\/wp\/v2\/media?parent=3493"}],"curies":[{"name":"wp","href":"https:\/\/api.w.org\/{rel}","templated":true}]}}