{"id":3492,"date":"2025-10-31T11:38:58","date_gmt":"2025-10-31T10:38:58","guid":{"rendered":"https:\/\/ds4mmed.uv.es\/?page_id=3492"},"modified":"2025-11-26T09:13:45","modified_gmt":"2025-11-26T08:13:45","slug":"ds4m-presente-en-international-conference-its-ecology-safety-quality-comfort","status":"publish","type":"page","link":"https:\/\/ds4mmed.uv.es\/index.php\/es\/ds4m-presente-en-international-conference-its-ecology-safety-quality-comfort\/","title":{"rendered":"Noticia 3 &#8211; El proyecto DS4M Mediterr\u00e1neo, presente en la International Conference \u00abIntelligent Transport Systems: Ecology, Safety, Quality, Comfort\u00bb"},"content":{"rendered":"\t\t<div data-elementor-type=\"wp-page\" data-elementor-id=\"3492\" class=\"elementor elementor-3492\">\n\t\t\t\t<div class=\"elementor-element elementor-element-6c62525 e-flex e-con-boxed e-con e-child\" data-id=\"6c62525\" data-element_type=\"container\" data-e-type=\"container\" data-settings=\"{&quot;background_background&quot;:&quot;classic&quot;}\">\n\t\t\t\t\t<div class=\"e-con-inner\">\n\t\t<div class=\"elementor-element elementor-element-6debc5d e-con-full e-flex e-con e-child\" data-id=\"6debc5d\" data-element_type=\"container\" data-e-type=\"container\">\n\t\t<div class=\"elementor-element elementor-element-3b5bf26 e-con-full e-flex elementor-invisible e-con e-child\" data-id=\"3b5bf26\" data-element_type=\"container\" data-e-type=\"container\" data-settings=\"{&quot;animation&quot;:&quot;fadeInLeft&quot;}\">\n\t\t\t\t<div class=\"elementor-element elementor-element-da9e6f3 elementor-widget elementor-widget-heading\" data-id=\"da9e6f3\" data-element_type=\"widget\" data-e-type=\"widget\" data-widget_type=\"heading.default\">\n\t\t\t\t\t<h1 class=\"elementor-heading-title elementor-size-default\">El proyecto DS4M Mediterr\u00e1neo, presente en la International Conference \"Intelligent Transport Systems: Ecology, Safety, Quality, Comfort\"<\/h1>\t\t\t\t<\/div>\n\t\t\t\t<div class=\"elementor-element elementor-element-e2a4a87 elementor-icon-list--layout-inline elementor-align-center elementor-list-item-link-full_width elementor-widget elementor-widget-icon-list\" data-id=\"e2a4a87\" data-element_type=\"widget\" data-e-type=\"widget\" data-widget_type=\"icon-list.default\">\n\t\t\t\t\t\t\t<ul class=\"elementor-icon-list-items elementor-inline-items\">\n\t\t\t\t\t\t\t<li class=\"elementor-icon-list-item elementor-inline-item\">\n\t\t\t\t\t\t\t\t\t\t<span class=\"elementor-icon-list-text\">Publicado el 26 de noviembre de 2024<\/span>\n\t\t\t\t\t\t\t\t\t<\/li>\n\t\t\t\t\t\t<\/ul>\n\t\t\t\t\t\t<\/div>\n\t\t\t\t<\/div>\n\t\t\t\t<div class=\"elementor-element elementor-element-89ea136 elementor-invisible elementor-widget elementor-widget-image\" data-id=\"89ea136\" data-element_type=\"widget\" data-e-type=\"widget\" data-settings=\"{&quot;_animation&quot;:&quot;fadeInRight&quot;}\" data-widget_type=\"image.default\">\n\t\t\t\t\t\t\t\t\t\t\t\t\t\t\t<img fetchpriority=\"high\" decoding=\"async\" width=\"569\" height=\"399\" src=\"https:\/\/ds4mmed.uv.es\/wp-content\/uploads\/2025\/11\/Noticia24.png\" class=\"attachment-full size-full wp-image-3712\" alt=\"\" srcset=\"https:\/\/ds4mmed.uv.es\/wp-content\/uploads\/2025\/11\/Noticia24.png 569w, https:\/\/ds4mmed.uv.es\/wp-content\/uploads\/2025\/11\/Noticia24-300x210.png 300w\" sizes=\"(max-width: 569px) 100vw, 569px\" \/>\t\t\t\t\t\t\t\t\t\t\t\t\t\t\t<\/div>\n\t\t\t\t<\/div>\n\t\t<div class=\"elementor-element elementor-element-aac12f8 e-con-full e-flex elementor-invisible e-con e-child\" data-id=\"aac12f8\" data-element_type=\"container\" data-e-type=\"container\" data-settings=\"{&quot;animation&quot;:&quot;fadeInUp&quot;}\">\n\t\t\t\t<div class=\"elementor-element elementor-element-0c8df65 elementor-widget__width-initial elementor-widget-mobile__width-inherit elementor-widget-tablet__width-inherit elementor-widget elementor-widget-text-editor\" data-id=\"0c8df65\" data-element_type=\"widget\" data-e-type=\"widget\" data-widget_type=\"text-editor.default\">\n\t\t\t\t\t\t\t\t\t<div class=\"ewa-rteLine\">Los d\u00edas 26 y 27 de noviembre de 2024 se celebra la International Conference \u00abIntelligent Transport Systems: Ecology, Safety, Quality, Comfort\u00bb, organizada por la Universidad Nacional del Transporte en colaboraci\u00f3n con el Ministerio de Educaci\u00f3n y Ciencia de Ucrania, y en la que Francisco Alonso, director del INTRAS, forma parte del Comit\u00e9 Cient\u00edfico.<\/div><div class=\"ewa-rteLine\">\u00a0<\/div><div class=\"ewa-rteLine\">Los sistemas de transporte inteligentes (ITS) representan una tendencia clave en la gesti\u00f3n moderna de la movilidad, orientada a mejorar la seguridad vial, optimizar el transporte de personas y mercanc\u00edas, reducir la congesti\u00f3n del tr\u00e1fico y minimizar el impacto ambiental.<\/div><div class=\"ewa-rteLine\">\u00a0<\/div><div class=\"ewa-rteLine\">El encuentro reuni\u00f3 a representantes del \u00e1mbito cient\u00edfico de Ucrania y Europa, as\u00ed como a instituciones p\u00fablicas y privadas, con el objetivo de favorecer el intercambio de conocimientos y experiencias. Entre los asistentes, se hizo referencia al nuevo proyecto DS4M Mediterr\u00e1neo, destinado a impulsar la cooperaci\u00f3n y la innovaci\u00f3n en materia de sistemas inteligentes de transporte en el \u00e1mbito mediterr\u00e1neo.<\/div>\t\t\t\t\t\t\t\t<\/div>\n\t\t\t\t<\/div>\n\t\t\t\t\t<\/div>\n\t\t\t\t<\/div>\n\t\t\t\t<\/div>\n\t\t","protected":false},"excerpt":{"rendered":"<p>El proyecto DS4M Mediterr\u00e1neo, presente en la International Conference \u00abIntelligent Transport Systems: Ecology, Safety, Quality, Comfort\u00bb Publicado el 26 de noviembre de 2024 Los d\u00edas 26 y 27 de noviembre de 2024 se celebra la International Conference \u00abIntelligent Transport Systems: Ecology, Safety, Quality, Comfort\u00bb, organizada por la Universidad Nacional del Transporte en colaboraci\u00f3n con el [&hellip;]<\/p>\n","protected":false},"author":1,"featured_media":0,"parent":0,"menu_order":0,"comment_status":"closed","ping_status":"closed","template":"","meta":{"footnotes":""},"class_list":["post-3492","page","type-page","status-publish","hentry"],"yoast_head":"<!-- This site is optimized with the Yoast SEO plugin v27.4 - https:\/\/yoast.com\/product\/yoast-seo-wordpress\/ -->\n<title>DS4M Mediterr\u00e1neo \u2013 Presencia en la International Conference ITS<\/title>\n<meta name=\"description\" content=\"DS4M Mediterr\u00e1neo estuvo presente en la International Conference \u201cIntelligent Transport Systems: Ecology, Safety, Quality, Comfort\u201d, celebrada en Ucrania, destacando su papel en la cooperaci\u00f3n e innovaci\u00f3n en sistemas inteligentes de transporte en el \u00e1mbito mediterr\u00e1neo.\" \/>\n<meta name=\"robots\" content=\"index, follow, max-snippet:-1, max-image-preview:large, max-video-preview:-1\" \/>\n<link rel=\"canonical\" href=\"https:\/\/ds4mmed.uv.es\/index.php\/es\/ds4m-presente-en-international-conference-its-ecology-safety-quality-comfort\/\" \/>\n<meta property=\"og:locale\" content=\"es_ES\" \/>\n<meta property=\"og:type\" content=\"article\" \/>\n<meta property=\"og:title\" content=\"DS4M Mediterr\u00e1neo \u2013 Presencia en la International Conference ITS\" \/>\n<meta property=\"og:description\" content=\"DS4M Mediterr\u00e1neo estuvo presente en la International Conference \u201cIntelligent Transport Systems: Ecology, Safety, Quality, Comfort\u201d, celebrada en Ucrania, destacando su papel en la cooperaci\u00f3n e innovaci\u00f3n en sistemas inteligentes de transporte en el \u00e1mbito mediterr\u00e1neo.\" \/>\n<meta property=\"og:url\" content=\"https:\/\/ds4mmed.uv.es\/index.php\/es\/ds4m-presente-en-international-conference-its-ecology-safety-quality-comfort\/\" \/>\n<meta property=\"og:site_name\" content=\"DS4M Mediterr\u00e1neo\" \/>\n<meta property=\"article:modified_time\" content=\"2025-11-26T08:13:45+00:00\" \/>\n<meta property=\"og:image\" content=\"https:\/\/ds4mmed.uv.es\/wp-content\/uploads\/2025\/11\/Noticia24.png\" \/>\n<meta name=\"twitter:card\" content=\"summary_large_image\" \/>\n<meta name=\"twitter:label1\" content=\"Tiempo de lectura\" \/>\n\t<meta name=\"twitter:data1\" content=\"2 minutos\" \/>\n<script type=\"application\/ld+json\" class=\"yoast-schema-graph\">{\"@context\":\"https:\\\/\\\/schema.org\",\"@graph\":[{\"@type\":\"WebPage\",\"@id\":\"https:\\\/\\\/ds4mmed.uv.es\\\/index.php\\\/es\\\/ds4m-presente-en-international-conference-its-ecology-safety-quality-comfort\\\/\",\"url\":\"https:\\\/\\\/ds4mmed.uv.es\\\/index.php\\\/es\\\/ds4m-presente-en-international-conference-its-ecology-safety-quality-comfort\\\/\",\"name\":\"DS4M Mediterr\u00e1neo \u2013 Presencia en la International Conference ITS\",\"isPartOf\":{\"@id\":\"https:\\\/\\\/ds4mmed.uv.es\\\/#website\"},\"primaryImageOfPage\":{\"@id\":\"https:\\\/\\\/ds4mmed.uv.es\\\/index.php\\\/es\\\/ds4m-presente-en-international-conference-its-ecology-safety-quality-comfort\\\/#primaryimage\"},\"image\":{\"@id\":\"https:\\\/\\\/ds4mmed.uv.es\\\/index.php\\\/es\\\/ds4m-presente-en-international-conference-its-ecology-safety-quality-comfort\\\/#primaryimage\"},\"thumbnailUrl\":\"https:\\\/\\\/ds4mmed.uv.es\\\/wp-content\\\/uploads\\\/2025\\\/11\\\/Noticia24.png\",\"datePublished\":\"2025-10-31T10:38:58+00:00\",\"dateModified\":\"2025-11-26T08:13:45+00:00\",\"description\":\"DS4M Mediterr\u00e1neo estuvo presente en la International Conference \u201cIntelligent Transport Systems: Ecology, Safety, Quality, Comfort\u201d, celebrada en Ucrania, destacando su papel en la cooperaci\u00f3n e innovaci\u00f3n en sistemas inteligentes de transporte en el \u00e1mbito mediterr\u00e1neo.\",\"breadcrumb\":{\"@id\":\"https:\\\/\\\/ds4mmed.uv.es\\\/index.php\\\/es\\\/ds4m-presente-en-international-conference-its-ecology-safety-quality-comfort\\\/#breadcrumb\"},\"inLanguage\":\"es\",\"potentialAction\":[{\"@type\":\"ReadAction\",\"target\":[\"https:\\\/\\\/ds4mmed.uv.es\\\/index.php\\\/es\\\/ds4m-presente-en-international-conference-its-ecology-safety-quality-comfort\\\/\"]}]},{\"@type\":\"ImageObject\",\"inLanguage\":\"es\",\"@id\":\"https:\\\/\\\/ds4mmed.uv.es\\\/index.php\\\/es\\\/ds4m-presente-en-international-conference-its-ecology-safety-quality-comfort\\\/#primaryimage\",\"url\":\"https:\\\/\\\/ds4mmed.uv.es\\\/wp-content\\\/uploads\\\/2025\\\/11\\\/Noticia24.png\",\"contentUrl\":\"https:\\\/\\\/ds4mmed.uv.es\\\/wp-content\\\/uploads\\\/2025\\\/11\\\/Noticia24.png\",\"width\":569,\"height\":399},{\"@type\":\"BreadcrumbList\",\"@id\":\"https:\\\/\\\/ds4mmed.uv.es\\\/index.php\\\/es\\\/ds4m-presente-en-international-conference-its-ecology-safety-quality-comfort\\\/#breadcrumb\",\"itemListElement\":[{\"@type\":\"ListItem\",\"position\":1,\"name\":\"Portada\",\"item\":\"https:\\\/\\\/ds4mmed.uv.es\\\/index.php\\\/es\\\/\"},{\"@type\":\"ListItem\",\"position\":2,\"name\":\"Noticia 3 &#8211; El proyecto DS4M Mediterr\u00e1neo, presente en la International Conference \u00abIntelligent Transport Systems: Ecology, Safety, Quality, Comfort\u00bb\"}]},{\"@type\":\"WebSite\",\"@id\":\"https:\\\/\\\/ds4mmed.uv.es\\\/#website\",\"url\":\"https:\\\/\\\/ds4mmed.uv.es\\\/\",\"name\":\"DS4M Mediterr\u00e1neo\",\"description\":\"\",\"publisher\":{\"@id\":\"https:\\\/\\\/ds4mmed.uv.es\\\/#organization\"},\"potentialAction\":[{\"@type\":\"SearchAction\",\"target\":{\"@type\":\"EntryPoint\",\"urlTemplate\":\"https:\\\/\\\/ds4mmed.uv.es\\\/?s={search_term_string}\"},\"query-input\":{\"@type\":\"PropertyValueSpecification\",\"valueRequired\":true,\"valueName\":\"search_term_string\"}}],\"inLanguage\":\"es\"},{\"@type\":\"Organization\",\"@id\":\"https:\\\/\\\/ds4mmed.uv.es\\\/#organization\",\"name\":\"DS4M Mediterr\u00e1neo\",\"url\":\"https:\\\/\\\/ds4mmed.uv.es\\\/\",\"logo\":{\"@type\":\"ImageObject\",\"inLanguage\":\"es\",\"@id\":\"https:\\\/\\\/ds4mmed.uv.es\\\/#\\\/schema\\\/logo\\\/image\\\/\",\"url\":\"https:\\\/\\\/ds4mmed.uv.es\\\/wp-content\\\/uploads\\\/2025\\\/07\\\/Logo-cambio-resolucion-scaled.png\",\"contentUrl\":\"https:\\\/\\\/ds4mmed.uv.es\\\/wp-content\\\/uploads\\\/2025\\\/07\\\/Logo-cambio-resolucion-scaled.png\",\"width\":2560,\"height\":980,\"caption\":\"DS4M Mediterr\u00e1neo\"},\"image\":{\"@id\":\"https:\\\/\\\/ds4mmed.uv.es\\\/#\\\/schema\\\/logo\\\/image\\\/\"}}]}<\/script>\n<!-- \/ Yoast SEO plugin. -->","yoast_head_json":{"title":"DS4M Mediterr\u00e1neo \u2013 Presencia en la International Conference ITS","description":"DS4M Mediterr\u00e1neo estuvo presente en la International Conference \u201cIntelligent Transport Systems: Ecology, Safety, Quality, Comfort\u201d, celebrada en Ucrania, destacando su papel en la cooperaci\u00f3n e innovaci\u00f3n en sistemas inteligentes de transporte en el \u00e1mbito mediterr\u00e1neo.","robots":{"index":"index","follow":"follow","max-snippet":"max-snippet:-1","max-image-preview":"max-image-preview:large","max-video-preview":"max-video-preview:-1"},"canonical":"https:\/\/ds4mmed.uv.es\/index.php\/es\/ds4m-presente-en-international-conference-its-ecology-safety-quality-comfort\/","og_locale":"es_ES","og_type":"article","og_title":"DS4M Mediterr\u00e1neo \u2013 Presencia en la International Conference ITS","og_description":"DS4M Mediterr\u00e1neo estuvo presente en la International Conference \u201cIntelligent Transport Systems: Ecology, Safety, Quality, Comfort\u201d, celebrada en Ucrania, destacando su papel en la cooperaci\u00f3n e innovaci\u00f3n en sistemas inteligentes de transporte en el \u00e1mbito mediterr\u00e1neo.","og_url":"https:\/\/ds4mmed.uv.es\/index.php\/es\/ds4m-presente-en-international-conference-its-ecology-safety-quality-comfort\/","og_site_name":"DS4M Mediterr\u00e1neo","article_modified_time":"2025-11-26T08:13:45+00:00","og_image":[{"url":"https:\/\/ds4mmed.uv.es\/wp-content\/uploads\/2025\/11\/Noticia24.png","type":"","width":"","height":""}],"twitter_card":"summary_large_image","twitter_misc":{"Tiempo de lectura":"2 minutos"},"schema":{"@context":"https:\/\/schema.org","@graph":[{"@type":"WebPage","@id":"https:\/\/ds4mmed.uv.es\/index.php\/es\/ds4m-presente-en-international-conference-its-ecology-safety-quality-comfort\/","url":"https:\/\/ds4mmed.uv.es\/index.php\/es\/ds4m-presente-en-international-conference-its-ecology-safety-quality-comfort\/","name":"DS4M Mediterr\u00e1neo \u2013 Presencia en la International Conference ITS","isPartOf":{"@id":"https:\/\/ds4mmed.uv.es\/#website"},"primaryImageOfPage":{"@id":"https:\/\/ds4mmed.uv.es\/index.php\/es\/ds4m-presente-en-international-conference-its-ecology-safety-quality-comfort\/#primaryimage"},"image":{"@id":"https:\/\/ds4mmed.uv.es\/index.php\/es\/ds4m-presente-en-international-conference-its-ecology-safety-quality-comfort\/#primaryimage"},"thumbnailUrl":"https:\/\/ds4mmed.uv.es\/wp-content\/uploads\/2025\/11\/Noticia24.png","datePublished":"2025-10-31T10:38:58+00:00","dateModified":"2025-11-26T08:13:45+00:00","description":"DS4M Mediterr\u00e1neo estuvo presente en la International Conference \u201cIntelligent Transport Systems: Ecology, Safety, Quality, Comfort\u201d, celebrada en Ucrania, destacando su papel en la cooperaci\u00f3n e innovaci\u00f3n en sistemas inteligentes de transporte en el \u00e1mbito mediterr\u00e1neo.","breadcrumb":{"@id":"https:\/\/ds4mmed.uv.es\/index.php\/es\/ds4m-presente-en-international-conference-its-ecology-safety-quality-comfort\/#breadcrumb"},"inLanguage":"es","potentialAction":[{"@type":"ReadAction","target":["https:\/\/ds4mmed.uv.es\/index.php\/es\/ds4m-presente-en-international-conference-its-ecology-safety-quality-comfort\/"]}]},{"@type":"ImageObject","inLanguage":"es","@id":"https:\/\/ds4mmed.uv.es\/index.php\/es\/ds4m-presente-en-international-conference-its-ecology-safety-quality-comfort\/#primaryimage","url":"https:\/\/ds4mmed.uv.es\/wp-content\/uploads\/2025\/11\/Noticia24.png","contentUrl":"https:\/\/ds4mmed.uv.es\/wp-content\/uploads\/2025\/11\/Noticia24.png","width":569,"height":399},{"@type":"BreadcrumbList","@id":"https:\/\/ds4mmed.uv.es\/index.php\/es\/ds4m-presente-en-international-conference-its-ecology-safety-quality-comfort\/#breadcrumb","itemListElement":[{"@type":"ListItem","position":1,"name":"Portada","item":"https:\/\/ds4mmed.uv.es\/index.php\/es\/"},{"@type":"ListItem","position":2,"name":"Noticia 3 &#8211; El proyecto DS4M Mediterr\u00e1neo, presente en la International Conference \u00abIntelligent Transport Systems: Ecology, Safety, Quality, Comfort\u00bb"}]},{"@type":"WebSite","@id":"https:\/\/ds4mmed.uv.es\/#website","url":"https:\/\/ds4mmed.uv.es\/","name":"DS4M Mediterr\u00e1neo","description":"","publisher":{"@id":"https:\/\/ds4mmed.uv.es\/#organization"},"potentialAction":[{"@type":"SearchAction","target":{"@type":"EntryPoint","urlTemplate":"https:\/\/ds4mmed.uv.es\/?s={search_term_string}"},"query-input":{"@type":"PropertyValueSpecification","valueRequired":true,"valueName":"search_term_string"}}],"inLanguage":"es"},{"@type":"Organization","@id":"https:\/\/ds4mmed.uv.es\/#organization","name":"DS4M Mediterr\u00e1neo","url":"https:\/\/ds4mmed.uv.es\/","logo":{"@type":"ImageObject","inLanguage":"es","@id":"https:\/\/ds4mmed.uv.es\/#\/schema\/logo\/image\/","url":"https:\/\/ds4mmed.uv.es\/wp-content\/uploads\/2025\/07\/Logo-cambio-resolucion-scaled.png","contentUrl":"https:\/\/ds4mmed.uv.es\/wp-content\/uploads\/2025\/07\/Logo-cambio-resolucion-scaled.png","width":2560,"height":980,"caption":"DS4M Mediterr\u00e1neo"},"image":{"@id":"https:\/\/ds4mmed.uv.es\/#\/schema\/logo\/image\/"}}]}},"_links":{"self":[{"href":"https:\/\/ds4mmed.uv.es\/index.php\/wp-json\/wp\/v2\/pages\/3492","targetHints":{"allow":["GET"]}}],"collection":[{"href":"https:\/\/ds4mmed.uv.es\/index.php\/wp-json\/wp\/v2\/pages"}],"about":[{"href":"https:\/\/ds4mmed.uv.es\/index.php\/wp-json\/wp\/v2\/types\/page"}],"author":[{"embeddable":true,"href":"https:\/\/ds4mmed.uv.es\/index.php\/wp-json\/wp\/v2\/users\/1"}],"replies":[{"embeddable":true,"href":"https:\/\/ds4mmed.uv.es\/index.php\/wp-json\/wp\/v2\/comments?post=3492"}],"version-history":[{"count":29,"href":"https:\/\/ds4mmed.uv.es\/index.php\/wp-json\/wp\/v2\/pages\/3492\/revisions"}],"predecessor-version":[{"id":9003,"href":"https:\/\/ds4mmed.uv.es\/index.php\/wp-json\/wp\/v2\/pages\/3492\/revisions\/9003"}],"wp:attachment":[{"href":"https:\/\/ds4mmed.uv.es\/index.php\/wp-json\/wp\/v2\/media?parent=3492"}],"curies":[{"name":"wp","href":"https:\/\/api.w.org\/{rel}","templated":true}]}}