{"id":3491,"date":"2025-11-03T10:22:05","date_gmt":"2025-11-03T09:22:05","guid":{"rendered":"https:\/\/ds4mmed.uv.es\/?page_id=3491"},"modified":"2025-11-26T09:31:14","modified_gmt":"2025-11-26T08:31:14","slug":"ds4m-presente-en-comite-its-y-smart-cities","status":"publish","type":"page","link":"https:\/\/ds4mmed.uv.es\/index.php\/es\/ds4m-presente-en-comite-its-y-smart-cities\/","title":{"rendered":"Noticia 23 &#8211; DS4M presente en Comit\u00e9 ITS y Smart Cities"},"content":{"rendered":"\t\t<div data-elementor-type=\"wp-page\" data-elementor-id=\"3491\" class=\"elementor elementor-3491\">\n\t\t\t\t<div class=\"elementor-element elementor-element-6c62525 e-flex e-con-boxed e-con e-child\" data-id=\"6c62525\" data-element_type=\"container\" data-e-type=\"container\" data-settings=\"{&quot;background_background&quot;:&quot;classic&quot;}\">\n\t\t\t\t\t<div class=\"e-con-inner\">\n\t\t<div class=\"elementor-element elementor-element-6debc5d e-con-full e-flex e-con e-child\" data-id=\"6debc5d\" data-element_type=\"container\" data-e-type=\"container\">\n\t\t<div class=\"elementor-element elementor-element-3b5bf26 e-con-full e-flex elementor-invisible e-con e-child\" data-id=\"3b5bf26\" data-element_type=\"container\" data-e-type=\"container\" data-settings=\"{&quot;animation&quot;:&quot;fadeInLeft&quot;}\">\n\t\t\t\t<div class=\"elementor-element elementor-element-da9e6f3 elementor-widget elementor-widget-heading\" data-id=\"da9e6f3\" data-element_type=\"widget\" data-e-type=\"widget\" data-widget_type=\"heading.default\">\n\t\t\t\t\t<h1 class=\"elementor-heading-title elementor-size-default\">El DS4M Mediterr\u00e1neo presente en el Comit\u00e9 de ITS &amp; Smart Cities<\/h1>\t\t\t\t<\/div>\n\t\t\t\t<div class=\"elementor-element elementor-element-e2a4a87 elementor-icon-list--layout-inline elementor-align-center elementor-list-item-link-full_width elementor-widget elementor-widget-icon-list\" data-id=\"e2a4a87\" data-element_type=\"widget\" data-e-type=\"widget\" data-widget_type=\"icon-list.default\">\n\t\t\t\t\t\t\t<ul class=\"elementor-icon-list-items elementor-inline-items\">\n\t\t\t\t\t\t\t<li class=\"elementor-icon-list-item elementor-inline-item\">\n\t\t\t\t\t\t\t\t\t\t<span class=\"elementor-icon-list-text\">Publicado el 22 de septiembre de 2025<\/span>\n\t\t\t\t\t\t\t\t\t<\/li>\n\t\t\t\t\t\t<\/ul>\n\t\t\t\t\t\t<\/div>\n\t\t\t\t<\/div>\n\t\t\t\t<div class=\"elementor-element elementor-element-89ea136 elementor-invisible elementor-widget elementor-widget-image\" data-id=\"89ea136\" data-element_type=\"widget\" data-e-type=\"widget\" data-settings=\"{&quot;_animation&quot;:&quot;fadeInRight&quot;}\" data-widget_type=\"image.default\">\n\t\t\t\t\t\t\t\t\t\t\t\t\t\t\t<img fetchpriority=\"high\" decoding=\"async\" width=\"800\" height=\"575\" src=\"https:\/\/ds4mmed.uv.es\/wp-content\/uploads\/2025\/11\/Diseno-sin-titulo.png\" class=\"attachment-full size-full wp-image-5253\" alt=\"\" srcset=\"https:\/\/ds4mmed.uv.es\/wp-content\/uploads\/2025\/11\/Diseno-sin-titulo.png 800w, https:\/\/ds4mmed.uv.es\/wp-content\/uploads\/2025\/11\/Diseno-sin-titulo-300x216.png 300w, https:\/\/ds4mmed.uv.es\/wp-content\/uploads\/2025\/11\/Diseno-sin-titulo-768x552.png 768w\" sizes=\"(max-width: 800px) 100vw, 800px\" \/>\t\t\t\t\t\t\t\t\t\t\t\t\t\t\t<\/div>\n\t\t\t\t<\/div>\n\t\t<div class=\"elementor-element elementor-element-aac12f8 e-con-full e-flex elementor-invisible e-con e-child\" data-id=\"aac12f8\" data-element_type=\"container\" data-e-type=\"container\" data-settings=\"{&quot;animation&quot;:&quot;fadeInUp&quot;}\">\n\t\t\t\t<div class=\"elementor-element elementor-element-0c8df65 elementor-widget__width-initial elementor-widget-mobile__width-inherit elementor-widget-tablet__width-inherit elementor-widget elementor-widget-text-editor\" data-id=\"0c8df65\" data-element_type=\"widget\" data-e-type=\"widget\" data-widget_type=\"text-editor.default\">\n\t\t\t\t\t\t\t\t\t<div class=\"ewa-rteLine\">El director del INTRAS, Francisco Alonso, en representaci\u00f3n del equipo DS4M Mediterr\u00e1neo, ha participado en la reuni\u00f3n del Comit\u00e9 de ITS &amp; Smart Cities de ITS Espa\u00f1a.<\/div><div class=\"ewa-rteLine\">\u00a0<\/div><div class=\"ewa-rteLine\">Durante la jornada se abordaron diversos puntos clave, entre ellos las actividades previstas para los a\u00f1os 2025 y 2026, as\u00ed como otros temas de especial inter\u00e9s para el comit\u00e9.<\/div><div class=\"ewa-rteLine\">\u00a0<\/div><div class=\"ewa-rteLine\">En el punto 7 del orden del d\u00eda, dedicado a Datos, Espacios de Datos y NAP en Movilidad Urbana, se prest\u00f3 especial atenci\u00f3n al Cat\u00e1logo de Espacios de Datos en Abierto, una iniciativa que facilitar\u00e1 el acceso r\u00e1pido y eficiente a una amplia cantidad de informaci\u00f3n esencial para el desarrollo de proyectos relacionados con la movilidad inteligente.<\/div>\t\t\t\t\t\t\t\t<\/div>\n\t\t\t\t<\/div>\n\t\t\t\t\t<\/div>\n\t\t\t\t<\/div>\n\t\t\t\t<\/div>\n\t\t","protected":false},"excerpt":{"rendered":"<p>El DS4M Mediterr\u00e1neo presente en el Comit\u00e9 de ITS &amp; Smart Cities Publicado el 22 de septiembre de 2025 El director del INTRAS, Francisco Alonso, en representaci\u00f3n del equipo DS4M Mediterr\u00e1neo, ha participado en la reuni\u00f3n del Comit\u00e9 de ITS &amp; Smart Cities de ITS Espa\u00f1a.\u00a0Durante la jornada se abordaron diversos puntos clave, entre ellos [&hellip;]<\/p>\n","protected":false},"author":1,"featured_media":0,"parent":0,"menu_order":0,"comment_status":"closed","ping_status":"closed","template":"","meta":{"footnotes":""},"class_list":["post-3491","page","type-page","status-publish","hentry"],"yoast_head":"<!-- This site is optimized with the Yoast SEO plugin v27.1.1 - https:\/\/yoast.com\/product\/yoast-seo-wordpress\/ -->\n<title>DS4M Mediterr\u00e1neo - DS4M presente en Comit\u00e9 ITS y Smart Cities<\/title>\n<meta name=\"description\" content=\"El director del INTRAS, Francisco Alonso ha participado en la reuni\u00f3n del Comit\u00e9 de ITS &amp; Smart Cities de ITS Espa\u00f1a.\" \/>\n<meta name=\"robots\" content=\"index, follow, max-snippet:-1, max-image-preview:large, max-video-preview:-1\" \/>\n<link rel=\"canonical\" href=\"https:\/\/ds4mmed.uv.es\/index.php\/es\/ds4m-presente-en-comite-its-y-smart-cities\/\" \/>\n<meta property=\"og:locale\" content=\"es_ES\" \/>\n<meta property=\"og:type\" content=\"article\" \/>\n<meta property=\"og:title\" content=\"DS4M Mediterr\u00e1neo - DS4M presente en Comit\u00e9 ITS y Smart Cities\" \/>\n<meta property=\"og:description\" content=\"El director del INTRAS, Francisco Alonso ha participado en la reuni\u00f3n del Comit\u00e9 de ITS &amp; Smart Cities de ITS Espa\u00f1a.\" \/>\n<meta property=\"og:url\" content=\"https:\/\/ds4mmed.uv.es\/index.php\/es\/ds4m-presente-en-comite-its-y-smart-cities\/\" \/>\n<meta property=\"og:site_name\" content=\"DS4M Mediterr\u00e1neo\" \/>\n<meta property=\"article:modified_time\" content=\"2025-11-26T08:31:14+00:00\" \/>\n<meta property=\"og:image\" content=\"https:\/\/ds4mmed.uv.es\/wp-content\/uploads\/2025\/11\/Diseno-sin-titulo.png\" \/>\n<meta name=\"twitter:card\" content=\"summary_large_image\" \/>\n<meta name=\"twitter:label1\" content=\"Tiempo de lectura\" \/>\n\t<meta name=\"twitter:data1\" content=\"1 minuto\" \/>\n<script type=\"application\/ld+json\" class=\"yoast-schema-graph\">{\"@context\":\"https:\/\/schema.org\",\"@graph\":[{\"@type\":\"WebPage\",\"@id\":\"https:\/\/ds4mmed.uv.es\/index.php\/es\/ds4m-presente-en-comite-its-y-smart-cities\/\",\"url\":\"https:\/\/ds4mmed.uv.es\/index.php\/es\/ds4m-presente-en-comite-its-y-smart-cities\/\",\"name\":\"DS4M Mediterr\u00e1neo - DS4M presente en Comit\u00e9 ITS y Smart Cities\",\"isPartOf\":{\"@id\":\"https:\/\/ds4mmed.uv.es\/#website\"},\"primaryImageOfPage\":{\"@id\":\"https:\/\/ds4mmed.uv.es\/index.php\/es\/ds4m-presente-en-comite-its-y-smart-cities\/#primaryimage\"},\"image\":{\"@id\":\"https:\/\/ds4mmed.uv.es\/index.php\/es\/ds4m-presente-en-comite-its-y-smart-cities\/#primaryimage\"},\"thumbnailUrl\":\"https:\/\/ds4mmed.uv.es\/wp-content\/uploads\/2025\/11\/Diseno-sin-titulo.png\",\"datePublished\":\"2025-11-03T09:22:05+00:00\",\"dateModified\":\"2025-11-26T08:31:14+00:00\",\"description\":\"El director del INTRAS, Francisco Alonso ha participado en la reuni\u00f3n del Comit\u00e9 de ITS & Smart Cities de ITS Espa\u00f1a.\",\"breadcrumb\":{\"@id\":\"https:\/\/ds4mmed.uv.es\/index.php\/es\/ds4m-presente-en-comite-its-y-smart-cities\/#breadcrumb\"},\"inLanguage\":\"es\",\"potentialAction\":[{\"@type\":\"ReadAction\",\"target\":[\"https:\/\/ds4mmed.uv.es\/index.php\/es\/ds4m-presente-en-comite-its-y-smart-cities\/\"]}]},{\"@type\":\"ImageObject\",\"inLanguage\":\"es\",\"@id\":\"https:\/\/ds4mmed.uv.es\/index.php\/es\/ds4m-presente-en-comite-its-y-smart-cities\/#primaryimage\",\"url\":\"https:\/\/ds4mmed.uv.es\/wp-content\/uploads\/2025\/11\/Diseno-sin-titulo.png\",\"contentUrl\":\"https:\/\/ds4mmed.uv.es\/wp-content\/uploads\/2025\/11\/Diseno-sin-titulo.png\",\"width\":800,\"height\":575},{\"@type\":\"BreadcrumbList\",\"@id\":\"https:\/\/ds4mmed.uv.es\/index.php\/es\/ds4m-presente-en-comite-its-y-smart-cities\/#breadcrumb\",\"itemListElement\":[{\"@type\":\"ListItem\",\"position\":1,\"name\":\"Portada\",\"item\":\"https:\/\/ds4mmed.uv.es\/index.php\/es\/\"},{\"@type\":\"ListItem\",\"position\":2,\"name\":\"Noticia 23 &#8211; DS4M presente en Comit\u00e9 ITS y Smart Cities\"}]},{\"@type\":\"WebSite\",\"@id\":\"https:\/\/ds4mmed.uv.es\/#website\",\"url\":\"https:\/\/ds4mmed.uv.es\/\",\"name\":\"DS4M Mediterr\u00e1neo\",\"description\":\"\",\"publisher\":{\"@id\":\"https:\/\/ds4mmed.uv.es\/#organization\"},\"potentialAction\":[{\"@type\":\"SearchAction\",\"target\":{\"@type\":\"EntryPoint\",\"urlTemplate\":\"https:\/\/ds4mmed.uv.es\/?s={search_term_string}\"},\"query-input\":{\"@type\":\"PropertyValueSpecification\",\"valueRequired\":true,\"valueName\":\"search_term_string\"}}],\"inLanguage\":\"es\"},{\"@type\":\"Organization\",\"@id\":\"https:\/\/ds4mmed.uv.es\/#organization\",\"name\":\"DS4M Mediterr\u00e1neo\",\"url\":\"https:\/\/ds4mmed.uv.es\/\",\"logo\":{\"@type\":\"ImageObject\",\"inLanguage\":\"es\",\"@id\":\"https:\/\/ds4mmed.uv.es\/#\/schema\/logo\/image\/\",\"url\":\"https:\/\/ds4mmed.uv.es\/wp-content\/uploads\/2025\/07\/Logo-cambio-resolucion-scaled.png\",\"contentUrl\":\"https:\/\/ds4mmed.uv.es\/wp-content\/uploads\/2025\/07\/Logo-cambio-resolucion-scaled.png\",\"width\":2560,\"height\":980,\"caption\":\"DS4M Mediterr\u00e1neo\"},\"image\":{\"@id\":\"https:\/\/ds4mmed.uv.es\/#\/schema\/logo\/image\/\"}}]}<\/script>\n<!-- \/ Yoast SEO plugin. -->","yoast_head_json":{"title":"DS4M Mediterr\u00e1neo - DS4M presente en Comit\u00e9 ITS y Smart Cities","description":"El director del INTRAS, Francisco Alonso ha participado en la reuni\u00f3n del Comit\u00e9 de ITS & Smart Cities de ITS Espa\u00f1a.","robots":{"index":"index","follow":"follow","max-snippet":"max-snippet:-1","max-image-preview":"max-image-preview:large","max-video-preview":"max-video-preview:-1"},"canonical":"https:\/\/ds4mmed.uv.es\/index.php\/es\/ds4m-presente-en-comite-its-y-smart-cities\/","og_locale":"es_ES","og_type":"article","og_title":"DS4M Mediterr\u00e1neo - DS4M presente en Comit\u00e9 ITS y Smart Cities","og_description":"El director del INTRAS, Francisco Alonso ha participado en la reuni\u00f3n del Comit\u00e9 de ITS & Smart Cities de ITS Espa\u00f1a.","og_url":"https:\/\/ds4mmed.uv.es\/index.php\/es\/ds4m-presente-en-comite-its-y-smart-cities\/","og_site_name":"DS4M Mediterr\u00e1neo","article_modified_time":"2025-11-26T08:31:14+00:00","og_image":[{"url":"https:\/\/ds4mmed.uv.es\/wp-content\/uploads\/2025\/11\/Diseno-sin-titulo.png","type":"","width":"","height":""}],"twitter_card":"summary_large_image","twitter_misc":{"Tiempo de lectura":"1 minuto"},"schema":{"@context":"https:\/\/schema.org","@graph":[{"@type":"WebPage","@id":"https:\/\/ds4mmed.uv.es\/index.php\/es\/ds4m-presente-en-comite-its-y-smart-cities\/","url":"https:\/\/ds4mmed.uv.es\/index.php\/es\/ds4m-presente-en-comite-its-y-smart-cities\/","name":"DS4M Mediterr\u00e1neo - DS4M presente en Comit\u00e9 ITS y Smart Cities","isPartOf":{"@id":"https:\/\/ds4mmed.uv.es\/#website"},"primaryImageOfPage":{"@id":"https:\/\/ds4mmed.uv.es\/index.php\/es\/ds4m-presente-en-comite-its-y-smart-cities\/#primaryimage"},"image":{"@id":"https:\/\/ds4mmed.uv.es\/index.php\/es\/ds4m-presente-en-comite-its-y-smart-cities\/#primaryimage"},"thumbnailUrl":"https:\/\/ds4mmed.uv.es\/wp-content\/uploads\/2025\/11\/Diseno-sin-titulo.png","datePublished":"2025-11-03T09:22:05+00:00","dateModified":"2025-11-26T08:31:14+00:00","description":"El director del INTRAS, Francisco Alonso ha participado en la reuni\u00f3n del Comit\u00e9 de ITS & Smart Cities de ITS Espa\u00f1a.","breadcrumb":{"@id":"https:\/\/ds4mmed.uv.es\/index.php\/es\/ds4m-presente-en-comite-its-y-smart-cities\/#breadcrumb"},"inLanguage":"es","potentialAction":[{"@type":"ReadAction","target":["https:\/\/ds4mmed.uv.es\/index.php\/es\/ds4m-presente-en-comite-its-y-smart-cities\/"]}]},{"@type":"ImageObject","inLanguage":"es","@id":"https:\/\/ds4mmed.uv.es\/index.php\/es\/ds4m-presente-en-comite-its-y-smart-cities\/#primaryimage","url":"https:\/\/ds4mmed.uv.es\/wp-content\/uploads\/2025\/11\/Diseno-sin-titulo.png","contentUrl":"https:\/\/ds4mmed.uv.es\/wp-content\/uploads\/2025\/11\/Diseno-sin-titulo.png","width":800,"height":575},{"@type":"BreadcrumbList","@id":"https:\/\/ds4mmed.uv.es\/index.php\/es\/ds4m-presente-en-comite-its-y-smart-cities\/#breadcrumb","itemListElement":[{"@type":"ListItem","position":1,"name":"Portada","item":"https:\/\/ds4mmed.uv.es\/index.php\/es\/"},{"@type":"ListItem","position":2,"name":"Noticia 23 &#8211; DS4M presente en Comit\u00e9 ITS y Smart Cities"}]},{"@type":"WebSite","@id":"https:\/\/ds4mmed.uv.es\/#website","url":"https:\/\/ds4mmed.uv.es\/","name":"DS4M Mediterr\u00e1neo","description":"","publisher":{"@id":"https:\/\/ds4mmed.uv.es\/#organization"},"potentialAction":[{"@type":"SearchAction","target":{"@type":"EntryPoint","urlTemplate":"https:\/\/ds4mmed.uv.es\/?s={search_term_string}"},"query-input":{"@type":"PropertyValueSpecification","valueRequired":true,"valueName":"search_term_string"}}],"inLanguage":"es"},{"@type":"Organization","@id":"https:\/\/ds4mmed.uv.es\/#organization","name":"DS4M Mediterr\u00e1neo","url":"https:\/\/ds4mmed.uv.es\/","logo":{"@type":"ImageObject","inLanguage":"es","@id":"https:\/\/ds4mmed.uv.es\/#\/schema\/logo\/image\/","url":"https:\/\/ds4mmed.uv.es\/wp-content\/uploads\/2025\/07\/Logo-cambio-resolucion-scaled.png","contentUrl":"https:\/\/ds4mmed.uv.es\/wp-content\/uploads\/2025\/07\/Logo-cambio-resolucion-scaled.png","width":2560,"height":980,"caption":"DS4M Mediterr\u00e1neo"},"image":{"@id":"https:\/\/ds4mmed.uv.es\/#\/schema\/logo\/image\/"}}]}},"_links":{"self":[{"href":"https:\/\/ds4mmed.uv.es\/index.php\/wp-json\/wp\/v2\/pages\/3491","targetHints":{"allow":["GET"]}}],"collection":[{"href":"https:\/\/ds4mmed.uv.es\/index.php\/wp-json\/wp\/v2\/pages"}],"about":[{"href":"https:\/\/ds4mmed.uv.es\/index.php\/wp-json\/wp\/v2\/types\/page"}],"author":[{"embeddable":true,"href":"https:\/\/ds4mmed.uv.es\/index.php\/wp-json\/wp\/v2\/users\/1"}],"replies":[{"embeddable":true,"href":"https:\/\/ds4mmed.uv.es\/index.php\/wp-json\/wp\/v2\/comments?post=3491"}],"version-history":[{"count":54,"href":"https:\/\/ds4mmed.uv.es\/index.php\/wp-json\/wp\/v2\/pages\/3491\/revisions"}],"predecessor-version":[{"id":8926,"href":"https:\/\/ds4mmed.uv.es\/index.php\/wp-json\/wp\/v2\/pages\/3491\/revisions\/8926"}],"wp:attachment":[{"href":"https:\/\/ds4mmed.uv.es\/index.php\/wp-json\/wp\/v2\/media?parent=3491"}],"curies":[{"name":"wp","href":"https:\/\/api.w.org\/{rel}","templated":true}]}}