{"id":2140,"date":"2025-10-17T10:42:37","date_gmt":"2025-10-17T08:42:37","guid":{"rendered":"https:\/\/ds4mmed.uv.es\/?page_id=2140"},"modified":"2026-04-01T15:19:13","modified_gmt":"2026-04-01T13:19:13","slug":"postgrado","status":"publish","type":"page","link":"https:\/\/ds4mmed.uv.es\/index.php\/es\/postgrado\/","title":{"rendered":"Postgrado"},"content":{"rendered":"\t\t<div data-elementor-type=\"wp-page\" data-elementor-id=\"2140\" class=\"elementor elementor-2140\">\n\t\t\t\t<div class=\"elementor-element elementor-element-91e734f e-flex e-con-boxed e-con e-parent\" data-id=\"91e734f\" data-element_type=\"container\" data-e-type=\"container\" data-settings=\"{&quot;background_background&quot;:&quot;classic&quot;}\">\n\t\t\t\t\t<div class=\"e-con-inner\">\n\t\t<div class=\"elementor-element elementor-element-f098806 e-con-full e-flex e-con e-child\" data-id=\"f098806\" data-element_type=\"container\" data-e-type=\"container\">\n\t\t<div class=\"elementor-element elementor-element-8497267 e-grid e-con-full e-con e-child\" data-id=\"8497267\" data-element_type=\"container\" data-e-type=\"container\">\n\t\t\t\t<div class=\"elementor-element elementor-element-94bb480 elementor-invisible elementor-widget elementor-widget-text-editor\" data-id=\"94bb480\" data-element_type=\"widget\" data-e-type=\"widget\" data-settings=\"{&quot;_animation&quot;:&quot;fadeInLeft&quot;}\" data-widget_type=\"text-editor.default\">\n\t\t\t\t\t\t\t\t\t<p style=\"text-align: justify;\">Diploma de Especializaci\u00f3n en Gesti\u00f3n de la Movilidad Inteligente y Espacios de Datos<\/p>\t\t\t\t\t\t\t\t<\/div>\n\t\t\t\t<div class=\"elementor-element elementor-element-bd72d12 elementor-invisible elementor-widget elementor-widget-text-editor\" data-id=\"bd72d12\" data-element_type=\"widget\" data-e-type=\"widget\" data-settings=\"{&quot;_animation&quot;:&quot;fadeInUp&quot;}\" data-widget_type=\"text-editor.default\">\n\t\t\t\t\t\t\t\t\t<p style=\"text-align: justify;\">Desde <b data-path-to-node=\"1\" data-index-in-node=\"6\">DS4M Mediterr\u00e1neo<\/b> se promueve el Diploma de Especializaci\u00f3n en Gesti\u00f3n de la Movilidad Inteligente y Espacios de Datos. Este diploma est\u00e1 dise\u00f1ado para formar a profesionales de los sectores p\u00fablico y privado vinculados al \u00e1mbito de la movilidad, especialmente a aquellos que deseen avanzar en el \u00e1rea de la transformaci\u00f3n digital.<\/p>\t\t\t\t\t\t\t\t<\/div>\n\t\t\t\t<div class=\"elementor-element elementor-element-2a0f360 elementor-invisible elementor-widget elementor-widget-text-editor\" data-id=\"2a0f360\" data-element_type=\"widget\" data-e-type=\"widget\" data-settings=\"{&quot;_animation&quot;:&quot;fadeInLeft&quot;}\" data-widget_type=\"text-editor.default\">\n\t\t\t\t\t\t\t\t\t<p style=\"text-align: justify;\">A lo largo del curso se abordar\u00e1n de manera exhaustiva los principales desaf\u00edos y componentes de la movilidad actual, incluyendo el tr\u00e1fico, el transporte y el papel de las diferentes entidades dentro del ecosistema de los Sistemas Inteligentes de Transporte (ITS). Los contenidos cubrir\u00e1n todo, desde la planificaci\u00f3n hasta el mantenimiento de estos sistemas, as\u00ed como el proceso completo de gesti\u00f3n de datos: recopilaci\u00f3n, depuraci\u00f3n, almacenamiento y an\u00e1lisis. Tambi\u00e9n se explorar\u00e1n modelos innovadores como Mobility as a Service (MaaS) y sus implicaciones en el mercado.<\/p>\t\t\t\t\t\t\t\t<\/div>\n\t\t\t\t<div class=\"elementor-element elementor-element-0a54e43 elementor-invisible elementor-widget elementor-widget-text-editor\" data-id=\"0a54e43\" data-element_type=\"widget\" data-e-type=\"widget\" data-settings=\"{&quot;_animation&quot;:&quot;fadeInUp&quot;}\" data-widget_type=\"text-editor.default\">\n\t\t\t\t\t\t\t\t\t<p data-path-to-node=\"3\"><b data-path-to-node=\"3\" data-index-in-node=\"0\">Objetivos principales del programa:<\/b><\/p><ul data-path-to-node=\"4\"><li><p data-path-to-node=\"4,0,0\">Proporcionar una base s\u00f3lida en movilidad.<\/p><\/li><li><p data-path-to-node=\"4,1,0\">Formar a los participantes en el desarrollo de Sistemas Inteligentes de Transporte (ITS).<\/p><\/li><li><p data-path-to-node=\"4,2,0\">Dominar la gesti\u00f3n de datos aplicada al transporte.<\/p><\/li><li><p data-path-to-node=\"4,3,0\">Comprender los modelos de negocio que est\u00e1n transformando este sector.<\/p><\/li><\/ul><p data-path-to-node=\"5\">Se trata de un programa de formaci\u00f3n pr\u00e1ctico y actualizado, centrado en los nuevos desaf\u00edos de la movilidad inteligente.<\/p>\t\t\t\t\t\t\t\t<\/div>\n\t\t\t\t<div class=\"elementor-element elementor-element-8a999ad elementor-invisible elementor-widget elementor-widget-text-editor\" data-id=\"8a999ad\" data-element_type=\"widget\" data-e-type=\"widget\" data-settings=\"{&quot;_animation&quot;:&quot;fadeInLeft&quot;}\" data-widget_type=\"text-editor.default\">\n\t\t\t\t\t\t\t\t\t<p style=\"text-align: justify;\">El a\u00f1o acad\u00e9mico comienza en noviembre de 2025 y finaliza en junio de 2026, con un total de 36 cr\u00e9ditos. El programa es as\u00edncrono, ya que las clases se imparten online. El periodo de inscripci\u00f3n finaliza el 31 de diciembre.<\/p>\t\t\t\t\t\t\t\t<\/div>\n\t\t\t\t<div class=\"elementor-element elementor-element-ca1c239 elementor-invisible elementor-widget elementor-widget-text-editor\" data-id=\"ca1c239\" data-element_type=\"widget\" data-e-type=\"widget\" data-settings=\"{&quot;_animation&quot;:&quot;fadeInUp&quot;}\" data-widget_type=\"text-editor.default\">\n\t\t\t\t\t\t\t\t\t<p style=\"text-align: justify;\" data-start=\"1638\" data-end=\"1771\">Visita el sitio web oficial del Diploma de Especializaci\u00f3n en Gesti\u00f3n de la Movilidad Inteligente y Espacios de Datos para obtener m\u00e1s informaci\u00f3n:<\/p>\t\t\t\t\t\t\t\t<\/div>\n\t\t\t\t<div class=\"elementor-element elementor-element-9fb7d33 elementor-align-center elementor-invisible elementor-widget elementor-widget-button\" data-id=\"9fb7d33\" data-element_type=\"widget\" data-e-type=\"widget\" data-settings=\"{&quot;_animation&quot;:&quot;fadeInUp&quot;}\" data-widget_type=\"button.default\">\n\t\t\t\t\t\t\t\t\t\t<a class=\"elementor-button elementor-button-link elementor-size-sm\" href=\"https:\/\/www.uv.es\/uvweb\/universidad\/es\/estudios-postgrado\/titulos-propios-postgrado\/oferta-titulos-propios\/titulo-propio-uv-1286006703791.html?p5=25623080\" target=\"_blank\">\n\t\t\t\t\t\t<span class=\"elementor-button-content-wrapper\">\n\t\t\t\t\t\t\t\t\t<span class=\"elementor-button-text\">M\u00c1S INFORMACI\u00d3N<\/span>\n\t\t\t\t\t<\/span>\n\t\t\t\t\t<\/a>\n\t\t\t\t\t\t\t\t<\/div>\n\t\t\t\t<\/div>\n\t\t\t\t<\/div>\n\t\t<div class=\"elementor-element elementor-element-a0a81f6 e-con-full e-flex elementor-invisible e-con e-child\" data-id=\"a0a81f6\" data-element_type=\"container\" data-e-type=\"container\" data-settings=\"{&quot;animation&quot;:&quot;fadeIn&quot;}\">\n\t\t\t\t<div class=\"elementor-element elementor-element-2c67da2 elementor-invisible elementor-widget elementor-widget-image\" data-id=\"2c67da2\" data-element_type=\"widget\" data-e-type=\"widget\" data-settings=\"{&quot;_animation&quot;:&quot;bounceInUp&quot;}\" data-widget_type=\"image.default\">\n\t\t\t\t\t\t\t\t\t\t\t\t\t\t\t\t<a href=\"https:\/\/www.uv.es\/uvweb\/universidad\/es\/estudios-postgrado\/titulos-propios-postgrado\/oferta-titulos-propios\/titulo-propio-uv-1286006703791.html?p5=25623080\" target=\"_blank\">\n\t\t\t\t\t\t\t<img fetchpriority=\"high\" decoding=\"async\" width=\"379\" height=\"1024\" src=\"https:\/\/ds4mmed.uv.es\/wp-content\/uploads\/2025\/09\/Frase-feliz-dia-del-padre-foto-textura-papel-azul-y-beige-500-x-1350-px-1-379x1024.png\" class=\"attachment-large size-large wp-image-970\" alt=\"\" srcset=\"https:\/\/ds4mmed.uv.es\/wp-content\/uploads\/2025\/09\/Frase-feliz-dia-del-padre-foto-textura-papel-azul-y-beige-500-x-1350-px-1-379x1024.png 379w, https:\/\/ds4mmed.uv.es\/wp-content\/uploads\/2025\/09\/Frase-feliz-dia-del-padre-foto-textura-papel-azul-y-beige-500-x-1350-px-1-111x300.png 111w, https:\/\/ds4mmed.uv.es\/wp-content\/uploads\/2025\/09\/Frase-feliz-dia-del-padre-foto-textura-papel-azul-y-beige-500-x-1350-px-1.png 500w\" sizes=\"(max-width: 379px) 100vw, 379px\" \/>\t\t\t\t\t\t\t\t<\/a>\n\t\t\t\t\t\t\t\t\t\t\t\t\t\t\t<\/div>\n\t\t\t\t<\/div>\n\t\t\t\t\t<\/div>\n\t\t\t\t<\/div>\n\t\t<div class=\"elementor-element elementor-element-20a2ffe e-flex e-con-boxed e-con e-parent\" data-id=\"20a2ffe\" data-element_type=\"container\" data-e-type=\"container\">\n\t\t\t\t\t<div class=\"e-con-inner\">\n\t\t<div class=\"elementor-element elementor-element-6eb5deb e-con-full e-flex e-con e-child\" data-id=\"6eb5deb\" data-element_type=\"container\" data-e-type=\"container\" data-settings=\"{&quot;background_background&quot;:&quot;classic&quot;}\">\n\t\t<div class=\"elementor-element elementor-element-ed1dc7a e-con-full e-flex e-con e-child\" data-id=\"ed1dc7a\" data-element_type=\"container\" data-e-type=\"container\">\n\t\t\t\t<div class=\"elementor-element elementor-element-e63e1cc elementor-invisible elementor-widget elementor-widget-heading\" data-id=\"e63e1cc\" data-element_type=\"widget\" data-e-type=\"widget\" data-settings=\"{&quot;_animation&quot;:&quot;fadeInLeft&quot;}\" data-widget_type=\"heading.default\">\n\t\t\t\t\t<h5 class=\"elementor-heading-title elementor-size-default\"><span data-teams=\"true\"><strong>\u00bfTe animas a impulsar este proyecto con nosotros?<\/strong> Forma parte del impulso que necesitamos para llegar m\u00e1s lejos.<\/span><\/h5>\t\t\t\t<\/div>\n\t\t\t\t<div class=\"elementor-element elementor-element-406bb29 elementor-align-center elementor-invisible elementor-widget elementor-widget-button\" data-id=\"406bb29\" data-element_type=\"widget\" data-e-type=\"widget\" data-settings=\"{&quot;_animation&quot;:&quot;fadeInLeft&quot;}\" data-widget_type=\"button.default\">\n\t\t\t\t\t\t\t\t\t\t<a class=\"elementor-button elementor-button-link elementor-size-sm\" href=\"https:\/\/ds4mmed.uv.es\/index.php\/contactanos\">\n\t\t\t\t\t\t<span class=\"elementor-button-content-wrapper\">\n\t\t\t\t\t\t\t\t\t<span class=\"elementor-button-text\">Cont\u00e1ctanos<\/span>\n\t\t\t\t\t<\/span>\n\t\t\t\t\t<\/a>\n\t\t\t\t\t\t\t\t<\/div>\n\t\t\t\t<\/div>\n\t\t\t\t<\/div>\n\t\t\t\t\t<\/div>\n\t\t\t\t<\/div>\n\t\t\t\t<\/div>\n\t\t","protected":false},"excerpt":{"rendered":"<p>Diploma de Especializaci\u00f3n en Gesti\u00f3n de la Movilidad Inteligente y Espacios de Datos Desde DS4M Mediterr\u00e1neo se promueve el Diploma de Especializaci\u00f3n en Gesti\u00f3n de la Movilidad Inteligente y Espacios de Datos. Este diploma est\u00e1 dise\u00f1ado para formar a profesionales de los sectores p\u00fablico y privado vinculados al \u00e1mbito de la movilidad, especialmente a aquellos [&hellip;]<\/p>\n","protected":false},"author":1,"featured_media":8718,"parent":0,"menu_order":0,"comment_status":"closed","ping_status":"closed","template":"","meta":{"footnotes":""},"class_list":["post-2140","page","type-page","status-publish","has-post-thumbnail","hentry"],"yoast_head":"<!-- This site is optimized with the Yoast SEO plugin v27.1.1 - https:\/\/yoast.com\/product\/yoast-seo-wordpress\/ -->\n<title>DS4M Mediterr\u00e1neo - Postgrado<\/title>\n<meta name=\"description\" content=\"El posgrado DS4M MED de la Universitat de Val\u00e8ncia ofrece formaci\u00f3n en movilidad inteligente, an\u00e1lisis de datos.\" \/>\n<meta name=\"robots\" content=\"index, follow, max-snippet:-1, max-image-preview:large, max-video-preview:-1\" \/>\n<link rel=\"canonical\" href=\"https:\/\/ds4mmed.uv.es\/index.php\/es\/postgrado\/\" \/>\n<meta property=\"og:locale\" content=\"es_ES\" \/>\n<meta property=\"og:type\" content=\"article\" \/>\n<meta property=\"og:title\" content=\"DS4M Mediterr\u00e1neo - Postgrado\" \/>\n<meta property=\"og:description\" content=\"El posgrado DS4M MED de la Universitat de Val\u00e8ncia ofrece formaci\u00f3n en movilidad inteligente, an\u00e1lisis de datos.\" \/>\n<meta property=\"og:url\" content=\"https:\/\/ds4mmed.uv.es\/index.php\/es\/postgrado\/\" \/>\n<meta property=\"og:site_name\" content=\"DS4M Mediterr\u00e1neo\" \/>\n<meta property=\"article:modified_time\" content=\"2026-04-01T13:19:13+00:00\" \/>\n<meta property=\"og:image\" content=\"https:\/\/ds4mmed.uv.es\/wp-content\/uploads\/2025\/11\/Icono-web-1.png\" \/>\n\t<meta property=\"og:image:width\" content=\"344\" \/>\n\t<meta property=\"og:image:height\" content=\"344\" \/>\n\t<meta property=\"og:image:type\" content=\"image\/png\" \/>\n<meta name=\"twitter:card\" content=\"summary_large_image\" \/>\n<meta name=\"twitter:label1\" content=\"Tiempo de lectura\" \/>\n\t<meta name=\"twitter:data1\" content=\"2 minutos\" \/>\n<script type=\"application\/ld+json\" class=\"yoast-schema-graph\">{\"@context\":\"https:\/\/schema.org\",\"@graph\":[{\"@type\":\"WebPage\",\"@id\":\"https:\/\/ds4mmed.uv.es\/index.php\/es\/postgrado\/\",\"url\":\"https:\/\/ds4mmed.uv.es\/index.php\/es\/postgrado\/\",\"name\":\"DS4M Mediterr\u00e1neo - Postgrado\",\"isPartOf\":{\"@id\":\"https:\/\/ds4mmed.uv.es\/#website\"},\"primaryImageOfPage\":{\"@id\":\"https:\/\/ds4mmed.uv.es\/index.php\/es\/postgrado\/#primaryimage\"},\"image\":{\"@id\":\"https:\/\/ds4mmed.uv.es\/index.php\/es\/postgrado\/#primaryimage\"},\"thumbnailUrl\":\"https:\/\/ds4mmed.uv.es\/wp-content\/uploads\/2025\/11\/Icono-web-1.png\",\"datePublished\":\"2025-10-17T08:42:37+00:00\",\"dateModified\":\"2026-04-01T13:19:13+00:00\",\"description\":\"El posgrado DS4M MED de la Universitat de Val\u00e8ncia ofrece formaci\u00f3n en movilidad inteligente, an\u00e1lisis de datos.\",\"breadcrumb\":{\"@id\":\"https:\/\/ds4mmed.uv.es\/index.php\/es\/postgrado\/#breadcrumb\"},\"inLanguage\":\"es\",\"potentialAction\":[{\"@type\":\"ReadAction\",\"target\":[\"https:\/\/ds4mmed.uv.es\/index.php\/es\/postgrado\/\"]}]},{\"@type\":\"ImageObject\",\"inLanguage\":\"es\",\"@id\":\"https:\/\/ds4mmed.uv.es\/index.php\/es\/postgrado\/#primaryimage\",\"url\":\"https:\/\/ds4mmed.uv.es\/wp-content\/uploads\/2025\/11\/Icono-web-1.png\",\"contentUrl\":\"https:\/\/ds4mmed.uv.es\/wp-content\/uploads\/2025\/11\/Icono-web-1.png\",\"width\":344,\"height\":344},{\"@type\":\"BreadcrumbList\",\"@id\":\"https:\/\/ds4mmed.uv.es\/index.php\/es\/postgrado\/#breadcrumb\",\"itemListElement\":[{\"@type\":\"ListItem\",\"position\":1,\"name\":\"Portada\",\"item\":\"https:\/\/ds4mmed.uv.es\/index.php\/es\/\"},{\"@type\":\"ListItem\",\"position\":2,\"name\":\"Postgrado\"}]},{\"@type\":\"WebSite\",\"@id\":\"https:\/\/ds4mmed.uv.es\/#website\",\"url\":\"https:\/\/ds4mmed.uv.es\/\",\"name\":\"DS4M Mediterr\u00e1neo\",\"description\":\"\",\"publisher\":{\"@id\":\"https:\/\/ds4mmed.uv.es\/#organization\"},\"potentialAction\":[{\"@type\":\"SearchAction\",\"target\":{\"@type\":\"EntryPoint\",\"urlTemplate\":\"https:\/\/ds4mmed.uv.es\/?s={search_term_string}\"},\"query-input\":{\"@type\":\"PropertyValueSpecification\",\"valueRequired\":true,\"valueName\":\"search_term_string\"}}],\"inLanguage\":\"es\"},{\"@type\":\"Organization\",\"@id\":\"https:\/\/ds4mmed.uv.es\/#organization\",\"name\":\"DS4M Mediterr\u00e1neo\",\"url\":\"https:\/\/ds4mmed.uv.es\/\",\"logo\":{\"@type\":\"ImageObject\",\"inLanguage\":\"es\",\"@id\":\"https:\/\/ds4mmed.uv.es\/#\/schema\/logo\/image\/\",\"url\":\"https:\/\/ds4mmed.uv.es\/wp-content\/uploads\/2025\/07\/Logo-cambio-resolucion-scaled.png\",\"contentUrl\":\"https:\/\/ds4mmed.uv.es\/wp-content\/uploads\/2025\/07\/Logo-cambio-resolucion-scaled.png\",\"width\":2560,\"height\":980,\"caption\":\"DS4M Mediterr\u00e1neo\"},\"image\":{\"@id\":\"https:\/\/ds4mmed.uv.es\/#\/schema\/logo\/image\/\"}}]}<\/script>\n<!-- \/ Yoast SEO plugin. -->","yoast_head_json":{"title":"DS4M Mediterr\u00e1neo - Postgrado","description":"El posgrado DS4M MED de la Universitat de Val\u00e8ncia ofrece formaci\u00f3n en movilidad inteligente, an\u00e1lisis de datos.","robots":{"index":"index","follow":"follow","max-snippet":"max-snippet:-1","max-image-preview":"max-image-preview:large","max-video-preview":"max-video-preview:-1"},"canonical":"https:\/\/ds4mmed.uv.es\/index.php\/es\/postgrado\/","og_locale":"es_ES","og_type":"article","og_title":"DS4M Mediterr\u00e1neo - Postgrado","og_description":"El posgrado DS4M MED de la Universitat de Val\u00e8ncia ofrece formaci\u00f3n en movilidad inteligente, an\u00e1lisis de datos.","og_url":"https:\/\/ds4mmed.uv.es\/index.php\/es\/postgrado\/","og_site_name":"DS4M Mediterr\u00e1neo","article_modified_time":"2026-04-01T13:19:13+00:00","og_image":[{"width":344,"height":344,"url":"https:\/\/ds4mmed.uv.es\/wp-content\/uploads\/2025\/11\/Icono-web-1.png","type":"image\/png"}],"twitter_card":"summary_large_image","twitter_misc":{"Tiempo de lectura":"2 minutos"},"schema":{"@context":"https:\/\/schema.org","@graph":[{"@type":"WebPage","@id":"https:\/\/ds4mmed.uv.es\/index.php\/es\/postgrado\/","url":"https:\/\/ds4mmed.uv.es\/index.php\/es\/postgrado\/","name":"DS4M Mediterr\u00e1neo - Postgrado","isPartOf":{"@id":"https:\/\/ds4mmed.uv.es\/#website"},"primaryImageOfPage":{"@id":"https:\/\/ds4mmed.uv.es\/index.php\/es\/postgrado\/#primaryimage"},"image":{"@id":"https:\/\/ds4mmed.uv.es\/index.php\/es\/postgrado\/#primaryimage"},"thumbnailUrl":"https:\/\/ds4mmed.uv.es\/wp-content\/uploads\/2025\/11\/Icono-web-1.png","datePublished":"2025-10-17T08:42:37+00:00","dateModified":"2026-04-01T13:19:13+00:00","description":"El posgrado DS4M MED de la Universitat de Val\u00e8ncia ofrece formaci\u00f3n en movilidad inteligente, an\u00e1lisis de datos.","breadcrumb":{"@id":"https:\/\/ds4mmed.uv.es\/index.php\/es\/postgrado\/#breadcrumb"},"inLanguage":"es","potentialAction":[{"@type":"ReadAction","target":["https:\/\/ds4mmed.uv.es\/index.php\/es\/postgrado\/"]}]},{"@type":"ImageObject","inLanguage":"es","@id":"https:\/\/ds4mmed.uv.es\/index.php\/es\/postgrado\/#primaryimage","url":"https:\/\/ds4mmed.uv.es\/wp-content\/uploads\/2025\/11\/Icono-web-1.png","contentUrl":"https:\/\/ds4mmed.uv.es\/wp-content\/uploads\/2025\/11\/Icono-web-1.png","width":344,"height":344},{"@type":"BreadcrumbList","@id":"https:\/\/ds4mmed.uv.es\/index.php\/es\/postgrado\/#breadcrumb","itemListElement":[{"@type":"ListItem","position":1,"name":"Portada","item":"https:\/\/ds4mmed.uv.es\/index.php\/es\/"},{"@type":"ListItem","position":2,"name":"Postgrado"}]},{"@type":"WebSite","@id":"https:\/\/ds4mmed.uv.es\/#website","url":"https:\/\/ds4mmed.uv.es\/","name":"DS4M Mediterr\u00e1neo","description":"","publisher":{"@id":"https:\/\/ds4mmed.uv.es\/#organization"},"potentialAction":[{"@type":"SearchAction","target":{"@type":"EntryPoint","urlTemplate":"https:\/\/ds4mmed.uv.es\/?s={search_term_string}"},"query-input":{"@type":"PropertyValueSpecification","valueRequired":true,"valueName":"search_term_string"}}],"inLanguage":"es"},{"@type":"Organization","@id":"https:\/\/ds4mmed.uv.es\/#organization","name":"DS4M Mediterr\u00e1neo","url":"https:\/\/ds4mmed.uv.es\/","logo":{"@type":"ImageObject","inLanguage":"es","@id":"https:\/\/ds4mmed.uv.es\/#\/schema\/logo\/image\/","url":"https:\/\/ds4mmed.uv.es\/wp-content\/uploads\/2025\/07\/Logo-cambio-resolucion-scaled.png","contentUrl":"https:\/\/ds4mmed.uv.es\/wp-content\/uploads\/2025\/07\/Logo-cambio-resolucion-scaled.png","width":2560,"height":980,"caption":"DS4M Mediterr\u00e1neo"},"image":{"@id":"https:\/\/ds4mmed.uv.es\/#\/schema\/logo\/image\/"}}]}},"_links":{"self":[{"href":"https:\/\/ds4mmed.uv.es\/index.php\/wp-json\/wp\/v2\/pages\/2140","targetHints":{"allow":["GET"]}}],"collection":[{"href":"https:\/\/ds4mmed.uv.es\/index.php\/wp-json\/wp\/v2\/pages"}],"about":[{"href":"https:\/\/ds4mmed.uv.es\/index.php\/wp-json\/wp\/v2\/types\/page"}],"author":[{"embeddable":true,"href":"https:\/\/ds4mmed.uv.es\/index.php\/wp-json\/wp\/v2\/users\/1"}],"replies":[{"embeddable":true,"href":"https:\/\/ds4mmed.uv.es\/index.php\/wp-json\/wp\/v2\/comments?post=2140"}],"version-history":[{"count":96,"href":"https:\/\/ds4mmed.uv.es\/index.php\/wp-json\/wp\/v2\/pages\/2140\/revisions"}],"predecessor-version":[{"id":14912,"href":"https:\/\/ds4mmed.uv.es\/index.php\/wp-json\/wp\/v2\/pages\/2140\/revisions\/14912"}],"wp:featuredmedia":[{"embeddable":true,"href":"https:\/\/ds4mmed.uv.es\/index.php\/wp-json\/wp\/v2\/media\/8718"}],"wp:attachment":[{"href":"https:\/\/ds4mmed.uv.es\/index.php\/wp-json\/wp\/v2\/media?parent=2140"}],"curies":[{"name":"wp","href":"https:\/\/api.w.org\/{rel}","templated":true}]}}