{"id":14629,"date":"2026-03-23T12:00:27","date_gmt":"2026-03-23T11:00:27","guid":{"rendered":"https:\/\/ds4mmed.uv.es\/?page_id=14629"},"modified":"2026-03-23T12:37:40","modified_gmt":"2026-03-23T11:37:40","slug":"francisco-alonso-emobility-expo-malaga-certificacio-dinamica","status":"publish","type":"page","link":"https:\/\/ds4mmed.uv.es\/index.php\/ca\/francisco-alonso-emobility-expo-malaga-certificacio-dinamica\/","title":{"rendered":"Noticia 37 &#8211; DS4M Mediterr\u00e1neo analitza la certificaci\u00f3 din\u00e0mica en l&#8217;eMobility Expo World Congress de M\u00e0laga"},"content":{"rendered":"\t\t<div data-elementor-type=\"wp-page\" data-elementor-id=\"14629\" class=\"elementor elementor-14629\">\n\t\t\t\t<div class=\"elementor-element elementor-element-6c62525 e-flex e-con-boxed e-con e-child\" data-id=\"6c62525\" data-element_type=\"container\" data-e-type=\"container\" data-settings=\"{&quot;background_background&quot;:&quot;classic&quot;}\">\n\t\t\t\t\t<div class=\"e-con-inner\">\n\t\t<div class=\"elementor-element elementor-element-6debc5d e-con-full e-flex e-con e-child\" data-id=\"6debc5d\" data-element_type=\"container\" data-e-type=\"container\">\n\t\t<div class=\"elementor-element elementor-element-3b5bf26 e-con-full e-flex elementor-invisible e-con e-child\" data-id=\"3b5bf26\" data-element_type=\"container\" data-e-type=\"container\" data-settings=\"{&quot;animation&quot;:&quot;fadeInLeft&quot;}\">\n\t\t\t\t<div class=\"elementor-element elementor-element-da9e6f3 elementor-widget elementor-widget-heading\" data-id=\"da9e6f3\" data-element_type=\"widget\" data-e-type=\"widget\" data-widget_type=\"heading.default\">\n\t\t\t\t\t<h1 class=\"elementor-heading-title elementor-size-default\">DS4M Mediterr\u00e1neo analitza la certificaci\u00f3 din\u00e0mica com a eix de confian\u00e7a en l'eMobility Expo World Congress de M\u00e0laga<\/h1>\t\t\t\t<\/div>\n\t\t\t\t<div class=\"elementor-element elementor-element-e2a4a87 elementor-icon-list--layout-inline elementor-align-center elementor-list-item-link-full_width elementor-widget elementor-widget-icon-list\" data-id=\"e2a4a87\" data-element_type=\"widget\" data-e-type=\"widget\" data-widget_type=\"icon-list.default\">\n\t\t\t\t\t\t\t<ul class=\"elementor-icon-list-items elementor-inline-items\">\n\t\t\t\t\t\t\t<li class=\"elementor-icon-list-item elementor-inline-item\">\n\t\t\t\t\t\t\t\t\t\t<span class=\"elementor-icon-list-text\">Publicat el 15 de mar\u00e7 de 2026<\/span>\n\t\t\t\t\t\t\t\t\t<\/li>\n\t\t\t\t\t\t<\/ul>\n\t\t\t\t\t\t<\/div>\n\t\t\t\t<\/div>\n\t\t\t\t<div class=\"elementor-element elementor-element-89ea136 elementor-invisible elementor-widget elementor-widget-image\" data-id=\"89ea136\" data-element_type=\"widget\" data-e-type=\"widget\" data-settings=\"{&quot;_animation&quot;:&quot;fadeInRight&quot;}\" data-widget_type=\"image.default\">\n\t\t\t\t\t\t\t\t\t\t\t\t\t\t\t<img decoding=\"async\" src=\"https:\/\/ds4mmed.uv.es\/wp-content\/uploads\/2026\/03\/emobility2026.jpg\" title=\"\" alt=\"\" loading=\"lazy\" \/>\t\t\t\t\t\t\t\t\t\t\t\t\t\t\t<\/div>\n\t\t\t\t<\/div>\n\t\t<div class=\"elementor-element elementor-element-aac12f8 e-con-full e-flex elementor-invisible e-con e-child\" data-id=\"aac12f8\" data-element_type=\"container\" data-e-type=\"container\" data-settings=\"{&quot;animation&quot;:&quot;fadeInUp&quot;}\">\n\t\t\t\t<div class=\"elementor-element elementor-element-0c8df65 elementor-widget__width-initial elementor-widget-mobile__width-inherit elementor-widget-tablet__width-inherit elementor-widget elementor-widget-text-editor\" data-id=\"0c8df65\" data-element_type=\"widget\" data-e-type=\"widget\" data-widget_type=\"text-editor.default\">\n\t\t\t\t\t\t\t\t\t<div class=\"ewa-rteLine\"><blockquote data-path-to-node=\"17\"><p data-path-to-node=\"28\">El passat 10 de mar\u00e7, el <b data-path-to-node=\"28\" data-index-in-node=\"25\">Prof. Dr. Francisco Alonso<\/b>, en representaci\u00f3 de <b data-path-to-node=\"28\" data-index-in-node=\"73\">DS4M Mediterr\u00e1neo (Universitat de Val\u00e8ncia)<\/b>, va participar en la taula redona titulada <b data-path-to-node=\"28\" data-index-in-node=\"159\">\u201cCertificaci\u00f3 din\u00e0mica: l&#8217;ADN de confian\u00e7a en els espais de dades\u201d<\/b>, celebrada en el marc de l&#8217;<b data-path-to-node=\"28\" data-index-in-node=\"253\">eMobility Expo World Congress &#8211; MOW<\/b> a M\u00e0laga. Aquest congr\u00e9s s&#8217;ha consolidat com una de les principals trobades europees dedicades a la mobilitat sostenible, connectada i digital.<\/p><p data-path-to-node=\"29\"><b data-path-to-node=\"29\" data-index-in-node=\"0\">Certificaci\u00f3 din\u00e0mica: L&#8217;ADN de confian\u00e7a<\/b> La sessi\u00f3 va reunir destacats experts de l&#8217;\u00e0mbit acad\u00e8mic, tecnol\u00f2gic i d&#8217;innovaci\u00f3 per a debatre sobre el paper de la certificaci\u00f3 din\u00e0mica com un mecanisme clau per a generar confian\u00e7a dins dels espais de dades. Durant el debat, es va subratllar que la certificaci\u00f3 no ha de ser un proc\u00e9s est\u00e0tic, sin\u00f3 un element viu que garantisca la <b data-path-to-node=\"29\" data-index-in-node=\"380\">interoperabilitat<\/b>, la <b data-path-to-node=\"29\" data-index-in-node=\"402\">governan\u00e7a<\/b> i l&#8217;<b data-path-to-node=\"29\" data-index-in-node=\"417\">intercanvi segur<\/b> d&#8217;informaci\u00f3 entre organitzacions en temps real.<\/p><p data-path-to-node=\"30\">La taula va comptar amb un panell d&#8217;experts de primer nivell:<\/p><ul data-path-to-node=\"31\"><li><p data-path-to-node=\"31,0,0\"><b data-path-to-node=\"31,0,0\" data-index-in-node=\"0\">Moderador:<\/b> Antonio Garc\u00eda Celda (Director General Capital Verda Europea de l&#8217;Ajuntament de Val\u00e8ncia).<\/p><\/li><li><p data-path-to-node=\"31,1,0\"><b data-path-to-node=\"31,1,0\" data-index-in-node=\"0\">David Torres Garc\u00eda:<\/b> Technical Director en Kiwa Espa\u00f1a.<\/p><\/li><li><p data-path-to-node=\"31,2,0\"><b data-path-to-node=\"31,2,0\" data-index-in-node=\"0\">Armando Ortu\u00f1o-Padilla:<\/b> Director General del Vall d&#8217;Hidrogen de la Comunitat Valenciana.<\/p><\/li><\/ul><p data-path-to-node=\"32\"><b data-path-to-node=\"32\" data-index-in-node=\"0\">Un pilar per a la sobirania de la dada<\/b> Durant la trobada, el Prof. Dr. Alonso va destacar que perqu\u00e8 els espais de dades de mobilitat, com <b data-path-to-node=\"32\" data-index-in-node=\"139\">DS4M Mediterr\u00e1neo<\/b>, siguen plenament operatius i escalables, la confian\u00e7a t\u00e8cnica i legal \u00e9s un factor innegociable. La certificaci\u00f3 din\u00e0mica actua com l'\u00bbADN\u00bb que valida que tots els participants compleixen de forma cont\u00ednua amb les normes de sobirania i seguretat, permetent que el flux de dades es tradu\u00efsca en una mobilitat m\u00e9s eficient i responsable.<\/p><p data-path-to-node=\"33\">Des de DS4M Mediterrani, agra\u00efm a l&#8217;organitzaci\u00f3 de l&#8217;eMobility Expo World Congress l&#8217;oportunitat de contribuir a aquest di\u00e0leg estrat\u00e8gic sobre el futur digital de les nostres ciutats.<\/p><\/blockquote><\/div>\t\t\t\t\t\t\t\t<\/div>\n\t\t\t\t<\/div>\n\t\t\t\t\t<\/div>\n\t\t\t\t<\/div>\n\t\t\t\t<\/div>\n\t\t","protected":false},"excerpt":{"rendered":"<p>DS4M Mediterr\u00e1neo analitza la certificaci\u00f3 din\u00e0mica com a eix de confian\u00e7a en l&#8217;eMobility Expo World Congress de M\u00e0laga Publicat el 15 de mar\u00e7 de 2026 El passat 10 de mar\u00e7, el Prof. Dr. Francisco Alonso, en representaci\u00f3 de DS4M Mediterr\u00e1neo (Universitat de Val\u00e8ncia), va participar en la taula redona titulada \u201cCertificaci\u00f3 din\u00e0mica: l&#8217;ADN de confian\u00e7a [&hellip;]<\/p>\n","protected":false},"author":1,"featured_media":0,"parent":0,"menu_order":0,"comment_status":"closed","ping_status":"closed","template":"","meta":{"footnotes":""},"class_list":["post-14629","page","type-page","status-publish","hentry"],"yoast_head":"<!-- This site is optimized with the Yoast SEO plugin v27.4 - https:\/\/yoast.com\/product\/yoast-seo-wordpress\/ -->\n<title>eMobility Expo M\u00e0laga: Prof. Dr. Francisco Alonso i DS4M<\/title>\n<meta name=\"description\" content=\"El Prof. Dr. Francisco Alonso (DS4M) debat sobre certificaci\u00f3 din\u00e0mica i confian\u00e7a en els espais de dades en l&#039;eMobility Expo World Congress de M\u00e0laga.\" \/>\n<meta name=\"robots\" content=\"index, follow, max-snippet:-1, max-image-preview:large, max-video-preview:-1\" \/>\n<link rel=\"canonical\" href=\"https:\/\/ds4mmed.uv.es\/index.php\/ca\/francisco-alonso-emobility-expo-malaga-certificacio-dinamica\/\" \/>\n<meta property=\"og:locale\" content=\"es_ES\" \/>\n<meta property=\"og:type\" content=\"article\" \/>\n<meta property=\"og:title\" content=\"eMobility Expo M\u00e0laga: Prof. Dr. Francisco Alonso i DS4M\" \/>\n<meta property=\"og:description\" content=\"El Prof. Dr. Francisco Alonso (DS4M) debat sobre certificaci\u00f3 din\u00e0mica i confian\u00e7a en els espais de dades en l&#039;eMobility Expo World Congress de M\u00e0laga.\" \/>\n<meta property=\"og:url\" content=\"https:\/\/ds4mmed.uv.es\/index.php\/ca\/francisco-alonso-emobility-expo-malaga-certificacio-dinamica\/\" \/>\n<meta property=\"og:site_name\" content=\"DS4M Mediterr\u00e1neo\" \/>\n<meta property=\"article:modified_time\" content=\"2026-03-23T11:37:40+00:00\" \/>\n<meta property=\"og:image\" content=\"https:\/\/ds4mmed.uv.es\/wp-content\/uploads\/2026\/03\/emobility2026.jpg\" \/>\n<meta name=\"twitter:card\" content=\"summary_large_image\" \/>\n<meta name=\"twitter:label1\" content=\"Tiempo de lectura\" \/>\n\t<meta name=\"twitter:data1\" content=\"1 minuto\" \/>\n<script type=\"application\/ld+json\" class=\"yoast-schema-graph\">{\"@context\":\"https:\\\/\\\/schema.org\",\"@graph\":[{\"@type\":\"WebPage\",\"@id\":\"https:\\\/\\\/ds4mmed.uv.es\\\/index.php\\\/ca\\\/francisco-alonso-emobility-expo-malaga-certificacio-dinamica\\\/\",\"url\":\"https:\\\/\\\/ds4mmed.uv.es\\\/index.php\\\/ca\\\/francisco-alonso-emobility-expo-malaga-certificacio-dinamica\\\/\",\"name\":\"eMobility Expo M\u00e0laga: Prof. Dr. Francisco Alonso i DS4M\",\"isPartOf\":{\"@id\":\"https:\\\/\\\/ds4mmed.uv.es\\\/#website\"},\"primaryImageOfPage\":{\"@id\":\"https:\\\/\\\/ds4mmed.uv.es\\\/index.php\\\/ca\\\/francisco-alonso-emobility-expo-malaga-certificacio-dinamica\\\/#primaryimage\"},\"image\":{\"@id\":\"https:\\\/\\\/ds4mmed.uv.es\\\/index.php\\\/ca\\\/francisco-alonso-emobility-expo-malaga-certificacio-dinamica\\\/#primaryimage\"},\"thumbnailUrl\":\"https:\\\/\\\/ds4mmed.uv.es\\\/wp-content\\\/uploads\\\/2026\\\/03\\\/emobility2026.jpg\",\"datePublished\":\"2026-03-23T11:00:27+00:00\",\"dateModified\":\"2026-03-23T11:37:40+00:00\",\"description\":\"El Prof. Dr. Francisco Alonso (DS4M) debat sobre certificaci\u00f3 din\u00e0mica i confian\u00e7a en els espais de dades en l'eMobility Expo World Congress de M\u00e0laga.\",\"breadcrumb\":{\"@id\":\"https:\\\/\\\/ds4mmed.uv.es\\\/index.php\\\/ca\\\/francisco-alonso-emobility-expo-malaga-certificacio-dinamica\\\/#breadcrumb\"},\"inLanguage\":\"es\",\"potentialAction\":[{\"@type\":\"ReadAction\",\"target\":[\"https:\\\/\\\/ds4mmed.uv.es\\\/index.php\\\/ca\\\/francisco-alonso-emobility-expo-malaga-certificacio-dinamica\\\/\"]}]},{\"@type\":\"ImageObject\",\"inLanguage\":\"es\",\"@id\":\"https:\\\/\\\/ds4mmed.uv.es\\\/index.php\\\/ca\\\/francisco-alonso-emobility-expo-malaga-certificacio-dinamica\\\/#primaryimage\",\"url\":\"https:\\\/\\\/ds4mmed.uv.es\\\/wp-content\\\/uploads\\\/2026\\\/03\\\/emobility2026.jpg\",\"contentUrl\":\"https:\\\/\\\/ds4mmed.uv.es\\\/wp-content\\\/uploads\\\/2026\\\/03\\\/emobility2026.jpg\",\"width\":1200,\"height\":1600},{\"@type\":\"BreadcrumbList\",\"@id\":\"https:\\\/\\\/ds4mmed.uv.es\\\/index.php\\\/ca\\\/francisco-alonso-emobility-expo-malaga-certificacio-dinamica\\\/#breadcrumb\",\"itemListElement\":[{\"@type\":\"ListItem\",\"position\":1,\"name\":\"Portada\",\"item\":\"https:\\\/\\\/ds4mmed.uv.es\\\/index.php\\\/es\\\/\"},{\"@type\":\"ListItem\",\"position\":2,\"name\":\"Noticia 37 &#8211; DS4M Mediterr\u00e1neo analitza la certificaci\u00f3 din\u00e0mica en l&#8217;eMobility Expo World Congress de M\u00e0laga\"}]},{\"@type\":\"WebSite\",\"@id\":\"https:\\\/\\\/ds4mmed.uv.es\\\/#website\",\"url\":\"https:\\\/\\\/ds4mmed.uv.es\\\/\",\"name\":\"DS4M Mediterr\u00e1neo\",\"description\":\"\",\"publisher\":{\"@id\":\"https:\\\/\\\/ds4mmed.uv.es\\\/#organization\"},\"potentialAction\":[{\"@type\":\"SearchAction\",\"target\":{\"@type\":\"EntryPoint\",\"urlTemplate\":\"https:\\\/\\\/ds4mmed.uv.es\\\/?s={search_term_string}\"},\"query-input\":{\"@type\":\"PropertyValueSpecification\",\"valueRequired\":true,\"valueName\":\"search_term_string\"}}],\"inLanguage\":\"es\"},{\"@type\":\"Organization\",\"@id\":\"https:\\\/\\\/ds4mmed.uv.es\\\/#organization\",\"name\":\"DS4M Mediterr\u00e1neo\",\"url\":\"https:\\\/\\\/ds4mmed.uv.es\\\/\",\"logo\":{\"@type\":\"ImageObject\",\"inLanguage\":\"es\",\"@id\":\"https:\\\/\\\/ds4mmed.uv.es\\\/#\\\/schema\\\/logo\\\/image\\\/\",\"url\":\"https:\\\/\\\/ds4mmed.uv.es\\\/wp-content\\\/uploads\\\/2025\\\/07\\\/Logo-cambio-resolucion-scaled.png\",\"contentUrl\":\"https:\\\/\\\/ds4mmed.uv.es\\\/wp-content\\\/uploads\\\/2025\\\/07\\\/Logo-cambio-resolucion-scaled.png\",\"width\":2560,\"height\":980,\"caption\":\"DS4M Mediterr\u00e1neo\"},\"image\":{\"@id\":\"https:\\\/\\\/ds4mmed.uv.es\\\/#\\\/schema\\\/logo\\\/image\\\/\"}}]}<\/script>\n<!-- \/ Yoast SEO plugin. -->","yoast_head_json":{"title":"eMobility Expo M\u00e0laga: Prof. Dr. Francisco Alonso i DS4M","description":"El Prof. Dr. Francisco Alonso (DS4M) debat sobre certificaci\u00f3 din\u00e0mica i confian\u00e7a en els espais de dades en l'eMobility Expo World Congress de M\u00e0laga.","robots":{"index":"index","follow":"follow","max-snippet":"max-snippet:-1","max-image-preview":"max-image-preview:large","max-video-preview":"max-video-preview:-1"},"canonical":"https:\/\/ds4mmed.uv.es\/index.php\/ca\/francisco-alonso-emobility-expo-malaga-certificacio-dinamica\/","og_locale":"es_ES","og_type":"article","og_title":"eMobility Expo M\u00e0laga: Prof. Dr. Francisco Alonso i DS4M","og_description":"El Prof. Dr. Francisco Alonso (DS4M) debat sobre certificaci\u00f3 din\u00e0mica i confian\u00e7a en els espais de dades en l'eMobility Expo World Congress de M\u00e0laga.","og_url":"https:\/\/ds4mmed.uv.es\/index.php\/ca\/francisco-alonso-emobility-expo-malaga-certificacio-dinamica\/","og_site_name":"DS4M Mediterr\u00e1neo","article_modified_time":"2026-03-23T11:37:40+00:00","og_image":[{"url":"https:\/\/ds4mmed.uv.es\/wp-content\/uploads\/2026\/03\/emobility2026.jpg","type":"","width":"","height":""}],"twitter_card":"summary_large_image","twitter_misc":{"Tiempo de lectura":"1 minuto"},"schema":{"@context":"https:\/\/schema.org","@graph":[{"@type":"WebPage","@id":"https:\/\/ds4mmed.uv.es\/index.php\/ca\/francisco-alonso-emobility-expo-malaga-certificacio-dinamica\/","url":"https:\/\/ds4mmed.uv.es\/index.php\/ca\/francisco-alonso-emobility-expo-malaga-certificacio-dinamica\/","name":"eMobility Expo M\u00e0laga: Prof. Dr. Francisco Alonso i DS4M","isPartOf":{"@id":"https:\/\/ds4mmed.uv.es\/#website"},"primaryImageOfPage":{"@id":"https:\/\/ds4mmed.uv.es\/index.php\/ca\/francisco-alonso-emobility-expo-malaga-certificacio-dinamica\/#primaryimage"},"image":{"@id":"https:\/\/ds4mmed.uv.es\/index.php\/ca\/francisco-alonso-emobility-expo-malaga-certificacio-dinamica\/#primaryimage"},"thumbnailUrl":"https:\/\/ds4mmed.uv.es\/wp-content\/uploads\/2026\/03\/emobility2026.jpg","datePublished":"2026-03-23T11:00:27+00:00","dateModified":"2026-03-23T11:37:40+00:00","description":"El Prof. Dr. Francisco Alonso (DS4M) debat sobre certificaci\u00f3 din\u00e0mica i confian\u00e7a en els espais de dades en l'eMobility Expo World Congress de M\u00e0laga.","breadcrumb":{"@id":"https:\/\/ds4mmed.uv.es\/index.php\/ca\/francisco-alonso-emobility-expo-malaga-certificacio-dinamica\/#breadcrumb"},"inLanguage":"es","potentialAction":[{"@type":"ReadAction","target":["https:\/\/ds4mmed.uv.es\/index.php\/ca\/francisco-alonso-emobility-expo-malaga-certificacio-dinamica\/"]}]},{"@type":"ImageObject","inLanguage":"es","@id":"https:\/\/ds4mmed.uv.es\/index.php\/ca\/francisco-alonso-emobility-expo-malaga-certificacio-dinamica\/#primaryimage","url":"https:\/\/ds4mmed.uv.es\/wp-content\/uploads\/2026\/03\/emobility2026.jpg","contentUrl":"https:\/\/ds4mmed.uv.es\/wp-content\/uploads\/2026\/03\/emobility2026.jpg","width":1200,"height":1600},{"@type":"BreadcrumbList","@id":"https:\/\/ds4mmed.uv.es\/index.php\/ca\/francisco-alonso-emobility-expo-malaga-certificacio-dinamica\/#breadcrumb","itemListElement":[{"@type":"ListItem","position":1,"name":"Portada","item":"https:\/\/ds4mmed.uv.es\/index.php\/es\/"},{"@type":"ListItem","position":2,"name":"Noticia 37 &#8211; DS4M Mediterr\u00e1neo analitza la certificaci\u00f3 din\u00e0mica en l&#8217;eMobility Expo World Congress de M\u00e0laga"}]},{"@type":"WebSite","@id":"https:\/\/ds4mmed.uv.es\/#website","url":"https:\/\/ds4mmed.uv.es\/","name":"DS4M Mediterr\u00e1neo","description":"","publisher":{"@id":"https:\/\/ds4mmed.uv.es\/#organization"},"potentialAction":[{"@type":"SearchAction","target":{"@type":"EntryPoint","urlTemplate":"https:\/\/ds4mmed.uv.es\/?s={search_term_string}"},"query-input":{"@type":"PropertyValueSpecification","valueRequired":true,"valueName":"search_term_string"}}],"inLanguage":"es"},{"@type":"Organization","@id":"https:\/\/ds4mmed.uv.es\/#organization","name":"DS4M Mediterr\u00e1neo","url":"https:\/\/ds4mmed.uv.es\/","logo":{"@type":"ImageObject","inLanguage":"es","@id":"https:\/\/ds4mmed.uv.es\/#\/schema\/logo\/image\/","url":"https:\/\/ds4mmed.uv.es\/wp-content\/uploads\/2025\/07\/Logo-cambio-resolucion-scaled.png","contentUrl":"https:\/\/ds4mmed.uv.es\/wp-content\/uploads\/2025\/07\/Logo-cambio-resolucion-scaled.png","width":2560,"height":980,"caption":"DS4M Mediterr\u00e1neo"},"image":{"@id":"https:\/\/ds4mmed.uv.es\/#\/schema\/logo\/image\/"}}]}},"_links":{"self":[{"href":"https:\/\/ds4mmed.uv.es\/index.php\/wp-json\/wp\/v2\/pages\/14629","targetHints":{"allow":["GET"]}}],"collection":[{"href":"https:\/\/ds4mmed.uv.es\/index.php\/wp-json\/wp\/v2\/pages"}],"about":[{"href":"https:\/\/ds4mmed.uv.es\/index.php\/wp-json\/wp\/v2\/types\/page"}],"author":[{"embeddable":true,"href":"https:\/\/ds4mmed.uv.es\/index.php\/wp-json\/wp\/v2\/users\/1"}],"replies":[{"embeddable":true,"href":"https:\/\/ds4mmed.uv.es\/index.php\/wp-json\/wp\/v2\/comments?post=14629"}],"version-history":[{"count":14,"href":"https:\/\/ds4mmed.uv.es\/index.php\/wp-json\/wp\/v2\/pages\/14629\/revisions"}],"predecessor-version":[{"id":14711,"href":"https:\/\/ds4mmed.uv.es\/index.php\/wp-json\/wp\/v2\/pages\/14629\/revisions\/14711"}],"wp:attachment":[{"href":"https:\/\/ds4mmed.uv.es\/index.php\/wp-json\/wp\/v2\/media?parent=14629"}],"curies":[{"name":"wp","href":"https:\/\/api.w.org\/{rel}","templated":true}]}}