{"id":13271,"date":"2026-03-02T11:48:31","date_gmt":"2026-03-02T10:48:31","guid":{"rendered":"https:\/\/ds4mmed.uv.es\/?page_id=13271"},"modified":"2026-03-09T09:51:49","modified_gmt":"2026-03-09T08:51:49","slug":"ds4m-mediterrani-supera-100-entitats-collaboradores","status":"publish","type":"page","link":"https:\/\/ds4mmed.uv.es\/index.php\/ca\/ds4m-mediterrani-supera-100-entitats-collaboradores\/","title":{"rendered":"Noticia 35 &#8211; DS4M Mediterrani aconsegueix una fita hist\u00f2rica: m\u00e9s de 100 entitats impulsen el futur de la mobilitat"},"content":{"rendered":"\t\t<div data-elementor-type=\"wp-page\" data-elementor-id=\"13271\" class=\"elementor elementor-13271\">\n\t\t\t\t<div class=\"elementor-element elementor-element-6c62525 e-flex e-con-boxed e-con e-child\" data-id=\"6c62525\" data-element_type=\"container\" data-e-type=\"container\" data-settings=\"{&quot;background_background&quot;:&quot;classic&quot;}\">\n\t\t\t\t\t<div class=\"e-con-inner\">\n\t\t<div class=\"elementor-element elementor-element-6debc5d e-con-full e-flex e-con e-child\" data-id=\"6debc5d\" data-element_type=\"container\" data-e-type=\"container\">\n\t\t<div class=\"elementor-element elementor-element-3b5bf26 e-con-full e-flex elementor-invisible e-con e-child\" data-id=\"3b5bf26\" data-element_type=\"container\" data-e-type=\"container\" data-settings=\"{&quot;animation&quot;:&quot;fadeInLeft&quot;}\">\n\t\t\t\t<div class=\"elementor-element elementor-element-da9e6f3 elementor-widget elementor-widget-heading\" data-id=\"da9e6f3\" data-element_type=\"widget\" data-e-type=\"widget\" data-widget_type=\"heading.default\">\n\t\t\t\t\t<h1 class=\"elementor-heading-title elementor-size-default\">DS4M Mediterrani aconsegueix una fita hist\u00f2rica: m\u00e9s de 100 entitats impulsen el futur de la mobilitat<\/h1>\t\t\t\t<\/div>\n\t\t\t\t<div class=\"elementor-element elementor-element-e2a4a87 elementor-icon-list--layout-inline elementor-align-center elementor-list-item-link-full_width elementor-widget elementor-widget-icon-list\" data-id=\"e2a4a87\" data-element_type=\"widget\" data-e-type=\"widget\" data-widget_type=\"icon-list.default\">\n\t\t\t\t\t\t\t<ul class=\"elementor-icon-list-items elementor-inline-items\">\n\t\t\t\t\t\t\t<li class=\"elementor-icon-list-item elementor-inline-item\">\n\t\t\t\t\t\t\t\t\t\t<span class=\"elementor-icon-list-text\">Publicat el 25 de febrer de 2026<\/span>\n\t\t\t\t\t\t\t\t\t<\/li>\n\t\t\t\t\t\t<\/ul>\n\t\t\t\t\t\t<\/div>\n\t\t\t\t<\/div>\n\t\t\t\t<div class=\"elementor-element elementor-element-89ea136 elementor-invisible elementor-widget elementor-widget-image\" data-id=\"89ea136\" data-element_type=\"widget\" data-e-type=\"widget\" data-settings=\"{&quot;_animation&quot;:&quot;fadeInRight&quot;}\" data-widget_type=\"image.default\">\n\t\t\t\t\t\t\t\t\t\t\t\t\t\t\t<img decoding=\"async\" src=\"https:\/\/ds4mmed.uv.es\/wp-content\/uploads\/2026\/03\/Hito100Entidades.jpg\" title=\"\" alt=\"\" loading=\"lazy\" \/>\t\t\t\t\t\t\t\t\t\t\t\t\t\t\t<\/div>\n\t\t\t\t<\/div>\n\t\t<div class=\"elementor-element elementor-element-aac12f8 e-con-full e-flex elementor-invisible e-con e-child\" data-id=\"aac12f8\" data-element_type=\"container\" data-e-type=\"container\" data-settings=\"{&quot;animation&quot;:&quot;fadeInUp&quot;}\">\n\t\t\t\t<div class=\"elementor-element elementor-element-0c8df65 elementor-widget__width-initial elementor-widget-mobile__width-inherit elementor-widget-tablet__width-inherit elementor-widget elementor-widget-text-editor\" data-id=\"0c8df65\" data-element_type=\"widget\" data-e-type=\"widget\" data-widget_type=\"text-editor.default\">\n\t\t\t\t\t\t\t\t\t<div class=\"ewa-rteLine\">\n<blockquote data-path-to-node=\"17\">\n<h3 data-path-to-node=\"18\">El Data Space for Mobility (DS4M) es consolida com l&#8217;ecosistema de refer\u00e8ncia al Corredor Mediterrani, unint actors p\u00fablics i privats sota un model de governan\u00e7a de la dada compartida.<\/h3>\n<p data-path-to-node=\"19\">El projecte <b data-path-to-node=\"19\" data-index-in-node=\"42\">DS4M Mediterrani (Data Space for Mobility)<\/b> celebra un avan\u00e7 significatiu en la seua traject\u00f2ria en superar la xifra de <b data-path-to-node=\"19\" data-index-in-node=\"161\">100 entitats col\u00b7laboradores<\/b>. Aquest creixement exponencial reafirma la validesa d&#8217;un model basat en la cooperaci\u00f3 estrat\u00e8gica per a transformar la mobilitat regional.<\/p>\n<h3 data-path-to-node=\"20\">Un ecosistema divers i estrat\u00e8gic<\/h3>\n<p data-path-to-node=\"21\">La xarxa de DS4M Mediterrani no sols destaca per la seua quantitat, sin\u00f3 per la seua <b data-path-to-node=\"21\" data-index-in-node=\"85\">transversalitat<\/b>. El projecte ha aconseguit integrar:<\/p>\n<ul data-path-to-node=\"22\">\n<li>\n<p data-path-to-node=\"22,0,0\"><b data-path-to-node=\"22,0,0\" data-index-in-node=\"0\">Administracions P\u00fabliques:<\/b> Compromeses amb l&#8217;efici\u00e8ncia de les infraestructures.<\/p>\n<\/li>\n<li>\n<p data-path-to-node=\"22,1,0\"><b data-path-to-node=\"22,1,0\" data-index-in-node=\"0\">Empreses Privades:<\/b> Des d&#8217;operadors log\u00edstics fins a desenvolupadors tecnol\u00f2gics.<\/p>\n<\/li>\n<li>\n<p data-path-to-node=\"22,2,0\"><b data-path-to-node=\"22,2,0\" data-index-in-node=\"0\">Centres d&#8217;Investigaci\u00f3:<\/b> Aportant la base cient\u00edfica per a la presa de decisions.<\/p>\n<\/li>\n<\/ul>\n<p data-path-to-node=\"23\">Totes aquestes entitats treballen conjuntament per a impulsar una mobilitat que siga, sobretot, <b data-path-to-node=\"23\" data-index-in-node=\"96\">connectada, eficient, segura, inclusiva i responsable<\/b>.<\/p>\n<h3 data-path-to-node=\"24\">La governan\u00e7a de la dada com a eix central<\/h3>\n<p data-path-to-node=\"25\">Arribar a aquest centenar de col\u00b7laboradors demostra que el sector de la mobilitat confia en la <b data-path-to-node=\"25\" data-index-in-node=\"96\">governan\u00e7a de la dada<\/b> com el cam\u00ed necessari per a la innovaci\u00f3. DS4M Mediterrani ofereix el marc t\u00e8cnic i legal on compartir informaci\u00f3 de forma segura es tradueix en solucions reals basades en evid\u00e8ncies.<\/p>\n<\/blockquote>\n<\/div>\t\t\t\t\t\t\t\t<\/div>\n\t\t\t\t<\/div>\n\t\t\t\t\t<\/div>\n\t\t\t\t<\/div>\n\t\t\t\t<\/div>\n\t\t","protected":false},"excerpt":{"rendered":"<p>DS4M Mediterrani aconsegueix una fita hist\u00f2rica: m\u00e9s de 100 entitats impulsen el futur de la mobilitat Publicat el 25 de febrer de 2026 El Data Space for Mobility (DS4M) es consolida com l&#8217;ecosistema de refer\u00e8ncia al Corredor Mediterrani, unint actors p\u00fablics i privats sota un model de governan\u00e7a de la dada compartida. El projecte DS4M [&hellip;]<\/p>\n","protected":false},"author":1,"featured_media":0,"parent":0,"menu_order":0,"comment_status":"closed","ping_status":"closed","template":"","meta":{"footnotes":""},"class_list":["post-13271","page","type-page","status-publish","hentry"],"yoast_head":"<!-- This site is optimized with the Yoast SEO plugin v27.4 - https:\/\/yoast.com\/product\/yoast-seo-wordpress\/ -->\n<title>DS4M Mediterrani aconsegueix una fita hist\u00f2rica: m\u00e9s de 100 entitats impulsen el futur de la mobilitat<\/title>\n<meta name=\"description\" content=\"El Data Space for Mobility (DS4M) es consolida com l&#039;ecosistema de refer\u00e8ncia al Corredor Mediterrani, unint actors p\u00fablics i privats sota un model de governan\u00e7a de la dada compartida.Val\u00e8ncia, 2 de mar\u00e7 de 2026 \u2013 El projecte DS4M Mediterrani (Data Space for Mobility) celebra un avan\u00e7 significatiu en la seua traject\u00f2ria en superar la xifra de 100 entitats col\u00b7laboradores. Aquest creixement exponencial reafirma la validesa d&#039;un model basat en la cooperaci\u00f3 estrat\u00e8gica per a transformar la mobilitat regional.\" \/>\n<meta name=\"robots\" content=\"index, follow, max-snippet:-1, max-image-preview:large, max-video-preview:-1\" \/>\n<link rel=\"canonical\" href=\"https:\/\/ds4mmed.uv.es\/index.php\/ca\/ds4m-mediterrani-supera-100-entitats-collaboradores\/\" \/>\n<meta property=\"og:locale\" content=\"es_ES\" \/>\n<meta property=\"og:type\" content=\"article\" \/>\n<meta property=\"og:title\" content=\"DS4M Mediterrani aconsegueix una fita hist\u00f2rica: m\u00e9s de 100 entitats impulsen el futur de la mobilitat\" \/>\n<meta property=\"og:description\" content=\"El Data Space for Mobility (DS4M) es consolida com l&#039;ecosistema de refer\u00e8ncia al Corredor Mediterrani, unint actors p\u00fablics i privats sota un model de governan\u00e7a de la dada compartida.Val\u00e8ncia, 2 de mar\u00e7 de 2026 \u2013 El projecte DS4M Mediterrani (Data Space for Mobility) celebra un avan\u00e7 significatiu en la seua traject\u00f2ria en superar la xifra de 100 entitats col\u00b7laboradores. Aquest creixement exponencial reafirma la validesa d&#039;un model basat en la cooperaci\u00f3 estrat\u00e8gica per a transformar la mobilitat regional.\" \/>\n<meta property=\"og:url\" content=\"https:\/\/ds4mmed.uv.es\/index.php\/ca\/ds4m-mediterrani-supera-100-entitats-collaboradores\/\" \/>\n<meta property=\"og:site_name\" content=\"DS4M Mediterr\u00e1neo\" \/>\n<meta property=\"article:modified_time\" content=\"2026-03-09T08:51:49+00:00\" \/>\n<meta property=\"og:image\" content=\"https:\/\/ds4mmed.uv.es\/wp-content\/uploads\/2026\/03\/Hito100Entidades.jpg\" \/>\n<meta name=\"twitter:card\" content=\"summary_large_image\" \/>\n<meta name=\"twitter:label1\" content=\"Tiempo de lectura\" \/>\n\t<meta name=\"twitter:data1\" content=\"1 minuto\" \/>\n<script type=\"application\/ld+json\" class=\"yoast-schema-graph\">{\"@context\":\"https:\\\/\\\/schema.org\",\"@graph\":[{\"@type\":\"WebPage\",\"@id\":\"https:\\\/\\\/ds4mmed.uv.es\\\/index.php\\\/ca\\\/ds4m-mediterrani-supera-100-entitats-collaboradores\\\/\",\"url\":\"https:\\\/\\\/ds4mmed.uv.es\\\/index.php\\\/ca\\\/ds4m-mediterrani-supera-100-entitats-collaboradores\\\/\",\"name\":\"DS4M Mediterrani aconsegueix una fita hist\u00f2rica: m\u00e9s de 100 entitats impulsen el futur de la mobilitat\",\"isPartOf\":{\"@id\":\"https:\\\/\\\/ds4mmed.uv.es\\\/#website\"},\"primaryImageOfPage\":{\"@id\":\"https:\\\/\\\/ds4mmed.uv.es\\\/index.php\\\/ca\\\/ds4m-mediterrani-supera-100-entitats-collaboradores\\\/#primaryimage\"},\"image\":{\"@id\":\"https:\\\/\\\/ds4mmed.uv.es\\\/index.php\\\/ca\\\/ds4m-mediterrani-supera-100-entitats-collaboradores\\\/#primaryimage\"},\"thumbnailUrl\":\"https:\\\/\\\/ds4mmed.uv.es\\\/wp-content\\\/uploads\\\/2026\\\/03\\\/Hito100Entidades.jpg\",\"datePublished\":\"2026-03-02T10:48:31+00:00\",\"dateModified\":\"2026-03-09T08:51:49+00:00\",\"description\":\"El Data Space for Mobility (DS4M) es consolida com l'ecosistema de refer\u00e8ncia al Corredor Mediterrani, unint actors p\u00fablics i privats sota un model de governan\u00e7a de la dada compartida.Val\u00e8ncia, 2 de mar\u00e7 de 2026 \u2013 El projecte DS4M Mediterrani (Data Space for Mobility) celebra un avan\u00e7 significatiu en la seua traject\u00f2ria en superar la xifra de 100 entitats col\u00b7laboradores. Aquest creixement exponencial reafirma la validesa d'un model basat en la cooperaci\u00f3 estrat\u00e8gica per a transformar la mobilitat regional.\",\"breadcrumb\":{\"@id\":\"https:\\\/\\\/ds4mmed.uv.es\\\/index.php\\\/ca\\\/ds4m-mediterrani-supera-100-entitats-collaboradores\\\/#breadcrumb\"},\"inLanguage\":\"es\",\"potentialAction\":[{\"@type\":\"ReadAction\",\"target\":[\"https:\\\/\\\/ds4mmed.uv.es\\\/index.php\\\/ca\\\/ds4m-mediterrani-supera-100-entitats-collaboradores\\\/\"]}]},{\"@type\":\"ImageObject\",\"inLanguage\":\"es\",\"@id\":\"https:\\\/\\\/ds4mmed.uv.es\\\/index.php\\\/ca\\\/ds4m-mediterrani-supera-100-entitats-collaboradores\\\/#primaryimage\",\"url\":\"https:\\\/\\\/ds4mmed.uv.es\\\/wp-content\\\/uploads\\\/2026\\\/03\\\/Hito100Entidades.jpg\",\"contentUrl\":\"https:\\\/\\\/ds4mmed.uv.es\\\/wp-content\\\/uploads\\\/2026\\\/03\\\/Hito100Entidades.jpg\",\"width\":800,\"height\":1000},{\"@type\":\"BreadcrumbList\",\"@id\":\"https:\\\/\\\/ds4mmed.uv.es\\\/index.php\\\/ca\\\/ds4m-mediterrani-supera-100-entitats-collaboradores\\\/#breadcrumb\",\"itemListElement\":[{\"@type\":\"ListItem\",\"position\":1,\"name\":\"Portada\",\"item\":\"https:\\\/\\\/ds4mmed.uv.es\\\/index.php\\\/es\\\/\"},{\"@type\":\"ListItem\",\"position\":2,\"name\":\"Noticia 35 &#8211; DS4M Mediterrani aconsegueix una fita hist\u00f2rica: m\u00e9s de 100 entitats impulsen el futur de la mobilitat\"}]},{\"@type\":\"WebSite\",\"@id\":\"https:\\\/\\\/ds4mmed.uv.es\\\/#website\",\"url\":\"https:\\\/\\\/ds4mmed.uv.es\\\/\",\"name\":\"DS4M Mediterr\u00e1neo\",\"description\":\"\",\"publisher\":{\"@id\":\"https:\\\/\\\/ds4mmed.uv.es\\\/#organization\"},\"potentialAction\":[{\"@type\":\"SearchAction\",\"target\":{\"@type\":\"EntryPoint\",\"urlTemplate\":\"https:\\\/\\\/ds4mmed.uv.es\\\/?s={search_term_string}\"},\"query-input\":{\"@type\":\"PropertyValueSpecification\",\"valueRequired\":true,\"valueName\":\"search_term_string\"}}],\"inLanguage\":\"es\"},{\"@type\":\"Organization\",\"@id\":\"https:\\\/\\\/ds4mmed.uv.es\\\/#organization\",\"name\":\"DS4M Mediterr\u00e1neo\",\"url\":\"https:\\\/\\\/ds4mmed.uv.es\\\/\",\"logo\":{\"@type\":\"ImageObject\",\"inLanguage\":\"es\",\"@id\":\"https:\\\/\\\/ds4mmed.uv.es\\\/#\\\/schema\\\/logo\\\/image\\\/\",\"url\":\"https:\\\/\\\/ds4mmed.uv.es\\\/wp-content\\\/uploads\\\/2025\\\/07\\\/Logo-cambio-resolucion-scaled.png\",\"contentUrl\":\"https:\\\/\\\/ds4mmed.uv.es\\\/wp-content\\\/uploads\\\/2025\\\/07\\\/Logo-cambio-resolucion-scaled.png\",\"width\":2560,\"height\":980,\"caption\":\"DS4M Mediterr\u00e1neo\"},\"image\":{\"@id\":\"https:\\\/\\\/ds4mmed.uv.es\\\/#\\\/schema\\\/logo\\\/image\\\/\"}}]}<\/script>\n<!-- \/ Yoast SEO plugin. -->","yoast_head_json":{"title":"DS4M Mediterrani aconsegueix una fita hist\u00f2rica: m\u00e9s de 100 entitats impulsen el futur de la mobilitat","description":"El Data Space for Mobility (DS4M) es consolida com l'ecosistema de refer\u00e8ncia al Corredor Mediterrani, unint actors p\u00fablics i privats sota un model de governan\u00e7a de la dada compartida.Val\u00e8ncia, 2 de mar\u00e7 de 2026 \u2013 El projecte DS4M Mediterrani (Data Space for Mobility) celebra un avan\u00e7 significatiu en la seua traject\u00f2ria en superar la xifra de 100 entitats col\u00b7laboradores. Aquest creixement exponencial reafirma la validesa d'un model basat en la cooperaci\u00f3 estrat\u00e8gica per a transformar la mobilitat regional.","robots":{"index":"index","follow":"follow","max-snippet":"max-snippet:-1","max-image-preview":"max-image-preview:large","max-video-preview":"max-video-preview:-1"},"canonical":"https:\/\/ds4mmed.uv.es\/index.php\/ca\/ds4m-mediterrani-supera-100-entitats-collaboradores\/","og_locale":"es_ES","og_type":"article","og_title":"DS4M Mediterrani aconsegueix una fita hist\u00f2rica: m\u00e9s de 100 entitats impulsen el futur de la mobilitat","og_description":"El Data Space for Mobility (DS4M) es consolida com l'ecosistema de refer\u00e8ncia al Corredor Mediterrani, unint actors p\u00fablics i privats sota un model de governan\u00e7a de la dada compartida.Val\u00e8ncia, 2 de mar\u00e7 de 2026 \u2013 El projecte DS4M Mediterrani (Data Space for Mobility) celebra un avan\u00e7 significatiu en la seua traject\u00f2ria en superar la xifra de 100 entitats col\u00b7laboradores. Aquest creixement exponencial reafirma la validesa d'un model basat en la cooperaci\u00f3 estrat\u00e8gica per a transformar la mobilitat regional.","og_url":"https:\/\/ds4mmed.uv.es\/index.php\/ca\/ds4m-mediterrani-supera-100-entitats-collaboradores\/","og_site_name":"DS4M Mediterr\u00e1neo","article_modified_time":"2026-03-09T08:51:49+00:00","og_image":[{"url":"https:\/\/ds4mmed.uv.es\/wp-content\/uploads\/2026\/03\/Hito100Entidades.jpg","type":"","width":"","height":""}],"twitter_card":"summary_large_image","twitter_misc":{"Tiempo de lectura":"1 minuto"},"schema":{"@context":"https:\/\/schema.org","@graph":[{"@type":"WebPage","@id":"https:\/\/ds4mmed.uv.es\/index.php\/ca\/ds4m-mediterrani-supera-100-entitats-collaboradores\/","url":"https:\/\/ds4mmed.uv.es\/index.php\/ca\/ds4m-mediterrani-supera-100-entitats-collaboradores\/","name":"DS4M Mediterrani aconsegueix una fita hist\u00f2rica: m\u00e9s de 100 entitats impulsen el futur de la mobilitat","isPartOf":{"@id":"https:\/\/ds4mmed.uv.es\/#website"},"primaryImageOfPage":{"@id":"https:\/\/ds4mmed.uv.es\/index.php\/ca\/ds4m-mediterrani-supera-100-entitats-collaboradores\/#primaryimage"},"image":{"@id":"https:\/\/ds4mmed.uv.es\/index.php\/ca\/ds4m-mediterrani-supera-100-entitats-collaboradores\/#primaryimage"},"thumbnailUrl":"https:\/\/ds4mmed.uv.es\/wp-content\/uploads\/2026\/03\/Hito100Entidades.jpg","datePublished":"2026-03-02T10:48:31+00:00","dateModified":"2026-03-09T08:51:49+00:00","description":"El Data Space for Mobility (DS4M) es consolida com l'ecosistema de refer\u00e8ncia al Corredor Mediterrani, unint actors p\u00fablics i privats sota un model de governan\u00e7a de la dada compartida.Val\u00e8ncia, 2 de mar\u00e7 de 2026 \u2013 El projecte DS4M Mediterrani (Data Space for Mobility) celebra un avan\u00e7 significatiu en la seua traject\u00f2ria en superar la xifra de 100 entitats col\u00b7laboradores. Aquest creixement exponencial reafirma la validesa d'un model basat en la cooperaci\u00f3 estrat\u00e8gica per a transformar la mobilitat regional.","breadcrumb":{"@id":"https:\/\/ds4mmed.uv.es\/index.php\/ca\/ds4m-mediterrani-supera-100-entitats-collaboradores\/#breadcrumb"},"inLanguage":"es","potentialAction":[{"@type":"ReadAction","target":["https:\/\/ds4mmed.uv.es\/index.php\/ca\/ds4m-mediterrani-supera-100-entitats-collaboradores\/"]}]},{"@type":"ImageObject","inLanguage":"es","@id":"https:\/\/ds4mmed.uv.es\/index.php\/ca\/ds4m-mediterrani-supera-100-entitats-collaboradores\/#primaryimage","url":"https:\/\/ds4mmed.uv.es\/wp-content\/uploads\/2026\/03\/Hito100Entidades.jpg","contentUrl":"https:\/\/ds4mmed.uv.es\/wp-content\/uploads\/2026\/03\/Hito100Entidades.jpg","width":800,"height":1000},{"@type":"BreadcrumbList","@id":"https:\/\/ds4mmed.uv.es\/index.php\/ca\/ds4m-mediterrani-supera-100-entitats-collaboradores\/#breadcrumb","itemListElement":[{"@type":"ListItem","position":1,"name":"Portada","item":"https:\/\/ds4mmed.uv.es\/index.php\/es\/"},{"@type":"ListItem","position":2,"name":"Noticia 35 &#8211; DS4M Mediterrani aconsegueix una fita hist\u00f2rica: m\u00e9s de 100 entitats impulsen el futur de la mobilitat"}]},{"@type":"WebSite","@id":"https:\/\/ds4mmed.uv.es\/#website","url":"https:\/\/ds4mmed.uv.es\/","name":"DS4M Mediterr\u00e1neo","description":"","publisher":{"@id":"https:\/\/ds4mmed.uv.es\/#organization"},"potentialAction":[{"@type":"SearchAction","target":{"@type":"EntryPoint","urlTemplate":"https:\/\/ds4mmed.uv.es\/?s={search_term_string}"},"query-input":{"@type":"PropertyValueSpecification","valueRequired":true,"valueName":"search_term_string"}}],"inLanguage":"es"},{"@type":"Organization","@id":"https:\/\/ds4mmed.uv.es\/#organization","name":"DS4M Mediterr\u00e1neo","url":"https:\/\/ds4mmed.uv.es\/","logo":{"@type":"ImageObject","inLanguage":"es","@id":"https:\/\/ds4mmed.uv.es\/#\/schema\/logo\/image\/","url":"https:\/\/ds4mmed.uv.es\/wp-content\/uploads\/2025\/07\/Logo-cambio-resolucion-scaled.png","contentUrl":"https:\/\/ds4mmed.uv.es\/wp-content\/uploads\/2025\/07\/Logo-cambio-resolucion-scaled.png","width":2560,"height":980,"caption":"DS4M Mediterr\u00e1neo"},"image":{"@id":"https:\/\/ds4mmed.uv.es\/#\/schema\/logo\/image\/"}}]}},"_links":{"self":[{"href":"https:\/\/ds4mmed.uv.es\/index.php\/wp-json\/wp\/v2\/pages\/13271","targetHints":{"allow":["GET"]}}],"collection":[{"href":"https:\/\/ds4mmed.uv.es\/index.php\/wp-json\/wp\/v2\/pages"}],"about":[{"href":"https:\/\/ds4mmed.uv.es\/index.php\/wp-json\/wp\/v2\/types\/page"}],"author":[{"embeddable":true,"href":"https:\/\/ds4mmed.uv.es\/index.php\/wp-json\/wp\/v2\/users\/1"}],"replies":[{"embeddable":true,"href":"https:\/\/ds4mmed.uv.es\/index.php\/wp-json\/wp\/v2\/comments?post=13271"}],"version-history":[{"count":7,"href":"https:\/\/ds4mmed.uv.es\/index.php\/wp-json\/wp\/v2\/pages\/13271\/revisions"}],"predecessor-version":[{"id":13916,"href":"https:\/\/ds4mmed.uv.es\/index.php\/wp-json\/wp\/v2\/pages\/13271\/revisions\/13916"}],"wp:attachment":[{"href":"https:\/\/ds4mmed.uv.es\/index.php\/wp-json\/wp\/v2\/media?parent=13271"}],"curies":[{"name":"wp","href":"https:\/\/api.w.org\/{rel}","templated":true}]}}