{"id":13270,"date":"2026-03-02T11:47:13","date_gmt":"2026-03-02T10:47:13","guid":{"rendered":"https:\/\/ds4mmed.uv.es\/?page_id=13270"},"modified":"2026-03-02T11:53:39","modified_gmt":"2026-03-02T10:53:39","slug":"ds4m-mediterraneo-supera-100-entidades-colaboradoras","status":"publish","type":"page","link":"https:\/\/ds4mmed.uv.es\/index.php\/es\/ds4m-mediterraneo-supera-100-entidades-colaboradoras\/","title":{"rendered":"Noticia 35 &#8211; DS4M Mediterr\u00e1neo alcanza un hito hist\u00f3rico: m\u00e1s de 100 entidades impulsan el futuro de la movilidad"},"content":{"rendered":"\t\t<div data-elementor-type=\"wp-page\" data-elementor-id=\"13270\" class=\"elementor elementor-13270\">\n\t\t\t\t<div class=\"elementor-element elementor-element-6c62525 e-flex e-con-boxed e-con e-child\" data-id=\"6c62525\" data-element_type=\"container\" data-e-type=\"container\" data-settings=\"{&quot;background_background&quot;:&quot;classic&quot;}\">\n\t\t\t\t\t<div class=\"e-con-inner\">\n\t\t<div class=\"elementor-element elementor-element-6debc5d e-con-full e-flex e-con e-child\" data-id=\"6debc5d\" data-element_type=\"container\" data-e-type=\"container\">\n\t\t<div class=\"elementor-element elementor-element-3b5bf26 e-con-full e-flex elementor-invisible e-con e-child\" data-id=\"3b5bf26\" data-element_type=\"container\" data-e-type=\"container\" data-settings=\"{&quot;animation&quot;:&quot;fadeInLeft&quot;}\">\n\t\t\t\t<div class=\"elementor-element elementor-element-da9e6f3 elementor-widget elementor-widget-heading\" data-id=\"da9e6f3\" data-element_type=\"widget\" data-e-type=\"widget\" data-widget_type=\"heading.default\">\n\t\t\t\t\t<h1 class=\"elementor-heading-title elementor-size-default\">DS4M Mediterr\u00e1neo alcanza un hito hist\u00f3rico: m\u00e1s de 100 entidades impulsan el futuro de la movilidad<\/h1>\t\t\t\t<\/div>\n\t\t\t\t<div class=\"elementor-element elementor-element-e2a4a87 elementor-icon-list--layout-inline elementor-align-center elementor-list-item-link-full_width elementor-widget elementor-widget-icon-list\" data-id=\"e2a4a87\" data-element_type=\"widget\" data-e-type=\"widget\" data-widget_type=\"icon-list.default\">\n\t\t\t\t\t\t\t<ul class=\"elementor-icon-list-items elementor-inline-items\">\n\t\t\t\t\t\t\t<li class=\"elementor-icon-list-item elementor-inline-item\">\n\t\t\t\t\t\t\t\t\t\t<span class=\"elementor-icon-list-text\">Publicado el 25 de febrero de 2026<\/span>\n\t\t\t\t\t\t\t\t\t<\/li>\n\t\t\t\t\t\t<\/ul>\n\t\t\t\t\t\t<\/div>\n\t\t\t\t<\/div>\n\t\t\t\t<div class=\"elementor-element elementor-element-89ea136 elementor-invisible elementor-widget elementor-widget-image\" data-id=\"89ea136\" data-element_type=\"widget\" data-e-type=\"widget\" data-settings=\"{&quot;_animation&quot;:&quot;fadeInRight&quot;}\" data-widget_type=\"image.default\">\n\t\t\t\t\t\t\t\t\t\t\t\t\t\t\t<img fetchpriority=\"high\" decoding=\"async\" width=\"800\" height=\"1000\" src=\"https:\/\/ds4mmed.uv.es\/wp-content\/uploads\/2026\/03\/Hito100Entidades.jpg\" class=\"attachment-full size-full wp-image-13277\" alt=\"\" srcset=\"https:\/\/ds4mmed.uv.es\/wp-content\/uploads\/2026\/03\/Hito100Entidades.jpg 800w, https:\/\/ds4mmed.uv.es\/wp-content\/uploads\/2026\/03\/Hito100Entidades-240x300.jpg 240w, https:\/\/ds4mmed.uv.es\/wp-content\/uploads\/2026\/03\/Hito100Entidades-768x960.jpg 768w\" sizes=\"(max-width: 800px) 100vw, 800px\" \/>\t\t\t\t\t\t\t\t\t\t\t\t\t\t\t<\/div>\n\t\t\t\t<\/div>\n\t\t<div class=\"elementor-element elementor-element-aac12f8 e-con-full e-flex elementor-invisible e-con e-child\" data-id=\"aac12f8\" data-element_type=\"container\" data-e-type=\"container\" data-settings=\"{&quot;animation&quot;:&quot;fadeInUp&quot;}\">\n\t\t\t\t<div class=\"elementor-element elementor-element-0c8df65 elementor-widget__width-initial elementor-widget-mobile__width-inherit elementor-widget-tablet__width-inherit elementor-widget elementor-widget-text-editor\" data-id=\"0c8df65\" data-element_type=\"widget\" data-e-type=\"widget\" data-widget_type=\"text-editor.default\">\n\t\t\t\t\t\t\t\t\t<div class=\"ewa-rteLine\">\n<h3 data-path-to-node=\"3\">El Data Space for Mobility (DS4M) se consolida como el ecosistema de referencia en el Corredor Mediterr\u00e1neo, uniendo a actores p\u00fablicos y privados bajo un modelo de gobernanza del dato compartido.<\/h3>\n<p data-path-to-node=\"4\">El proyecto <b data-path-to-node=\"4\" data-index-in-node=\"43\">DS4M Mediterr\u00e1neo (Data Space for Mobility)<\/b> celebra un avance significativo en su trayectoria al superar la cifra de <b data-path-to-node=\"4\" data-index-in-node=\"160\">100 entidades colaboradoras<\/b>. Este crecimiento exponencial reafirma la validez de un modelo basado en la cooperaci\u00f3n estrat\u00e9gica para transformar la movilidad regional.<\/p>\n<h3 data-path-to-node=\"5\">Un ecosistema diverso y estrat\u00e9gico<\/h3>\n<p data-path-to-node=\"6\">La red de DS4M Mediterr\u00e1neo no solo destaca por su cantidad, sino por su <b data-path-to-node=\"6\" data-index-in-node=\"73\">transversalidad<\/b>. El proyecto ha logrado integrar a:<\/p>\n<ul data-path-to-node=\"7\">\n<li>\n<p data-path-to-node=\"7,0,0\"><b data-path-to-node=\"7,0,0\" data-index-in-node=\"0\">Administraciones P\u00fablicas:<\/b> Comprometidas con la eficiencia de las infraestructuras.<\/p>\n<\/li>\n<li>\n<p data-path-to-node=\"7,1,0\"><b data-path-to-node=\"7,1,0\" data-index-in-node=\"0\">Empresas Privadas:<\/b> Desde operadores log\u00edsticos hasta desarrolladores tecnol\u00f3gicos.<\/p>\n<\/li>\n<li>\n<p data-path-to-node=\"7,2,0\"><b data-path-to-node=\"7,2,0\" data-index-in-node=\"0\">Centros de Investigaci\u00f3n:<\/b> Aportando la base cient\u00edfica para la toma de decisiones.<\/p>\n<\/li>\n<\/ul>\n<p data-path-to-node=\"8\">Todas estas entidades trabajan conjuntamente para impulsar una movilidad que sea, ante todo, <b data-path-to-node=\"8\" data-index-in-node=\"93\">conectada, eficiente, segura, inclusiva y responsable<\/b>.<\/p>\n<h3 data-path-to-node=\"9\">La gobernanza del dato como eje central<\/h3>\n<p data-path-to-node=\"10\">Llegar a este centenar de colaboradores demuestra que el sector de la movilidad conf\u00eda en la <b data-path-to-node=\"10\" data-index-in-node=\"93\">gobernanza del dato<\/b> como el camino necesario para la innovaci\u00f3n. DS4M Mediterr\u00e1neo ofrece el marco t\u00e9cnico y legal donde compartir informaci\u00f3n de forma segura se traduce en soluciones reales basadas en evidencia.<\/p>\n<p data-path-to-node=\"11\">Este hito demuestra que el modelo de colaboraci\u00f3n es la v\u00eda estrat\u00e9gica para transformar el transporte en el Mediterr\u00e1neo.<\/p>\n<blockquote data-path-to-node=\"17\">\n<p data-path-to-node=\"17,0\">\u00a0<\/p>\n<\/blockquote>\n<\/div>\t\t\t\t\t\t\t\t<\/div>\n\t\t\t\t<\/div>\n\t\t\t\t\t<\/div>\n\t\t\t\t<\/div>\n\t\t\t\t<\/div>\n\t\t","protected":false},"excerpt":{"rendered":"<p>DS4M Mediterr\u00e1neo alcanza un hito hist\u00f3rico: m\u00e1s de 100 entidades impulsan el futuro de la movilidad Publicado el 25 de febrero de 2026 El Data Space for Mobility (DS4M) se consolida como el ecosistema de referencia en el Corredor Mediterr\u00e1neo, uniendo a actores p\u00fablicos y privados bajo un modelo de gobernanza del dato compartido. El [&hellip;]<\/p>\n","protected":false},"author":1,"featured_media":0,"parent":0,"menu_order":0,"comment_status":"closed","ping_status":"closed","template":"","meta":{"footnotes":""},"class_list":["post-13270","page","type-page","status-publish","hentry"],"yoast_head":"<!-- This site is optimized with the Yoast SEO plugin v27.4 - https:\/\/yoast.com\/product\/yoast-seo-wordpress\/ -->\n<title>DS4M Mediterr\u00e1neo alcanza un hito hist\u00f3rico: m\u00e1s de 100 entidades impulsan el futuro de la movilidad<\/title>\n<meta name=\"description\" content=\"El Data Space for Mobility (DS4M) se consolida como el ecosistema de referencia en el Corredor Mediterr\u00e1neo, uniendo a actores p\u00fablicos y privados bajo un modelo de gobernanza del dato compartido.Valencia, 2 de marzo de 2026 \u2013 El proyecto DS4M Mediterr\u00e1neo (Data Space for Mobility) celebra un avance significativo en su trayectoria al superar la cifra de 100 entidades colaboradoras. Este crecimiento exponencial reafirma la validez de un modelo basado en la cooperaci\u00f3n estrat\u00e9gica para transformar la movilidad regional.\" \/>\n<meta name=\"robots\" content=\"index, follow, max-snippet:-1, max-image-preview:large, max-video-preview:-1\" \/>\n<link rel=\"canonical\" href=\"https:\/\/ds4mmed.uv.es\/index.php\/es\/ds4m-mediterraneo-supera-100-entidades-colaboradoras\/\" \/>\n<meta property=\"og:locale\" content=\"es_ES\" \/>\n<meta property=\"og:type\" content=\"article\" \/>\n<meta property=\"og:title\" content=\"DS4M Mediterr\u00e1neo alcanza un hito hist\u00f3rico: m\u00e1s de 100 entidades impulsan el futuro de la movilidad\" \/>\n<meta property=\"og:description\" content=\"El Data Space for Mobility (DS4M) se consolida como el ecosistema de referencia en el Corredor Mediterr\u00e1neo, uniendo a actores p\u00fablicos y privados bajo un modelo de gobernanza del dato compartido.Valencia, 2 de marzo de 2026 \u2013 El proyecto DS4M Mediterr\u00e1neo (Data Space for Mobility) celebra un avance significativo en su trayectoria al superar la cifra de 100 entidades colaboradoras. Este crecimiento exponencial reafirma la validez de un modelo basado en la cooperaci\u00f3n estrat\u00e9gica para transformar la movilidad regional.\" \/>\n<meta property=\"og:url\" content=\"https:\/\/ds4mmed.uv.es\/index.php\/es\/ds4m-mediterraneo-supera-100-entidades-colaboradoras\/\" \/>\n<meta property=\"og:site_name\" content=\"DS4M Mediterr\u00e1neo\" \/>\n<meta property=\"article:modified_time\" content=\"2026-03-02T10:53:39+00:00\" \/>\n<meta property=\"og:image\" content=\"https:\/\/ds4mmed.uv.es\/wp-content\/uploads\/2026\/03\/Hito100Entidades.jpg\" \/>\n\t<meta property=\"og:image:width\" content=\"800\" \/>\n\t<meta property=\"og:image:height\" content=\"1000\" \/>\n\t<meta property=\"og:image:type\" content=\"image\/jpeg\" \/>\n<meta name=\"twitter:card\" content=\"summary_large_image\" \/>\n<meta name=\"twitter:label1\" content=\"Tiempo de lectura\" \/>\n\t<meta name=\"twitter:data1\" content=\"2 minutos\" \/>\n<script type=\"application\/ld+json\" class=\"yoast-schema-graph\">{\"@context\":\"https:\\\/\\\/schema.org\",\"@graph\":[{\"@type\":\"WebPage\",\"@id\":\"https:\\\/\\\/ds4mmed.uv.es\\\/index.php\\\/es\\\/ds4m-mediterraneo-supera-100-entidades-colaboradoras\\\/\",\"url\":\"https:\\\/\\\/ds4mmed.uv.es\\\/index.php\\\/es\\\/ds4m-mediterraneo-supera-100-entidades-colaboradoras\\\/\",\"name\":\"DS4M Mediterr\u00e1neo alcanza un hito hist\u00f3rico: m\u00e1s de 100 entidades impulsan el futuro de la movilidad\",\"isPartOf\":{\"@id\":\"https:\\\/\\\/ds4mmed.uv.es\\\/#website\"},\"primaryImageOfPage\":{\"@id\":\"https:\\\/\\\/ds4mmed.uv.es\\\/index.php\\\/es\\\/ds4m-mediterraneo-supera-100-entidades-colaboradoras\\\/#primaryimage\"},\"image\":{\"@id\":\"https:\\\/\\\/ds4mmed.uv.es\\\/index.php\\\/es\\\/ds4m-mediterraneo-supera-100-entidades-colaboradoras\\\/#primaryimage\"},\"thumbnailUrl\":\"https:\\\/\\\/ds4mmed.uv.es\\\/wp-content\\\/uploads\\\/2026\\\/03\\\/Hito100Entidades.jpg\",\"datePublished\":\"2026-03-02T10:47:13+00:00\",\"dateModified\":\"2026-03-02T10:53:39+00:00\",\"description\":\"El Data Space for Mobility (DS4M) se consolida como el ecosistema de referencia en el Corredor Mediterr\u00e1neo, uniendo a actores p\u00fablicos y privados bajo un modelo de gobernanza del dato compartido.Valencia, 2 de marzo de 2026 \u2013 El proyecto DS4M Mediterr\u00e1neo (Data Space for Mobility) celebra un avance significativo en su trayectoria al superar la cifra de 100 entidades colaboradoras. Este crecimiento exponencial reafirma la validez de un modelo basado en la cooperaci\u00f3n estrat\u00e9gica para transformar la movilidad regional.\",\"breadcrumb\":{\"@id\":\"https:\\\/\\\/ds4mmed.uv.es\\\/index.php\\\/es\\\/ds4m-mediterraneo-supera-100-entidades-colaboradoras\\\/#breadcrumb\"},\"inLanguage\":\"es\",\"potentialAction\":[{\"@type\":\"ReadAction\",\"target\":[\"https:\\\/\\\/ds4mmed.uv.es\\\/index.php\\\/es\\\/ds4m-mediterraneo-supera-100-entidades-colaboradoras\\\/\"]}]},{\"@type\":\"ImageObject\",\"inLanguage\":\"es\",\"@id\":\"https:\\\/\\\/ds4mmed.uv.es\\\/index.php\\\/es\\\/ds4m-mediterraneo-supera-100-entidades-colaboradoras\\\/#primaryimage\",\"url\":\"https:\\\/\\\/ds4mmed.uv.es\\\/wp-content\\\/uploads\\\/2026\\\/03\\\/Hito100Entidades.jpg\",\"contentUrl\":\"https:\\\/\\\/ds4mmed.uv.es\\\/wp-content\\\/uploads\\\/2026\\\/03\\\/Hito100Entidades.jpg\",\"width\":800,\"height\":1000},{\"@type\":\"BreadcrumbList\",\"@id\":\"https:\\\/\\\/ds4mmed.uv.es\\\/index.php\\\/es\\\/ds4m-mediterraneo-supera-100-entidades-colaboradoras\\\/#breadcrumb\",\"itemListElement\":[{\"@type\":\"ListItem\",\"position\":1,\"name\":\"Portada\",\"item\":\"https:\\\/\\\/ds4mmed.uv.es\\\/index.php\\\/es\\\/\"},{\"@type\":\"ListItem\",\"position\":2,\"name\":\"Noticia 35 &#8211; DS4M Mediterr\u00e1neo alcanza un hito hist\u00f3rico: m\u00e1s de 100 entidades impulsan el futuro de la movilidad\"}]},{\"@type\":\"WebSite\",\"@id\":\"https:\\\/\\\/ds4mmed.uv.es\\\/#website\",\"url\":\"https:\\\/\\\/ds4mmed.uv.es\\\/\",\"name\":\"DS4M Mediterr\u00e1neo\",\"description\":\"\",\"publisher\":{\"@id\":\"https:\\\/\\\/ds4mmed.uv.es\\\/#organization\"},\"potentialAction\":[{\"@type\":\"SearchAction\",\"target\":{\"@type\":\"EntryPoint\",\"urlTemplate\":\"https:\\\/\\\/ds4mmed.uv.es\\\/?s={search_term_string}\"},\"query-input\":{\"@type\":\"PropertyValueSpecification\",\"valueRequired\":true,\"valueName\":\"search_term_string\"}}],\"inLanguage\":\"es\"},{\"@type\":\"Organization\",\"@id\":\"https:\\\/\\\/ds4mmed.uv.es\\\/#organization\",\"name\":\"DS4M Mediterr\u00e1neo\",\"url\":\"https:\\\/\\\/ds4mmed.uv.es\\\/\",\"logo\":{\"@type\":\"ImageObject\",\"inLanguage\":\"es\",\"@id\":\"https:\\\/\\\/ds4mmed.uv.es\\\/#\\\/schema\\\/logo\\\/image\\\/\",\"url\":\"https:\\\/\\\/ds4mmed.uv.es\\\/wp-content\\\/uploads\\\/2025\\\/07\\\/Logo-cambio-resolucion-scaled.png\",\"contentUrl\":\"https:\\\/\\\/ds4mmed.uv.es\\\/wp-content\\\/uploads\\\/2025\\\/07\\\/Logo-cambio-resolucion-scaled.png\",\"width\":2560,\"height\":980,\"caption\":\"DS4M Mediterr\u00e1neo\"},\"image\":{\"@id\":\"https:\\\/\\\/ds4mmed.uv.es\\\/#\\\/schema\\\/logo\\\/image\\\/\"}}]}<\/script>\n<!-- \/ Yoast SEO plugin. -->","yoast_head_json":{"title":"DS4M Mediterr\u00e1neo alcanza un hito hist\u00f3rico: m\u00e1s de 100 entidades impulsan el futuro de la movilidad","description":"El Data Space for Mobility (DS4M) se consolida como el ecosistema de referencia en el Corredor Mediterr\u00e1neo, uniendo a actores p\u00fablicos y privados bajo un modelo de gobernanza del dato compartido.Valencia, 2 de marzo de 2026 \u2013 El proyecto DS4M Mediterr\u00e1neo (Data Space for Mobility) celebra un avance significativo en su trayectoria al superar la cifra de 100 entidades colaboradoras. Este crecimiento exponencial reafirma la validez de un modelo basado en la cooperaci\u00f3n estrat\u00e9gica para transformar la movilidad regional.","robots":{"index":"index","follow":"follow","max-snippet":"max-snippet:-1","max-image-preview":"max-image-preview:large","max-video-preview":"max-video-preview:-1"},"canonical":"https:\/\/ds4mmed.uv.es\/index.php\/es\/ds4m-mediterraneo-supera-100-entidades-colaboradoras\/","og_locale":"es_ES","og_type":"article","og_title":"DS4M Mediterr\u00e1neo alcanza un hito hist\u00f3rico: m\u00e1s de 100 entidades impulsan el futuro de la movilidad","og_description":"El Data Space for Mobility (DS4M) se consolida como el ecosistema de referencia en el Corredor Mediterr\u00e1neo, uniendo a actores p\u00fablicos y privados bajo un modelo de gobernanza del dato compartido.Valencia, 2 de marzo de 2026 \u2013 El proyecto DS4M Mediterr\u00e1neo (Data Space for Mobility) celebra un avance significativo en su trayectoria al superar la cifra de 100 entidades colaboradoras. Este crecimiento exponencial reafirma la validez de un modelo basado en la cooperaci\u00f3n estrat\u00e9gica para transformar la movilidad regional.","og_url":"https:\/\/ds4mmed.uv.es\/index.php\/es\/ds4m-mediterraneo-supera-100-entidades-colaboradoras\/","og_site_name":"DS4M Mediterr\u00e1neo","article_modified_time":"2026-03-02T10:53:39+00:00","og_image":[{"width":800,"height":1000,"url":"https:\/\/ds4mmed.uv.es\/wp-content\/uploads\/2026\/03\/Hito100Entidades.jpg","type":"image\/jpeg"}],"twitter_card":"summary_large_image","twitter_misc":{"Tiempo de lectura":"2 minutos"},"schema":{"@context":"https:\/\/schema.org","@graph":[{"@type":"WebPage","@id":"https:\/\/ds4mmed.uv.es\/index.php\/es\/ds4m-mediterraneo-supera-100-entidades-colaboradoras\/","url":"https:\/\/ds4mmed.uv.es\/index.php\/es\/ds4m-mediterraneo-supera-100-entidades-colaboradoras\/","name":"DS4M Mediterr\u00e1neo alcanza un hito hist\u00f3rico: m\u00e1s de 100 entidades impulsan el futuro de la movilidad","isPartOf":{"@id":"https:\/\/ds4mmed.uv.es\/#website"},"primaryImageOfPage":{"@id":"https:\/\/ds4mmed.uv.es\/index.php\/es\/ds4m-mediterraneo-supera-100-entidades-colaboradoras\/#primaryimage"},"image":{"@id":"https:\/\/ds4mmed.uv.es\/index.php\/es\/ds4m-mediterraneo-supera-100-entidades-colaboradoras\/#primaryimage"},"thumbnailUrl":"https:\/\/ds4mmed.uv.es\/wp-content\/uploads\/2026\/03\/Hito100Entidades.jpg","datePublished":"2026-03-02T10:47:13+00:00","dateModified":"2026-03-02T10:53:39+00:00","description":"El Data Space for Mobility (DS4M) se consolida como el ecosistema de referencia en el Corredor Mediterr\u00e1neo, uniendo a actores p\u00fablicos y privados bajo un modelo de gobernanza del dato compartido.Valencia, 2 de marzo de 2026 \u2013 El proyecto DS4M Mediterr\u00e1neo (Data Space for Mobility) celebra un avance significativo en su trayectoria al superar la cifra de 100 entidades colaboradoras. Este crecimiento exponencial reafirma la validez de un modelo basado en la cooperaci\u00f3n estrat\u00e9gica para transformar la movilidad regional.","breadcrumb":{"@id":"https:\/\/ds4mmed.uv.es\/index.php\/es\/ds4m-mediterraneo-supera-100-entidades-colaboradoras\/#breadcrumb"},"inLanguage":"es","potentialAction":[{"@type":"ReadAction","target":["https:\/\/ds4mmed.uv.es\/index.php\/es\/ds4m-mediterraneo-supera-100-entidades-colaboradoras\/"]}]},{"@type":"ImageObject","inLanguage":"es","@id":"https:\/\/ds4mmed.uv.es\/index.php\/es\/ds4m-mediterraneo-supera-100-entidades-colaboradoras\/#primaryimage","url":"https:\/\/ds4mmed.uv.es\/wp-content\/uploads\/2026\/03\/Hito100Entidades.jpg","contentUrl":"https:\/\/ds4mmed.uv.es\/wp-content\/uploads\/2026\/03\/Hito100Entidades.jpg","width":800,"height":1000},{"@type":"BreadcrumbList","@id":"https:\/\/ds4mmed.uv.es\/index.php\/es\/ds4m-mediterraneo-supera-100-entidades-colaboradoras\/#breadcrumb","itemListElement":[{"@type":"ListItem","position":1,"name":"Portada","item":"https:\/\/ds4mmed.uv.es\/index.php\/es\/"},{"@type":"ListItem","position":2,"name":"Noticia 35 &#8211; DS4M Mediterr\u00e1neo alcanza un hito hist\u00f3rico: m\u00e1s de 100 entidades impulsan el futuro de la movilidad"}]},{"@type":"WebSite","@id":"https:\/\/ds4mmed.uv.es\/#website","url":"https:\/\/ds4mmed.uv.es\/","name":"DS4M Mediterr\u00e1neo","description":"","publisher":{"@id":"https:\/\/ds4mmed.uv.es\/#organization"},"potentialAction":[{"@type":"SearchAction","target":{"@type":"EntryPoint","urlTemplate":"https:\/\/ds4mmed.uv.es\/?s={search_term_string}"},"query-input":{"@type":"PropertyValueSpecification","valueRequired":true,"valueName":"search_term_string"}}],"inLanguage":"es"},{"@type":"Organization","@id":"https:\/\/ds4mmed.uv.es\/#organization","name":"DS4M Mediterr\u00e1neo","url":"https:\/\/ds4mmed.uv.es\/","logo":{"@type":"ImageObject","inLanguage":"es","@id":"https:\/\/ds4mmed.uv.es\/#\/schema\/logo\/image\/","url":"https:\/\/ds4mmed.uv.es\/wp-content\/uploads\/2025\/07\/Logo-cambio-resolucion-scaled.png","contentUrl":"https:\/\/ds4mmed.uv.es\/wp-content\/uploads\/2025\/07\/Logo-cambio-resolucion-scaled.png","width":2560,"height":980,"caption":"DS4M Mediterr\u00e1neo"},"image":{"@id":"https:\/\/ds4mmed.uv.es\/#\/schema\/logo\/image\/"}}]}},"_links":{"self":[{"href":"https:\/\/ds4mmed.uv.es\/index.php\/wp-json\/wp\/v2\/pages\/13270","targetHints":{"allow":["GET"]}}],"collection":[{"href":"https:\/\/ds4mmed.uv.es\/index.php\/wp-json\/wp\/v2\/pages"}],"about":[{"href":"https:\/\/ds4mmed.uv.es\/index.php\/wp-json\/wp\/v2\/types\/page"}],"author":[{"embeddable":true,"href":"https:\/\/ds4mmed.uv.es\/index.php\/wp-json\/wp\/v2\/users\/1"}],"replies":[{"embeddable":true,"href":"https:\/\/ds4mmed.uv.es\/index.php\/wp-json\/wp\/v2\/comments?post=13270"}],"version-history":[{"count":7,"href":"https:\/\/ds4mmed.uv.es\/index.php\/wp-json\/wp\/v2\/pages\/13270\/revisions"}],"predecessor-version":[{"id":13284,"href":"https:\/\/ds4mmed.uv.es\/index.php\/wp-json\/wp\/v2\/pages\/13270\/revisions\/13284"}],"wp:attachment":[{"href":"https:\/\/ds4mmed.uv.es\/index.php\/wp-json\/wp\/v2\/media?parent=13270"}],"curies":[{"name":"wp","href":"https:\/\/api.w.org\/{rel}","templated":true}]}}