{"id":11188,"date":"2025-12-17T13:43:50","date_gmt":"2025-12-17T12:43:50","guid":{"rendered":"https:\/\/ds4mmed.uv.es\/?page_id=11188"},"modified":"2025-12-17T13:48:26","modified_gmt":"2025-12-17T12:48:26","slug":"ds4m-mediterraneo-strengthens-its-commitment-to-smart-cities-at-the-smart-cities-forum","status":"publish","type":"page","link":"https:\/\/ds4mmed.uv.es\/index.php\/en\/ds4m-mediterraneo-strengthens-its-commitment-to-smart-cities-at-the-smart-cities-forum\/","title":{"rendered":"Noticia 32 &#8211; DS4M Mediterr\u00e1neo strengthens its commitment to smart cities at the Smart Cities Forum"},"content":{"rendered":"\t\t<div data-elementor-type=\"wp-page\" data-elementor-id=\"11188\" class=\"elementor elementor-11188\">\n\t\t\t\t<div class=\"elementor-element elementor-element-6c62525 e-flex e-con-boxed e-con e-child\" data-id=\"6c62525\" data-element_type=\"container\" data-e-type=\"container\" data-settings=\"{&quot;background_background&quot;:&quot;classic&quot;}\">\n\t\t\t\t\t<div class=\"e-con-inner\">\n\t\t<div class=\"elementor-element elementor-element-6debc5d e-con-full e-flex e-con e-child\" data-id=\"6debc5d\" data-element_type=\"container\" data-e-type=\"container\">\n\t\t<div class=\"elementor-element elementor-element-3b5bf26 e-con-full e-flex elementor-invisible e-con e-child\" data-id=\"3b5bf26\" data-element_type=\"container\" data-e-type=\"container\" data-settings=\"{&quot;animation&quot;:&quot;fadeInLeft&quot;}\">\n\t\t\t\t<div class=\"elementor-element elementor-element-da9e6f3 elementor-widget elementor-widget-heading\" data-id=\"da9e6f3\" data-element_type=\"widget\" data-e-type=\"widget\" data-widget_type=\"heading.default\">\n\t\t\t\t\t<h1 class=\"elementor-heading-title elementor-size-default\">DS4M Mediterr\u00e1neo strengthens its commitment to smart cities at the Smart Cities Forum<\/h1>\t\t\t\t<\/div>\n\t\t\t\t<div class=\"elementor-element elementor-element-e2a4a87 elementor-icon-list--layout-inline elementor-align-center elementor-list-item-link-full_width elementor-widget elementor-widget-icon-list\" data-id=\"e2a4a87\" data-element_type=\"widget\" data-e-type=\"widget\" data-widget_type=\"icon-list.default\">\n\t\t\t\t\t\t\t<ul class=\"elementor-icon-list-items elementor-inline-items\">\n\t\t\t\t\t\t\t<li class=\"elementor-icon-list-item elementor-inline-item\">\n\t\t\t\t\t\t\t\t\t\t<span class=\"elementor-icon-list-text\">Published on December 16, 2025<\/span>\n\t\t\t\t\t\t\t\t\t<\/li>\n\t\t\t\t\t\t<\/ul>\n\t\t\t\t\t\t<\/div>\n\t\t\t\t<\/div>\n\t\t\t\t<div class=\"elementor-element elementor-element-89ea136 elementor-invisible elementor-widget elementor-widget-image\" data-id=\"89ea136\" data-element_type=\"widget\" data-e-type=\"widget\" data-settings=\"{&quot;_animation&quot;:&quot;fadeInRight&quot;}\" data-widget_type=\"image.default\">\n\t\t\t\t\t\t\t\t\t\t\t\t\t\t\t<img fetchpriority=\"high\" decoding=\"async\" width=\"1200\" height=\"1200\" src=\"https:\/\/ds4mmed.uv.es\/wp-content\/uploads\/2025\/12\/Smart-Cities-Forum.png\" class=\"attachment-full size-full wp-image-11172\" alt=\"\" srcset=\"https:\/\/ds4mmed.uv.es\/wp-content\/uploads\/2025\/12\/Smart-Cities-Forum.png 1200w, https:\/\/ds4mmed.uv.es\/wp-content\/uploads\/2025\/12\/Smart-Cities-Forum-300x300.png 300w, https:\/\/ds4mmed.uv.es\/wp-content\/uploads\/2025\/12\/Smart-Cities-Forum-1024x1024.png 1024w, https:\/\/ds4mmed.uv.es\/wp-content\/uploads\/2025\/12\/Smart-Cities-Forum-150x150.png 150w, https:\/\/ds4mmed.uv.es\/wp-content\/uploads\/2025\/12\/Smart-Cities-Forum-768x768.png 768w\" sizes=\"(max-width: 1200px) 100vw, 1200px\" \/>\t\t\t\t\t\t\t\t\t\t\t\t\t\t\t<\/div>\n\t\t\t\t<\/div>\n\t\t<div class=\"elementor-element elementor-element-aac12f8 e-con-full e-flex elementor-invisible e-con e-child\" data-id=\"aac12f8\" data-element_type=\"container\" data-e-type=\"container\" data-settings=\"{&quot;animation&quot;:&quot;fadeInUp&quot;}\">\n\t\t\t\t<div class=\"elementor-element elementor-element-0c8df65 elementor-widget__width-initial elementor-widget-mobile__width-inherit elementor-widget-tablet__width-inherit elementor-widget elementor-widget-text-editor\" data-id=\"0c8df65\" data-element_type=\"widget\" data-e-type=\"widget\" data-widget_type=\"text-editor.default\">\n\t\t\t\t\t\t\t\t\t<div class=\"ewa-rteLine\"><div class=\"ewa-rteLine\"><div class=\"ewa-rteLine\"><p data-start=\"1869\" data-end=\"2140\">On December 16, part of the DS4M Mediterr\u00e1neo project team participated in the Smart Cities Forum, organized by the Valencia Young Entrepreneurs Association (AJEV), an event focused on the role of data, innovation, and digitalization in the development of smart cities.<\/p><p data-start=\"2142\" data-end=\"2424\">During the event, Francisco Alonso, director of INTRAS, presented the DS4M Mediterr\u00e1neo project, highlighting the importance of mobility Data Spaces as a strategic tool to advance towards smarter, more sustainable mobility based on collaboration between public and private actors.<\/p><p data-start=\"2426\" data-end=\"2815\">The forum brought together prominent representatives from the institutional, business, and technological ecosystem, including Paz Navarro (AJEV), Ana Castellano (Fundaci\u00f3n Repsol), and Juan Bueno (Movea Consulting), as well as leaders and experts such as Ernesto Faubel, Paco Gavil\u00e1n, Antonio Garc\u00eda, Jos\u00e9 Guill\u00e9n Parra, Daniel Bab\u00edo, Pablo Arjona, Isabel Ferrer, and Juan Manuel Garc\u00eda.<\/p><p data-start=\"2817\" data-end=\"3167\">Additionally, a dialogue focused on emissions reduction was held, featuring Mar\u00eda Sol\u00eds, Lola Sebasti\u00e1n, Francisco Alonso, Miguel \u00c1ngel Juan, and Daniel Nieto, moderated by Jaime Ruiz, where visions and solutions were shared to advance towards more sustainable cities. The session was closed by Paula Llobet, Councilor of the Valencia City Council.<\/p><p data-start=\"3169\" data-end=\"3343\">At DS4M Mediterr\u00e1neo, we continue working to promote the use of data as a driver for safer, more efficient mobility aligned with the challenges of the cities of the future.<\/p><\/div><\/div><\/div>\t\t\t\t\t\t\t\t<\/div>\n\t\t\t\t<\/div>\n\t\t\t\t\t<\/div>\n\t\t\t\t<\/div>\n\t\t\t\t<\/div>\n\t\t","protected":false},"excerpt":{"rendered":"<p>DS4M Mediterr\u00e1neo strengthens its commitment to smart cities at the Smart Cities Forum Published on December 16, 2025 On December 16, part of the DS4M Mediterr\u00e1neo project team participated in the Smart Cities Forum, organized by the Valencia Young Entrepreneurs Association (AJEV), an event focused on the role of data, innovation, and digitalization in the [&hellip;]<\/p>\n","protected":false},"author":1,"featured_media":0,"parent":0,"menu_order":0,"comment_status":"closed","ping_status":"closed","template":"","meta":{"footnotes":""},"class_list":["post-11188","page","type-page","status-publish","hentry"],"yoast_head":"<!-- This site is optimized with the Yoast SEO plugin v27.4 - https:\/\/yoast.com\/product\/yoast-seo-wordpress\/ -->\n<title>DS4M Mediterr\u00e1neo: DS4M Mediterr\u00e1neo strengthens its commitment to smart cities at the Smart Cities Forum<\/title>\n<meta name=\"description\" content=\"On December 16, part of the DS4M Mediterr\u00e1neo project team participated in the Smart Cities Forum, organized by the Valencia Young Entrepreneurs Association (AJEV), an event focused on the role of data, innovation, and digitalization in the development of smart cities.\" \/>\n<meta name=\"robots\" content=\"index, follow, max-snippet:-1, max-image-preview:large, max-video-preview:-1\" \/>\n<link rel=\"canonical\" href=\"https:\/\/ds4mmed.uv.es\/index.php\/en\/ds4m-mediterraneo-strengthens-its-commitment-to-smart-cities-at-the-smart-cities-forum\/\" \/>\n<meta property=\"og:locale\" content=\"es_ES\" \/>\n<meta property=\"og:type\" content=\"article\" \/>\n<meta property=\"og:title\" content=\"DS4M Mediterr\u00e1neo: DS4M Mediterr\u00e1neo strengthens its commitment to smart cities at the Smart Cities Forum\" \/>\n<meta property=\"og:description\" content=\"On December 16, part of the DS4M Mediterr\u00e1neo project team participated in the Smart Cities Forum, organized by the Valencia Young Entrepreneurs Association (AJEV), an event focused on the role of data, innovation, and digitalization in the development of smart cities.\" \/>\n<meta property=\"og:url\" content=\"https:\/\/ds4mmed.uv.es\/index.php\/en\/ds4m-mediterraneo-strengthens-its-commitment-to-smart-cities-at-the-smart-cities-forum\/\" \/>\n<meta property=\"og:site_name\" content=\"DS4M Mediterr\u00e1neo\" \/>\n<meta property=\"article:modified_time\" content=\"2025-12-17T12:48:26+00:00\" \/>\n<meta property=\"og:image\" content=\"https:\/\/ds4mmed.uv.es\/wp-content\/uploads\/2025\/12\/Smart-Cities-Forum.png\" \/>\n<meta name=\"twitter:card\" content=\"summary_large_image\" \/>\n<meta name=\"twitter:label1\" content=\"Tiempo de lectura\" \/>\n\t<meta name=\"twitter:data1\" content=\"2 minutos\" \/>\n<script type=\"application\/ld+json\" class=\"yoast-schema-graph\">{\"@context\":\"https:\\\/\\\/schema.org\",\"@graph\":[{\"@type\":\"WebPage\",\"@id\":\"https:\\\/\\\/ds4mmed.uv.es\\\/index.php\\\/en\\\/ds4m-mediterraneo-strengthens-its-commitment-to-smart-cities-at-the-smart-cities-forum\\\/\",\"url\":\"https:\\\/\\\/ds4mmed.uv.es\\\/index.php\\\/en\\\/ds4m-mediterraneo-strengthens-its-commitment-to-smart-cities-at-the-smart-cities-forum\\\/\",\"name\":\"DS4M Mediterr\u00e1neo: DS4M Mediterr\u00e1neo strengthens its commitment to smart cities at the Smart Cities Forum\",\"isPartOf\":{\"@id\":\"https:\\\/\\\/ds4mmed.uv.es\\\/#website\"},\"primaryImageOfPage\":{\"@id\":\"https:\\\/\\\/ds4mmed.uv.es\\\/index.php\\\/en\\\/ds4m-mediterraneo-strengthens-its-commitment-to-smart-cities-at-the-smart-cities-forum\\\/#primaryimage\"},\"image\":{\"@id\":\"https:\\\/\\\/ds4mmed.uv.es\\\/index.php\\\/en\\\/ds4m-mediterraneo-strengthens-its-commitment-to-smart-cities-at-the-smart-cities-forum\\\/#primaryimage\"},\"thumbnailUrl\":\"https:\\\/\\\/ds4mmed.uv.es\\\/wp-content\\\/uploads\\\/2025\\\/12\\\/Smart-Cities-Forum.png\",\"datePublished\":\"2025-12-17T12:43:50+00:00\",\"dateModified\":\"2025-12-17T12:48:26+00:00\",\"description\":\"On December 16, part of the DS4M Mediterr\u00e1neo project team participated in the Smart Cities Forum, organized by the Valencia Young Entrepreneurs Association (AJEV), an event focused on the role of data, innovation, and digitalization in the development of smart cities.\",\"breadcrumb\":{\"@id\":\"https:\\\/\\\/ds4mmed.uv.es\\\/index.php\\\/en\\\/ds4m-mediterraneo-strengthens-its-commitment-to-smart-cities-at-the-smart-cities-forum\\\/#breadcrumb\"},\"inLanguage\":\"es\",\"potentialAction\":[{\"@type\":\"ReadAction\",\"target\":[\"https:\\\/\\\/ds4mmed.uv.es\\\/index.php\\\/en\\\/ds4m-mediterraneo-strengthens-its-commitment-to-smart-cities-at-the-smart-cities-forum\\\/\"]}]},{\"@type\":\"ImageObject\",\"inLanguage\":\"es\",\"@id\":\"https:\\\/\\\/ds4mmed.uv.es\\\/index.php\\\/en\\\/ds4m-mediterraneo-strengthens-its-commitment-to-smart-cities-at-the-smart-cities-forum\\\/#primaryimage\",\"url\":\"https:\\\/\\\/ds4mmed.uv.es\\\/wp-content\\\/uploads\\\/2025\\\/12\\\/Smart-Cities-Forum.png\",\"contentUrl\":\"https:\\\/\\\/ds4mmed.uv.es\\\/wp-content\\\/uploads\\\/2025\\\/12\\\/Smart-Cities-Forum.png\",\"width\":1200,\"height\":1200},{\"@type\":\"BreadcrumbList\",\"@id\":\"https:\\\/\\\/ds4mmed.uv.es\\\/index.php\\\/en\\\/ds4m-mediterraneo-strengthens-its-commitment-to-smart-cities-at-the-smart-cities-forum\\\/#breadcrumb\",\"itemListElement\":[{\"@type\":\"ListItem\",\"position\":1,\"name\":\"Portada\",\"item\":\"https:\\\/\\\/ds4mmed.uv.es\\\/index.php\\\/es\\\/\"},{\"@type\":\"ListItem\",\"position\":2,\"name\":\"Noticia 32 &#8211; DS4M Mediterr\u00e1neo strengthens its commitment to smart cities at the Smart Cities Forum\"}]},{\"@type\":\"WebSite\",\"@id\":\"https:\\\/\\\/ds4mmed.uv.es\\\/#website\",\"url\":\"https:\\\/\\\/ds4mmed.uv.es\\\/\",\"name\":\"DS4M Mediterr\u00e1neo\",\"description\":\"\",\"publisher\":{\"@id\":\"https:\\\/\\\/ds4mmed.uv.es\\\/#organization\"},\"potentialAction\":[{\"@type\":\"SearchAction\",\"target\":{\"@type\":\"EntryPoint\",\"urlTemplate\":\"https:\\\/\\\/ds4mmed.uv.es\\\/?s={search_term_string}\"},\"query-input\":{\"@type\":\"PropertyValueSpecification\",\"valueRequired\":true,\"valueName\":\"search_term_string\"}}],\"inLanguage\":\"es\"},{\"@type\":\"Organization\",\"@id\":\"https:\\\/\\\/ds4mmed.uv.es\\\/#organization\",\"name\":\"DS4M Mediterr\u00e1neo\",\"url\":\"https:\\\/\\\/ds4mmed.uv.es\\\/\",\"logo\":{\"@type\":\"ImageObject\",\"inLanguage\":\"es\",\"@id\":\"https:\\\/\\\/ds4mmed.uv.es\\\/#\\\/schema\\\/logo\\\/image\\\/\",\"url\":\"https:\\\/\\\/ds4mmed.uv.es\\\/wp-content\\\/uploads\\\/2025\\\/07\\\/Logo-cambio-resolucion-scaled.png\",\"contentUrl\":\"https:\\\/\\\/ds4mmed.uv.es\\\/wp-content\\\/uploads\\\/2025\\\/07\\\/Logo-cambio-resolucion-scaled.png\",\"width\":2560,\"height\":980,\"caption\":\"DS4M Mediterr\u00e1neo\"},\"image\":{\"@id\":\"https:\\\/\\\/ds4mmed.uv.es\\\/#\\\/schema\\\/logo\\\/image\\\/\"}}]}<\/script>\n<!-- \/ Yoast SEO plugin. -->","yoast_head_json":{"title":"DS4M Mediterr\u00e1neo: DS4M Mediterr\u00e1neo strengthens its commitment to smart cities at the Smart Cities Forum","description":"On December 16, part of the DS4M Mediterr\u00e1neo project team participated in the Smart Cities Forum, organized by the Valencia Young Entrepreneurs Association (AJEV), an event focused on the role of data, innovation, and digitalization in the development of smart cities.","robots":{"index":"index","follow":"follow","max-snippet":"max-snippet:-1","max-image-preview":"max-image-preview:large","max-video-preview":"max-video-preview:-1"},"canonical":"https:\/\/ds4mmed.uv.es\/index.php\/en\/ds4m-mediterraneo-strengthens-its-commitment-to-smart-cities-at-the-smart-cities-forum\/","og_locale":"es_ES","og_type":"article","og_title":"DS4M Mediterr\u00e1neo: DS4M Mediterr\u00e1neo strengthens its commitment to smart cities at the Smart Cities Forum","og_description":"On December 16, part of the DS4M Mediterr\u00e1neo project team participated in the Smart Cities Forum, organized by the Valencia Young Entrepreneurs Association (AJEV), an event focused on the role of data, innovation, and digitalization in the development of smart cities.","og_url":"https:\/\/ds4mmed.uv.es\/index.php\/en\/ds4m-mediterraneo-strengthens-its-commitment-to-smart-cities-at-the-smart-cities-forum\/","og_site_name":"DS4M Mediterr\u00e1neo","article_modified_time":"2025-12-17T12:48:26+00:00","og_image":[{"url":"https:\/\/ds4mmed.uv.es\/wp-content\/uploads\/2025\/12\/Smart-Cities-Forum.png","type":"","width":"","height":""}],"twitter_card":"summary_large_image","twitter_misc":{"Tiempo de lectura":"2 minutos"},"schema":{"@context":"https:\/\/schema.org","@graph":[{"@type":"WebPage","@id":"https:\/\/ds4mmed.uv.es\/index.php\/en\/ds4m-mediterraneo-strengthens-its-commitment-to-smart-cities-at-the-smart-cities-forum\/","url":"https:\/\/ds4mmed.uv.es\/index.php\/en\/ds4m-mediterraneo-strengthens-its-commitment-to-smart-cities-at-the-smart-cities-forum\/","name":"DS4M Mediterr\u00e1neo: DS4M Mediterr\u00e1neo strengthens its commitment to smart cities at the Smart Cities Forum","isPartOf":{"@id":"https:\/\/ds4mmed.uv.es\/#website"},"primaryImageOfPage":{"@id":"https:\/\/ds4mmed.uv.es\/index.php\/en\/ds4m-mediterraneo-strengthens-its-commitment-to-smart-cities-at-the-smart-cities-forum\/#primaryimage"},"image":{"@id":"https:\/\/ds4mmed.uv.es\/index.php\/en\/ds4m-mediterraneo-strengthens-its-commitment-to-smart-cities-at-the-smart-cities-forum\/#primaryimage"},"thumbnailUrl":"https:\/\/ds4mmed.uv.es\/wp-content\/uploads\/2025\/12\/Smart-Cities-Forum.png","datePublished":"2025-12-17T12:43:50+00:00","dateModified":"2025-12-17T12:48:26+00:00","description":"On December 16, part of the DS4M Mediterr\u00e1neo project team participated in the Smart Cities Forum, organized by the Valencia Young Entrepreneurs Association (AJEV), an event focused on the role of data, innovation, and digitalization in the development of smart cities.","breadcrumb":{"@id":"https:\/\/ds4mmed.uv.es\/index.php\/en\/ds4m-mediterraneo-strengthens-its-commitment-to-smart-cities-at-the-smart-cities-forum\/#breadcrumb"},"inLanguage":"es","potentialAction":[{"@type":"ReadAction","target":["https:\/\/ds4mmed.uv.es\/index.php\/en\/ds4m-mediterraneo-strengthens-its-commitment-to-smart-cities-at-the-smart-cities-forum\/"]}]},{"@type":"ImageObject","inLanguage":"es","@id":"https:\/\/ds4mmed.uv.es\/index.php\/en\/ds4m-mediterraneo-strengthens-its-commitment-to-smart-cities-at-the-smart-cities-forum\/#primaryimage","url":"https:\/\/ds4mmed.uv.es\/wp-content\/uploads\/2025\/12\/Smart-Cities-Forum.png","contentUrl":"https:\/\/ds4mmed.uv.es\/wp-content\/uploads\/2025\/12\/Smart-Cities-Forum.png","width":1200,"height":1200},{"@type":"BreadcrumbList","@id":"https:\/\/ds4mmed.uv.es\/index.php\/en\/ds4m-mediterraneo-strengthens-its-commitment-to-smart-cities-at-the-smart-cities-forum\/#breadcrumb","itemListElement":[{"@type":"ListItem","position":1,"name":"Portada","item":"https:\/\/ds4mmed.uv.es\/index.php\/es\/"},{"@type":"ListItem","position":2,"name":"Noticia 32 &#8211; DS4M Mediterr\u00e1neo strengthens its commitment to smart cities at the Smart Cities Forum"}]},{"@type":"WebSite","@id":"https:\/\/ds4mmed.uv.es\/#website","url":"https:\/\/ds4mmed.uv.es\/","name":"DS4M Mediterr\u00e1neo","description":"","publisher":{"@id":"https:\/\/ds4mmed.uv.es\/#organization"},"potentialAction":[{"@type":"SearchAction","target":{"@type":"EntryPoint","urlTemplate":"https:\/\/ds4mmed.uv.es\/?s={search_term_string}"},"query-input":{"@type":"PropertyValueSpecification","valueRequired":true,"valueName":"search_term_string"}}],"inLanguage":"es"},{"@type":"Organization","@id":"https:\/\/ds4mmed.uv.es\/#organization","name":"DS4M Mediterr\u00e1neo","url":"https:\/\/ds4mmed.uv.es\/","logo":{"@type":"ImageObject","inLanguage":"es","@id":"https:\/\/ds4mmed.uv.es\/#\/schema\/logo\/image\/","url":"https:\/\/ds4mmed.uv.es\/wp-content\/uploads\/2025\/07\/Logo-cambio-resolucion-scaled.png","contentUrl":"https:\/\/ds4mmed.uv.es\/wp-content\/uploads\/2025\/07\/Logo-cambio-resolucion-scaled.png","width":2560,"height":980,"caption":"DS4M Mediterr\u00e1neo"},"image":{"@id":"https:\/\/ds4mmed.uv.es\/#\/schema\/logo\/image\/"}}]}},"_links":{"self":[{"href":"https:\/\/ds4mmed.uv.es\/index.php\/wp-json\/wp\/v2\/pages\/11188","targetHints":{"allow":["GET"]}}],"collection":[{"href":"https:\/\/ds4mmed.uv.es\/index.php\/wp-json\/wp\/v2\/pages"}],"about":[{"href":"https:\/\/ds4mmed.uv.es\/index.php\/wp-json\/wp\/v2\/types\/page"}],"author":[{"embeddable":true,"href":"https:\/\/ds4mmed.uv.es\/index.php\/wp-json\/wp\/v2\/users\/1"}],"replies":[{"embeddable":true,"href":"https:\/\/ds4mmed.uv.es\/index.php\/wp-json\/wp\/v2\/comments?post=11188"}],"version-history":[{"count":4,"href":"https:\/\/ds4mmed.uv.es\/index.php\/wp-json\/wp\/v2\/pages\/11188\/revisions"}],"predecessor-version":[{"id":11192,"href":"https:\/\/ds4mmed.uv.es\/index.php\/wp-json\/wp\/v2\/pages\/11188\/revisions\/11192"}],"wp:attachment":[{"href":"https:\/\/ds4mmed.uv.es\/index.php\/wp-json\/wp\/v2\/media?parent=11188"}],"curies":[{"name":"wp","href":"https:\/\/api.w.org\/{rel}","templated":true}]}}